{"id":102922,"date":"2026-02-25T10:59:37","date_gmt":"2026-02-25T09:59:37","guid":{"rendered":"https:\/\/comprardevoluciones.com\/?post_type=product&#038;p=102922"},"modified":"2026-02-25T10:31:33","modified_gmt":"2026-02-25T09:31:33","slug":"25200336","status":"publish","type":"product","link":"https:\/\/comprardevoluciones.com\/de\/producto\/25200336\/","title":{"rendered":"Pal\u00e9 de Cuidado Personal [25 productos] (25200336)"},"content":{"rendered":"<p>Descripci\u00f3n y valor aproximados<\/p>\n<table>\n<tbody>\n<tr>\n<td><strong>FUENTE<\/strong><\/td>\n<td><strong>PRODUCTO<\/strong><\/td>\n<td><strong>VALOR (\u20ac)<\/strong><\/td>\n<td><strong>PAGAS (\u20ac)<\/strong><\/td>\n<\/tr>\n<tr>\n<td>AMAZON<\/td>\n<td><a class=\"ljoptimizer\" href=\"https:\/\/www.amazon.es\/dp\/B0B8G6S7YC?tag=amazon087683-21&amp;th=1\" target=\"_blank\" rel=\"nofollow noopener\">QUIRUMED Camilla de Masaje Plegable de Aluminio Easy Force, Color Azul, Mesa de Masaje, Polipiel, Relleno Alta Densidad, Regulable en Altura, Cabezal extra\u00edble, Ligera, hasta 210 kg<\/a><\/td>\n<td>234 \u20ac<\/td>\n<td>54 \u20ac<\/td>\n<\/tr>\n<tr>\n<td>AMAZON<\/td>\n<td><a class=\"ljoptimizer\" href=\"https:\/\/www.amazon.es\/dp\/B07DCLHKP7?tag=amazon087683-21&amp;th=1\" target=\"_blank\" rel=\"nofollow noopener\">HoMedics Silla Masajeadora Para Espalda y Cuello con Nodos de Gel, Asiento masajeador Homedics con Calor para espalda y cuello<\/a><\/td>\n<td>222 \u20ac<\/td>\n<td>51 \u20ac<\/td>\n<\/tr>\n<tr>\n<td>AMAZON<\/td>\n<td><a class=\"ljoptimizer\" href=\"https:\/\/www.amazon.es\/dp\/B0084LF0L6?tag=amazon087683-21&amp;th=1\" target=\"_blank\" rel=\"nofollow noopener\">Withings Smart Body Analyzer &#8211; B\u00e1scula multifunci\u00f3n con Wi-Fi, color blanco<\/a><\/td>\n<td>177 \u20ac<\/td>\n<td>41 \u20ac<\/td>\n<\/tr>\n<tr>\n<td>AMAZON<\/td>\n<td><a class=\"ljoptimizer\" href=\"https:\/\/www.amazon.es\/dp\/B0B8FWYTRF?tag=amazon087683-21&amp;th=1\" target=\"_blank\" rel=\"nofollow noopener\">QUIRUMED Camilla de Masaje Plegable de Aluminio Easy, Color Rojo, 186 x 66 cm, Mesa de Masaje, Polipiel, Ligera, Port\u00e1til, Regulaci\u00f3n de Altura telesc\u00f3pica, hasta 140 kg<\/a><\/td>\n<td>144 \u20ac<\/td>\n<td>33 \u20ac<\/td>\n<\/tr>\n<tr>\n<td>AMAZON<\/td>\n<td><a class=\"ljoptimizer\" href=\"https:\/\/www.amazon.es\/dp\/B08N6FMZZY?tag=amazon087683-21&amp;th=1\" target=\"_blank\" rel=\"nofollow noopener\">Comfier Colchoneta de Masaje Cuerpo Completo con calefacci\u00f3n, Masajeador de Espalda con Almohada de Masaje Shiatsu Desmontable para el Cuello, 10 Motores vibradores, 4 Almohadillas t\u00e9rmicas<\/a><\/td>\n<td>128 \u20ac<\/td>\n<td>29 \u20ac<\/td>\n<\/tr>\n<tr>\n<td>AMAZON<\/td>\n<td><a class=\"ljoptimizer\" href=\"https:\/\/www.amazon.es\/dp\/B0BQ17LF1X?tag=amazon087683-21&amp;th=1\" target=\"_blank\" rel=\"nofollow noopener\">Cecotec Cepillo de Aire Secador Moldeador Alisador Multifunci\u00f3n 8 Cabezales CeramicCare AirGlam Aluminium. 1400W, Tecnolog\u00eda Coanda, 3 Velocidades, 3 Temperaturas, Control Inteligente Calor, 110000rpm<\/a><\/td>\n<td>105 \u20ac<\/td>\n<td>24 \u20ac<\/td>\n<\/tr>\n<tr>\n<td>AMAZON<\/td>\n<td><a class=\"ljoptimizer\" href=\"https:\/\/www.amazon.es\/dp\/B0BQ17LF1X?tag=amazon087683-21&amp;th=1\" target=\"_blank\" rel=\"nofollow noopener\">Cecotec Cepillo de Aire Secador Moldeador Alisador Multifunci\u00f3n 8 Cabezales CeramicCare AirGlam Aluminium. 1400W, Tecnolog\u00eda Coanda, 3 Velocidades, 3 Temperaturas, Control Inteligente Calor, 110000rpm<\/a><\/td>\n<td>105 \u20ac<\/td>\n<td>24 \u20ac<\/td>\n<\/tr>\n<tr>\n<td>AMAZON<\/td>\n<td><a class=\"ljoptimizer\" href=\"https:\/\/www.amazon.es\/dp\/B0CXTQG1NT?tag=amazon087683-21&amp;th=1\" target=\"_blank\" rel=\"nofollow noopener\">Cecotec Cepillo de Aire Secador Moldeador Alisador Multifunci\u00f3n 8 Cabezales CeramicCare AirGlam Champagne. 1400W, Tecnolog\u00eda Coanda, 3 Velocidades, 3 Temperaturas, Control Inteligente Calor, 110000rpm<\/a><\/td>\n<td>105 \u20ac<\/td>\n<td>24 \u20ac<\/td>\n<\/tr>\n<tr>\n<td>AMAZON<\/td>\n<td><a class=\"ljoptimizer\" href=\"https:\/\/www.amazon.es\/dp\/B0BPYTZWF5?tag=amazon087683-21&amp;th=1\" target=\"_blank\" rel=\"nofollow noopener\">Cecotec Cepillo de Aire Secador Moldeador Alisador Multifunci\u00f3n 8 Cabezales CeramicCare AirGlam Blue. 1400W, Tecnolog\u00eda Coanda, 3 Velocidades, 3 Temperaturas, Control Inteligente Calor, 110000rpm<\/a><\/td>\n<td>105 \u20ac<\/td>\n<td>24 \u20ac<\/td>\n<\/tr>\n<tr>\n<td>AMAZON<\/td>\n<td><a class=\"ljoptimizer\" href=\"https:\/\/www.amazon.es\/dp\/B0DHR5ZTDJ?tag=amazon087683-21&amp;th=1\" target=\"_blank\" rel=\"nofollow noopener\">Reverso de Rowenta, Secador de Pelo y Cepillo de Aire Caliente 2 en 1, Peinado y Secado, Cambio con un Click, Funci\u00f3n Care, CF9820F0<\/a><\/td>\n<td>80 \u20ac<\/td>\n<td>18 \u20ac<\/td>\n<\/tr>\n<tr>\n<td>AMAZON<\/td>\n<td><a class=\"ljoptimizer\" href=\"https:\/\/www.amazon.es\/dp\/B0B99BRG28?tag=amazon087683-21&amp;th=1\" target=\"_blank\" rel=\"nofollow noopener\">Snailax masajeador de pies Shiatsu con Calor, Nudos de Masaje Flexibles para Todos los tama\u00f1os de pies, analg\u00e9sico el\u00e9ctrico<\/a><\/td>\n<td>80 \u20ac<\/td>\n<td>18 \u20ac<\/td>\n<\/tr>\n<tr>\n<td>AMAZON<\/td>\n<td><a class=\"ljoptimizer\" href=\"https:\/\/www.amazon.es\/dp\/B0BLCXY3J8?tag=amazon087683-21&amp;th=1\" target=\"_blank\" rel=\"nofollow noopener\">Imetec CaldoPlaid Elegance, Plaid Riscaldabile, Morbida Coperta Elettrica, 180&#215;140 cm, Tessuto Double Face, Risparmio Energetico, Tecnologia Adapto, Rapido Riscaldamento, 6 Temperature, Lavabile<\/a><\/td>\n<td>77 \u20ac<\/td>\n<td>18 \u20ac<\/td>\n<\/tr>\n<tr>\n<td>AMAZON<\/td>\n<td><a class=\"ljoptimizer\" href=\"https:\/\/www.amazon.es\/dp\/B07ZHFJTDJ?tag=amazon087683-21&amp;th=1\" target=\"_blank\" rel=\"nofollow noopener\">medisana HU 676 XXL-W\u00e4rmeunterbett King Size mit 2 Bedienelementen, 150 x 160 cm, Abschaltautomatik, mit \u00dcberhitzungsschutz, 4 Temperaturstufen, waschbar, Bettw\u00e4rmer f\u00fcr alle g\u00e4ngigen Matratzen<\/a><\/td>\n<td>74 \u20ac<\/td>\n<td>17 \u20ac<\/td>\n<\/tr>\n<tr>\n<td>AMAZON<\/td>\n<td><a class=\"ljoptimizer\" href=\"https:\/\/www.amazon.es\/dp\/B0BYYYJFM5?tag=amazon087683-21&amp;th=1\" target=\"_blank\" rel=\"nofollow noopener\">Comfier Shiatsu Masajeador El\u00e9ctrico de Pies con Calor, Vibraci\u00f3n, Rodillos y Compresi\u00f3n de Aire, Masaje Shiatsu de Pies para Fascitis Plantar y Alivio del Dolor, Regalos para Mam\u00e1, Pap\u00e1<\/a><\/td>\n<td>70 \u20ac<\/td>\n<td>16 \u20ac<\/td>\n<\/tr>\n<tr>\n<td>AMAZON<\/td>\n<td><a class=\"ljoptimizer\" href=\"https:\/\/www.amazon.es\/dp\/B014Q1P1QG?tag=amazon087683-21&amp;th=1\" target=\"_blank\" rel=\"nofollow noopener\">Homedics Ba\u00f1era Spa masajeador para Pies 4 en 1, Hidromasaje para pies, Terapia Magn\u00e9tica, Vibraci\u00f3n y Calor, Accesorios pedicura<\/a><\/td>\n<td>60 \u20ac<\/td>\n<td>14 \u20ac<\/td>\n<\/tr>\n<tr>\n<td>AMAZON<\/td>\n<td><a class=\"ljoptimizer\" href=\"https:\/\/www.amazon.es\/dp\/B07L8PW81Z?tag=amazon087683-21&amp;th=1\" target=\"_blank\" rel=\"nofollow noopener\">RENPHO Fu\u00dfmassageger\u00e4t mit W\u00e4rme, Shiatsu Elektrisches Fu\u00dfmassageger\u00e4t Einstellbare Massagegeschwindigkeit, Fussmassageger\u00e4t<\/a><\/td>\n<td>59 \u20ac<\/td>\n<td>14 \u20ac<\/td>\n<\/tr>\n<tr>\n<td>AMAZON<\/td>\n<td><a class=\"ljoptimizer\" href=\"https:\/\/www.amazon.es\/dp\/B0CYQ6P5XY?tag=amazon087683-21&amp;th=1\" target=\"_blank\" rel=\"nofollow noopener\">Mobiclinic\u00ae Fitness, Ba\u00f1era de Hielo, 350l, Recuperaci\u00f3n Muscular, para Deportistas, 83x83x75cm, Artic, Port\u00e1til, Terapia Dual, Bolsa Transporte, Coj\u00edn Inflable y Tapa, Borde<\/a><\/td>\n<td>56 \u20ac<\/td>\n<td>13 \u20ac<\/td>\n<\/tr>\n<tr>\n<td>AMAZON<\/td>\n<td><a class=\"ljoptimizer\" href=\"https:\/\/www.amazon.es\/dp\/B071CX5YD4?tag=amazon087683-21&amp;th=1\" target=\"_blank\" rel=\"nofollow noopener\">Andador plegable, Caminador regulable en altura con 4 puntas<\/a><\/td>\n<td>56 \u20ac<\/td>\n<td>13 \u20ac<\/td>\n<\/tr>\n<tr>\n<td>AMAZON<\/td>\n<td><a class=\"ljoptimizer\" href=\"https:\/\/www.amazon.es\/dp\/B005WU8WQW?tag=amazon087683-21&amp;th=1\" target=\"_blank\" rel=\"nofollow noopener\">TANITA BC-730 Monitor de Composici\u00f3n Corporal Ligero y Compacto con Escaneo Interno Pantalla F\u00e1cil de Leer 9 Medidas, Vidrio templado, Blanco<\/a><\/td>\n<td>55 \u20ac<\/td>\n<td>13 \u20ac<\/td>\n<\/tr>\n<tr>\n<td>AMAZON<\/td>\n<td><a class=\"ljoptimizer\" href=\"https:\/\/www.amazon.es\/dp\/B0CSYYY7LX?tag=amazon087683-21&amp;th=1\" target=\"_blank\" rel=\"nofollow noopener\">VEVOR Marco de Inodoro Plegable y Seguro Barra de Agarre para Inodoro de Ancho y Altura Ajustables con Reposabrazos de Aleaci\u00f3n de Aluminio Carga 136kg para Ba\u00f1o de Ancianos Embarazadas Discapacitados<\/a><\/td>\n<td>49 \u20ac<\/td>\n<td>11 \u20ac<\/td>\n<\/tr>\n<tr>\n<td>AMAZON<\/td>\n<td><a class=\"ljoptimizer\" href=\"https:\/\/www.amazon.es\/dp\/B08V1C99RD?tag=amazon087683-21&amp;th=1\" target=\"_blank\" rel=\"nofollow noopener\">OrtoPrime Elevador WC Adulto con Reposabrazos Acolchados &#8211; Elevadores WC Altura 12 cm &#8211; Alza para wc Inodoro Ba\u00f1o Adaptado &#8211; Alzador WC Adulto con Sujeci\u00f3n de Seguridad &#8211; Elevador WC Ortop\u00e9dico<\/a><\/td>\n<td>44 \u20ac<\/td>\n<td>10 \u20ac<\/td>\n<\/tr>\n<tr>\n<td>AMAZON<\/td>\n<td><a class=\"ljoptimizer\" href=\"https:\/\/www.amazon.es\/dp\/B0BPYXJY78?tag=amazon087683-21&amp;th=1\" target=\"_blank\" rel=\"nofollow noopener\">Cecotec Cepillo de Aire 6 En 1 Ceramiccare 6In1 Gyro, Potencia de 1100W, 6 Cabezales, Rizo Autom\u00e1tico, Cable 360\u00ba, Cer\u00e1mica, Dise\u00f1o Multifuncional, Peinados R\u00e1pidos, Sin Frizz, Estilo Profesional<\/a><\/td>\n<td>40 \u20ac<\/td>\n<td>9 \u20ac<\/td>\n<\/tr>\n<tr>\n<td>AMAZON<\/td>\n<td><a class=\"ljoptimizer\" href=\"https:\/\/www.amazon.es\/dp\/B0BPYXJY78?tag=amazon087683-21&amp;th=1\" target=\"_blank\" rel=\"nofollow noopener\">Cecotec Cepillo de Aire 6 En 1 Ceramiccare 6In1 Gyro, Potencia de 1100W, 6 Cabezales, Rizo Autom\u00e1tico, Cable 360\u00ba, Cer\u00e1mica, Dise\u00f1o Multifuncional, Peinados R\u00e1pidos, Sin Frizz, Estilo Profesional<\/a><\/td>\n<td>40 \u20ac<\/td>\n<td>9 \u20ac<\/td>\n<\/tr>\n<tr>\n<td>AMAZON<\/td>\n<td><a class=\"ljoptimizer\" href=\"https:\/\/www.amazon.es\/dp\/B09LR2KQN4?tag=amazon087683-21&amp;th=1\" target=\"_blank\" rel=\"nofollow noopener\">Medisana FS300 spa para pies con masaje de zonas reflejas, ba\u00f1o de pies el\u00e9ctrico, funci\u00f3n de mantener el calor, ba\u00f1o de pies con masaje y calefacci\u00f3n, para pies grandes y un agradable masaje de pies<\/a><\/td>\n<td>35 \u20ac<\/td>\n<td>8 \u20ac<\/td>\n<\/tr>\n<tr>\n<td>AMAZON<\/td>\n<td><a class=\"ljoptimizer\" href=\"https:\/\/www.amazon.es\/dp\/B07L98QM3L?tag=amazon087683-21&amp;th=1\" target=\"_blank\" rel=\"nofollow noopener\">NRS Healthcare &#8211; Par de Muletas ajustables, con agarre c\u00f3modo<\/a><\/td>\n<td>34 \u20ac<\/td>\n<td>8 \u20ac<\/td>\n<\/tr>\n<\/tbody>\n<\/table>\n","protected":false},"excerpt":{"rendered":"<p>Pal\u00e9 de Cuidado Personal sin revisar procedente de Amazon Devoluciones<\/p>\n<ul>\n<li>N\u00famero de productos: 25<\/li>\n<li>Valor aproximado: 2234.00<\/li>\n<li>Porcentaje que se paga: 19% + IVA<\/li>\n<li>Tiempo de entrega estimado: 3 a 7 d\u00edas<\/li>\n<\/ul>\n<p>*Los precios incluyen IVA<\/p>\n","protected":false},"featured_media":102933,"template":"","meta":{"site-sidebar-layout":"default","site-content-layout":"","ast-site-content-layout":"default","site-content-style":"default","site-sidebar-style":"default","ast-global-header-display":"","ast-banner-title-visibility":"","ast-main-header-display":"","ast-hfb-above-header-display":"","ast-hfb-below-header-display":"","ast-hfb-mobile-header-display":"","site-post-title":"","ast-breadcrumbs-content":"","ast-featured-img":"","footer-sml-layout":"","ast-disable-related-posts":"","theme-transparent-header-meta":"default","adv-header-id-meta":"","stick-header-meta":"","header-above-stick-meta":"","header-main-stick-meta":"","header-below-stick-meta":"","astra-migrate-meta-layouts":"set","ast-page-background-enabled":"default","ast-page-background-meta":{"desktop":{"background-color":"var(--ast-global-color-4)","background-image":"","background-repeat":"repeat","background-position":"center center","background-size":"auto","background-attachment":"scroll","background-type":"","background-media":"","overlay-type":"","overlay-color":"","overlay-opacity":"","overlay-gradient":""},"tablet":{"background-color":"","background-image":"","background-repeat":"repeat","background-position":"center center","background-size":"auto","background-attachment":"scroll","background-type":"","background-media":"","overlay-type":"","overlay-color":"","overlay-opacity":"","overlay-gradient":""},"mobile":{"background-color":"","background-image":"","background-repeat":"repeat","background-position":"center center","background-size":"auto","background-attachment":"scroll","background-type":"","background-media":"","overlay-type":"","overlay-color":"","overlay-opacity":"","overlay-gradient":""}},"ast-content-background-meta":{"desktop":{"background-color":"var(--ast-global-color-5)","background-image":"","background-repeat":"repeat","background-position":"center center","background-size":"auto","background-attachment":"scroll","background-type":"","background-media":"","overlay-type":"","overlay-color":"","overlay-opacity":"","overlay-gradient":""},"tablet":{"background-color":"var(--ast-global-color-5)","background-image":"","background-repeat":"repeat","background-position":"center center","background-size":"auto","background-attachment":"scroll","background-type":"","background-media":"","overlay-type":"","overlay-color":"","overlay-opacity":"","overlay-gradient":""},"mobile":{"background-color":"var(--ast-global-color-5)","background-image":"","background-repeat":"repeat","background-position":"center center","background-size":"auto","background-attachment":"scroll","background-type":"","background-media":"","overlay-type":"","overlay-color":"","overlay-opacity":"","overlay-gradient":""}}},"product_brand":[],"product_cat":[50,65],"product_tag":[],"class_list":{"0":"post-102922","1":"product","2":"type-product","3":"status-publish","4":"has-post-thumbnail","6":"product_cat-cuidado-personal","7":"product_cat-pales","8":"product_shipping_class-pale","9":"desktop-align-left","10":"tablet-align-left","11":"mobile-align-left","13":"first","14":"instock","15":"sale","16":"downloadable","17":"taxable","18":"shipping-taxable","19":"purchasable","20":"product-type-simple"},"yoast_head":"<!-- This site is optimized with the Yoast SEO plugin v27.2 - https:\/\/yoast.com\/product\/yoast-seo-wordpress\/ -->\n<title>Pal\u00e9 de Cuidado Personal [25 productos] (25200336) - Comprardevoluciones - Tu tienda de Devoluciones de Amazon<\/title>\n<meta name=\"robots\" content=\"noindex, follow\" \/>\n<meta property=\"og:locale\" content=\"de_DE\" \/>\n<meta property=\"og:type\" content=\"article\" \/>\n<meta property=\"og:title\" content=\"Pal\u00e9 de Cuidado Personal [25 productos] (25200336) - Comprardevoluciones - Tu tienda de Devoluciones de Amazon\" \/>\n<meta property=\"og:description\" content=\"Pal\u00e9 de Cuidado Personal sin revisar procedente de Amazon Devoluciones   N\u00famero de productos: 25  Valor aproximado: 2234.00  Porcentaje que se paga: 19% + IVA  Tiempo de entrega estimado: 3 a 7 d\u00edas  *Los precios incluyen IVA\" \/>\n<meta property=\"og:url\" content=\"https:\/\/comprardevoluciones.com\/producto\/25200336\/\" \/>\n<meta property=\"og:site_name\" content=\"Comprardevoluciones - Tu tienda de Devoluciones de Amazon\" \/>\n<meta property=\"og:image\" content=\"https:\/\/comprardevoluciones.com\/wp-content\/uploads\/2025\/03\/25200336.jpg\" \/>\n\t<meta property=\"og:image:width\" content=\"700\" \/>\n\t<meta property=\"og:image:height\" content=\"700\" \/>\n\t<meta property=\"og:image:type\" content=\"image\/jpeg\" \/>\n<meta name=\"twitter:card\" content=\"summary_large_image\" \/>\n<meta name=\"twitter:label1\" content=\"Gesch\u00e4tzte Lesezeit\" \/>\n\t<meta name=\"twitter:data1\" content=\"4\u00a0Minuten\" \/>\n<script type=\"application\/ld+json\" class=\"yoast-schema-graph\">{\"@context\":\"https:\/\/schema.org\",\"@graph\":[{\"@type\":\"WebPage\",\"@id\":\"https:\/\/comprardevoluciones.com\/producto\/25200336\/\",\"url\":\"https:\/\/comprardevoluciones.com\/producto\/25200336\/\",\"name\":\"Pal\u00e9 de Cuidado Personal [25 productos] (25200336) - Comprardevoluciones - Tu tienda de Devoluciones de Amazon\",\"isPartOf\":{\"@id\":\"https:\/\/comprardevoluciones.com\/#website\"},\"primaryImageOfPage\":{\"@id\":\"https:\/\/comprardevoluciones.com\/producto\/25200336\/#primaryimage\"},\"image\":{\"@id\":\"https:\/\/comprardevoluciones.com\/producto\/25200336\/#primaryimage\"},\"thumbnailUrl\":\"https:\/\/comprardevoluciones.com\/wp-content\/uploads\/2025\/03\/25200336.jpg\",\"datePublished\":\"2026-02-25T09:59:37+00:00\",\"breadcrumb\":{\"@id\":\"https:\/\/comprardevoluciones.com\/producto\/25200336\/#breadcrumb\"},\"inLanguage\":\"de\",\"potentialAction\":[{\"@type\":\"ReadAction\",\"target\":[\"https:\/\/comprardevoluciones.com\/producto\/25200336\/\"]}]},{\"@type\":\"ImageObject\",\"inLanguage\":\"de\",\"@id\":\"https:\/\/comprardevoluciones.com\/producto\/25200336\/#primaryimage\",\"url\":\"https:\/\/comprardevoluciones.com\/wp-content\/uploads\/2025\/03\/25200336.jpg\",\"contentUrl\":\"https:\/\/comprardevoluciones.com\/wp-content\/uploads\/2025\/03\/25200336.jpg\",\"width\":700,\"height\":700},{\"@type\":\"BreadcrumbList\",\"@id\":\"https:\/\/comprardevoluciones.com\/producto\/25200336\/#breadcrumb\",\"itemListElement\":[{\"@type\":\"ListItem\",\"position\":1,\"name\":\"Portada\",\"item\":\"https:\/\/comprardevoluciones.com\/de\/\"},{\"@type\":\"ListItem\",\"position\":2,\"name\":\"Shop\",\"item\":\"https:\/\/comprardevoluciones.com\/de\/shop\/\"},{\"@type\":\"ListItem\",\"position\":3,\"name\":\"Pal\u00e9 de Cuidado Personal [25 productos] (25200336)\"}]},{\"@type\":\"WebSite\",\"@id\":\"https:\/\/comprardevoluciones.com\/#website\",\"url\":\"https:\/\/comprardevoluciones.com\/\",\"name\":\"Comprardevoluciones - Tu tienda de Devoluciones de Amazon\",\"description\":\"Consigue Stock en buen estado a un precio imbatible\",\"potentialAction\":[{\"@type\":\"SearchAction\",\"target\":{\"@type\":\"EntryPoint\",\"urlTemplate\":\"https:\/\/comprardevoluciones.com\/?s={search_term_string}\"},\"query-input\":{\"@type\":\"PropertyValueSpecification\",\"valueRequired\":true,\"valueName\":\"search_term_string\"}}],\"inLanguage\":\"de\"}]}<\/script>\n<!-- \/ Yoast SEO plugin. -->","yoast_head_json":{"title":"Pal\u00e9 de Cuidado Personal [25 productos] (25200336) - Comprardevoluciones - Tu tienda de Devoluciones de Amazon","robots":{"index":"noindex","follow":"follow"},"og_locale":"de_DE","og_type":"article","og_title":"Pal\u00e9 de Cuidado Personal [25 productos] (25200336) - Comprardevoluciones - Tu tienda de Devoluciones de Amazon","og_description":"Pal\u00e9 de Cuidado Personal sin revisar procedente de Amazon Devoluciones   N\u00famero de productos: 25  Valor aproximado: 2234.00  Porcentaje que se paga: 19% + IVA  Tiempo de entrega estimado: 3 a 7 d\u00edas  *Los precios incluyen IVA","og_url":"https:\/\/comprardevoluciones.com\/producto\/25200336\/","og_site_name":"Comprardevoluciones - Tu tienda de Devoluciones de Amazon","og_image":[{"width":700,"height":700,"url":"https:\/\/comprardevoluciones.com\/wp-content\/uploads\/2025\/03\/25200336.jpg","type":"image\/jpeg"}],"twitter_card":"summary_large_image","twitter_misc":{"Gesch\u00e4tzte Lesezeit":"4\u00a0Minuten"},"schema":{"@context":"https:\/\/schema.org","@graph":[{"@type":"WebPage","@id":"https:\/\/comprardevoluciones.com\/producto\/25200336\/","url":"https:\/\/comprardevoluciones.com\/producto\/25200336\/","name":"Pal\u00e9 de Cuidado Personal [25 productos] (25200336) - Comprardevoluciones - Tu tienda de Devoluciones de Amazon","isPartOf":{"@id":"https:\/\/comprardevoluciones.com\/#website"},"primaryImageOfPage":{"@id":"https:\/\/comprardevoluciones.com\/producto\/25200336\/#primaryimage"},"image":{"@id":"https:\/\/comprardevoluciones.com\/producto\/25200336\/#primaryimage"},"thumbnailUrl":"https:\/\/comprardevoluciones.com\/wp-content\/uploads\/2025\/03\/25200336.jpg","datePublished":"2026-02-25T09:59:37+00:00","breadcrumb":{"@id":"https:\/\/comprardevoluciones.com\/producto\/25200336\/#breadcrumb"},"inLanguage":"de","potentialAction":[{"@type":"ReadAction","target":["https:\/\/comprardevoluciones.com\/producto\/25200336\/"]}]},{"@type":"ImageObject","inLanguage":"de","@id":"https:\/\/comprardevoluciones.com\/producto\/25200336\/#primaryimage","url":"https:\/\/comprardevoluciones.com\/wp-content\/uploads\/2025\/03\/25200336.jpg","contentUrl":"https:\/\/comprardevoluciones.com\/wp-content\/uploads\/2025\/03\/25200336.jpg","width":700,"height":700},{"@type":"BreadcrumbList","@id":"https:\/\/comprardevoluciones.com\/producto\/25200336\/#breadcrumb","itemListElement":[{"@type":"ListItem","position":1,"name":"Portada","item":"https:\/\/comprardevoluciones.com\/de\/"},{"@type":"ListItem","position":2,"name":"Shop","item":"https:\/\/comprardevoluciones.com\/de\/shop\/"},{"@type":"ListItem","position":3,"name":"Pal\u00e9 de Cuidado Personal [25 productos] (25200336)"}]},{"@type":"WebSite","@id":"https:\/\/comprardevoluciones.com\/#website","url":"https:\/\/comprardevoluciones.com\/","name":"Comprardevoluciones - Tu tienda de Devoluciones de Amazon","description":"Consigue Stock en buen estado a un precio imbatible","potentialAction":[{"@type":"SearchAction","target":{"@type":"EntryPoint","urlTemplate":"https:\/\/comprardevoluciones.com\/?s={search_term_string}"},"query-input":{"@type":"PropertyValueSpecification","valueRequired":true,"valueName":"search_term_string"}}],"inLanguage":"de"}]}},"_links":{"self":[{"href":"https:\/\/comprardevoluciones.com\/de\/wp-json\/wp\/v2\/product\/102922","targetHints":{"allow":["GET"]}}],"collection":[{"href":"https:\/\/comprardevoluciones.com\/de\/wp-json\/wp\/v2\/product"}],"about":[{"href":"https:\/\/comprardevoluciones.com\/de\/wp-json\/wp\/v2\/types\/product"}],"wp:featuredmedia":[{"embeddable":true,"href":"https:\/\/comprardevoluciones.com\/de\/wp-json\/wp\/v2\/media\/102933"}],"wp:attachment":[{"href":"https:\/\/comprardevoluciones.com\/de\/wp-json\/wp\/v2\/media?parent=102922"}],"wp:term":[{"taxonomy":"product_brand","embeddable":true,"href":"https:\/\/comprardevoluciones.com\/de\/wp-json\/wp\/v2\/product_brand?post=102922"},{"taxonomy":"product_cat","embeddable":true,"href":"https:\/\/comprardevoluciones.com\/de\/wp-json\/wp\/v2\/product_cat?post=102922"},{"taxonomy":"product_tag","embeddable":true,"href":"https:\/\/comprardevoluciones.com\/de\/wp-json\/wp\/v2\/product_tag?post=102922"}],"curies":[{"name":"wp","href":"https:\/\/api.w.org\/{rel}","templated":true}]}}