{"id":144432,"date":"2025-11-14T11:00:58","date_gmt":"2025-11-14T10:00:58","guid":{"rendered":"https:\/\/comprardevoluciones.com\/?post_type=product&#038;p=144432"},"modified":"2025-12-10T15:02:28","modified_gmt":"2025-12-10T14:02:28","slug":"sp300400101","status":"publish","type":"product","link":"https:\/\/comprardevoluciones.com\/de\/producto\/sp300400101\/","title":{"rendered":"Caja de Juguetes [27 productos] (sp300400101)"},"content":{"rendered":"<p>Descripci\u00f3n y valor aproximados<\/p>\n<table>\n<tbody>\n<tr>\n<td><strong>FUENTE<\/strong><\/td>\n<td><strong>PRODUCTO<\/strong><\/td>\n<td><strong>VALOR (\u20ac)<\/strong><\/td>\n<td><strong>PAGAS (\u20ac)<\/strong><\/td>\n<\/tr>\n<tr>\n<td>MARKETPLACES<\/td>\n<td><a class=\"ljoptimizer\" href=\"https:\/\/www.amazon.es\/dp\/B07M8B6GN4?tag=amazon087683-21&amp;th=1\" target=\"_blank\" rel=\"nofollow noopener\">Rayher 60999000 Mini troqueladora TO GO, ligera, compacta y manejable, Para corte y relieve, adecuada para llevar de vacaciones, 19&#215;9,5&#215;13 cm<\/a><\/td>\n<td>65\u20ac<\/td>\n<td>15\u20ac<\/td>\n<\/tr>\n<tr>\n<td>MARKETPLACES<\/td>\n<td><a class=\"ljoptimizer\" href=\"https:\/\/www.amazon.es\/dp\/B09S141RDV?tag=amazon087683-21&amp;th=1\" target=\"_blank\" rel=\"nofollow noopener\">2,4 GHz \u2013 Buggy \u2013 Advent Calendar 2.0<\/a><\/td>\n<td>54\u20ac<\/td>\n<td>12\u20ac<\/td>\n<\/tr>\n<tr>\n<td>MARKETPLACES<\/td>\n<td><a class=\"ljoptimizer\" href=\"https:\/\/www.amazon.es\/dp\/B0BHT5LCYH?tag=amazon087683-21&amp;th=1\" target=\"_blank\" rel=\"nofollow noopener\">Mini grabadora de Voz con videoc\u00e1mara, Dispositivo de grabaci\u00f3n Digital para reuniones, entrevista universitaria. Videoc\u00e1mara Oculta Falsa Llavero microc\u00e1mara esp\u00eda Cw785<\/a><\/td>\n<td>40\u20ac<\/td>\n<td>9\u20ac<\/td>\n<\/tr>\n<tr>\n<td>MARKETPLACES<\/td>\n<td><a class=\"ljoptimizer\" href=\"https:\/\/www.amazon.es\/dp\/B0BYDH6WRJ?tag=amazon087683-21&amp;th=1\" target=\"_blank\" rel=\"nofollow noopener\">Coche teledirigido Stunt RC Cars, 2.4Ghz Double Sided 360\u00b0 Rotatorio RC Crawler con faros, 4WD Off Road Drift RC Race Car juguete para ni\u00f1os y ni\u00f1as de 6-12 a\u00f1os verde<\/a><\/td>\n<td>35\u20ac<\/td>\n<td>8\u20ac<\/td>\n<\/tr>\n<tr>\n<td>MARKETPLACES<\/td>\n<td><a class=\"ljoptimizer\" href=\"https:\/\/www.amazon.es\/dp\/B06WP23357?tag=amazon087683-21&amp;th=1\" target=\"_blank\" rel=\"nofollow noopener\">AMPLUG 2 AP2-BL Amplificador de auriculares de guitarra<\/a><\/td>\n<td>35\u20ac<\/td>\n<td>8\u20ac<\/td>\n<\/tr>\n<tr>\n<td>MARKETPLACES<\/td>\n<td><a class=\"ljoptimizer\" href=\"https:\/\/www.amazon.es\/dp\/B08DFLBWCP?tag=amazon087683-21&amp;th=1\" target=\"_blank\" rel=\"nofollow noopener\">Cloudkids &#8211; Disfraz Vampiro para Ni\u00f1os Halloween Disfraces Twilight Vampiros Ropa Pantalones Capa Crep\u00fasculo Regalo para Halloween Carnaval<\/a><\/td>\n<td>31\u20ac<\/td>\n<td>7\u20ac<\/td>\n<\/tr>\n<tr>\n<td>MARKETPLACES<\/td>\n<td><a class=\"ljoptimizer\" href=\"https:\/\/www.amazon.es\/dp\/B0CNBL6VK9?tag=amazon087683-21&amp;th=1\" target=\"_blank\" rel=\"nofollow noopener\">Beb\u00e9s Llorones Tiny Cuddles Disney Minnie, Mu\u00f1eca Suave y Blanda 25 cm, Llora Lagrimas de Verdad Incluye Pijama Disney, Juguete para ni\u00f1os y ni\u00f1as +18 Meses<\/a><\/td>\n<td>23\u20ac<\/td>\n<td>5\u20ac<\/td>\n<\/tr>\n<tr>\n<td>MARKETPLACES<\/td>\n<td><a class=\"ljoptimizer\" href=\"https:\/\/www.amazon.es\/dp\/B08XVV1G43?tag=amazon087683-21&amp;th=1\" target=\"_blank\" rel=\"nofollow noopener\">VTech Kidizoom Bag Rosa. (Novedad)<\/a><\/td>\n<td>20\u20ac<\/td>\n<td>5\u20ac<\/td>\n<\/tr>\n<tr>\n<td>MARKETPLACES<\/td>\n<td><a class=\"ljoptimizer\" href=\"https:\/\/www.amazon.es\/dp\/B09R2H9RRB?tag=amazon087683-21&amp;th=1\" target=\"_blank\" rel=\"nofollow noopener\">Coche 1\/43 Compatible con Opel Kadett 1983 &#8211; CC132<\/a><\/td>\n<td>20\u20ac<\/td>\n<td>5\u20ac<\/td>\n<\/tr>\n<tr>\n<td>MARKETPLACES<\/td>\n<td><a class=\"ljoptimizer\" href=\"https:\/\/www.amazon.es\/dp\/B0FQV2M7BY?tag=amazon087683-21&amp;th=1\" target=\"_blank\" rel=\"nofollow noopener\">Coche Teledirigido, 4&#215;4 Coche Acrob\u00e1tico Teledirigido, Coches Teledirigidos para Ni\u00f1os, Juguete Ni\u00f1o Regalo 6 7 8 9 10 a\u00f1os Ni\u00f1a, Voltear 360 con Luces LED y M\u00fasica<\/a><\/td>\n<td>20\u20ac<\/td>\n<td>5\u20ac<\/td>\n<\/tr>\n<tr>\n<td>MARKETPLACES<\/td>\n<td><a class=\"ljoptimizer\" href=\"https:\/\/www.amazon.es\/dp\/B075HSMJGY?tag=amazon087683-21&amp;th=1\" target=\"_blank\" rel=\"nofollow noopener\">Sofia 9&#8243; Doll Set &#8211; Poseable &#8211; Stylish Casual Outfits, Realistic Eyes &#8211; Perfect Play Companion for Ages 3-7 &#8211; Inspiring Creativity and Fun<\/a><\/td>\n<td>19\u20ac<\/td>\n<td>4\u20ac<\/td>\n<\/tr>\n<tr>\n<td>MARKETPLACES<\/td>\n<td><a class=\"ljoptimizer\" href=\"https:\/\/www.amazon.es\/dp\/B0BTB5Z592?tag=amazon087683-21&amp;th=1\" target=\"_blank\" rel=\"nofollow noopener\">Pok\u00e9mon Turtok Figura de Batalla de 4.5 Pulgadas Blastoise<\/a><\/td>\n<td>17\u20ac<\/td>\n<td>4\u20ac<\/td>\n<\/tr>\n<tr>\n<td>MARKETPLACES<\/td>\n<td><a class=\"ljoptimizer\" href=\"https:\/\/www.amazon.es\/dp\/B01NCZ3YEI?tag=amazon087683-21&amp;th=1\" target=\"_blank\" rel=\"nofollow noopener\">Battat Cami\u00f3n de Volteo Partes movibles y 1 Conductor \u2013 Cami\u00f3n de construcci\u00f3n de Juguete para peque\u00f1os de 18 Meses en adelante.<\/a><\/td>\n<td>16\u20ac<\/td>\n<td>4\u20ac<\/td>\n<\/tr>\n<tr>\n<td>MARKETPLACES<\/td>\n<td><a class=\"ljoptimizer\" href=\"https:\/\/www.amazon.es\/dp\/B09NP494CL?tag=amazon087683-21&amp;th=1\" target=\"_blank\" rel=\"nofollow noopener\">Top Trumps Quiz Jugadores De F\u00fatbol &#8211; Juegos Infantiles: Trivia para 2+ Jugadores Desde 8 A\u00f1os &#8211; \u00a1Adivina Preguntas sobre Tus Futbolistas Favoritos Y GANA! Ideal para Tu Colecci\u00f3n De Fan.<\/a><\/td>\n<td>15\u20ac<\/td>\n<td>3\u20ac<\/td>\n<\/tr>\n<tr>\n<td>MARKETPLACES<\/td>\n<td><a class=\"ljoptimizer\" href=\"https:\/\/www.amazon.es\/dp\/B0046H8W26?tag=amazon087683-21&amp;th=1\" target=\"_blank\" rel=\"nofollow noopener\">W WIDMANN MILANO Party Fashion &#8211; disfraces infantiles fantasma, parca, disfraces de carnaval, Halloween<\/a><\/td>\n<td>14\u20ac<\/td>\n<td>3\u20ac<\/td>\n<\/tr>\n<tr>\n<td>MARKETPLACES<\/td>\n<td><a class=\"ljoptimizer\" href=\"https:\/\/www.amazon.es\/dp\/B09WYWS44F?tag=amazon087683-21&amp;th=1\" target=\"_blank\" rel=\"nofollow noopener\">Legami &#8211; Ceramic Pen Holder, Desk Friends, 12.5 x 7.5 cm, Motif: Space, Hand Painted<\/a><\/td>\n<td>13\u20ac<\/td>\n<td>3\u20ac<\/td>\n<\/tr>\n<tr>\n<td>MARKETPLACES<\/td>\n<td><a class=\"ljoptimizer\" href=\"https:\/\/www.amazon.es\/dp\/B07C65HKCR?tag=amazon087683-21&amp;th=1\" target=\"_blank\" rel=\"nofollow noopener\">Roden Maquette Avion : Sopwith T.F.1 Camel<\/a><\/td>\n<td>13\u20ac<\/td>\n<td>3\u20ac<\/td>\n<\/tr>\n<tr>\n<td>MARKETPLACES<\/td>\n<td><a class=\"ljoptimizer\" href=\"https:\/\/www.amazon.es\/dp\/B0CBNR2ML6?tag=amazon087683-21&amp;th=1\" target=\"_blank\" rel=\"nofollow noopener\">Mattel Games Juego de cartas UNO No Mercy Juego de mesa familiar con cartas nuevas, reglas especiales y penalizaciones m\u00e1s despiadadas, +7 a\u00f1os (HWV18)<\/a><\/td>\n<td>12\u20ac<\/td>\n<td>3\u20ac<\/td>\n<\/tr>\n<tr>\n<td>MARKETPLACES<\/td>\n<td><a class=\"ljoptimizer\" href=\"https:\/\/www.amazon.es\/dp\/B00BBYDARY?tag=amazon087683-21&amp;th=1\" target=\"_blank\" rel=\"nofollow noopener\">Devir &#8211; Polilla Tramposa Original, Juego de Cartas, Juego de mesa para Ni\u00f1os, Party Game, Juego R\u00e1pido para Todas las Edades y Fiestas (BGPOLI)<\/a><\/td>\n<td>12\u20ac<\/td>\n<td>3\u20ac<\/td>\n<\/tr>\n<tr>\n<td>MARKETPLACES<\/td>\n<td><a class=\"ljoptimizer\" href=\"https:\/\/www.amazon.es\/dp\/B003C0Q8GA?tag=amazon087683-21&amp;th=1\" target=\"_blank\" rel=\"nofollow noopener\">Karaoke<\/a><\/td>\n<td>12\u20ac<\/td>\n<td>3\u20ac<\/td>\n<\/tr>\n<tr>\n<td>MARKETPLACES<\/td>\n<td><a class=\"ljoptimizer\" href=\"https:\/\/www.amazon.es\/dp\/B0CP3TGQLH?tag=amazon087683-21&amp;th=1\" target=\"_blank\" rel=\"nofollow noopener\">Divertido Juego de Mesa magn\u00e9tico,Ajedrez de Combate con magn\u00e9tico,Juego de ajedrez magn\u00e9tico,Juego de Mesa Educativo Checkers,Juego de ajedrez magn\u00e9tico,Juego de Mesa magn\u00e9tico<\/a><\/td>\n<td>11\u20ac<\/td>\n<td>3\u20ac<\/td>\n<\/tr>\n<tr>\n<td>MARKETPLACES<\/td>\n<td><a class=\"ljoptimizer\" href=\"https:\/\/www.amazon.es\/dp\/B0CHM35GNW?tag=amazon087683-21&amp;th=1\" target=\"_blank\" rel=\"nofollow noopener\">HappyGoLucky Juguetes Ni\u00f1os Juguetes Montessori 1 2 3 A\u00f1os, Busy Board Tablero Montessori con 7 Interruptores 15 Luces LED Juguetes Regalos para Ni\u00f1os Ni\u00f1a<\/a><\/td>\n<td>11\u20ac<\/td>\n<td>3\u20ac<\/td>\n<\/tr>\n<tr>\n<td>MARKETPLACES<\/td>\n<td><a class=\"ljoptimizer\" href=\"https:\/\/www.amazon.es\/dp\/B000WPJQY4?tag=amazon087683-21&amp;th=1\" target=\"_blank\" rel=\"nofollow noopener\">Rubies Rubie&#8217;s Disfraz. Hombre<\/a><\/td>\n<td>10\u20ac<\/td>\n<td>2\u20ac<\/td>\n<\/tr>\n<tr>\n<td>MARKETPLACES<\/td>\n<td><a class=\"ljoptimizer\" href=\"https:\/\/www.amazon.es\/dp\/B0F1M54ZNY?tag=amazon087683-21&amp;th=1\" target=\"_blank\" rel=\"nofollow noopener\">Figura del robot de acci\u00f3n, Figura de acci\u00f3n medieval Knight, Figura de caballero medieval del robot completo, Collectible Figura Dining Table Booksheldif Mumeclor Decorations for Children, Adults<\/a><\/td>\n<td>9\u20ac<\/td>\n<td>2\u20ac<\/td>\n<\/tr>\n<tr>\n<td>MARKETPLACES<\/td>\n<td><a class=\"ljoptimizer\" href=\"https:\/\/www.amazon.es\/dp\/B09K419WTZ?tag=amazon087683-21&amp;th=1\" target=\"_blank\" rel=\"nofollow noopener\">Juguetes Montessori Matematica,Colorido Bloques y Palos de Conteo de Madera,Juguete Matem\u00e1tico Educativo para Ni\u00f1os Entrenar el Pensamiento y la Inteligencia<\/a><\/td>\n<td>8\u20ac<\/td>\n<td>2\u20ac<\/td>\n<\/tr>\n<tr>\n<td>MARKETPLACES<\/td>\n<td><a class=\"ljoptimizer\" href=\"https:\/\/www.amazon.es\/dp\/B009VEI1RU?tag=amazon087683-21&amp;th=1\" target=\"_blank\" rel=\"nofollow noopener\">Ultimate Guard UGD020002 &#8211; Bolsas de C\u00f3mic Resellables, (versi\u00f3n en ingl\u00e9s), Polipropileno (PP), Pack de 100<\/a><\/td>\n<td>7\u20ac<\/td>\n<td>2\u20ac<\/td>\n<\/tr>\n<tr>\n<td>MARKETPLACES<\/td>\n<td><a class=\"ljoptimizer\" href=\"https:\/\/www.amazon.es\/dp\/B000XZ0944?tag=amazon087683-21&amp;th=1\" target=\"_blank\" rel=\"nofollow noopener\">Fournier- N\u00ba 505 Baraja Cartas Poker Cl\u00e1sica, Color rojo o azul (F21644) , color\/modelo surtido<\/a><\/td>\n<td>5\u20ac<\/td>\n<td>1\u20ac<\/td>\n<\/tr>\n<\/tbody>\n<\/table>\n","protected":false},"excerpt":{"rendered":"<p>Caja de Juguetes sin revisar procedente de devoluciones de marketplaces<\/p>\n<ul>\n<li>N\u00famero de productos: 27<\/li>\n<li>Valor aproximado: 547.00<\/li>\n<li>Porcentaje que se paga: 19% + IVA<\/li>\n<li>Tiempo de entrega estimado: 3 a 7 d\u00edas<\/li>\n<\/ul>\n<p>*Los precios incluyen IVA<\/p>\n","protected":false},"featured_media":144502,"template":"","meta":{"site-sidebar-layout":"default","site-content-layout":"","ast-site-content-layout":"default","site-content-style":"default","site-sidebar-style":"default","ast-global-header-display":"","ast-banner-title-visibility":"","ast-main-header-display":"","ast-hfb-above-header-display":"","ast-hfb-below-header-display":"","ast-hfb-mobile-header-display":"","site-post-title":"","ast-breadcrumbs-content":"","ast-featured-img":"","footer-sml-layout":"","ast-disable-related-posts":"","theme-transparent-header-meta":"default","adv-header-id-meta":"","stick-header-meta":"","header-above-stick-meta":"","header-main-stick-meta":"","header-below-stick-meta":"","astra-migrate-meta-layouts":"set","ast-page-background-enabled":"default","ast-page-background-meta":{"desktop":{"background-color":"var(--ast-global-color-4)","background-image":"","background-repeat":"repeat","background-position":"center center","background-size":"auto","background-attachment":"scroll","background-type":"","background-media":"","overlay-type":"","overlay-color":"","overlay-opacity":"","overlay-gradient":""},"tablet":{"background-color":"","background-image":"","background-repeat":"repeat","background-position":"center center","background-size":"auto","background-attachment":"scroll","background-type":"","background-media":"","overlay-type":"","overlay-color":"","overlay-opacity":"","overlay-gradient":""},"mobile":{"background-color":"","background-image":"","background-repeat":"repeat","background-position":"center center","background-size":"auto","background-attachment":"scroll","background-type":"","background-media":"","overlay-type":"","overlay-color":"","overlay-opacity":"","overlay-gradient":""}},"ast-content-background-meta":{"desktop":{"background-color":"var(--ast-global-color-5)","background-image":"","background-repeat":"repeat","background-position":"center center","background-size":"auto","background-attachment":"scroll","background-type":"","background-media":"","overlay-type":"","overlay-color":"","overlay-opacity":"","overlay-gradient":""},"tablet":{"background-color":"var(--ast-global-color-5)","background-image":"","background-repeat":"repeat","background-position":"center center","background-size":"auto","background-attachment":"scroll","background-type":"","background-media":"","overlay-type":"","overlay-color":"","overlay-opacity":"","overlay-gradient":""},"mobile":{"background-color":"var(--ast-global-color-5)","background-image":"","background-repeat":"repeat","background-position":"center center","background-size":"auto","background-attachment":"scroll","background-type":"","background-media":"","overlay-type":"","overlay-color":"","overlay-opacity":"","overlay-gradient":""}}},"product_brand":[],"product_cat":[49],"product_tag":[],"class_list":{"0":"post-144432","1":"product","2":"type-product","3":"status-publish","4":"has-post-thumbnail","6":"product_cat-cajas","7":"product_shipping_class-caja","8":"desktop-align-left","9":"tablet-align-left","10":"mobile-align-left","12":"first","13":"outofstock","14":"sale","15":"downloadable","16":"taxable","17":"shipping-taxable","18":"purchasable","19":"product-type-simple"},"yoast_head":"<!-- This site is optimized with the Yoast SEO plugin v27.2 - https:\/\/yoast.com\/product\/yoast-seo-wordpress\/ -->\n<title>Caja de Juguetes [27 productos] (sp300400101) - Comprardevoluciones - Tu tienda de Devoluciones de Amazon<\/title>\n<meta name=\"robots\" content=\"noindex, follow\" \/>\n<meta property=\"og:locale\" content=\"de_DE\" \/>\n<meta property=\"og:type\" content=\"article\" \/>\n<meta property=\"og:title\" content=\"Caja de Juguetes [27 productos] (sp300400101) - Comprardevoluciones - Tu tienda de Devoluciones de Amazon\" \/>\n<meta property=\"og:description\" content=\"Caja de Juguetes sin revisar procedente de devoluciones de marketplaces   N\u00famero de productos: 27  Valor aproximado: 547.00  Porcentaje que se paga: 19% + IVA  Tiempo de entrega estimado: 3 a 7 d\u00edas  *Los precios incluyen IVA\" \/>\n<meta property=\"og:url\" content=\"https:\/\/comprardevoluciones.com\/producto\/sp300400101\/\" \/>\n<meta property=\"og:site_name\" content=\"Comprardevoluciones - Tu tienda de Devoluciones de Amazon\" \/>\n<meta property=\"article:modified_time\" content=\"2025-12-10T14:02:28+00:00\" \/>\n<meta property=\"og:image\" content=\"https:\/\/comprardevoluciones.com\/wp-content\/uploads\/2025\/11\/sp300400101.jpg\" \/>\n\t<meta property=\"og:image:width\" content=\"700\" \/>\n\t<meta property=\"og:image:height\" content=\"700\" \/>\n\t<meta property=\"og:image:type\" content=\"image\/jpeg\" \/>\n<meta name=\"twitter:card\" content=\"summary_large_image\" \/>\n<meta name=\"twitter:label1\" content=\"Gesch\u00e4tzte Lesezeit\" \/>\n\t<meta name=\"twitter:data1\" content=\"3\u00a0Minuten\" \/>\n<script type=\"application\/ld+json\" class=\"yoast-schema-graph\">{\"@context\":\"https:\/\/schema.org\",\"@graph\":[{\"@type\":\"WebPage\",\"@id\":\"https:\/\/comprardevoluciones.com\/producto\/sp300400101\/\",\"url\":\"https:\/\/comprardevoluciones.com\/producto\/sp300400101\/\",\"name\":\"Caja de Juguetes [27 productos] (sp300400101) - Comprardevoluciones - Tu tienda de Devoluciones de Amazon\",\"isPartOf\":{\"@id\":\"https:\/\/comprardevoluciones.com\/#website\"},\"primaryImageOfPage\":{\"@id\":\"https:\/\/comprardevoluciones.com\/producto\/sp300400101\/#primaryimage\"},\"image\":{\"@id\":\"https:\/\/comprardevoluciones.com\/producto\/sp300400101\/#primaryimage\"},\"thumbnailUrl\":\"https:\/\/comprardevoluciones.com\/wp-content\/uploads\/2025\/11\/sp300400101.jpg\",\"datePublished\":\"2025-11-14T10:00:58+00:00\",\"dateModified\":\"2025-12-10T14:02:28+00:00\",\"breadcrumb\":{\"@id\":\"https:\/\/comprardevoluciones.com\/producto\/sp300400101\/#breadcrumb\"},\"inLanguage\":\"de\",\"potentialAction\":[{\"@type\":\"ReadAction\",\"target\":[\"https:\/\/comprardevoluciones.com\/producto\/sp300400101\/\"]}]},{\"@type\":\"ImageObject\",\"inLanguage\":\"de\",\"@id\":\"https:\/\/comprardevoluciones.com\/producto\/sp300400101\/#primaryimage\",\"url\":\"https:\/\/comprardevoluciones.com\/wp-content\/uploads\/2025\/11\/sp300400101.jpg\",\"contentUrl\":\"https:\/\/comprardevoluciones.com\/wp-content\/uploads\/2025\/11\/sp300400101.jpg\",\"width\":700,\"height\":700},{\"@type\":\"BreadcrumbList\",\"@id\":\"https:\/\/comprardevoluciones.com\/producto\/sp300400101\/#breadcrumb\",\"itemListElement\":[{\"@type\":\"ListItem\",\"position\":1,\"name\":\"Portada\",\"item\":\"https:\/\/comprardevoluciones.com\/de\/\"},{\"@type\":\"ListItem\",\"position\":2,\"name\":\"Shop\",\"item\":\"https:\/\/comprardevoluciones.com\/de\/shop\/\"},{\"@type\":\"ListItem\",\"position\":3,\"name\":\"Caja de Juguetes [27 productos] (sp300400101)\"}]},{\"@type\":\"WebSite\",\"@id\":\"https:\/\/comprardevoluciones.com\/#website\",\"url\":\"https:\/\/comprardevoluciones.com\/\",\"name\":\"Comprardevoluciones - Tu tienda de Devoluciones de Amazon\",\"description\":\"Consigue Stock en buen estado a un precio imbatible\",\"potentialAction\":[{\"@type\":\"SearchAction\",\"target\":{\"@type\":\"EntryPoint\",\"urlTemplate\":\"https:\/\/comprardevoluciones.com\/?s={search_term_string}\"},\"query-input\":{\"@type\":\"PropertyValueSpecification\",\"valueRequired\":true,\"valueName\":\"search_term_string\"}}],\"inLanguage\":\"de\"}]}<\/script>\n<!-- \/ Yoast SEO plugin. -->","yoast_head_json":{"title":"Caja de Juguetes [27 productos] (sp300400101) - Comprardevoluciones - Tu tienda de Devoluciones de Amazon","robots":{"index":"noindex","follow":"follow"},"og_locale":"de_DE","og_type":"article","og_title":"Caja de Juguetes [27 productos] (sp300400101) - Comprardevoluciones - Tu tienda de Devoluciones de Amazon","og_description":"Caja de Juguetes sin revisar procedente de devoluciones de marketplaces   N\u00famero de productos: 27  Valor aproximado: 547.00  Porcentaje que se paga: 19% + IVA  Tiempo de entrega estimado: 3 a 7 d\u00edas  *Los precios incluyen IVA","og_url":"https:\/\/comprardevoluciones.com\/producto\/sp300400101\/","og_site_name":"Comprardevoluciones - Tu tienda de Devoluciones de Amazon","article_modified_time":"2025-12-10T14:02:28+00:00","og_image":[{"width":700,"height":700,"url":"https:\/\/comprardevoluciones.com\/wp-content\/uploads\/2025\/11\/sp300400101.jpg","type":"image\/jpeg"}],"twitter_card":"summary_large_image","twitter_misc":{"Gesch\u00e4tzte Lesezeit":"3\u00a0Minuten"},"schema":{"@context":"https:\/\/schema.org","@graph":[{"@type":"WebPage","@id":"https:\/\/comprardevoluciones.com\/producto\/sp300400101\/","url":"https:\/\/comprardevoluciones.com\/producto\/sp300400101\/","name":"Caja de Juguetes [27 productos] (sp300400101) - Comprardevoluciones - Tu tienda de Devoluciones de Amazon","isPartOf":{"@id":"https:\/\/comprardevoluciones.com\/#website"},"primaryImageOfPage":{"@id":"https:\/\/comprardevoluciones.com\/producto\/sp300400101\/#primaryimage"},"image":{"@id":"https:\/\/comprardevoluciones.com\/producto\/sp300400101\/#primaryimage"},"thumbnailUrl":"https:\/\/comprardevoluciones.com\/wp-content\/uploads\/2025\/11\/sp300400101.jpg","datePublished":"2025-11-14T10:00:58+00:00","dateModified":"2025-12-10T14:02:28+00:00","breadcrumb":{"@id":"https:\/\/comprardevoluciones.com\/producto\/sp300400101\/#breadcrumb"},"inLanguage":"de","potentialAction":[{"@type":"ReadAction","target":["https:\/\/comprardevoluciones.com\/producto\/sp300400101\/"]}]},{"@type":"ImageObject","inLanguage":"de","@id":"https:\/\/comprardevoluciones.com\/producto\/sp300400101\/#primaryimage","url":"https:\/\/comprardevoluciones.com\/wp-content\/uploads\/2025\/11\/sp300400101.jpg","contentUrl":"https:\/\/comprardevoluciones.com\/wp-content\/uploads\/2025\/11\/sp300400101.jpg","width":700,"height":700},{"@type":"BreadcrumbList","@id":"https:\/\/comprardevoluciones.com\/producto\/sp300400101\/#breadcrumb","itemListElement":[{"@type":"ListItem","position":1,"name":"Portada","item":"https:\/\/comprardevoluciones.com\/de\/"},{"@type":"ListItem","position":2,"name":"Shop","item":"https:\/\/comprardevoluciones.com\/de\/shop\/"},{"@type":"ListItem","position":3,"name":"Caja de Juguetes [27 productos] (sp300400101)"}]},{"@type":"WebSite","@id":"https:\/\/comprardevoluciones.com\/#website","url":"https:\/\/comprardevoluciones.com\/","name":"Comprardevoluciones - Tu tienda de Devoluciones de Amazon","description":"Consigue Stock en buen estado a un precio imbatible","potentialAction":[{"@type":"SearchAction","target":{"@type":"EntryPoint","urlTemplate":"https:\/\/comprardevoluciones.com\/?s={search_term_string}"},"query-input":{"@type":"PropertyValueSpecification","valueRequired":true,"valueName":"search_term_string"}}],"inLanguage":"de"}]}},"_links":{"self":[{"href":"https:\/\/comprardevoluciones.com\/de\/wp-json\/wp\/v2\/product\/144432","targetHints":{"allow":["GET"]}}],"collection":[{"href":"https:\/\/comprardevoluciones.com\/de\/wp-json\/wp\/v2\/product"}],"about":[{"href":"https:\/\/comprardevoluciones.com\/de\/wp-json\/wp\/v2\/types\/product"}],"wp:featuredmedia":[{"embeddable":true,"href":"https:\/\/comprardevoluciones.com\/de\/wp-json\/wp\/v2\/media\/144502"}],"wp:attachment":[{"href":"https:\/\/comprardevoluciones.com\/de\/wp-json\/wp\/v2\/media?parent=144432"}],"wp:term":[{"taxonomy":"product_brand","embeddable":true,"href":"https:\/\/comprardevoluciones.com\/de\/wp-json\/wp\/v2\/product_brand?post=144432"},{"taxonomy":"product_cat","embeddable":true,"href":"https:\/\/comprardevoluciones.com\/de\/wp-json\/wp\/v2\/product_cat?post=144432"},{"taxonomy":"product_tag","embeddable":true,"href":"https:\/\/comprardevoluciones.com\/de\/wp-json\/wp\/v2\/product_tag?post=144432"}],"curies":[{"name":"wp","href":"https:\/\/api.w.org\/{rel}","templated":true}]}}