{"id":153072,"date":"2026-01-27T10:30:44","date_gmt":"2026-01-27T09:30:44","guid":{"rendered":"https:\/\/comprardevoluciones.com\/?post_type=product&#038;p=153072"},"modified":"2026-01-27T10:41:26","modified_gmt":"2026-01-27T09:41:26","slug":"sp550330223","status":"publish","type":"product","link":"https:\/\/comprardevoluciones.com\/de\/producto\/sp550330223\/","title":{"rendered":"Caja de Juguetes [21 productos] (sp550330223)"},"content":{"rendered":"<p>Descripci\u00f3n y valor aproximados<\/p>\n<table>\n<tbody>\n<tr>\n<td><strong>FUENTE<\/strong><\/td>\n<td><strong>PRODUCTO<\/strong><\/td>\n<td><strong>VALOR (\u20ac)<\/strong><\/td>\n<td><strong>PAGAS (\u20ac)<\/strong><\/td>\n<\/tr>\n<tr>\n<td>MARKETPLACES<\/td>\n<td><a class=\"ljoptimizer\" href=\"https:\/\/www.amazon.es\/dp\/B0DQ66YRQ4?tag=amazon087683-21&amp;th=1\" target=\"_blank\" rel=\"nofollow noopener\">Just Play Peluche Interactivo Que Camina, furReal Poop-A-Lots Cavalier King Charles Spaniel, de 20,3 cm, Perrito con Correa Que Hace pop\u00f3, 6 Piezas, Juguetes para ni\u00f1os a Partir de 4 a\u00f1os<\/a><\/td>\n<td>27\u20ac<\/td>\n<td>6\u20ac<\/td>\n<\/tr>\n<tr>\n<td>MARKETPLACES<\/td>\n<td><a class=\"ljoptimizer\" href=\"https:\/\/www.amazon.es\/dp\/B0DQ66YRQ4?tag=amazon087683-21&amp;th=1\" target=\"_blank\" rel=\"nofollow noopener\">Just Play Peluche Interactivo Que Camina, furReal Poop-A-Lots Cavalier King Charles Spaniel, de 20,3 cm, Perrito con Correa Que Hace pop\u00f3, 6 Piezas, Juguetes para ni\u00f1os a Partir de 4 a\u00f1os<\/a><\/td>\n<td>27\u20ac<\/td>\n<td>6\u20ac<\/td>\n<\/tr>\n<tr>\n<td>MARKETPLACES<\/td>\n<td><a class=\"ljoptimizer\" href=\"https:\/\/www.amazon.es\/dp\/B0DQ66YRQ4?tag=amazon087683-21&amp;th=1\" target=\"_blank\" rel=\"nofollow noopener\">Just Play Peluche Interactivo Que Camina, furReal Poop-A-Lots Cavalier King Charles Spaniel, de 20,3 cm, Perrito con Correa Que Hace pop\u00f3, 6 Piezas, Juguetes para ni\u00f1os a Partir de 4 a\u00f1os<\/a><\/td>\n<td>27\u20ac<\/td>\n<td>6\u20ac<\/td>\n<\/tr>\n<tr>\n<td>MARKETPLACES<\/td>\n<td><a class=\"ljoptimizer\" href=\"https:\/\/www.amazon.es\/dp\/B0DQ66YRQ4?tag=amazon087683-21&amp;th=1\" target=\"_blank\" rel=\"nofollow noopener\">Just Play Peluche Interactivo Que Camina, furReal Poop-A-Lots Cavalier King Charles Spaniel, de 20,3 cm, Perrito con Correa Que Hace pop\u00f3, 6 Piezas, Juguetes para ni\u00f1os a Partir de 4 a\u00f1os<\/a><\/td>\n<td>27\u20ac<\/td>\n<td>6\u20ac<\/td>\n<\/tr>\n<tr>\n<td>MARKETPLACES<\/td>\n<td><a class=\"ljoptimizer\" href=\"https:\/\/www.amazon.es\/dp\/B0DQ66YRQ4?tag=amazon087683-21&amp;th=1\" target=\"_blank\" rel=\"nofollow noopener\">Just Play Peluche Interactivo Que Camina, furReal Poop-A-Lots Cavalier King Charles Spaniel, de 20,3 cm, Perrito con Correa Que Hace pop\u00f3, 6 Piezas, Juguetes para ni\u00f1os a Partir de 4 a\u00f1os<\/a><\/td>\n<td>27\u20ac<\/td>\n<td>6\u20ac<\/td>\n<\/tr>\n<tr>\n<td>MARKETPLACES<\/td>\n<td><a class=\"ljoptimizer\" href=\"https:\/\/www.amazon.es\/dp\/B0DQ66YRQ4?tag=amazon087683-21&amp;th=1\" target=\"_blank\" rel=\"nofollow noopener\">Just Play Peluche Interactivo Que Camina, furReal Poop-A-Lots Cavalier King Charles Spaniel, de 20,3 cm, Perrito con Correa Que Hace pop\u00f3, 6 Piezas, Juguetes para ni\u00f1os a Partir de 4 a\u00f1os<\/a><\/td>\n<td>27\u20ac<\/td>\n<td>6\u20ac<\/td>\n<\/tr>\n<tr>\n<td>MARKETPLACES<\/td>\n<td><a class=\"ljoptimizer\" href=\"https:\/\/www.amazon.es\/dp\/B0DQ66YRQ4?tag=amazon087683-21&amp;th=1\" target=\"_blank\" rel=\"nofollow noopener\">Just Play Peluche Interactivo Que Camina, furReal Poop-A-Lots Cavalier King Charles Spaniel, de 20,3 cm, Perrito con Correa Que Hace pop\u00f3, 6 Piezas, Juguetes para ni\u00f1os a Partir de 4 a\u00f1os<\/a><\/td>\n<td>27\u20ac<\/td>\n<td>6\u20ac<\/td>\n<\/tr>\n<tr>\n<td>MARKETPLACES<\/td>\n<td><a class=\"ljoptimizer\" href=\"https:\/\/www.amazon.es\/dp\/B0DQ66YRQ4?tag=amazon087683-21&amp;th=1\" target=\"_blank\" rel=\"nofollow noopener\">Just Play Peluche Interactivo Que Camina, furReal Poop-A-Lots Cavalier King Charles Spaniel, de 20,3 cm, Perrito con Correa Que Hace pop\u00f3, 6 Piezas, Juguetes para ni\u00f1os a Partir de 4 a\u00f1os<\/a><\/td>\n<td>27\u20ac<\/td>\n<td>6\u20ac<\/td>\n<\/tr>\n<tr>\n<td>MARKETPLACES<\/td>\n<td><a class=\"ljoptimizer\" href=\"https:\/\/www.amazon.es\/dp\/B0DQ66YRQ4?tag=amazon087683-21&amp;th=1\" target=\"_blank\" rel=\"nofollow noopener\">Just Play Peluche Interactivo Que Camina, furReal Poop-A-Lots Cavalier King Charles Spaniel, de 20,3 cm, Perrito con Correa Que Hace pop\u00f3, 6 Piezas, Juguetes para ni\u00f1os a Partir de 4 a\u00f1os<\/a><\/td>\n<td>27\u20ac<\/td>\n<td>6\u20ac<\/td>\n<\/tr>\n<tr>\n<td>MARKETPLACES<\/td>\n<td><a class=\"ljoptimizer\" href=\"https:\/\/www.amazon.es\/dp\/B0DQ66YRQ4?tag=amazon087683-21&amp;th=1\" target=\"_blank\" rel=\"nofollow noopener\">Just Play Peluche Interactivo Que Camina, furReal Poop-A-Lots Cavalier King Charles Spaniel, de 20,3 cm, Perrito con Correa Que Hace pop\u00f3, 6 Piezas, Juguetes para ni\u00f1os a Partir de 4 a\u00f1os<\/a><\/td>\n<td>27\u20ac<\/td>\n<td>6\u20ac<\/td>\n<\/tr>\n<tr>\n<td>MARKETPLACES<\/td>\n<td><a class=\"ljoptimizer\" href=\"https:\/\/www.amazon.es\/dp\/B0DQ66YRQ4?tag=amazon087683-21&amp;th=1\" target=\"_blank\" rel=\"nofollow noopener\">Just Play Peluche Interactivo Que Camina, furReal Poop-A-Lots Cavalier King Charles Spaniel, de 20,3 cm, Perrito con Correa Que Hace pop\u00f3, 6 Piezas, Juguetes para ni\u00f1os a Partir de 4 a\u00f1os<\/a><\/td>\n<td>27\u20ac<\/td>\n<td>6\u20ac<\/td>\n<\/tr>\n<tr>\n<td>MARKETPLACES<\/td>\n<td><a class=\"ljoptimizer\" href=\"https:\/\/www.amazon.es\/dp\/B0DQ66YRQ4?tag=amazon087683-21&amp;th=1\" target=\"_blank\" rel=\"nofollow noopener\">Just Play Peluche Interactivo Que Camina, furReal Poop-A-Lots Cavalier King Charles Spaniel, de 20,3 cm, Perrito con Correa Que Hace pop\u00f3, 6 Piezas, Juguetes para ni\u00f1os a Partir de 4 a\u00f1os<\/a><\/td>\n<td>27\u20ac<\/td>\n<td>6\u20ac<\/td>\n<\/tr>\n<tr>\n<td>MARKETPLACES<\/td>\n<td><a class=\"ljoptimizer\" href=\"https:\/\/www.amazon.es\/dp\/B0DQ66YRQ4?tag=amazon087683-21&amp;th=1\" target=\"_blank\" rel=\"nofollow noopener\">Just Play Peluche Interactivo Que Camina, furReal Poop-A-Lots Cavalier King Charles Spaniel, de 20,3 cm, Perrito con Correa Que Hace pop\u00f3, 6 Piezas, Juguetes para ni\u00f1os a Partir de 4 a\u00f1os<\/a><\/td>\n<td>27\u20ac<\/td>\n<td>6\u20ac<\/td>\n<\/tr>\n<tr>\n<td>MARKETPLACES<\/td>\n<td><a class=\"ljoptimizer\" href=\"https:\/\/www.amazon.es\/dp\/B0DQ66YRQ4?tag=amazon087683-21&amp;th=1\" target=\"_blank\" rel=\"nofollow noopener\">Just Play Peluche Interactivo Que Camina, furReal Poop-A-Lots Cavalier King Charles Spaniel, de 20,3 cm, Perrito con Correa Que Hace pop\u00f3, 6 Piezas, Juguetes para ni\u00f1os a Partir de 4 a\u00f1os<\/a><\/td>\n<td>27\u20ac<\/td>\n<td>6\u20ac<\/td>\n<\/tr>\n<tr>\n<td>MARKETPLACES<\/td>\n<td><a class=\"ljoptimizer\" href=\"https:\/\/www.amazon.es\/dp\/B0DQ66YRQ4?tag=amazon087683-21&amp;th=1\" target=\"_blank\" rel=\"nofollow noopener\">Just Play Peluche Interactivo Que Camina, furReal Poop-A-Lots Cavalier King Charles Spaniel, de 20,3 cm, Perrito con Correa Que Hace pop\u00f3, 6 Piezas, Juguetes para ni\u00f1os a Partir de 4 a\u00f1os<\/a><\/td>\n<td>27\u20ac<\/td>\n<td>6\u20ac<\/td>\n<\/tr>\n<tr>\n<td>MARKETPLACES<\/td>\n<td><a class=\"ljoptimizer\" href=\"https:\/\/www.amazon.es\/dp\/B0DQ66YRQ4?tag=amazon087683-21&amp;th=1\" target=\"_blank\" rel=\"nofollow noopener\">Just Play Peluche Interactivo Que Camina, furReal Poop-A-Lots Cavalier King Charles Spaniel, de 20,3 cm, Perrito con Correa Que Hace pop\u00f3, 6 Piezas, Juguetes para ni\u00f1os a Partir de 4 a\u00f1os<\/a><\/td>\n<td>27\u20ac<\/td>\n<td>6\u20ac<\/td>\n<\/tr>\n<tr>\n<td>MARKETPLACES<\/td>\n<td><a class=\"ljoptimizer\" href=\"https:\/\/www.amazon.es\/dp\/B0DQ66YRQ4?tag=amazon087683-21&amp;th=1\" target=\"_blank\" rel=\"nofollow noopener\">Just Play Peluche Interactivo Que Camina, furReal Poop-A-Lots Cavalier King Charles Spaniel, de 20,3 cm, Perrito con Correa Que Hace pop\u00f3, 6 Piezas, Juguetes para ni\u00f1os a Partir de 4 a\u00f1os<\/a><\/td>\n<td>27\u20ac<\/td>\n<td>6\u20ac<\/td>\n<\/tr>\n<tr>\n<td>MARKETPLACES<\/td>\n<td><a class=\"ljoptimizer\" href=\"https:\/\/www.amazon.es\/dp\/B0DQ66YRQ4?tag=amazon087683-21&amp;th=1\" target=\"_blank\" rel=\"nofollow noopener\">Just Play Peluche Interactivo Que Camina, furReal Poop-A-Lots Cavalier King Charles Spaniel, de 20,3 cm, Perrito con Correa Que Hace pop\u00f3, 6 Piezas, Juguetes para ni\u00f1os a Partir de 4 a\u00f1os<\/a><\/td>\n<td>27\u20ac<\/td>\n<td>6\u20ac<\/td>\n<\/tr>\n<tr>\n<td>MARKETPLACES<\/td>\n<td><a class=\"ljoptimizer\" href=\"https:\/\/www.amazon.es\/dp\/B0DR3W6NKB?tag=amazon087683-21&amp;th=1\" target=\"_blank\" rel=\"nofollow noopener\">Mini Brands C\u00e1psula Create Disney Snacks Serie 1 de ZURU, minis coleccionables, Paquete Oculto Misterioso, DIY, Bricolaje, Manualidades, 8+(2 c\u00e1psulas)<\/a><\/td>\n<td>20\u20ac<\/td>\n<td>4\u20ac<\/td>\n<\/tr>\n<tr>\n<td>MARKETPLACES<\/td>\n<td><a class=\"ljoptimizer\" href=\"https:\/\/www.amazon.es\/dp\/B0DR3W6NKB?tag=amazon087683-21&amp;th=1\" target=\"_blank\" rel=\"nofollow noopener\">Mini Brands C\u00e1psula Create Disney Snacks Serie 1 de ZURU, minis coleccionables, Paquete Oculto Misterioso, DIY, Bricolaje, Manualidades, 8+(2 c\u00e1psulas)<\/a><\/td>\n<td>20\u20ac<\/td>\n<td>4\u20ac<\/td>\n<\/tr>\n<tr>\n<td>MARKETPLACES<\/td>\n<td><a class=\"ljoptimizer\" href=\"https:\/\/www.amazon.es\/dp\/B0DR3W6NKB?tag=amazon087683-21&amp;th=1\" target=\"_blank\" rel=\"nofollow noopener\">Mini Brands C\u00e1psula Create Disney Snacks Serie 1 de ZURU, minis coleccionables, Paquete Oculto Misterioso, DIY, Bricolaje, Manualidades, 8+(2 c\u00e1psulas)<\/a><\/td>\n<td>20\u20ac<\/td>\n<td>4\u20ac<\/td>\n<\/tr>\n<\/tbody>\n<\/table>\n","protected":false},"excerpt":{"rendered":"<p>Caja de Juguetes sin revisar procedente de devoluciones de marketplaces<\/p>\n<ul>\n<li>N\u00famero de productos: 21<\/li>\n<li>Valor aproximado: 546.00<\/li>\n<li>Porcentaje que se paga: 18% + IVA<\/li>\n<li>Tiempo de entrega estimado: 3 a 7 d\u00edas<\/li>\n<\/ul>\n<p>*Los precios incluyen IVA<\/p>\n","protected":false},"featured_media":153079,"template":"","meta":{"site-sidebar-layout":"default","site-content-layout":"","ast-site-content-layout":"default","site-content-style":"default","site-sidebar-style":"default","ast-global-header-display":"","ast-banner-title-visibility":"","ast-main-header-display":"","ast-hfb-above-header-display":"","ast-hfb-below-header-display":"","ast-hfb-mobile-header-display":"","site-post-title":"","ast-breadcrumbs-content":"","ast-featured-img":"","footer-sml-layout":"","ast-disable-related-posts":"","theme-transparent-header-meta":"default","adv-header-id-meta":"","stick-header-meta":"","header-above-stick-meta":"","header-main-stick-meta":"","header-below-stick-meta":"","astra-migrate-meta-layouts":"set","ast-page-background-enabled":"default","ast-page-background-meta":{"desktop":{"background-color":"var(--ast-global-color-4)","background-image":"","background-repeat":"repeat","background-position":"center center","background-size":"auto","background-attachment":"scroll","background-type":"","background-media":"","overlay-type":"","overlay-color":"","overlay-opacity":"","overlay-gradient":""},"tablet":{"background-color":"","background-image":"","background-repeat":"repeat","background-position":"center center","background-size":"auto","background-attachment":"scroll","background-type":"","background-media":"","overlay-type":"","overlay-color":"","overlay-opacity":"","overlay-gradient":""},"mobile":{"background-color":"","background-image":"","background-repeat":"repeat","background-position":"center center","background-size":"auto","background-attachment":"scroll","background-type":"","background-media":"","overlay-type":"","overlay-color":"","overlay-opacity":"","overlay-gradient":""}},"ast-content-background-meta":{"desktop":{"background-color":"var(--ast-global-color-5)","background-image":"","background-repeat":"repeat","background-position":"center center","background-size":"auto","background-attachment":"scroll","background-type":"","background-media":"","overlay-type":"","overlay-color":"","overlay-opacity":"","overlay-gradient":""},"tablet":{"background-color":"var(--ast-global-color-5)","background-image":"","background-repeat":"repeat","background-position":"center center","background-size":"auto","background-attachment":"scroll","background-type":"","background-media":"","overlay-type":"","overlay-color":"","overlay-opacity":"","overlay-gradient":""},"mobile":{"background-color":"var(--ast-global-color-5)","background-image":"","background-repeat":"repeat","background-position":"center center","background-size":"auto","background-attachment":"scroll","background-type":"","background-media":"","overlay-type":"","overlay-color":"","overlay-opacity":"","overlay-gradient":""}}},"product_brand":[],"product_cat":[49,45],"product_tag":[],"class_list":{"0":"post-153072","1":"product","2":"type-product","3":"status-publish","4":"has-post-thumbnail","6":"product_cat-cajas","7":"product_cat-juguetes","8":"product_shipping_class-caja","9":"desktop-align-left","10":"tablet-align-left","11":"mobile-align-left","13":"first","14":"instock","15":"sale","16":"downloadable","17":"taxable","18":"shipping-taxable","19":"purchasable","20":"product-type-simple"},"yoast_head":"<!-- This site is optimized with the Yoast SEO plugin v27.2 - https:\/\/yoast.com\/product\/yoast-seo-wordpress\/ -->\n<title>Caja de Juguetes [21 productos] (sp550330223) - Comprardevoluciones - Tu tienda de Devoluciones de Amazon<\/title>\n<meta name=\"robots\" content=\"noindex, follow\" \/>\n<meta property=\"og:locale\" content=\"de_DE\" \/>\n<meta property=\"og:type\" content=\"article\" \/>\n<meta property=\"og:title\" content=\"Caja de Juguetes [21 productos] (sp550330223) - Comprardevoluciones - Tu tienda de Devoluciones de Amazon\" \/>\n<meta property=\"og:description\" content=\"Caja de Juguetes sin revisar procedente de devoluciones de marketplaces   N\u00famero de productos: 21  Valor aproximado: 546.00  Porcentaje que se paga: 18% + IVA  Tiempo de entrega estimado: 3 a 7 d\u00edas  *Los precios incluyen IVA\" \/>\n<meta property=\"og:url\" content=\"https:\/\/comprardevoluciones.com\/producto\/sp550330223\/\" \/>\n<meta property=\"og:site_name\" content=\"Comprardevoluciones - Tu tienda de Devoluciones de Amazon\" \/>\n<meta property=\"article:modified_time\" content=\"2026-01-27T09:41:26+00:00\" \/>\n<meta property=\"og:image\" content=\"https:\/\/comprardevoluciones.com\/wp-content\/uploads\/2025\/12\/sp550330223.jpg\" \/>\n\t<meta property=\"og:image:width\" content=\"700\" \/>\n\t<meta property=\"og:image:height\" content=\"700\" \/>\n\t<meta property=\"og:image:type\" content=\"image\/jpeg\" \/>\n<meta name=\"twitter:card\" content=\"summary_large_image\" \/>\n<meta name=\"twitter:label1\" content=\"Gesch\u00e4tzte Lesezeit\" \/>\n\t<meta name=\"twitter:data1\" content=\"4\u00a0Minuten\" \/>\n<script type=\"application\/ld+json\" class=\"yoast-schema-graph\">{\"@context\":\"https:\/\/schema.org\",\"@graph\":[{\"@type\":\"WebPage\",\"@id\":\"https:\/\/comprardevoluciones.com\/producto\/sp550330223\/\",\"url\":\"https:\/\/comprardevoluciones.com\/producto\/sp550330223\/\",\"name\":\"Caja de Juguetes [21 productos] (sp550330223) - Comprardevoluciones - Tu tienda de Devoluciones de Amazon\",\"isPartOf\":{\"@id\":\"https:\/\/comprardevoluciones.com\/#website\"},\"primaryImageOfPage\":{\"@id\":\"https:\/\/comprardevoluciones.com\/producto\/sp550330223\/#primaryimage\"},\"image\":{\"@id\":\"https:\/\/comprardevoluciones.com\/producto\/sp550330223\/#primaryimage\"},\"thumbnailUrl\":\"https:\/\/comprardevoluciones.com\/wp-content\/uploads\/2025\/12\/sp550330223.jpg\",\"datePublished\":\"2026-01-27T09:30:44+00:00\",\"dateModified\":\"2026-01-27T09:41:26+00:00\",\"breadcrumb\":{\"@id\":\"https:\/\/comprardevoluciones.com\/producto\/sp550330223\/#breadcrumb\"},\"inLanguage\":\"de\",\"potentialAction\":[{\"@type\":\"ReadAction\",\"target\":[\"https:\/\/comprardevoluciones.com\/producto\/sp550330223\/\"]}]},{\"@type\":\"ImageObject\",\"inLanguage\":\"de\",\"@id\":\"https:\/\/comprardevoluciones.com\/producto\/sp550330223\/#primaryimage\",\"url\":\"https:\/\/comprardevoluciones.com\/wp-content\/uploads\/2025\/12\/sp550330223.jpg\",\"contentUrl\":\"https:\/\/comprardevoluciones.com\/wp-content\/uploads\/2025\/12\/sp550330223.jpg\",\"width\":700,\"height\":700},{\"@type\":\"BreadcrumbList\",\"@id\":\"https:\/\/comprardevoluciones.com\/producto\/sp550330223\/#breadcrumb\",\"itemListElement\":[{\"@type\":\"ListItem\",\"position\":1,\"name\":\"Portada\",\"item\":\"https:\/\/comprardevoluciones.com\/de\/\"},{\"@type\":\"ListItem\",\"position\":2,\"name\":\"Shop\",\"item\":\"https:\/\/comprardevoluciones.com\/de\/shop\/\"},{\"@type\":\"ListItem\",\"position\":3,\"name\":\"Caja de Juguetes [21 productos] (sp550330223)\"}]},{\"@type\":\"WebSite\",\"@id\":\"https:\/\/comprardevoluciones.com\/#website\",\"url\":\"https:\/\/comprardevoluciones.com\/\",\"name\":\"Comprardevoluciones - Tu tienda de Devoluciones de Amazon\",\"description\":\"Consigue Stock en buen estado a un precio imbatible\",\"potentialAction\":[{\"@type\":\"SearchAction\",\"target\":{\"@type\":\"EntryPoint\",\"urlTemplate\":\"https:\/\/comprardevoluciones.com\/?s={search_term_string}\"},\"query-input\":{\"@type\":\"PropertyValueSpecification\",\"valueRequired\":true,\"valueName\":\"search_term_string\"}}],\"inLanguage\":\"de\"}]}<\/script>\n<!-- \/ Yoast SEO plugin. -->","yoast_head_json":{"title":"Caja de Juguetes [21 productos] (sp550330223) - Comprardevoluciones - Tu tienda de Devoluciones de Amazon","robots":{"index":"noindex","follow":"follow"},"og_locale":"de_DE","og_type":"article","og_title":"Caja de Juguetes [21 productos] (sp550330223) - Comprardevoluciones - Tu tienda de Devoluciones de Amazon","og_description":"Caja de Juguetes sin revisar procedente de devoluciones de marketplaces   N\u00famero de productos: 21  Valor aproximado: 546.00  Porcentaje que se paga: 18% + IVA  Tiempo de entrega estimado: 3 a 7 d\u00edas  *Los precios incluyen IVA","og_url":"https:\/\/comprardevoluciones.com\/producto\/sp550330223\/","og_site_name":"Comprardevoluciones - Tu tienda de Devoluciones de Amazon","article_modified_time":"2026-01-27T09:41:26+00:00","og_image":[{"width":700,"height":700,"url":"https:\/\/comprardevoluciones.com\/wp-content\/uploads\/2025\/12\/sp550330223.jpg","type":"image\/jpeg"}],"twitter_card":"summary_large_image","twitter_misc":{"Gesch\u00e4tzte Lesezeit":"4\u00a0Minuten"},"schema":{"@context":"https:\/\/schema.org","@graph":[{"@type":"WebPage","@id":"https:\/\/comprardevoluciones.com\/producto\/sp550330223\/","url":"https:\/\/comprardevoluciones.com\/producto\/sp550330223\/","name":"Caja de Juguetes [21 productos] (sp550330223) - Comprardevoluciones - Tu tienda de Devoluciones de Amazon","isPartOf":{"@id":"https:\/\/comprardevoluciones.com\/#website"},"primaryImageOfPage":{"@id":"https:\/\/comprardevoluciones.com\/producto\/sp550330223\/#primaryimage"},"image":{"@id":"https:\/\/comprardevoluciones.com\/producto\/sp550330223\/#primaryimage"},"thumbnailUrl":"https:\/\/comprardevoluciones.com\/wp-content\/uploads\/2025\/12\/sp550330223.jpg","datePublished":"2026-01-27T09:30:44+00:00","dateModified":"2026-01-27T09:41:26+00:00","breadcrumb":{"@id":"https:\/\/comprardevoluciones.com\/producto\/sp550330223\/#breadcrumb"},"inLanguage":"de","potentialAction":[{"@type":"ReadAction","target":["https:\/\/comprardevoluciones.com\/producto\/sp550330223\/"]}]},{"@type":"ImageObject","inLanguage":"de","@id":"https:\/\/comprardevoluciones.com\/producto\/sp550330223\/#primaryimage","url":"https:\/\/comprardevoluciones.com\/wp-content\/uploads\/2025\/12\/sp550330223.jpg","contentUrl":"https:\/\/comprardevoluciones.com\/wp-content\/uploads\/2025\/12\/sp550330223.jpg","width":700,"height":700},{"@type":"BreadcrumbList","@id":"https:\/\/comprardevoluciones.com\/producto\/sp550330223\/#breadcrumb","itemListElement":[{"@type":"ListItem","position":1,"name":"Portada","item":"https:\/\/comprardevoluciones.com\/de\/"},{"@type":"ListItem","position":2,"name":"Shop","item":"https:\/\/comprardevoluciones.com\/de\/shop\/"},{"@type":"ListItem","position":3,"name":"Caja de Juguetes [21 productos] (sp550330223)"}]},{"@type":"WebSite","@id":"https:\/\/comprardevoluciones.com\/#website","url":"https:\/\/comprardevoluciones.com\/","name":"Comprardevoluciones - Tu tienda de Devoluciones de Amazon","description":"Consigue Stock en buen estado a un precio imbatible","potentialAction":[{"@type":"SearchAction","target":{"@type":"EntryPoint","urlTemplate":"https:\/\/comprardevoluciones.com\/?s={search_term_string}"},"query-input":{"@type":"PropertyValueSpecification","valueRequired":true,"valueName":"search_term_string"}}],"inLanguage":"de"}]}},"_links":{"self":[{"href":"https:\/\/comprardevoluciones.com\/de\/wp-json\/wp\/v2\/product\/153072","targetHints":{"allow":["GET"]}}],"collection":[{"href":"https:\/\/comprardevoluciones.com\/de\/wp-json\/wp\/v2\/product"}],"about":[{"href":"https:\/\/comprardevoluciones.com\/de\/wp-json\/wp\/v2\/types\/product"}],"wp:featuredmedia":[{"embeddable":true,"href":"https:\/\/comprardevoluciones.com\/de\/wp-json\/wp\/v2\/media\/153079"}],"wp:attachment":[{"href":"https:\/\/comprardevoluciones.com\/de\/wp-json\/wp\/v2\/media?parent=153072"}],"wp:term":[{"taxonomy":"product_brand","embeddable":true,"href":"https:\/\/comprardevoluciones.com\/de\/wp-json\/wp\/v2\/product_brand?post=153072"},{"taxonomy":"product_cat","embeddable":true,"href":"https:\/\/comprardevoluciones.com\/de\/wp-json\/wp\/v2\/product_cat?post=153072"},{"taxonomy":"product_tag","embeddable":true,"href":"https:\/\/comprardevoluciones.com\/de\/wp-json\/wp\/v2\/product_tag?post=153072"}],"curies":[{"name":"wp","href":"https:\/\/api.w.org\/{rel}","templated":true}]}}