{"id":153615,"date":"2026-01-05T11:00:19","date_gmt":"2026-01-05T10:00:19","guid":{"rendered":"https:\/\/comprardevoluciones.com\/?post_type=product&#038;p=153615"},"modified":"2026-01-12T16:55:03","modified_gmt":"2026-01-12T15:55:03","slug":"10220907","status":"publish","type":"product","link":"https:\/\/comprardevoluciones.com\/de\/producto\/10220907\/","title":{"rendered":"Pal\u00e9 de Electrodom\u00e9sticos [21 productos] (10220907)"},"content":{"rendered":"<p>Descripci\u00f3n y valor aproximados<\/p>\n<table>\n<tbody>\n<tr>\n<td><strong>FUENTE<\/strong><\/td>\n<td><strong>PRODUCTO<\/strong><\/td>\n<td><strong>VALOR (\u20ac)<\/strong><\/td>\n<td><strong>PAGAS (\u20ac)<\/strong><\/td>\n<\/tr>\n<tr>\n<td>MARKETPLACES<\/td>\n<td><a class=\"ljoptimizer\" href=\"https:\/\/www.amazon.es\/dp\/B0CHYKNH5G?tag=amazon087683-21&amp;th=1\" target=\"_blank\" rel=\"nofollow noopener\">De&#8217;Longhi Dinamica Plus ECAM382.70.B, M\u00e1quina Autom\u00e1tica de Caf\u00e9 en Grano, M\u00e1quina Cappuccino con LatteCrema Hot, Cafetera Espresso, Taza con 18 Recetas, Pantalla TFT 3,5&#8220;, 1450W, Negro<\/a><\/td>\n<td>640<\/td>\n<td>160<\/td>\n<\/tr>\n<tr>\n<td>MARKETPLACES<\/td>\n<td><a class=\"ljoptimizer\" href=\"https:\/\/www.amazon.es\/dp\/B0DXZST2JG?tag=amazon087683-21&amp;th=1\" target=\"_blank\" rel=\"nofollow noopener\">Dyson V8 Advanced Aspiradora Sin Cable, 130 AW, hasta 40 min de autonom\u00eda, Cepillo Motorbar Anti-enredos, Elimina Pelo de Mascotas, aspiradora de Mano y Suelo<\/a><\/td>\n<td>341<\/td>\n<td>85<\/td>\n<\/tr>\n<tr>\n<td>MARKETPLACES<\/td>\n<td><a class=\"ljoptimizer\" href=\"https:\/\/www.amazon.es\/dp\/B07XTY6Y1M?tag=amazon087683-21&amp;th=1\" target=\"_blank\" rel=\"nofollow noopener\">Melitta Avanza F270-100 Mystic Titan &#8211; Cafetera superautom\u00e1tica compacta con molinillo silencioso, m\u00e1quina de caf\u00e9 con capuchinador easy, dep\u00f3sitos XL, modo doble taza y limpieza autom\u00e1tica, 1,5\u202fL<\/a><\/td>\n<td>397<\/td>\n<td>99<\/td>\n<\/tr>\n<tr>\n<td>MARKETPLACES<\/td>\n<td><a class=\"ljoptimizer\" href=\"https:\/\/www.amazon.es\/dp\/B00INSX904?tag=amazon087683-21&amp;th=1\" target=\"_blank\" rel=\"nofollow noopener\">Krups Roma &#8211; Cafetera superautom\u00e1tica, molinillo c\u00f3nico de metal, con selecci\u00f3n e intensidad de caf\u00e9, Boquilla vapor, 2 boquillas, incluye kit limpieza EA810870<\/a><\/td>\n<td>290<\/td>\n<td>73<\/td>\n<\/tr>\n<tr>\n<td>MARKETPLACES<\/td>\n<td><a class=\"ljoptimizer\" href=\"https:\/\/www.amazon.es\/dp\/B0D537KTKN?tag=amazon087683-21&amp;th=1\" target=\"_blank\" rel=\"nofollow noopener\">Eureka RapidWash NEW430 Aspirador en Seco y H\u00famedo,Fregona Electrica sin Cable, Aspiradora Fregadora Multisuperficie, Pelo de mascota Limpieza de Bordes,Doble Dep\u00f3sito Agua,Navegaci\u00f3n por voz<\/a><\/td>\n<td>264<\/td>\n<td>66<\/td>\n<\/tr>\n<tr>\n<td>MARKETPLACES<\/td>\n<td><a class=\"ljoptimizer\" href=\"https:\/\/www.amazon.es\/dp\/B0BQ1N1ZT5?tag=amazon087683-21&amp;th=1\" target=\"_blank\" rel=\"nofollow noopener\">Cecotec Limpiador Aspirador de Tapicer\u00edas y Alfombras sin Cable Conga Carpet&amp;Spot Clean Infinity. 150W, 2 Bater\u00edas Intercambiables, Autonom\u00eda 60Mins, Pulverizador de Agua y Accesorio Limpia Ventanas<\/a><\/td>\n<td>188<\/td>\n<td>47<\/td>\n<\/tr>\n<tr>\n<td>MARKETPLACES<\/td>\n<td><a class=\"ljoptimizer\" href=\"https:\/\/www.amazon.es\/dp\/B09C6J3Z9F?tag=amazon087683-21&amp;th=1\" target=\"_blank\" rel=\"nofollow noopener\">Rowenta XPert 6.60 &#8211; Aspiradora escoba vers\u00e1til sin cable, con 3 funciones en 1 multiespacios, bater\u00eda de litio, 2 velocidades, gatillo Boost, ligero y portatil, Lila RH6838<\/a><\/td>\n<td>120<\/td>\n<td>30<\/td>\n<\/tr>\n<tr>\n<td>MARKETPLACES<\/td>\n<td><a class=\"ljoptimizer\" href=\"https:\/\/www.amazon.es\/dp\/B09C6J3Z9F?tag=amazon087683-21&amp;th=1\" target=\"_blank\" rel=\"nofollow noopener\">Rowenta XPert 6.60 &#8211; Aspiradora escoba vers\u00e1til sin cable, con 3 funciones en 1 multiespacios, bater\u00eda de litio, 2 velocidades, gatillo Boost, ligero y portatil, Lila RH6838<\/a><\/td>\n<td>120<\/td>\n<td>30<\/td>\n<\/tr>\n<tr>\n<td>MARKETPLACES<\/td>\n<td><a class=\"ljoptimizer\" href=\"https:\/\/www.amazon.es\/dp\/B09ZNX4B2P?tag=amazon087683-21&amp;th=1\" target=\"_blank\" rel=\"nofollow noopener\">Vacmaster VK1323PFR 1300W 23L 3-in-1 Aspiradoras en seco y h\u00famedo, aspiradora con Limpiador de tapiceria para Coche, alfombras, colchones<\/a><\/td>\n<td>190<\/td>\n<td>48<\/td>\n<\/tr>\n<tr>\n<td>MARKETPLACES<\/td>\n<td><a class=\"ljoptimizer\" href=\"https:\/\/www.amazon.es\/dp\/B085Y464MR?tag=amazon087683-21&amp;th=1\" target=\"_blank\" rel=\"nofollow noopener\">COSORI Freidora de Aire Inteligente 5,5L con-Wifi Air Fryer 1700W, Tecnolog\u00eda Rapid Air, 55% Menos Energ\u00eda, 13 Modos, Uso F\u00e1cil, Panel T\u00e1ctil, Hasta 205\u00baC y 60 Min, Acero Inox Interior, Libre de BPA<\/a><\/td>\n<td>141<\/td>\n<td>35<\/td>\n<\/tr>\n<tr>\n<td>MARKETPLACES<\/td>\n<td><a class=\"ljoptimizer\" href=\"https:\/\/www.amazon.es\/dp\/B0BPZLLQ5P?tag=amazon087683-21&amp;th=1\" target=\"_blank\" rel=\"nofollow noopener\">Cecotec Stofzuiger voor Tapijten en Bekleding Conga 5000 Carpet&amp;Spot Clean XXL, 650 W, Twee Reservoirs, een voor Schoon Water en een voor Vuilwater, Waterverstuiver en 11 kpa Zuigkracht<\/a><\/td>\n<td>130<\/td>\n<td>33<\/td>\n<\/tr>\n<tr>\n<td>MARKETPLACES<\/td>\n<td><a class=\"ljoptimizer\" href=\"https:\/\/www.amazon.es\/dp\/B07YFYS364?tag=amazon087683-21&amp;th=1\" target=\"_blank\" rel=\"nofollow noopener\">Cecotec Cafetera Express Cafelizzia 790 Steel para Espressos y Cappuccinos. 1350 W, Brazo portafiltros con Doble Salida y Dos filtros, 20 Bares de Presi\u00f3n, Dep\u00f3sito Extra\u00edble de 1,2L, Acero<\/a><\/td>\n<td>80<\/td>\n<td>20<\/td>\n<\/tr>\n<tr>\n<td>MARKETPLACES<\/td>\n<td><a class=\"ljoptimizer\" href=\"https:\/\/www.amazon.es\/dp\/B0BPYTJ8CC?tag=amazon087683-21&amp;th=1\" target=\"_blank\" rel=\"nofollow noopener\">Cecotec Batidora de Mano Katana 15 TotalDestroy Full B Screen. 1500 W, Total Destroy, Perreo Move, 21 Velocidades, Funci\u00f3n Turbo, Texturas perfectas, Campana antisalpicaduras, Pantalla<\/a><\/td>\n<td>93<\/td>\n<td>23<\/td>\n<\/tr>\n<tr>\n<td>MARKETPLACES<\/td>\n<td><a class=\"ljoptimizer\" href=\"https:\/\/www.amazon.es\/dp\/B0D6YR6562?tag=amazon087683-21&amp;th=1\" target=\"_blank\" rel=\"nofollow noopener\">Vacmaster SCB0501 Aspirador de alfombras Limpiador de Manchas Multisuperficie para Alfombras, Moquetas, Tapicer\u00eda, Escaleras y Coche 500W<\/a><\/td>\n<td>81<\/td>\n<td>20<\/td>\n<\/tr>\n<tr>\n<td>MARKETPLACES<\/td>\n<td><a class=\"ljoptimizer\" href=\"https:\/\/www.amazon.es\/dp\/B0BPYWV8RP?tag=amazon087683-21&amp;th=1\" target=\"_blank\" rel=\"nofollow noopener\">Cecotec Cafetera express para espresso y cappuccino Cafelizzia ColdBrew. 20 Bares, Sistema ColdBrew para caf\u00e9 frio, Pantalla t\u00e1ctil, Vaporizador, Calientatazas, Dep\u00f3sito agua 1,2L extraible<\/a><\/td>\n<td>89<\/td>\n<td>22<\/td>\n<\/tr>\n<tr>\n<td>MARKETPLACES<\/td>\n<td><a class=\"ljoptimizer\" href=\"https:\/\/www.amazon.es\/dp\/B086J978R1?tag=amazon087683-21&amp;th=1\" target=\"_blank\" rel=\"nofollow noopener\">OSTBA &#8211; Cortafiambres El\u00e9ctrico OSTBA, Maquina de Cortar Fiambre, 150W, Cuchillas de Acero Inoxidable, Sistema Protector de Manos, Sistema Extrafino de Corte para Embutido<\/a><\/td>\n<td>72<\/td>\n<td>18<\/td>\n<\/tr>\n<tr>\n<td>MARKETPLACES<\/td>\n<td><a class=\"ljoptimizer\" href=\"https:\/\/www.amazon.es\/dp\/B08LDRL3WX?tag=amazon087683-21&amp;th=1\" target=\"_blank\" rel=\"nofollow noopener\">Cecotec Panificadora Bread&amp;Co 1000 Delicious. 19 Programas, 1 Kg, 15 Horas programables, Cubeta Apta para lavavajillas, Recetario<\/a><\/td>\n<td>65<\/td>\n<td>16<\/td>\n<\/tr>\n<tr>\n<td>MARKETPLACES<\/td>\n<td><a class=\"ljoptimizer\" href=\"https:\/\/www.amazon.es\/dp\/B0DJ31SYL1?tag=amazon087683-21&amp;th=1\" target=\"_blank\" rel=\"nofollow noopener\">Cecotec Radiador El\u00e9ctrico de Aceite Bajo Consumo de 9 M\u00f3dulos ReadyWarm 950 Space White. 2000W, 3 Niveles de Potencia, Sistema de seguridad y Ruedas, Ideal para 20m\u00b2, Blanco<\/a><\/td>\n<td>56<\/td>\n<td>14<\/td>\n<\/tr>\n<tr>\n<td>MARKETPLACES<\/td>\n<td><a class=\"ljoptimizer\" href=\"https:\/\/www.amazon.es\/dp\/B0DJ31SYL1?tag=amazon087683-21&amp;th=1\" target=\"_blank\" rel=\"nofollow noopener\">Cecotec Radiador El\u00e9ctrico de Aceite Bajo Consumo de 9 M\u00f3dulos ReadyWarm 950 Space White. 2000W, 3 Niveles de Potencia, Sistema de seguridad y Ruedas, Ideal para 20m\u00b2, Blanco<\/a><\/td>\n<td>56<\/td>\n<td>14<\/td>\n<\/tr>\n<tr>\n<td>MARKETPLACES<\/td>\n<td><a class=\"ljoptimizer\" href=\"https:\/\/www.amazon.es\/dp\/B0B8JSQ935?tag=amazon087683-21&amp;th=1\" target=\"_blank\" rel=\"nofollow noopener\">Cecotec Radiador El\u00e9ctrico de Aceite ReadyWarm 5000 Space Black. 5 M\u00f3dulos, Bajo Consumo, 1000 W, 3 Niveles, Recogecables, Control Sencillo, Asa, Ruedas, Sistema de Seguridad, 12 m\u00b2<\/a><\/td>\n<td>49<\/td>\n<td>12<\/td>\n<\/tr>\n<tr>\n<td>MARKETPLACES<\/td>\n<td><a class=\"ljoptimizer\" href=\"https:\/\/www.amazon.es\/dp\/B08KGHRZ32?tag=amazon087683-21&amp;th=1\" target=\"_blank\" rel=\"nofollow noopener\">Cecotec Aspiradora Escoba con Cable Conga Popstar 1500 Animal Duo. 600 W Potencia M\u00e1xima, 2 en 1, 15 kPa, Tecnolog\u00eda Cicl\u00f3nica, Sin Bolsas, Cable 6 m, Dep\u00f3sito 800 ml, Apto para Mascotas<\/a><\/td>\n<td>30<\/td>\n<td>8<\/td>\n<\/tr>\n<\/tbody>\n<\/table>\n","protected":false},"excerpt":{"rendered":"<p>Pal\u00e9 de Electrodom\u00e9sticos sin revisar procedente de devoluciones de marketplaces<\/p>\n<ul>\n<li>N\u00famero de productos: 21<\/li>\n<li>Valor aproximado: 3.492 \u20ac<\/li>\n<li>Porcentaje que se paga: 21% + IVA<\/li>\n<li>Tiempo de entrega estimado: 3 a 7 d\u00edas<\/li>\n<\/ul>\n<p>*Los precios incluyen IVA<\/p>\n","protected":false},"featured_media":153638,"template":"","meta":{"site-sidebar-layout":"default","site-content-layout":"","ast-site-content-layout":"default","site-content-style":"default","site-sidebar-style":"default","ast-global-header-display":"","ast-banner-title-visibility":"","ast-main-header-display":"","ast-hfb-above-header-display":"","ast-hfb-below-header-display":"","ast-hfb-mobile-header-display":"","site-post-title":"","ast-breadcrumbs-content":"","ast-featured-img":"","footer-sml-layout":"","ast-disable-related-posts":"","theme-transparent-header-meta":"default","adv-header-id-meta":"","stick-header-meta":"","header-above-stick-meta":"","header-main-stick-meta":"","header-below-stick-meta":"","astra-migrate-meta-layouts":"set","ast-page-background-enabled":"default","ast-page-background-meta":{"desktop":{"background-color":"var(--ast-global-color-4)","background-image":"","background-repeat":"repeat","background-position":"center center","background-size":"auto","background-attachment":"scroll","background-type":"","background-media":"","overlay-type":"","overlay-color":"","overlay-opacity":"","overlay-gradient":""},"tablet":{"background-color":"","background-image":"","background-repeat":"repeat","background-position":"center center","background-size":"auto","background-attachment":"scroll","background-type":"","background-media":"","overlay-type":"","overlay-color":"","overlay-opacity":"","overlay-gradient":""},"mobile":{"background-color":"","background-image":"","background-repeat":"repeat","background-position":"center center","background-size":"auto","background-attachment":"scroll","background-type":"","background-media":"","overlay-type":"","overlay-color":"","overlay-opacity":"","overlay-gradient":""}},"ast-content-background-meta":{"desktop":{"background-color":"var(--ast-global-color-5)","background-image":"","background-repeat":"repeat","background-position":"center center","background-size":"auto","background-attachment":"scroll","background-type":"","background-media":"","overlay-type":"","overlay-color":"","overlay-opacity":"","overlay-gradient":""},"tablet":{"background-color":"var(--ast-global-color-5)","background-image":"","background-repeat":"repeat","background-position":"center center","background-size":"auto","background-attachment":"scroll","background-type":"","background-media":"","overlay-type":"","overlay-color":"","overlay-opacity":"","overlay-gradient":""},"mobile":{"background-color":"var(--ast-global-color-5)","background-image":"","background-repeat":"repeat","background-position":"center center","background-size":"auto","background-attachment":"scroll","background-type":"","background-media":"","overlay-type":"","overlay-color":"","overlay-opacity":"","overlay-gradient":""}}},"product_brand":[],"product_cat":[51,65],"product_tag":[],"class_list":{"0":"post-153615","1":"product","2":"type-product","3":"status-publish","4":"has-post-thumbnail","6":"product_cat-electrodomesticos","7":"product_cat-pales","8":"product_shipping_class-pale","9":"desktop-align-left","10":"tablet-align-left","11":"mobile-align-left","13":"first","14":"outofstock","15":"sale","16":"downloadable","17":"taxable","18":"shipping-taxable","19":"purchasable","20":"product-type-simple"},"yoast_head":"<!-- This site is optimized with the Yoast SEO plugin v27.2 - https:\/\/yoast.com\/product\/yoast-seo-wordpress\/ -->\n<title>Pal\u00e9 de Electrodom\u00e9sticos [21 productos] (10220907) - Comprardevoluciones - Tu tienda de Devoluciones de Amazon<\/title>\n<meta name=\"robots\" content=\"noindex, follow\" \/>\n<meta property=\"og:locale\" content=\"de_DE\" \/>\n<meta property=\"og:type\" content=\"article\" \/>\n<meta property=\"og:title\" content=\"Pal\u00e9 de Electrodom\u00e9sticos [21 productos] (10220907) - Comprardevoluciones - Tu tienda de Devoluciones de Amazon\" \/>\n<meta property=\"og:description\" content=\"Pal\u00e9 de Electrodom\u00e9sticos sin revisar procedente de devoluciones de marketplaces   N\u00famero de productos: 21  Valor aproximado: 3.492 \u20ac  Porcentaje que se paga: 21% + IVA  Tiempo de entrega estimado: 3 a 7 d\u00edas  *Los precios incluyen IVA\" \/>\n<meta property=\"og:url\" content=\"https:\/\/comprardevoluciones.com\/producto\/10220907\/\" \/>\n<meta property=\"og:site_name\" content=\"Comprardevoluciones - Tu tienda de Devoluciones de Amazon\" \/>\n<meta property=\"article:modified_time\" content=\"2026-01-12T15:55:03+00:00\" \/>\n<meta property=\"og:image\" content=\"https:\/\/comprardevoluciones.com\/wp-content\/uploads\/2025\/12\/10220907.jpg\" \/>\n\t<meta property=\"og:image:width\" content=\"700\" \/>\n\t<meta property=\"og:image:height\" content=\"700\" \/>\n\t<meta property=\"og:image:type\" content=\"image\/jpeg\" \/>\n<meta name=\"twitter:card\" content=\"summary_large_image\" \/>\n<meta name=\"twitter:label1\" content=\"Gesch\u00e4tzte Lesezeit\" \/>\n\t<meta name=\"twitter:data1\" content=\"3\u00a0Minuten\" \/>\n<script type=\"application\/ld+json\" class=\"yoast-schema-graph\">{\"@context\":\"https:\/\/schema.org\",\"@graph\":[{\"@type\":\"WebPage\",\"@id\":\"https:\/\/comprardevoluciones.com\/producto\/10220907\/\",\"url\":\"https:\/\/comprardevoluciones.com\/producto\/10220907\/\",\"name\":\"Pal\u00e9 de Electrodom\u00e9sticos [21 productos] (10220907) - Comprardevoluciones - Tu tienda de Devoluciones de Amazon\",\"isPartOf\":{\"@id\":\"https:\/\/comprardevoluciones.com\/#website\"},\"primaryImageOfPage\":{\"@id\":\"https:\/\/comprardevoluciones.com\/producto\/10220907\/#primaryimage\"},\"image\":{\"@id\":\"https:\/\/comprardevoluciones.com\/producto\/10220907\/#primaryimage\"},\"thumbnailUrl\":\"https:\/\/comprardevoluciones.com\/wp-content\/uploads\/2025\/12\/10220907.jpg\",\"datePublished\":\"2026-01-05T10:00:19+00:00\",\"dateModified\":\"2026-01-12T15:55:03+00:00\",\"breadcrumb\":{\"@id\":\"https:\/\/comprardevoluciones.com\/producto\/10220907\/#breadcrumb\"},\"inLanguage\":\"de\",\"potentialAction\":[{\"@type\":\"ReadAction\",\"target\":[\"https:\/\/comprardevoluciones.com\/producto\/10220907\/\"]}]},{\"@type\":\"ImageObject\",\"inLanguage\":\"de\",\"@id\":\"https:\/\/comprardevoluciones.com\/producto\/10220907\/#primaryimage\",\"url\":\"https:\/\/comprardevoluciones.com\/wp-content\/uploads\/2025\/12\/10220907.jpg\",\"contentUrl\":\"https:\/\/comprardevoluciones.com\/wp-content\/uploads\/2025\/12\/10220907.jpg\",\"width\":700,\"height\":700},{\"@type\":\"BreadcrumbList\",\"@id\":\"https:\/\/comprardevoluciones.com\/producto\/10220907\/#breadcrumb\",\"itemListElement\":[{\"@type\":\"ListItem\",\"position\":1,\"name\":\"Portada\",\"item\":\"https:\/\/comprardevoluciones.com\/de\/\"},{\"@type\":\"ListItem\",\"position\":2,\"name\":\"Shop\",\"item\":\"https:\/\/comprardevoluciones.com\/de\/shop\/\"},{\"@type\":\"ListItem\",\"position\":3,\"name\":\"Pal\u00e9 de Electrodom\u00e9sticos [21 productos] (10220907)\"}]},{\"@type\":\"WebSite\",\"@id\":\"https:\/\/comprardevoluciones.com\/#website\",\"url\":\"https:\/\/comprardevoluciones.com\/\",\"name\":\"Comprardevoluciones - Tu tienda de Devoluciones de Amazon\",\"description\":\"Consigue Stock en buen estado a un precio imbatible\",\"potentialAction\":[{\"@type\":\"SearchAction\",\"target\":{\"@type\":\"EntryPoint\",\"urlTemplate\":\"https:\/\/comprardevoluciones.com\/?s={search_term_string}\"},\"query-input\":{\"@type\":\"PropertyValueSpecification\",\"valueRequired\":true,\"valueName\":\"search_term_string\"}}],\"inLanguage\":\"de\"}]}<\/script>\n<!-- \/ Yoast SEO plugin. -->","yoast_head_json":{"title":"Pal\u00e9 de Electrodom\u00e9sticos [21 productos] (10220907) - Comprardevoluciones - Tu tienda de Devoluciones de Amazon","robots":{"index":"noindex","follow":"follow"},"og_locale":"de_DE","og_type":"article","og_title":"Pal\u00e9 de Electrodom\u00e9sticos [21 productos] (10220907) - Comprardevoluciones - Tu tienda de Devoluciones de Amazon","og_description":"Pal\u00e9 de Electrodom\u00e9sticos sin revisar procedente de devoluciones de marketplaces   N\u00famero de productos: 21  Valor aproximado: 3.492 \u20ac  Porcentaje que se paga: 21% + IVA  Tiempo de entrega estimado: 3 a 7 d\u00edas  *Los precios incluyen IVA","og_url":"https:\/\/comprardevoluciones.com\/producto\/10220907\/","og_site_name":"Comprardevoluciones - Tu tienda de Devoluciones de Amazon","article_modified_time":"2026-01-12T15:55:03+00:00","og_image":[{"width":700,"height":700,"url":"https:\/\/comprardevoluciones.com\/wp-content\/uploads\/2025\/12\/10220907.jpg","type":"image\/jpeg"}],"twitter_card":"summary_large_image","twitter_misc":{"Gesch\u00e4tzte Lesezeit":"3\u00a0Minuten"},"schema":{"@context":"https:\/\/schema.org","@graph":[{"@type":"WebPage","@id":"https:\/\/comprardevoluciones.com\/producto\/10220907\/","url":"https:\/\/comprardevoluciones.com\/producto\/10220907\/","name":"Pal\u00e9 de Electrodom\u00e9sticos [21 productos] (10220907) - Comprardevoluciones - Tu tienda de Devoluciones de Amazon","isPartOf":{"@id":"https:\/\/comprardevoluciones.com\/#website"},"primaryImageOfPage":{"@id":"https:\/\/comprardevoluciones.com\/producto\/10220907\/#primaryimage"},"image":{"@id":"https:\/\/comprardevoluciones.com\/producto\/10220907\/#primaryimage"},"thumbnailUrl":"https:\/\/comprardevoluciones.com\/wp-content\/uploads\/2025\/12\/10220907.jpg","datePublished":"2026-01-05T10:00:19+00:00","dateModified":"2026-01-12T15:55:03+00:00","breadcrumb":{"@id":"https:\/\/comprardevoluciones.com\/producto\/10220907\/#breadcrumb"},"inLanguage":"de","potentialAction":[{"@type":"ReadAction","target":["https:\/\/comprardevoluciones.com\/producto\/10220907\/"]}]},{"@type":"ImageObject","inLanguage":"de","@id":"https:\/\/comprardevoluciones.com\/producto\/10220907\/#primaryimage","url":"https:\/\/comprardevoluciones.com\/wp-content\/uploads\/2025\/12\/10220907.jpg","contentUrl":"https:\/\/comprardevoluciones.com\/wp-content\/uploads\/2025\/12\/10220907.jpg","width":700,"height":700},{"@type":"BreadcrumbList","@id":"https:\/\/comprardevoluciones.com\/producto\/10220907\/#breadcrumb","itemListElement":[{"@type":"ListItem","position":1,"name":"Portada","item":"https:\/\/comprardevoluciones.com\/de\/"},{"@type":"ListItem","position":2,"name":"Shop","item":"https:\/\/comprardevoluciones.com\/de\/shop\/"},{"@type":"ListItem","position":3,"name":"Pal\u00e9 de Electrodom\u00e9sticos [21 productos] (10220907)"}]},{"@type":"WebSite","@id":"https:\/\/comprardevoluciones.com\/#website","url":"https:\/\/comprardevoluciones.com\/","name":"Comprardevoluciones - Tu tienda de Devoluciones de Amazon","description":"Consigue Stock en buen estado a un precio imbatible","potentialAction":[{"@type":"SearchAction","target":{"@type":"EntryPoint","urlTemplate":"https:\/\/comprardevoluciones.com\/?s={search_term_string}"},"query-input":{"@type":"PropertyValueSpecification","valueRequired":true,"valueName":"search_term_string"}}],"inLanguage":"de"}]}},"_links":{"self":[{"href":"https:\/\/comprardevoluciones.com\/de\/wp-json\/wp\/v2\/product\/153615","targetHints":{"allow":["GET"]}}],"collection":[{"href":"https:\/\/comprardevoluciones.com\/de\/wp-json\/wp\/v2\/product"}],"about":[{"href":"https:\/\/comprardevoluciones.com\/de\/wp-json\/wp\/v2\/types\/product"}],"wp:featuredmedia":[{"embeddable":true,"href":"https:\/\/comprardevoluciones.com\/de\/wp-json\/wp\/v2\/media\/153638"}],"wp:attachment":[{"href":"https:\/\/comprardevoluciones.com\/de\/wp-json\/wp\/v2\/media?parent=153615"}],"wp:term":[{"taxonomy":"product_brand","embeddable":true,"href":"https:\/\/comprardevoluciones.com\/de\/wp-json\/wp\/v2\/product_brand?post=153615"},{"taxonomy":"product_cat","embeddable":true,"href":"https:\/\/comprardevoluciones.com\/de\/wp-json\/wp\/v2\/product_cat?post=153615"},{"taxonomy":"product_tag","embeddable":true,"href":"https:\/\/comprardevoluciones.com\/de\/wp-json\/wp\/v2\/product_tag?post=153615"}],"curies":[{"name":"wp","href":"https:\/\/api.w.org\/{rel}","templated":true}]}}