{"id":159706,"date":"2026-03-02T11:00:04","date_gmt":"2026-03-02T10:00:04","guid":{"rendered":"https:\/\/comprardevoluciones.com\/?post_type=product&#038;p=159706"},"modified":"2026-03-02T14:20:47","modified_gmt":"2026-03-02T13:20:47","slug":"spnk5ypd1js","status":"publish","type":"product","link":"https:\/\/comprardevoluciones.com\/de\/producto\/spnk5ypd1js\/","title":{"rendered":"Caja de Hogar [23 productos] (spNK5YPD1JS)"},"content":{"rendered":"<p>Descripci\u00f3n y valor aproximados<\/p>\n<table>\n<tbody>\n<tr>\n<td><strong>FUENTE<\/strong><\/td>\n<td><strong>PRODUCTO<\/strong><\/td>\n<td><strong>VALOR (\u20ac)<\/strong><\/td>\n<td><strong>PAGAS (\u20ac)<\/strong><\/td>\n<\/tr>\n<tr>\n<td>MARKETPLACES<\/td>\n<td><a class=\"ljoptimizer\" href=\"https:\/\/www.amazon.es\/dp\/B07SQ2FZTK?tag=amazon087683-21&amp;th=1\" target=\"_blank\" rel=\"nofollow noopener\">Philips Hue Go L\u00e1mpara de Mesa LED, l\u00e1mpara inteligente con Bluetooth, Luz led Blanca y luces de Colores, Compatible con Alexa y Google Home<\/a><\/td>\n<td>99 \u20ac<\/td>\n<td>20 \u20ac<\/td>\n<\/tr>\n<tr>\n<td>MARKETPLACES<\/td>\n<td><a class=\"ljoptimizer\" href=\"https:\/\/www.amazon.es\/dp\/B0CQK9393B?tag=amazon087683-21&amp;th=1\" target=\"_blank\" rel=\"nofollow noopener\">Philips PSG2000\/80 Centro de Planchado de Vapor 2400W 6Bar<\/a><\/td>\n<td>80 \u20ac<\/td>\n<td>16 \u20ac<\/td>\n<\/tr>\n<tr>\n<td>MARKETPLACES<\/td>\n<td><a class=\"ljoptimizer\" href=\"https:\/\/www.amazon.es\/dp\/B07CS8BYYV?tag=amazon087683-21&amp;th=1\" target=\"_blank\" rel=\"nofollow noopener\">Tefal Daily Cook &#8211; Juego de Sartenes de 20\/24\/26 cm, Apto inducci\u00f3n, antiadherente, revestimiento titanio, Thermo-signal, sin PFOA, apto lavavajillas y horno, acero inoxidable<\/a><\/td>\n<td>64 \u20ac<\/td>\n<td>13 \u20ac<\/td>\n<\/tr>\n<tr>\n<td>MARKETPLACES<\/td>\n<td><a class=\"ljoptimizer\" href=\"https:\/\/www.amazon.es\/dp\/B088RX9CSZ?tag=amazon087683-21&amp;th=1\" target=\"_blank\" rel=\"nofollow noopener\">Philips Hue &#8211; Tira Led inteligente 2m, luces inteligentes con Bluetooth, Luz Blanca y luces de colores, Compatible con Alexa y Google Home (incl. alimentador) [Clase de eficiencia energ\u00e9tica G]<\/a><\/td>\n<td>50 \u20ac<\/td>\n<td>10 \u20ac<\/td>\n<\/tr>\n<tr>\n<td>MARKETPLACES<\/td>\n<td><a class=\"ljoptimizer\" href=\"https:\/\/www.amazon.es\/dp\/B0743BYNYP?tag=amazon087683-21&amp;th=1\" target=\"_blank\" rel=\"nofollow noopener\">Fackelmann Soporte jamonero Giratorio Profesional para paletilla y jam\u00f3n, Pino con herrajes cromados, Color Madera Natural, 36,5 x 16,5 x 37,5 cm, 1 ud<\/a><\/td>\n<td>41 \u20ac<\/td>\n<td>8 \u20ac<\/td>\n<\/tr>\n<tr>\n<td>MARKETPLACES<\/td>\n<td><a class=\"ljoptimizer\" href=\"https:\/\/www.amazon.es\/dp\/B0743BYNYP?tag=amazon087683-21&amp;th=1\" target=\"_blank\" rel=\"nofollow noopener\">Fackelmann Soporte jamonero Giratorio Profesional para paletilla y jam\u00f3n, Pino con herrajes cromados, Color Madera Natural, 36,5 x 16,5 x 37,5 cm, 1 ud<\/a><\/td>\n<td>41 \u20ac<\/td>\n<td>8 \u20ac<\/td>\n<\/tr>\n<tr>\n<td>MARKETPLACES<\/td>\n<td><a class=\"ljoptimizer\" href=\"https:\/\/www.amazon.es\/dp\/B0743BYNYP?tag=amazon087683-21&amp;th=1\" target=\"_blank\" rel=\"nofollow noopener\">Fackelmann Soporte jamonero Giratorio Profesional para paletilla y jam\u00f3n, Pino con herrajes cromados, Color Madera Natural, 36,5 x 16,5 x 37,5 cm, 1 ud<\/a><\/td>\n<td>41 \u20ac<\/td>\n<td>8 \u20ac<\/td>\n<\/tr>\n<tr>\n<td>MARKETPLACES<\/td>\n<td><a class=\"ljoptimizer\" href=\"https:\/\/www.amazon.es\/dp\/B071F95D14?tag=amazon087683-21&amp;th=1\" target=\"_blank\" rel=\"nofollow noopener\">Amig &#8211; Tendedero Fijo de Pared &#8211; Tenderete de Dos Brazos &#8211; 6 Poleas de Acero Inoxidable &#8211; Soporta Gran Capacidad de Ropa Mojada &#8211; Uso Exterior &#8211; F\u00e1cil Instalaci\u00f3n &#8211; Compacto y Duradero &#8211; 46x8x18cm<\/a><\/td>\n<td>40 \u20ac<\/td>\n<td>8 \u20ac<\/td>\n<\/tr>\n<tr>\n<td>MARKETPLACES<\/td>\n<td><a class=\"ljoptimizer\" href=\"https:\/\/www.amazon.es\/dp\/B0FC2MR3V1?tag=amazon087683-21&amp;th=1\" target=\"_blank\" rel=\"nofollow noopener\">YICAIZI L\u00e1mpara de Pie LED Regulable RGB para sala de estar, 160 cm, con control por aplicaci\u00f3n y mando a distancia, sincronizaci\u00f3n de m\u00fasica y temporizador, para decoraci\u00f3n de fiestas<\/a><\/td>\n<td>39 \u20ac<\/td>\n<td>8 \u20ac<\/td>\n<\/tr>\n<tr>\n<td>MARKETPLACES<\/td>\n<td><a class=\"ljoptimizer\" href=\"https:\/\/www.amazon.es\/dp\/B0C3VC6WQY?tag=amazon087683-21&amp;th=1\" target=\"_blank\" rel=\"nofollow noopener\">Granbest Fundas para sillas de comedor de alta elasticidad, ajuste universal, fundas para sillas de comedor Parson, protectores de silla extra\u00edbles para comedor, cocina, restaurante y hotel (juego de<\/a><\/td>\n<td>39 \u20ac<\/td>\n<td>8 \u20ac<\/td>\n<\/tr>\n<tr>\n<td>MARKETPLACES<\/td>\n<td><a class=\"ljoptimizer\" href=\"https:\/\/www.amazon.es\/dp\/B09YV5R1DF?tag=amazon087683-21&amp;th=1\" target=\"_blank\" rel=\"nofollow noopener\">WiZ &#8211; Bombilla LED Inteligente Wi-Fi, 18,5W (Eq. 150 W) A80 E27, Luz Blanca y de Colores, con tecnolog\u00eda SpaceSense y compatible con Alexa y Google Home<\/a><\/td>\n<td>30 \u20ac<\/td>\n<td>6 \u20ac<\/td>\n<\/tr>\n<tr>\n<td>MARKETPLACES<\/td>\n<td><a class=\"ljoptimizer\" href=\"https:\/\/www.amazon.es\/dp\/B099NQFWW1?tag=amazon087683-21&amp;th=1\" target=\"_blank\" rel=\"nofollow noopener\">Philips Hue White E27 LED bulb, 1600lm, warm white, dimmable, controllable via app, compatible with Amazon Alexa (Echo, Echo Dot), old generation<\/a><\/td>\n<td>28 \u20ac<\/td>\n<td>6 \u20ac<\/td>\n<\/tr>\n<tr>\n<td>MARKETPLACES<\/td>\n<td><a class=\"ljoptimizer\" href=\"https:\/\/www.amazon.es\/dp\/B0FL14D129?tag=amazon087683-21&amp;th=1\" target=\"_blank\" rel=\"nofollow noopener\">Puremind Spectro Luz Roja Nocturna Melatonina E27 + \u00c1mbar \u2013 L\u00e1mpara Terapia de Luz Infrarroja + \u00c1mbar para Bienestar &#8211; Relajaci\u00f3n + Recarga Celular \u2013 Dispositivo Antiedad + Antiedad Lum\u00ednico<\/a><\/td>\n<td>25 \u20ac<\/td>\n<td>5 \u20ac<\/td>\n<\/tr>\n<tr>\n<td>MARKETPLACES<\/td>\n<td><a class=\"ljoptimizer\" href=\"https:\/\/www.amazon.es\/dp\/B0CQP6FJN1?tag=amazon087683-21&amp;th=1\" target=\"_blank\" rel=\"nofollow noopener\">Amazon Basics Tira de luz LED inteligente de 10 m, RGBW, funciona solo con Alexa, Multicolor<\/a><\/td>\n<td>18 \u20ac<\/td>\n<td>4 \u20ac<\/td>\n<\/tr>\n<tr>\n<td>MARKETPLACES<\/td>\n<td><a class=\"ljoptimizer\" href=\"https:\/\/www.amazon.es\/dp\/B0CWXWZTTB?tag=amazon087683-21&amp;th=1\" target=\"_blank\" rel=\"nofollow noopener\">HOVVIDA Tira LED 30M, 30 LED\/Metro, 2x15M, 24V RGB Luces, 900 LED, APP y Mando a distancia, Modo de M\u00fasica, LED para Habitaci\u00f3n, Sala, Cocina, Dormitorio, Bar, Fiesta<\/a><\/td>\n<td>18 \u20ac<\/td>\n<td>4 \u20ac<\/td>\n<\/tr>\n<tr>\n<td>MARKETPLACES<\/td>\n<td><a class=\"ljoptimizer\" href=\"https:\/\/www.amazon.es\/dp\/B08HCZHW6M?tag=amazon087683-21&amp;th=1\" target=\"_blank\" rel=\"nofollow noopener\">WiZ &#8211; Bombilla LED Inteligente Wi-Fi, 13W(Eq. 100W) E27 A67, Luz Blanca y de Colores, con tecnolog\u00eda SpaceSense y compatible con Alexa y Google Home<\/a><\/td>\n<td>18 \u20ac<\/td>\n<td>4 \u20ac<\/td>\n<\/tr>\n<tr>\n<td>MARKETPLACES<\/td>\n<td><a class=\"ljoptimizer\" href=\"https:\/\/www.amazon.es\/dp\/B09QLVRZPC?tag=amazon087683-21&amp;th=1\" target=\"_blank\" rel=\"nofollow noopener\">GRIFEMA, GF1001W Espejo Maquillaje con Luz, Espejo de Vanidad LED Triple con Aumento 1X\/2X\/3X Espejo de Vanidad, Rotaci\u00f3n Ajustable 180\u00b0, Interruptor T\u00e1ctil,Fuente de Alimentaci\u00f3n Dual, Blanco<\/a><\/td>\n<td>17 \u20ac<\/td>\n<td>3 \u20ac<\/td>\n<\/tr>\n<tr>\n<td>MARKETPLACES<\/td>\n<td><a class=\"ljoptimizer\" href=\"https:\/\/www.amazon.es\/dp\/B01E1GS3WA?tag=amazon087683-21&amp;th=1\" target=\"_blank\" rel=\"nofollow noopener\">Jata CAX110 &#8211; Cafetera Italiana Inducci\u00f3n, Capacidad 10 Tazas, Apta para Todo Tipo de Cocinas, Cuerpo Acero Inoxidable<\/a><\/td>\n<td>17 \u20ac<\/td>\n<td>3 \u20ac<\/td>\n<\/tr>\n<tr>\n<td>MARKETPLACES<\/td>\n<td><a class=\"ljoptimizer\" href=\"https:\/\/www.amazon.es\/dp\/B0C2QKDWMN?tag=amazon087683-21&amp;th=1\" target=\"_blank\" rel=\"nofollow noopener\">Philips Hue &#8211; Bombilla led inteligente, casquillo E27, Luz c\u00e1lida regulable, 9W &#8211; 800 lumens, Bluetooth, Compatible con Zigbee y Alexa<\/a><\/td>\n<td>15 \u20ac<\/td>\n<td>3 \u20ac<\/td>\n<\/tr>\n<tr>\n<td>MARKETPLACES<\/td>\n<td><a class=\"ljoptimizer\" href=\"https:\/\/www.amazon.es\/dp\/B0C2QKDWMN?tag=amazon087683-21&amp;th=1\" target=\"_blank\" rel=\"nofollow noopener\">Philips Hue &#8211; Bombilla led inteligente, casquillo E27, Luz c\u00e1lida regulable, 9W &#8211; 800 lumens, Bluetooth, Compatible con Zigbee y Alexa<\/a><\/td>\n<td>15 \u20ac<\/td>\n<td>3 \u20ac<\/td>\n<\/tr>\n<tr>\n<td>MARKETPLACES<\/td>\n<td><a class=\"ljoptimizer\" href=\"https:\/\/www.amazon.es\/dp\/B0FGD98Q1G?tag=amazon087683-21&amp;th=1\" target=\"_blank\" rel=\"nofollow noopener\">OSRAM SMART+ MATTER CLASSIC shapes Multicolor A-Form LED-Lampe Kunststoff Matt 14 W 1521 lm Matter Smartspeaker-Kompatibel Dimmbar Energieeffizienzklasse: F<\/a><\/td>\n<td>14 \u20ac<\/td>\n<td>3 \u20ac<\/td>\n<\/tr>\n<tr>\n<td>MARKETPLACES<\/td>\n<td><a class=\"ljoptimizer\" href=\"https:\/\/www.amazon.es\/dp\/B0F9NH8R8Y?tag=amazon087683-21&amp;th=1\" target=\"_blank\" rel=\"nofollow noopener\">sylvwin Cadena de Luces para \u00c1rbol de Navidad de 2M con Control Remoto y 16 Guirnaldas, LED Luz Cadena Ligera Navidad de 400 LED con Aro, 8 Modos,para Decoraci\u00f3n Navide\u00f1a de Interior y Exterior<\/a><\/td>\n<td>12 \u20ac<\/td>\n<td>2 \u20ac<\/td>\n<\/tr>\n<tr>\n<td>MARKETPLACES<\/td>\n<td><a class=\"ljoptimizer\" href=\"https:\/\/www.amazon.es\/dp\/B0CC4W2BHG?tag=amazon087683-21&amp;th=1\" target=\"_blank\" rel=\"nofollow noopener\">HOVVIDA Tira LED 10M, 30 LED\/Metro, 1x10M, 24V RGB Luces LED, 300 LED, APP y Mando a distancia, Modo de M\u00fasica, LED para Habitaci\u00f3n, Sala, Cocina, Fiesta<\/a><\/td>\n<td>11 \u20ac<\/td>\n<td>2 \u20ac<\/td>\n<\/tr>\n<\/tbody>\n<\/table>\n","protected":false},"excerpt":{"rendered":"<p>Caja de Hogar sin revisar procedente de devoluciones de marketplaces<\/p>\n<ul>\n<li>N\u00famero de productos: 23<\/li>\n<li>Valor aproximado: 772.00<\/li>\n<li>Porcentaje que se paga: 16% + IVA<\/li>\n<li>Tiempo de entrega estimado: 3 a 7 d\u00edas<\/li>\n<\/ul>\n<p>*Los precios incluyen IVA<\/p>\n","protected":false},"featured_media":159477,"template":"","meta":{"site-sidebar-layout":"default","site-content-layout":"","ast-site-content-layout":"default","site-content-style":"default","site-sidebar-style":"default","ast-global-header-display":"","ast-banner-title-visibility":"","ast-main-header-display":"","ast-hfb-above-header-display":"","ast-hfb-below-header-display":"","ast-hfb-mobile-header-display":"","site-post-title":"","ast-breadcrumbs-content":"","ast-featured-img":"","footer-sml-layout":"","ast-disable-related-posts":"","theme-transparent-header-meta":"default","adv-header-id-meta":"","stick-header-meta":"","header-above-stick-meta":"","header-main-stick-meta":"","header-below-stick-meta":"","astra-migrate-meta-layouts":"set","ast-page-background-enabled":"default","ast-page-background-meta":{"desktop":{"background-color":"var(--ast-global-color-4)","background-image":"","background-repeat":"repeat","background-position":"center center","background-size":"auto","background-attachment":"scroll","background-type":"","background-media":"","overlay-type":"","overlay-color":"","overlay-opacity":"","overlay-gradient":""},"tablet":{"background-color":"","background-image":"","background-repeat":"repeat","background-position":"center center","background-size":"auto","background-attachment":"scroll","background-type":"","background-media":"","overlay-type":"","overlay-color":"","overlay-opacity":"","overlay-gradient":""},"mobile":{"background-color":"","background-image":"","background-repeat":"repeat","background-position":"center center","background-size":"auto","background-attachment":"scroll","background-type":"","background-media":"","overlay-type":"","overlay-color":"","overlay-opacity":"","overlay-gradient":""}},"ast-content-background-meta":{"desktop":{"background-color":"var(--ast-global-color-5)","background-image":"","background-repeat":"repeat","background-position":"center center","background-size":"auto","background-attachment":"scroll","background-type":"","background-media":"","overlay-type":"","overlay-color":"","overlay-opacity":"","overlay-gradient":""},"tablet":{"background-color":"var(--ast-global-color-5)","background-image":"","background-repeat":"repeat","background-position":"center center","background-size":"auto","background-attachment":"scroll","background-type":"","background-media":"","overlay-type":"","overlay-color":"","overlay-opacity":"","overlay-gradient":""},"mobile":{"background-color":"var(--ast-global-color-5)","background-image":"","background-repeat":"repeat","background-position":"center center","background-size":"auto","background-attachment":"scroll","background-type":"","background-media":"","overlay-type":"","overlay-color":"","overlay-opacity":"","overlay-gradient":""}}},"product_brand":[],"product_cat":[49,43],"product_tag":[],"class_list":{"0":"post-159706","1":"product","2":"type-product","3":"status-publish","4":"has-post-thumbnail","6":"product_cat-cajas","7":"product_cat-hogar","8":"desktop-align-left","9":"tablet-align-left","10":"mobile-align-left","12":"first","13":"outofstock","14":"sale","15":"downloadable","16":"taxable","17":"shipping-taxable","18":"purchasable","19":"product-type-simple"},"yoast_head":"<!-- This site is optimized with the Yoast SEO plugin v27.2 - https:\/\/yoast.com\/product\/yoast-seo-wordpress\/ -->\n<title>Caja de Hogar [23 productos] (spNK5YPD1JS) - Comprardevoluciones - Tu tienda de Devoluciones de Amazon<\/title>\n<meta name=\"robots\" content=\"noindex, follow\" \/>\n<meta property=\"og:locale\" content=\"de_DE\" \/>\n<meta property=\"og:type\" content=\"article\" \/>\n<meta property=\"og:title\" content=\"Caja de Hogar [23 productos] (spNK5YPD1JS) - Comprardevoluciones - Tu tienda de Devoluciones de Amazon\" \/>\n<meta property=\"og:description\" content=\"Caja de Hogar sin revisar procedente de devoluciones de marketplaces   N\u00famero de productos: 23  Valor aproximado: 772.00  Porcentaje que se paga: 16% + IVA  Tiempo de entrega estimado: 3 a 7 d\u00edas  *Los precios incluyen IVA\" \/>\n<meta property=\"og:url\" content=\"https:\/\/comprardevoluciones.com\/producto\/spnk5ypd1js\/\" \/>\n<meta property=\"og:site_name\" content=\"Comprardevoluciones - Tu tienda de Devoluciones de Amazon\" \/>\n<meta property=\"article:modified_time\" content=\"2026-03-02T13:20:47+00:00\" \/>\n<meta property=\"og:image\" content=\"https:\/\/comprardevoluciones.com\/wp-content\/uploads\/2025\/06\/spNK5YPD1JS.jpg\" \/>\n\t<meta property=\"og:image:width\" content=\"700\" \/>\n\t<meta property=\"og:image:height\" content=\"700\" \/>\n\t<meta property=\"og:image:type\" content=\"image\/jpeg\" \/>\n<meta name=\"twitter:card\" content=\"summary_large_image\" \/>\n<meta name=\"twitter:label1\" content=\"Gesch\u00e4tzte Lesezeit\" \/>\n\t<meta name=\"twitter:data1\" content=\"4\u00a0Minuten\" \/>\n<script type=\"application\/ld+json\" class=\"yoast-schema-graph\">{\"@context\":\"https:\/\/schema.org\",\"@graph\":[{\"@type\":\"WebPage\",\"@id\":\"https:\/\/comprardevoluciones.com\/producto\/spnk5ypd1js\/\",\"url\":\"https:\/\/comprardevoluciones.com\/producto\/spnk5ypd1js\/\",\"name\":\"Caja de Hogar [23 productos] (spNK5YPD1JS) - Comprardevoluciones - Tu tienda de Devoluciones de Amazon\",\"isPartOf\":{\"@id\":\"https:\/\/comprardevoluciones.com\/#website\"},\"primaryImageOfPage\":{\"@id\":\"https:\/\/comprardevoluciones.com\/producto\/spnk5ypd1js\/#primaryimage\"},\"image\":{\"@id\":\"https:\/\/comprardevoluciones.com\/producto\/spnk5ypd1js\/#primaryimage\"},\"thumbnailUrl\":\"https:\/\/comprardevoluciones.com\/wp-content\/uploads\/2025\/06\/spNK5YPD1JS.jpg\",\"datePublished\":\"2026-03-02T10:00:04+00:00\",\"dateModified\":\"2026-03-02T13:20:47+00:00\",\"breadcrumb\":{\"@id\":\"https:\/\/comprardevoluciones.com\/producto\/spnk5ypd1js\/#breadcrumb\"},\"inLanguage\":\"de\",\"potentialAction\":[{\"@type\":\"ReadAction\",\"target\":[\"https:\/\/comprardevoluciones.com\/producto\/spnk5ypd1js\/\"]}]},{\"@type\":\"ImageObject\",\"inLanguage\":\"de\",\"@id\":\"https:\/\/comprardevoluciones.com\/producto\/spnk5ypd1js\/#primaryimage\",\"url\":\"https:\/\/comprardevoluciones.com\/wp-content\/uploads\/2025\/06\/spNK5YPD1JS.jpg\",\"contentUrl\":\"https:\/\/comprardevoluciones.com\/wp-content\/uploads\/2025\/06\/spNK5YPD1JS.jpg\",\"width\":700,\"height\":700},{\"@type\":\"BreadcrumbList\",\"@id\":\"https:\/\/comprardevoluciones.com\/producto\/spnk5ypd1js\/#breadcrumb\",\"itemListElement\":[{\"@type\":\"ListItem\",\"position\":1,\"name\":\"Portada\",\"item\":\"https:\/\/comprardevoluciones.com\/de\/\"},{\"@type\":\"ListItem\",\"position\":2,\"name\":\"Shop\",\"item\":\"https:\/\/comprardevoluciones.com\/de\/shop\/\"},{\"@type\":\"ListItem\",\"position\":3,\"name\":\"Caja de Hogar [23 productos] (spNK5YPD1JS)\"}]},{\"@type\":\"WebSite\",\"@id\":\"https:\/\/comprardevoluciones.com\/#website\",\"url\":\"https:\/\/comprardevoluciones.com\/\",\"name\":\"Comprardevoluciones - Tu tienda de Devoluciones de Amazon\",\"description\":\"Consigue Stock en buen estado a un precio imbatible\",\"potentialAction\":[{\"@type\":\"SearchAction\",\"target\":{\"@type\":\"EntryPoint\",\"urlTemplate\":\"https:\/\/comprardevoluciones.com\/?s={search_term_string}\"},\"query-input\":{\"@type\":\"PropertyValueSpecification\",\"valueRequired\":true,\"valueName\":\"search_term_string\"}}],\"inLanguage\":\"de\"}]}<\/script>\n<!-- \/ Yoast SEO plugin. -->","yoast_head_json":{"title":"Caja de Hogar [23 productos] (spNK5YPD1JS) - Comprardevoluciones - Tu tienda de Devoluciones de Amazon","robots":{"index":"noindex","follow":"follow"},"og_locale":"de_DE","og_type":"article","og_title":"Caja de Hogar [23 productos] (spNK5YPD1JS) - Comprardevoluciones - Tu tienda de Devoluciones de Amazon","og_description":"Caja de Hogar sin revisar procedente de devoluciones de marketplaces   N\u00famero de productos: 23  Valor aproximado: 772.00  Porcentaje que se paga: 16% + IVA  Tiempo de entrega estimado: 3 a 7 d\u00edas  *Los precios incluyen IVA","og_url":"https:\/\/comprardevoluciones.com\/producto\/spnk5ypd1js\/","og_site_name":"Comprardevoluciones - Tu tienda de Devoluciones de Amazon","article_modified_time":"2026-03-02T13:20:47+00:00","og_image":[{"width":700,"height":700,"url":"https:\/\/comprardevoluciones.com\/wp-content\/uploads\/2025\/06\/spNK5YPD1JS.jpg","type":"image\/jpeg"}],"twitter_card":"summary_large_image","twitter_misc":{"Gesch\u00e4tzte Lesezeit":"4\u00a0Minuten"},"schema":{"@context":"https:\/\/schema.org","@graph":[{"@type":"WebPage","@id":"https:\/\/comprardevoluciones.com\/producto\/spnk5ypd1js\/","url":"https:\/\/comprardevoluciones.com\/producto\/spnk5ypd1js\/","name":"Caja de Hogar [23 productos] (spNK5YPD1JS) - Comprardevoluciones - Tu tienda de Devoluciones de Amazon","isPartOf":{"@id":"https:\/\/comprardevoluciones.com\/#website"},"primaryImageOfPage":{"@id":"https:\/\/comprardevoluciones.com\/producto\/spnk5ypd1js\/#primaryimage"},"image":{"@id":"https:\/\/comprardevoluciones.com\/producto\/spnk5ypd1js\/#primaryimage"},"thumbnailUrl":"https:\/\/comprardevoluciones.com\/wp-content\/uploads\/2025\/06\/spNK5YPD1JS.jpg","datePublished":"2026-03-02T10:00:04+00:00","dateModified":"2026-03-02T13:20:47+00:00","breadcrumb":{"@id":"https:\/\/comprardevoluciones.com\/producto\/spnk5ypd1js\/#breadcrumb"},"inLanguage":"de","potentialAction":[{"@type":"ReadAction","target":["https:\/\/comprardevoluciones.com\/producto\/spnk5ypd1js\/"]}]},{"@type":"ImageObject","inLanguage":"de","@id":"https:\/\/comprardevoluciones.com\/producto\/spnk5ypd1js\/#primaryimage","url":"https:\/\/comprardevoluciones.com\/wp-content\/uploads\/2025\/06\/spNK5YPD1JS.jpg","contentUrl":"https:\/\/comprardevoluciones.com\/wp-content\/uploads\/2025\/06\/spNK5YPD1JS.jpg","width":700,"height":700},{"@type":"BreadcrumbList","@id":"https:\/\/comprardevoluciones.com\/producto\/spnk5ypd1js\/#breadcrumb","itemListElement":[{"@type":"ListItem","position":1,"name":"Portada","item":"https:\/\/comprardevoluciones.com\/de\/"},{"@type":"ListItem","position":2,"name":"Shop","item":"https:\/\/comprardevoluciones.com\/de\/shop\/"},{"@type":"ListItem","position":3,"name":"Caja de Hogar [23 productos] (spNK5YPD1JS)"}]},{"@type":"WebSite","@id":"https:\/\/comprardevoluciones.com\/#website","url":"https:\/\/comprardevoluciones.com\/","name":"Comprardevoluciones - Tu tienda de Devoluciones de Amazon","description":"Consigue Stock en buen estado a un precio imbatible","potentialAction":[{"@type":"SearchAction","target":{"@type":"EntryPoint","urlTemplate":"https:\/\/comprardevoluciones.com\/?s={search_term_string}"},"query-input":{"@type":"PropertyValueSpecification","valueRequired":true,"valueName":"search_term_string"}}],"inLanguage":"de"}]}},"_links":{"self":[{"href":"https:\/\/comprardevoluciones.com\/de\/wp-json\/wp\/v2\/product\/159706","targetHints":{"allow":["GET"]}}],"collection":[{"href":"https:\/\/comprardevoluciones.com\/de\/wp-json\/wp\/v2\/product"}],"about":[{"href":"https:\/\/comprardevoluciones.com\/de\/wp-json\/wp\/v2\/types\/product"}],"wp:featuredmedia":[{"embeddable":true,"href":"https:\/\/comprardevoluciones.com\/de\/wp-json\/wp\/v2\/media\/159477"}],"wp:attachment":[{"href":"https:\/\/comprardevoluciones.com\/de\/wp-json\/wp\/v2\/media?parent=159706"}],"wp:term":[{"taxonomy":"product_brand","embeddable":true,"href":"https:\/\/comprardevoluciones.com\/de\/wp-json\/wp\/v2\/product_brand?post=159706"},{"taxonomy":"product_cat","embeddable":true,"href":"https:\/\/comprardevoluciones.com\/de\/wp-json\/wp\/v2\/product_cat?post=159706"},{"taxonomy":"product_tag","embeddable":true,"href":"https:\/\/comprardevoluciones.com\/de\/wp-json\/wp\/v2\/product_tag?post=159706"}],"curies":[{"name":"wp","href":"https:\/\/api.w.org\/{rel}","templated":true}]}}