{"id":165025,"date":"2026-04-02T16:00:08","date_gmt":"2026-04-02T15:00:08","guid":{"rendered":"https:\/\/comprardevoluciones.com\/?post_type=product&#038;p=165025"},"modified":"2026-04-03T10:49:06","modified_gmt":"2026-04-03T09:49:06","slug":"10222294","status":"publish","type":"product","link":"https:\/\/comprardevoluciones.com\/de\/producto\/10222294\/","title":{"rendered":"Pal\u00e9 de Oficina [22 productos] (10222294)"},"content":{"rendered":"<p>Descripci\u00f3n y valor aproximados<\/p>\n<table>\n<tbody>\n<tr>\n<td><strong>FUENTE<\/strong><\/td>\n<td><strong>PRODUCTO<\/strong><\/td>\n<td><strong>VALOR (\u20ac)<\/strong><\/td>\n<td><strong>PAGAS (\u20ac)<\/strong><\/td>\n<\/tr>\n<tr>\n<td>MARKETPLACES<\/td>\n<td><a class=\"ljoptimizer\" href=\"https:\/\/www.amazon.es\/dp\/B075T2GFH7?tag=amazon087683-21&amp;th=1\" target=\"_blank\" rel=\"nofollow noopener\">Impresora de inyecci\u00f3n de tinta multifunci\u00f3n Expression Photo HD XP-15000 A3+ con conectividad inal\u00e1mbrica<\/a><\/td>\n<td>362 \u20ac<\/td>\n<td>83 \u20ac<\/td>\n<\/tr>\n<tr>\n<td>MARKETPLACES<\/td>\n<td><a class=\"ljoptimizer\" href=\"https:\/\/www.amazon.es\/dp\/B0CPPKNRLJ?tag=amazon087683-21&amp;th=1\" target=\"_blank\" rel=\"nofollow noopener\">Epson Impresora multifunci\u00f3n EcoTank ET-2870 A4 con dep\u00f3sito de Tinta, conexi\u00f3n Wi-Fi y hasta 3 a\u00f1os de Tinta incluida<\/a><\/td>\n<td>267 \u20ac<\/td>\n<td>61 \u20ac<\/td>\n<\/tr>\n<tr>\n<td>MARKETPLACES<\/td>\n<td><a class=\"ljoptimizer\" href=\"https:\/\/www.amazon.es\/dp\/B0CPPKNRLJ?tag=amazon087683-21&amp;th=1\" target=\"_blank\" rel=\"nofollow noopener\">Epson Impresora multifunci\u00f3n EcoTank ET-2870 A4 con dep\u00f3sito de Tinta, conexi\u00f3n Wi-Fi y hasta 3 a\u00f1os de Tinta incluida<\/a><\/td>\n<td>267 \u20ac<\/td>\n<td>61 \u20ac<\/td>\n<\/tr>\n<tr>\n<td>MARKETPLACES<\/td>\n<td><a class=\"ljoptimizer\" href=\"https:\/\/www.amazon.es\/dp\/B0CPPKNRLJ?tag=amazon087683-21&amp;th=1\" target=\"_blank\" rel=\"nofollow noopener\">Epson Impresora multifunci\u00f3n EcoTank ET-2870 A4 con dep\u00f3sito de Tinta, conexi\u00f3n Wi-Fi y hasta 3 a\u00f1os de Tinta incluida<\/a><\/td>\n<td>267 \u20ac<\/td>\n<td>61 \u20ac<\/td>\n<\/tr>\n<tr>\n<td>MARKETPLACES<\/td>\n<td><a class=\"ljoptimizer\" href=\"https:\/\/www.amazon.es\/dp\/B0CPPKNRLJ?tag=amazon087683-21&amp;th=1\" target=\"_blank\" rel=\"nofollow noopener\">Epson Impresora multifunci\u00f3n EcoTank ET-2870 A4 con dep\u00f3sito de Tinta, conexi\u00f3n Wi-Fi y hasta 3 a\u00f1os de Tinta incluida<\/a><\/td>\n<td>267 \u20ac<\/td>\n<td>61 \u20ac<\/td>\n<\/tr>\n<tr>\n<td>MARKETPLACES<\/td>\n<td><a class=\"ljoptimizer\" href=\"https:\/\/www.amazon.es\/dp\/B0C9MT2K47?tag=amazon087683-21&amp;th=1\" target=\"_blank\" rel=\"nofollow noopener\">Haier Direct LED Full HD H32K702FG &#8211; 32&#8243;, Smart-TV, HDR, Dolby Audio, Android 11, Smart-TV, Google Assistant, Bluetooth 5.1, DBX TV, HDMI 2.1 x 3, sin Marcos<\/a><\/td>\n<td>263 \u20ac<\/td>\n<td>61 \u20ac<\/td>\n<\/tr>\n<tr>\n<td>MARKETPLACES<\/td>\n<td><a class=\"ljoptimizer\" href=\"https:\/\/www.amazon.es\/dp\/B0FN837ZFW?tag=amazon087683-21&amp;th=1\" target=\"_blank\" rel=\"nofollow noopener\">Impresora multifunci\u00f3n EcoTank ET-2950 A4 con dep\u00f3sito de Tinta, conexi\u00f3n Wi-Fi y AirPrint, con escaneado, Copia, impresi\u00f3n a Doble Cara y Tinta incluida para hasta 3 a\u00f1os<\/a><\/td>\n<td>260 \u20ac<\/td>\n<td>60 \u20ac<\/td>\n<\/tr>\n<tr>\n<td>MARKETPLACES<\/td>\n<td><a class=\"ljoptimizer\" href=\"https:\/\/www.amazon.es\/dp\/B08G8WBHTZ?tag=amazon087683-21&amp;th=1\" target=\"_blank\" rel=\"nofollow noopener\">APC by Schneider Electric, APC Easy UPS BVX, BVX2200LI-GR, Sistema de Alimentaci\u00f3n Ininterrumpida SAI, Color Negro, 2200 VA \/ 1200 Watt<\/a><\/td>\n<td>244 \u20ac<\/td>\n<td>56 \u20ac<\/td>\n<\/tr>\n<tr>\n<td>MARKETPLACES<\/td>\n<td><a class=\"ljoptimizer\" href=\"https:\/\/www.amazon.es\/dp\/B0CK2PVJSR?tag=amazon087683-21&amp;th=1\" target=\"_blank\" rel=\"nofollow noopener\">Brother MFCL2800DW, Impresora multifunci\u00f3n l\u00e1ser Monocromo WiFi con fax, impresi\u00f3n autom\u00e1tica a Doble Cara y ADF de 50 Hojas<\/a><\/td>\n<td>180 \u20ac<\/td>\n<td>41 \u20ac<\/td>\n<\/tr>\n<tr>\n<td>MARKETPLACES<\/td>\n<td><a class=\"ljoptimizer\" href=\"https:\/\/www.amazon.es\/dp\/B0CK2PVJSR?tag=amazon087683-21&amp;th=1\" target=\"_blank\" rel=\"nofollow noopener\">Brother MFCL2800DW, Impresora multifunci\u00f3n l\u00e1ser Monocromo WiFi con fax, impresi\u00f3n autom\u00e1tica a Doble Cara y ADF de 50 Hojas<\/a><\/td>\n<td>180 \u20ac<\/td>\n<td>41 \u20ac<\/td>\n<\/tr>\n<tr>\n<td>MARKETPLACES<\/td>\n<td><a class=\"ljoptimizer\" href=\"https:\/\/www.amazon.es\/dp\/B007P05XXW?tag=amazon087683-21&amp;th=1\" target=\"_blank\" rel=\"nofollow noopener\">Alphacool NexXxoS UT60 Radiador, refoidisseurs Ventiladores y radiadores &#8211; Universal (Universal, Calentador, 12 cm, Negro, Acero, Lat\u00f3n, Cobre, 400 mm)<\/a><\/td>\n<td>176 \u20ac<\/td>\n<td>41 \u20ac<\/td>\n<\/tr>\n<tr>\n<td>MARKETPLACES<\/td>\n<td><a class=\"ljoptimizer\" href=\"https:\/\/www.amazon.es\/dp\/B08B1L5TDJ?tag=amazon087683-21&amp;th=1\" target=\"_blank\" rel=\"nofollow noopener\">NEEWER Soporte Luz en C 3m,Tripode C Stand y Brazo Extensi\u00f3n 1,2m Cabeza Agarre 2 Piezas y Bolsa,Soporte de Iluminaci\u00f3n para Fotograf\u00eda Estudio Softbox Reflector Paraguas Monolight(Versi\u00f3n B\u00e1sica)<\/a><\/td>\n<td>175 \u20ac<\/td>\n<td>40 \u20ac<\/td>\n<\/tr>\n<tr>\n<td>MARKETPLACES<\/td>\n<td><a class=\"ljoptimizer\" href=\"https:\/\/www.amazon.es\/dp\/B0CH8HQVKC?tag=amazon087683-21&amp;th=1\" target=\"_blank\" rel=\"nofollow noopener\">Canon PIXMA TS7750i \u2013 Impresora Multifunci\u00f3n, Copiadora y Esc\u00e1ner para Uso Dom\u00e9stico | Conexi\u00f3n Inal\u00e1mbrica Desde tu Smartphone | con PIXMA Print Plan<\/a><\/td>\n<td>160 \u20ac<\/td>\n<td>37 \u20ac<\/td>\n<\/tr>\n<tr>\n<td>MARKETPLACES<\/td>\n<td><a class=\"ljoptimizer\" href=\"https:\/\/www.amazon.es\/dp\/B00AF2WYV6?tag=amazon087683-21&amp;th=1\" target=\"_blank\" rel=\"nofollow noopener\">Fellowes 53C &#8211; Destructora trituradora de Papel, Corte en part\u00edculas, destruye hasta 10 Hojas, Uso Personal, tritura CD\u00b4s y Tarjetas de cr\u00e9dito, Color Negro y Plateado<\/a><\/td>\n<td>134 \u20ac<\/td>\n<td>31 \u20ac<\/td>\n<\/tr>\n<tr>\n<td>MARKETPLACES<\/td>\n<td><a class=\"ljoptimizer\" href=\"https:\/\/www.amazon.es\/dp\/B0DRPDTXHK?tag=amazon087683-21&amp;th=1\" target=\"_blank\" rel=\"nofollow noopener\">NK Ejercitador de Piernas El\u00e9ctrico, Velocidad Ajustable, Mando a Distancia, Motor Silencioso, Mejora la Circulaci\u00f3n Sangu\u00ednea, Indicado para Rehabilitaci\u00f3n<\/a><\/td>\n<td>100 \u20ac<\/td>\n<td>23 \u20ac<\/td>\n<\/tr>\n<tr>\n<td>MARKETPLACES<\/td>\n<td><a class=\"ljoptimizer\" href=\"https:\/\/www.amazon.es\/dp\/B0BVKZ6P9C?tag=amazon087683-21&amp;th=1\" target=\"_blank\" rel=\"nofollow noopener\">ASUS Prime AP201 Tempered Glass MicroATX Case, Admite Radiador de hasta 360 mm y Tarjeta Gr\u00e1fica de hasta 338 mm de Longitud, Paneles Laterales sin Herramientas, Panel Frontal USB 3.2 Gen 2 Tipo-C<\/a><\/td>\n<td>93 \u20ac<\/td>\n<td>21 \u20ac<\/td>\n<\/tr>\n<tr>\n<td>MARKETPLACES<\/td>\n<td><a class=\"ljoptimizer\" href=\"https:\/\/www.amazon.es\/dp\/B0C6PVCHCR?tag=amazon087683-21&amp;th=1\" target=\"_blank\" rel=\"nofollow noopener\">Amazon Basics Trituradora de microcorte 8 hojas capaz de destruir papel CD y tarjetas de cr\u00e9dito, Negro<\/a><\/td>\n<td>89 \u20ac<\/td>\n<td>20 \u20ac<\/td>\n<\/tr>\n<tr>\n<td>MARKETPLACES<\/td>\n<td><a class=\"ljoptimizer\" href=\"https:\/\/www.amazon.es\/dp\/B0D45QCMQ8?tag=amazon087683-21&amp;th=1\" target=\"_blank\" rel=\"nofollow noopener\">TARION Softbox Instalaci\u00f3n R\u00e1pida Bowens &#8211; 30x120cm Caja de luz Rectangular Plegable con Rejilla para fotograf\u00eda Profesional de Estudio SQ-30120F SOFTBEAM<\/a><\/td>\n<td>75 \u20ac<\/td>\n<td>17 \u20ac<\/td>\n<\/tr>\n<tr>\n<td>MARKETPLACES<\/td>\n<td><a class=\"ljoptimizer\" href=\"https:\/\/www.amazon.es\/dp\/B0045T0JVC?tag=amazon087683-21&amp;th=1\" target=\"_blank\" rel=\"nofollow noopener\">KVM Switch, 2 Port USB HDMI A\/V, ATEN CS692 by ATEN Technology<\/a><\/td>\n<td>57 \u20ac<\/td>\n<td>13 \u20ac<\/td>\n<\/tr>\n<tr>\n<td>MARKETPLACES<\/td>\n<td><a class=\"ljoptimizer\" href=\"https:\/\/www.amazon.es\/dp\/B0CFFWJHMF?tag=amazon087683-21&amp;th=1\" target=\"_blank\" rel=\"nofollow noopener\">HP DeskJet 2820e 588K9B, Impresora Multifunci\u00f3n de Inyecci\u00f3n de Tinta A4 a Color, Impresi\u00f3n a Doble Cara Manual, 7,5 ppm, Wi-Fi, Smart, 6 Meses de Instant Ink Incluidos, Blanca<\/a><\/td>\n<td>45 \u20ac<\/td>\n<td>10 \u20ac<\/td>\n<\/tr>\n<tr>\n<td>MARKETPLACES<\/td>\n<td><a class=\"ljoptimizer\" href=\"https:\/\/www.amazon.es\/dp\/B07PQXCBFH?tag=amazon087683-21&amp;th=1\" target=\"_blank\" rel=\"nofollow noopener\">conecto Canaleta de cableado de pl\u00e1stico con 3X 30cm Cinta Adhesiva 3M como Accesorio, 1,00m, Blanco<\/a><\/td>\n<td>16 \u20ac<\/td>\n<td>4 \u20ac<\/td>\n<\/tr>\n<tr>\n<td>MARKETPLACES<\/td>\n<td><a class=\"ljoptimizer\" href=\"https:\/\/www.amazon.es\/dp\/B084WB3FW1?tag=amazon087683-21&amp;th=1\" target=\"_blank\" rel=\"nofollow noopener\">Bi-Office Pizarra Blanca Magn\u00e9tica, 60 x 40 cm, color plateado con rotulador y 2 imanes<\/a><\/td>\n<td>9 \u20ac<\/td>\n<td>2 \u20ac<\/td>\n<\/tr>\n<\/tbody>\n<\/table>\n","protected":false},"excerpt":{"rendered":"<p>Pal\u00e9 de Oficina sin revisar procedente de devoluciones de marketplaces<\/p>\n<ul>\n<li>N\u00famero de productos: 22<\/li>\n<li>Valor aproximado: 3686.00<\/li>\n<li>Porcentaje que se paga: 19% + IVA<\/li>\n<li>Tiempo de entrega estimado: 3 a 7 d\u00edas<\/li>\n<\/ul>\n<p>*Los precios incluyen IVA<\/p>\n","protected":false},"featured_media":165365,"template":"","meta":{"site-sidebar-layout":"default","site-content-layout":"","ast-site-content-layout":"default","site-content-style":"default","site-sidebar-style":"default","ast-global-header-display":"","ast-banner-title-visibility":"","ast-main-header-display":"","ast-hfb-above-header-display":"","ast-hfb-below-header-display":"","ast-hfb-mobile-header-display":"","site-post-title":"","ast-breadcrumbs-content":"","ast-featured-img":"","footer-sml-layout":"","ast-disable-related-posts":"","theme-transparent-header-meta":"default","adv-header-id-meta":"","stick-header-meta":"","header-above-stick-meta":"","header-main-stick-meta":"","header-below-stick-meta":"","astra-migrate-meta-layouts":"set","ast-page-background-enabled":"default","ast-page-background-meta":{"desktop":{"background-color":"var(--ast-global-color-4)","background-image":"","background-repeat":"repeat","background-position":"center center","background-size":"auto","background-attachment":"scroll","background-type":"","background-media":"","overlay-type":"","overlay-color":"","overlay-opacity":"","overlay-gradient":""},"tablet":{"background-color":"","background-image":"","background-repeat":"repeat","background-position":"center center","background-size":"auto","background-attachment":"scroll","background-type":"","background-media":"","overlay-type":"","overlay-color":"","overlay-opacity":"","overlay-gradient":""},"mobile":{"background-color":"","background-image":"","background-repeat":"repeat","background-position":"center center","background-size":"auto","background-attachment":"scroll","background-type":"","background-media":"","overlay-type":"","overlay-color":"","overlay-opacity":"","overlay-gradient":""}},"ast-content-background-meta":{"desktop":{"background-color":"var(--ast-global-color-5)","background-image":"","background-repeat":"repeat","background-position":"center center","background-size":"auto","background-attachment":"scroll","background-type":"","background-media":"","overlay-type":"","overlay-color":"","overlay-opacity":"","overlay-gradient":""},"tablet":{"background-color":"var(--ast-global-color-5)","background-image":"","background-repeat":"repeat","background-position":"center center","background-size":"auto","background-attachment":"scroll","background-type":"","background-media":"","overlay-type":"","overlay-color":"","overlay-opacity":"","overlay-gradient":""},"mobile":{"background-color":"var(--ast-global-color-5)","background-image":"","background-repeat":"repeat","background-position":"center center","background-size":"auto","background-attachment":"scroll","background-type":"","background-media":"","overlay-type":"","overlay-color":"","overlay-opacity":"","overlay-gradient":""}}},"product_brand":[],"product_cat":[46,65],"product_tag":[],"class_list":{"0":"post-165025","1":"product","2":"type-product","3":"status-publish","4":"has-post-thumbnail","6":"product_cat-oficina","7":"product_cat-pales","8":"product_shipping_class-pale","9":"desktop-align-left","10":"tablet-align-left","11":"mobile-align-left","13":"first","14":"outofstock","15":"sale","16":"downloadable","17":"taxable","18":"shipping-taxable","19":"purchasable","20":"product-type-simple"},"yoast_head":"<!-- This site is optimized with the Yoast SEO plugin v27.2 - https:\/\/yoast.com\/product\/yoast-seo-wordpress\/ -->\n<title>Pal\u00e9 de Oficina [22 productos] (10222294) - Comprardevoluciones - Tu tienda de Devoluciones de Amazon<\/title>\n<meta name=\"robots\" content=\"noindex, follow\" \/>\n<meta property=\"og:locale\" content=\"de_DE\" \/>\n<meta property=\"og:type\" content=\"article\" \/>\n<meta property=\"og:title\" content=\"Pal\u00e9 de Oficina [22 productos] (10222294) - Comprardevoluciones - Tu tienda de Devoluciones de Amazon\" \/>\n<meta property=\"og:description\" content=\"Pal\u00e9 de Oficina sin revisar procedente de devoluciones de marketplaces   N\u00famero de productos: 22  Valor aproximado: 3686.00  Porcentaje que se paga: 19% + IVA  Tiempo de entrega estimado: 3 a 7 d\u00edas  *Los precios incluyen IVA\" \/>\n<meta property=\"og:url\" content=\"https:\/\/comprardevoluciones.com\/producto\/10222294\/\" \/>\n<meta property=\"og:site_name\" content=\"Comprardevoluciones - Tu tienda de Devoluciones de Amazon\" \/>\n<meta property=\"article:modified_time\" content=\"2026-04-03T09:49:06+00:00\" \/>\n<meta property=\"og:image\" content=\"https:\/\/comprardevoluciones.com\/wp-content\/uploads\/2026\/03\/10222294.jpg\" \/>\n\t<meta property=\"og:image:width\" content=\"700\" \/>\n\t<meta property=\"og:image:height\" content=\"700\" \/>\n\t<meta property=\"og:image:type\" content=\"image\/jpeg\" \/>\n<meta name=\"twitter:card\" content=\"summary_large_image\" \/>\n<meta name=\"twitter:label1\" content=\"Gesch\u00e4tzte Lesezeit\" \/>\n\t<meta name=\"twitter:data1\" content=\"3\u00a0Minuten\" \/>\n<script type=\"application\/ld+json\" class=\"yoast-schema-graph\">{\"@context\":\"https:\/\/schema.org\",\"@graph\":[{\"@type\":\"WebPage\",\"@id\":\"https:\/\/comprardevoluciones.com\/producto\/10222294\/\",\"url\":\"https:\/\/comprardevoluciones.com\/producto\/10222294\/\",\"name\":\"Pal\u00e9 de Oficina [22 productos] (10222294) - Comprardevoluciones - Tu tienda de Devoluciones de Amazon\",\"isPartOf\":{\"@id\":\"https:\/\/comprardevoluciones.com\/#website\"},\"primaryImageOfPage\":{\"@id\":\"https:\/\/comprardevoluciones.com\/producto\/10222294\/#primaryimage\"},\"image\":{\"@id\":\"https:\/\/comprardevoluciones.com\/producto\/10222294\/#primaryimage\"},\"thumbnailUrl\":\"https:\/\/comprardevoluciones.com\/wp-content\/uploads\/2026\/03\/10222294.jpg\",\"datePublished\":\"2026-04-02T15:00:08+00:00\",\"dateModified\":\"2026-04-03T09:49:06+00:00\",\"breadcrumb\":{\"@id\":\"https:\/\/comprardevoluciones.com\/producto\/10222294\/#breadcrumb\"},\"inLanguage\":\"de\",\"potentialAction\":[{\"@type\":\"ReadAction\",\"target\":[\"https:\/\/comprardevoluciones.com\/producto\/10222294\/\"]}]},{\"@type\":\"ImageObject\",\"inLanguage\":\"de\",\"@id\":\"https:\/\/comprardevoluciones.com\/producto\/10222294\/#primaryimage\",\"url\":\"https:\/\/comprardevoluciones.com\/wp-content\/uploads\/2026\/03\/10222294.jpg\",\"contentUrl\":\"https:\/\/comprardevoluciones.com\/wp-content\/uploads\/2026\/03\/10222294.jpg\",\"width\":700,\"height\":700},{\"@type\":\"BreadcrumbList\",\"@id\":\"https:\/\/comprardevoluciones.com\/producto\/10222294\/#breadcrumb\",\"itemListElement\":[{\"@type\":\"ListItem\",\"position\":1,\"name\":\"Portada\",\"item\":\"https:\/\/comprardevoluciones.com\/de\/\"},{\"@type\":\"ListItem\",\"position\":2,\"name\":\"Shop\",\"item\":\"https:\/\/comprardevoluciones.com\/de\/shop\/\"},{\"@type\":\"ListItem\",\"position\":3,\"name\":\"Pal\u00e9 de Oficina [22 productos] (10222294)\"}]},{\"@type\":\"WebSite\",\"@id\":\"https:\/\/comprardevoluciones.com\/#website\",\"url\":\"https:\/\/comprardevoluciones.com\/\",\"name\":\"Comprardevoluciones - Tu tienda de Devoluciones de Amazon\",\"description\":\"Consigue Stock en buen estado a un precio imbatible\",\"potentialAction\":[{\"@type\":\"SearchAction\",\"target\":{\"@type\":\"EntryPoint\",\"urlTemplate\":\"https:\/\/comprardevoluciones.com\/?s={search_term_string}\"},\"query-input\":{\"@type\":\"PropertyValueSpecification\",\"valueRequired\":true,\"valueName\":\"search_term_string\"}}],\"inLanguage\":\"de\"}]}<\/script>\n<!-- \/ Yoast SEO plugin. -->","yoast_head_json":{"title":"Pal\u00e9 de Oficina [22 productos] (10222294) - Comprardevoluciones - Tu tienda de Devoluciones de Amazon","robots":{"index":"noindex","follow":"follow"},"og_locale":"de_DE","og_type":"article","og_title":"Pal\u00e9 de Oficina [22 productos] (10222294) - Comprardevoluciones - Tu tienda de Devoluciones de Amazon","og_description":"Pal\u00e9 de Oficina sin revisar procedente de devoluciones de marketplaces   N\u00famero de productos: 22  Valor aproximado: 3686.00  Porcentaje que se paga: 19% + IVA  Tiempo de entrega estimado: 3 a 7 d\u00edas  *Los precios incluyen IVA","og_url":"https:\/\/comprardevoluciones.com\/producto\/10222294\/","og_site_name":"Comprardevoluciones - Tu tienda de Devoluciones de Amazon","article_modified_time":"2026-04-03T09:49:06+00:00","og_image":[{"width":700,"height":700,"url":"https:\/\/comprardevoluciones.com\/wp-content\/uploads\/2026\/03\/10222294.jpg","type":"image\/jpeg"}],"twitter_card":"summary_large_image","twitter_misc":{"Gesch\u00e4tzte Lesezeit":"3\u00a0Minuten"},"schema":{"@context":"https:\/\/schema.org","@graph":[{"@type":"WebPage","@id":"https:\/\/comprardevoluciones.com\/producto\/10222294\/","url":"https:\/\/comprardevoluciones.com\/producto\/10222294\/","name":"Pal\u00e9 de Oficina [22 productos] (10222294) - Comprardevoluciones - Tu tienda de Devoluciones de Amazon","isPartOf":{"@id":"https:\/\/comprardevoluciones.com\/#website"},"primaryImageOfPage":{"@id":"https:\/\/comprardevoluciones.com\/producto\/10222294\/#primaryimage"},"image":{"@id":"https:\/\/comprardevoluciones.com\/producto\/10222294\/#primaryimage"},"thumbnailUrl":"https:\/\/comprardevoluciones.com\/wp-content\/uploads\/2026\/03\/10222294.jpg","datePublished":"2026-04-02T15:00:08+00:00","dateModified":"2026-04-03T09:49:06+00:00","breadcrumb":{"@id":"https:\/\/comprardevoluciones.com\/producto\/10222294\/#breadcrumb"},"inLanguage":"de","potentialAction":[{"@type":"ReadAction","target":["https:\/\/comprardevoluciones.com\/producto\/10222294\/"]}]},{"@type":"ImageObject","inLanguage":"de","@id":"https:\/\/comprardevoluciones.com\/producto\/10222294\/#primaryimage","url":"https:\/\/comprardevoluciones.com\/wp-content\/uploads\/2026\/03\/10222294.jpg","contentUrl":"https:\/\/comprardevoluciones.com\/wp-content\/uploads\/2026\/03\/10222294.jpg","width":700,"height":700},{"@type":"BreadcrumbList","@id":"https:\/\/comprardevoluciones.com\/producto\/10222294\/#breadcrumb","itemListElement":[{"@type":"ListItem","position":1,"name":"Portada","item":"https:\/\/comprardevoluciones.com\/de\/"},{"@type":"ListItem","position":2,"name":"Shop","item":"https:\/\/comprardevoluciones.com\/de\/shop\/"},{"@type":"ListItem","position":3,"name":"Pal\u00e9 de Oficina [22 productos] (10222294)"}]},{"@type":"WebSite","@id":"https:\/\/comprardevoluciones.com\/#website","url":"https:\/\/comprardevoluciones.com\/","name":"Comprardevoluciones - Tu tienda de Devoluciones de Amazon","description":"Consigue Stock en buen estado a un precio imbatible","potentialAction":[{"@type":"SearchAction","target":{"@type":"EntryPoint","urlTemplate":"https:\/\/comprardevoluciones.com\/?s={search_term_string}"},"query-input":{"@type":"PropertyValueSpecification","valueRequired":true,"valueName":"search_term_string"}}],"inLanguage":"de"}]}},"_links":{"self":[{"href":"https:\/\/comprardevoluciones.com\/de\/wp-json\/wp\/v2\/product\/165025","targetHints":{"allow":["GET"]}}],"collection":[{"href":"https:\/\/comprardevoluciones.com\/de\/wp-json\/wp\/v2\/product"}],"about":[{"href":"https:\/\/comprardevoluciones.com\/de\/wp-json\/wp\/v2\/types\/product"}],"wp:featuredmedia":[{"embeddable":true,"href":"https:\/\/comprardevoluciones.com\/de\/wp-json\/wp\/v2\/media\/165365"}],"wp:attachment":[{"href":"https:\/\/comprardevoluciones.com\/de\/wp-json\/wp\/v2\/media?parent=165025"}],"wp:term":[{"taxonomy":"product_brand","embeddable":true,"href":"https:\/\/comprardevoluciones.com\/de\/wp-json\/wp\/v2\/product_brand?post=165025"},{"taxonomy":"product_cat","embeddable":true,"href":"https:\/\/comprardevoluciones.com\/de\/wp-json\/wp\/v2\/product_cat?post=165025"},{"taxonomy":"product_tag","embeddable":true,"href":"https:\/\/comprardevoluciones.com\/de\/wp-json\/wp\/v2\/product_tag?post=165025"}],"curies":[{"name":"wp","href":"https:\/\/api.w.org\/{rel}","templated":true}]}}