{"id":167152,"date":"2026-04-02T16:00:41","date_gmt":"2026-04-02T15:00:41","guid":{"rendered":"https:\/\/comprardevoluciones.com\/?post_type=product&#038;p=167152"},"modified":"2026-04-02T19:37:56","modified_gmt":"2026-04-02T18:37:56","slug":"10226913","status":"publish","type":"product","link":"https:\/\/comprardevoluciones.com\/de\/producto\/10226913\/","title":{"rendered":"Pal\u00e9 de Cuidado Personal [25 productos] (10226913)"},"content":{"rendered":"<p>Descripci\u00f3n y valor aproximados<\/p>\n<table>\n<tbody>\n<tr>\n<td><strong>FUENTE<\/strong><\/td>\n<td><strong>PRODUCTO<\/strong><\/td>\n<td><strong>VALOR (\u20ac)<\/strong><\/td>\n<td><strong>PAGAS (\u20ac)<\/strong><\/td>\n<\/tr>\n<tr>\n<td>MARKETPLACES<\/td>\n<td><a class=\"ljoptimizer\" href=\"https:\/\/www.amazon.es\/dp\/B08N6FMZZY?tag=amazon087683-21&amp;th=1\" target=\"_blank\" rel=\"nofollow noopener\">Comfier Colchoneta de Masaje Cuerpo Completo con calefacci\u00f3n, Masajeador de Espalda con Almohada de Masaje Shiatsu Desmontable para el Cuello, 10 Motores vibradores, 4 Almohadillas t\u00e9rmicas<\/a><\/td>\n<td>173 \u20ac<\/td>\n<td>40 \u20ac<\/td>\n<\/tr>\n<tr>\n<td>MARKETPLACES<\/td>\n<td><a class=\"ljoptimizer\" href=\"https:\/\/www.amazon.es\/dp\/B0CXTQG1NT?tag=amazon087683-21&amp;th=1\" target=\"_blank\" rel=\"nofollow noopener\">Cecotec Cepillo de Aire Secador Moldeador Alisador Multifunci\u00f3n 8 Cabezales CeramicCare AirGlam Champagne. 1400W, Tecnolog\u00eda Coanda, 3 Velocidades, 3 Temperaturas, Control Inteligente Calor, 110000rpm<\/a><\/td>\n<td>105 \u20ac<\/td>\n<td>24 \u20ac<\/td>\n<\/tr>\n<tr>\n<td>MARKETPLACES<\/td>\n<td><a class=\"ljoptimizer\" href=\"https:\/\/www.amazon.es\/dp\/B0CXTQG1NT?tag=amazon087683-21&amp;th=1\" target=\"_blank\" rel=\"nofollow noopener\">Cecotec Cepillo de Aire Secador Moldeador Alisador Multifunci\u00f3n 8 Cabezales CeramicCare AirGlam Champagne. 1400W, Tecnolog\u00eda Coanda, 3 Velocidades, 3 Temperaturas, Control Inteligente Calor, 110000rpm<\/a><\/td>\n<td>105 \u20ac<\/td>\n<td>24 \u20ac<\/td>\n<\/tr>\n<tr>\n<td>MARKETPLACES<\/td>\n<td><a class=\"ljoptimizer\" href=\"https:\/\/www.amazon.es\/dp\/B0B9SYVNVB?tag=amazon087683-21&amp;th=1\" target=\"_blank\" rel=\"nofollow noopener\">DAGA Manta t\u00e9rmica el\u00e9ctrica de Sof\u00e1 Relax Suave XL, Tecnolog\u00eda Intellisense, Tejido Ultrasuave, Multi-Temporizador, 6 Niveles de Temperatura, 140&#215;180 cm<\/a><\/td>\n<td>105 \u20ac<\/td>\n<td>24 \u20ac<\/td>\n<\/tr>\n<tr>\n<td>MARKETPLACES<\/td>\n<td><a class=\"ljoptimizer\" href=\"https:\/\/www.amazon.es\/dp\/B07XS6JBTF?tag=amazon087683-21&amp;th=1\" target=\"_blank\" rel=\"nofollow noopener\">medisana HB 675 Kuschelheizdecke XXL, Heizdecke waschbar, W\u00e4rmedecke mit Abschaltautomatik, 4 Temperaturstufen, 200 x 150 cm, 2-farbig Wendeoptik, grau\/dunkelgrau<\/a><\/td>\n<td>84 \u20ac<\/td>\n<td>19 \u20ac<\/td>\n<\/tr>\n<tr>\n<td>MARKETPLACES<\/td>\n<td><a class=\"ljoptimizer\" href=\"https:\/\/www.amazon.es\/dp\/B08N5ZMQ9H?tag=amazon087683-21&amp;th=1\" target=\"_blank\" rel=\"nofollow noopener\">Comfier Shiatsu Masajeador de Espalda &#8211; Coj\u00edn Masajeador Cervical y Espalda Port\u00e1til con Calor, Almohadilla de Masaje de Amasamiento Ajustable para Silla, Uso Oficina, Regalos Originales para Mujer<\/a><\/td>\n<td>80 \u20ac<\/td>\n<td>18 \u20ac<\/td>\n<\/tr>\n<tr>\n<td>MARKETPLACES<\/td>\n<td><a class=\"ljoptimizer\" href=\"https:\/\/www.amazon.es\/dp\/B07Y8GR1WS?tag=amazon087683-21&amp;th=1\" target=\"_blank\" rel=\"nofollow noopener\">Imetec Scaldasonno Adapto singolo 150 x 80 cm, Basso consumo, Tecnologia brevettata, Riscaldamento rapido, Temperatura personalizzata, 100% cotone, Made in italy, Comando con 6 temperature<\/a><\/td>\n<td>80 \u20ac<\/td>\n<td>18 \u20ac<\/td>\n<\/tr>\n<tr>\n<td>MARKETPLACES<\/td>\n<td><a class=\"ljoptimizer\" href=\"https:\/\/www.amazon.es\/dp\/B07FPC4YVP?tag=amazon087683-21&amp;th=1\" target=\"_blank\" rel=\"nofollow noopener\">Mobiclinic\u00ae, Elevador wc para adultos con reposabrazos, Tajo, 19 cm, Ancianos, Tapa y abatibles, De inodoro, Regulable en 3 alturas, Inclinable, Blanco<\/a><\/td>\n<td>80 \u20ac<\/td>\n<td>18 \u20ac<\/td>\n<\/tr>\n<tr>\n<td>MARKETPLACES<\/td>\n<td><a class=\"ljoptimizer\" href=\"https:\/\/www.amazon.es\/dp\/B0FKTNJNYK?tag=amazon087683-21&amp;th=1\" target=\"_blank\" rel=\"nofollow noopener\">Cecotec Manta El\u00e9ctrica 200x180cm HeatConfort Noa (200 x 180). 130W, 10 Niveles de Temperatura Ajustables, Controlador LCD Extra\u00edble, Temporizador con Apagado Autom\u00e1tico, PTC+ Tecnolog\u00eda NTC<\/a><\/td>\n<td>80 \u20ac<\/td>\n<td>18 \u20ac<\/td>\n<\/tr>\n<tr>\n<td>MARKETPLACES<\/td>\n<td><a class=\"ljoptimizer\" href=\"https:\/\/www.amazon.es\/dp\/B0B99BRG28?tag=amazon087683-21&amp;th=1\" target=\"_blank\" rel=\"nofollow noopener\">Snailax masajeador de pies Shiatsu con Calor, Nudos de Masaje Flexibles para Todos los tama\u00f1os de pies, analg\u00e9sico el\u00e9ctrico<\/a><\/td>\n<td>75 \u20ac<\/td>\n<td>17 \u20ac<\/td>\n<\/tr>\n<tr>\n<td>MARKETPLACES<\/td>\n<td><a class=\"ljoptimizer\" href=\"https:\/\/www.amazon.es\/dp\/B07FPLCDQ1?tag=amazon087683-21&amp;th=1\" target=\"_blank\" rel=\"nofollow noopener\">Mobiclinic, Andador Plegable, Ligero, Ner\u00f3n, con Asiento y Respaldo, 2 ruedas, Conteras Antideslizantes, M\u00e1x. 100 Kg, Cesta, Acero, Naranja<\/a><\/td>\n<td>70 \u20ac<\/td>\n<td>16 \u20ac<\/td>\n<\/tr>\n<tr>\n<td>MARKETPLACES<\/td>\n<td><a class=\"ljoptimizer\" href=\"https:\/\/www.amazon.es\/dp\/B00A9269R2?tag=amazon087683-21&amp;th=1\" target=\"_blank\" rel=\"nofollow noopener\">Imetec Scaldasonno, W\u00e4rmeunterbett f\u00fcr Einzelbetten, 150&#215;80 cm, niedriger Stromverbrauch, Steuerung mit 2 Temperaturen, gesteppes Gewebe, Made in Italy, hand- und maschinenwaschbar<\/a><\/td>\n<td>60 \u20ac<\/td>\n<td>14 \u20ac<\/td>\n<\/tr>\n<tr>\n<td>MARKETPLACES<\/td>\n<td><a class=\"ljoptimizer\" href=\"https:\/\/www.amazon.es\/dp\/B0B6CRTVSK?tag=amazon087683-21&amp;th=1\" target=\"_blank\" rel=\"nofollow noopener\">PEPE Mobility Silla WC con Tapa, Altura Regulable, Cubo extraible, Silla Orinal para Personas Mayores, Negro<\/a><\/td>\n<td>60 \u20ac<\/td>\n<td>14 \u20ac<\/td>\n<\/tr>\n<tr>\n<td>MARKETPLACES<\/td>\n<td><a class=\"ljoptimizer\" href=\"https:\/\/www.amazon.es\/dp\/B0716Q11L4?tag=amazon087683-21&amp;th=1\" target=\"_blank\" rel=\"nofollow noopener\">Mobiclinic\u00ae, Andador Plegable, Ajustable, Resistente, Em\u00e9rita, Acero, Empu\u00f1aduras Ergon\u00f3micas, Ligero, con Asiento y 2 Ruedas, Azul<\/a><\/td>\n<td>52 \u20ac<\/td>\n<td>12 \u20ac<\/td>\n<\/tr>\n<tr>\n<td>MARKETPLACES<\/td>\n<td><a class=\"ljoptimizer\" href=\"https:\/\/www.amazon.es\/dp\/B008KWO3TY?tag=amazon087683-21&amp;th=1\" target=\"_blank\" rel=\"nofollow noopener\">Medisana MM 825 Esterilla de masaje el\u00e9ctrica, cuerpo entero, 5 programas y 4 zonas, funci\u00f3n de calentamiento, tumbona de masaje con 2 intensidades para espalda, cuello y cabeza<\/a><\/td>\n<td>40 \u20ac<\/td>\n<td>9 \u20ac<\/td>\n<\/tr>\n<tr>\n<td>MARKETPLACES<\/td>\n<td><a class=\"ljoptimizer\" href=\"https:\/\/www.amazon.es\/dp\/B071YFJR71?tag=amazon087683-21&amp;th=1\" target=\"_blank\" rel=\"nofollow noopener\">Mobiclinic\u00ae, Silla de Ducha con Respaldo, Regulable en Altura, Conteras Antideslizantes, para Personas Mayores, Asiento en U, Agarre Lateral, hasta 100 kg, Agujeros de Drenaje, Aluminio, Olivo<\/a><\/td>\n<td>33 \u20ac<\/td>\n<td>8 \u20ac<\/td>\n<\/tr>\n<tr>\n<td>MARKETPLACES<\/td>\n<td><a class=\"ljoptimizer\" href=\"https:\/\/www.amazon.es\/dp\/B06ZZDYPGQ?tag=amazon087683-21&amp;th=1\" target=\"_blank\" rel=\"nofollow noopener\">Mobiclinic\u00ae, Taburete Ba\u00f1o, Altura Regulable, San Ferm\u00edn, Asiento en U, Conteras Antideslizantes, Ligero, MAX. 100 Kg, Aluminio, Blanco<\/a><\/td>\n<td>31 \u20ac<\/td>\n<td>7 \u20ac<\/td>\n<\/tr>\n<tr>\n<td>MARKETPLACES<\/td>\n<td><a class=\"ljoptimizer\" href=\"https:\/\/www.amazon.es\/dp\/B07FPMQMM8?tag=amazon087683-21&amp;th=1\" target=\"_blank\" rel=\"nofollow noopener\">Mobiclinic\u00ae, Elevador wc para adulto, Con tapa, 10 cent\u00edmetros, Adaptable a inodoros ovalados, Sistema de fijaci\u00f3n lateral, Marca espa\u00f1ola, Modelo tit\u00e1n<\/a><\/td>\n<td>29 \u20ac<\/td>\n<td>7 \u20ac<\/td>\n<\/tr>\n<tr>\n<td>MARKETPLACES<\/td>\n<td><a class=\"ljoptimizer\" href=\"https:\/\/www.amazon.es\/dp\/B095Z3KHPH?tag=amazon087683-21&amp;th=1\" target=\"_blank\" rel=\"nofollow noopener\">PEPE Mobility Elevador WC Adulto con Tapa, 10 cm de Altura, Alzador WC Ortop\u00e9dico, F\u00e1cil Instalaci\u00f3n y Seguro<\/a><\/td>\n<td>27 \u20ac<\/td>\n<td>6 \u20ac<\/td>\n<\/tr>\n<tr>\n<td>MARKETPLACES<\/td>\n<td><a class=\"ljoptimizer\" href=\"https:\/\/www.amazon.es\/dp\/B095Z3KHPH?tag=amazon087683-21&amp;th=1\" target=\"_blank\" rel=\"nofollow noopener\">PEPE Mobility Elevador WC Adulto con Tapa, 10 cm de Altura, Alzador WC Ortop\u00e9dico, F\u00e1cil Instalaci\u00f3n y Seguro<\/a><\/td>\n<td>27 \u20ac<\/td>\n<td>6 \u20ac<\/td>\n<\/tr>\n<tr>\n<td>MARKETPLACES<\/td>\n<td><a class=\"ljoptimizer\" href=\"https:\/\/www.amazon.es\/dp\/B095Z3KHPH?tag=amazon087683-21&amp;th=1\" target=\"_blank\" rel=\"nofollow noopener\">PEPE Mobility Elevador WC Adulto con Tapa, 10 cm de Altura, Alzador WC Ortop\u00e9dico, F\u00e1cil Instalaci\u00f3n y Seguro<\/a><\/td>\n<td>27 \u20ac<\/td>\n<td>6 \u20ac<\/td>\n<\/tr>\n<tr>\n<td>MARKETPLACES<\/td>\n<td><a class=\"ljoptimizer\" href=\"https:\/\/www.amazon.es\/dp\/B095Z39CJC?tag=amazon087683-21&amp;th=1\" target=\"_blank\" rel=\"nofollow noopener\">PEPE Mobility Elevador WC Adulto con Tapa, 15 cm de Altura, Alzador WC Ortop\u00e9dico, F\u00e1cil Instalaci\u00f3n y Seguro<\/a><\/td>\n<td>26 \u20ac<\/td>\n<td>6 \u20ac<\/td>\n<\/tr>\n<tr>\n<td>MARKETPLACES<\/td>\n<td><a class=\"ljoptimizer\" href=\"https:\/\/www.amazon.es\/dp\/B07P7KMTQB?tag=amazon087683-21&amp;th=1\" target=\"_blank\" rel=\"nofollow noopener\">PEPE Mobility Muletas Adulto (x2 uds), Altura Regulable, Aluminio, Ortop\u00e9dicas, Negro &#8211; Fabricado en Espa\u00f1a<\/a><\/td>\n<td>15 \u20ac<\/td>\n<td>4 \u20ac<\/td>\n<\/tr>\n<tr>\n<td>MARKETPLACES<\/td>\n<td><a class=\"ljoptimizer\" href=\"https:\/\/www.amazon.es\/dp\/B07P7KMTQB?tag=amazon087683-21&amp;th=1\" target=\"_blank\" rel=\"nofollow noopener\">PEPE Mobility Muletas Adulto (x2 uds), Altura Regulable, Aluminio, Ortop\u00e9dicas, Negro &#8211; Fabricado en Espa\u00f1a<\/a><\/td>\n<td>15 \u20ac<\/td>\n<td>4 \u20ac<\/td>\n<\/tr>\n<tr>\n<td>MARKETPLACES<\/td>\n<td><a class=\"ljoptimizer\" href=\"https:\/\/www.amazon.es\/dp\/B07S9PTLNZ?tag=amazon087683-21&amp;th=1\" target=\"_blank\" rel=\"nofollow noopener\">B\u00e1scula De Ba\u00f1o Digital RENPHO, B\u00e1scula De Peso Corporal De Alta Precisi\u00f3n Con Pantalla Iluminada, Graduaci\u00f3n de 0,1 lb (50 g) precisi\u00f3n, Tecnolog\u00eda Step-On, 180kg\/400lb, Negro, Core 1S<\/a><\/td>\n<td>10 \u20ac<\/td>\n<td>2 \u20ac<\/td>\n<\/tr>\n<\/tbody>\n<\/table>\n","protected":false},"excerpt":{"rendered":"<p>Pal\u00e9 de Cuidado Personal sin revisar procedente de devoluciones de marketplaces<\/p>\n<ul>\n<li>N\u00famero de productos: 25<\/li>\n<li>Valor aproximado: 1489.00<\/li>\n<li>Porcentaje que se paga: 19% + IVA<\/li>\n<li>Tiempo de entrega estimado: 3 a 7 d\u00edas<\/li>\n<\/ul>\n<p>*Los precios incluyen IVA<\/p>\n","protected":false},"featured_media":167295,"template":"","meta":{"site-sidebar-layout":"default","site-content-layout":"","ast-site-content-layout":"default","site-content-style":"default","site-sidebar-style":"default","ast-global-header-display":"","ast-banner-title-visibility":"","ast-main-header-display":"","ast-hfb-above-header-display":"","ast-hfb-below-header-display":"","ast-hfb-mobile-header-display":"","site-post-title":"","ast-breadcrumbs-content":"","ast-featured-img":"","footer-sml-layout":"","ast-disable-related-posts":"","theme-transparent-header-meta":"default","adv-header-id-meta":"","stick-header-meta":"","header-above-stick-meta":"","header-main-stick-meta":"","header-below-stick-meta":"","astra-migrate-meta-layouts":"set","ast-page-background-enabled":"default","ast-page-background-meta":{"desktop":{"background-color":"var(--ast-global-color-4)","background-image":"","background-repeat":"repeat","background-position":"center center","background-size":"auto","background-attachment":"scroll","background-type":"","background-media":"","overlay-type":"","overlay-color":"","overlay-opacity":"","overlay-gradient":""},"tablet":{"background-color":"","background-image":"","background-repeat":"repeat","background-position":"center center","background-size":"auto","background-attachment":"scroll","background-type":"","background-media":"","overlay-type":"","overlay-color":"","overlay-opacity":"","overlay-gradient":""},"mobile":{"background-color":"","background-image":"","background-repeat":"repeat","background-position":"center center","background-size":"auto","background-attachment":"scroll","background-type":"","background-media":"","overlay-type":"","overlay-color":"","overlay-opacity":"","overlay-gradient":""}},"ast-content-background-meta":{"desktop":{"background-color":"var(--ast-global-color-5)","background-image":"","background-repeat":"repeat","background-position":"center center","background-size":"auto","background-attachment":"scroll","background-type":"","background-media":"","overlay-type":"","overlay-color":"","overlay-opacity":"","overlay-gradient":""},"tablet":{"background-color":"var(--ast-global-color-5)","background-image":"","background-repeat":"repeat","background-position":"center center","background-size":"auto","background-attachment":"scroll","background-type":"","background-media":"","overlay-type":"","overlay-color":"","overlay-opacity":"","overlay-gradient":""},"mobile":{"background-color":"var(--ast-global-color-5)","background-image":"","background-repeat":"repeat","background-position":"center center","background-size":"auto","background-attachment":"scroll","background-type":"","background-media":"","overlay-type":"","overlay-color":"","overlay-opacity":"","overlay-gradient":""}}},"product_brand":[],"product_cat":[50,65],"product_tag":[],"class_list":{"0":"post-167152","1":"product","2":"type-product","3":"status-publish","4":"has-post-thumbnail","6":"product_cat-cuidado-personal","7":"product_cat-pales","8":"product_shipping_class-pale","9":"desktop-align-left","10":"tablet-align-left","11":"mobile-align-left","13":"first","14":"instock","15":"sale","16":"downloadable","17":"taxable","18":"shipping-taxable","19":"purchasable","20":"product-type-simple"},"yoast_head":"<!-- This site is optimized with the Yoast SEO plugin v27.2 - https:\/\/yoast.com\/product\/yoast-seo-wordpress\/ -->\n<title>Pal\u00e9 de Cuidado Personal [25 productos] (10226913) - Comprardevoluciones - Tu tienda de Devoluciones de Amazon<\/title>\n<meta name=\"robots\" content=\"noindex, follow\" \/>\n<meta property=\"og:locale\" content=\"de_DE\" \/>\n<meta property=\"og:type\" content=\"article\" \/>\n<meta property=\"og:title\" content=\"Pal\u00e9 de Cuidado Personal [25 productos] (10226913) - Comprardevoluciones - Tu tienda de Devoluciones de Amazon\" \/>\n<meta property=\"og:description\" content=\"Pal\u00e9 de Cuidado Personal sin revisar procedente de devoluciones de marketplaces   N\u00famero de productos: 25  Valor aproximado: 1489.00  Porcentaje que se paga: 19% + IVA  Tiempo de entrega estimado: 3 a 7 d\u00edas  *Los precios incluyen IVA\" \/>\n<meta property=\"og:url\" content=\"https:\/\/comprardevoluciones.com\/producto\/10226913\/\" \/>\n<meta property=\"og:site_name\" content=\"Comprardevoluciones - Tu tienda de Devoluciones de Amazon\" \/>\n<meta property=\"article:modified_time\" content=\"2026-04-02T18:37:56+00:00\" \/>\n<meta property=\"og:image\" content=\"https:\/\/comprardevoluciones.com\/wp-content\/uploads\/2026\/03\/10226913.jpg\" \/>\n\t<meta property=\"og:image:width\" content=\"700\" \/>\n\t<meta property=\"og:image:height\" content=\"700\" \/>\n\t<meta property=\"og:image:type\" content=\"image\/jpeg\" \/>\n<meta name=\"twitter:card\" content=\"summary_large_image\" \/>\n<meta name=\"twitter:label1\" content=\"Gesch\u00e4tzte Lesezeit\" \/>\n\t<meta name=\"twitter:data1\" content=\"4\u00a0Minuten\" \/>\n<script type=\"application\/ld+json\" class=\"yoast-schema-graph\">{\"@context\":\"https:\/\/schema.org\",\"@graph\":[{\"@type\":\"WebPage\",\"@id\":\"https:\/\/comprardevoluciones.com\/producto\/10226913\/\",\"url\":\"https:\/\/comprardevoluciones.com\/producto\/10226913\/\",\"name\":\"Pal\u00e9 de Cuidado Personal [25 productos] (10226913) - Comprardevoluciones - Tu tienda de Devoluciones de Amazon\",\"isPartOf\":{\"@id\":\"https:\/\/comprardevoluciones.com\/#website\"},\"primaryImageOfPage\":{\"@id\":\"https:\/\/comprardevoluciones.com\/producto\/10226913\/#primaryimage\"},\"image\":{\"@id\":\"https:\/\/comprardevoluciones.com\/producto\/10226913\/#primaryimage\"},\"thumbnailUrl\":\"https:\/\/comprardevoluciones.com\/wp-content\/uploads\/2026\/03\/10226913.jpg\",\"datePublished\":\"2026-04-02T15:00:41+00:00\",\"dateModified\":\"2026-04-02T18:37:56+00:00\",\"breadcrumb\":{\"@id\":\"https:\/\/comprardevoluciones.com\/producto\/10226913\/#breadcrumb\"},\"inLanguage\":\"de\",\"potentialAction\":[{\"@type\":\"ReadAction\",\"target\":[\"https:\/\/comprardevoluciones.com\/producto\/10226913\/\"]}]},{\"@type\":\"ImageObject\",\"inLanguage\":\"de\",\"@id\":\"https:\/\/comprardevoluciones.com\/producto\/10226913\/#primaryimage\",\"url\":\"https:\/\/comprardevoluciones.com\/wp-content\/uploads\/2026\/03\/10226913.jpg\",\"contentUrl\":\"https:\/\/comprardevoluciones.com\/wp-content\/uploads\/2026\/03\/10226913.jpg\",\"width\":700,\"height\":700},{\"@type\":\"BreadcrumbList\",\"@id\":\"https:\/\/comprardevoluciones.com\/producto\/10226913\/#breadcrumb\",\"itemListElement\":[{\"@type\":\"ListItem\",\"position\":1,\"name\":\"Portada\",\"item\":\"https:\/\/comprardevoluciones.com\/de\/\"},{\"@type\":\"ListItem\",\"position\":2,\"name\":\"Shop\",\"item\":\"https:\/\/comprardevoluciones.com\/de\/shop\/\"},{\"@type\":\"ListItem\",\"position\":3,\"name\":\"Pal\u00e9 de Cuidado Personal [25 productos] (10226913)\"}]},{\"@type\":\"WebSite\",\"@id\":\"https:\/\/comprardevoluciones.com\/#website\",\"url\":\"https:\/\/comprardevoluciones.com\/\",\"name\":\"Comprardevoluciones - Tu tienda de Devoluciones de Amazon\",\"description\":\"Consigue Stock en buen estado a un precio imbatible\",\"potentialAction\":[{\"@type\":\"SearchAction\",\"target\":{\"@type\":\"EntryPoint\",\"urlTemplate\":\"https:\/\/comprardevoluciones.com\/?s={search_term_string}\"},\"query-input\":{\"@type\":\"PropertyValueSpecification\",\"valueRequired\":true,\"valueName\":\"search_term_string\"}}],\"inLanguage\":\"de\"}]}<\/script>\n<!-- \/ Yoast SEO plugin. -->","yoast_head_json":{"title":"Pal\u00e9 de Cuidado Personal [25 productos] (10226913) - Comprardevoluciones - Tu tienda de Devoluciones de Amazon","robots":{"index":"noindex","follow":"follow"},"og_locale":"de_DE","og_type":"article","og_title":"Pal\u00e9 de Cuidado Personal [25 productos] (10226913) - Comprardevoluciones - Tu tienda de Devoluciones de Amazon","og_description":"Pal\u00e9 de Cuidado Personal sin revisar procedente de devoluciones de marketplaces   N\u00famero de productos: 25  Valor aproximado: 1489.00  Porcentaje que se paga: 19% + IVA  Tiempo de entrega estimado: 3 a 7 d\u00edas  *Los precios incluyen IVA","og_url":"https:\/\/comprardevoluciones.com\/producto\/10226913\/","og_site_name":"Comprardevoluciones - Tu tienda de Devoluciones de Amazon","article_modified_time":"2026-04-02T18:37:56+00:00","og_image":[{"width":700,"height":700,"url":"https:\/\/comprardevoluciones.com\/wp-content\/uploads\/2026\/03\/10226913.jpg","type":"image\/jpeg"}],"twitter_card":"summary_large_image","twitter_misc":{"Gesch\u00e4tzte Lesezeit":"4\u00a0Minuten"},"schema":{"@context":"https:\/\/schema.org","@graph":[{"@type":"WebPage","@id":"https:\/\/comprardevoluciones.com\/producto\/10226913\/","url":"https:\/\/comprardevoluciones.com\/producto\/10226913\/","name":"Pal\u00e9 de Cuidado Personal [25 productos] (10226913) - Comprardevoluciones - Tu tienda de Devoluciones de Amazon","isPartOf":{"@id":"https:\/\/comprardevoluciones.com\/#website"},"primaryImageOfPage":{"@id":"https:\/\/comprardevoluciones.com\/producto\/10226913\/#primaryimage"},"image":{"@id":"https:\/\/comprardevoluciones.com\/producto\/10226913\/#primaryimage"},"thumbnailUrl":"https:\/\/comprardevoluciones.com\/wp-content\/uploads\/2026\/03\/10226913.jpg","datePublished":"2026-04-02T15:00:41+00:00","dateModified":"2026-04-02T18:37:56+00:00","breadcrumb":{"@id":"https:\/\/comprardevoluciones.com\/producto\/10226913\/#breadcrumb"},"inLanguage":"de","potentialAction":[{"@type":"ReadAction","target":["https:\/\/comprardevoluciones.com\/producto\/10226913\/"]}]},{"@type":"ImageObject","inLanguage":"de","@id":"https:\/\/comprardevoluciones.com\/producto\/10226913\/#primaryimage","url":"https:\/\/comprardevoluciones.com\/wp-content\/uploads\/2026\/03\/10226913.jpg","contentUrl":"https:\/\/comprardevoluciones.com\/wp-content\/uploads\/2026\/03\/10226913.jpg","width":700,"height":700},{"@type":"BreadcrumbList","@id":"https:\/\/comprardevoluciones.com\/producto\/10226913\/#breadcrumb","itemListElement":[{"@type":"ListItem","position":1,"name":"Portada","item":"https:\/\/comprardevoluciones.com\/de\/"},{"@type":"ListItem","position":2,"name":"Shop","item":"https:\/\/comprardevoluciones.com\/de\/shop\/"},{"@type":"ListItem","position":3,"name":"Pal\u00e9 de Cuidado Personal [25 productos] (10226913)"}]},{"@type":"WebSite","@id":"https:\/\/comprardevoluciones.com\/#website","url":"https:\/\/comprardevoluciones.com\/","name":"Comprardevoluciones - Tu tienda de Devoluciones de Amazon","description":"Consigue Stock en buen estado a un precio imbatible","potentialAction":[{"@type":"SearchAction","target":{"@type":"EntryPoint","urlTemplate":"https:\/\/comprardevoluciones.com\/?s={search_term_string}"},"query-input":{"@type":"PropertyValueSpecification","valueRequired":true,"valueName":"search_term_string"}}],"inLanguage":"de"}]}},"_links":{"self":[{"href":"https:\/\/comprardevoluciones.com\/de\/wp-json\/wp\/v2\/product\/167152","targetHints":{"allow":["GET"]}}],"collection":[{"href":"https:\/\/comprardevoluciones.com\/de\/wp-json\/wp\/v2\/product"}],"about":[{"href":"https:\/\/comprardevoluciones.com\/de\/wp-json\/wp\/v2\/types\/product"}],"wp:featuredmedia":[{"embeddable":true,"href":"https:\/\/comprardevoluciones.com\/de\/wp-json\/wp\/v2\/media\/167295"}],"wp:attachment":[{"href":"https:\/\/comprardevoluciones.com\/de\/wp-json\/wp\/v2\/media?parent=167152"}],"wp:term":[{"taxonomy":"product_brand","embeddable":true,"href":"https:\/\/comprardevoluciones.com\/de\/wp-json\/wp\/v2\/product_brand?post=167152"},{"taxonomy":"product_cat","embeddable":true,"href":"https:\/\/comprardevoluciones.com\/de\/wp-json\/wp\/v2\/product_cat?post=167152"},{"taxonomy":"product_tag","embeddable":true,"href":"https:\/\/comprardevoluciones.com\/de\/wp-json\/wp\/v2\/product_tag?post=167152"}],"curies":[{"name":"wp","href":"https:\/\/api.w.org\/{rel}","templated":true}]}}