{"id":167892,"date":"2026-04-15T09:59:59","date_gmt":"2026-04-15T08:59:59","guid":{"rendered":"https:\/\/comprardevoluciones.com\/?post_type=product&#038;p=167892"},"modified":"2026-04-20T10:59:41","modified_gmt":"2026-04-20T09:59:41","slug":"10226912","status":"publish","type":"product","link":"https:\/\/comprardevoluciones.com\/de\/producto\/10226912\/","title":{"rendered":"Pal\u00e9 de Hogar [33 productos] (10226912)"},"content":{"rendered":"<p>Descripci\u00f3n y valor aproximados<\/p>\n<table>\n<tbody>\n<tr>\n<td><strong>FUENTE<\/strong><\/td>\n<td><strong>PRODUCTO<\/strong><\/td>\n<td><strong>VALOR (\u20ac)<\/strong><\/td>\n<td><strong>PAGAS (\u20ac)<\/strong><\/td>\n<\/tr>\n<tr>\n<td>MARKETPLACES<\/td>\n<td><a class=\"ljoptimizer\" href=\"https:\/\/www.amazon.es\/dp\/B07GXBF3Y3?tag=amazon087683-21&amp;th=1\" target=\"_blank\" rel=\"nofollow noopener\">PIKOLIN Home &#8211; Edred\u00f3n N\u00f3rdico 220&#215;250 cm &#8211; Duo 4 Estaciones 150+300 gr Fibra Suave y Transpirable &#8211; Relleno para Todo el A\u00f1o, F\u00e1cil Lavado, Hipoalerg\u00e9nico, Unible por Corchetes, para Cama 160 cm<\/a><\/td>\n<td>112 \u20ac<\/td>\n<td>26 \u20ac<\/td>\n<\/tr>\n<tr>\n<td>MARKETPLACES<\/td>\n<td><a class=\"ljoptimizer\" href=\"https:\/\/www.amazon.es\/dp\/B00RHRMP0C?tag=amazon087683-21&amp;th=1\" target=\"_blank\" rel=\"nofollow noopener\">Magefesa Inoxtar &#8211; Olla Express Tradicional de 10L, Acero Inoxidable 18\/10, Inducci\u00f3n, Cocina Sana, Pomo Rotatorio, Fondo Termo-Difusor de 5 Capas<\/a><\/td>\n<td>81 \u20ac<\/td>\n<td>19 \u20ac<\/td>\n<\/tr>\n<tr>\n<td>MARKETPLACES<\/td>\n<td><a class=\"ljoptimizer\" href=\"https:\/\/www.amazon.es\/dp\/B0C94GSBD7?tag=amazon087683-21&amp;th=1\" target=\"_blank\" rel=\"nofollow noopener\">EVVO Ventilador de Techo con Luz LED y Mando, Silencioso, \u00d8132cm, 3 Aspas, Motor DC 26W, 6 Velocidades, Temporizador (Modelo: V522 Acabado Negro)<\/a><\/td>\n<td>80 \u20ac<\/td>\n<td>18 \u20ac<\/td>\n<\/tr>\n<tr>\n<td>MARKETPLACES<\/td>\n<td><a class=\"ljoptimizer\" href=\"https:\/\/www.amazon.es\/dp\/B09TLBRCR3?tag=amazon087683-21&amp;th=1\" target=\"_blank\" rel=\"nofollow noopener\">Tefal Ingenio Unlimited On &#8211; Juego de 2 Sartenes 24\/28 cm + Mango extra\u00edble, Apto inducci\u00f3n, antiadherentes, revestimiento titanio, Thermo-signal, apto lavavajillas y horno<\/a><\/td>\n<td>71 \u20ac<\/td>\n<td>16 \u20ac<\/td>\n<\/tr>\n<tr>\n<td>MARKETPLACES<\/td>\n<td><a class=\"ljoptimizer\" href=\"https:\/\/www.amazon.es\/dp\/B07BMY1FR2?tag=amazon087683-21&amp;th=1\" target=\"_blank\" rel=\"nofollow noopener\">Pikolin Home &#8211; Almohada Viscoel\u00e1stica 60 cm (2 Unidades), de Hotel &#8211; Adaptabilidad al Cuello, Hipoalerg\u00e9nica, Firmeza Alta, para Dormir de Lado, Doble Funda, Transpirable y Suave<\/a><\/td>\n<td>70 \u20ac<\/td>\n<td>16 \u20ac<\/td>\n<\/tr>\n<tr>\n<td>MARKETPLACES<\/td>\n<td><a class=\"ljoptimizer\" href=\"https:\/\/www.amazon.es\/dp\/B01C8ONNN6?tag=amazon087683-21&amp;th=1\" target=\"_blank\" rel=\"nofollow noopener\">PIKOLIN Home &#8211; Edred\u00f3n N\u00f3rdico Oto\u00f1o-Invierno 300gr, Fibra Ecolofil Tacto Plum\u00f3n, Relleno para Cama 135 (220&#215;220 cm)<\/a><\/td>\n<td>64 \u20ac<\/td>\n<td>15 \u20ac<\/td>\n<\/tr>\n<tr>\n<td>MARKETPLACES<\/td>\n<td><a class=\"ljoptimizer\" href=\"https:\/\/www.amazon.es\/dp\/B0CKBT3TTV?tag=amazon087683-21&amp;th=1\" target=\"_blank\" rel=\"nofollow noopener\">VINTHERA MOA Perchero con Estanter\u00edas en Acero y Madera, 90x40x165 cm<\/a><\/td>\n<td>59 \u20ac<\/td>\n<td>14 \u20ac<\/td>\n<\/tr>\n<tr>\n<td>MARKETPLACES<\/td>\n<td><a class=\"ljoptimizer\" href=\"https:\/\/www.amazon.es\/dp\/B0C6G4Z1PY?tag=amazon087683-21&amp;th=1\" target=\"_blank\" rel=\"nofollow noopener\">Good Nite Manta Ponderada Manta con Peso para Adultos para aliviar el estr\u00e9s Manta Pesada para sentidos tranquilos (Gris, 8 kg, 150 x 200 cm)<\/a><\/td>\n<td>57 \u20ac<\/td>\n<td>13 \u20ac<\/td>\n<\/tr>\n<tr>\n<td>MARKETPLACES<\/td>\n<td><a class=\"ljoptimizer\" href=\"https:\/\/www.amazon.es\/dp\/B0F3JF1YBR?tag=amazon087683-21&amp;th=1\" target=\"_blank\" rel=\"nofollow noopener\">Vileda H2Pro Sistema de mopa Plana, Separaci\u00f3n de Agua Limpia y Sucia, Dise\u00f1o Que Ahorra Agua, Manejo con una Sola Mano, Almacenamiento Compacto, Mango ergon\u00f3mico, Potencia de Microfibra<\/a><\/td>\n<td>55 \u20ac<\/td>\n<td>13 \u20ac<\/td>\n<\/tr>\n<tr>\n<td>MARKETPLACES<\/td>\n<td><a class=\"ljoptimizer\" href=\"https:\/\/www.amazon.es\/dp\/B0D2QJ7946?tag=amazon087683-21&amp;th=1\" target=\"_blank\" rel=\"nofollow noopener\">YSTELLAA Impermeable Funda Sofa Chaise Long 4 Plazas, Cubre Sofa Chaise Longue Izquierdo\/Derecho Universal Reversible, Anti Gato Y Perro Mascota, Protector Antimanchas Y Resistente, Negro<\/a><\/td>\n<td>49 \u20ac<\/td>\n<td>11 \u20ac<\/td>\n<\/tr>\n<tr>\n<td>MARKETPLACES<\/td>\n<td><a class=\"ljoptimizer\" href=\"https:\/\/www.amazon.es\/dp\/B07L3G22L9?tag=amazon087683-21&amp;th=1\" target=\"_blank\" rel=\"nofollow noopener\">VOUNOT\u00ae Soporte de Madera de 2 Metros | Estante de Registro de Chimenea | Registro de le\u00f1a con Tapa Verde | Soporte de Almacenamiento de Madera para Interiores al Aire Libre<\/a><\/td>\n<td>46 \u20ac<\/td>\n<td>11 \u20ac<\/td>\n<\/tr>\n<tr>\n<td>MARKETPLACES<\/td>\n<td><a class=\"ljoptimizer\" href=\"https:\/\/www.amazon.es\/dp\/B07PV93JS4?tag=amazon087683-21&amp;th=1\" target=\"_blank\" rel=\"nofollow noopener\">DOKAS Kaustange \u2013 Getreidefreier Premium Kausnack f\u00fcr Hunde 9 x 200g | 200g ( 9er Pack )<\/a><\/td>\n<td>43 \u20ac<\/td>\n<td>10 \u20ac<\/td>\n<\/tr>\n<tr>\n<td>MARKETPLACES<\/td>\n<td><a class=\"ljoptimizer\" href=\"https:\/\/www.amazon.es\/dp\/B07P1328L3?tag=amazon087683-21&amp;th=1\" target=\"_blank\" rel=\"nofollow noopener\">Todocama Almohada viscoel\u00e1stica Aloe Vera (Pack de 2 Unidades &#8211; 70 cm)<\/a><\/td>\n<td>42 \u20ac<\/td>\n<td>10 \u20ac<\/td>\n<\/tr>\n<tr>\n<td>MARKETPLACES<\/td>\n<td><a class=\"ljoptimizer\" href=\"https:\/\/www.amazon.es\/dp\/B09MR8CMH7?tag=amazon087683-21&amp;th=1\" target=\"_blank\" rel=\"nofollow noopener\">Vileda Turbo Juego de Cubo de fregona para Suelos giratoria con Pedal &#8211; Mango telesc\u00f3pico 85-123 cm &#8211; Cabezal de Microfibra 2 en 1 &#8211; Love it Clean &#8211; Embalaje sostenible<\/a><\/td>\n<td>42 \u20ac<\/td>\n<td>10 \u20ac<\/td>\n<\/tr>\n<tr>\n<td>MARKETPLACES<\/td>\n<td><a class=\"ljoptimizer\" href=\"https:\/\/www.amazon.es\/dp\/B0DSLSCSCT?tag=amazon087683-21&amp;th=1\" target=\"_blank\" rel=\"nofollow noopener\">NEWTECK NEWLUX -Tendedero Vertical Plegable XXL Bastion V40 Blanco con Ruedas, 4 Niveles Dobles + Zapatero y 18,5m de tendido. Tendedero Plegable con Soporte para Perchas. Ideal como Perchero<\/a><\/td>\n<td>40 \u20ac<\/td>\n<td>9 \u20ac<\/td>\n<\/tr>\n<tr>\n<td>MARKETPLACES<\/td>\n<td><a class=\"ljoptimizer\" href=\"https:\/\/www.amazon.es\/dp\/B00U2IIDY0?tag=amazon087683-21&amp;th=1\" target=\"_blank\" rel=\"nofollow noopener\">Pikolin Home &#8211; Cuscino Memory Foam da Hotel 90 cm &#8211; Adattabilit\u00e0 al collo e Ipoallergenico &#8211; Guanciale Letto Media Rigidit\u00e0 per Tutte le Posizioni di Sonno &#8211; Doppia Federa Traspirante e Morbida<\/a><\/td>\n<td>39 \u20ac<\/td>\n<td>9 \u20ac<\/td>\n<\/tr>\n<tr>\n<td>MARKETPLACES<\/td>\n<td><a class=\"ljoptimizer\" href=\"https:\/\/www.amazon.es\/dp\/B0792H4HFM?tag=amazon087683-21&amp;th=1\" target=\"_blank\" rel=\"nofollow noopener\">Amazon Basics Gardinenstange mit gebogener Stange f\u00fcr den Innenbereich, ausziehbar, 122 bis 224 cm, Schwarz<\/a><\/td>\n<td>34 \u20ac<\/td>\n<td>8 \u20ac<\/td>\n<\/tr>\n<tr>\n<td>MARKETPLACES<\/td>\n<td><a class=\"ljoptimizer\" href=\"https:\/\/www.amazon.es\/dp\/B0CBSL3GG8?tag=amazon087683-21&amp;th=1\" target=\"_blank\" rel=\"nofollow noopener\">Relaxdays Aseo para Perro con 4 Empapadores C\u00e9sped, Bandeja Sanitaria Cachorros, Pl\u00e1stico 5,5&#215;45,5x33cm, Blanco\/Verde<\/a><\/td>\n<td>34 \u20ac<\/td>\n<td>8 \u20ac<\/td>\n<\/tr>\n<tr>\n<td>MARKETPLACES<\/td>\n<td><a class=\"ljoptimizer\" href=\"https:\/\/www.amazon.es\/dp\/B07GFKTYSQ?tag=amazon087683-21&amp;th=1\" target=\"_blank\" rel=\"nofollow noopener\">Amazon Basics Tendedero tipo torre, para interior, con alas plegables, Plateado, 4-niveles, 126 x 64 x 173 cm (L x W x H)<\/a><\/td>\n<td>32 \u20ac<\/td>\n<td>7 \u20ac<\/td>\n<\/tr>\n<tr>\n<td>MARKETPLACES<\/td>\n<td><a class=\"ljoptimizer\" href=\"https:\/\/www.amazon.es\/dp\/B0015YICMI?tag=amazon087683-21&amp;th=1\" target=\"_blank\" rel=\"nofollow noopener\">De Buyer, SARTEN REDONDA CHOC \u00d8 24 CM,-8180.24<\/a><\/td>\n<td>29 \u20ac<\/td>\n<td>7 \u20ac<\/td>\n<\/tr>\n<tr>\n<td>MARKETPLACES<\/td>\n<td><a class=\"ljoptimizer\" href=\"https:\/\/www.amazon.es\/dp\/B0DJVJ9RDQ?tag=amazon087683-21&amp;th=1\" target=\"_blank\" rel=\"nofollow noopener\">PUPPY KITTY Cady Comedero Autom\u00e1tico Gato, 3L Dispensador Comida Gatos con Grabaci\u00f3n de Voz 10S, Duraci\u00f3n de la Bater\u00eda hasta 180 D\u00edas, 1 a 5 Comidas<\/a><\/td>\n<td>28 \u20ac<\/td>\n<td>6 \u20ac<\/td>\n<\/tr>\n<tr>\n<td>MARKETPLACES<\/td>\n<td><a class=\"ljoptimizer\" href=\"https:\/\/www.amazon.es\/dp\/B07ZPDXTJ5?tag=amazon087683-21&amp;th=1\" target=\"_blank\" rel=\"nofollow noopener\">Todocama &#8211; Almohada viscoel\u00e1stica Aloe Vera con Copos 100% viscoel\u00e1sticos. Tejido Strech Aloe Vera. Termoregulable. Firmeza Media &#8211; Alta. Fabricado en Espa\u00f1a. (Pack 2 x 70 cm)<\/a><\/td>\n<td>27 \u20ac<\/td>\n<td>6 \u20ac<\/td>\n<\/tr>\n<tr>\n<td>MARKETPLACES<\/td>\n<td><a class=\"ljoptimizer\" href=\"https:\/\/www.amazon.es\/dp\/B00PAVV9YK?tag=amazon087683-21&amp;th=1\" target=\"_blank\" rel=\"nofollow noopener\">Pikolin Home &#8211; Pack 2 Almohada de Fibra Hipoalerg\u00e9nica &#8211; Funda Exterior de Algod\u00f3n con Tratamiento Anti\u00e1caros &#8211; Firmeza Baja, Dormir Boca Abajo, 70 cm, 70 x 40 cm<\/a><\/td>\n<td>26 \u20ac<\/td>\n<td>6 \u20ac<\/td>\n<\/tr>\n<tr>\n<td>MARKETPLACES<\/td>\n<td><a class=\"ljoptimizer\" href=\"https:\/\/www.amazon.es\/dp\/B0F295WLQS?tag=amazon087683-21&amp;th=1\" target=\"_blank\" rel=\"nofollow noopener\">Totsy Baby Edredon Relleno nordico Cama Infantil Algod\u00f3n &#8211; 100&#215;135 &#8211; Bebe rellena Juego de Manta 100 x 135 cm con Almohada 40 x 60 cm por ni\u00f1os e ni\u00f1as Oeko-Tex Jirafas<\/a><\/td>\n<td>24 \u20ac<\/td>\n<td>5 \u20ac<\/td>\n<\/tr>\n<tr>\n<td>MARKETPLACES<\/td>\n<td><a class=\"ljoptimizer\" href=\"https:\/\/www.amazon.es\/dp\/B0FDKWLLPP?tag=amazon087683-21&amp;th=1\" target=\"_blank\" rel=\"nofollow noopener\">LuJasi Plafon Led Techo Regulable, 24W 2400LM Panel LED con Mando Distancia, 3000K-6500K, Ultra Plano 58x20x2.5cm Efecto Retroiluminaci\u00f3n Lampara Cocina Techo Blanco<\/a><\/td>\n<td>23 \u20ac<\/td>\n<td>5 \u20ac<\/td>\n<\/tr>\n<tr>\n<td>MARKETPLACES<\/td>\n<td><a class=\"ljoptimizer\" href=\"https:\/\/www.amazon.es\/dp\/B0C7WBSPMD?tag=amazon087683-21&amp;th=1\" target=\"_blank\" rel=\"nofollow noopener\">BEYSTE Linternas LED Alta Potencia, 1,000,000 L\u00famenes Linterna Recargable Potente Largo Alcance, Linterna Tactica Policial, XHQ99.2 Flashlight De Alta Luminosidad Para Emergencia Camping Regalo<\/a><\/td>\n<td>22 \u20ac<\/td>\n<td>5 \u20ac<\/td>\n<\/tr>\n<tr>\n<td>MARKETPLACES<\/td>\n<td><a class=\"ljoptimizer\" href=\"https:\/\/www.amazon.es\/dp\/B09HCN9BM6?tag=amazon087683-21&amp;th=1\" target=\"_blank\" rel=\"nofollow noopener\">Purina, Felix, Delicioso d\u00fao, Maxi Paquete, 44 x 85g-El Embalaje Puede Variar<\/a><\/td>\n<td>21 \u20ac<\/td>\n<td>5 \u20ac<\/td>\n<\/tr>\n<tr>\n<td>MARKETPLACES<\/td>\n<td><a class=\"ljoptimizer\" href=\"https:\/\/www.amazon.es\/dp\/B0F49C7LMN?tag=amazon087683-21&amp;th=1\" target=\"_blank\" rel=\"nofollow noopener\">BRA Master, Sart\u00e9n 28 cm, Acero Inoxidable, Sin Antiadherente, Sin PFOA, Full Induction, Apta para todo tipo de Cocinas, Mango acero inoxidable recubierto de Silicona<\/a><\/td>\n<td>21 \u20ac<\/td>\n<td>5 \u20ac<\/td>\n<\/tr>\n<tr>\n<td>MARKETPLACES<\/td>\n<td><a class=\"ljoptimizer\" href=\"https:\/\/www.amazon.es\/dp\/B0BJQT95Z6?tag=amazon087683-21&amp;th=1\" target=\"_blank\" rel=\"nofollow noopener\">Tatay Cubo de Basura Cocina con Pedal Smart 25L | Dise\u00f1o Compacto y Funcional | Uso Interior y Exterior | Compatible con Bolsas de 30L | Pl\u00e1stico Resistente Libre de BPA | 26x36x47cm, Negro<\/a><\/td>\n<td>21 \u20ac<\/td>\n<td>5 \u20ac<\/td>\n<\/tr>\n<tr>\n<td>MARKETPLACES<\/td>\n<td><a class=\"ljoptimizer\" href=\"https:\/\/www.amazon.es\/dp\/B0097D77QQ?tag=amazon087683-21&amp;th=1\" target=\"_blank\" rel=\"nofollow noopener\">Rotho Country Caj\u00f3n 19.2l con 1 caj\u00f3n en look de rat\u00e1n, Pl\u00e1stico (PP) sin BPA, capuchino, gro\u00df\/19.2l (45.0 x 34.0 x 20.0 cm)<\/a><\/td>\n<td>20 \u20ac<\/td>\n<td>5 \u20ac<\/td>\n<\/tr>\n<tr>\n<td>MARKETPLACES<\/td>\n<td><a class=\"ljoptimizer\" href=\"https:\/\/www.amazon.es\/dp\/B08PMJ8TSM?tag=amazon087683-21&amp;th=1\" target=\"_blank\" rel=\"nofollow noopener\">Tatay Cubo de Basura Cocina con Pedal Cubik Deco 21L | Interior y Exterior | Para Bolsas de 20L a 30L | Pl\u00e1stico Resistente Libre de BPA | 33,5x30x39 cm, Gris Metalizado<\/a><\/td>\n<td>16 \u20ac<\/td>\n<td>4 \u20ac<\/td>\n<\/tr>\n<tr>\n<td>MARKETPLACES<\/td>\n<td><a class=\"ljoptimizer\" href=\"https:\/\/www.amazon.es\/dp\/B0F6W9FRKS?tag=amazon087683-21&amp;th=1\" target=\"_blank\" rel=\"nofollow noopener\">EYMPEU Marco A1, Aluminio Negro para Cuadros de A1, Apto para Colgar en la Pared, Ideal para Decorar Dormitorios Salones<\/a><\/td>\n<td>15 \u20ac<\/td>\n<td>4 \u20ac<\/td>\n<\/tr>\n<tr>\n<td>MARKETPLACES<\/td>\n<td><a class=\"ljoptimizer\" href=\"https:\/\/www.amazon.es\/dp\/B00O4B8ISW?tag=amazon087683-21&amp;th=1\" target=\"_blank\" rel=\"nofollow noopener\">Sanicat &#8211; Arena para Gatos Aglomerante Sin perfume | Hecha de minerales naturales con control de olor garantizado | Absorbe la humedad y facilita la limpieza | 10 L de capacidad, Packaging May Vary<\/a><\/td>\n<td>7 \u20ac<\/td>\n<td>2 \u20ac<\/td>\n<\/tr>\n<\/tbody>\n<\/table>\n","protected":false},"excerpt":{"rendered":"<p>Pal\u00e9 de Hogar sin revisar procedente de devoluciones de marketplaces<\/p>\n<ul>\n<li>N\u00famero de productos: 33<\/li>\n<li>Valor aproximado: 1350.00<\/li>\n<li>Porcentaje que se paga: 19% + IVA<\/li>\n<li>Tiempo de entrega estimado: 3 a 7 d\u00edas<\/li>\n<\/ul>\n<p>*Los precios incluyen IVA<\/p>\n","protected":false},"featured_media":168137,"template":"","meta":{"site-sidebar-layout":"default","site-content-layout":"","ast-site-content-layout":"default","site-content-style":"default","site-sidebar-style":"default","ast-global-header-display":"","ast-banner-title-visibility":"","ast-main-header-display":"","ast-hfb-above-header-display":"","ast-hfb-below-header-display":"","ast-hfb-mobile-header-display":"","site-post-title":"","ast-breadcrumbs-content":"","ast-featured-img":"","footer-sml-layout":"","ast-disable-related-posts":"","theme-transparent-header-meta":"default","adv-header-id-meta":"","stick-header-meta":"","header-above-stick-meta":"","header-main-stick-meta":"","header-below-stick-meta":"","astra-migrate-meta-layouts":"set","ast-page-background-enabled":"default","ast-page-background-meta":{"desktop":{"background-color":"var(--ast-global-color-4)","background-image":"","background-repeat":"repeat","background-position":"center center","background-size":"auto","background-attachment":"scroll","background-type":"","background-media":"","overlay-type":"","overlay-color":"","overlay-opacity":"","overlay-gradient":""},"tablet":{"background-color":"","background-image":"","background-repeat":"repeat","background-position":"center center","background-size":"auto","background-attachment":"scroll","background-type":"","background-media":"","overlay-type":"","overlay-color":"","overlay-opacity":"","overlay-gradient":""},"mobile":{"background-color":"","background-image":"","background-repeat":"repeat","background-position":"center center","background-size":"auto","background-attachment":"scroll","background-type":"","background-media":"","overlay-type":"","overlay-color":"","overlay-opacity":"","overlay-gradient":""}},"ast-content-background-meta":{"desktop":{"background-color":"var(--ast-global-color-5)","background-image":"","background-repeat":"repeat","background-position":"center center","background-size":"auto","background-attachment":"scroll","background-type":"","background-media":"","overlay-type":"","overlay-color":"","overlay-opacity":"","overlay-gradient":""},"tablet":{"background-color":"var(--ast-global-color-5)","background-image":"","background-repeat":"repeat","background-position":"center center","background-size":"auto","background-attachment":"scroll","background-type":"","background-media":"","overlay-type":"","overlay-color":"","overlay-opacity":"","overlay-gradient":""},"mobile":{"background-color":"var(--ast-global-color-5)","background-image":"","background-repeat":"repeat","background-position":"center center","background-size":"auto","background-attachment":"scroll","background-type":"","background-media":"","overlay-type":"","overlay-color":"","overlay-opacity":"","overlay-gradient":""}}},"product_brand":[],"product_cat":[43,65],"product_tag":[],"class_list":{"0":"post-167892","1":"product","2":"type-product","3":"status-publish","4":"has-post-thumbnail","6":"product_cat-hogar","7":"product_cat-pales","8":"product_shipping_class-pale","9":"desktop-align-left","10":"tablet-align-left","11":"mobile-align-left","13":"first","14":"outofstock","15":"sale","16":"downloadable","17":"taxable","18":"shipping-taxable","19":"purchasable","20":"product-type-simple"},"yoast_head":"<!-- This site is optimized with the Yoast SEO plugin v27.2 - https:\/\/yoast.com\/product\/yoast-seo-wordpress\/ -->\n<title>Pal\u00e9 de Hogar [33 productos] (10226912) - Comprardevoluciones - Tu tienda de Devoluciones de Amazon<\/title>\n<meta name=\"robots\" content=\"noindex, follow\" \/>\n<meta property=\"og:locale\" content=\"de_DE\" \/>\n<meta property=\"og:type\" content=\"article\" \/>\n<meta property=\"og:title\" content=\"Pal\u00e9 de Hogar [33 productos] (10226912) - Comprardevoluciones - Tu tienda de Devoluciones de Amazon\" \/>\n<meta property=\"og:description\" content=\"Pal\u00e9 de Hogar sin revisar procedente de devoluciones de marketplaces   N\u00famero de productos: 33  Valor aproximado: 1350.00  Porcentaje que se paga: 19% + IVA  Tiempo de entrega estimado: 3 a 7 d\u00edas  *Los precios incluyen IVA\" \/>\n<meta property=\"og:url\" content=\"https:\/\/comprardevoluciones.com\/producto\/10226912\/\" \/>\n<meta property=\"og:site_name\" content=\"Comprardevoluciones - Tu tienda de Devoluciones de Amazon\" \/>\n<meta property=\"article:modified_time\" content=\"2026-04-20T09:59:41+00:00\" \/>\n<meta property=\"og:image\" content=\"https:\/\/comprardevoluciones.com\/wp-content\/uploads\/2026\/03\/10226912.jpg\" \/>\n\t<meta property=\"og:image:width\" content=\"700\" \/>\n\t<meta property=\"og:image:height\" content=\"700\" \/>\n\t<meta property=\"og:image:type\" content=\"image\/jpeg\" \/>\n<meta name=\"twitter:card\" content=\"summary_large_image\" \/>\n<meta name=\"twitter:label1\" content=\"Gesch\u00e4tzte Lesezeit\" \/>\n\t<meta name=\"twitter:data1\" content=\"5\u00a0Minuten\" \/>\n<script type=\"application\/ld+json\" class=\"yoast-schema-graph\">{\"@context\":\"https:\/\/schema.org\",\"@graph\":[{\"@type\":\"WebPage\",\"@id\":\"https:\/\/comprardevoluciones.com\/producto\/10226912\/\",\"url\":\"https:\/\/comprardevoluciones.com\/producto\/10226912\/\",\"name\":\"Pal\u00e9 de Hogar [33 productos] (10226912) - Comprardevoluciones - Tu tienda de Devoluciones de Amazon\",\"isPartOf\":{\"@id\":\"https:\/\/comprardevoluciones.com\/#website\"},\"primaryImageOfPage\":{\"@id\":\"https:\/\/comprardevoluciones.com\/producto\/10226912\/#primaryimage\"},\"image\":{\"@id\":\"https:\/\/comprardevoluciones.com\/producto\/10226912\/#primaryimage\"},\"thumbnailUrl\":\"https:\/\/comprardevoluciones.com\/wp-content\/uploads\/2026\/03\/10226912.jpg\",\"datePublished\":\"2026-04-15T08:59:59+00:00\",\"dateModified\":\"2026-04-20T09:59:41+00:00\",\"breadcrumb\":{\"@id\":\"https:\/\/comprardevoluciones.com\/producto\/10226912\/#breadcrumb\"},\"inLanguage\":\"de\",\"potentialAction\":[{\"@type\":\"ReadAction\",\"target\":[\"https:\/\/comprardevoluciones.com\/producto\/10226912\/\"]}]},{\"@type\":\"ImageObject\",\"inLanguage\":\"de\",\"@id\":\"https:\/\/comprardevoluciones.com\/producto\/10226912\/#primaryimage\",\"url\":\"https:\/\/comprardevoluciones.com\/wp-content\/uploads\/2026\/03\/10226912.jpg\",\"contentUrl\":\"https:\/\/comprardevoluciones.com\/wp-content\/uploads\/2026\/03\/10226912.jpg\",\"width\":700,\"height\":700},{\"@type\":\"BreadcrumbList\",\"@id\":\"https:\/\/comprardevoluciones.com\/producto\/10226912\/#breadcrumb\",\"itemListElement\":[{\"@type\":\"ListItem\",\"position\":1,\"name\":\"Portada\",\"item\":\"https:\/\/comprardevoluciones.com\/de\/\"},{\"@type\":\"ListItem\",\"position\":2,\"name\":\"Shop\",\"item\":\"https:\/\/comprardevoluciones.com\/de\/shop\/\"},{\"@type\":\"ListItem\",\"position\":3,\"name\":\"Pal\u00e9 de Hogar [33 productos] (10226912)\"}]},{\"@type\":\"WebSite\",\"@id\":\"https:\/\/comprardevoluciones.com\/#website\",\"url\":\"https:\/\/comprardevoluciones.com\/\",\"name\":\"Comprardevoluciones - Tu tienda de Devoluciones de Amazon\",\"description\":\"Consigue Stock en buen estado a un precio imbatible\",\"potentialAction\":[{\"@type\":\"SearchAction\",\"target\":{\"@type\":\"EntryPoint\",\"urlTemplate\":\"https:\/\/comprardevoluciones.com\/?s={search_term_string}\"},\"query-input\":{\"@type\":\"PropertyValueSpecification\",\"valueRequired\":true,\"valueName\":\"search_term_string\"}}],\"inLanguage\":\"de\"}]}<\/script>\n<!-- \/ Yoast SEO plugin. -->","yoast_head_json":{"title":"Pal\u00e9 de Hogar [33 productos] (10226912) - Comprardevoluciones - Tu tienda de Devoluciones de Amazon","robots":{"index":"noindex","follow":"follow"},"og_locale":"de_DE","og_type":"article","og_title":"Pal\u00e9 de Hogar [33 productos] (10226912) - Comprardevoluciones - Tu tienda de Devoluciones de Amazon","og_description":"Pal\u00e9 de Hogar sin revisar procedente de devoluciones de marketplaces   N\u00famero de productos: 33  Valor aproximado: 1350.00  Porcentaje que se paga: 19% + IVA  Tiempo de entrega estimado: 3 a 7 d\u00edas  *Los precios incluyen IVA","og_url":"https:\/\/comprardevoluciones.com\/producto\/10226912\/","og_site_name":"Comprardevoluciones - Tu tienda de Devoluciones de Amazon","article_modified_time":"2026-04-20T09:59:41+00:00","og_image":[{"width":700,"height":700,"url":"https:\/\/comprardevoluciones.com\/wp-content\/uploads\/2026\/03\/10226912.jpg","type":"image\/jpeg"}],"twitter_card":"summary_large_image","twitter_misc":{"Gesch\u00e4tzte Lesezeit":"5\u00a0Minuten"},"schema":{"@context":"https:\/\/schema.org","@graph":[{"@type":"WebPage","@id":"https:\/\/comprardevoluciones.com\/producto\/10226912\/","url":"https:\/\/comprardevoluciones.com\/producto\/10226912\/","name":"Pal\u00e9 de Hogar [33 productos] (10226912) - Comprardevoluciones - Tu tienda de Devoluciones de Amazon","isPartOf":{"@id":"https:\/\/comprardevoluciones.com\/#website"},"primaryImageOfPage":{"@id":"https:\/\/comprardevoluciones.com\/producto\/10226912\/#primaryimage"},"image":{"@id":"https:\/\/comprardevoluciones.com\/producto\/10226912\/#primaryimage"},"thumbnailUrl":"https:\/\/comprardevoluciones.com\/wp-content\/uploads\/2026\/03\/10226912.jpg","datePublished":"2026-04-15T08:59:59+00:00","dateModified":"2026-04-20T09:59:41+00:00","breadcrumb":{"@id":"https:\/\/comprardevoluciones.com\/producto\/10226912\/#breadcrumb"},"inLanguage":"de","potentialAction":[{"@type":"ReadAction","target":["https:\/\/comprardevoluciones.com\/producto\/10226912\/"]}]},{"@type":"ImageObject","inLanguage":"de","@id":"https:\/\/comprardevoluciones.com\/producto\/10226912\/#primaryimage","url":"https:\/\/comprardevoluciones.com\/wp-content\/uploads\/2026\/03\/10226912.jpg","contentUrl":"https:\/\/comprardevoluciones.com\/wp-content\/uploads\/2026\/03\/10226912.jpg","width":700,"height":700},{"@type":"BreadcrumbList","@id":"https:\/\/comprardevoluciones.com\/producto\/10226912\/#breadcrumb","itemListElement":[{"@type":"ListItem","position":1,"name":"Portada","item":"https:\/\/comprardevoluciones.com\/de\/"},{"@type":"ListItem","position":2,"name":"Shop","item":"https:\/\/comprardevoluciones.com\/de\/shop\/"},{"@type":"ListItem","position":3,"name":"Pal\u00e9 de Hogar [33 productos] (10226912)"}]},{"@type":"WebSite","@id":"https:\/\/comprardevoluciones.com\/#website","url":"https:\/\/comprardevoluciones.com\/","name":"Comprardevoluciones - Tu tienda de Devoluciones de Amazon","description":"Consigue Stock en buen estado a un precio imbatible","potentialAction":[{"@type":"SearchAction","target":{"@type":"EntryPoint","urlTemplate":"https:\/\/comprardevoluciones.com\/?s={search_term_string}"},"query-input":{"@type":"PropertyValueSpecification","valueRequired":true,"valueName":"search_term_string"}}],"inLanguage":"de"}]}},"_links":{"self":[{"href":"https:\/\/comprardevoluciones.com\/de\/wp-json\/wp\/v2\/product\/167892","targetHints":{"allow":["GET"]}}],"collection":[{"href":"https:\/\/comprardevoluciones.com\/de\/wp-json\/wp\/v2\/product"}],"about":[{"href":"https:\/\/comprardevoluciones.com\/de\/wp-json\/wp\/v2\/types\/product"}],"wp:featuredmedia":[{"embeddable":true,"href":"https:\/\/comprardevoluciones.com\/de\/wp-json\/wp\/v2\/media\/168137"}],"wp:attachment":[{"href":"https:\/\/comprardevoluciones.com\/de\/wp-json\/wp\/v2\/media?parent=167892"}],"wp:term":[{"taxonomy":"product_brand","embeddable":true,"href":"https:\/\/comprardevoluciones.com\/de\/wp-json\/wp\/v2\/product_brand?post=167892"},{"taxonomy":"product_cat","embeddable":true,"href":"https:\/\/comprardevoluciones.com\/de\/wp-json\/wp\/v2\/product_cat?post=167892"},{"taxonomy":"product_tag","embeddable":true,"href":"https:\/\/comprardevoluciones.com\/de\/wp-json\/wp\/v2\/product_tag?post=167892"}],"curies":[{"name":"wp","href":"https:\/\/api.w.org\/{rel}","templated":true}]}}