{"id":168770,"date":"2026-03-24T09:30:17","date_gmt":"2026-03-24T08:30:17","guid":{"rendered":"https:\/\/comprardevoluciones.com\/?post_type=product&#038;p=168770"},"modified":"2026-03-24T11:32:27","modified_gmt":"2026-03-24T10:32:27","slug":"spw83p8810r-2","status":"publish","type":"product","link":"https:\/\/comprardevoluciones.com\/de\/producto\/spw83p8810r-2\/","title":{"rendered":"Caja de Hogar [23 productos] (spW83P8810R &#8211; 2)"},"content":{"rendered":"<p>Descripci\u00f3n y valor aproximados<\/p>\n<table>\n<tbody>\n<tr>\n<td><strong>FUENTE<\/strong><\/td>\n<td><strong>PRODUCTO<\/strong><\/td>\n<td><strong>VALOR (\u20ac)<\/strong><\/td>\n<td><strong>PAGAS (\u20ac)<\/strong><\/td>\n<\/tr>\n<tr>\n<td>MARKETPLACES<\/td>\n<td><a class=\"ljoptimizer\" href=\"https:\/\/www.amazon.es\/dp\/B0DP6DJQKJ?tag=amazon087683-21&amp;th=1\" target=\"_blank\" rel=\"nofollow noopener\">Amazon Basics Calefactor el\u00e9ctrico cer\u00e1mico con tecnolog\u00eda PTC, 1800W, oscilaci\u00f3n 70\u00b0, 40cm, Gris<\/a><\/td>\n<td>45 \u20ac<\/td>\n<td>10 \u20ac<\/td>\n<\/tr>\n<tr>\n<td>MARKETPLACES<\/td>\n<td><a class=\"ljoptimizer\" href=\"https:\/\/www.amazon.es\/dp\/B0CC5NM5KG?tag=amazon087683-21&amp;th=1\" target=\"_blank\" rel=\"nofollow noopener\">Good Nite Mantas 200x230cm, Manta y Colchas, Mantas para Sofa, Manta de Franela Sherpa Gruesa de Invierno Blanket (Gris)<\/a><\/td>\n<td>38 \u20ac<\/td>\n<td>9 \u20ac<\/td>\n<\/tr>\n<tr>\n<td>MARKETPLACES<\/td>\n<td><a class=\"ljoptimizer\" href=\"https:\/\/www.amazon.es\/dp\/B0BHF12KJQ?tag=amazon087683-21&amp;th=1\" target=\"_blank\" rel=\"nofollow noopener\">Mepal Borraccia Pop-up Campus 400 ml &#8211; Flowers &amp; butterflies, 1.0 unit\u00e0<\/a><\/td>\n<td>35 \u20ac<\/td>\n<td>8 \u20ac<\/td>\n<\/tr>\n<tr>\n<td>MARKETPLACES<\/td>\n<td><a class=\"ljoptimizer\" href=\"https:\/\/www.amazon.es\/dp\/B0899RR9TG?tag=amazon087683-21&amp;th=1\" target=\"_blank\" rel=\"nofollow noopener\">Amagabeli 244cmx61cmx107cm Cubierta para estantes de le\u00f1a de resistente a la intemperie la intemperie 600D Oxford cubiertas de almacenamiento de madera para fuego con respaldo de PVC color negro<\/a><\/td>\n<td>34 \u20ac<\/td>\n<td>8 \u20ac<\/td>\n<\/tr>\n<tr>\n<td>MARKETPLACES<\/td>\n<td><a class=\"ljoptimizer\" href=\"https:\/\/www.amazon.es\/dp\/B0FGQ1ZJLL?tag=amazon087683-21&amp;th=1\" target=\"_blank\" rel=\"nofollow noopener\">DUJUIKE Funda N\u00f3rdica Impermeable, Protector N\u00f3rdico, Impermeable, Anti-Incontinencia, Apto para Mascotas, Gatos y Perros, Ni\u00f1os, Ancianos, Doble Cremallera (Verde, 220 x 260 cm)<\/a><\/td>\n<td>31 \u20ac<\/td>\n<td>7 \u20ac<\/td>\n<\/tr>\n<tr>\n<td>MARKETPLACES<\/td>\n<td><a class=\"ljoptimizer\" href=\"https:\/\/www.amazon.es\/dp\/B0F32BSM37?tag=amazon087683-21&amp;th=1\" target=\"_blank\" rel=\"nofollow noopener\">Chubasquero para Perros con Arn\u00e9s para Peque\u00f1os y Medianos, Ropa para Mascotas Ajustable e Impermeable, Chaqueta Impermeable Ligera, Reflectante, 4 Patas, Gris, 5XL<\/a><\/td>\n<td>30 \u20ac<\/td>\n<td>7 \u20ac<\/td>\n<\/tr>\n<tr>\n<td>MARKETPLACES<\/td>\n<td><a class=\"ljoptimizer\" href=\"https:\/\/www.amazon.es\/dp\/B00B23AUVS?tag=amazon087683-21&amp;th=1\" target=\"_blank\" rel=\"nofollow noopener\">PetSafe Staywell Haustiert\u00fcre Original mit 2 Verschlussoptionen, mittel, wei\u00df<\/a><\/td>\n<td>26 \u20ac<\/td>\n<td>6 \u20ac<\/td>\n<\/tr>\n<tr>\n<td>MARKETPLACES<\/td>\n<td><a class=\"ljoptimizer\" href=\"https:\/\/www.amazon.es\/dp\/B0BLWD9L8G?tag=amazon087683-21&amp;th=1\" target=\"_blank\" rel=\"nofollow noopener\">Todocama &#8211; Manta de algod\u00f3n extrasuave, Four Seasons, colcha multiusos para sof\u00e1, manta de cama, manta fular, colcha, funda de sof\u00e1, Arena Beige, PRCMAMSBEAR, 180 x 240 cm<\/a><\/td>\n<td>25 \u20ac<\/td>\n<td>6 \u20ac<\/td>\n<\/tr>\n<tr>\n<td>MARKETPLACES<\/td>\n<td><a class=\"ljoptimizer\" href=\"https:\/\/www.amazon.es\/dp\/B0BZNLLMCF?tag=amazon087683-21&amp;th=1\" target=\"_blank\" rel=\"nofollow noopener\">CIT\u00c9TOILE Traje de recuperaci\u00f3n para Perros y Gatos Grandes, Camisa de Pijama Protectora de Manga Larga para Mascotas, Body Quir\u00fargico para Mascotas, Alternativa de Cono, Gris, XL<\/a><\/td>\n<td>24 \u20ac<\/td>\n<td>6 \u20ac<\/td>\n<\/tr>\n<tr>\n<td>MARKETPLACES<\/td>\n<td><a class=\"ljoptimizer\" href=\"https:\/\/www.amazon.es\/dp\/B0D62TRCXB?tag=amazon087683-21&amp;th=1\" target=\"_blank\" rel=\"nofollow noopener\">Treatmentex Cortinas Opacas 2 Piezas 135 x 245 cm, Lino Cortinas Salon con Ojales Anti Luz Cortinas Termicas Aislantes Frio y Calor para Dormitorio, Blanco Cremoso<\/a><\/td>\n<td>22 \u20ac<\/td>\n<td>5 \u20ac<\/td>\n<\/tr>\n<tr>\n<td>MARKETPLACES<\/td>\n<td><a class=\"ljoptimizer\" href=\"https:\/\/www.amazon.es\/dp\/B0D3PTNBPH?tag=amazon087683-21&amp;th=1\" target=\"_blank\" rel=\"nofollow noopener\">Zapatos Perro con Correas Reflectantes, Botas Perro de Alta a Prueba de Agua, Antideslizante Suela de Goma Perros Protector de la Pata para Perros peque\u00f1os, medianos y Grandes(S, Negro)<\/a><\/td>\n<td>22 \u20ac<\/td>\n<td>5 \u20ac<\/td>\n<\/tr>\n<tr>\n<td>MARKETPLACES<\/td>\n<td><a class=\"ljoptimizer\" href=\"https:\/\/www.amazon.es\/dp\/B0F6LGRQVP?tag=amazon087683-21&amp;th=1\" target=\"_blank\" rel=\"nofollow noopener\">Empapadores Cama Adultos Lavables con Alas 50cm &#8211; 135x85cm (Pack 2) &#8211; Impermeable, Absorbente &#8211; Ideal para Adultos, Ni\u00f1os y Mayores, para Camas 135cm<\/a><\/td>\n<td>22 \u20ac<\/td>\n<td>5 \u20ac<\/td>\n<\/tr>\n<tr>\n<td>MARKETPLACES<\/td>\n<td><a class=\"ljoptimizer\" href=\"https:\/\/www.amazon.es\/dp\/B073Q3LHXG?tag=amazon087683-21&amp;th=1\" target=\"_blank\" rel=\"nofollow noopener\">Martina Home Foulard, Tela, Ecru\/Grigio, 230&#215;260 cm<\/a><\/td>\n<td>20 \u20ac<\/td>\n<td>5 \u20ac<\/td>\n<\/tr>\n<tr>\n<td>MARKETPLACES<\/td>\n<td><a class=\"ljoptimizer\" href=\"https:\/\/www.amazon.es\/dp\/B0C9J1N7G7?tag=amazon087683-21&amp;th=1\" target=\"_blank\" rel=\"nofollow noopener\">Degrees Home Premium \u2013 Set Lenzuola 3 Pezzi in Microfibra Spazzolata (105X190) \u2013 Lenzuolo con Angoli, Lenzuolo Piatto e 1 Federa 105X45 \u2013 Extra Morbido, Anti-Piega e Certificato Oeko-Tex<\/a><\/td>\n<td>17 \u20ac<\/td>\n<td>4 \u20ac<\/td>\n<\/tr>\n<tr>\n<td>MARKETPLACES<\/td>\n<td><a class=\"ljoptimizer\" href=\"https:\/\/www.amazon.es\/dp\/B0FCM77YSM?tag=amazon087683-21&amp;th=1\" target=\"_blank\" rel=\"nofollow noopener\">EMME Manta de Piel Sint\u00e9tica Esponjosa, Super Suave, Gruesa y Elegante, Peluda de Pelo Largo, Reversible C\u00e1lida y Acogedora para Sof\u00e1 y Cama (Blanco Hueso, 130 x 150 cm)<\/a><\/td>\n<td>17 \u20ac<\/td>\n<td>4 \u20ac<\/td>\n<\/tr>\n<tr>\n<td>MARKETPLACES<\/td>\n<td><a class=\"ljoptimizer\" href=\"https:\/\/www.amazon.es\/dp\/B079LMZPMG?tag=amazon087683-21&amp;th=1\" target=\"_blank\" rel=\"nofollow noopener\">Amazon Basics Rectangular Marco para fotos, 20 x 25 cm, 2 Unidad, N\u00edquel<\/a><\/td>\n<td>16 \u20ac<\/td>\n<td>4 \u20ac<\/td>\n<\/tr>\n<tr>\n<td>MARKETPLACES<\/td>\n<td><a class=\"ljoptimizer\" href=\"https:\/\/www.amazon.es\/dp\/B08136DKMK?tag=amazon087683-21&amp;th=1\" target=\"_blank\" rel=\"nofollow noopener\">Feandrea Sof\u00e1 para Perro, Cama para Mascota, Redonda, 55 cm, GIRS PGW55G<\/a><\/td>\n<td>16 \u20ac<\/td>\n<td>4 \u20ac<\/td>\n<\/tr>\n<tr>\n<td>MARKETPLACES<\/td>\n<td><a class=\"ljoptimizer\" href=\"https:\/\/www.amazon.es\/dp\/B0D34W3V7K?tag=amazon087683-21&amp;th=1\" target=\"_blank\" rel=\"nofollow noopener\">Amazon Basics Smart Bombilla led multicolor, casquillo E27, 8W (equivalente a 60W), funciona solo con Alexa, 2 paquete<\/a><\/td>\n<td>16 \u20ac<\/td>\n<td>4 \u20ac<\/td>\n<\/tr>\n<tr>\n<td>MARKETPLACES<\/td>\n<td><a class=\"ljoptimizer\" href=\"https:\/\/www.amazon.es\/dp\/B096MX229M?tag=amazon087683-21&amp;th=1\" target=\"_blank\" rel=\"nofollow noopener\">BEPER P102ROB050 Tritatutto ricaricabile USB, Mini Robot da Cucina, Capacit\u00e0 250 ml, Potenza 3,7V,3 Lame Acciaio Inossidabile, Batteria ricaricabile, Rosso\/Bianco<\/a><\/td>\n<td>15 \u20ac<\/td>\n<td>3 \u20ac<\/td>\n<\/tr>\n<tr>\n<td>MARKETPLACES<\/td>\n<td><a class=\"ljoptimizer\" href=\"https:\/\/www.amazon.es\/dp\/B00JLRHOXY?tag=amazon087683-21&amp;th=1\" target=\"_blank\" rel=\"nofollow noopener\">Luminarc 9207678 Pure Box Active, Recipiente Herm\u00e9tico Rectangular, Multicolor, 1.97 l<\/a><\/td>\n<td>14 \u20ac<\/td>\n<td>3 \u20ac<\/td>\n<\/tr>\n<tr>\n<td>MARKETPLACES<\/td>\n<td><a class=\"ljoptimizer\" href=\"https:\/\/www.amazon.es\/dp\/B084BQV49B?tag=amazon087683-21&amp;th=1\" target=\"_blank\" rel=\"nofollow noopener\">goldbuch 92 0765 Bilderrahmen Toscana aus Holz, Fotorahmen f\u00fcr Bild im 20&#215;30 cm Format, Portraitrahmen mit Aufsteller &amp; Wandhalterung, Einzelrahmen aus MDF, Foto Rahmen, Natur<\/a><\/td>\n<td>10 \u20ac<\/td>\n<td>2 \u20ac<\/td>\n<\/tr>\n<tr>\n<td>MARKETPLACES<\/td>\n<td><a class=\"ljoptimizer\" href=\"https:\/\/www.amazon.es\/dp\/B0FQVG3CYS?tag=amazon087683-21&amp;th=1\" target=\"_blank\" rel=\"nofollow noopener\">Cortina de Ducha Invierno Bosque 180 x 180 cm, Azul Gris \u00c1rbol Hojas P\u00e1jaro Cortina de Ba\u00f1o, Impermeable Antimoho Poli\u00e9ster con 12 Ganchos<\/a><\/td>\n<td>8 \u20ac<\/td>\n<td>2 \u20ac<\/td>\n<\/tr>\n<tr>\n<td>MARKETPLACES<\/td>\n<td><a class=\"ljoptimizer\" href=\"https:\/\/www.amazon.es\/dp\/B0DNQLPFJY?tag=amazon087683-21&amp;th=1\" target=\"_blank\" rel=\"nofollow noopener\">KEYRI 2 Piezas Bozal para Perros Bozal de Nailon Suave Transpirable Antiladridos Mordeduras y Bozal de Malla Suave Correa Ajustable para Perros Peque\u00f1os para Adiestramiento (Negro, Peque\u00f1o)<\/a><\/td>\n<td>6 \u20ac<\/td>\n<td>1 \u20ac<\/td>\n<\/tr>\n<\/tbody>\n<\/table>\n","protected":false},"excerpt":{"rendered":"<p>Caja de Hogar sin revisar procedente de devoluciones de marketplaces<\/p>\n<ul>\n<li>N\u00famero de productos: 23<\/li>\n<li>Valor aproximado: 509.00<\/li>\n<li>Porcentaje que se paga: 19% + IVA<\/li>\n<li>Tiempo de entrega estimado: 3 a 7 d\u00edas<\/li>\n<\/ul>\n<p>*Los precios incluyen IVA<\/p>\n","protected":false},"featured_media":168678,"template":"","meta":{"site-sidebar-layout":"default","site-content-layout":"","ast-site-content-layout":"default","site-content-style":"default","site-sidebar-style":"default","ast-global-header-display":"","ast-banner-title-visibility":"","ast-main-header-display":"","ast-hfb-above-header-display":"","ast-hfb-below-header-display":"","ast-hfb-mobile-header-display":"","site-post-title":"","ast-breadcrumbs-content":"","ast-featured-img":"","footer-sml-layout":"","ast-disable-related-posts":"","theme-transparent-header-meta":"default","adv-header-id-meta":"","stick-header-meta":"","header-above-stick-meta":"","header-main-stick-meta":"","header-below-stick-meta":"","astra-migrate-meta-layouts":"set","ast-page-background-enabled":"default","ast-page-background-meta":{"desktop":{"background-color":"var(--ast-global-color-4)","background-image":"","background-repeat":"repeat","background-position":"center center","background-size":"auto","background-attachment":"scroll","background-type":"","background-media":"","overlay-type":"","overlay-color":"","overlay-opacity":"","overlay-gradient":""},"tablet":{"background-color":"","background-image":"","background-repeat":"repeat","background-position":"center center","background-size":"auto","background-attachment":"scroll","background-type":"","background-media":"","overlay-type":"","overlay-color":"","overlay-opacity":"","overlay-gradient":""},"mobile":{"background-color":"","background-image":"","background-repeat":"repeat","background-position":"center center","background-size":"auto","background-attachment":"scroll","background-type":"","background-media":"","overlay-type":"","overlay-color":"","overlay-opacity":"","overlay-gradient":""}},"ast-content-background-meta":{"desktop":{"background-color":"var(--ast-global-color-5)","background-image":"","background-repeat":"repeat","background-position":"center center","background-size":"auto","background-attachment":"scroll","background-type":"","background-media":"","overlay-type":"","overlay-color":"","overlay-opacity":"","overlay-gradient":""},"tablet":{"background-color":"var(--ast-global-color-5)","background-image":"","background-repeat":"repeat","background-position":"center center","background-size":"auto","background-attachment":"scroll","background-type":"","background-media":"","overlay-type":"","overlay-color":"","overlay-opacity":"","overlay-gradient":""},"mobile":{"background-color":"var(--ast-global-color-5)","background-image":"","background-repeat":"repeat","background-position":"center center","background-size":"auto","background-attachment":"scroll","background-type":"","background-media":"","overlay-type":"","overlay-color":"","overlay-opacity":"","overlay-gradient":""}}},"product_brand":[],"product_cat":[49,43],"product_tag":[],"class_list":{"0":"post-168770","1":"product","2":"type-product","3":"status-publish","4":"has-post-thumbnail","6":"product_cat-cajas","7":"product_cat-hogar","8":"desktop-align-left","9":"tablet-align-left","10":"mobile-align-left","12":"first","13":"instock","14":"sale","15":"downloadable","16":"taxable","17":"shipping-taxable","18":"purchasable","19":"product-type-simple"},"yoast_head":"<!-- This site is optimized with the Yoast SEO plugin v27.2 - https:\/\/yoast.com\/product\/yoast-seo-wordpress\/ -->\n<title>Caja de Hogar [23 productos] (spW83P8810R - 2) - Comprardevoluciones - Tu tienda de Devoluciones de Amazon<\/title>\n<meta name=\"robots\" content=\"noindex, follow\" \/>\n<meta property=\"og:locale\" content=\"de_DE\" \/>\n<meta property=\"og:type\" content=\"article\" \/>\n<meta property=\"og:title\" content=\"Caja de Hogar [23 productos] (spW83P8810R - 2) - Comprardevoluciones - Tu tienda de Devoluciones de Amazon\" \/>\n<meta property=\"og:description\" content=\"Caja de Hogar sin revisar procedente de devoluciones de marketplaces   N\u00famero de productos: 23  Valor aproximado: 509.00  Porcentaje que se paga: 19% + IVA  Tiempo de entrega estimado: 3 a 7 d\u00edas  *Los precios incluyen IVA\" \/>\n<meta property=\"og:url\" content=\"https:\/\/comprardevoluciones.com\/producto\/spw83p8810r-2\/\" \/>\n<meta property=\"og:site_name\" content=\"Comprardevoluciones - Tu tienda de Devoluciones de Amazon\" \/>\n<meta property=\"article:modified_time\" content=\"2026-03-24T10:32:27+00:00\" \/>\n<meta property=\"og:image\" content=\"https:\/\/comprardevoluciones.com\/wp-content\/uploads\/2026\/03\/spW83P8810R-2.jpg\" \/>\n\t<meta property=\"og:image:width\" content=\"700\" \/>\n\t<meta property=\"og:image:height\" content=\"700\" \/>\n\t<meta property=\"og:image:type\" content=\"image\/jpeg\" \/>\n<meta name=\"twitter:card\" content=\"summary_large_image\" \/>\n<meta name=\"twitter:label1\" content=\"Gesch\u00e4tzte Lesezeit\" \/>\n\t<meta name=\"twitter:data1\" content=\"3\u00a0Minuten\" \/>\n<script type=\"application\/ld+json\" class=\"yoast-schema-graph\">{\"@context\":\"https:\/\/schema.org\",\"@graph\":[{\"@type\":\"WebPage\",\"@id\":\"https:\/\/comprardevoluciones.com\/producto\/spw83p8810r-2\/\",\"url\":\"https:\/\/comprardevoluciones.com\/producto\/spw83p8810r-2\/\",\"name\":\"Caja de Hogar [23 productos] (spW83P8810R - 2) - Comprardevoluciones - Tu tienda de Devoluciones de Amazon\",\"isPartOf\":{\"@id\":\"https:\/\/comprardevoluciones.com\/#website\"},\"primaryImageOfPage\":{\"@id\":\"https:\/\/comprardevoluciones.com\/producto\/spw83p8810r-2\/#primaryimage\"},\"image\":{\"@id\":\"https:\/\/comprardevoluciones.com\/producto\/spw83p8810r-2\/#primaryimage\"},\"thumbnailUrl\":\"https:\/\/comprardevoluciones.com\/wp-content\/uploads\/2026\/03\/spW83P8810R-2.jpg\",\"datePublished\":\"2026-03-24T08:30:17+00:00\",\"dateModified\":\"2026-03-24T10:32:27+00:00\",\"breadcrumb\":{\"@id\":\"https:\/\/comprardevoluciones.com\/producto\/spw83p8810r-2\/#breadcrumb\"},\"inLanguage\":\"de\",\"potentialAction\":[{\"@type\":\"ReadAction\",\"target\":[\"https:\/\/comprardevoluciones.com\/producto\/spw83p8810r-2\/\"]}]},{\"@type\":\"ImageObject\",\"inLanguage\":\"de\",\"@id\":\"https:\/\/comprardevoluciones.com\/producto\/spw83p8810r-2\/#primaryimage\",\"url\":\"https:\/\/comprardevoluciones.com\/wp-content\/uploads\/2026\/03\/spW83P8810R-2.jpg\",\"contentUrl\":\"https:\/\/comprardevoluciones.com\/wp-content\/uploads\/2026\/03\/spW83P8810R-2.jpg\",\"width\":700,\"height\":700},{\"@type\":\"BreadcrumbList\",\"@id\":\"https:\/\/comprardevoluciones.com\/producto\/spw83p8810r-2\/#breadcrumb\",\"itemListElement\":[{\"@type\":\"ListItem\",\"position\":1,\"name\":\"Portada\",\"item\":\"https:\/\/comprardevoluciones.com\/de\/\"},{\"@type\":\"ListItem\",\"position\":2,\"name\":\"Shop\",\"item\":\"https:\/\/comprardevoluciones.com\/de\/shop\/\"},{\"@type\":\"ListItem\",\"position\":3,\"name\":\"Caja de Hogar [23 productos] (spW83P8810R &#8211; 2)\"}]},{\"@type\":\"WebSite\",\"@id\":\"https:\/\/comprardevoluciones.com\/#website\",\"url\":\"https:\/\/comprardevoluciones.com\/\",\"name\":\"Comprardevoluciones - Tu tienda de Devoluciones de Amazon\",\"description\":\"Consigue Stock en buen estado a un precio imbatible\",\"potentialAction\":[{\"@type\":\"SearchAction\",\"target\":{\"@type\":\"EntryPoint\",\"urlTemplate\":\"https:\/\/comprardevoluciones.com\/?s={search_term_string}\"},\"query-input\":{\"@type\":\"PropertyValueSpecification\",\"valueRequired\":true,\"valueName\":\"search_term_string\"}}],\"inLanguage\":\"de\"}]}<\/script>\n<!-- \/ Yoast SEO plugin. -->","yoast_head_json":{"title":"Caja de Hogar [23 productos] (spW83P8810R - 2) - Comprardevoluciones - Tu tienda de Devoluciones de Amazon","robots":{"index":"noindex","follow":"follow"},"og_locale":"de_DE","og_type":"article","og_title":"Caja de Hogar [23 productos] (spW83P8810R - 2) - Comprardevoluciones - Tu tienda de Devoluciones de Amazon","og_description":"Caja de Hogar sin revisar procedente de devoluciones de marketplaces   N\u00famero de productos: 23  Valor aproximado: 509.00  Porcentaje que se paga: 19% + IVA  Tiempo de entrega estimado: 3 a 7 d\u00edas  *Los precios incluyen IVA","og_url":"https:\/\/comprardevoluciones.com\/producto\/spw83p8810r-2\/","og_site_name":"Comprardevoluciones - Tu tienda de Devoluciones de Amazon","article_modified_time":"2026-03-24T10:32:27+00:00","og_image":[{"width":700,"height":700,"url":"https:\/\/comprardevoluciones.com\/wp-content\/uploads\/2026\/03\/spW83P8810R-2.jpg","type":"image\/jpeg"}],"twitter_card":"summary_large_image","twitter_misc":{"Gesch\u00e4tzte Lesezeit":"3\u00a0Minuten"},"schema":{"@context":"https:\/\/schema.org","@graph":[{"@type":"WebPage","@id":"https:\/\/comprardevoluciones.com\/producto\/spw83p8810r-2\/","url":"https:\/\/comprardevoluciones.com\/producto\/spw83p8810r-2\/","name":"Caja de Hogar [23 productos] (spW83P8810R - 2) - Comprardevoluciones - Tu tienda de Devoluciones de Amazon","isPartOf":{"@id":"https:\/\/comprardevoluciones.com\/#website"},"primaryImageOfPage":{"@id":"https:\/\/comprardevoluciones.com\/producto\/spw83p8810r-2\/#primaryimage"},"image":{"@id":"https:\/\/comprardevoluciones.com\/producto\/spw83p8810r-2\/#primaryimage"},"thumbnailUrl":"https:\/\/comprardevoluciones.com\/wp-content\/uploads\/2026\/03\/spW83P8810R-2.jpg","datePublished":"2026-03-24T08:30:17+00:00","dateModified":"2026-03-24T10:32:27+00:00","breadcrumb":{"@id":"https:\/\/comprardevoluciones.com\/producto\/spw83p8810r-2\/#breadcrumb"},"inLanguage":"de","potentialAction":[{"@type":"ReadAction","target":["https:\/\/comprardevoluciones.com\/producto\/spw83p8810r-2\/"]}]},{"@type":"ImageObject","inLanguage":"de","@id":"https:\/\/comprardevoluciones.com\/producto\/spw83p8810r-2\/#primaryimage","url":"https:\/\/comprardevoluciones.com\/wp-content\/uploads\/2026\/03\/spW83P8810R-2.jpg","contentUrl":"https:\/\/comprardevoluciones.com\/wp-content\/uploads\/2026\/03\/spW83P8810R-2.jpg","width":700,"height":700},{"@type":"BreadcrumbList","@id":"https:\/\/comprardevoluciones.com\/producto\/spw83p8810r-2\/#breadcrumb","itemListElement":[{"@type":"ListItem","position":1,"name":"Portada","item":"https:\/\/comprardevoluciones.com\/de\/"},{"@type":"ListItem","position":2,"name":"Shop","item":"https:\/\/comprardevoluciones.com\/de\/shop\/"},{"@type":"ListItem","position":3,"name":"Caja de Hogar [23 productos] (spW83P8810R &#8211; 2)"}]},{"@type":"WebSite","@id":"https:\/\/comprardevoluciones.com\/#website","url":"https:\/\/comprardevoluciones.com\/","name":"Comprardevoluciones - Tu tienda de Devoluciones de Amazon","description":"Consigue Stock en buen estado a un precio imbatible","potentialAction":[{"@type":"SearchAction","target":{"@type":"EntryPoint","urlTemplate":"https:\/\/comprardevoluciones.com\/?s={search_term_string}"},"query-input":{"@type":"PropertyValueSpecification","valueRequired":true,"valueName":"search_term_string"}}],"inLanguage":"de"}]}},"_links":{"self":[{"href":"https:\/\/comprardevoluciones.com\/de\/wp-json\/wp\/v2\/product\/168770","targetHints":{"allow":["GET"]}}],"collection":[{"href":"https:\/\/comprardevoluciones.com\/de\/wp-json\/wp\/v2\/product"}],"about":[{"href":"https:\/\/comprardevoluciones.com\/de\/wp-json\/wp\/v2\/types\/product"}],"wp:featuredmedia":[{"embeddable":true,"href":"https:\/\/comprardevoluciones.com\/de\/wp-json\/wp\/v2\/media\/168678"}],"wp:attachment":[{"href":"https:\/\/comprardevoluciones.com\/de\/wp-json\/wp\/v2\/media?parent=168770"}],"wp:term":[{"taxonomy":"product_brand","embeddable":true,"href":"https:\/\/comprardevoluciones.com\/de\/wp-json\/wp\/v2\/product_brand?post=168770"},{"taxonomy":"product_cat","embeddable":true,"href":"https:\/\/comprardevoluciones.com\/de\/wp-json\/wp\/v2\/product_cat?post=168770"},{"taxonomy":"product_tag","embeddable":true,"href":"https:\/\/comprardevoluciones.com\/de\/wp-json\/wp\/v2\/product_tag?post=168770"}],"curies":[{"name":"wp","href":"https:\/\/api.w.org\/{rel}","templated":true}]}}