{"id":169302,"date":"2026-04-01T09:30:42","date_gmt":"2026-04-01T08:30:42","guid":{"rendered":"https:\/\/comprardevoluciones.com\/?post_type=product&#038;p=169302"},"modified":"2026-04-01T09:59:54","modified_gmt":"2026-04-01T08:59:54","slug":"10218522","status":"publish","type":"product","link":"https:\/\/comprardevoluciones.com\/de\/producto\/10218522\/","title":{"rendered":"Pal\u00e9 de Herramientas [29 productos] (10218522)"},"content":{"rendered":"<p>Descripci\u00f3n y valor aproximados<\/p>\n<table>\n<tbody>\n<tr>\n<td><strong>FUENTE<\/strong><\/td>\n<td><strong>PRODUCTO<\/strong><\/td>\n<td><strong>VALOR (\u20ac)<\/strong><\/td>\n<td><strong>PAGAS (\u20ac)<\/strong><\/td>\n<\/tr>\n<tr>\n<td>MARKETPLACES<\/td>\n<td><a class=\"ljoptimizer\" href=\"https:\/\/www.amazon.es\/dp\/B07886JBLK?tag=amazon087683-21&amp;th=1\" target=\"_blank\" rel=\"nofollow noopener\">Magneti Marelli LPP641 Proiettore Principale<\/a><\/td>\n<td>588 \u20ac<\/td>\n<td>135 \u20ac<\/td>\n<\/tr>\n<tr>\n<td>MARKETPLACES<\/td>\n<td><a class=\"ljoptimizer\" href=\"https:\/\/www.amazon.es\/dp\/B002L4104I?tag=amazon087683-21&amp;th=1\" target=\"_blank\" rel=\"nofollow noopener\">Bosch Professional taladro percutor GSB 21-2 RCT (\u00d8 de perforaci\u00f3n en hormig\u00f3n: 13-22 mm, 1300 W, incl. portabrocas intercambiable 13 mm, profundidad retr\u00e1ctil 210 mm, empu\u00f1adura auxiliar, malet\u00edn)<\/a><\/td>\n<td>251 \u20ac<\/td>\n<td>58 \u20ac<\/td>\n<\/tr>\n<tr>\n<td>MARKETPLACES<\/td>\n<td><a class=\"ljoptimizer\" href=\"https:\/\/www.amazon.es\/dp\/B07PPWZRNC?tag=amazon087683-21&amp;th=1\" target=\"_blank\" rel=\"nofollow noopener\">HANKOOK 255\/45 ZR19 104Y VENTUS S1 EVO 3 K127<\/a><\/td>\n<td>242 \u20ac<\/td>\n<td>56 \u20ac<\/td>\n<\/tr>\n<tr>\n<td>MARKETPLACES<\/td>\n<td><a class=\"ljoptimizer\" href=\"https:\/\/www.amazon.es\/dp\/B01MG5G3FX?tag=amazon087683-21&amp;th=1\" target=\"_blank\" rel=\"nofollow noopener\">Einhell Aradora inal\u00e1mbrica-GE-CR 30 Li Power X-Change-Iones de Litio de 36 V, Interruptor de Seguridad de 2 Puntos<\/a><\/td>\n<td>157 \u20ac<\/td>\n<td>36 \u20ac<\/td>\n<\/tr>\n<tr>\n<td>MARKETPLACES<\/td>\n<td><a class=\"ljoptimizer\" href=\"https:\/\/www.amazon.es\/dp\/B085ZLYV2C?tag=amazon087683-21&amp;th=1\" target=\"_blank\" rel=\"nofollow noopener\">COMFEE\u2019 Deshumidificador 12L para Humedad interior hasta 35m2 \/ 100m3 &#8211; Deshumificador Silencioso Compacto y de Bajo Consumo &#8211; Deshumificadores de Humedad con Dep\u00f3sito Extraible y Reinicio Autom\u00e1tico<\/a><\/td>\n<td>137 \u20ac<\/td>\n<td>31 \u20ac<\/td>\n<\/tr>\n<tr>\n<td>MARKETPLACES<\/td>\n<td><a class=\"ljoptimizer\" href=\"https:\/\/www.amazon.es\/dp\/B07L3JC3PV?tag=amazon087683-21&amp;th=1\" target=\"_blank\" rel=\"nofollow noopener\">Einhell Cortasetos inal\u00e1mbrico GE-CH 18\/60 Li-Solo Power X-Change (18 V, Longitud de Corte de 60 cm, Distancia Entre Dientes de 22 mm, Mango Giratorio, Incluye colector de Cortes, sin bater\u00eda)<\/a><\/td>\n<td>117 \u20ac<\/td>\n<td>27 \u20ac<\/td>\n<\/tr>\n<tr>\n<td>MARKETPLACES<\/td>\n<td><a class=\"ljoptimizer\" href=\"https:\/\/www.amazon.es\/dp\/B0068NKESQ?tag=amazon087683-21&amp;th=1\" target=\"_blank\" rel=\"nofollow noopener\">NRF 51580 K\u00fchler, Motork\u00fchlung<\/a><\/td>\n<td>75 \u20ac<\/td>\n<td>17 \u20ac<\/td>\n<\/tr>\n<tr>\n<td>MARKETPLACES<\/td>\n<td><a class=\"ljoptimizer\" href=\"https:\/\/www.amazon.es\/dp\/B0010YQROI?tag=amazon087683-21&amp;th=1\" target=\"_blank\" rel=\"nofollow noopener\">Kimberly-Clark Professional Dispensador de pa\u00f1os en rollo grande en soporte de suelo 6154, azul<\/a><\/td>\n<td>69 \u20ac<\/td>\n<td>16 \u20ac<\/td>\n<\/tr>\n<tr>\n<td>MARKETPLACES<\/td>\n<td><a class=\"ljoptimizer\" href=\"https:\/\/www.amazon.es\/dp\/B09Q3N3WT5?tag=amazon087683-21&amp;th=1\" target=\"_blank\" rel=\"nofollow noopener\">Sch\u00fctte 81101-A &#8211; Asiento de inodoro con tapa de madera maciza de bamb\u00fa (150 kg)<\/a><\/td>\n<td>62 \u20ac<\/td>\n<td>14 \u20ac<\/td>\n<\/tr>\n<tr>\n<td>MARKETPLACES<\/td>\n<td><a class=\"ljoptimizer\" href=\"https:\/\/www.amazon.es\/dp\/B0DWXX64YW?tag=amazon087683-21&amp;th=1\" target=\"_blank\" rel=\"nofollow noopener\">EMUCA &#8211; Carro extra\u00edble Titane de fijaci\u00f3n Inferior con Cierre Suave, para m\u00f3dulo de Cocina de 300mm, Acero, Gris Antracita<\/a><\/td>\n<td>60 \u20ac<\/td>\n<td>14 \u20ac<\/td>\n<\/tr>\n<tr>\n<td>MARKETPLACES<\/td>\n<td><a class=\"ljoptimizer\" href=\"https:\/\/www.amazon.es\/dp\/B0BS73565Z?tag=amazon087683-21&amp;th=1\" target=\"_blank\" rel=\"nofollow noopener\">Grohe Start Cube QuickFix &#8211; Barra de toallas 45cm, cromo, para pegar (pegamento QuickGlue A2) o atornillar, ref. 40987000<\/a><\/td>\n<td>60 \u20ac<\/td>\n<td>14 \u20ac<\/td>\n<\/tr>\n<tr>\n<td>MARKETPLACES<\/td>\n<td><a class=\"ljoptimizer\" href=\"https:\/\/www.amazon.es\/dp\/B0F87VDX76?tag=amazon087683-21&amp;th=1\" target=\"_blank\" rel=\"nofollow noopener\">VEVOR Biombo Separador Plegable 3 Paneles con Marco de Acero al Carbono y Tela de poli\u00e9ster Separador de Ambientes de Privacidad 228x52x184 cm para Oficina, Dormitorio, Comedor, Estudio, Gris<\/a><\/td>\n<td>46 \u20ac<\/td>\n<td>11 \u20ac<\/td>\n<\/tr>\n<tr>\n<td>MARKETPLACES<\/td>\n<td><a class=\"ljoptimizer\" href=\"https:\/\/www.amazon.es\/dp\/B09922K2KT?tag=amazon087683-21&amp;th=1\" target=\"_blank\" rel=\"nofollow noopener\">VEVOR Pantalla para Proyector 100&#8243; 16:9 4K HD con Tr\u00edpode Altura Ajustable 200-250 cm Port\u00e1til 227&#215;127 cm para Cine en Casa Presentaci\u00f3n, Negro<\/a><\/td>\n<td>45 \u20ac<\/td>\n<td>10 \u20ac<\/td>\n<\/tr>\n<tr>\n<td>MARKETPLACES<\/td>\n<td><a class=\"ljoptimizer\" href=\"https:\/\/www.amazon.es\/dp\/B0B5VFCP4S?tag=amazon087683-21&amp;th=1\" target=\"_blank\" rel=\"nofollow noopener\">SCH\u00dcTTE &#8211; Asiento de inodoro de madera con dispositivo de descenso autom\u00e1tico y tapa de fibra de madera<\/a><\/td>\n<td>44 \u20ac<\/td>\n<td>10 \u20ac<\/td>\n<\/tr>\n<tr>\n<td>MARKETPLACES<\/td>\n<td><a class=\"ljoptimizer\" href=\"https:\/\/www.amazon.es\/dp\/B01N9J7CPS?tag=amazon087683-21&amp;th=1\" target=\"_blank\" rel=\"nofollow noopener\">Sparco SPC1491BKSV Tapacubos Lazio, Negro\/Plata, Set de 4, 14 pulgadas<\/a><\/td>\n<td>42 \u20ac<\/td>\n<td>10 \u20ac<\/td>\n<\/tr>\n<tr>\n<td>MARKETPLACES<\/td>\n<td><a class=\"ljoptimizer\" href=\"https:\/\/www.amazon.es\/dp\/B0BSNR1LJG?tag=amazon087683-21&amp;th=1\" target=\"_blank\" rel=\"nofollow noopener\">Curver &#8211; Cubo de basura con pedal 40L, acabado color acero, tapa y aro para bolsa<\/a><\/td>\n<td>42 \u20ac<\/td>\n<td>10 \u20ac<\/td>\n<\/tr>\n<tr>\n<td>MARKETPLACES<\/td>\n<td><a class=\"ljoptimizer\" href=\"https:\/\/www.amazon.es\/dp\/B07NC1M7H6?tag=amazon087683-21&amp;th=1\" target=\"_blank\" rel=\"nofollow noopener\">Tayg 259297 Cubo Basura Ruedas + Pedal 80 litros, Negro\/Amarillo<\/a><\/td>\n<td>42 \u20ac<\/td>\n<td>10 \u20ac<\/td>\n<\/tr>\n<tr>\n<td>MARKETPLACES<\/td>\n<td><a class=\"ljoptimizer\" href=\"https:\/\/www.amazon.es\/dp\/B083RXMH5P?tag=amazon087683-21&amp;th=1\" target=\"_blank\" rel=\"nofollow noopener\">Ibergrif Grifo Cocina Extra\u00edble, Grifo Cocina Fregadero 360\u00b0 Giratorio, 3 Modos de Agua, Acero Inoxidable 304, Ahorro Energ\u00e9tico 30%, Instalaci\u00f3n Sin Herramientas en 5 Minutos, M22137<\/a><\/td>\n<td>34 \u20ac<\/td>\n<td>8 \u20ac<\/td>\n<\/tr>\n<tr>\n<td>MARKETPLACES<\/td>\n<td><a class=\"ljoptimizer\" href=\"https:\/\/www.amazon.es\/dp\/B00XRD8HRA?tag=amazon087683-21&amp;th=1\" target=\"_blank\" rel=\"nofollow noopener\">EUFAB 11238 Rahmenhalter lang, abschlie\u00dfbar, f\u00fcr U-B\u00fcgelrohr: \u00d8 3,0 cm, 31 cm L\u00e4nge, Schwarz\/Silber<\/a><\/td>\n<td>34 \u20ac<\/td>\n<td>8 \u20ac<\/td>\n<\/tr>\n<tr>\n<td>MARKETPLACES<\/td>\n<td><a class=\"ljoptimizer\" href=\"https:\/\/www.amazon.es\/dp\/B00FBEJ43Y?tag=amazon087683-21&amp;th=1\" target=\"_blank\" rel=\"nofollow noopener\">Ariston &#8211; Kit de Salida de Humos Horizontal para Calderas Ariston, Accesorio para Caldera con Instalaci\u00f3n Horizontal, Codo de 90\u00ba y Diametro de 100 mm y de 60 mm &#8211; Fabricado para Instalaci\u00f3n en Espa\u00f1a<\/a><\/td>\n<td>32 \u20ac<\/td>\n<td>7 \u20ac<\/td>\n<\/tr>\n<tr>\n<td>MARKETPLACES<\/td>\n<td><a class=\"ljoptimizer\" href=\"https:\/\/www.amazon.es\/dp\/B087X76N83?tag=amazon087683-21&amp;th=1\" target=\"_blank\" rel=\"nofollow noopener\">Tappetini per Peugeot 5008 II dal 2016- su Misura, Antiscivolo, battitacco in gomma rinforzata, bottoni di fissaggio<\/a><\/td>\n<td>27 \u20ac<\/td>\n<td>6 \u20ac<\/td>\n<\/tr>\n<tr>\n<td>MARKETPLACES<\/td>\n<td><a class=\"ljoptimizer\" href=\"https:\/\/www.amazon.es\/dp\/B00DQN6MC8?tag=amazon087683-21&amp;th=1\" target=\"_blank\" rel=\"nofollow noopener\">VALEO Silencio Escobilla &#8211; VF454 &#8211; Kit de Hojas Planas Originales 650 mm\/650 mm &#8211; Alto Rendimiento, Visibilidad Superior en Carretera, F\u00e1cil Instalaci\u00f3n &#8211; Delanteras &#8211; Juego de 2 Escobillas &#8211; 574654<\/a><\/td>\n<td>26 \u20ac<\/td>\n<td>6 \u20ac<\/td>\n<\/tr>\n<tr>\n<td>MARKETPLACES<\/td>\n<td><a class=\"ljoptimizer\" href=\"https:\/\/www.amazon.es\/dp\/B0B3RBJRC6?tag=amazon087683-21&amp;th=1\" target=\"_blank\" rel=\"nofollow noopener\">Ibergrif M41002 Tapa wc, Asiento de Inodoro de Cierre Suave en Forma de O con Liberaci\u00f3n R\u00e1pida para una F\u00e1cil Limpieza, Blanco<\/a><\/td>\n<td>24 \u20ac<\/td>\n<td>6 \u20ac<\/td>\n<\/tr>\n<tr>\n<td>MARKETPLACES<\/td>\n<td><a class=\"ljoptimizer\" href=\"https:\/\/www.amazon.es\/dp\/B002G3I2SQ?tag=amazon087683-21&amp;th=1\" target=\"_blank\" rel=\"nofollow noopener\">Bosch Aerotwin A309S Limpiaparabrisas Frontal &#8211; Set de Escobillas de Recambio para una Mayor Seguridad en la Conducci\u00f3n, con Adaptador Premontado, 65cm\/47,5cm<\/a><\/td>\n<td>23 \u20ac<\/td>\n<td>5 \u20ac<\/td>\n<\/tr>\n<tr>\n<td>MARKETPLACES<\/td>\n<td><a class=\"ljoptimizer\" href=\"https:\/\/www.amazon.es\/dp\/B001B4TNZ2?tag=amazon087683-21&amp;th=1\" target=\"_blank\" rel=\"nofollow noopener\">Escobilla limpiaparabrisas Bosch Twin Spoiler 584S, Longitud: 530mm\/475mm \u2013 1 juego para el parabrisas (frontal)<\/a><\/td>\n<td>18 \u20ac<\/td>\n<td>4 \u20ac<\/td>\n<\/tr>\n<tr>\n<td>MARKETPLACES<\/td>\n<td><a class=\"ljoptimizer\" href=\"https:\/\/www.amazon.es\/dp\/B002ZRQ4JC?tag=amazon087683-21&amp;th=1\" target=\"_blank\" rel=\"nofollow noopener\">Escobilla limpiaparabrisas Bosch Twin 531, Longitud: 530mm\/450mm \u2013 1 juego para el parabrisas (frontal)<\/a><\/td>\n<td>16 \u20ac<\/td>\n<td>4 \u20ac<\/td>\n<\/tr>\n<tr>\n<td>MARKETPLACES<\/td>\n<td><a class=\"ljoptimizer\" href=\"https:\/\/www.amazon.es\/dp\/B002ZRQ4LA?tag=amazon087683-21&amp;th=1\" target=\"_blank\" rel=\"nofollow noopener\">Escobilla limpiaparabrisas Bosch Twin 551, Longitud: 550mm\/500mm \u2013 1 juego para el parabrisas (frontal)<\/a><\/td>\n<td>16 \u20ac<\/td>\n<td>4 \u20ac<\/td>\n<\/tr>\n<tr>\n<td>MARKETPLACES<\/td>\n<td><a class=\"ljoptimizer\" href=\"https:\/\/www.amazon.es\/dp\/B09S5XH1MB?tag=amazon087683-21&amp;th=1\" target=\"_blank\" rel=\"nofollow noopener\">HELLA Easy Set Upgrade Scheibenwischer &#8211; SetUP6045 &#8211; Flachblatt-Wischer &#8211; f\u00fcr Linkslenker &#8211; 600\/450mm &#8211; 24\/18&#8243; &#8211; vorne &#8211; Menge: 2 &#8211; 9XW 358 164-291<\/a><\/td>\n<td>14 \u20ac<\/td>\n<td>3 \u20ac<\/td>\n<\/tr>\n<tr>\n<td>MARKETPLACES<\/td>\n<td><a class=\"ljoptimizer\" href=\"https:\/\/www.amazon.es\/dp\/B0D7HCKSCC?tag=amazon087683-21&amp;th=1\" target=\"_blank\" rel=\"nofollow noopener\">Ibergrif M102-100, 2 Junta para Mampara de Ducha 100 cm, Adecuado para Puertas de Cristal de 5-8 mm, Junta Impermeable para Ba\u00f1o<\/a><\/td>\n<td>13 \u20ac<\/td>\n<td>3 \u20ac<\/td>\n<\/tr>\n<\/tbody>\n<\/table>\n","protected":false},"excerpt":{"rendered":"<p>Pal\u00e9 de Herramientas sin revisar procedente de devoluciones de marketplaces<\/p>\n<ul>\n<li>N\u00famero de productos: 29<\/li>\n<li>Valor aproximado: 2356.00<\/li>\n<li>Porcentaje que se paga: 19% + IVA<\/li>\n<li>Tiempo de entrega estimado: 3 a 7 d\u00edas<\/li>\n<\/ul>\n<p>*Los precios incluyen IVA<\/p>\n","protected":false},"featured_media":169330,"template":"","meta":{"site-sidebar-layout":"default","site-content-layout":"","ast-site-content-layout":"default","site-content-style":"default","site-sidebar-style":"default","ast-global-header-display":"","ast-banner-title-visibility":"","ast-main-header-display":"","ast-hfb-above-header-display":"","ast-hfb-below-header-display":"","ast-hfb-mobile-header-display":"","site-post-title":"","ast-breadcrumbs-content":"","ast-featured-img":"","footer-sml-layout":"","ast-disable-related-posts":"","theme-transparent-header-meta":"default","adv-header-id-meta":"","stick-header-meta":"","header-above-stick-meta":"","header-main-stick-meta":"","header-below-stick-meta":"","astra-migrate-meta-layouts":"set","ast-page-background-enabled":"default","ast-page-background-meta":{"desktop":{"background-color":"var(--ast-global-color-4)","background-image":"","background-repeat":"repeat","background-position":"center center","background-size":"auto","background-attachment":"scroll","background-type":"","background-media":"","overlay-type":"","overlay-color":"","overlay-opacity":"","overlay-gradient":""},"tablet":{"background-color":"","background-image":"","background-repeat":"repeat","background-position":"center center","background-size":"auto","background-attachment":"scroll","background-type":"","background-media":"","overlay-type":"","overlay-color":"","overlay-opacity":"","overlay-gradient":""},"mobile":{"background-color":"","background-image":"","background-repeat":"repeat","background-position":"center center","background-size":"auto","background-attachment":"scroll","background-type":"","background-media":"","overlay-type":"","overlay-color":"","overlay-opacity":"","overlay-gradient":""}},"ast-content-background-meta":{"desktop":{"background-color":"var(--ast-global-color-5)","background-image":"","background-repeat":"repeat","background-position":"center center","background-size":"auto","background-attachment":"scroll","background-type":"","background-media":"","overlay-type":"","overlay-color":"","overlay-opacity":"","overlay-gradient":""},"tablet":{"background-color":"var(--ast-global-color-5)","background-image":"","background-repeat":"repeat","background-position":"center center","background-size":"auto","background-attachment":"scroll","background-type":"","background-media":"","overlay-type":"","overlay-color":"","overlay-opacity":"","overlay-gradient":""},"mobile":{"background-color":"var(--ast-global-color-5)","background-image":"","background-repeat":"repeat","background-position":"center center","background-size":"auto","background-attachment":"scroll","background-type":"","background-media":"","overlay-type":"","overlay-color":"","overlay-opacity":"","overlay-gradient":""}}},"product_brand":[],"product_cat":[42,65],"product_tag":[],"class_list":{"0":"post-169302","1":"product","2":"type-product","3":"status-publish","4":"has-post-thumbnail","6":"product_cat-herramientas","7":"product_cat-pales","8":"product_shipping_class-pale","9":"desktop-align-left","10":"tablet-align-left","11":"mobile-align-left","13":"first","14":"instock","15":"sale","16":"downloadable","17":"taxable","18":"shipping-taxable","19":"purchasable","20":"product-type-simple"},"yoast_head":"<!-- This site is optimized with the Yoast SEO plugin v27.2 - https:\/\/yoast.com\/product\/yoast-seo-wordpress\/ -->\n<title>Pal\u00e9 de Herramientas [29 productos] (10218522) - Comprardevoluciones - Tu tienda de Devoluciones de Amazon<\/title>\n<meta name=\"robots\" content=\"noindex, follow\" \/>\n<meta property=\"og:locale\" content=\"de_DE\" \/>\n<meta property=\"og:type\" content=\"article\" \/>\n<meta property=\"og:title\" content=\"Pal\u00e9 de Herramientas [29 productos] (10218522) - Comprardevoluciones - Tu tienda de Devoluciones de Amazon\" \/>\n<meta property=\"og:description\" content=\"Pal\u00e9 de Herramientas sin revisar procedente de devoluciones de marketplaces   N\u00famero de productos: 29  Valor aproximado: 2356.00  Porcentaje que se paga: 19% + IVA  Tiempo de entrega estimado: 3 a 7 d\u00edas  *Los precios incluyen IVA\" \/>\n<meta property=\"og:url\" content=\"https:\/\/comprardevoluciones.com\/producto\/10218522\/\" \/>\n<meta property=\"og:site_name\" content=\"Comprardevoluciones - Tu tienda de Devoluciones de Amazon\" \/>\n<meta property=\"article:modified_time\" content=\"2026-04-01T08:59:54+00:00\" \/>\n<meta property=\"og:image\" content=\"https:\/\/comprardevoluciones.com\/wp-content\/uploads\/2026\/03\/10218522.jpg\" \/>\n\t<meta property=\"og:image:width\" content=\"700\" \/>\n\t<meta property=\"og:image:height\" content=\"700\" \/>\n\t<meta property=\"og:image:type\" content=\"image\/jpeg\" \/>\n<meta name=\"twitter:card\" content=\"summary_large_image\" \/>\n<meta name=\"twitter:label1\" content=\"Gesch\u00e4tzte Lesezeit\" \/>\n\t<meta name=\"twitter:data1\" content=\"4\u00a0Minuten\" \/>\n<script type=\"application\/ld+json\" class=\"yoast-schema-graph\">{\"@context\":\"https:\/\/schema.org\",\"@graph\":[{\"@type\":\"WebPage\",\"@id\":\"https:\/\/comprardevoluciones.com\/producto\/10218522\/\",\"url\":\"https:\/\/comprardevoluciones.com\/producto\/10218522\/\",\"name\":\"Pal\u00e9 de Herramientas [29 productos] (10218522) - Comprardevoluciones - Tu tienda de Devoluciones de Amazon\",\"isPartOf\":{\"@id\":\"https:\/\/comprardevoluciones.com\/#website\"},\"primaryImageOfPage\":{\"@id\":\"https:\/\/comprardevoluciones.com\/producto\/10218522\/#primaryimage\"},\"image\":{\"@id\":\"https:\/\/comprardevoluciones.com\/producto\/10218522\/#primaryimage\"},\"thumbnailUrl\":\"https:\/\/comprardevoluciones.com\/wp-content\/uploads\/2026\/03\/10218522.jpg\",\"datePublished\":\"2026-04-01T08:30:42+00:00\",\"dateModified\":\"2026-04-01T08:59:54+00:00\",\"breadcrumb\":{\"@id\":\"https:\/\/comprardevoluciones.com\/producto\/10218522\/#breadcrumb\"},\"inLanguage\":\"de\",\"potentialAction\":[{\"@type\":\"ReadAction\",\"target\":[\"https:\/\/comprardevoluciones.com\/producto\/10218522\/\"]}]},{\"@type\":\"ImageObject\",\"inLanguage\":\"de\",\"@id\":\"https:\/\/comprardevoluciones.com\/producto\/10218522\/#primaryimage\",\"url\":\"https:\/\/comprardevoluciones.com\/wp-content\/uploads\/2026\/03\/10218522.jpg\",\"contentUrl\":\"https:\/\/comprardevoluciones.com\/wp-content\/uploads\/2026\/03\/10218522.jpg\",\"width\":700,\"height\":700},{\"@type\":\"BreadcrumbList\",\"@id\":\"https:\/\/comprardevoluciones.com\/producto\/10218522\/#breadcrumb\",\"itemListElement\":[{\"@type\":\"ListItem\",\"position\":1,\"name\":\"Portada\",\"item\":\"https:\/\/comprardevoluciones.com\/de\/\"},{\"@type\":\"ListItem\",\"position\":2,\"name\":\"Shop\",\"item\":\"https:\/\/comprardevoluciones.com\/de\/shop\/\"},{\"@type\":\"ListItem\",\"position\":3,\"name\":\"Pal\u00e9 de Herramientas [29 productos] (10218522)\"}]},{\"@type\":\"WebSite\",\"@id\":\"https:\/\/comprardevoluciones.com\/#website\",\"url\":\"https:\/\/comprardevoluciones.com\/\",\"name\":\"Comprardevoluciones - Tu tienda de Devoluciones de Amazon\",\"description\":\"Consigue Stock en buen estado a un precio imbatible\",\"potentialAction\":[{\"@type\":\"SearchAction\",\"target\":{\"@type\":\"EntryPoint\",\"urlTemplate\":\"https:\/\/comprardevoluciones.com\/?s={search_term_string}\"},\"query-input\":{\"@type\":\"PropertyValueSpecification\",\"valueRequired\":true,\"valueName\":\"search_term_string\"}}],\"inLanguage\":\"de\"}]}<\/script>\n<!-- \/ Yoast SEO plugin. -->","yoast_head_json":{"title":"Pal\u00e9 de Herramientas [29 productos] (10218522) - Comprardevoluciones - Tu tienda de Devoluciones de Amazon","robots":{"index":"noindex","follow":"follow"},"og_locale":"de_DE","og_type":"article","og_title":"Pal\u00e9 de Herramientas [29 productos] (10218522) - Comprardevoluciones - Tu tienda de Devoluciones de Amazon","og_description":"Pal\u00e9 de Herramientas sin revisar procedente de devoluciones de marketplaces   N\u00famero de productos: 29  Valor aproximado: 2356.00  Porcentaje que se paga: 19% + IVA  Tiempo de entrega estimado: 3 a 7 d\u00edas  *Los precios incluyen IVA","og_url":"https:\/\/comprardevoluciones.com\/producto\/10218522\/","og_site_name":"Comprardevoluciones - Tu tienda de Devoluciones de Amazon","article_modified_time":"2026-04-01T08:59:54+00:00","og_image":[{"width":700,"height":700,"url":"https:\/\/comprardevoluciones.com\/wp-content\/uploads\/2026\/03\/10218522.jpg","type":"image\/jpeg"}],"twitter_card":"summary_large_image","twitter_misc":{"Gesch\u00e4tzte Lesezeit":"4\u00a0Minuten"},"schema":{"@context":"https:\/\/schema.org","@graph":[{"@type":"WebPage","@id":"https:\/\/comprardevoluciones.com\/producto\/10218522\/","url":"https:\/\/comprardevoluciones.com\/producto\/10218522\/","name":"Pal\u00e9 de Herramientas [29 productos] (10218522) - Comprardevoluciones - Tu tienda de Devoluciones de Amazon","isPartOf":{"@id":"https:\/\/comprardevoluciones.com\/#website"},"primaryImageOfPage":{"@id":"https:\/\/comprardevoluciones.com\/producto\/10218522\/#primaryimage"},"image":{"@id":"https:\/\/comprardevoluciones.com\/producto\/10218522\/#primaryimage"},"thumbnailUrl":"https:\/\/comprardevoluciones.com\/wp-content\/uploads\/2026\/03\/10218522.jpg","datePublished":"2026-04-01T08:30:42+00:00","dateModified":"2026-04-01T08:59:54+00:00","breadcrumb":{"@id":"https:\/\/comprardevoluciones.com\/producto\/10218522\/#breadcrumb"},"inLanguage":"de","potentialAction":[{"@type":"ReadAction","target":["https:\/\/comprardevoluciones.com\/producto\/10218522\/"]}]},{"@type":"ImageObject","inLanguage":"de","@id":"https:\/\/comprardevoluciones.com\/producto\/10218522\/#primaryimage","url":"https:\/\/comprardevoluciones.com\/wp-content\/uploads\/2026\/03\/10218522.jpg","contentUrl":"https:\/\/comprardevoluciones.com\/wp-content\/uploads\/2026\/03\/10218522.jpg","width":700,"height":700},{"@type":"BreadcrumbList","@id":"https:\/\/comprardevoluciones.com\/producto\/10218522\/#breadcrumb","itemListElement":[{"@type":"ListItem","position":1,"name":"Portada","item":"https:\/\/comprardevoluciones.com\/de\/"},{"@type":"ListItem","position":2,"name":"Shop","item":"https:\/\/comprardevoluciones.com\/de\/shop\/"},{"@type":"ListItem","position":3,"name":"Pal\u00e9 de Herramientas [29 productos] (10218522)"}]},{"@type":"WebSite","@id":"https:\/\/comprardevoluciones.com\/#website","url":"https:\/\/comprardevoluciones.com\/","name":"Comprardevoluciones - Tu tienda de Devoluciones de Amazon","description":"Consigue Stock en buen estado a un precio imbatible","potentialAction":[{"@type":"SearchAction","target":{"@type":"EntryPoint","urlTemplate":"https:\/\/comprardevoluciones.com\/?s={search_term_string}"},"query-input":{"@type":"PropertyValueSpecification","valueRequired":true,"valueName":"search_term_string"}}],"inLanguage":"de"}]}},"_links":{"self":[{"href":"https:\/\/comprardevoluciones.com\/de\/wp-json\/wp\/v2\/product\/169302","targetHints":{"allow":["GET"]}}],"collection":[{"href":"https:\/\/comprardevoluciones.com\/de\/wp-json\/wp\/v2\/product"}],"about":[{"href":"https:\/\/comprardevoluciones.com\/de\/wp-json\/wp\/v2\/types\/product"}],"wp:featuredmedia":[{"embeddable":true,"href":"https:\/\/comprardevoluciones.com\/de\/wp-json\/wp\/v2\/media\/169330"}],"wp:attachment":[{"href":"https:\/\/comprardevoluciones.com\/de\/wp-json\/wp\/v2\/media?parent=169302"}],"wp:term":[{"taxonomy":"product_brand","embeddable":true,"href":"https:\/\/comprardevoluciones.com\/de\/wp-json\/wp\/v2\/product_brand?post=169302"},{"taxonomy":"product_cat","embeddable":true,"href":"https:\/\/comprardevoluciones.com\/de\/wp-json\/wp\/v2\/product_cat?post=169302"},{"taxonomy":"product_tag","embeddable":true,"href":"https:\/\/comprardevoluciones.com\/de\/wp-json\/wp\/v2\/product_tag?post=169302"}],"curies":[{"name":"wp","href":"https:\/\/api.w.org\/{rel}","templated":true}]}}