{"id":175887,"date":"2026-04-17T10:00:31","date_gmt":"2026-04-17T09:00:31","guid":{"rendered":"https:\/\/comprardevoluciones.com\/?post_type=product&#038;p=175887"},"modified":"2026-04-17T08:39:20","modified_gmt":"2026-04-17T07:39:20","slug":"10224398","status":"publish","type":"product","link":"https:\/\/comprardevoluciones.com\/de\/producto\/10224398\/","title":{"rendered":"Pal\u00e9 de Electrodom\u00e9sticos [27 productos] (10224398)"},"content":{"rendered":"<p>Descripci\u00f3n y valor aproximados<\/p>\n<table>\n<tbody>\n<tr>\n<td><strong>FUENTE<\/strong><\/td>\n<td><strong>PRODUCTO<\/strong><\/td>\n<td><strong>VALOR (\u20ac)<\/strong><\/td>\n<td><strong>PAGAS (\u20ac)<\/strong><\/td>\n<\/tr>\n<tr>\n<td>MARKETPLACES<\/td>\n<td><a class=\"ljoptimizer\" href=\"https:\/\/www.amazon.es\/dp\/B09T3VDYGL?tag=amazon087683-21&amp;th=1\" target=\"_blank\" rel=\"nofollow noopener\">Miele Boost CX1 &#8211; Aspirador cil\u00edndrico sin bolsa y con cable, potente, compacto y \u00e1gil con tecnolog\u00eda Vortex y filtro higi\u00e9nico AirClean, blanco y rojo<\/a><\/td>\n<td>419 \u20ac<\/td>\n<td>96 \u20ac<\/td>\n<\/tr>\n<tr>\n<td>MARKETPLACES<\/td>\n<td><a class=\"ljoptimizer\" href=\"https:\/\/www.amazon.es\/dp\/B07MMSHC4R?tag=amazon087683-21&amp;th=1\" target=\"_blank\" rel=\"nofollow noopener\">Philips Serie 2200 Cafetera Espresso Autom\u00e1tica &#8211; 2 Caf\u00e9s, Pantalla T\u00e1ctil, Espumador de Leche Cl\u00e1sico, Molinillo Cer\u00e1mico, Negro Mate (EP2220\/10)<\/a><\/td>\n<td>267 \u20ac<\/td>\n<td>61 \u20ac<\/td>\n<\/tr>\n<tr>\n<td>MARKETPLACES<\/td>\n<td><a class=\"ljoptimizer\" href=\"https:\/\/www.amazon.es\/dp\/B0D33NSV9X?tag=amazon087683-21&amp;th=1\" target=\"_blank\" rel=\"nofollow noopener\">Philips PerfectDraft Grifo de Cerveza de Barril para el Hogar, 6 L, cerveza fr\u00eda a 3 \u00b0C fresca durante 30 d\u00edas con indicadores LED (HD3760\/90)<\/a><\/td>\n<td>246 \u20ac<\/td>\n<td>57 \u20ac<\/td>\n<\/tr>\n<tr>\n<td>MARKETPLACES<\/td>\n<td><a class=\"ljoptimizer\" href=\"https:\/\/www.amazon.es\/dp\/B0921SL9SV?tag=amazon087683-21&amp;th=1\" target=\"_blank\" rel=\"nofollow noopener\">Panasonic SD-YR2550SXE Panificadora Autom\u00e1tica con Dispensador, 850 W, Sensor de Temperatura, Temporizador Digital 13H, 31 Programas, Plateado<\/a><\/td>\n<td>229 \u20ac<\/td>\n<td>53 \u20ac<\/td>\n<\/tr>\n<tr>\n<td>MARKETPLACES<\/td>\n<td><a class=\"ljoptimizer\" href=\"https:\/\/www.amazon.es\/dp\/B09C6J3Z9F?tag=amazon087683-21&amp;th=1\" target=\"_blank\" rel=\"nofollow noopener\">Rowenta XPert 6.60 &#8211; Aspiradora escoba vers\u00e1til sin cable, con 3 funciones en 1 multiespacios, bater\u00eda de litio, 2 velocidades, gatillo Boost, ligero y portatil, Lila RH6838<\/a><\/td>\n<td>177 \u20ac<\/td>\n<td>41 \u20ac<\/td>\n<\/tr>\n<tr>\n<td>MARKETPLACES<\/td>\n<td><a class=\"ljoptimizer\" href=\"https:\/\/www.amazon.es\/dp\/B06X3ZWVZ7?tag=amazon087683-21&amp;th=1\" target=\"_blank\" rel=\"nofollow noopener\">De&#8217;Longhi Dedica &#8211; Cafetera de Bomba de Acero Inoxidable para Caf\u00e9 Molido o Monodosis, Cafetera para Espresso y Cappuccino, Dep\u00f3sito de 1.3 Litros, Sistema Anti-goteo, EC685.W, Blanco<\/a><\/td>\n<td>159 \u20ac<\/td>\n<td>37 \u20ac<\/td>\n<\/tr>\n<tr>\n<td>MARKETPLACES<\/td>\n<td><a class=\"ljoptimizer\" href=\"https:\/\/www.amazon.es\/dp\/B06X3ZWVZ7?tag=amazon087683-21&amp;th=1\" target=\"_blank\" rel=\"nofollow noopener\">De&#8217;Longhi Dedica &#8211; Cafetera de Bomba de Acero Inoxidable para Caf\u00e9 Molido o Monodosis, Cafetera para Espresso y Cappuccino, Dep\u00f3sito de 1.3 Litros, Sistema Anti-goteo, EC685.W, Blanco<\/a><\/td>\n<td>159 \u20ac<\/td>\n<td>37 \u20ac<\/td>\n<\/tr>\n<tr>\n<td>MARKETPLACES<\/td>\n<td><a class=\"ljoptimizer\" href=\"https:\/\/www.amazon.es\/dp\/B0DMWC7QHW?tag=amazon087683-21&amp;th=1\" target=\"_blank\" rel=\"nofollow noopener\">Cosori Grande Freidora de Aire-True Metal-8,5 Litro Doble Cesta Air Fryer-Alta Potencia y 55\u202f% Eficiencia Energ\u00e9tica-Temperadura Dual\uff0835-230\u2103\uff09-10 Modos-Panel T\u00e1ctil Multifunci\u00f3n-M\u00e1x 10 Personas<\/a><\/td>\n<td>150 \u20ac<\/td>\n<td>34 \u20ac<\/td>\n<\/tr>\n<tr>\n<td>MARKETPLACES<\/td>\n<td><a class=\"ljoptimizer\" href=\"https:\/\/www.amazon.es\/dp\/B0BQ1CF11K?tag=amazon087683-21&amp;th=1\" target=\"_blank\" rel=\"nofollow noopener\">Cecotec Calefactor El\u00e9ctrico de Exterior de Torre ReadyWarm 2000 Power Tower. 2000 W en 3 Niveles, Tecnolog\u00eda Hal\u00f3gena, Protecci\u00f3n IP34, Mando a Distancia y Display, \u00c1rea de Cobertura 10 m2<\/a><\/td>\n<td>149 \u20ac<\/td>\n<td>34 \u20ac<\/td>\n<\/tr>\n<tr>\n<td>MARKETPLACES<\/td>\n<td><a class=\"ljoptimizer\" href=\"https:\/\/www.amazon.es\/dp\/B0DWFYRPFN?tag=amazon087683-21&amp;th=1\" target=\"_blank\" rel=\"nofollow noopener\">De&#8217;Longhi Classic EM450.M, M\u00e1quina Caf\u00e9 Manual con Varilla Vapor, M\u00e1quina Espresso con Bomba Barista, Boquilla para Capuchino, Filtro Doble Pared, 15bar, Taza Hasta 13cm, Acero Inoxidable\/Metal<\/a><\/td>\n<td>119 \u20ac<\/td>\n<td>27 \u20ac<\/td>\n<\/tr>\n<tr>\n<td>MARKETPLACES<\/td>\n<td><a class=\"ljoptimizer\" href=\"https:\/\/www.amazon.es\/dp\/B07Z9F91N5?tag=amazon087683-21&amp;th=1\" target=\"_blank\" rel=\"nofollow noopener\">Cecotec Olla Programable GM Modelo H Deluxe. Programable 24 horas, Capacidad 6 litros,Sistema de cocci\u00f3n inteligente, Funci\u00f3n b\u00e1scula,Temperatura ajustable, Presi\u00f3n ajustable<\/a><\/td>\n<td>109 \u20ac<\/td>\n<td>25 \u20ac<\/td>\n<\/tr>\n<tr>\n<td>MARKETPLACES<\/td>\n<td><a class=\"ljoptimizer\" href=\"https:\/\/www.amazon.es\/dp\/B0D5DJFDBQ?tag=amazon087683-21&amp;th=1\" target=\"_blank\" rel=\"nofollow noopener\">BISSELL Little Green, Aspiradora de Agua Tapicer\u00eda, Lava Aspiradora para Manchas Cotidianas y Suciedad, Limpiador de Liquidos para Alfombras, Tapicer\u00eda, Sof\u00e1, Auto &amp; M\u00e1s, Motor Potente de 340W, 4098N<\/a><\/td>\n<td>100 \u20ac<\/td>\n<td>23 \u20ac<\/td>\n<\/tr>\n<tr>\n<td>MARKETPLACES<\/td>\n<td><a class=\"ljoptimizer\" href=\"https:\/\/www.amazon.es\/dp\/B0CM3XPVWP?tag=amazon087683-21&amp;th=1\" target=\"_blank\" rel=\"nofollow noopener\">EVVO Convector C2000 Cristal Blanco &#8211; Calefactor Bajo Consumo 2.000W, Radiador Electrico Bajo Consumo, Pantalla T\u00e1ctil, Wifi y App M\u00f3vil, Instalaci\u00f3n Suelo o Pared, Google Home Alexa, Mando Distancia<\/a><\/td>\n<td>95 \u20ac<\/td>\n<td>22 \u20ac<\/td>\n<\/tr>\n<tr>\n<td>MARKETPLACES<\/td>\n<td><a class=\"ljoptimizer\" href=\"https:\/\/www.amazon.es\/dp\/B08JTRT11D?tag=amazon087683-21&amp;th=1\" target=\"_blank\" rel=\"nofollow noopener\">ARIETE 290403 Arrocera Rice Cooker &amp; Slow Cooker, cocci\u00f3n a vapor, l\u00ednea vintage, 3.5 L, revestimiento cer\u00e1mico antiadherente, 650 W, beige<\/a><\/td>\n<td>85 \u20ac<\/td>\n<td>20 \u20ac<\/td>\n<\/tr>\n<tr>\n<td>MARKETPLACES<\/td>\n<td><a class=\"ljoptimizer\" href=\"https:\/\/www.amazon.es\/dp\/B08WY5Z267?tag=amazon087683-21&amp;th=1\" target=\"_blank\" rel=\"nofollow noopener\">Philips M\u00e1quina de caf\u00e9 de c\u00e1psulas SENSEO Original Plus &#8211; Selecci\u00f3n de intensidad, Tecnolog\u00eda Coffee Boost, Eco-Friendly, Crema Plus, 2 tazas simult\u00e1neamente, Blanco Estrella (CSA210\/11)<\/a><\/td>\n<td>84 \u20ac<\/td>\n<td>19 \u20ac<\/td>\n<\/tr>\n<tr>\n<td>MARKETPLACES<\/td>\n<td><a class=\"ljoptimizer\" href=\"https:\/\/www.amazon.es\/dp\/B088P59T6H?tag=amazon087683-21&amp;th=1\" target=\"_blank\" rel=\"nofollow noopener\">Princess 201860 Exprimidor de C\u00edtricos Master Juicer Pro, Cono universal de acero inoxidable, Brazo de Palanca Profesional, Potente Motor de 300 W, Filtro para Pulpa, Dep\u00f3sito con Sistema Antigoteo<\/a><\/td>\n<td>82 \u20ac<\/td>\n<td>19 \u20ac<\/td>\n<\/tr>\n<tr>\n<td>MARKETPLACES<\/td>\n<td><a class=\"ljoptimizer\" href=\"https:\/\/www.amazon.es\/dp\/B0BPZPFNM4?tag=amazon087683-21&amp;th=1\" target=\"_blank\" rel=\"nofollow noopener\">Cecotec Freidora de Aire sin Aceite de 6 L Air Fryer con Accesorios Cecofry Bombastik 6000 Full. 1700 W, Tecnolog\u00eda PerfectCook, Temperatura y Tiempo Regulables, Control T\u00e1ctil, 12 Modos<\/a><\/td>\n<td>75 \u20ac<\/td>\n<td>17 \u20ac<\/td>\n<\/tr>\n<tr>\n<td>MARKETPLACES<\/td>\n<td><a class=\"ljoptimizer\" href=\"https:\/\/www.amazon.es\/dp\/B0BPZPFNM4?tag=amazon087683-21&amp;th=1\" target=\"_blank\" rel=\"nofollow noopener\">Cecotec Freidora de Aire sin Aceite de 6 L Air Fryer con Accesorios Cecofry Bombastik 6000 Full. 1700 W, Tecnolog\u00eda PerfectCook, Temperatura y Tiempo Regulables, Control T\u00e1ctil, 12 Modos<\/a><\/td>\n<td>75 \u20ac<\/td>\n<td>17 \u20ac<\/td>\n<\/tr>\n<tr>\n<td>MARKETPLACES<\/td>\n<td><a class=\"ljoptimizer\" href=\"https:\/\/www.amazon.es\/dp\/B0BPZPFNM4?tag=amazon087683-21&amp;th=1\" target=\"_blank\" rel=\"nofollow noopener\">Cecotec Freidora de Aire sin Aceite de 6 L Air Fryer con Accesorios Cecofry Bombastik 6000 Full. 1700 W, Tecnolog\u00eda PerfectCook, Temperatura y Tiempo Regulables, Control T\u00e1ctil, 12 Modos<\/a><\/td>\n<td>75 \u20ac<\/td>\n<td>17 \u20ac<\/td>\n<\/tr>\n<tr>\n<td>MARKETPLACES<\/td>\n<td><a class=\"ljoptimizer\" href=\"https:\/\/www.amazon.es\/dp\/B07JN4TXC9?tag=amazon087683-21&amp;th=1\" target=\"_blank\" rel=\"nofollow noopener\">Cecotec Estufa de Gas Butano Ready Warm 4000 Slim Fold. 4200 W, Plegable, Cer\u00e1mica, 3 Modos, Bombonas de 15 kg, Triple sistema de seguridad, Ruedas multidireccionales, 30 m2 (Estufa)<\/a><\/td>\n<td>73 \u20ac<\/td>\n<td>17 \u20ac<\/td>\n<\/tr>\n<tr>\n<td>MARKETPLACES<\/td>\n<td><a class=\"ljoptimizer\" href=\"https:\/\/www.amazon.es\/dp\/B08VWD9WPD?tag=amazon087683-21&amp;th=1\" target=\"_blank\" rel=\"nofollow noopener\">Princess 112425 Parrilla Multifunci\u00f3n, Superficie de 30 x 27 cm suficiente para 2 bocadillos o sandwiches, asa fr\u00eda al tacto, 2000 W, Negro y Gris<\/a><\/td>\n<td>67 \u20ac<\/td>\n<td>15 \u20ac<\/td>\n<\/tr>\n<tr>\n<td>MARKETPLACES<\/td>\n<td><a class=\"ljoptimizer\" href=\"https:\/\/www.amazon.es\/dp\/B06XPF4B8R?tag=amazon087683-21&amp;th=1\" target=\"_blank\" rel=\"nofollow noopener\">CIARRA CBCB6903 Campanas Extractoras Cocina 60cm 220m\u00b3\/h 75W 3 Velocidades de Extracci\u00f3n Luz LED Extractor Cocina Recirculaci\u00f3n con Filtro de Carb\u00f3n CBCF001<\/a><\/td>\n<td>60 \u20ac<\/td>\n<td>14 \u20ac<\/td>\n<\/tr>\n<tr>\n<td>MARKETPLACES<\/td>\n<td><a class=\"ljoptimizer\" href=\"https:\/\/www.amazon.es\/dp\/B07BLB78RP?tag=amazon087683-21&amp;th=1\" target=\"_blank\" rel=\"nofollow noopener\">Princess 103110 Table Chef Premium XL, 46 x 26 cm, Plancha grande para cocinar sin aceite de aluminio fundido con revestimiento antiadherente, Asas fr\u00edas al tacto, Termostato regulable, 2500 W<\/a><\/td>\n<td>54 \u20ac<\/td>\n<td>12 \u20ac<\/td>\n<\/tr>\n<tr>\n<td>MARKETPLACES<\/td>\n<td><a class=\"ljoptimizer\" href=\"https:\/\/www.amazon.es\/dp\/B0FDH29XF9?tag=amazon087683-21&amp;th=1\" target=\"_blank\" rel=\"nofollow noopener\">Hyundai Freidora de Aire sin Aceite 5,5 Litros, Air Fryer HAF5500D. 1600 W, 10 Programas, Negro<\/a><\/td>\n<td>50 \u20ac<\/td>\n<td>11 \u20ac<\/td>\n<\/tr>\n<tr>\n<td>MARKETPLACES<\/td>\n<td><a class=\"ljoptimizer\" href=\"https:\/\/www.amazon.es\/dp\/B0BPZLJNV5?tag=amazon087683-21&amp;th=1\" target=\"_blank\" rel=\"nofollow noopener\">Cecotec Aspirador de Cenizas de 15L Conga Ash 3000 Home. 1000W de Potencia, Poder de Succi\u00f3n 15 kPa, Tubo con Recubrimiento Met\u00e1lico, Boquilla de 38mm, Cable de 4m y Asa de Transporte<\/a><\/td>\n<td>40 \u20ac<\/td>\n<td>9 \u20ac<\/td>\n<\/tr>\n<tr>\n<td>MARKETPLACES<\/td>\n<td><a class=\"ljoptimizer\" href=\"https:\/\/www.amazon.es\/dp\/B002ALSHZC?tag=amazon087683-21&amp;th=1\" target=\"_blank\" rel=\"nofollow noopener\">SEVERIN Crepera el\u00e9ctrica, plancha redonda para crepes dulces y salados, m\u00e1quina crepera XXL de 30 cm con regulaci\u00f3n continua de la temperatura, negro, CM 2198<\/a><\/td>\n<td>37 \u20ac<\/td>\n<td>9 \u20ac<\/td>\n<\/tr>\n<tr>\n<td>MARKETPLACES<\/td>\n<td><a class=\"ljoptimizer\" href=\"https:\/\/www.amazon.es\/dp\/B000T7URXY?tag=amazon087683-21&amp;th=1\" target=\"_blank\" rel=\"nofollow noopener\">Bosch Mixxo MSM6B150 &#8211; Batidora de mano, 300 W, velocidad Turbo, c\u00fapula con cuchilla de acero inoxidable, con vaso de mezclas, color blanco<\/a><\/td>\n<td>34 \u20ac<\/td>\n<td>8 \u20ac<\/td>\n<\/tr>\n<\/tbody>\n<\/table>\n","protected":false},"excerpt":{"rendered":"<p>Pal\u00e9 de Electrodom\u00e9sticos sin revisar procedente de devoluciones de marketplaces<\/p>\n<ul>\n<li>N\u00famero de productos: 27<\/li>\n<li>Valor aproximado: 3269.00<\/li>\n<li>Porcentaje que se paga: 19% + IVA<\/li>\n<li>Tiempo de entrega estimado: 3 a 7 d\u00edas<\/li>\n<\/ul>\n<p>*Los precios incluyen IVA<\/p>\n","protected":false},"featured_media":175409,"template":"","meta":{"site-sidebar-layout":"default","site-content-layout":"","ast-site-content-layout":"default","site-content-style":"default","site-sidebar-style":"default","ast-global-header-display":"","ast-banner-title-visibility":"","ast-main-header-display":"","ast-hfb-above-header-display":"","ast-hfb-below-header-display":"","ast-hfb-mobile-header-display":"","site-post-title":"","ast-breadcrumbs-content":"","ast-featured-img":"","footer-sml-layout":"","ast-disable-related-posts":"","theme-transparent-header-meta":"default","adv-header-id-meta":"","stick-header-meta":"","header-above-stick-meta":"","header-main-stick-meta":"","header-below-stick-meta":"","astra-migrate-meta-layouts":"set","ast-page-background-enabled":"default","ast-page-background-meta":{"desktop":{"background-color":"var(--ast-global-color-4)","background-image":"","background-repeat":"repeat","background-position":"center center","background-size":"auto","background-attachment":"scroll","background-type":"","background-media":"","overlay-type":"","overlay-color":"","overlay-opacity":"","overlay-gradient":""},"tablet":{"background-color":"","background-image":"","background-repeat":"repeat","background-position":"center center","background-size":"auto","background-attachment":"scroll","background-type":"","background-media":"","overlay-type":"","overlay-color":"","overlay-opacity":"","overlay-gradient":""},"mobile":{"background-color":"","background-image":"","background-repeat":"repeat","background-position":"center center","background-size":"auto","background-attachment":"scroll","background-type":"","background-media":"","overlay-type":"","overlay-color":"","overlay-opacity":"","overlay-gradient":""}},"ast-content-background-meta":{"desktop":{"background-color":"var(--ast-global-color-5)","background-image":"","background-repeat":"repeat","background-position":"center center","background-size":"auto","background-attachment":"scroll","background-type":"","background-media":"","overlay-type":"","overlay-color":"","overlay-opacity":"","overlay-gradient":""},"tablet":{"background-color":"var(--ast-global-color-5)","background-image":"","background-repeat":"repeat","background-position":"center center","background-size":"auto","background-attachment":"scroll","background-type":"","background-media":"","overlay-type":"","overlay-color":"","overlay-opacity":"","overlay-gradient":""},"mobile":{"background-color":"var(--ast-global-color-5)","background-image":"","background-repeat":"repeat","background-position":"center center","background-size":"auto","background-attachment":"scroll","background-type":"","background-media":"","overlay-type":"","overlay-color":"","overlay-opacity":"","overlay-gradient":""}}},"product_brand":[],"product_cat":[51,65],"product_tag":[],"class_list":{"0":"post-175887","1":"product","2":"type-product","3":"status-publish","4":"has-post-thumbnail","6":"product_cat-electrodomesticos","7":"product_cat-pales","8":"product_shipping_class-pale","9":"desktop-align-left","10":"tablet-align-left","11":"mobile-align-left","13":"first","14":"instock","15":"sale","16":"downloadable","17":"taxable","18":"shipping-taxable","19":"purchasable","20":"product-type-simple"},"yoast_head":"<!-- This site is optimized with the Yoast SEO plugin v27.2 - https:\/\/yoast.com\/product\/yoast-seo-wordpress\/ -->\n<title>Pal\u00e9 de Electrodom\u00e9sticos [27 productos] (10224398) - Comprardevoluciones - Tu tienda de Devoluciones de Amazon<\/title>\n<meta name=\"robots\" content=\"noindex, follow\" \/>\n<meta property=\"og:locale\" content=\"de_DE\" \/>\n<meta property=\"og:type\" content=\"article\" \/>\n<meta property=\"og:title\" content=\"Pal\u00e9 de Electrodom\u00e9sticos [27 productos] (10224398) - Comprardevoluciones - Tu tienda de Devoluciones de Amazon\" \/>\n<meta property=\"og:description\" content=\"Pal\u00e9 de Electrodom\u00e9sticos sin revisar procedente de devoluciones de marketplaces   N\u00famero de productos: 27  Valor aproximado: 3269.00  Porcentaje que se paga: 19% + IVA  Tiempo de entrega estimado: 3 a 7 d\u00edas  *Los precios incluyen IVA\" \/>\n<meta property=\"og:url\" content=\"https:\/\/comprardevoluciones.com\/producto\/10224398\/\" \/>\n<meta property=\"og:site_name\" content=\"Comprardevoluciones - Tu tienda de Devoluciones de Amazon\" \/>\n<meta property=\"og:image\" content=\"https:\/\/comprardevoluciones.com\/wp-content\/uploads\/2026\/03\/10224398.jpg\" \/>\n\t<meta property=\"og:image:width\" content=\"700\" \/>\n\t<meta property=\"og:image:height\" content=\"700\" \/>\n\t<meta property=\"og:image:type\" content=\"image\/jpeg\" \/>\n<meta name=\"twitter:card\" content=\"summary_large_image\" \/>\n<meta name=\"twitter:label1\" content=\"Gesch\u00e4tzte Lesezeit\" \/>\n\t<meta name=\"twitter:data1\" content=\"4\u00a0Minuten\" \/>\n<script type=\"application\/ld+json\" class=\"yoast-schema-graph\">{\"@context\":\"https:\/\/schema.org\",\"@graph\":[{\"@type\":\"WebPage\",\"@id\":\"https:\/\/comprardevoluciones.com\/producto\/10224398\/\",\"url\":\"https:\/\/comprardevoluciones.com\/producto\/10224398\/\",\"name\":\"Pal\u00e9 de Electrodom\u00e9sticos [27 productos] (10224398) - Comprardevoluciones - Tu tienda de Devoluciones de Amazon\",\"isPartOf\":{\"@id\":\"https:\/\/comprardevoluciones.com\/#website\"},\"primaryImageOfPage\":{\"@id\":\"https:\/\/comprardevoluciones.com\/producto\/10224398\/#primaryimage\"},\"image\":{\"@id\":\"https:\/\/comprardevoluciones.com\/producto\/10224398\/#primaryimage\"},\"thumbnailUrl\":\"https:\/\/comprardevoluciones.com\/wp-content\/uploads\/2026\/03\/10224398.jpg\",\"datePublished\":\"2026-04-17T09:00:31+00:00\",\"breadcrumb\":{\"@id\":\"https:\/\/comprardevoluciones.com\/producto\/10224398\/#breadcrumb\"},\"inLanguage\":\"de\",\"potentialAction\":[{\"@type\":\"ReadAction\",\"target\":[\"https:\/\/comprardevoluciones.com\/producto\/10224398\/\"]}]},{\"@type\":\"ImageObject\",\"inLanguage\":\"de\",\"@id\":\"https:\/\/comprardevoluciones.com\/producto\/10224398\/#primaryimage\",\"url\":\"https:\/\/comprardevoluciones.com\/wp-content\/uploads\/2026\/03\/10224398.jpg\",\"contentUrl\":\"https:\/\/comprardevoluciones.com\/wp-content\/uploads\/2026\/03\/10224398.jpg\",\"width\":700,\"height\":700},{\"@type\":\"BreadcrumbList\",\"@id\":\"https:\/\/comprardevoluciones.com\/producto\/10224398\/#breadcrumb\",\"itemListElement\":[{\"@type\":\"ListItem\",\"position\":1,\"name\":\"Portada\",\"item\":\"https:\/\/comprardevoluciones.com\/de\/\"},{\"@type\":\"ListItem\",\"position\":2,\"name\":\"Shop\",\"item\":\"https:\/\/comprardevoluciones.com\/de\/shop\/\"},{\"@type\":\"ListItem\",\"position\":3,\"name\":\"Pal\u00e9 de Electrodom\u00e9sticos [27 productos] (10224398)\"}]},{\"@type\":\"WebSite\",\"@id\":\"https:\/\/comprardevoluciones.com\/#website\",\"url\":\"https:\/\/comprardevoluciones.com\/\",\"name\":\"Comprardevoluciones - Tu tienda de Devoluciones de Amazon\",\"description\":\"Consigue Stock en buen estado a un precio imbatible\",\"potentialAction\":[{\"@type\":\"SearchAction\",\"target\":{\"@type\":\"EntryPoint\",\"urlTemplate\":\"https:\/\/comprardevoluciones.com\/?s={search_term_string}\"},\"query-input\":{\"@type\":\"PropertyValueSpecification\",\"valueRequired\":true,\"valueName\":\"search_term_string\"}}],\"inLanguage\":\"de\"}]}<\/script>\n<!-- \/ Yoast SEO plugin. -->","yoast_head_json":{"title":"Pal\u00e9 de Electrodom\u00e9sticos [27 productos] (10224398) - Comprardevoluciones - Tu tienda de Devoluciones de Amazon","robots":{"index":"noindex","follow":"follow"},"og_locale":"de_DE","og_type":"article","og_title":"Pal\u00e9 de Electrodom\u00e9sticos [27 productos] (10224398) - Comprardevoluciones - Tu tienda de Devoluciones de Amazon","og_description":"Pal\u00e9 de Electrodom\u00e9sticos sin revisar procedente de devoluciones de marketplaces   N\u00famero de productos: 27  Valor aproximado: 3269.00  Porcentaje que se paga: 19% + IVA  Tiempo de entrega estimado: 3 a 7 d\u00edas  *Los precios incluyen IVA","og_url":"https:\/\/comprardevoluciones.com\/producto\/10224398\/","og_site_name":"Comprardevoluciones - Tu tienda de Devoluciones de Amazon","og_image":[{"width":700,"height":700,"url":"https:\/\/comprardevoluciones.com\/wp-content\/uploads\/2026\/03\/10224398.jpg","type":"image\/jpeg"}],"twitter_card":"summary_large_image","twitter_misc":{"Gesch\u00e4tzte Lesezeit":"4\u00a0Minuten"},"schema":{"@context":"https:\/\/schema.org","@graph":[{"@type":"WebPage","@id":"https:\/\/comprardevoluciones.com\/producto\/10224398\/","url":"https:\/\/comprardevoluciones.com\/producto\/10224398\/","name":"Pal\u00e9 de Electrodom\u00e9sticos [27 productos] (10224398) - Comprardevoluciones - Tu tienda de Devoluciones de Amazon","isPartOf":{"@id":"https:\/\/comprardevoluciones.com\/#website"},"primaryImageOfPage":{"@id":"https:\/\/comprardevoluciones.com\/producto\/10224398\/#primaryimage"},"image":{"@id":"https:\/\/comprardevoluciones.com\/producto\/10224398\/#primaryimage"},"thumbnailUrl":"https:\/\/comprardevoluciones.com\/wp-content\/uploads\/2026\/03\/10224398.jpg","datePublished":"2026-04-17T09:00:31+00:00","breadcrumb":{"@id":"https:\/\/comprardevoluciones.com\/producto\/10224398\/#breadcrumb"},"inLanguage":"de","potentialAction":[{"@type":"ReadAction","target":["https:\/\/comprardevoluciones.com\/producto\/10224398\/"]}]},{"@type":"ImageObject","inLanguage":"de","@id":"https:\/\/comprardevoluciones.com\/producto\/10224398\/#primaryimage","url":"https:\/\/comprardevoluciones.com\/wp-content\/uploads\/2026\/03\/10224398.jpg","contentUrl":"https:\/\/comprardevoluciones.com\/wp-content\/uploads\/2026\/03\/10224398.jpg","width":700,"height":700},{"@type":"BreadcrumbList","@id":"https:\/\/comprardevoluciones.com\/producto\/10224398\/#breadcrumb","itemListElement":[{"@type":"ListItem","position":1,"name":"Portada","item":"https:\/\/comprardevoluciones.com\/de\/"},{"@type":"ListItem","position":2,"name":"Shop","item":"https:\/\/comprardevoluciones.com\/de\/shop\/"},{"@type":"ListItem","position":3,"name":"Pal\u00e9 de Electrodom\u00e9sticos [27 productos] (10224398)"}]},{"@type":"WebSite","@id":"https:\/\/comprardevoluciones.com\/#website","url":"https:\/\/comprardevoluciones.com\/","name":"Comprardevoluciones - Tu tienda de Devoluciones de Amazon","description":"Consigue Stock en buen estado a un precio imbatible","potentialAction":[{"@type":"SearchAction","target":{"@type":"EntryPoint","urlTemplate":"https:\/\/comprardevoluciones.com\/?s={search_term_string}"},"query-input":{"@type":"PropertyValueSpecification","valueRequired":true,"valueName":"search_term_string"}}],"inLanguage":"de"}]}},"_links":{"self":[{"href":"https:\/\/comprardevoluciones.com\/de\/wp-json\/wp\/v2\/product\/175887","targetHints":{"allow":["GET"]}}],"collection":[{"href":"https:\/\/comprardevoluciones.com\/de\/wp-json\/wp\/v2\/product"}],"about":[{"href":"https:\/\/comprardevoluciones.com\/de\/wp-json\/wp\/v2\/types\/product"}],"wp:featuredmedia":[{"embeddable":true,"href":"https:\/\/comprardevoluciones.com\/de\/wp-json\/wp\/v2\/media\/175409"}],"wp:attachment":[{"href":"https:\/\/comprardevoluciones.com\/de\/wp-json\/wp\/v2\/media?parent=175887"}],"wp:term":[{"taxonomy":"product_brand","embeddable":true,"href":"https:\/\/comprardevoluciones.com\/de\/wp-json\/wp\/v2\/product_brand?post=175887"},{"taxonomy":"product_cat","embeddable":true,"href":"https:\/\/comprardevoluciones.com\/de\/wp-json\/wp\/v2\/product_cat?post=175887"},{"taxonomy":"product_tag","embeddable":true,"href":"https:\/\/comprardevoluciones.com\/de\/wp-json\/wp\/v2\/product_tag?post=175887"}],"curies":[{"name":"wp","href":"https:\/\/api.w.org\/{rel}","templated":true}]}}