{"id":176090,"date":"2026-04-03T10:00:44","date_gmt":"2026-04-03T09:00:44","guid":{"rendered":"https:\/\/comprardevoluciones.com\/?post_type=product&#038;p=176090"},"modified":"2026-04-03T09:41:40","modified_gmt":"2026-04-03T08:41:40","slug":"10218441","status":"publish","type":"product","link":"https:\/\/comprardevoluciones.com\/de\/producto\/10218441\/","title":{"rendered":"Pal\u00e9 de Electrodom\u00e9sticos [25 productos] (10218441)"},"content":{"rendered":"<p>Descripci\u00f3n y valor aproximados<\/p>\n<table>\n<tbody>\n<tr>\n<td><strong>FUENTE<\/strong><\/td>\n<td><strong>PRODUCTO<\/strong><\/td>\n<td><strong>VALOR (\u20ac)<\/strong><\/td>\n<td><strong>PAGAS (\u20ac)<\/strong><\/td>\n<\/tr>\n<tr>\n<td>MARKETPLACES<\/td>\n<td><a class=\"ljoptimizer\" href=\"https:\/\/www.amazon.es\/dp\/B0DT9Y8RWH?tag=amazon087683-21&amp;th=1\" target=\"_blank\" rel=\"nofollow noopener\">DREAME H15 Pro Aspirador en seco y H\u00famedo con Brazo Rob\u00f3tico GapFree AI DescendReach, Cobertura de Triple Borde, 21.000 Pa, Lavado de Cepillo a 100 \u00b0C, Secado a 90 \u00b0C en 5 min, Alcance Plano de 180\u00b0<\/a><\/td>\n<td>349\u20ac<\/td>\n<td>87\u20ac<\/td>\n<\/tr>\n<tr>\n<td>MARKETPLACES<\/td>\n<td><a class=\"ljoptimizer\" href=\"https:\/\/www.amazon.es\/dp\/B0DV9TS85Q?tag=amazon087683-21&amp;th=1\" target=\"_blank\" rel=\"nofollow noopener\">iRobot Roomba 105 Combo y Base AutoEmpty con autovaciado de 75 d\u00edas, Aspirador y friegasuelos, Clearview LiDAR, 7000Pa,120 mins, SmartScrub, Evita obst\u00e1culos,Recarga y reanuda,App, 3 Modos Limpieza_B<\/a><\/td>\n<td>199\u20ac<\/td>\n<td>50\u20ac<\/td>\n<\/tr>\n<tr>\n<td>MARKETPLACES<\/td>\n<td><a class=\"ljoptimizer\" href=\"https:\/\/www.carrefour.es\/deshumidificador-cecotec-bigdry-9000-320-w-20-l-24h-wifi-modo-silencioso-temporizador\/VC4A-27803846\/p\" target=\"_blank\" rel=\"nofollow noopener\">Deshumidificador Cecotec Bigdry 9000, 320 W, 20 L\/24h, Wifi, Modo Silencioso, Temporizador<\/a><\/td>\n<td>159\u20ac<\/td>\n<td>40\u20ac<\/td>\n<\/tr>\n<tr>\n<td>MARKETPLACES<\/td>\n<td><a class=\"ljoptimizer\" href=\"https:\/\/www.amazon.es\/dp\/B0D73WKNTT?tag=amazon087683-21&amp;th=1\" target=\"_blank\" rel=\"nofollow noopener\">XIAOMI Robot Vacuum S20 &#8211; Robot Aspirador y fregasuelos con Sistema Inteligente de navegaci\u00f3n l\u00e1ser (LDS), succi\u00f3n de 5000 Pa, rutas de Limpieza en Zigzag, Blanco (Versi\u00f3n ES)<\/a><\/td>\n<td>155\u20ac<\/td>\n<td>39\u20ac<\/td>\n<\/tr>\n<tr>\n<td>MARKETPLACES<\/td>\n<td><a class=\"ljoptimizer\" href=\"https:\/\/www.amazon.es\/dp\/B0DJFDTRYZ?tag=amazon087683-21&amp;th=1\" target=\"_blank\" rel=\"nofollow noopener\">Cosori Freidora de Aire Pr\u00e1ctica 6,2L con Ventana Air Fryer 1700W, Tecnolog\u00eda Rapid Air, 55% Menos Energ\u00eda, 13 Autom\u00e1ticos Modos,Uso F\u00e1cil, LED Panel T\u00e1ctil, Acero Inox Interior, Hasta 205\u00baC y 60 Min<\/a><\/td>\n<td>150\u20ac<\/td>\n<td>38\u20ac<\/td>\n<\/tr>\n<tr>\n<td>MARKETPLACES<\/td>\n<td><a class=\"ljoptimizer\" href=\"https:\/\/www.amazon.es\/dp\/B0D92CZC7Z?tag=amazon087683-21&amp;th=1\" target=\"_blank\" rel=\"nofollow noopener\">Krups Authentic, Cafetera Espresso Manual, 15 bares de presi\u00f3n, Espumador de leche, Ajuste Manual, Cuchara Medidora y Compactadora, dep\u00f3sito de 2 L de capacidad, Inox, XP381B<\/a><\/td>\n<td>130\u20ac<\/td>\n<td>32\u20ac<\/td>\n<\/tr>\n<tr>\n<td>MARKETPLACES<\/td>\n<td><a class=\"ljoptimizer\" href=\"https:\/\/www.amazon.es\/dp\/B0851RFDZM?tag=amazon087683-21&amp;th=1\" target=\"_blank\" rel=\"nofollow noopener\">Cecotec Cafetera Semiautom\u00e1tica Power Instant-ccino 20 Chic Serie Nera. para caf\u00e9 molido y en c\u00e1psulas, 20 Bares, Dep\u00f3sito de Leche 0.7ml, Dep\u00f3sito de Agua 1.7L, 1470W<\/a><\/td>\n<td>129\u20ac<\/td>\n<td>32\u20ac<\/td>\n<\/tr>\n<tr>\n<td>MARKETPLACES<\/td>\n<td><a class=\"ljoptimizer\" href=\"https:\/\/www.amazon.es\/dp\/B07JJX5W7R?tag=amazon087683-21&amp;th=1\" target=\"_blank\" rel=\"nofollow noopener\">Cecotec Radiador El\u00e9ctrico Bajo Consumo ReadyWarm 1200 Thermal. 6 Elementos, 900 W, De pared o pie, 3 Modos, Temporizador, Mando a Distancia, Pantalla LED, Blanco<\/a><\/td>\n<td>100\u20ac<\/td>\n<td>25\u20ac<\/td>\n<\/tr>\n<tr>\n<td>MARKETPLACES<\/td>\n<td><a class=\"ljoptimizer\" href=\"https:\/\/www.amazon.es\/dp\/B0DGLBKDDG?tag=amazon087683-21&amp;th=1\" target=\"_blank\" rel=\"nofollow noopener\">Cecotec Freidora de Aire sin Aceite 9L Divisible en 2 Air Fryer Cecofry Dual 9000. 2850W, Diet\u00e9tica y Digital, Panel T\u00e1ctil, Temperatura Dual y Regulable, 6 Modos, Tecnolog\u00eda PerfectCook<\/a><\/td>\n<td>100\u20ac<\/td>\n<td>25\u20ac<\/td>\n<\/tr>\n<tr>\n<td>MARKETPLACES<\/td>\n<td><a class=\"ljoptimizer\" href=\"https:\/\/www.mediamarkt.es\/es\/product\/_estufa-readywarm-4200-blueflame-foldable-cecotec-black-134580656.html\" target=\"_blank\" rel=\"nofollow noopener\">Estufa &#8211; CECOTEC ReadyWarm 4200 BlueFlame Foldable, 4200 W, 2 niveles de calor, Multicolor<\/a><\/td>\n<td>97\u20ac<\/td>\n<td>24\u20ac<\/td>\n<\/tr>\n<tr>\n<td>MARKETPLACES<\/td>\n<td><a class=\"ljoptimizer\" href=\"https:\/\/www.amazon.es\/dp\/B098FFX67J?tag=amazon087683-21&amp;th=1\" target=\"_blank\" rel=\"nofollow noopener\">Russell Hobbs Good To Go Multi Cooker &#8211; Capacidad 6,5L, 8 Funciones, Tecnolog\u00eda para Cocinar, Servir y Limpiar, Programaci\u00f3n Digital, Temporizador, Acero Inoxidable, Tapa Vidrio, Negro &#8211; 28270-56<\/a><\/td>\n<td>89\u20ac<\/td>\n<td>22\u20ac<\/td>\n<\/tr>\n<tr>\n<td>MARKETPLACES<\/td>\n<td><a class=\"ljoptimizer\" href=\"https:\/\/www.amazon.es\/dp\/B0BQ1SQ6DQ?tag=amazon087683-21&amp;th=1\" target=\"_blank\" rel=\"nofollow noopener\">Cecotec Cafetera Espresso Compacta Power Espresso 20 Retro Green. 1100 W, 20 Bares, Vaporizador Orientable, Brazo Portafiltros con Doble salida y 2 Filtros, 1,25 Litros<\/a><\/td>\n<td>89\u20ac<\/td>\n<td>22\u20ac<\/td>\n<\/tr>\n<tr>\n<td>MARKETPLACES<\/td>\n<td><a class=\"ljoptimizer\" href=\"https:\/\/www.amazon.es\/dp\/B07YLN1KR6?tag=amazon087683-21&amp;th=1\" target=\"_blank\" rel=\"nofollow noopener\">Cecotec Cafetera Express Power Espresso 20 Tradizionale para espressos y cappuccinos, r\u00e1pido Sistema de Calentamiento por thermoblock, 20 Bares, man\u00f3metro PressurePro y vaporizador orientable<\/a><\/td>\n<td>83\u20ac<\/td>\n<td>21\u20ac<\/td>\n<\/tr>\n<tr>\n<td>MARKETPLACES<\/td>\n<td><a class=\"ljoptimizer\" href=\"https:\/\/www.amazon.es\/dp\/B07YLN1KR6?tag=amazon087683-21&amp;th=1\" target=\"_blank\" rel=\"nofollow noopener\">Cecotec Cafetera Express Power Espresso 20 Tradizionale para espressos y cappuccinos, r\u00e1pido Sistema de Calentamiento por thermoblock, 20 Bares, man\u00f3metro PressurePro y vaporizador orientable<\/a><\/td>\n<td>83\u20ac<\/td>\n<td>21\u20ac<\/td>\n<\/tr>\n<tr>\n<td>MARKETPLACES<\/td>\n<td><a class=\"ljoptimizer\" href=\"https:\/\/www.carrefour.es\/olla-programable-gm-cecotec-modelo-d\/VC4A-5630340\/p\" target=\"_blank\" rel=\"nofollow noopener\">Olla Programable GM Cecotec Modelo D<\/a><\/td>\n<td>76\u20ac<\/td>\n<td>19\u20ac<\/td>\n<\/tr>\n<tr>\n<td>MARKETPLACES<\/td>\n<td><a class=\"ljoptimizer\" href=\"https:\/\/www.amazon.es\/dp\/B0BPZQL1PD?tag=amazon087683-21&amp;th=1\" target=\"_blank\" rel=\"nofollow noopener\">Cecotec Aspiradora Escoba sin Cable Ultraligera &#8211; Scoba 2100 Twice. 210W y 20 kPa, Motor Digital Brusless, Autonom\u00eda 45 mins, Cabezal Motorizado Omnidireccional con Doble Cepillo, 2 Accesorios<\/a><\/td>\n<td>76\u20ac<\/td>\n<td>19\u20ac<\/td>\n<\/tr>\n<tr>\n<td>MARKETPLACES<\/td>\n<td><a class=\"ljoptimizer\" href=\"https:\/\/www.carrefour.es\/olla-programable-gm-cecotec-modelo-d\/VC4A-5630340\/p\" target=\"_blank\" rel=\"nofollow noopener\">Olla Programable GM Cecotec Modelo D<\/a><\/td>\n<td>76\u20ac<\/td>\n<td>19\u20ac<\/td>\n<\/tr>\n<tr>\n<td>MARKETPLACES<\/td>\n<td><a class=\"ljoptimizer\" href=\"https:\/\/www.amazon.es\/dp\/B07HC8KZNV?tag=amazon087683-21&amp;th=1\" target=\"_blank\" rel=\"nofollow noopener\">Cecotec Microondas ProClean 5010. 700 W, Capacidad de 20 L, Revestimiento Ready2Clean, 5 Niveles Funcionamiento, 8 Programas, Tecnolog\u00eda 3DWave, Temporizador, Dise\u00f1o Frontal y Tirador Inox<\/a><\/td>\n<td>70\u20ac<\/td>\n<td>18\u20ac<\/td>\n<\/tr>\n<tr>\n<td>MARKETPLACES<\/td>\n<td><a class=\"ljoptimizer\" href=\"https:\/\/www.amazon.es\/dp\/B0DLLDFMMF?tag=amazon087683-21&amp;th=1\" target=\"_blank\" rel=\"nofollow noopener\">Cecotec Microondas de 20L Proclean 3060 Flatbed. Mirror Potencia de 700W, Dise\u00f1o Compacto, Interior Cer\u00e1mico, Modo descongelaci\u00f3n, Temporizador 30 Min, Tecnolog\u00eda 3Dwave, Mirrordoor<\/a><\/td>\n<td>68\u20ac<\/td>\n<td>17\u20ac<\/td>\n<\/tr>\n<tr>\n<td>MARKETPLACES<\/td>\n<td><a class=\"ljoptimizer\" href=\"https:\/\/www.amazon.es\/dp\/B0DLLH4GCW?tag=amazon087683-21&amp;th=1\" target=\"_blank\" rel=\"nofollow noopener\">Cecotec Microondas de 20L Proclean 3110 Flatbed. Potencia de 700W y Grill de 800W, Dise\u00f1o Compacto, Interior Cer\u00e1mico, Modo descongelaci\u00f3n, Temporizador 30 Min, Tecnolog\u00eda 3Dwave<\/a><\/td>\n<td>68\u20ac<\/td>\n<td>17\u20ac<\/td>\n<\/tr>\n<tr>\n<td>MARKETPLACES<\/td>\n<td><a class=\"ljoptimizer\" href=\"https:\/\/www.amazon.es\/dp\/B08LN55LSB?tag=amazon087683-21&amp;th=1\" target=\"_blank\" rel=\"nofollow noopener\">Cecotec Radiador El\u00e9ctrico Bajo Consumo Ready Warm 800 Thermal Connected. 4 Elementos, 600 W, De pared o pie, Temporizador, Mando a Distancia, Pantalla LCD, Control Wifi<\/a><\/td>\n<td>68\u20ac<\/td>\n<td>17\u20ac<\/td>\n<\/tr>\n<tr>\n<td>MARKETPLACES<\/td>\n<td><a class=\"ljoptimizer\" href=\"https:\/\/www.amazon.es\/dp\/B0CL77T86L?tag=amazon087683-21&amp;th=1\" target=\"_blank\" rel=\"nofollow noopener\">De&#8217;Longhi Dolce Gusto Genio S EDG226.A, M\u00e1quina de Caf\u00e9 en C\u00e1psulas, Incluye 3 Paquetes de C\u00e1psulas, Dise\u00f1o Compacto, Tama\u00f1o de Bebida Ajustable, Dep\u00f3sito de Agua Extra\u00edble de 0,8L, 1600 W, Gris<\/a><\/td>\n<td>65\u20ac<\/td>\n<td>16\u20ac<\/td>\n<\/tr>\n<tr>\n<td>MARKETPLACES<\/td>\n<td><a class=\"ljoptimizer\" href=\"https:\/\/www.amazon.es\/dp\/B07YFPZTY6?tag=amazon087683-21&amp;th=1\" target=\"_blank\" rel=\"nofollow noopener\">Cecotec Microondas ProClean 2010. 700 W de Potencia, 20L de Capacidad, Tecnolog\u00eda 3DWave, Modo Descongelaci\u00f3n, 6 Niveles de Potencia, Temporizador 30 mins, Dise\u00f1o Compacto<\/a><\/td>\n<td>50\u20ac<\/td>\n<td>12\u20ac<\/td>\n<\/tr>\n<tr>\n<td>MARKETPLACES<\/td>\n<td><a class=\"ljoptimizer\" href=\"https:\/\/www.amazon.es\/dp\/B07JJSVFK9?tag=amazon087683-21&amp;th=1\" target=\"_blank\" rel=\"nofollow noopener\">Cecotec Calefactor El\u00e9ctrico Bajo Consumo Cer\u00e1mico Ready Warm 5200 Box Ceramic. 2000 W, Pantalla Digital, IPX2, Temporizador, 3 Modos, Protecci\u00f3n sobrecalentamiento, Mando a distancia<\/a><\/td>\n<td>40\u20ac<\/td>\n<td>10\u20ac<\/td>\n<\/tr>\n<tr>\n<td>MARKETPLACES<\/td>\n<td><a class=\"ljoptimizer\" href=\"https:\/\/www.amazon.es\/dp\/B0D3M64VNM?tag=amazon087683-21&amp;th=1\" target=\"_blank\" rel=\"nofollow noopener\">IBILI Sarten tricapa triply Natural, 26 cms, Acero inoxidable, Apto para induccion, sin antiadherente<\/a><\/td>\n<td>26\u20ac<\/td>\n<td>6\u20ac<\/td>\n<\/tr>\n<\/tbody>\n<\/table>\n","protected":false},"excerpt":{"rendered":"<p>Pal\u00e9 de Electrodom\u00e9sticos sin revisar procedente de devoluciones de marketplaces<\/p>\n<ul>\n<li>N\u00famero de productos: 25<\/li>\n<li>Valor aproximado: 2595.00<\/li>\n<li>Porcentaje que se paga: 21% + IVA<\/li>\n<li>Tiempo de entrega estimado: 3 a 7 d\u00edas<\/li>\n<\/ul>\n<p>*Los precios incluyen IVA<\/p>\n","protected":false},"featured_media":176210,"template":"","meta":{"site-sidebar-layout":"default","site-content-layout":"","ast-site-content-layout":"default","site-content-style":"default","site-sidebar-style":"default","ast-global-header-display":"","ast-banner-title-visibility":"","ast-main-header-display":"","ast-hfb-above-header-display":"","ast-hfb-below-header-display":"","ast-hfb-mobile-header-display":"","site-post-title":"","ast-breadcrumbs-content":"","ast-featured-img":"","footer-sml-layout":"","ast-disable-related-posts":"","theme-transparent-header-meta":"default","adv-header-id-meta":"","stick-header-meta":"","header-above-stick-meta":"","header-main-stick-meta":"","header-below-stick-meta":"","astra-migrate-meta-layouts":"set","ast-page-background-enabled":"default","ast-page-background-meta":{"desktop":{"background-color":"var(--ast-global-color-4)","background-image":"","background-repeat":"repeat","background-position":"center center","background-size":"auto","background-attachment":"scroll","background-type":"","background-media":"","overlay-type":"","overlay-color":"","overlay-opacity":"","overlay-gradient":""},"tablet":{"background-color":"","background-image":"","background-repeat":"repeat","background-position":"center center","background-size":"auto","background-attachment":"scroll","background-type":"","background-media":"","overlay-type":"","overlay-color":"","overlay-opacity":"","overlay-gradient":""},"mobile":{"background-color":"","background-image":"","background-repeat":"repeat","background-position":"center center","background-size":"auto","background-attachment":"scroll","background-type":"","background-media":"","overlay-type":"","overlay-color":"","overlay-opacity":"","overlay-gradient":""}},"ast-content-background-meta":{"desktop":{"background-color":"var(--ast-global-color-5)","background-image":"","background-repeat":"repeat","background-position":"center center","background-size":"auto","background-attachment":"scroll","background-type":"","background-media":"","overlay-type":"","overlay-color":"","overlay-opacity":"","overlay-gradient":""},"tablet":{"background-color":"var(--ast-global-color-5)","background-image":"","background-repeat":"repeat","background-position":"center center","background-size":"auto","background-attachment":"scroll","background-type":"","background-media":"","overlay-type":"","overlay-color":"","overlay-opacity":"","overlay-gradient":""},"mobile":{"background-color":"var(--ast-global-color-5)","background-image":"","background-repeat":"repeat","background-position":"center center","background-size":"auto","background-attachment":"scroll","background-type":"","background-media":"","overlay-type":"","overlay-color":"","overlay-opacity":"","overlay-gradient":""}}},"product_brand":[],"product_cat":[51,65],"product_tag":[],"class_list":{"0":"post-176090","1":"product","2":"type-product","3":"status-publish","4":"has-post-thumbnail","6":"product_cat-electrodomesticos","7":"product_cat-pales","8":"product_shipping_class-pale","9":"desktop-align-left","10":"tablet-align-left","11":"mobile-align-left","13":"first","14":"instock","15":"sale","16":"downloadable","17":"taxable","18":"shipping-taxable","19":"purchasable","20":"product-type-simple"},"yoast_head":"<!-- This site is optimized with the Yoast SEO plugin v27.2 - https:\/\/yoast.com\/product\/yoast-seo-wordpress\/ -->\n<title>Pal\u00e9 de Electrodom\u00e9sticos [25 productos] (10218441) - Comprardevoluciones - Tu tienda de Devoluciones de Amazon<\/title>\n<meta name=\"robots\" content=\"noindex, follow\" \/>\n<meta property=\"og:locale\" content=\"de_DE\" \/>\n<meta property=\"og:type\" content=\"article\" \/>\n<meta property=\"og:title\" content=\"Pal\u00e9 de Electrodom\u00e9sticos [25 productos] (10218441) - Comprardevoluciones - Tu tienda de Devoluciones de Amazon\" \/>\n<meta property=\"og:description\" content=\"Pal\u00e9 de Electrodom\u00e9sticos sin revisar procedente de devoluciones de marketplaces   N\u00famero de productos: 25  Valor aproximado: 2595.00  Porcentaje que se paga: 21% + IVA  Tiempo de entrega estimado: 3 a 7 d\u00edas  *Los precios incluyen IVA\" \/>\n<meta property=\"og:url\" content=\"https:\/\/comprardevoluciones.com\/producto\/10218441\/\" \/>\n<meta property=\"og:site_name\" content=\"Comprardevoluciones - Tu tienda de Devoluciones de Amazon\" \/>\n<meta property=\"og:image\" content=\"https:\/\/comprardevoluciones.com\/wp-content\/uploads\/2026\/03\/10218441.jpg\" \/>\n\t<meta property=\"og:image:width\" content=\"700\" \/>\n\t<meta property=\"og:image:height\" content=\"700\" \/>\n\t<meta property=\"og:image:type\" content=\"image\/jpeg\" \/>\n<meta name=\"twitter:card\" content=\"summary_large_image\" \/>\n<meta name=\"twitter:label1\" content=\"Gesch\u00e4tzte Lesezeit\" \/>\n\t<meta name=\"twitter:data1\" content=\"4\u00a0Minuten\" \/>\n<script type=\"application\/ld+json\" class=\"yoast-schema-graph\">{\"@context\":\"https:\/\/schema.org\",\"@graph\":[{\"@type\":\"WebPage\",\"@id\":\"https:\/\/comprardevoluciones.com\/producto\/10218441\/\",\"url\":\"https:\/\/comprardevoluciones.com\/producto\/10218441\/\",\"name\":\"Pal\u00e9 de Electrodom\u00e9sticos [25 productos] (10218441) - Comprardevoluciones - Tu tienda de Devoluciones de Amazon\",\"isPartOf\":{\"@id\":\"https:\/\/comprardevoluciones.com\/#website\"},\"primaryImageOfPage\":{\"@id\":\"https:\/\/comprardevoluciones.com\/producto\/10218441\/#primaryimage\"},\"image\":{\"@id\":\"https:\/\/comprardevoluciones.com\/producto\/10218441\/#primaryimage\"},\"thumbnailUrl\":\"https:\/\/comprardevoluciones.com\/wp-content\/uploads\/2026\/03\/10218441.jpg\",\"datePublished\":\"2026-04-03T09:00:44+00:00\",\"breadcrumb\":{\"@id\":\"https:\/\/comprardevoluciones.com\/producto\/10218441\/#breadcrumb\"},\"inLanguage\":\"de\",\"potentialAction\":[{\"@type\":\"ReadAction\",\"target\":[\"https:\/\/comprardevoluciones.com\/producto\/10218441\/\"]}]},{\"@type\":\"ImageObject\",\"inLanguage\":\"de\",\"@id\":\"https:\/\/comprardevoluciones.com\/producto\/10218441\/#primaryimage\",\"url\":\"https:\/\/comprardevoluciones.com\/wp-content\/uploads\/2026\/03\/10218441.jpg\",\"contentUrl\":\"https:\/\/comprardevoluciones.com\/wp-content\/uploads\/2026\/03\/10218441.jpg\",\"width\":700,\"height\":700},{\"@type\":\"BreadcrumbList\",\"@id\":\"https:\/\/comprardevoluciones.com\/producto\/10218441\/#breadcrumb\",\"itemListElement\":[{\"@type\":\"ListItem\",\"position\":1,\"name\":\"Portada\",\"item\":\"https:\/\/comprardevoluciones.com\/de\/\"},{\"@type\":\"ListItem\",\"position\":2,\"name\":\"Shop\",\"item\":\"https:\/\/comprardevoluciones.com\/de\/shop\/\"},{\"@type\":\"ListItem\",\"position\":3,\"name\":\"Pal\u00e9 de Electrodom\u00e9sticos [25 productos] (10218441)\"}]},{\"@type\":\"WebSite\",\"@id\":\"https:\/\/comprardevoluciones.com\/#website\",\"url\":\"https:\/\/comprardevoluciones.com\/\",\"name\":\"Comprardevoluciones - Tu tienda de Devoluciones de Amazon\",\"description\":\"Consigue Stock en buen estado a un precio imbatible\",\"potentialAction\":[{\"@type\":\"SearchAction\",\"target\":{\"@type\":\"EntryPoint\",\"urlTemplate\":\"https:\/\/comprardevoluciones.com\/?s={search_term_string}\"},\"query-input\":{\"@type\":\"PropertyValueSpecification\",\"valueRequired\":true,\"valueName\":\"search_term_string\"}}],\"inLanguage\":\"de\"}]}<\/script>\n<!-- \/ Yoast SEO plugin. -->","yoast_head_json":{"title":"Pal\u00e9 de Electrodom\u00e9sticos [25 productos] (10218441) - Comprardevoluciones - Tu tienda de Devoluciones de Amazon","robots":{"index":"noindex","follow":"follow"},"og_locale":"de_DE","og_type":"article","og_title":"Pal\u00e9 de Electrodom\u00e9sticos [25 productos] (10218441) - Comprardevoluciones - Tu tienda de Devoluciones de Amazon","og_description":"Pal\u00e9 de Electrodom\u00e9sticos sin revisar procedente de devoluciones de marketplaces   N\u00famero de productos: 25  Valor aproximado: 2595.00  Porcentaje que se paga: 21% + IVA  Tiempo de entrega estimado: 3 a 7 d\u00edas  *Los precios incluyen IVA","og_url":"https:\/\/comprardevoluciones.com\/producto\/10218441\/","og_site_name":"Comprardevoluciones - Tu tienda de Devoluciones de Amazon","og_image":[{"width":700,"height":700,"url":"https:\/\/comprardevoluciones.com\/wp-content\/uploads\/2026\/03\/10218441.jpg","type":"image\/jpeg"}],"twitter_card":"summary_large_image","twitter_misc":{"Gesch\u00e4tzte Lesezeit":"4\u00a0Minuten"},"schema":{"@context":"https:\/\/schema.org","@graph":[{"@type":"WebPage","@id":"https:\/\/comprardevoluciones.com\/producto\/10218441\/","url":"https:\/\/comprardevoluciones.com\/producto\/10218441\/","name":"Pal\u00e9 de Electrodom\u00e9sticos [25 productos] (10218441) - Comprardevoluciones - Tu tienda de Devoluciones de Amazon","isPartOf":{"@id":"https:\/\/comprardevoluciones.com\/#website"},"primaryImageOfPage":{"@id":"https:\/\/comprardevoluciones.com\/producto\/10218441\/#primaryimage"},"image":{"@id":"https:\/\/comprardevoluciones.com\/producto\/10218441\/#primaryimage"},"thumbnailUrl":"https:\/\/comprardevoluciones.com\/wp-content\/uploads\/2026\/03\/10218441.jpg","datePublished":"2026-04-03T09:00:44+00:00","breadcrumb":{"@id":"https:\/\/comprardevoluciones.com\/producto\/10218441\/#breadcrumb"},"inLanguage":"de","potentialAction":[{"@type":"ReadAction","target":["https:\/\/comprardevoluciones.com\/producto\/10218441\/"]}]},{"@type":"ImageObject","inLanguage":"de","@id":"https:\/\/comprardevoluciones.com\/producto\/10218441\/#primaryimage","url":"https:\/\/comprardevoluciones.com\/wp-content\/uploads\/2026\/03\/10218441.jpg","contentUrl":"https:\/\/comprardevoluciones.com\/wp-content\/uploads\/2026\/03\/10218441.jpg","width":700,"height":700},{"@type":"BreadcrumbList","@id":"https:\/\/comprardevoluciones.com\/producto\/10218441\/#breadcrumb","itemListElement":[{"@type":"ListItem","position":1,"name":"Portada","item":"https:\/\/comprardevoluciones.com\/de\/"},{"@type":"ListItem","position":2,"name":"Shop","item":"https:\/\/comprardevoluciones.com\/de\/shop\/"},{"@type":"ListItem","position":3,"name":"Pal\u00e9 de Electrodom\u00e9sticos [25 productos] (10218441)"}]},{"@type":"WebSite","@id":"https:\/\/comprardevoluciones.com\/#website","url":"https:\/\/comprardevoluciones.com\/","name":"Comprardevoluciones - Tu tienda de Devoluciones de Amazon","description":"Consigue Stock en buen estado a un precio imbatible","potentialAction":[{"@type":"SearchAction","target":{"@type":"EntryPoint","urlTemplate":"https:\/\/comprardevoluciones.com\/?s={search_term_string}"},"query-input":{"@type":"PropertyValueSpecification","valueRequired":true,"valueName":"search_term_string"}}],"inLanguage":"de"}]}},"_links":{"self":[{"href":"https:\/\/comprardevoluciones.com\/de\/wp-json\/wp\/v2\/product\/176090","targetHints":{"allow":["GET"]}}],"collection":[{"href":"https:\/\/comprardevoluciones.com\/de\/wp-json\/wp\/v2\/product"}],"about":[{"href":"https:\/\/comprardevoluciones.com\/de\/wp-json\/wp\/v2\/types\/product"}],"wp:featuredmedia":[{"embeddable":true,"href":"https:\/\/comprardevoluciones.com\/de\/wp-json\/wp\/v2\/media\/176210"}],"wp:attachment":[{"href":"https:\/\/comprardevoluciones.com\/de\/wp-json\/wp\/v2\/media?parent=176090"}],"wp:term":[{"taxonomy":"product_brand","embeddable":true,"href":"https:\/\/comprardevoluciones.com\/de\/wp-json\/wp\/v2\/product_brand?post=176090"},{"taxonomy":"product_cat","embeddable":true,"href":"https:\/\/comprardevoluciones.com\/de\/wp-json\/wp\/v2\/product_cat?post=176090"},{"taxonomy":"product_tag","embeddable":true,"href":"https:\/\/comprardevoluciones.com\/de\/wp-json\/wp\/v2\/product_tag?post=176090"}],"curies":[{"name":"wp","href":"https:\/\/api.w.org\/{rel}","templated":true}]}}