{"id":176096,"date":"2026-04-04T10:00:06","date_gmt":"2026-04-04T09:00:06","guid":{"rendered":"https:\/\/comprardevoluciones.com\/?post_type=product&#038;p=176096"},"modified":"2026-04-04T12:17:48","modified_gmt":"2026-04-04T11:17:48","slug":"10219162","status":"publish","type":"product","link":"https:\/\/comprardevoluciones.com\/de\/producto\/10219162\/","title":{"rendered":"Pal\u00e9 de Electrodom\u00e9sticos [19 productos] (10219162)"},"content":{"rendered":"<p>Descripci\u00f3n y valor aproximados<\/p>\n<table>\n<tbody>\n<tr>\n<td><strong>FUENTE<\/strong><\/td>\n<td><strong>PRODUCTO<\/strong><\/td>\n<td><strong>VALOR (\u20ac)<\/strong><\/td>\n<td><strong>PAGAS (\u20ac)<\/strong><\/td>\n<\/tr>\n<tr>\n<td>MARKETPLACES<\/td>\n<td><a class=\"ljoptimizer\" href=\"https:\/\/www.amazon.es\/dp\/B07HGFBXT8?tag=amazon087683-21&amp;th=1\" target=\"_blank\" rel=\"nofollow noopener\">De\u2019Longhi Tasciugo AriaDry Light &#8211; Deshumidificador port\u00e1til, tecnolog\u00eda Zeolite e ionizador, Elimina hasta 7,5 L\/d\u00eda, seca la ropa, Antimoho y silencioso, Funci\u00f3n swing y temporizador, Gris, (DNS80) [Clase de eficiencia energ\u00e9tica A]<\/a><\/td>\n<td>279\u20ac<\/td>\n<td>70\u20ac<\/td>\n<\/tr>\n<tr>\n<td>MARKETPLACES<\/td>\n<td><a class=\"ljoptimizer\" href=\"https:\/\/www.amazon.es\/dp\/B0BFBQ18K1?tag=amazon087683-21&amp;th=1\" target=\"_blank\" rel=\"nofollow noopener\">Rowenta Xforce Flex 9.60 Allergy \u2013 Aspirador escoba sin cable, 200 W, tubo Flex, pantalla Smart Control, todo tipo de suelos, sistema visi\u00f3n Power Led, gatillo boost, filtra hasta el 99,9%<\/a><\/td>\n<td>205\u20ac<\/td>\n<td>51\u20ac<\/td>\n<\/tr>\n<tr>\n<td>MARKETPLACES<\/td>\n<td><a class=\"ljoptimizer\" href=\"https:\/\/www.dismak.com\/EQUIPO-INVERTER-3-EN-1-MIG\/TIG\/MMA130-CEVIK-PRO-CE-PROMIG130\" target=\"_blank\" rel=\"nofollow noopener\">EQUIPO INVERTER 3 EN 1 MIG\/TIG\/MMA130 CEVIK PRO CE-PROMIG13<\/a><\/td>\n<td>192\u20ac<\/td>\n<td>48\u20ac<\/td>\n<\/tr>\n<tr>\n<td>MARKETPLACES<\/td>\n<td><a class=\"ljoptimizer\" href=\"https:\/\/www.amazon.es\/dp\/B01891LZBY?tag=amazon087683-21&amp;th=1\" target=\"_blank\" rel=\"nofollow noopener\">Rowenta Turbo Silence Extreme, Ventilador de Pie 40 cm, Extremadamente silencioso, Modo Silent Night y Turbo Boost, Oscilaci\u00f3n y orientaci\u00f3n autom\u00e1tica, Altura ajustable, Moderno, Color Blanco VU5640<\/a><\/td>\n<td>174\u20ac<\/td>\n<td>44\u20ac<\/td>\n<\/tr>\n<tr>\n<td>MARKETPLACES<\/td>\n<td><a class=\"ljoptimizer\" href=\"https:\/\/www.amazon.es\/dp\/B0845Z4WR9?tag=amazon087683-21&amp;th=1\" target=\"_blank\" rel=\"nofollow noopener\">NEWTECK Ventilador de Torre Dual 365 Negro, con Funci\u00f3n Calor, Temp. Ajustable 1-30\u00baC, Termostato, Temporizador 8h, T\u00e1ctil, Mando a Distancia, Oscilante, 4 niveles Calor y 9 Fr\u00edo, 1800W<\/a><\/td>\n<td>139\u20ac<\/td>\n<td>35\u20ac<\/td>\n<\/tr>\n<tr>\n<td>MARKETPLACES<\/td>\n<td><a class=\"ljoptimizer\" href=\"https:\/\/www.amazon.es\/dp\/B0BPZTTN1W?tag=amazon087683-21&amp;th=1\" target=\"_blank\" rel=\"nofollow noopener\">Cecotec Horno Convecci\u00f3n de Sobremesa de 60 Litros Bake&amp;Toast 6090 Black Gyro. 2200 W, Luz Interior, 12 Funciones, Temperatura hasta 230\u00ba, Puerta de doble Cristal, Incluye Rustidor Giratorio<\/a><\/td>\n<td>129\u20ac<\/td>\n<td>32\u20ac<\/td>\n<\/tr>\n<tr>\n<td>MARKETPLACES<\/td>\n<td><a class=\"ljoptimizer\" href=\"https:\/\/www.amazon.es\/dp\/B0DSWJRRR4?tag=amazon087683-21&amp;th=1\" target=\"_blank\" rel=\"nofollow noopener\">Rowenta Turbo Swift Silence, ventilador de pie, frescor intenso en silencio extremo, oscilaci\u00f3n multidireccional, QV5041F0, 30 m3\/min + 18 velocidades<\/a><\/td>\n<td>120\u20ac<\/td>\n<td>30\u20ac<\/td>\n<\/tr>\n<tr>\n<td>MARKETPLACES<\/td>\n<td><a class=\"ljoptimizer\" href=\"https:\/\/www.amazon.es\/dp\/B09C6J3Z9F?tag=amazon087683-21&amp;th=1\" target=\"_blank\" rel=\"nofollow noopener\">Rowenta XPert 6.60 &#8211; Aspiradora escoba vers\u00e1til sin cable, con 3 funciones en 1 multiespacios, bater\u00eda de litio, 2 velocidades, gatillo Boost, ligero y portatil, Lila RH6838<\/a><\/td>\n<td>120\u20ac<\/td>\n<td>30\u20ac<\/td>\n<\/tr>\n<tr>\n<td>MARKETPLACES<\/td>\n<td><a class=\"ljoptimizer\" href=\"https:\/\/www.amazon.es\/dp\/B09C6J3Z9F?tag=amazon087683-21&amp;th=1\" target=\"_blank\" rel=\"nofollow noopener\">Rowenta XPert 6.60 &#8211; Aspiradora escoba vers\u00e1til sin cable, con 3 funciones en 1 multiespacios, bater\u00eda de litio, 2 velocidades, gatillo Boost, ligero y portatil, Lila RH6838<\/a><\/td>\n<td>120\u20ac<\/td>\n<td>30\u20ac<\/td>\n<\/tr>\n<tr>\n<td>MARKETPLACES<\/td>\n<td><a class=\"ljoptimizer\" href=\"https:\/\/www.amazon.es\/dp\/B09C6J3Z9F?tag=amazon087683-21&amp;th=1\" target=\"_blank\" rel=\"nofollow noopener\">Rowenta XPert 6.60 &#8211; Aspiradora escoba vers\u00e1til sin cable, con 3 funciones en 1 multiespacios, bater\u00eda de litio, 2 velocidades, gatillo Boost, ligero y portatil, Lila RH6838<\/a><\/td>\n<td>120\u20ac<\/td>\n<td>30\u20ac<\/td>\n<\/tr>\n<tr>\n<td>MARKETPLACES<\/td>\n<td><a class=\"ljoptimizer\" href=\"https:\/\/www.amazon.es\/dp\/B09C6J3Z9F?tag=amazon087683-21&amp;th=1\" target=\"_blank\" rel=\"nofollow noopener\">Rowenta XPert 6.60 &#8211; Aspiradora escoba vers\u00e1til sin cable, con 3 funciones en 1 multiespacios, bater\u00eda de litio, 2 velocidades, gatillo Boost, ligero y portatil, Lila RH6838<\/a><\/td>\n<td>120\u20ac<\/td>\n<td>30\u20ac<\/td>\n<\/tr>\n<tr>\n<td>MARKETPLACES<\/td>\n<td><a class=\"ljoptimizer\" href=\"https:\/\/www.amazon.es\/dp\/B09C6J3Z9F?tag=amazon087683-21&amp;th=1\" target=\"_blank\" rel=\"nofollow noopener\">Rowenta XPert 6.60 &#8211; Aspiradora escoba vers\u00e1til sin cable, con 3 funciones en 1 multiespacios, bater\u00eda de litio, 2 velocidades, gatillo Boost, ligero y portatil, Lila RH6838<\/a><\/td>\n<td>120\u20ac<\/td>\n<td>30\u20ac<\/td>\n<\/tr>\n<tr>\n<td>MARKETPLACES<\/td>\n<td><a class=\"ljoptimizer\" href=\"https:\/\/www.amazon.es\/dp\/B0D1VX434P?tag=amazon087683-21&amp;th=1\" target=\"_blank\" rel=\"nofollow noopener\">Ufesa Nuuk+ Climatizador Evaporativo, 65W, Funci\u00f3n Fr\u00eda, Ionizado y Ventilador, 3 Velocidades, 3 Modos, Panel T\u00e1ctil, Dep\u00f3sito de 6L, Temporizador 12h, Filtro Lavable, Mando a Distancia<\/a><\/td>\n<td>119\u20ac<\/td>\n<td>30\u20ac<\/td>\n<\/tr>\n<tr>\n<td>MARKETPLACES<\/td>\n<td><a class=\"ljoptimizer\" href=\"https:\/\/www.amazon.es\/dp\/B0913KNL87?tag=amazon087683-21&amp;th=1\" target=\"_blank\" rel=\"nofollow noopener\">Cecotec Ventilador de Techo con Mando a Distancia, Temporizador y Luz LED EnergySilence Aero 560. 60 W, 132 cm de Di\u00e1metro, 3 Aspas, 3 Velocidades, Funci\u00f3n Invierno, Dise\u00f1o en gris<\/a><\/td>\n<td>99\u20ac<\/td>\n<td>25\u20ac<\/td>\n<\/tr>\n<tr>\n<td>MARKETPLACES<\/td>\n<td><a class=\"ljoptimizer\" href=\"https:\/\/www.amazon.es\/dp\/B08VDRBH1C?tag=amazon087683-21&amp;th=1\" target=\"_blank\" rel=\"nofollow noopener\">Taurus &#8211; Aspirador escoba HS-2900, 3-in-1: escoba el\u00e9ctrica, de mano y vertical, Autonom\u00eda 50 min, Filtro EPA, Modo Eco y Turbo, Zapata con 2 cepillos intercambiables, Set accesorios, Negro<\/a><\/td>\n<td>87\u20ac<\/td>\n<td>22\u20ac<\/td>\n<\/tr>\n<tr>\n<td>MARKETPLACES<\/td>\n<td><a class=\"ljoptimizer\" href=\"https:\/\/www.amazon.es\/dp\/B08WY66Q11?tag=amazon087683-21&amp;th=1\" target=\"_blank\" rel=\"nofollow noopener\">Philips Senseo Original Plus Cafetera de Monodosis, Tecnolog\u00eda Coffee Boost para M\u00e1ximo Sabor, Selecci\u00f3n de Intensidad, Tecnolog\u00eda Crema Plus, 1 o 2 Tazas en Menos de 1 Minuto, Negro (CSA210\/61)<\/a><\/td>\n<td>81\u20ac<\/td>\n<td>20\u20ac<\/td>\n<\/tr>\n<tr>\n<td>MARKETPLACES<\/td>\n<td><a class=\"ljoptimizer\" href=\"https:\/\/www.amazon.es\/dp\/B07KJF1F3G?tag=amazon087683-21&amp;th=1\" target=\"_blank\" rel=\"nofollow noopener\">Cecotec Microondas negro ProClean 6010. 800 W, Capacidad de 23 Litros, Revestimiento Ready2Clean para una mejor limpieza, Panel de control y tecnolog\u00eda 3DWave, Control T\u00e1ctil<\/a><\/td>\n<td>70\u20ac<\/td>\n<td>18\u20ac<\/td>\n<\/tr>\n<tr>\n<td>MARKETPLACES<\/td>\n<td><a class=\"ljoptimizer\" href=\"https:\/\/www.amazon.es\/dp\/B0C6R6F4FX?tag=amazon087683-21&amp;th=1\" target=\"_blank\" rel=\"nofollow noopener\">Wintem Ventilador Freezy de torre sin aspas, con mando a distancia y temporizador, enfriador de v\u00f3rtice con oscilaci\u00f3n, 3 modos y 3 velocidades, temporizador de 15 horas, 50 W<\/a><\/td>\n<td>57\u20ac<\/td>\n<td>14\u20ac<\/td>\n<\/tr>\n<tr>\n<td>MARKETPLACES<\/td>\n<td><a class=\"ljoptimizer\" href=\"https:\/\/www.amazon.es\/dp\/B07VZRHM6T?tag=amazon087683-21&amp;th=1\" target=\"_blank\" rel=\"nofollow noopener\">Amazon Basics Ventilador de Pie 40 cm, Motor DC, 12 Velocidades con Mando a Distancia, 3 Modos de Brisa, Aspas de Doble Capa, Temporizador, Eficiencia Energ\u00e9tica y Motor DC Silencioso (28W), Blanco<\/a><\/td>\n<td>31\u20ac<\/td>\n<td>8\u20ac<\/td>\n<\/tr>\n<\/tbody>\n<\/table>\n","protected":false},"excerpt":{"rendered":"<p>Pal\u00e9 de Electrodom\u00e9sticos sin revisar procedente de devoluciones de marketplaces<\/p>\n<ul>\n<li>N\u00famero de productos: 19<\/li>\n<li>Valor aproximado: 2382.00<\/li>\n<li>Porcentaje que se paga: 21% + IVA<\/li>\n<li>Tiempo de entrega estimado: 3 a 7 d\u00edas<\/li>\n<\/ul>\n<p>*Los precios incluyen IVA<\/p>\n","protected":false},"featured_media":176222,"template":"","meta":{"site-sidebar-layout":"default","site-content-layout":"","ast-site-content-layout":"default","site-content-style":"default","site-sidebar-style":"default","ast-global-header-display":"","ast-banner-title-visibility":"","ast-main-header-display":"","ast-hfb-above-header-display":"","ast-hfb-below-header-display":"","ast-hfb-mobile-header-display":"","site-post-title":"","ast-breadcrumbs-content":"","ast-featured-img":"","footer-sml-layout":"","ast-disable-related-posts":"","theme-transparent-header-meta":"default","adv-header-id-meta":"","stick-header-meta":"","header-above-stick-meta":"","header-main-stick-meta":"","header-below-stick-meta":"","astra-migrate-meta-layouts":"set","ast-page-background-enabled":"default","ast-page-background-meta":{"desktop":{"background-color":"var(--ast-global-color-4)","background-image":"","background-repeat":"repeat","background-position":"center center","background-size":"auto","background-attachment":"scroll","background-type":"","background-media":"","overlay-type":"","overlay-color":"","overlay-opacity":"","overlay-gradient":""},"tablet":{"background-color":"","background-image":"","background-repeat":"repeat","background-position":"center center","background-size":"auto","background-attachment":"scroll","background-type":"","background-media":"","overlay-type":"","overlay-color":"","overlay-opacity":"","overlay-gradient":""},"mobile":{"background-color":"","background-image":"","background-repeat":"repeat","background-position":"center center","background-size":"auto","background-attachment":"scroll","background-type":"","background-media":"","overlay-type":"","overlay-color":"","overlay-opacity":"","overlay-gradient":""}},"ast-content-background-meta":{"desktop":{"background-color":"var(--ast-global-color-5)","background-image":"","background-repeat":"repeat","background-position":"center center","background-size":"auto","background-attachment":"scroll","background-type":"","background-media":"","overlay-type":"","overlay-color":"","overlay-opacity":"","overlay-gradient":""},"tablet":{"background-color":"var(--ast-global-color-5)","background-image":"","background-repeat":"repeat","background-position":"center center","background-size":"auto","background-attachment":"scroll","background-type":"","background-media":"","overlay-type":"","overlay-color":"","overlay-opacity":"","overlay-gradient":""},"mobile":{"background-color":"var(--ast-global-color-5)","background-image":"","background-repeat":"repeat","background-position":"center center","background-size":"auto","background-attachment":"scroll","background-type":"","background-media":"","overlay-type":"","overlay-color":"","overlay-opacity":"","overlay-gradient":""}}},"product_brand":[],"product_cat":[51,65],"product_tag":[],"class_list":{"0":"post-176096","1":"product","2":"type-product","3":"status-publish","4":"has-post-thumbnail","6":"product_cat-electrodomesticos","7":"product_cat-pales","8":"product_shipping_class-pale","9":"desktop-align-left","10":"tablet-align-left","11":"mobile-align-left","13":"first","14":"instock","15":"sale","16":"downloadable","17":"taxable","18":"shipping-taxable","19":"purchasable","20":"product-type-simple"},"yoast_head":"<!-- This site is optimized with the Yoast SEO plugin v27.2 - https:\/\/yoast.com\/product\/yoast-seo-wordpress\/ -->\n<title>Pal\u00e9 de Electrodom\u00e9sticos [19 productos] (10219162) - Comprardevoluciones - Tu tienda de Devoluciones de Amazon<\/title>\n<meta name=\"robots\" content=\"noindex, follow\" \/>\n<meta property=\"og:locale\" content=\"de_DE\" \/>\n<meta property=\"og:type\" content=\"article\" \/>\n<meta property=\"og:title\" content=\"Pal\u00e9 de Electrodom\u00e9sticos [19 productos] (10219162) - Comprardevoluciones - Tu tienda de Devoluciones de Amazon\" \/>\n<meta property=\"og:description\" content=\"Pal\u00e9 de Electrodom\u00e9sticos sin revisar procedente de devoluciones de marketplaces   N\u00famero de productos: 19  Valor aproximado: 2382.00  Porcentaje que se paga: 21% + IVA  Tiempo de entrega estimado: 3 a 7 d\u00edas  *Los precios incluyen IVA\" \/>\n<meta property=\"og:url\" content=\"https:\/\/comprardevoluciones.com\/producto\/10219162\/\" \/>\n<meta property=\"og:site_name\" content=\"Comprardevoluciones - Tu tienda de Devoluciones de Amazon\" \/>\n<meta property=\"article:modified_time\" content=\"2026-04-04T11:17:48+00:00\" \/>\n<meta property=\"og:image\" content=\"https:\/\/comprardevoluciones.com\/wp-content\/uploads\/2026\/03\/10219162.jpg\" \/>\n\t<meta property=\"og:image:width\" content=\"700\" \/>\n\t<meta property=\"og:image:height\" content=\"700\" \/>\n\t<meta property=\"og:image:type\" content=\"image\/jpeg\" \/>\n<meta name=\"twitter:card\" content=\"summary_large_image\" \/>\n<meta name=\"twitter:label1\" content=\"Gesch\u00e4tzte Lesezeit\" \/>\n\t<meta name=\"twitter:data1\" content=\"3\u00a0Minuten\" \/>\n<script type=\"application\/ld+json\" class=\"yoast-schema-graph\">{\"@context\":\"https:\/\/schema.org\",\"@graph\":[{\"@type\":\"WebPage\",\"@id\":\"https:\/\/comprardevoluciones.com\/producto\/10219162\/\",\"url\":\"https:\/\/comprardevoluciones.com\/producto\/10219162\/\",\"name\":\"Pal\u00e9 de Electrodom\u00e9sticos [19 productos] (10219162) - Comprardevoluciones - Tu tienda de Devoluciones de Amazon\",\"isPartOf\":{\"@id\":\"https:\/\/comprardevoluciones.com\/#website\"},\"primaryImageOfPage\":{\"@id\":\"https:\/\/comprardevoluciones.com\/producto\/10219162\/#primaryimage\"},\"image\":{\"@id\":\"https:\/\/comprardevoluciones.com\/producto\/10219162\/#primaryimage\"},\"thumbnailUrl\":\"https:\/\/comprardevoluciones.com\/wp-content\/uploads\/2026\/03\/10219162.jpg\",\"datePublished\":\"2026-04-04T09:00:06+00:00\",\"dateModified\":\"2026-04-04T11:17:48+00:00\",\"breadcrumb\":{\"@id\":\"https:\/\/comprardevoluciones.com\/producto\/10219162\/#breadcrumb\"},\"inLanguage\":\"de\",\"potentialAction\":[{\"@type\":\"ReadAction\",\"target\":[\"https:\/\/comprardevoluciones.com\/producto\/10219162\/\"]}]},{\"@type\":\"ImageObject\",\"inLanguage\":\"de\",\"@id\":\"https:\/\/comprardevoluciones.com\/producto\/10219162\/#primaryimage\",\"url\":\"https:\/\/comprardevoluciones.com\/wp-content\/uploads\/2026\/03\/10219162.jpg\",\"contentUrl\":\"https:\/\/comprardevoluciones.com\/wp-content\/uploads\/2026\/03\/10219162.jpg\",\"width\":700,\"height\":700},{\"@type\":\"BreadcrumbList\",\"@id\":\"https:\/\/comprardevoluciones.com\/producto\/10219162\/#breadcrumb\",\"itemListElement\":[{\"@type\":\"ListItem\",\"position\":1,\"name\":\"Portada\",\"item\":\"https:\/\/comprardevoluciones.com\/de\/\"},{\"@type\":\"ListItem\",\"position\":2,\"name\":\"Shop\",\"item\":\"https:\/\/comprardevoluciones.com\/de\/shop\/\"},{\"@type\":\"ListItem\",\"position\":3,\"name\":\"Pal\u00e9 de Electrodom\u00e9sticos [19 productos] (10219162)\"}]},{\"@type\":\"WebSite\",\"@id\":\"https:\/\/comprardevoluciones.com\/#website\",\"url\":\"https:\/\/comprardevoluciones.com\/\",\"name\":\"Comprardevoluciones - Tu tienda de Devoluciones de Amazon\",\"description\":\"Consigue Stock en buen estado a un precio imbatible\",\"potentialAction\":[{\"@type\":\"SearchAction\",\"target\":{\"@type\":\"EntryPoint\",\"urlTemplate\":\"https:\/\/comprardevoluciones.com\/?s={search_term_string}\"},\"query-input\":{\"@type\":\"PropertyValueSpecification\",\"valueRequired\":true,\"valueName\":\"search_term_string\"}}],\"inLanguage\":\"de\"}]}<\/script>\n<!-- \/ Yoast SEO plugin. -->","yoast_head_json":{"title":"Pal\u00e9 de Electrodom\u00e9sticos [19 productos] (10219162) - Comprardevoluciones - Tu tienda de Devoluciones de Amazon","robots":{"index":"noindex","follow":"follow"},"og_locale":"de_DE","og_type":"article","og_title":"Pal\u00e9 de Electrodom\u00e9sticos [19 productos] (10219162) - Comprardevoluciones - Tu tienda de Devoluciones de Amazon","og_description":"Pal\u00e9 de Electrodom\u00e9sticos sin revisar procedente de devoluciones de marketplaces   N\u00famero de productos: 19  Valor aproximado: 2382.00  Porcentaje que se paga: 21% + IVA  Tiempo de entrega estimado: 3 a 7 d\u00edas  *Los precios incluyen IVA","og_url":"https:\/\/comprardevoluciones.com\/producto\/10219162\/","og_site_name":"Comprardevoluciones - Tu tienda de Devoluciones de Amazon","article_modified_time":"2026-04-04T11:17:48+00:00","og_image":[{"width":700,"height":700,"url":"https:\/\/comprardevoluciones.com\/wp-content\/uploads\/2026\/03\/10219162.jpg","type":"image\/jpeg"}],"twitter_card":"summary_large_image","twitter_misc":{"Gesch\u00e4tzte Lesezeit":"3\u00a0Minuten"},"schema":{"@context":"https:\/\/schema.org","@graph":[{"@type":"WebPage","@id":"https:\/\/comprardevoluciones.com\/producto\/10219162\/","url":"https:\/\/comprardevoluciones.com\/producto\/10219162\/","name":"Pal\u00e9 de Electrodom\u00e9sticos [19 productos] (10219162) - Comprardevoluciones - Tu tienda de Devoluciones de Amazon","isPartOf":{"@id":"https:\/\/comprardevoluciones.com\/#website"},"primaryImageOfPage":{"@id":"https:\/\/comprardevoluciones.com\/producto\/10219162\/#primaryimage"},"image":{"@id":"https:\/\/comprardevoluciones.com\/producto\/10219162\/#primaryimage"},"thumbnailUrl":"https:\/\/comprardevoluciones.com\/wp-content\/uploads\/2026\/03\/10219162.jpg","datePublished":"2026-04-04T09:00:06+00:00","dateModified":"2026-04-04T11:17:48+00:00","breadcrumb":{"@id":"https:\/\/comprardevoluciones.com\/producto\/10219162\/#breadcrumb"},"inLanguage":"de","potentialAction":[{"@type":"ReadAction","target":["https:\/\/comprardevoluciones.com\/producto\/10219162\/"]}]},{"@type":"ImageObject","inLanguage":"de","@id":"https:\/\/comprardevoluciones.com\/producto\/10219162\/#primaryimage","url":"https:\/\/comprardevoluciones.com\/wp-content\/uploads\/2026\/03\/10219162.jpg","contentUrl":"https:\/\/comprardevoluciones.com\/wp-content\/uploads\/2026\/03\/10219162.jpg","width":700,"height":700},{"@type":"BreadcrumbList","@id":"https:\/\/comprardevoluciones.com\/producto\/10219162\/#breadcrumb","itemListElement":[{"@type":"ListItem","position":1,"name":"Portada","item":"https:\/\/comprardevoluciones.com\/de\/"},{"@type":"ListItem","position":2,"name":"Shop","item":"https:\/\/comprardevoluciones.com\/de\/shop\/"},{"@type":"ListItem","position":3,"name":"Pal\u00e9 de Electrodom\u00e9sticos [19 productos] (10219162)"}]},{"@type":"WebSite","@id":"https:\/\/comprardevoluciones.com\/#website","url":"https:\/\/comprardevoluciones.com\/","name":"Comprardevoluciones - Tu tienda de Devoluciones de Amazon","description":"Consigue Stock en buen estado a un precio imbatible","potentialAction":[{"@type":"SearchAction","target":{"@type":"EntryPoint","urlTemplate":"https:\/\/comprardevoluciones.com\/?s={search_term_string}"},"query-input":{"@type":"PropertyValueSpecification","valueRequired":true,"valueName":"search_term_string"}}],"inLanguage":"de"}]}},"_links":{"self":[{"href":"https:\/\/comprardevoluciones.com\/de\/wp-json\/wp\/v2\/product\/176096","targetHints":{"allow":["GET"]}}],"collection":[{"href":"https:\/\/comprardevoluciones.com\/de\/wp-json\/wp\/v2\/product"}],"about":[{"href":"https:\/\/comprardevoluciones.com\/de\/wp-json\/wp\/v2\/types\/product"}],"wp:featuredmedia":[{"embeddable":true,"href":"https:\/\/comprardevoluciones.com\/de\/wp-json\/wp\/v2\/media\/176222"}],"wp:attachment":[{"href":"https:\/\/comprardevoluciones.com\/de\/wp-json\/wp\/v2\/media?parent=176096"}],"wp:term":[{"taxonomy":"product_brand","embeddable":true,"href":"https:\/\/comprardevoluciones.com\/de\/wp-json\/wp\/v2\/product_brand?post=176096"},{"taxonomy":"product_cat","embeddable":true,"href":"https:\/\/comprardevoluciones.com\/de\/wp-json\/wp\/v2\/product_cat?post=176096"},{"taxonomy":"product_tag","embeddable":true,"href":"https:\/\/comprardevoluciones.com\/de\/wp-json\/wp\/v2\/product_tag?post=176096"}],"curies":[{"name":"wp","href":"https:\/\/api.w.org\/{rel}","templated":true}]}}