{"id":181973,"date":"2026-04-30T10:38:17","date_gmt":"2026-04-30T09:38:17","guid":{"rendered":"https:\/\/comprardevoluciones.com\/?post_type=product&#038;p=181973"},"modified":"2026-04-28T19:43:16","modified_gmt":"2026-04-28T18:43:16","slug":"sp900700353","status":"publish","type":"product","link":"https:\/\/comprardevoluciones.com\/de\/producto\/sp900700353\/","title":{"rendered":"Caja de Maquinaria [20 productos] (sp900700353)"},"content":{"rendered":"<p>Descripci\u00f3n y valor aproximados<\/p>\n<table>\n<tbody>\n<tr>\n<td><strong>FUENTE<\/strong><\/td>\n<td><strong>PRODUCTO<\/strong><\/td>\n<td><strong>VALOR (\u20ac)<\/strong><\/td>\n<td><strong>PAGAS (\u20ac)<\/strong><\/td>\n<\/tr>\n<tr>\n<td>MARKETPLACES<\/td>\n<td><a class=\"ljoptimizer\" href=\"https:\/\/www.amazon.es\/dp\/B0DDTGS1ZV?tag=amazon087683-21&amp;th=1\" target=\"_blank\" rel=\"nofollow noopener\">Eve Thermo \u2013 Comfort Set for 1 radiator, incl. 1 Thermo Control, compatible con Apple Home, Matter\/Thread, requiere Apple TV 4K (2\u00aa gen\/3\u00aa gen con 128 GB)\/HomePod (2\u00aa gen)\/HomePod mini<\/a><\/td>\n<td>146\u20ac<\/td>\n<td>29\u20ac<\/td>\n<\/tr>\n<tr>\n<td>MARKETPLACES<\/td>\n<td><a class=\"ljoptimizer\" href=\"https:\/\/www.amazon.es\/dp\/B0DZNTQ9JN?tag=amazon087683-21&amp;th=1\" target=\"_blank\" rel=\"nofollow noopener\">Einhell Professional Tijeras de podar con bater\u00eda GP-LS 18\/28 Li BL-Solo Power X-Change (18 V, capacidad de corte ajustable, ramas hasta 28 mm, cuchillas de derivaci\u00f3n, clip de cintur\u00f3n, sin bater\u00eda)<\/a><\/td>\n<td>128\u20ac<\/td>\n<td>26\u20ac<\/td>\n<\/tr>\n<tr>\n<td>MARKETPLACES<\/td>\n<td><a class=\"ljoptimizer\" href=\"https:\/\/www.amazon.es\/dp\/B0CLVBGZ7W?tag=amazon087683-21&amp;th=1\" target=\"_blank\" rel=\"nofollow noopener\">Sailnovo Bolsa de Techo de 580 L\/20 c\u00fabicos, Impermeable, con 6 Ganchos para Puerta, Bolsa de Transporte de Techo Grande para Coches sin\/con Barras de Techo\/portaequipajes\/rieles<\/a><\/td>\n<td>119\u20ac<\/td>\n<td>24\u20ac<\/td>\n<\/tr>\n<tr>\n<td>MARKETPLACES<\/td>\n<td><a class=\"ljoptimizer\" href=\"https:\/\/www.amazon.es\/dp\/B0938MHM5X?tag=amazon087683-21&amp;th=1\" target=\"_blank\" rel=\"nofollow noopener\">RIDEX 4G0013 Alternador compatible con OPEL Astra H Caravan A04<\/a><\/td>\n<td>88\u20ac<\/td>\n<td>18\u20ac<\/td>\n<\/tr>\n<tr>\n<td>MARKETPLACES<\/td>\n<td><a class=\"ljoptimizer\" href=\"https:\/\/www.amazon.es\/dp\/B07B4G2H2Y?tag=amazon087683-21&amp;th=1\" target=\"_blank\" rel=\"nofollow noopener\">BLACK+DECKER Bomba Sumergible BXUP750XCE para Aguas Limpias (750 W, Caudal max. 11.000 l\/h, Prevalencia max. 8,5 m)<\/a><\/td>\n<td>75\u20ac<\/td>\n<td>15\u20ac<\/td>\n<\/tr>\n<tr>\n<td>MARKETPLACES<\/td>\n<td><a class=\"ljoptimizer\" href=\"https:\/\/www.amazon.es\/dp\/B00R4JTDB2?tag=amazon087683-21&amp;th=1\" target=\"_blank\" rel=\"nofollow noopener\">Roca,Victoria,Grifer\u00eda monomando exterior ba\u00f1o-ducha con inversor autom\u00e1tico, ducha de mano, flexible de 1,70 m. y soporte de ducha articulado,A5A0125C02<\/a><\/td>\n<td>73\u20ac<\/td>\n<td>15\u20ac<\/td>\n<\/tr>\n<tr>\n<td>MARKETPLACES<\/td>\n<td><a class=\"ljoptimizer\" href=\"https:\/\/www.amazon.es\/dp\/B084K15LGY?tag=amazon087683-21&amp;th=1\" target=\"_blank\" rel=\"nofollow noopener\">Einhell Taladro\/destornillador Inal\u00e1mbrico 18\/50 Li-i BL Solo Power X-Change (Funci\u00f3n de Taladro de Percusi\u00f3n, Caja de Cambios de 2 Velocidades y Empu\u00f1adura Softgrip, no Incluye Bater\u00eda ni Cargador)<\/a><\/td>\n<td>70\u20ac<\/td>\n<td>14\u20ac<\/td>\n<\/tr>\n<tr>\n<td>MARKETPLACES<\/td>\n<td><a class=\"ljoptimizer\" href=\"https:\/\/www.amazon.es\/dp\/B00DZNJ8AM?tag=amazon087683-21&amp;th=1\" target=\"_blank\" rel=\"nofollow noopener\">Ribimex PRIAF716, Afilador de brocas el\u00e9ctrico, 70 W, con doble cabezal para afilar brocas \u00d8 de 3 a 16 mm<\/a><\/td>\n<td>41\u20ac<\/td>\n<td>8\u20ac<\/td>\n<\/tr>\n<tr>\n<td>MARKETPLACES<\/td>\n<td><a class=\"ljoptimizer\" href=\"https:\/\/www.amazon.es\/dp\/B01D1ORQG2?tag=amazon087683-21&amp;th=1\" target=\"_blank\" rel=\"nofollow noopener\">SIKA &#8211; Banda autoadhesiva bituminosa Multiseal &#8211; Terracota &#8211; Soporte m\u00faltiple &#8211; Para reparaci\u00f3n de cubiertas y fisuras en edificios &#8211; 10m x 150mm<\/a><\/td>\n<td>41\u20ac<\/td>\n<td>8\u20ac<\/td>\n<\/tr>\n<tr>\n<td>MARKETPLACES<\/td>\n<td><a class=\"ljoptimizer\" href=\"https:\/\/www.amazon.es\/dp\/B0CC5DSVRF?tag=amazon087683-21&amp;th=1\" target=\"_blank\" rel=\"nofollow noopener\">GTV &#8211; Juego de cubos de basura AxiSpace para cajones y armarios con ancho de 600 mm, juego compuesto por 2 recipientes de 15 l, 2 x 7 l, cubo de basura de pl\u00e1stico con part\u00edculas de grafeno, color<\/a><\/td>\n<td>40\u20ac<\/td>\n<td>8\u20ac<\/td>\n<\/tr>\n<tr>\n<td>MARKETPLACES<\/td>\n<td><a class=\"ljoptimizer\" href=\"https:\/\/www.amazon.es\/dp\/B0DGH2GWDK?tag=amazon087683-21&amp;th=1\" target=\"_blank\" rel=\"nofollow noopener\">HOVVIDA Compresor de Aire Portatil, Inflador Ruedas Coche 150 PSI (10,3 Bar) 5V, Compresor Aire Coche Bicicleta, Bater\u00eda Recargable, con LED, para Coche, Moto, Bicicleta, Pelota<\/a><\/td>\n<td>30\u20ac<\/td>\n<td>6\u20ac<\/td>\n<\/tr>\n<tr>\n<td>MARKETPLACES<\/td>\n<td><a class=\"ljoptimizer\" href=\"https:\/\/www.amazon.es\/dp\/B07F6YK5F1?tag=amazon087683-21&amp;th=1\" target=\"_blank\" rel=\"nofollow noopener\">V\u00e1lvula de conversi\u00f3n de presi\u00f3n OEM # 1H0906627A 95VW12B573CB 1H0 906 627A Para Ford &#8211; Skoda &#8211; VW Golf Polo Passat<\/a><\/td>\n<td>27\u20ac<\/td>\n<td>5\u20ac<\/td>\n<\/tr>\n<tr>\n<td>MARKETPLACES<\/td>\n<td><a class=\"ljoptimizer\" href=\"https:\/\/www.amazon.es\/dp\/B0009VX21E?tag=amazon087683-21&amp;th=1\" target=\"_blank\" rel=\"nofollow noopener\">Stanley Bolsa voladiza de base dura de 16 pulgadas<\/a><\/td>\n<td>26\u20ac<\/td>\n<td>5\u20ac<\/td>\n<\/tr>\n<tr>\n<td>MARKETPLACES<\/td>\n<td><a class=\"ljoptimizer\" href=\"https:\/\/www.amazon.es\/dp\/B08CTVPVSY?tag=amazon087683-21&amp;th=1\" target=\"_blank\" rel=\"nofollow noopener\">Meross Interruptor de Cortina, Interruptor de Persianas LED Inteligentes WiFi (Necesita Cable Neutro) Compatible con Alexa y Google Assistant, Control por Porcentaje, 2.4GHz<\/a><\/td>\n<td>26\u20ac<\/td>\n<td>5\u20ac<\/td>\n<\/tr>\n<tr>\n<td>MARKETPLACES<\/td>\n<td><a class=\"ljoptimizer\" href=\"https:\/\/www.amazon.es\/dp\/B0050J7WH0?tag=amazon087683-21&amp;th=1\" target=\"_blank\" rel=\"nofollow noopener\">C\u00e1mara de aire para moto Michelin 21 MD Valve TR4 (2.50-21, 2.75-21, 3.00-21, mh90-21, 80\/90-21, 90\/90-21, 80\/100-21, 90\/100-21)<\/a><\/td>\n<td>22\u20ac<\/td>\n<td>4\u20ac<\/td>\n<\/tr>\n<tr>\n<td>MARKETPLACES<\/td>\n<td><a class=\"ljoptimizer\" href=\"https:\/\/www.amazon.es\/dp\/B07WK4H8F1?tag=amazon087683-21&amp;th=1\" target=\"_blank\" rel=\"nofollow noopener\">Meross &#8211; Toma conectada Matter (tipo E), 16 A, compatible con Apple Home, Alexa y Google Home, toma con medici\u00f3n de energ\u00eda para panel solar fotovoltaico, control de voz y remoto<\/a><\/td>\n<td>20\u20ac<\/td>\n<td>4\u20ac<\/td>\n<\/tr>\n<tr>\n<td>MARKETPLACES<\/td>\n<td><a class=\"ljoptimizer\" href=\"https:\/\/www.amazon.es\/dp\/B08XMHSXJ3?tag=amazon087683-21&amp;th=1\" target=\"_blank\" rel=\"nofollow noopener\">Utensilio de Cocina para Organizar Escurridor de Cubiertos Cuberter\u00eda de Encimera Acero Inoxidable Anti Deslizante y a Prueba de Ara\u00f1azos y Corrosi\u00f3n Multifunci\u00f3n<\/a><\/td>\n<td>20\u20ac<\/td>\n<td>4\u20ac<\/td>\n<\/tr>\n<tr>\n<td>MARKETPLACES<\/td>\n<td><a class=\"ljoptimizer\" href=\"https:\/\/www.amazon.es\/dp\/B01BYMOB8O?tag=amazon087683-21&amp;th=1\" target=\"_blank\" rel=\"nofollow noopener\">Bombilla Flosser de dos ruedas<\/a><\/td>\n<td>19\u20ac<\/td>\n<td>4\u20ac<\/td>\n<\/tr>\n<tr>\n<td>MARKETPLACES<\/td>\n<td><a class=\"ljoptimizer\" href=\"https:\/\/www.amazon.es\/dp\/B00252CES2?tag=amazon087683-21&amp;th=1\" target=\"_blank\" rel=\"nofollow noopener\">MANN-FILTER C 2512 Filtro de aire &#8211; para Autom\u00f3viles + Veh\u00edculos de transporte<\/a><\/td>\n<td>10\u20ac<\/td>\n<td>2\u20ac<\/td>\n<\/tr>\n<tr>\n<td>MARKETPLACES<\/td>\n<td><a class=\"ljoptimizer\" href=\"https:\/\/www.amazon.es\/dp\/B0F6KH9ND5?tag=amazon087683-21&amp;th=1\" target=\"_blank\" rel=\"nofollow noopener\">Man\u00f3metro de agua de 0 a 6 bar, man\u00f3metro de presi\u00f3n de aire comprimido con conexi\u00f3n de lat\u00f3n BSP de 1\/4 pulgadas, man\u00f3metros de aire comprimido con soporte en la parte posterior para control de<\/a><\/td>\n<td>9\u20ac<\/td>\n<td>2\u20ac<\/td>\n<\/tr>\n<\/tbody>\n<\/table>\n","protected":false},"excerpt":{"rendered":"<p>Caja de Maquinaria sin revisar procedente de devoluciones de marketplaces<\/p>\n<ul>\n<li>N\u00famero de productos: 20<\/li>\n<li>Valor aproximado: 1030.00<\/li>\n<li>Porcentaje que se paga: 17% + IVA<\/li>\n<li>Tiempo de entrega estimado: 3 a 7 d\u00edas<\/li>\n<\/ul>\n<p>*Los precios incluyen IVA<\/p>\n","protected":false},"featured_media":182007,"template":"","meta":{"site-sidebar-layout":"default","site-content-layout":"","ast-site-content-layout":"default","site-content-style":"default","site-sidebar-style":"default","ast-global-header-display":"","ast-banner-title-visibility":"","ast-main-header-display":"","ast-hfb-above-header-display":"","ast-hfb-below-header-display":"","ast-hfb-mobile-header-display":"","site-post-title":"","ast-breadcrumbs-content":"","ast-featured-img":"","footer-sml-layout":"","ast-disable-related-posts":"","theme-transparent-header-meta":"default","adv-header-id-meta":"","stick-header-meta":"","header-above-stick-meta":"","header-main-stick-meta":"","header-below-stick-meta":"","astra-migrate-meta-layouts":"set","ast-page-background-enabled":"default","ast-page-background-meta":{"desktop":{"background-color":"var(--ast-global-color-4)","background-image":"","background-repeat":"repeat","background-position":"center center","background-size":"auto","background-attachment":"scroll","background-type":"","background-media":"","overlay-type":"","overlay-color":"","overlay-opacity":"","overlay-gradient":""},"tablet":{"background-color":"","background-image":"","background-repeat":"repeat","background-position":"center center","background-size":"auto","background-attachment":"scroll","background-type":"","background-media":"","overlay-type":"","overlay-color":"","overlay-opacity":"","overlay-gradient":""},"mobile":{"background-color":"","background-image":"","background-repeat":"repeat","background-position":"center center","background-size":"auto","background-attachment":"scroll","background-type":"","background-media":"","overlay-type":"","overlay-color":"","overlay-opacity":"","overlay-gradient":""}},"ast-content-background-meta":{"desktop":{"background-color":"var(--ast-global-color-5)","background-image":"","background-repeat":"repeat","background-position":"center center","background-size":"auto","background-attachment":"scroll","background-type":"","background-media":"","overlay-type":"","overlay-color":"","overlay-opacity":"","overlay-gradient":""},"tablet":{"background-color":"var(--ast-global-color-5)","background-image":"","background-repeat":"repeat","background-position":"center center","background-size":"auto","background-attachment":"scroll","background-type":"","background-media":"","overlay-type":"","overlay-color":"","overlay-opacity":"","overlay-gradient":""},"mobile":{"background-color":"var(--ast-global-color-5)","background-image":"","background-repeat":"repeat","background-position":"center center","background-size":"auto","background-attachment":"scroll","background-type":"","background-media":"","overlay-type":"","overlay-color":"","overlay-opacity":"","overlay-gradient":""}}},"product_brand":[],"product_cat":[49,42],"product_tag":[],"class_list":{"0":"post-181973","1":"product","2":"type-product","3":"status-publish","4":"has-post-thumbnail","6":"product_cat-cajas","7":"product_cat-herramientas","8":"product_shipping_class-caja","9":"desktop-align-left","10":"tablet-align-left","11":"mobile-align-left","13":"first","14":"instock","15":"sale","16":"downloadable","17":"taxable","18":"shipping-taxable","19":"purchasable","20":"product-type-simple"},"yoast_head":"<!-- This site is optimized with the Yoast SEO plugin v27.5 - https:\/\/yoast.com\/product\/yoast-seo-wordpress\/ -->\n<title>Caja de Maquinaria [20 productos] (sp900700353) - Comprardevoluciones - Tu tienda de Devoluciones de Amazon<\/title>\n<meta name=\"robots\" content=\"noindex, follow\" \/>\n<meta property=\"og:locale\" content=\"de_DE\" \/>\n<meta property=\"og:type\" content=\"article\" \/>\n<meta property=\"og:title\" content=\"Caja de Maquinaria [20 productos] (sp900700353) - Comprardevoluciones - Tu tienda de Devoluciones de Amazon\" \/>\n<meta property=\"og:description\" content=\"Caja de Maquinaria sin revisar procedente de devoluciones de marketplaces   N\u00famero de productos: 20  Valor aproximado: 1030.00  Porcentaje que se paga: 17% + IVA  Tiempo de entrega estimado: 3 a 7 d\u00edas  *Los precios incluyen IVA\" \/>\n<meta property=\"og:url\" content=\"https:\/\/comprardevoluciones.com\/producto\/sp900700353\/\" \/>\n<meta property=\"og:site_name\" content=\"Comprardevoluciones - Tu tienda de Devoluciones de Amazon\" \/>\n<meta property=\"og:image\" content=\"https:\/\/comprardevoluciones.com\/wp-content\/uploads\/2026\/04\/sp900700353.jpg\" \/>\n\t<meta property=\"og:image:width\" content=\"700\" \/>\n\t<meta property=\"og:image:height\" content=\"700\" \/>\n\t<meta property=\"og:image:type\" content=\"image\/jpeg\" \/>\n<meta name=\"twitter:card\" content=\"summary_large_image\" \/>\n<meta name=\"twitter:label1\" content=\"Gesch\u00e4tzte Lesezeit\" \/>\n\t<meta name=\"twitter:data1\" content=\"3\u00a0Minuten\" \/>\n<script type=\"application\/ld+json\" class=\"yoast-schema-graph\">{\"@context\":\"https:\\\/\\\/schema.org\",\"@graph\":[{\"@type\":\"WebPage\",\"@id\":\"https:\\\/\\\/comprardevoluciones.com\\\/producto\\\/sp900700353\\\/\",\"url\":\"https:\\\/\\\/comprardevoluciones.com\\\/producto\\\/sp900700353\\\/\",\"name\":\"Caja de Maquinaria [20 productos] (sp900700353) - Comprardevoluciones - Tu tienda de Devoluciones de Amazon\",\"isPartOf\":{\"@id\":\"https:\\\/\\\/comprardevoluciones.com\\\/#website\"},\"primaryImageOfPage\":{\"@id\":\"https:\\\/\\\/comprardevoluciones.com\\\/producto\\\/sp900700353\\\/#primaryimage\"},\"image\":{\"@id\":\"https:\\\/\\\/comprardevoluciones.com\\\/producto\\\/sp900700353\\\/#primaryimage\"},\"thumbnailUrl\":\"https:\\\/\\\/comprardevoluciones.com\\\/wp-content\\\/uploads\\\/2026\\\/04\\\/sp900700353.jpg\",\"datePublished\":\"2026-04-30T09:38:17+00:00\",\"breadcrumb\":{\"@id\":\"https:\\\/\\\/comprardevoluciones.com\\\/producto\\\/sp900700353\\\/#breadcrumb\"},\"inLanguage\":\"de\",\"potentialAction\":[{\"@type\":\"ReadAction\",\"target\":[\"https:\\\/\\\/comprardevoluciones.com\\\/producto\\\/sp900700353\\\/\"]}]},{\"@type\":\"ImageObject\",\"inLanguage\":\"de\",\"@id\":\"https:\\\/\\\/comprardevoluciones.com\\\/producto\\\/sp900700353\\\/#primaryimage\",\"url\":\"https:\\\/\\\/comprardevoluciones.com\\\/wp-content\\\/uploads\\\/2026\\\/04\\\/sp900700353.jpg\",\"contentUrl\":\"https:\\\/\\\/comprardevoluciones.com\\\/wp-content\\\/uploads\\\/2026\\\/04\\\/sp900700353.jpg\",\"width\":700,\"height\":700},{\"@type\":\"BreadcrumbList\",\"@id\":\"https:\\\/\\\/comprardevoluciones.com\\\/producto\\\/sp900700353\\\/#breadcrumb\",\"itemListElement\":[{\"@type\":\"ListItem\",\"position\":1,\"name\":\"Portada\",\"item\":\"https:\\\/\\\/comprardevoluciones.com\\\/de\\\/\"},{\"@type\":\"ListItem\",\"position\":2,\"name\":\"Shop\",\"item\":\"https:\\\/\\\/comprardevoluciones.com\\\/de\\\/shop\\\/\"},{\"@type\":\"ListItem\",\"position\":3,\"name\":\"Caja de Maquinaria [20 productos] (sp900700353)\"}]},{\"@type\":\"WebSite\",\"@id\":\"https:\\\/\\\/comprardevoluciones.com\\\/#website\",\"url\":\"https:\\\/\\\/comprardevoluciones.com\\\/\",\"name\":\"Comprardevoluciones - Tu tienda de Devoluciones de Amazon\",\"description\":\"Consigue Stock en buen estado a un precio imbatible\",\"potentialAction\":[{\"@type\":\"SearchAction\",\"target\":{\"@type\":\"EntryPoint\",\"urlTemplate\":\"https:\\\/\\\/comprardevoluciones.com\\\/?s={search_term_string}\"},\"query-input\":{\"@type\":\"PropertyValueSpecification\",\"valueRequired\":true,\"valueName\":\"search_term_string\"}}],\"inLanguage\":\"de\"}]}<\/script>\n<!-- \/ Yoast SEO plugin. -->","yoast_head_json":{"title":"Caja de Maquinaria [20 productos] (sp900700353) - Comprardevoluciones - Tu tienda de Devoluciones de Amazon","robots":{"index":"noindex","follow":"follow"},"og_locale":"de_DE","og_type":"article","og_title":"Caja de Maquinaria [20 productos] (sp900700353) - Comprardevoluciones - Tu tienda de Devoluciones de Amazon","og_description":"Caja de Maquinaria sin revisar procedente de devoluciones de marketplaces   N\u00famero de productos: 20  Valor aproximado: 1030.00  Porcentaje que se paga: 17% + IVA  Tiempo de entrega estimado: 3 a 7 d\u00edas  *Los precios incluyen IVA","og_url":"https:\/\/comprardevoluciones.com\/producto\/sp900700353\/","og_site_name":"Comprardevoluciones - Tu tienda de Devoluciones de Amazon","og_image":[{"width":700,"height":700,"url":"https:\/\/comprardevoluciones.com\/wp-content\/uploads\/2026\/04\/sp900700353.jpg","type":"image\/jpeg"}],"twitter_card":"summary_large_image","twitter_misc":{"Gesch\u00e4tzte Lesezeit":"3\u00a0Minuten"},"schema":{"@context":"https:\/\/schema.org","@graph":[{"@type":"WebPage","@id":"https:\/\/comprardevoluciones.com\/producto\/sp900700353\/","url":"https:\/\/comprardevoluciones.com\/producto\/sp900700353\/","name":"Caja de Maquinaria [20 productos] (sp900700353) - Comprardevoluciones - Tu tienda de Devoluciones de Amazon","isPartOf":{"@id":"https:\/\/comprardevoluciones.com\/#website"},"primaryImageOfPage":{"@id":"https:\/\/comprardevoluciones.com\/producto\/sp900700353\/#primaryimage"},"image":{"@id":"https:\/\/comprardevoluciones.com\/producto\/sp900700353\/#primaryimage"},"thumbnailUrl":"https:\/\/comprardevoluciones.com\/wp-content\/uploads\/2026\/04\/sp900700353.jpg","datePublished":"2026-04-30T09:38:17+00:00","breadcrumb":{"@id":"https:\/\/comprardevoluciones.com\/producto\/sp900700353\/#breadcrumb"},"inLanguage":"de","potentialAction":[{"@type":"ReadAction","target":["https:\/\/comprardevoluciones.com\/producto\/sp900700353\/"]}]},{"@type":"ImageObject","inLanguage":"de","@id":"https:\/\/comprardevoluciones.com\/producto\/sp900700353\/#primaryimage","url":"https:\/\/comprardevoluciones.com\/wp-content\/uploads\/2026\/04\/sp900700353.jpg","contentUrl":"https:\/\/comprardevoluciones.com\/wp-content\/uploads\/2026\/04\/sp900700353.jpg","width":700,"height":700},{"@type":"BreadcrumbList","@id":"https:\/\/comprardevoluciones.com\/producto\/sp900700353\/#breadcrumb","itemListElement":[{"@type":"ListItem","position":1,"name":"Portada","item":"https:\/\/comprardevoluciones.com\/de\/"},{"@type":"ListItem","position":2,"name":"Shop","item":"https:\/\/comprardevoluciones.com\/de\/shop\/"},{"@type":"ListItem","position":3,"name":"Caja de Maquinaria [20 productos] (sp900700353)"}]},{"@type":"WebSite","@id":"https:\/\/comprardevoluciones.com\/#website","url":"https:\/\/comprardevoluciones.com\/","name":"Comprardevoluciones - Tu tienda de Devoluciones de Amazon","description":"Consigue Stock en buen estado a un precio imbatible","potentialAction":[{"@type":"SearchAction","target":{"@type":"EntryPoint","urlTemplate":"https:\/\/comprardevoluciones.com\/?s={search_term_string}"},"query-input":{"@type":"PropertyValueSpecification","valueRequired":true,"valueName":"search_term_string"}}],"inLanguage":"de"}]}},"_links":{"self":[{"href":"https:\/\/comprardevoluciones.com\/de\/wp-json\/wp\/v2\/product\/181973","targetHints":{"allow":["GET"]}}],"collection":[{"href":"https:\/\/comprardevoluciones.com\/de\/wp-json\/wp\/v2\/product"}],"about":[{"href":"https:\/\/comprardevoluciones.com\/de\/wp-json\/wp\/v2\/types\/product"}],"wp:featuredmedia":[{"embeddable":true,"href":"https:\/\/comprardevoluciones.com\/de\/wp-json\/wp\/v2\/media\/182007"}],"wp:attachment":[{"href":"https:\/\/comprardevoluciones.com\/de\/wp-json\/wp\/v2\/media?parent=181973"}],"wp:term":[{"taxonomy":"product_brand","embeddable":true,"href":"https:\/\/comprardevoluciones.com\/de\/wp-json\/wp\/v2\/product_brand?post=181973"},{"taxonomy":"product_cat","embeddable":true,"href":"https:\/\/comprardevoluciones.com\/de\/wp-json\/wp\/v2\/product_cat?post=181973"},{"taxonomy":"product_tag","embeddable":true,"href":"https:\/\/comprardevoluciones.com\/de\/wp-json\/wp\/v2\/product_tag?post=181973"}],"curies":[{"name":"wp","href":"https:\/\/api.w.org\/{rel}","templated":true}]}}