{"id":21685,"date":"2026-01-23T11:30:16","date_gmt":"2026-01-23T10:30:16","guid":{"rendered":"https:\/\/comprardevoluciones.com\/?post_type=product&#038;p=21685"},"modified":"2026-02-27T05:26:55","modified_gmt":"2026-02-27T04:26:55","slug":"10022029","status":"publish","type":"product","link":"https:\/\/comprardevoluciones.com\/de\/producto\/10022029\/","title":{"rendered":"Pal\u00e9 Variado (10022029)"},"content":{"rendered":"","protected":false},"excerpt":{"rendered":"<blockquote><p>Pal\u00e9 de productos nuevos de plataformas FBA<\/p><\/blockquote>\n<ul>\n<li>N\u00famero de productos: De 200 a 500 unidades en funci\u00f3n del tama\u00f1o.<\/li>\n<li>Productos que incluye: Puede contener productos de hogar, menaje, ropa y zapatos, bisuter\u00eda, decoraci\u00f3n, complementos de cocina, ropa de cama, productos de oficina, juguetes, accesorios para m\u00f3viles, etc.<\/li>\n<li>Estos productos son nuevos sin uso, con embalaje original, no se trata de devoluciones.<\/li>\n<li>Tiempo de entrega estimado: 2 a 4 d\u00edas<\/li>\n<\/ul>\n<p>*Los precios incluyen IVA<\/p>\n","protected":false},"featured_media":142855,"template":"","meta":{"site-sidebar-layout":"default","site-content-layout":"","ast-site-content-layout":"default","site-content-style":"default","site-sidebar-style":"default","ast-global-header-display":"","ast-banner-title-visibility":"","ast-main-header-display":"","ast-hfb-above-header-display":"","ast-hfb-below-header-display":"","ast-hfb-mobile-header-display":"","site-post-title":"","ast-breadcrumbs-content":"","ast-featured-img":"","footer-sml-layout":"","ast-disable-related-posts":"","theme-transparent-header-meta":"default","adv-header-id-meta":"","stick-header-meta":"","header-above-stick-meta":"","header-main-stick-meta":"","header-below-stick-meta":"","astra-migrate-meta-layouts":"set","ast-page-background-enabled":"default","ast-page-background-meta":{"desktop":{"background-color":"var(--ast-global-color-4)","background-image":"","background-repeat":"repeat","background-position":"center center","background-size":"auto","background-attachment":"scroll","background-type":"","background-media":"","overlay-type":"","overlay-color":"","overlay-opacity":"","overlay-gradient":""},"tablet":{"background-color":"","background-image":"","background-repeat":"repeat","background-position":"center center","background-size":"auto","background-attachment":"scroll","background-type":"","background-media":"","overlay-type":"","overlay-color":"","overlay-opacity":"","overlay-gradient":""},"mobile":{"background-color":"","background-image":"","background-repeat":"repeat","background-position":"center center","background-size":"auto","background-attachment":"scroll","background-type":"","background-media":"","overlay-type":"","overlay-color":"","overlay-opacity":"","overlay-gradient":""}},"ast-content-background-meta":{"desktop":{"background-color":"var(--ast-global-color-5)","background-image":"","background-repeat":"repeat","background-position":"center center","background-size":"auto","background-attachment":"scroll","background-type":"","background-media":"","overlay-type":"","overlay-color":"","overlay-opacity":"","overlay-gradient":""},"tablet":{"background-color":"var(--ast-global-color-5)","background-image":"","background-repeat":"repeat","background-position":"center center","background-size":"auto","background-attachment":"scroll","background-type":"","background-media":"","overlay-type":"","overlay-color":"","overlay-opacity":"","overlay-gradient":""},"mobile":{"background-color":"var(--ast-global-color-5)","background-image":"","background-repeat":"repeat","background-position":"center center","background-size":"auto","background-attachment":"scroll","background-type":"","background-media":"","overlay-type":"","overlay-color":"","overlay-opacity":"","overlay-gradient":""}}},"product_brand":[],"product_cat":[59,65],"product_tag":[],"class_list":{"0":"post-21685","1":"product","2":"type-product","3":"status-publish","4":"has-post-thumbnail","6":"product_cat-bazar","7":"product_cat-pales","8":"product_shipping_class-pale","9":"desktop-align-left","10":"tablet-align-left","11":"mobile-align-left","13":"first","14":"outofstock","15":"taxable","16":"shipping-taxable","17":"purchasable","18":"product-type-simple"},"yoast_head":"<!-- This site is optimized with the Yoast SEO plugin v27.2 - https:\/\/yoast.com\/product\/yoast-seo-wordpress\/ -->\n<title>Pal\u00e9 Variado (10022029) - Comprardevoluciones - Tu tienda de Devoluciones de Amazon<\/title>\n<meta name=\"robots\" content=\"noindex, follow\" \/>\n<meta property=\"og:locale\" content=\"de_DE\" \/>\n<meta property=\"og:type\" content=\"article\" \/>\n<meta property=\"og:title\" content=\"Pal\u00e9 Variado (10022029) - Comprardevoluciones - Tu tienda de Devoluciones de Amazon\" \/>\n<meta property=\"og:description\" content=\"Pal\u00e9 de productos nuevos de plataformas FBA   N\u00famero de productos: De 200 a 500 unidades en funci\u00f3n del tama\u00f1o.  Productos que incluye: Puede contener productos de hogar, menaje, ropa y zapatos, bisuter\u00eda, decoraci\u00f3n, complementos de cocina, ropa de cama, productos de oficina, juguetes, accesorios para m\u00f3viles, etc.  Estos productos son nuevos sin uso, con embalaje original, no se trata de devoluciones.  Tiempo de entrega estimado: 2 a 4 d\u00edas  *Los precios incluyen IVA\" \/>\n<meta property=\"og:url\" content=\"https:\/\/comprardevoluciones.com\/producto\/10022029\/\" \/>\n<meta property=\"og:site_name\" content=\"Comprardevoluciones - Tu tienda de Devoluciones de Amazon\" \/>\n<meta property=\"article:modified_time\" content=\"2026-02-27T04:26:55+00:00\" \/>\n<meta property=\"og:image\" content=\"https:\/\/comprardevoluciones.com\/wp-content\/uploads\/2025\/11\/Bazar.jpg\" \/>\n\t<meta property=\"og:image:width\" content=\"700\" \/>\n\t<meta property=\"og:image:height\" content=\"700\" \/>\n\t<meta property=\"og:image:type\" content=\"image\/jpeg\" \/>\n<meta name=\"twitter:card\" content=\"summary_large_image\" \/>\n<meta name=\"twitter:label1\" content=\"Gesch\u00e4tzte Lesezeit\" \/>\n\t<meta name=\"twitter:data1\" content=\"1\u00a0Minute\" \/>\n<script type=\"application\/ld+json\" class=\"yoast-schema-graph\">{\"@context\":\"https:\/\/schema.org\",\"@graph\":[{\"@type\":\"WebPage\",\"@id\":\"https:\/\/comprardevoluciones.com\/producto\/10022029\/\",\"url\":\"https:\/\/comprardevoluciones.com\/producto\/10022029\/\",\"name\":\"Pal\u00e9 Variado (10022029) - Comprardevoluciones - Tu tienda de Devoluciones de Amazon\",\"isPartOf\":{\"@id\":\"https:\/\/comprardevoluciones.com\/#website\"},\"primaryImageOfPage\":{\"@id\":\"https:\/\/comprardevoluciones.com\/producto\/10022029\/#primaryimage\"},\"image\":{\"@id\":\"https:\/\/comprardevoluciones.com\/producto\/10022029\/#primaryimage\"},\"thumbnailUrl\":\"https:\/\/comprardevoluciones.com\/wp-content\/uploads\/2025\/11\/Bazar.jpg\",\"datePublished\":\"2026-01-23T10:30:16+00:00\",\"dateModified\":\"2026-02-27T04:26:55+00:00\",\"breadcrumb\":{\"@id\":\"https:\/\/comprardevoluciones.com\/producto\/10022029\/#breadcrumb\"},\"inLanguage\":\"de\",\"potentialAction\":[{\"@type\":\"ReadAction\",\"target\":[\"https:\/\/comprardevoluciones.com\/producto\/10022029\/\"]}]},{\"@type\":\"ImageObject\",\"inLanguage\":\"de\",\"@id\":\"https:\/\/comprardevoluciones.com\/producto\/10022029\/#primaryimage\",\"url\":\"https:\/\/comprardevoluciones.com\/wp-content\/uploads\/2025\/11\/Bazar.jpg\",\"contentUrl\":\"https:\/\/comprardevoluciones.com\/wp-content\/uploads\/2025\/11\/Bazar.jpg\",\"width\":700,\"height\":700},{\"@type\":\"BreadcrumbList\",\"@id\":\"https:\/\/comprardevoluciones.com\/producto\/10022029\/#breadcrumb\",\"itemListElement\":[{\"@type\":\"ListItem\",\"position\":1,\"name\":\"Portada\",\"item\":\"https:\/\/comprardevoluciones.com\/de\/\"},{\"@type\":\"ListItem\",\"position\":2,\"name\":\"Shop\",\"item\":\"https:\/\/comprardevoluciones.com\/de\/shop\/\"},{\"@type\":\"ListItem\",\"position\":3,\"name\":\"Pal\u00e9 Variado (10022029)\"}]},{\"@type\":\"WebSite\",\"@id\":\"https:\/\/comprardevoluciones.com\/#website\",\"url\":\"https:\/\/comprardevoluciones.com\/\",\"name\":\"Comprardevoluciones - Tu tienda de Devoluciones de Amazon\",\"description\":\"Consigue Stock en buen estado a un precio imbatible\",\"potentialAction\":[{\"@type\":\"SearchAction\",\"target\":{\"@type\":\"EntryPoint\",\"urlTemplate\":\"https:\/\/comprardevoluciones.com\/?s={search_term_string}\"},\"query-input\":{\"@type\":\"PropertyValueSpecification\",\"valueRequired\":true,\"valueName\":\"search_term_string\"}}],\"inLanguage\":\"de\"}]}<\/script>\n<!-- \/ Yoast SEO plugin. -->","yoast_head_json":{"title":"Pal\u00e9 Variado (10022029) - Comprardevoluciones - Tu tienda de Devoluciones de Amazon","robots":{"index":"noindex","follow":"follow"},"og_locale":"de_DE","og_type":"article","og_title":"Pal\u00e9 Variado (10022029) - Comprardevoluciones - Tu tienda de Devoluciones de Amazon","og_description":"Pal\u00e9 de productos nuevos de plataformas FBA   N\u00famero de productos: De 200 a 500 unidades en funci\u00f3n del tama\u00f1o.  Productos que incluye: Puede contener productos de hogar, menaje, ropa y zapatos, bisuter\u00eda, decoraci\u00f3n, complementos de cocina, ropa de cama, productos de oficina, juguetes, accesorios para m\u00f3viles, etc.  Estos productos son nuevos sin uso, con embalaje original, no se trata de devoluciones.  Tiempo de entrega estimado: 2 a 4 d\u00edas  *Los precios incluyen IVA","og_url":"https:\/\/comprardevoluciones.com\/producto\/10022029\/","og_site_name":"Comprardevoluciones - Tu tienda de Devoluciones de Amazon","article_modified_time":"2026-02-27T04:26:55+00:00","og_image":[{"width":700,"height":700,"url":"https:\/\/comprardevoluciones.com\/wp-content\/uploads\/2025\/11\/Bazar.jpg","type":"image\/jpeg"}],"twitter_card":"summary_large_image","twitter_misc":{"Gesch\u00e4tzte Lesezeit":"1\u00a0Minute"},"schema":{"@context":"https:\/\/schema.org","@graph":[{"@type":"WebPage","@id":"https:\/\/comprardevoluciones.com\/producto\/10022029\/","url":"https:\/\/comprardevoluciones.com\/producto\/10022029\/","name":"Pal\u00e9 Variado (10022029) - Comprardevoluciones - Tu tienda de Devoluciones de Amazon","isPartOf":{"@id":"https:\/\/comprardevoluciones.com\/#website"},"primaryImageOfPage":{"@id":"https:\/\/comprardevoluciones.com\/producto\/10022029\/#primaryimage"},"image":{"@id":"https:\/\/comprardevoluciones.com\/producto\/10022029\/#primaryimage"},"thumbnailUrl":"https:\/\/comprardevoluciones.com\/wp-content\/uploads\/2025\/11\/Bazar.jpg","datePublished":"2026-01-23T10:30:16+00:00","dateModified":"2026-02-27T04:26:55+00:00","breadcrumb":{"@id":"https:\/\/comprardevoluciones.com\/producto\/10022029\/#breadcrumb"},"inLanguage":"de","potentialAction":[{"@type":"ReadAction","target":["https:\/\/comprardevoluciones.com\/producto\/10022029\/"]}]},{"@type":"ImageObject","inLanguage":"de","@id":"https:\/\/comprardevoluciones.com\/producto\/10022029\/#primaryimage","url":"https:\/\/comprardevoluciones.com\/wp-content\/uploads\/2025\/11\/Bazar.jpg","contentUrl":"https:\/\/comprardevoluciones.com\/wp-content\/uploads\/2025\/11\/Bazar.jpg","width":700,"height":700},{"@type":"BreadcrumbList","@id":"https:\/\/comprardevoluciones.com\/producto\/10022029\/#breadcrumb","itemListElement":[{"@type":"ListItem","position":1,"name":"Portada","item":"https:\/\/comprardevoluciones.com\/de\/"},{"@type":"ListItem","position":2,"name":"Shop","item":"https:\/\/comprardevoluciones.com\/de\/shop\/"},{"@type":"ListItem","position":3,"name":"Pal\u00e9 Variado (10022029)"}]},{"@type":"WebSite","@id":"https:\/\/comprardevoluciones.com\/#website","url":"https:\/\/comprardevoluciones.com\/","name":"Comprardevoluciones - Tu tienda de Devoluciones de Amazon","description":"Consigue Stock en buen estado a un precio imbatible","potentialAction":[{"@type":"SearchAction","target":{"@type":"EntryPoint","urlTemplate":"https:\/\/comprardevoluciones.com\/?s={search_term_string}"},"query-input":{"@type":"PropertyValueSpecification","valueRequired":true,"valueName":"search_term_string"}}],"inLanguage":"de"}]}},"_links":{"self":[{"href":"https:\/\/comprardevoluciones.com\/de\/wp-json\/wp\/v2\/product\/21685","targetHints":{"allow":["GET"]}}],"collection":[{"href":"https:\/\/comprardevoluciones.com\/de\/wp-json\/wp\/v2\/product"}],"about":[{"href":"https:\/\/comprardevoluciones.com\/de\/wp-json\/wp\/v2\/types\/product"}],"wp:featuredmedia":[{"embeddable":true,"href":"https:\/\/comprardevoluciones.com\/de\/wp-json\/wp\/v2\/media\/142855"}],"wp:attachment":[{"href":"https:\/\/comprardevoluciones.com\/de\/wp-json\/wp\/v2\/media?parent=21685"}],"wp:term":[{"taxonomy":"product_brand","embeddable":true,"href":"https:\/\/comprardevoluciones.com\/de\/wp-json\/wp\/v2\/product_brand?post=21685"},{"taxonomy":"product_cat","embeddable":true,"href":"https:\/\/comprardevoluciones.com\/de\/wp-json\/wp\/v2\/product_cat?post=21685"},{"taxonomy":"product_tag","embeddable":true,"href":"https:\/\/comprardevoluciones.com\/de\/wp-json\/wp\/v2\/product_tag?post=21685"}],"curies":[{"name":"wp","href":"https:\/\/api.w.org\/{rel}","templated":true}]}}