{"id":138503,"date":"2025-11-10T11:00:34","date_gmt":"2025-11-10T10:00:34","guid":{"rendered":"https:\/\/comprardevoluciones.com\/?post_type=product&#038;p=138503"},"modified":"2025-11-10T10:08:08","modified_gmt":"2025-11-10T09:08:08","slug":"sp550551221","status":"publish","type":"product","link":"https:\/\/comprardevoluciones.com\/en\/producto\/sp550551221\/","title":{"rendered":"Caja de Herramientas [35 productos] (sp550551221)"},"content":{"rendered":"<p>Descripci\u00f3n y valor aproximados<\/p>\n<table>\n<tbody>\n<tr>\n<td><strong>FUENTE<\/strong><\/td>\n<td><strong>PRODUCTO<\/strong><\/td>\n<td><strong>VALOR (\u20ac)<\/strong><\/td>\n<td><strong>PAGAS (\u20ac)<\/strong><\/td>\n<\/tr>\n<tr>\n<td>MARKETPLACES<\/td>\n<td><a class=\"ljoptimizer\" href=\"https:\/\/www.amazon.es\/dp\/B01ID1GI4O?tag=amazon087683-21&amp;th=1\" target=\"_blank\" rel=\"nofollow noopener\">HELLA PAGID 8DB 355 022-991 Juego de zapatas de frenos R1342 Sistema de frenos Bosch por ej. NISSAN<\/a><\/td>\n<td>137 \u20ac<\/td>\n<td>32 \u20ac<\/td>\n<\/tr>\n<tr>\n<td>MARKETPLACES<\/td>\n<td><a class=\"ljoptimizer\" href=\"https:\/\/www.amazon.es\/dp\/B014PDAEZS?tag=amazon087683-21&amp;th=1\" target=\"_blank\" rel=\"nofollow noopener\">HELLA 8EA 012 526-191 Starter\/Anlasser &#8211; 12V &#8211; 2kW<\/a><\/td>\n<td>110 \u20ac<\/td>\n<td>25 \u20ac<\/td>\n<\/tr>\n<tr>\n<td>MARKETPLACES<\/td>\n<td><a class=\"ljoptimizer\" href=\"https:\/\/www.amazon.es\/dp\/B00CDA60GI?tag=amazon087683-21&amp;th=1\" target=\"_blank\" rel=\"nofollow noopener\">febi bilstein 23949 Riemenscheibe (entkoppelt) f\u00fcr Kurbelwelle, 1 St\u00fcck<\/a><\/td>\n<td>83 \u20ac<\/td>\n<td>19 \u20ac<\/td>\n<\/tr>\n<tr>\n<td>MARKETPLACES<\/td>\n<td><a class=\"ljoptimizer\" href=\"https:\/\/www.amazon.es\/dp\/B00CEFNEI4?tag=amazon087683-21&amp;th=1\" target=\"_blank\" rel=\"nofollow noopener\">HELLA 9EL 964 952-001 Piloto posterior &#8211; L\u00e1mparas incandescentes &#8211; Parte interior ECE &#8211; para circulaci\u00f3n por la derecha &#8211; derecha<\/a><\/td>\n<td>66 \u20ac<\/td>\n<td>15 \u20ac<\/td>\n<\/tr>\n<tr>\n<td>MARKETPLACES<\/td>\n<td><a class=\"ljoptimizer\" href=\"https:\/\/www.amazon.es\/dp\/B006ZSUQ4Q?tag=amazon087683-21&amp;th=1\" target=\"_blank\" rel=\"nofollow noopener\">Magneti Marelli 714021920802 Fanale Posteriore Destro<\/a><\/td>\n<td>63 \u20ac<\/td>\n<td>15 \u20ac<\/td>\n<\/tr>\n<tr>\n<td>MARKETPLACES<\/td>\n<td><a class=\"ljoptimizer\" href=\"https:\/\/www.amazon.es\/dp\/B006L7RYQO?tag=amazon087683-21&amp;th=1\" target=\"_blank\" rel=\"nofollow noopener\">Meyle 014 024 0079 Support moteur, Black<\/a><\/td>\n<td>62 \u20ac<\/td>\n<td>14 \u20ac<\/td>\n<\/tr>\n<tr>\n<td>MARKETPLACES<\/td>\n<td><a class=\"ljoptimizer\" href=\"https:\/\/www.amazon.es\/dp\/B00BHHB9PU?tag=amazon087683-21&amp;th=1\" target=\"_blank\" rel=\"nofollow noopener\">Bosch BD1048 Disques de frein &#8211; certification ECE-R90-1 jeu de 2 disques<\/a><\/td>\n<td>62 \u20ac<\/td>\n<td>14 \u20ac<\/td>\n<\/tr>\n<tr>\n<td>MARKETPLACES<\/td>\n<td><a class=\"ljoptimizer\" href=\"https:\/\/www.amazon.es\/dp\/B0828L4H1P?tag=amazon087683-21&amp;th=1\" target=\"_blank\" rel=\"nofollow noopener\">NOCO GENIUS1: 1A 6V\/12V Intelligentes Batterieladeger\u00e4t \u2013 Automatischer Erhaltungslader, Ladeger\u00e4t &amp; Entsulfator mit \u00dcberladeschutz &amp; Temperaturkompensation \u2013 F\u00fcr Blei- &amp; Lithiumbatterien<\/a><\/td>\n<td>45 \u20ac<\/td>\n<td>10 \u20ac<\/td>\n<\/tr>\n<tr>\n<td>MARKETPLACES<\/td>\n<td><a class=\"ljoptimizer\" href=\"https:\/\/www.amazon.es\/dp\/B09LVFL21Q?tag=amazon087683-21&amp;th=1\" target=\"_blank\" rel=\"nofollow noopener\">Dispensador autom\u00e1tico de cubiertas de zapatos, dispensador port\u00e1til de cubiertas de zapatos con botas de pl\u00e1stico desechables y cubiertas de zapatos para el hogar, oficina, f\u00e1brica (200 PCS)<\/a><\/td>\n<td>39 \u20ac<\/td>\n<td>9 \u20ac<\/td>\n<\/tr>\n<tr>\n<td>MARKETPLACES<\/td>\n<td><a class=\"ljoptimizer\" href=\"https:\/\/www.amazon.es\/dp\/B00BHHL92S?tag=amazon087683-21&amp;th=1\" target=\"_blank\" rel=\"nofollow noopener\">Bosch BP926 &#8211; Plaquettes de Frein Avant pour Voiture &#8211; Qualit\u00e9 Bosch &#8211; R\u00e9duction du Bruit et de la Poussi\u00e8re &#8211; Certifi\u00e9 ECE-R90 &#8211; Sans Cuivre &#8211; Jeu de 4 Plaquettes &#8211; Avec Accessoires<\/a><\/td>\n<td>37 \u20ac<\/td>\n<td>9 \u20ac<\/td>\n<\/tr>\n<tr>\n<td>MARKETPLACES<\/td>\n<td><a class=\"ljoptimizer\" href=\"https:\/\/www.amazon.es\/dp\/B0119VA332?tag=amazon087683-21&amp;th=1\" target=\"_blank\" rel=\"nofollow noopener\">Bosch Spr\u00fchpistole f\u00fcr die Farbspr\u00fchsysteme PFS 1000 and PFS 2000 (Volumen: 800 ml, im Karton)<\/a><\/td>\n<td>29 \u20ac<\/td>\n<td>7 \u20ac<\/td>\n<\/tr>\n<tr>\n<td>MARKETPLACES<\/td>\n<td><a class=\"ljoptimizer\" href=\"https:\/\/www.amazon.es\/dp\/B092R6ZD9W?tag=amazon087683-21&amp;th=1\" target=\"_blank\" rel=\"nofollow noopener\">biancoShabby\u00ae Chalk Paint Grigio Tortora &#8211; Pintura especial para exteriores &#8211; BiancoGarden &#8211; Restaura el jard\u00edn y el balc\u00f3n sin pintar y sin acabado (1 litro)<\/a><\/td>\n<td>25 \u20ac<\/td>\n<td>6 \u20ac<\/td>\n<\/tr>\n<tr>\n<td>MARKETPLACES<\/td>\n<td><a class=\"ljoptimizer\" href=\"https:\/\/www.amazon.es\/dp\/B00123QY1S?tag=amazon087683-21&amp;th=1\" target=\"_blank\" rel=\"nofollow noopener\">All Ride Bouilloire 12V &#8211; Bouilloire de Voyage 0,8L &#8211; Connexion \u00e0 l&#8217;Allume-Cigare de la Voiture &#8211; Boissons Chaudes en D\u00e9placement &#8211; pour Voiture, Camping-Car, Bateau et Camion &#8211; Plastique &#8211; Noir<\/a><\/td>\n<td>25 \u20ac<\/td>\n<td>6 \u20ac<\/td>\n<\/tr>\n<tr>\n<td>MARKETPLACES<\/td>\n<td><a class=\"ljoptimizer\" href=\"https:\/\/www.amazon.es\/dp\/B074PW4WJB?tag=amazon087683-21&amp;th=1\" target=\"_blank\" rel=\"nofollow noopener\">BONOMINI 5229AR79B4 V\u00e1lvula Mec\u00e1nica de No Retorno Anti-Olor, Gris Verde<\/a><\/td>\n<td>25 \u20ac<\/td>\n<td>6 \u20ac<\/td>\n<\/tr>\n<tr>\n<td>MARKETPLACES<\/td>\n<td><a class=\"ljoptimizer\" href=\"https:\/\/www.amazon.es\/dp\/B0039BUENA?tag=amazon087683-21&amp;th=1\" target=\"_blank\" rel=\"nofollow noopener\">Bosch BP1000 Bremsbel\u00e4ge &#8211; Hinterachse &#8211; ECE-R90 Zertifizierung &#8211; vier Bremsbel\u00e4ge pro Set<\/a><\/td>\n<td>25 \u20ac<\/td>\n<td>6 \u20ac<\/td>\n<\/tr>\n<tr>\n<td>MARKETPLACES<\/td>\n<td><a class=\"ljoptimizer\" href=\"https:\/\/www.amazon.es\/dp\/B07BMQ9BP5?tag=amazon087683-21&amp;th=1\" target=\"_blank\" rel=\"nofollow noopener\">Knipex Tijeras para electricistas con fundas multicomponentes, reforzadas con fibras de vidrio 160 mm 95 05 10 SB<\/a><\/td>\n<td>22 \u20ac<\/td>\n<td>5 \u20ac<\/td>\n<\/tr>\n<tr>\n<td>MARKETPLACES<\/td>\n<td><a class=\"ljoptimizer\" href=\"https:\/\/www.amazon.es\/dp\/B0BWRB955X?tag=amazon087683-21&amp;th=1\" target=\"_blank\" rel=\"nofollow noopener\">Diboniur Bilancia Pesapersone Digitale, Pesa Persona Professionale Bilancia Smart Impedenziometrica per IOS e Android con 12 Indicatori &#8211; Peso, Massa Grassa, Massa Magra, BMI e Altro<\/a><\/td>\n<td>22 \u20ac<\/td>\n<td>5 \u20ac<\/td>\n<\/tr>\n<tr>\n<td>MARKETPLACES<\/td>\n<td><a class=\"ljoptimizer\" href=\"https:\/\/www.amazon.es\/dp\/B07D739PBW?tag=amazon087683-21&amp;th=1\" target=\"_blank\" rel=\"nofollow noopener\">Favoto Funda para Moto Cubierta de la Motocicleta 210T Protectora Poli\u00e9ster con Banda Reflectante a Prueba de UV Agua Lluvia Polvo Viento Nieve Excremento de P\u00e1jaro al Aire Libre XXXL 265cm Negro<\/a><\/td>\n<td>21 \u20ac<\/td>\n<td>5 \u20ac<\/td>\n<\/tr>\n<tr>\n<td>MARKETPLACES<\/td>\n<td><a class=\"ljoptimizer\" href=\"https:\/\/www.amazon.es\/dp\/B071K631SS?tag=amazon087683-21&amp;th=1\" target=\"_blank\" rel=\"nofollow noopener\">Rothenberger Industrial 072984E D\u00e9boucheur spirale avec t\u00eate d&#8217;accrochage 5 m, Gris<\/a><\/td>\n<td>19 \u20ac<\/td>\n<td>4 \u20ac<\/td>\n<\/tr>\n<tr>\n<td>MARKETPLACES<\/td>\n<td><a class=\"ljoptimizer\" href=\"https:\/\/www.amazon.es\/dp\/B00DQE8WC0?tag=amazon087683-21&amp;th=1\" target=\"_blank\" rel=\"nofollow noopener\">MANN-FILTER C 41 002 Luftfilter &#8211; f\u00fcr Pkw + Transporter<\/a><\/td>\n<td>18 \u20ac<\/td>\n<td>4 \u20ac<\/td>\n<\/tr>\n<tr>\n<td>MARKETPLACES<\/td>\n<td><a class=\"ljoptimizer\" href=\"https:\/\/www.amazon.es\/dp\/B0CKXZR3JS?tag=amazon087683-21&amp;th=1\" target=\"_blank\" rel=\"nofollow noopener\">Puerta de Malla Magn\u00e9tica Apalus, Cortina Hecha de Malla, Cierre Magn\u00e9tico de Arriba a Abajo, Se Cierra Autom\u00e1ticamente y Mantiene el Aire Fresco\uff08140x220cm, Blanco\uff09<\/a><\/td>\n<td>17 \u20ac<\/td>\n<td>4 \u20ac<\/td>\n<\/tr>\n<tr>\n<td>MARKETPLACES<\/td>\n<td><a class=\"ljoptimizer\" href=\"https:\/\/www.amazon.es\/dp\/B00J4JMTUW?tag=amazon087683-21&amp;th=1\" target=\"_blank\" rel=\"nofollow noopener\">SIMON &#8211; Mata Moscas y Mosquitos El\u00e9ctrico, L\u00e1mpara Antimosquitos para Interior, Mata Moscas Electr\u00f3nico, Ilumina y Mata Insectos Voladores, Cobertura de 30m\u00b2, Luz LED Fluorescente de 13W, Color Negro<\/a><\/td>\n<td>17 \u20ac<\/td>\n<td>4 \u20ac<\/td>\n<\/tr>\n<tr>\n<td>MARKETPLACES<\/td>\n<td><a class=\"ljoptimizer\" href=\"https:\/\/www.amazon.es\/dp\/B005NJZGKC?tag=amazon087683-21&amp;th=1\" target=\"_blank\" rel=\"nofollow noopener\">Shad D1B29PAR Top Case SH29 Universel Noir<\/a><\/td>\n<td>16 \u20ac<\/td>\n<td>4 \u20ac<\/td>\n<\/tr>\n<tr>\n<td>MARKETPLACES<\/td>\n<td><a class=\"ljoptimizer\" href=\"https:\/\/www.amazon.es\/dp\/B003EJXTE8?tag=amazon087683-21&amp;th=1\" target=\"_blank\" rel=\"nofollow noopener\">Bosch Automotive FR7LDC (+7) &#8211; Nickel Z\u00fcndkerzen &#8211; 4er Set<\/a><\/td>\n<td>14 \u20ac<\/td>\n<td>3 \u20ac<\/td>\n<\/tr>\n<tr>\n<td>MARKETPLACES<\/td>\n<td><a class=\"ljoptimizer\" href=\"https:\/\/www.amazon.es\/dp\/B07C71YWS9?tag=amazon087683-21&amp;th=1\" target=\"_blank\" rel=\"nofollow noopener\">Velilla 700; Camice Manica Lunga; Colore Verde; Taglia 60<\/a><\/td>\n<td>14 \u20ac<\/td>\n<td>3 \u20ac<\/td>\n<\/tr>\n<tr>\n<td>MARKETPLACES<\/td>\n<td><a class=\"ljoptimizer\" href=\"https:\/\/www.amazon.es\/dp\/B073QQS4H3?tag=amazon087683-21&amp;th=1\" target=\"_blank\" rel=\"nofollow noopener\">Reductor de presi\u00f3n 1\/4 para equipos \u00d3smosis Inversa. Dise\u00f1o simple, compacto y sin necesidad de accionamientos externos. Dise\u00f1ada para proteger el sistema de filtraci\u00f3n. Bbagua.<\/a><\/td>\n<td>13 \u20ac<\/td>\n<td>3 \u20ac<\/td>\n<\/tr>\n<tr>\n<td>MARKETPLACES<\/td>\n<td><a class=\"ljoptimizer\" href=\"https:\/\/www.amazon.es\/dp\/B075XWFDM6?tag=amazon087683-21&amp;th=1\" target=\"_blank\" rel=\"nofollow noopener\">Command Tiras Adhesivas para Colgar Cuadros, 8 pares Grandes\/4 pares Medianas, Blancas &#8211; Para Marcos, Espejos, Letreros, o Relojes de Pared &#8211; Colgar Sin Agujeros y Sin Taladrar<\/a><\/td>\n<td>11 \u20ac<\/td>\n<td>3 \u20ac<\/td>\n<\/tr>\n<tr>\n<td>MARKETPLACES<\/td>\n<td><a class=\"ljoptimizer\" href=\"https:\/\/www.amazon.es\/dp\/B0862WZ9DZ?tag=amazon087683-21&amp;th=1\" target=\"_blank\" rel=\"nofollow noopener\">Ibergrif M20509B Universal Ablaufgarnitur Ventil f\u00fcr Waschbecken, mit \u00dcberlauf, Chrom, Schwarz<\/a><\/td>\n<td>11 \u20ac<\/td>\n<td>3 \u20ac<\/td>\n<\/tr>\n<tr>\n<td>MARKETPLACES<\/td>\n<td><a class=\"ljoptimizer\" href=\"https:\/\/www.amazon.es\/dp\/B0862WZ9DZ?tag=amazon087683-21&amp;th=1\" target=\"_blank\" rel=\"nofollow noopener\">Ibergrif M20509B Universal Ablaufgarnitur Ventil f\u00fcr Waschbecken, mit \u00dcberlauf, Chrom, Schwarz<\/a><\/td>\n<td>11 \u20ac<\/td>\n<td>3 \u20ac<\/td>\n<\/tr>\n<tr>\n<td>MARKETPLACES<\/td>\n<td><a class=\"ljoptimizer\" href=\"https:\/\/www.amazon.es\/dp\/B005NYM7RW?tag=amazon087683-21&amp;th=1\" target=\"_blank\" rel=\"nofollow noopener\">APS 81404 GN 1\/4 Beh\u00e4lter, rostfreier Gastronormbeh\u00e4lter Edelstahl, Abmessungen 265 x 160 mm\/H\u00f6he 100 mm\/Volumen 2,8 Liter<\/a><\/td>\n<td>9 \u20ac<\/td>\n<td>2 \u20ac<\/td>\n<\/tr>\n<tr>\n<td>MARKETPLACES<\/td>\n<td><a class=\"ljoptimizer\" href=\"https:\/\/www.amazon.es\/dp\/B07DDJQYJH?tag=amazon087683-21&amp;th=1\" target=\"_blank\" rel=\"nofollow noopener\">M MODAUTO Aleron Delantero de Coche, Pegatina Protector, Parachoques Delantero, Protector Parachoques, Longitud 2.5m, Ancho 60mm, Universal, Modelo F605BK, Negro Puro<\/a><\/td>\n<td>7 \u20ac<\/td>\n<td>2 \u20ac<\/td>\n<\/tr>\n<tr>\n<td>MARKETPLACES<\/td>\n<td><a class=\"ljoptimizer\" href=\"https:\/\/www.amazon.es\/dp\/B07NKJ1BZX?tag=amazon087683-21&amp;th=1\" target=\"_blank\" rel=\"nofollow noopener\">Amig &#8211; Cierre de Embutir para Ventanas y Puertas Correderas &#8211; Canto redondo &#8211; Manija de gancho con Pulsador Antideslizante &#8211; Aluminio &#8211; Color Blanco &#8211; 169 x 23 mm<\/a><\/td>\n<td>5 \u20ac<\/td>\n<td>1 \u20ac<\/td>\n<\/tr>\n<tr>\n<td>MARKETPLACES<\/td>\n<td><a class=\"ljoptimizer\" href=\"https:\/\/www.amazon.es\/dp\/B004U9TMUG?tag=amazon087683-21&amp;th=1\" target=\"_blank\" rel=\"nofollow noopener\">Kopp 342210088 Marco decorativo de 1 pliegue, transparente<\/a><\/td>\n<td>5 \u20ac<\/td>\n<td>1 \u20ac<\/td>\n<\/tr>\n<tr>\n<td>MARKETPLACES<\/td>\n<td><a class=\"ljoptimizer\" href=\"https:\/\/www.amazon.es\/dp\/B0070B8PQ8?tag=amazon087683-21&amp;th=1\" target=\"_blank\" rel=\"nofollow noopener\">Burlete de espuma para umbral de puertas tesamoll, 95cm x 38 mm, color blanco<\/a><\/td>\n<td>4 \u20ac<\/td>\n<td>1 \u20ac<\/td>\n<\/tr>\n<tr>\n<td>MARKETPLACES<\/td>\n<td><a class=\"ljoptimizer\" href=\"https:\/\/www.amazon.es\/dp\/B004WD9PXY?tag=amazon087683-21&amp;th=1\" target=\"_blank\" rel=\"nofollow noopener\">Bosch 1 987 302 041 L\u00e1mpara, faro principal<\/a><\/td>\n<td>3 \u20ac<\/td>\n<td>1 \u20ac<\/td>\n<\/tr>\n<\/tbody>\n<\/table>\n","protected":false},"excerpt":{"rendered":"<p>Caja de Herramientas sin revisar procedente de devoluciones de marketplaces<\/p>\n<ul>\n<li>N\u00famero de productos: 35<\/li>\n<li>Valor aproximado: 1092.00<\/li>\n<li>Porcentaje que se paga: 19% + IVA<\/li>\n<li>Tiempo de entrega estimado: 3 a 7 d\u00edas<\/li>\n<\/ul>\n<p>*Los precios incluyen IVA<\/p>\n","protected":false},"featured_media":139406,"template":"","meta":{"site-sidebar-layout":"default","site-content-layout":"","ast-site-content-layout":"default","site-content-style":"default","site-sidebar-style":"default","ast-global-header-display":"","ast-banner-title-visibility":"","ast-main-header-display":"","ast-hfb-above-header-display":"","ast-hfb-below-header-display":"","ast-hfb-mobile-header-display":"","site-post-title":"","ast-breadcrumbs-content":"","ast-featured-img":"","footer-sml-layout":"","ast-disable-related-posts":"","theme-transparent-header-meta":"default","adv-header-id-meta":"","stick-header-meta":"","header-above-stick-meta":"","header-main-stick-meta":"","header-below-stick-meta":"","astra-migrate-meta-layouts":"set","ast-page-background-enabled":"default","ast-page-background-meta":{"desktop":{"background-color":"var(--ast-global-color-4)","background-image":"","background-repeat":"repeat","background-position":"center center","background-size":"auto","background-attachment":"scroll","background-type":"","background-media":"","overlay-type":"","overlay-color":"","overlay-opacity":"","overlay-gradient":""},"tablet":{"background-color":"","background-image":"","background-repeat":"repeat","background-position":"center center","background-size":"auto","background-attachment":"scroll","background-type":"","background-media":"","overlay-type":"","overlay-color":"","overlay-opacity":"","overlay-gradient":""},"mobile":{"background-color":"","background-image":"","background-repeat":"repeat","background-position":"center center","background-size":"auto","background-attachment":"scroll","background-type":"","background-media":"","overlay-type":"","overlay-color":"","overlay-opacity":"","overlay-gradient":""}},"ast-content-background-meta":{"desktop":{"background-color":"var(--ast-global-color-5)","background-image":"","background-repeat":"repeat","background-position":"center center","background-size":"auto","background-attachment":"scroll","background-type":"","background-media":"","overlay-type":"","overlay-color":"","overlay-opacity":"","overlay-gradient":""},"tablet":{"background-color":"var(--ast-global-color-5)","background-image":"","background-repeat":"repeat","background-position":"center center","background-size":"auto","background-attachment":"scroll","background-type":"","background-media":"","overlay-type":"","overlay-color":"","overlay-opacity":"","overlay-gradient":""},"mobile":{"background-color":"var(--ast-global-color-5)","background-image":"","background-repeat":"repeat","background-position":"center center","background-size":"auto","background-attachment":"scroll","background-type":"","background-media":"","overlay-type":"","overlay-color":"","overlay-opacity":"","overlay-gradient":""}}},"product_brand":[],"product_cat":[49,42],"product_tag":[],"class_list":{"0":"post-138503","1":"product","2":"type-product","3":"status-publish","4":"has-post-thumbnail","6":"product_cat-cajas","7":"product_cat-herramientas","8":"product_shipping_class-caja","9":"desktop-align-left","10":"tablet-align-left","11":"mobile-align-left","13":"first","14":"instock","15":"sale","16":"downloadable","17":"taxable","18":"shipping-taxable","19":"purchasable","20":"product-type-simple"},"yoast_head":"<!-- This site is optimized with the Yoast SEO plugin v27.2 - https:\/\/yoast.com\/product\/yoast-seo-wordpress\/ -->\n<title>Caja de Herramientas [35 productos] (sp550551221) - Comprardevoluciones - Tu tienda de Devoluciones de Amazon<\/title>\n<meta name=\"robots\" content=\"noindex, follow\" \/>\n<meta property=\"og:locale\" content=\"en_US\" \/>\n<meta property=\"og:type\" content=\"article\" \/>\n<meta property=\"og:title\" content=\"Caja de Herramientas [35 productos] (sp550551221) - Comprardevoluciones - Tu tienda de Devoluciones de Amazon\" \/>\n<meta property=\"og:description\" content=\"Caja de Herramientas sin revisar procedente de devoluciones de marketplaces   N\u00famero de productos: 35  Valor aproximado: 1092.00  Porcentaje que se paga: 19% + IVA  Tiempo de entrega estimado: 3 a 7 d\u00edas  *Los precios incluyen IVA\" \/>\n<meta property=\"og:url\" content=\"https:\/\/comprardevoluciones.com\/producto\/sp550551221\/\" \/>\n<meta property=\"og:site_name\" content=\"Comprardevoluciones - Tu tienda de Devoluciones de Amazon\" \/>\n<meta property=\"og:image\" content=\"https:\/\/comprardevoluciones.com\/wp-content\/uploads\/2025\/10\/sp550551221-1.jpg\" \/>\n\t<meta property=\"og:image:width\" content=\"700\" \/>\n\t<meta property=\"og:image:height\" content=\"700\" \/>\n\t<meta property=\"og:image:type\" content=\"image\/jpeg\" \/>\n<meta name=\"twitter:card\" content=\"summary_large_image\" \/>\n<meta name=\"twitter:label1\" content=\"Est. reading time\" \/>\n\t<meta name=\"twitter:data1\" content=\"4 minutes\" \/>\n<script type=\"application\/ld+json\" class=\"yoast-schema-graph\">{\"@context\":\"https:\/\/schema.org\",\"@graph\":[{\"@type\":\"WebPage\",\"@id\":\"https:\/\/comprardevoluciones.com\/producto\/sp550551221\/\",\"url\":\"https:\/\/comprardevoluciones.com\/producto\/sp550551221\/\",\"name\":\"Caja de Herramientas [35 productos] (sp550551221) - Comprardevoluciones - Tu tienda de Devoluciones de Amazon\",\"isPartOf\":{\"@id\":\"https:\/\/comprardevoluciones.com\/#website\"},\"primaryImageOfPage\":{\"@id\":\"https:\/\/comprardevoluciones.com\/producto\/sp550551221\/#primaryimage\"},\"image\":{\"@id\":\"https:\/\/comprardevoluciones.com\/producto\/sp550551221\/#primaryimage\"},\"thumbnailUrl\":\"https:\/\/comprardevoluciones.com\/wp-content\/uploads\/2025\/10\/sp550551221-1.jpg\",\"datePublished\":\"2025-11-10T10:00:34+00:00\",\"breadcrumb\":{\"@id\":\"https:\/\/comprardevoluciones.com\/producto\/sp550551221\/#breadcrumb\"},\"inLanguage\":\"en-US\",\"potentialAction\":[{\"@type\":\"ReadAction\",\"target\":[\"https:\/\/comprardevoluciones.com\/producto\/sp550551221\/\"]}]},{\"@type\":\"ImageObject\",\"inLanguage\":\"en-US\",\"@id\":\"https:\/\/comprardevoluciones.com\/producto\/sp550551221\/#primaryimage\",\"url\":\"https:\/\/comprardevoluciones.com\/wp-content\/uploads\/2025\/10\/sp550551221-1.jpg\",\"contentUrl\":\"https:\/\/comprardevoluciones.com\/wp-content\/uploads\/2025\/10\/sp550551221-1.jpg\",\"width\":700,\"height\":700},{\"@type\":\"BreadcrumbList\",\"@id\":\"https:\/\/comprardevoluciones.com\/producto\/sp550551221\/#breadcrumb\",\"itemListElement\":[{\"@type\":\"ListItem\",\"position\":1,\"name\":\"Portada\",\"item\":\"https:\/\/comprardevoluciones.com\/en\/\"},{\"@type\":\"ListItem\",\"position\":2,\"name\":\"Shop\",\"item\":\"https:\/\/comprardevoluciones.com\/en\/shop\/\"},{\"@type\":\"ListItem\",\"position\":3,\"name\":\"Caja de Herramientas [35 productos] (sp550551221)\"}]},{\"@type\":\"WebSite\",\"@id\":\"https:\/\/comprardevoluciones.com\/#website\",\"url\":\"https:\/\/comprardevoluciones.com\/\",\"name\":\"Comprardevoluciones - Tu tienda de Devoluciones de Amazon\",\"description\":\"Consigue Stock en buen estado a un precio imbatible\",\"potentialAction\":[{\"@type\":\"SearchAction\",\"target\":{\"@type\":\"EntryPoint\",\"urlTemplate\":\"https:\/\/comprardevoluciones.com\/?s={search_term_string}\"},\"query-input\":{\"@type\":\"PropertyValueSpecification\",\"valueRequired\":true,\"valueName\":\"search_term_string\"}}],\"inLanguage\":\"en-US\"}]}<\/script>\n<!-- \/ Yoast SEO plugin. -->","yoast_head_json":{"title":"Caja de Herramientas [35 productos] (sp550551221) - Comprardevoluciones - Tu tienda de Devoluciones de Amazon","robots":{"index":"noindex","follow":"follow"},"og_locale":"en_US","og_type":"article","og_title":"Caja de Herramientas [35 productos] (sp550551221) - Comprardevoluciones - Tu tienda de Devoluciones de Amazon","og_description":"Caja de Herramientas sin revisar procedente de devoluciones de marketplaces   N\u00famero de productos: 35  Valor aproximado: 1092.00  Porcentaje que se paga: 19% + IVA  Tiempo de entrega estimado: 3 a 7 d\u00edas  *Los precios incluyen IVA","og_url":"https:\/\/comprardevoluciones.com\/producto\/sp550551221\/","og_site_name":"Comprardevoluciones - Tu tienda de Devoluciones de Amazon","og_image":[{"width":700,"height":700,"url":"https:\/\/comprardevoluciones.com\/wp-content\/uploads\/2025\/10\/sp550551221-1.jpg","type":"image\/jpeg"}],"twitter_card":"summary_large_image","twitter_misc":{"Est. reading time":"4 minutes"},"schema":{"@context":"https:\/\/schema.org","@graph":[{"@type":"WebPage","@id":"https:\/\/comprardevoluciones.com\/producto\/sp550551221\/","url":"https:\/\/comprardevoluciones.com\/producto\/sp550551221\/","name":"Caja de Herramientas [35 productos] (sp550551221) - Comprardevoluciones - Tu tienda de Devoluciones de Amazon","isPartOf":{"@id":"https:\/\/comprardevoluciones.com\/#website"},"primaryImageOfPage":{"@id":"https:\/\/comprardevoluciones.com\/producto\/sp550551221\/#primaryimage"},"image":{"@id":"https:\/\/comprardevoluciones.com\/producto\/sp550551221\/#primaryimage"},"thumbnailUrl":"https:\/\/comprardevoluciones.com\/wp-content\/uploads\/2025\/10\/sp550551221-1.jpg","datePublished":"2025-11-10T10:00:34+00:00","breadcrumb":{"@id":"https:\/\/comprardevoluciones.com\/producto\/sp550551221\/#breadcrumb"},"inLanguage":"en-US","potentialAction":[{"@type":"ReadAction","target":["https:\/\/comprardevoluciones.com\/producto\/sp550551221\/"]}]},{"@type":"ImageObject","inLanguage":"en-US","@id":"https:\/\/comprardevoluciones.com\/producto\/sp550551221\/#primaryimage","url":"https:\/\/comprardevoluciones.com\/wp-content\/uploads\/2025\/10\/sp550551221-1.jpg","contentUrl":"https:\/\/comprardevoluciones.com\/wp-content\/uploads\/2025\/10\/sp550551221-1.jpg","width":700,"height":700},{"@type":"BreadcrumbList","@id":"https:\/\/comprardevoluciones.com\/producto\/sp550551221\/#breadcrumb","itemListElement":[{"@type":"ListItem","position":1,"name":"Portada","item":"https:\/\/comprardevoluciones.com\/en\/"},{"@type":"ListItem","position":2,"name":"Shop","item":"https:\/\/comprardevoluciones.com\/en\/shop\/"},{"@type":"ListItem","position":3,"name":"Caja de Herramientas [35 productos] (sp550551221)"}]},{"@type":"WebSite","@id":"https:\/\/comprardevoluciones.com\/#website","url":"https:\/\/comprardevoluciones.com\/","name":"Comprardevoluciones - Tu tienda de Devoluciones de Amazon","description":"Consigue Stock en buen estado a un precio imbatible","potentialAction":[{"@type":"SearchAction","target":{"@type":"EntryPoint","urlTemplate":"https:\/\/comprardevoluciones.com\/?s={search_term_string}"},"query-input":{"@type":"PropertyValueSpecification","valueRequired":true,"valueName":"search_term_string"}}],"inLanguage":"en-US"}]}},"_links":{"self":[{"href":"https:\/\/comprardevoluciones.com\/en\/wp-json\/wp\/v2\/product\/138503","targetHints":{"allow":["GET"]}}],"collection":[{"href":"https:\/\/comprardevoluciones.com\/en\/wp-json\/wp\/v2\/product"}],"about":[{"href":"https:\/\/comprardevoluciones.com\/en\/wp-json\/wp\/v2\/types\/product"}],"wp:featuredmedia":[{"embeddable":true,"href":"https:\/\/comprardevoluciones.com\/en\/wp-json\/wp\/v2\/media\/139406"}],"wp:attachment":[{"href":"https:\/\/comprardevoluciones.com\/en\/wp-json\/wp\/v2\/media?parent=138503"}],"wp:term":[{"taxonomy":"product_brand","embeddable":true,"href":"https:\/\/comprardevoluciones.com\/en\/wp-json\/wp\/v2\/product_brand?post=138503"},{"taxonomy":"product_cat","embeddable":true,"href":"https:\/\/comprardevoluciones.com\/en\/wp-json\/wp\/v2\/product_cat?post=138503"},{"taxonomy":"product_tag","embeddable":true,"href":"https:\/\/comprardevoluciones.com\/en\/wp-json\/wp\/v2\/product_tag?post=138503"}],"curies":[{"name":"wp","href":"https:\/\/api.w.org\/{rel}","templated":true}]}}