{"id":142094,"date":"2026-04-02T16:00:40","date_gmt":"2026-04-02T15:00:40","guid":{"rendered":"https:\/\/comprardevoluciones.com\/?post_type=product&#038;p=142094"},"modified":"2026-04-02T19:34:30","modified_gmt":"2026-04-02T18:34:30","slug":"25200315","status":"publish","type":"product","link":"https:\/\/comprardevoluciones.com\/en\/producto\/25200315\/","title":{"rendered":"Pal\u00e9 de Cuidado Personal [19 productos] (25200315)"},"content":{"rendered":"<p>Descripci\u00f3n y valor aproximados<\/p>\n<table>\n<tbody>\n<tr>\n<td><strong>FUENTE<\/strong><\/td>\n<td><strong>PRODUCTO<\/strong><\/td>\n<td><strong>VALOR (\u20ac)<\/strong><\/td>\n<td><strong>PAGAS (\u20ac)<\/strong><\/td>\n<\/tr>\n<tr>\n<td>MARKETPLACES<\/td>\n<td><a class=\"ljoptimizer\" href=\"https:\/\/www.amazon.es\/dp\/B07965NDW7?tag=amazon087683-21&amp;th=1\" target=\"_blank\" rel=\"nofollow noopener\">Withings Body Cardio: b\u00e1scula inteligente con Wi-Fi con an\u00e1lisis de composici\u00f3n corporal, monitoreo de la salud card\u00edaca, edad vascular, IMC, grasa, masa muscular y \u00f3sea,% de agua &#8211; Negro<\/a><\/td>\n<td>180 \u20ac<\/td>\n<td>41 \u20ac<\/td>\n<\/tr>\n<tr>\n<td>MARKETPLACES<\/td>\n<td><a class=\"ljoptimizer\" href=\"https:\/\/www.amazon.es\/dp\/B07965NDW7?tag=amazon087683-21&amp;th=1\" target=\"_blank\" rel=\"nofollow noopener\">Withings Body Cardio: b\u00e1scula inteligente con Wi-Fi con an\u00e1lisis de composici\u00f3n corporal, monitoreo de la salud card\u00edaca, edad vascular, IMC, grasa, masa muscular y \u00f3sea,% de agua &#8211; Negro<\/a><\/td>\n<td>180 \u20ac<\/td>\n<td>41 \u20ac<\/td>\n<\/tr>\n<tr>\n<td>MARKETPLACES<\/td>\n<td><a class=\"ljoptimizer\" href=\"https:\/\/www.amazon.es\/dp\/B00UTKYLTC?tag=amazon087683-21&amp;th=1\" target=\"_blank\" rel=\"nofollow noopener\">Mobiclinic\u00ae, Coj\u00edn Antiescaras de Aire, Prevenci\u00f3n de Escaras y Alivio de presi\u00f3n, Ideal para Silla de Ruedas,45x40x6 cm, Funda Transpirable y Lavable, Incluye Bomba y Kit de Reparaci\u00f3n, Q-Air<\/a><\/td>\n<td>142 \u20ac<\/td>\n<td>33 \u20ac<\/td>\n<\/tr>\n<tr>\n<td>MARKETPLACES<\/td>\n<td><a class=\"ljoptimizer\" href=\"https:\/\/www.amazon.es\/dp\/B07JKS3HXS?tag=amazon087683-21&amp;th=1\" target=\"_blank\" rel=\"nofollow noopener\">RENPHO Masajeador de Pies con Control Remoto,El\u00e9ctrico Masaje Shiatsu presoterapia en casa con Calor Infrarrojo, Rodillos y Compresi\u00f3n de Aire, Masajeador de Piernas para Casa Oficina Uso<\/a><\/td>\n<td>137 \u20ac<\/td>\n<td>32 \u20ac<\/td>\n<\/tr>\n<tr>\n<td>MARKETPLACES<\/td>\n<td><a class=\"ljoptimizer\" href=\"https:\/\/www.amazon.es\/dp\/B0B8GDBKY2?tag=amazon087683-21&amp;th=1\" target=\"_blank\" rel=\"nofollow noopener\">QUIRUMED Silla de ruedas plegable para traslado, Reposapi\u00e9s abatibles y extra\u00edbles, Cintur\u00f3n de seguridad, Frenos en manetas, Para mayores, Para minusv\u00e1lidos, Hasta 120 kg<\/a><\/td>\n<td>136 \u20ac<\/td>\n<td>31 \u20ac<\/td>\n<\/tr>\n<tr>\n<td>MARKETPLACES<\/td>\n<td><a class=\"ljoptimizer\" href=\"https:\/\/www.amazon.es\/dp\/B0DK4TJVSB?tag=amazon087683-21&amp;th=1\" target=\"_blank\" rel=\"nofollow noopener\">OrtoPrime Silla de Ruedas de Tr\u00e1nsito ALUMINIO Silla de Ruedas PLEGABLE Ligera &#8211; Silla Ruedas Ancianos ORTOP\u00c9DICA &#8211; Cadeira de Rodas para Idosos &#8211; Silla de Ruedas ESTRECHA para Casa y Exterior<\/a><\/td>\n<td>113 \u20ac<\/td>\n<td>26 \u20ac<\/td>\n<\/tr>\n<tr>\n<td>MARKETPLACES<\/td>\n<td><a class=\"ljoptimizer\" href=\"https:\/\/www.amazon.es\/dp\/B0DK4TJVSB?tag=amazon087683-21&amp;th=1\" target=\"_blank\" rel=\"nofollow noopener\">OrtoPrime Silla de Ruedas de Tr\u00e1nsito ALUMINIO Silla de Ruedas PLEGABLE Ligera &#8211; Silla Ruedas Ancianos ORTOP\u00c9DICA &#8211; Cadeira de Rodas para Idosos &#8211; Silla de Ruedas ESTRECHA para Casa y Exterior<\/a><\/td>\n<td>113 \u20ac<\/td>\n<td>26 \u20ac<\/td>\n<\/tr>\n<tr>\n<td>MARKETPLACES<\/td>\n<td><a class=\"ljoptimizer\" href=\"https:\/\/www.amazon.es\/dp\/B0D97CG22K?tag=amazon087683-21&amp;th=1\" target=\"_blank\" rel=\"nofollow noopener\">VEVOR Silla de Ducha Giratoria de 360 \u200b\u200bGrados con Brazos Pivotantes para Duchas o Ba\u00f1eras Interiores, para Personas Mayores Discapacitadas Lesionadas, Capacidad de 180 kg, 530 x 520 x 835 mm<\/a><\/td>\n<td>102 \u20ac<\/td>\n<td>23 \u20ac<\/td>\n<\/tr>\n<tr>\n<td>MARKETPLACES<\/td>\n<td><a class=\"ljoptimizer\" href=\"https:\/\/www.amazon.es\/dp\/B0F8JCP23H?tag=amazon087683-21&amp;th=1\" target=\"_blank\" rel=\"nofollow noopener\">Cecotec Cepillo de Aire Voluminizador 8 Cabezales CeramicCare AirGlam Black Essential 1400W, Digital Brushless 110000rpm, Placas Ceramica, Tecnolog\u00eda Coanda, Iones Negativos, 3 Temperaturas<\/a><\/td>\n<td>99 \u20ac<\/td>\n<td>23 \u20ac<\/td>\n<\/tr>\n<tr>\n<td>MARKETPLACES<\/td>\n<td><a class=\"ljoptimizer\" href=\"https:\/\/www.amazon.es\/dp\/B0CXTQG1NT?tag=amazon087683-21&amp;th=1\" target=\"_blank\" rel=\"nofollow noopener\">Cecotec Cepillo de Aire Secador Moldeador Alisador Multifunci\u00f3n 8 Cabezales CeramicCare AirGlam Champagne. 1400W, Tecnolog\u00eda Coanda, 3 Velocidades, 3 Temperaturas, Control Inteligente Calor, 110000rpm<\/a><\/td>\n<td>79 \u20ac<\/td>\n<td>18 \u20ac<\/td>\n<\/tr>\n<tr>\n<td>MARKETPLACES<\/td>\n<td><a class=\"ljoptimizer\" href=\"https:\/\/www.amazon.es\/dp\/B0CS3TKZX1?tag=amazon087683-21&amp;th=1\" target=\"_blank\" rel=\"nofollow noopener\">PEPE Mobility Silla WC con Tapa, Asiento y Respaldo Acolchado, Altura Regulable, Cubo extraible, Silla Orinal para Personas Mayores<\/a><\/td>\n<td>77 \u20ac<\/td>\n<td>18 \u20ac<\/td>\n<\/tr>\n<tr>\n<td>MARKETPLACES<\/td>\n<td><a class=\"ljoptimizer\" href=\"https:\/\/www.amazon.es\/dp\/B0716Q11L4?tag=amazon087683-21&amp;th=1\" target=\"_blank\" rel=\"nofollow noopener\">Mobiclinic\u00ae, Andador Plegable, Ajustable, Resistente, Em\u00e9rita, Acero, Empu\u00f1aduras Ergon\u00f3micas, Ligero, con Asiento y 2 Ruedas, Azul<\/a><\/td>\n<td>73 \u20ac<\/td>\n<td>17 \u20ac<\/td>\n<\/tr>\n<tr>\n<td>MARKETPLACES<\/td>\n<td><a class=\"ljoptimizer\" href=\"https:\/\/www.amazon.es\/dp\/B0D5RC4MJ1?tag=amazon087683-21&amp;th=1\" target=\"_blank\" rel=\"nofollow noopener\">KMINA Tabla de Transferencia Deslizante para Silla de Ruedas, Sistema F\u00e1cil para Mover Pacientes con Asa para Cama, Inodoro y Ba\u00f1era<\/a><\/td>\n<td>59 \u20ac<\/td>\n<td>14 \u20ac<\/td>\n<\/tr>\n<tr>\n<td>MARKETPLACES<\/td>\n<td><a class=\"ljoptimizer\" href=\"https:\/\/www.amazon.es\/dp\/B09MS3FXGQ?tag=amazon087683-21&amp;th=1\" target=\"_blank\" rel=\"nofollow noopener\">Mobiclinic, Manta el\u00e9ctrica, 160&#215;120 cm, Temperatura regulable, Muy bajo consumo, 100w, Apagado autom\u00e1tico, Lavable, T\u00e9rmica con mando, 3 ajustes de calor, Calentamiento r\u00e1pido, Marr\u00f3n<\/a><\/td>\n<td>53 \u20ac<\/td>\n<td>12 \u20ac<\/td>\n<\/tr>\n<tr>\n<td>MARKETPLACES<\/td>\n<td><a class=\"ljoptimizer\" href=\"https:\/\/www.amazon.es\/dp\/B00NSW2SV6?tag=amazon087683-21&amp;th=1\" target=\"_blank\" rel=\"nofollow noopener\">Beurer FB 35 Hidromasaje para Pies, 140 W, 3 funciones de masaje vibratorio, masaje con burbujas, calentamiento de agua, 16 imanes, aromaterapia, 41 x 38 x 17 cm, rojo y blanco<\/a><\/td>\n<td>50 \u20ac<\/td>\n<td>12 \u20ac<\/td>\n<\/tr>\n<tr>\n<td>MARKETPLACES<\/td>\n<td><a class=\"ljoptimizer\" href=\"https:\/\/www.amazon.es\/dp\/B00NSW2SV6?tag=amazon087683-21&amp;th=1\" target=\"_blank\" rel=\"nofollow noopener\">Beurer FB 35 Hidromasaje para Pies, 140 W, 3 funciones de masaje vibratorio, masaje con burbujas, calentamiento de agua, 16 imanes, aromaterapia, 41 x 38 x 17 cm, rojo y blanco<\/a><\/td>\n<td>50 \u20ac<\/td>\n<td>12 \u20ac<\/td>\n<\/tr>\n<tr>\n<td>MARKETPLACES<\/td>\n<td><a class=\"ljoptimizer\" href=\"https:\/\/www.amazon.es\/dp\/B09V9SG7SW?tag=amazon087683-21&amp;th=1\" target=\"_blank\" rel=\"nofollow noopener\">OrtoPrime Apoyabrazos WC Port\u00e1til Inodoro y Hogar &#8211; Barra Ba\u00f1o Minusv\u00e1lidos &#8211; Estructura de Apoyo para Inodoro &#8211; Incorporador Elevador WC Barras minusv\u00e1lidos y Adultos &#8211; Asideros Ba\u00f1o Acolchado<\/a><\/td>\n<td>48 \u20ac<\/td>\n<td>11 \u20ac<\/td>\n<\/tr>\n<tr>\n<td>MARKETPLACES<\/td>\n<td><a class=\"ljoptimizer\" href=\"https:\/\/www.amazon.es\/dp\/B003GAAXAI?tag=amazon087683-21&amp;th=1\" target=\"_blank\" rel=\"nofollow noopener\">Savanah &#8211; Asiento elevador con tapa para retrete (15 cm)<\/a><\/td>\n<td>31 \u20ac<\/td>\n<td>7 \u20ac<\/td>\n<\/tr>\n<tr>\n<td>MARKETPLACES<\/td>\n<td><a class=\"ljoptimizer\" href=\"https:\/\/www.amazon.es\/dp\/B095Z3KHPH?tag=amazon087683-21&amp;th=1\" target=\"_blank\" rel=\"nofollow noopener\">PEPE Mobility Elevador WC Adulto con Tapa, 10 cm de Altura, Alzador WC Ortop\u00e9dico, F\u00e1cil Instalaci\u00f3n y Seguro<\/a><\/td>\n<td>30 \u20ac<\/td>\n<td>7 \u20ac<\/td>\n<\/tr>\n<\/tbody>\n<\/table>\n","protected":false},"excerpt":{"rendered":"<p>Pal\u00e9 de Cuidado Personal sin revisar procedente de devoluciones de marketplaces<\/p>\n<ul>\n<li>N\u00famero de productos: 19<\/li>\n<li>Valor aproximado: 1752.00<\/li>\n<li>Porcentaje que se paga: 19% + IVA<\/li>\n<li>Tiempo de entrega estimado: 3 a 7 d\u00edas<\/li>\n<\/ul>\n<p>*Los precios incluyen IVA<\/p>\n","protected":false},"featured_media":142105,"template":"","meta":{"site-sidebar-layout":"default","site-content-layout":"","ast-site-content-layout":"default","site-content-style":"default","site-sidebar-style":"default","ast-global-header-display":"","ast-banner-title-visibility":"","ast-main-header-display":"","ast-hfb-above-header-display":"","ast-hfb-below-header-display":"","ast-hfb-mobile-header-display":"","site-post-title":"","ast-breadcrumbs-content":"","ast-featured-img":"","footer-sml-layout":"","ast-disable-related-posts":"","theme-transparent-header-meta":"default","adv-header-id-meta":"","stick-header-meta":"","header-above-stick-meta":"","header-main-stick-meta":"","header-below-stick-meta":"","astra-migrate-meta-layouts":"set","ast-page-background-enabled":"default","ast-page-background-meta":{"desktop":{"background-color":"var(--ast-global-color-4)","background-image":"","background-repeat":"repeat","background-position":"center center","background-size":"auto","background-attachment":"scroll","background-type":"","background-media":"","overlay-type":"","overlay-color":"","overlay-opacity":"","overlay-gradient":""},"tablet":{"background-color":"","background-image":"","background-repeat":"repeat","background-position":"center center","background-size":"auto","background-attachment":"scroll","background-type":"","background-media":"","overlay-type":"","overlay-color":"","overlay-opacity":"","overlay-gradient":""},"mobile":{"background-color":"","background-image":"","background-repeat":"repeat","background-position":"center center","background-size":"auto","background-attachment":"scroll","background-type":"","background-media":"","overlay-type":"","overlay-color":"","overlay-opacity":"","overlay-gradient":""}},"ast-content-background-meta":{"desktop":{"background-color":"var(--ast-global-color-5)","background-image":"","background-repeat":"repeat","background-position":"center center","background-size":"auto","background-attachment":"scroll","background-type":"","background-media":"","overlay-type":"","overlay-color":"","overlay-opacity":"","overlay-gradient":""},"tablet":{"background-color":"var(--ast-global-color-5)","background-image":"","background-repeat":"repeat","background-position":"center center","background-size":"auto","background-attachment":"scroll","background-type":"","background-media":"","overlay-type":"","overlay-color":"","overlay-opacity":"","overlay-gradient":""},"mobile":{"background-color":"var(--ast-global-color-5)","background-image":"","background-repeat":"repeat","background-position":"center center","background-size":"auto","background-attachment":"scroll","background-type":"","background-media":"","overlay-type":"","overlay-color":"","overlay-opacity":"","overlay-gradient":""}}},"product_brand":[],"product_cat":[50,65],"product_tag":[],"class_list":{"0":"post-142094","1":"product","2":"type-product","3":"status-publish","4":"has-post-thumbnail","6":"product_cat-cuidado-personal","7":"product_cat-pales","8":"product_shipping_class-pale","9":"desktop-align-left","10":"tablet-align-left","11":"mobile-align-left","13":"first","14":"instock","15":"sale","16":"downloadable","17":"taxable","18":"shipping-taxable","19":"purchasable","20":"product-type-simple"},"yoast_head":"<!-- This site is optimized with the Yoast SEO plugin v27.2 - https:\/\/yoast.com\/product\/yoast-seo-wordpress\/ -->\n<title>Pal\u00e9 de Cuidado Personal [19 productos] (25200315) - Comprardevoluciones - Tu tienda de Devoluciones de Amazon<\/title>\n<meta name=\"robots\" content=\"noindex, follow\" \/>\n<meta property=\"og:locale\" content=\"en_US\" \/>\n<meta property=\"og:type\" content=\"article\" \/>\n<meta property=\"og:title\" content=\"Pal\u00e9 de Cuidado Personal [19 productos] (25200315) - Comprardevoluciones - Tu tienda de Devoluciones de Amazon\" \/>\n<meta property=\"og:description\" content=\"Pal\u00e9 de Cuidado Personal sin revisar procedente de devoluciones de marketplaces   N\u00famero de productos: 19  Valor aproximado: 1752.00  Porcentaje que se paga: 19% + IVA  Tiempo de entrega estimado: 3 a 7 d\u00edas  *Los precios incluyen IVA\" \/>\n<meta property=\"og:url\" content=\"https:\/\/comprardevoluciones.com\/producto\/25200315\/\" \/>\n<meta property=\"og:site_name\" content=\"Comprardevoluciones - Tu tienda de Devoluciones de Amazon\" \/>\n<meta property=\"article:modified_time\" content=\"2026-04-02T18:34:30+00:00\" \/>\n<meta property=\"og:image\" content=\"https:\/\/comprardevoluciones.com\/wp-content\/uploads\/2025\/11\/25200315.jpg\" \/>\n\t<meta property=\"og:image:width\" content=\"700\" \/>\n\t<meta property=\"og:image:height\" content=\"700\" \/>\n\t<meta property=\"og:image:type\" content=\"image\/jpeg\" \/>\n<meta name=\"twitter:card\" content=\"summary_large_image\" \/>\n<meta name=\"twitter:label1\" content=\"Est. reading time\" \/>\n\t<meta name=\"twitter:data1\" content=\"3 minutes\" \/>\n<script type=\"application\/ld+json\" class=\"yoast-schema-graph\">{\"@context\":\"https:\/\/schema.org\",\"@graph\":[{\"@type\":\"WebPage\",\"@id\":\"https:\/\/comprardevoluciones.com\/producto\/25200315\/\",\"url\":\"https:\/\/comprardevoluciones.com\/producto\/25200315\/\",\"name\":\"Pal\u00e9 de Cuidado Personal [19 productos] (25200315) - Comprardevoluciones - Tu tienda de Devoluciones de Amazon\",\"isPartOf\":{\"@id\":\"https:\/\/comprardevoluciones.com\/#website\"},\"primaryImageOfPage\":{\"@id\":\"https:\/\/comprardevoluciones.com\/producto\/25200315\/#primaryimage\"},\"image\":{\"@id\":\"https:\/\/comprardevoluciones.com\/producto\/25200315\/#primaryimage\"},\"thumbnailUrl\":\"https:\/\/comprardevoluciones.com\/wp-content\/uploads\/2025\/11\/25200315.jpg\",\"datePublished\":\"2026-04-02T15:00:40+00:00\",\"dateModified\":\"2026-04-02T18:34:30+00:00\",\"breadcrumb\":{\"@id\":\"https:\/\/comprardevoluciones.com\/producto\/25200315\/#breadcrumb\"},\"inLanguage\":\"en-US\",\"potentialAction\":[{\"@type\":\"ReadAction\",\"target\":[\"https:\/\/comprardevoluciones.com\/producto\/25200315\/\"]}]},{\"@type\":\"ImageObject\",\"inLanguage\":\"en-US\",\"@id\":\"https:\/\/comprardevoluciones.com\/producto\/25200315\/#primaryimage\",\"url\":\"https:\/\/comprardevoluciones.com\/wp-content\/uploads\/2025\/11\/25200315.jpg\",\"contentUrl\":\"https:\/\/comprardevoluciones.com\/wp-content\/uploads\/2025\/11\/25200315.jpg\",\"width\":700,\"height\":700},{\"@type\":\"BreadcrumbList\",\"@id\":\"https:\/\/comprardevoluciones.com\/producto\/25200315\/#breadcrumb\",\"itemListElement\":[{\"@type\":\"ListItem\",\"position\":1,\"name\":\"Portada\",\"item\":\"https:\/\/comprardevoluciones.com\/en\/\"},{\"@type\":\"ListItem\",\"position\":2,\"name\":\"Shop\",\"item\":\"https:\/\/comprardevoluciones.com\/en\/shop\/\"},{\"@type\":\"ListItem\",\"position\":3,\"name\":\"Pal\u00e9 de Cuidado Personal [19 productos] (25200315)\"}]},{\"@type\":\"WebSite\",\"@id\":\"https:\/\/comprardevoluciones.com\/#website\",\"url\":\"https:\/\/comprardevoluciones.com\/\",\"name\":\"Comprardevoluciones - Tu tienda de Devoluciones de Amazon\",\"description\":\"Consigue Stock en buen estado a un precio imbatible\",\"potentialAction\":[{\"@type\":\"SearchAction\",\"target\":{\"@type\":\"EntryPoint\",\"urlTemplate\":\"https:\/\/comprardevoluciones.com\/?s={search_term_string}\"},\"query-input\":{\"@type\":\"PropertyValueSpecification\",\"valueRequired\":true,\"valueName\":\"search_term_string\"}}],\"inLanguage\":\"en-US\"}]}<\/script>\n<!-- \/ Yoast SEO plugin. -->","yoast_head_json":{"title":"Pal\u00e9 de Cuidado Personal [19 productos] (25200315) - Comprardevoluciones - Tu tienda de Devoluciones de Amazon","robots":{"index":"noindex","follow":"follow"},"og_locale":"en_US","og_type":"article","og_title":"Pal\u00e9 de Cuidado Personal [19 productos] (25200315) - Comprardevoluciones - Tu tienda de Devoluciones de Amazon","og_description":"Pal\u00e9 de Cuidado Personal sin revisar procedente de devoluciones de marketplaces   N\u00famero de productos: 19  Valor aproximado: 1752.00  Porcentaje que se paga: 19% + IVA  Tiempo de entrega estimado: 3 a 7 d\u00edas  *Los precios incluyen IVA","og_url":"https:\/\/comprardevoluciones.com\/producto\/25200315\/","og_site_name":"Comprardevoluciones - Tu tienda de Devoluciones de Amazon","article_modified_time":"2026-04-02T18:34:30+00:00","og_image":[{"width":700,"height":700,"url":"https:\/\/comprardevoluciones.com\/wp-content\/uploads\/2025\/11\/25200315.jpg","type":"image\/jpeg"}],"twitter_card":"summary_large_image","twitter_misc":{"Est. reading time":"3 minutes"},"schema":{"@context":"https:\/\/schema.org","@graph":[{"@type":"WebPage","@id":"https:\/\/comprardevoluciones.com\/producto\/25200315\/","url":"https:\/\/comprardevoluciones.com\/producto\/25200315\/","name":"Pal\u00e9 de Cuidado Personal [19 productos] (25200315) - Comprardevoluciones - Tu tienda de Devoluciones de Amazon","isPartOf":{"@id":"https:\/\/comprardevoluciones.com\/#website"},"primaryImageOfPage":{"@id":"https:\/\/comprardevoluciones.com\/producto\/25200315\/#primaryimage"},"image":{"@id":"https:\/\/comprardevoluciones.com\/producto\/25200315\/#primaryimage"},"thumbnailUrl":"https:\/\/comprardevoluciones.com\/wp-content\/uploads\/2025\/11\/25200315.jpg","datePublished":"2026-04-02T15:00:40+00:00","dateModified":"2026-04-02T18:34:30+00:00","breadcrumb":{"@id":"https:\/\/comprardevoluciones.com\/producto\/25200315\/#breadcrumb"},"inLanguage":"en-US","potentialAction":[{"@type":"ReadAction","target":["https:\/\/comprardevoluciones.com\/producto\/25200315\/"]}]},{"@type":"ImageObject","inLanguage":"en-US","@id":"https:\/\/comprardevoluciones.com\/producto\/25200315\/#primaryimage","url":"https:\/\/comprardevoluciones.com\/wp-content\/uploads\/2025\/11\/25200315.jpg","contentUrl":"https:\/\/comprardevoluciones.com\/wp-content\/uploads\/2025\/11\/25200315.jpg","width":700,"height":700},{"@type":"BreadcrumbList","@id":"https:\/\/comprardevoluciones.com\/producto\/25200315\/#breadcrumb","itemListElement":[{"@type":"ListItem","position":1,"name":"Portada","item":"https:\/\/comprardevoluciones.com\/en\/"},{"@type":"ListItem","position":2,"name":"Shop","item":"https:\/\/comprardevoluciones.com\/en\/shop\/"},{"@type":"ListItem","position":3,"name":"Pal\u00e9 de Cuidado Personal [19 productos] (25200315)"}]},{"@type":"WebSite","@id":"https:\/\/comprardevoluciones.com\/#website","url":"https:\/\/comprardevoluciones.com\/","name":"Comprardevoluciones - Tu tienda de Devoluciones de Amazon","description":"Consigue Stock en buen estado a un precio imbatible","potentialAction":[{"@type":"SearchAction","target":{"@type":"EntryPoint","urlTemplate":"https:\/\/comprardevoluciones.com\/?s={search_term_string}"},"query-input":{"@type":"PropertyValueSpecification","valueRequired":true,"valueName":"search_term_string"}}],"inLanguage":"en-US"}]}},"_links":{"self":[{"href":"https:\/\/comprardevoluciones.com\/en\/wp-json\/wp\/v2\/product\/142094","targetHints":{"allow":["GET"]}}],"collection":[{"href":"https:\/\/comprardevoluciones.com\/en\/wp-json\/wp\/v2\/product"}],"about":[{"href":"https:\/\/comprardevoluciones.com\/en\/wp-json\/wp\/v2\/types\/product"}],"wp:featuredmedia":[{"embeddable":true,"href":"https:\/\/comprardevoluciones.com\/en\/wp-json\/wp\/v2\/media\/142105"}],"wp:attachment":[{"href":"https:\/\/comprardevoluciones.com\/en\/wp-json\/wp\/v2\/media?parent=142094"}],"wp:term":[{"taxonomy":"product_brand","embeddable":true,"href":"https:\/\/comprardevoluciones.com\/en\/wp-json\/wp\/v2\/product_brand?post=142094"},{"taxonomy":"product_cat","embeddable":true,"href":"https:\/\/comprardevoluciones.com\/en\/wp-json\/wp\/v2\/product_cat?post=142094"},{"taxonomy":"product_tag","embeddable":true,"href":"https:\/\/comprardevoluciones.com\/en\/wp-json\/wp\/v2\/product_tag?post=142094"}],"curies":[{"name":"wp","href":"https:\/\/api.w.org\/{rel}","templated":true}]}}