{"id":155834,"date":"2026-03-09T11:00:12","date_gmt":"2026-03-09T10:00:12","guid":{"rendered":"https:\/\/comprardevoluciones.com\/?post_type=product&#038;p=155834"},"modified":"2026-03-15T14:16:51","modified_gmt":"2026-03-15T13:16:51","slug":"10219883","status":"publish","type":"product","link":"https:\/\/comprardevoluciones.com\/en\/producto\/10219883\/","title":{"rendered":"Pal\u00e9 de Herramientas [31 productos] (10219883)"},"content":{"rendered":"<p>Descripci\u00f3n y valor aproximados<\/p>\n<table>\n<tbody>\n<tr>\n<td><strong>FUENTE<\/strong><\/td>\n<td><strong>PRODUCTO<\/strong><\/td>\n<td><strong>VALOR (\u20ac)<\/strong><\/td>\n<td><strong>PAGAS (\u20ac)<\/strong><\/td>\n<\/tr>\n<tr>\n<td>MARKETPLACES<\/td>\n<td><a class=\"ljoptimizer\" href=\"https:\/\/www.amazon.es\/dp\/B0CQMFCKBN?tag=amazon087683-21&amp;th=1\" target=\"_blank\" rel=\"nofollow noopener\">GROHE Vitalio Comfort 250 Quickfix, Sistema de ducha con termostato incorporado 2 chorros (Rain, Jet), Negro Mate 266962431<\/a><\/td>\n<td>480 \u20ac<\/td>\n<td>111 \u20ac<\/td>\n<\/tr>\n<tr>\n<td>MARKETPLACES<\/td>\n<td><a class=\"ljoptimizer\" href=\"https:\/\/www.amazon.es\/dp\/B07V47G26F?tag=amazon087683-21&amp;th=1\" target=\"_blank\" rel=\"nofollow noopener\">GROHE Minta Smartcontrol, Grifo de cocina con pulsador (ca\u00f1o alto extra\u00edble, forma en L y giro 360\u00ba, menor consumo de agua, sistema de instalaci\u00f3n r\u00e1pida), cromo, 31613000<\/a><\/td>\n<td>412 \u20ac<\/td>\n<td>95 \u20ac<\/td>\n<\/tr>\n<tr>\n<td>MARKETPLACES<\/td>\n<td><a class=\"ljoptimizer\" href=\"https:\/\/www.amazon.es\/dp\/B0BRQ8RYRK?tag=amazon087683-21&amp;th=1\" target=\"_blank\" rel=\"nofollow noopener\">LS2, Casque modulable Moto ADVANT X Carbon Gloss Carbon, XXL<\/a><\/td>\n<td>383 \u20ac<\/td>\n<td>88 \u20ac<\/td>\n<\/tr>\n<tr>\n<td>MARKETPLACES<\/td>\n<td><a class=\"ljoptimizer\" href=\"https:\/\/www.amazon.es\/dp\/B004WCHM5I?tag=amazon087683-21&amp;th=1\" target=\"_blank\" rel=\"nofollow noopener\">K\u00e4rcher, Lava-aspiradora SE 5100, Limpieza Profunda en Superficies Textiles Mediante Pulverizaci\u00f3n, Aspiradora Seco y H\u00famedo, 1400 W, 4 m\u00e1s 4 L, Dep\u00f3sito Agua Limpia\/Sucia, Color Negro\/Amarillo<\/a><\/td>\n<td>364 \u20ac<\/td>\n<td>84 \u20ac<\/td>\n<\/tr>\n<tr>\n<td>MARKETPLACES<\/td>\n<td><a class=\"ljoptimizer\" href=\"https:\/\/www.amazon.es\/dp\/B08KJ9CFSZ?tag=amazon087683-21&amp;th=1\" target=\"_blank\" rel=\"nofollow noopener\">hansgrohe Talis M54 &#8211; grifo de cocina con ducha extra\u00edble, con caja del flexo (sBox), mezclador monomando cocina 270 mm, grifo cocina fregadero con ca\u00f1o giratorio, negro mate, 72809670<\/a><\/td>\n<td>345 \u20ac<\/td>\n<td>79 \u20ac<\/td>\n<\/tr>\n<tr>\n<td>MARKETPLACES<\/td>\n<td><a class=\"ljoptimizer\" href=\"https:\/\/www.amazon.es\/dp\/B0CWNC61TL?tag=amazon087683-21&amp;th=1\" target=\"_blank\" rel=\"nofollow noopener\">Toldo Camper, Avance Furgoneta, Toldo Furgoneta, con Riel De Refuerzo (4-6 Mm), T4, T5, T6 Camping, Impermeable, Furgoneta Camper, Anti-UV, Varillas para Tienda de Campa\u00f1a, Ventosa<\/a><\/td>\n<td>140 \u20ac<\/td>\n<td>32 \u20ac<\/td>\n<\/tr>\n<tr>\n<td>MARKETPLACES<\/td>\n<td><a class=\"ljoptimizer\" href=\"https:\/\/www.amazon.es\/dp\/B0DFYYCB8J?tag=amazon087683-21&amp;th=1\" target=\"_blank\" rel=\"nofollow noopener\">K\u00e4rcher Limpiadora de vapor SC 1 Multi &amp; Up, tiempo de calentamiento: 30 s, rendimiento: 30 m\u00b2, dep\u00f3sito: 0,2 l, 1,6 kg, boquilla suelos EasyFix Large, pa\u00f1o microfibra, cartucho de descalcificaci\u00f3n<\/a><\/td>\n<td>121 \u20ac<\/td>\n<td>28 \u20ac<\/td>\n<\/tr>\n<tr>\n<td>MARKETPLACES<\/td>\n<td><a class=\"ljoptimizer\" href=\"https:\/\/www.amazon.es\/dp\/B0B7RK4H7M?tag=amazon087683-21&amp;th=1\" target=\"_blank\" rel=\"nofollow noopener\">VEVOR Destilador de Agua 4L Filtro de Destilaci\u00f3n de Agua con Recipiente de Vidrio 750 W 1 L\/H Ajuste de Velocidad, Destilaci\u00f3n Filtro Purificador de Acero Inoxidable Temperatura Doble 7,9lbs, Plata<\/a><\/td>\n<td>113 \u20ac<\/td>\n<td>26 \u20ac<\/td>\n<\/tr>\n<tr>\n<td>MARKETPLACES<\/td>\n<td><a class=\"ljoptimizer\" href=\"https:\/\/www.amazon.es\/dp\/B0C7VX62T2?tag=amazon087683-21&amp;th=1\" target=\"_blank\" rel=\"nofollow noopener\">LS2, Casco Moto Modular Strobe II Gloss White, M<\/a><\/td>\n<td>90 \u20ac<\/td>\n<td>21 \u20ac<\/td>\n<\/tr>\n<tr>\n<td>MARKETPLACES<\/td>\n<td><a class=\"ljoptimizer\" href=\"https:\/\/www.amazon.es\/dp\/B08L8KYVJY?tag=amazon087683-21&amp;th=1\" target=\"_blank\" rel=\"nofollow noopener\">VEVOR Silla Arrodillada Ergon\u00f3mica Taburete Madera Correcci\u00f3n de Postura Oscilante Casa Grande Home Office o Silla de Escritorio, Cojines para Las Rodillas Color Nuez<\/a><\/td>\n<td>86 \u20ac<\/td>\n<td>20 \u20ac<\/td>\n<\/tr>\n<tr>\n<td>MARKETPLACES<\/td>\n<td><a class=\"ljoptimizer\" href=\"https:\/\/www.amazon.es\/dp\/B00DCT4Q0G?tag=amazon087683-21&amp;th=1\" target=\"_blank\" rel=\"nofollow noopener\">Schellenberg 20110 Motor tubular est\u00e1ndar Mini 10 Nm<\/a><\/td>\n<td>83 \u20ac<\/td>\n<td>19 \u20ac<\/td>\n<\/tr>\n<tr>\n<td>MARKETPLACES<\/td>\n<td><a class=\"ljoptimizer\" href=\"https:\/\/www.amazon.es\/dp\/B00TQ3H9K6?tag=amazon087683-21&amp;th=1\" target=\"_blank\" rel=\"nofollow noopener\">Gala Emma \u2013 Tapa y Asiento Fijo Inodoro &#8211; Forma U &#8211; Incluye Kit Fijaci\u00f3n &#8211; Bisagras Acero Inoxidable &#8211; F\u00e1cil Limpieza &#8211; Color Blanco<\/a><\/td>\n<td>59 \u20ac<\/td>\n<td>14 \u20ac<\/td>\n<\/tr>\n<tr>\n<td>MARKETPLACES<\/td>\n<td><a class=\"ljoptimizer\" href=\"https:\/\/www.amazon.es\/dp\/B0C9HHW7F7?tag=amazon087683-21&amp;th=1\" target=\"_blank\" rel=\"nofollow noopener\">VEVOR Fundas para Sillas 30 Piezas Expandable Spandex Cubiertas de Sillas Tama\u00f1o M\u00e1ximo 406x508x762 mm Fundas Plegables Desmontables para Sillas de Fiesta Decoraci\u00f3n Boda Ceremonia Banquete, Blanco<\/a><\/td>\n<td>55 \u20ac<\/td>\n<td>13 \u20ac<\/td>\n<\/tr>\n<tr>\n<td>MARKETPLACES<\/td>\n<td><a class=\"ljoptimizer\" href=\"https:\/\/www.amazon.es\/dp\/B00237X6Y0?tag=amazon087683-21&amp;th=1\" target=\"_blank\" rel=\"nofollow noopener\">Tabla de cortar de madera con forma rectangular Vogue (45 x 610 x 455 mm)<\/a><\/td>\n<td>51 \u20ac<\/td>\n<td>12 \u20ac<\/td>\n<\/tr>\n<tr>\n<td>MARKETPLACES<\/td>\n<td><a class=\"ljoptimizer\" href=\"https:\/\/www.amazon.es\/dp\/B004GL3ZFQ?tag=amazon087683-21&amp;th=1\" target=\"_blank\" rel=\"nofollow noopener\">SuperRollo Motor para persianas RM10MM (SW60, 10 NM), Motor tubular, Superficie hasta 4,2 m\u00b2 (Persianas hasta 22 kg).<\/a><\/td>\n<td>51 \u20ac<\/td>\n<td>12 \u20ac<\/td>\n<\/tr>\n<tr>\n<td>MARKETPLACES<\/td>\n<td><a class=\"ljoptimizer\" href=\"https:\/\/www.amazon.es\/dp\/B0CTJMHB5F?tag=amazon087683-21&amp;th=1\" target=\"_blank\" rel=\"nofollow noopener\">SONGMICS Cubo de Basura, Juego de 4 Cubos Apilables, 20 L Cada, Sistema de Separaci\u00f3n Residuos, Tapas Apertura a Presi\u00f3n, con Pegatinas, Cubo de Almacenaje, Amarillo, Azul, Beige y Verde LTB760Q01<\/a><\/td>\n<td>43 \u20ac<\/td>\n<td>10 \u20ac<\/td>\n<\/tr>\n<tr>\n<td>MARKETPLACES<\/td>\n<td><a class=\"ljoptimizer\" href=\"https:\/\/www.amazon.es\/dp\/B0CP62RLSN?tag=amazon087683-21&amp;th=1\" target=\"_blank\" rel=\"nofollow noopener\">SREWOHS PRO Grifo Cocina Extraible y Extensible &#8211; Grifos Fregadero con Ca\u00f1o Giratorio 360\u00b0,4 Modos Monomando Acero Inoxidable Torneira Cozinha,Arco Alto, Cabezal rociador ABS,Fregadero de un solo seno<\/a><\/td>\n<td>42 \u20ac<\/td>\n<td>10 \u20ac<\/td>\n<\/tr>\n<tr>\n<td>MARKETPLACES<\/td>\n<td><a class=\"ljoptimizer\" href=\"https:\/\/www.amazon.es\/dp\/B0CWH3KVZW?tag=amazon087683-21&amp;th=1\" target=\"_blank\" rel=\"nofollow noopener\">Ideal Standard Tirso Tapa WC, forma ovalada universal, Asiento con cierre amortiguado y opci\u00f3n de liberaci\u00f3n r\u00e1pida, polipropileno reciclado \u2013 Blanco (365x425x50 mm)<\/a><\/td>\n<td>41 \u20ac<\/td>\n<td>9 \u20ac<\/td>\n<\/tr>\n<tr>\n<td>MARKETPLACES<\/td>\n<td><a class=\"ljoptimizer\" href=\"https:\/\/www.amazon.es\/dp\/B07NC1M7H6?tag=amazon087683-21&amp;th=1\" target=\"_blank\" rel=\"nofollow noopener\">Tayg 259297 Cubo Basura Ruedas + Pedal 80 litros, Negro\/Amarillo<\/a><\/td>\n<td>39 \u20ac<\/td>\n<td>9 \u20ac<\/td>\n<\/tr>\n<tr>\n<td>MARKETPLACES<\/td>\n<td><a class=\"ljoptimizer\" href=\"https:\/\/www.amazon.es\/dp\/B0DHWFZH1T?tag=amazon087683-21&amp;th=1\" target=\"_blank\" rel=\"nofollow noopener\">MIDEA Convector Radiador Electrico Bajo Consumo | 2000W | Calefactor Electrico con Termostato Regulable, Estufa el\u00e9ctrica con 3 Niveles de Potencia, Emisor T\u00e9rmico con Protecci\u00f3n de Sobrecalentamiento<\/a><\/td>\n<td>36 \u20ac<\/td>\n<td>8 \u20ac<\/td>\n<\/tr>\n<tr>\n<td>MARKETPLACES<\/td>\n<td><a class=\"ljoptimizer\" href=\"https:\/\/www.amazon.es\/dp\/B09YD1BM4F?tag=amazon087683-21&amp;th=1\" target=\"_blank\" rel=\"nofollow noopener\">S SUMEX Juego de 4 Tapacubos de 16 Pulgadas Dise\u00f1o GTX Carbon, Acabado Negro y ABS Resistente a Fuertes Impactos, Duradero y Fiable con Anillo de sujeci\u00f3n Ajustable<\/a><\/td>\n<td>33 \u20ac<\/td>\n<td>8 \u20ac<\/td>\n<\/tr>\n<tr>\n<td>MARKETPLACES<\/td>\n<td><a class=\"ljoptimizer\" href=\"https:\/\/www.amazon.es\/dp\/B0CSYMCPDW?tag=amazon087683-21&amp;th=1\" target=\"_blank\" rel=\"nofollow noopener\">SAMODRA Tapa wc Universal Tapa Inodoro Universal Asientos para inodoro Asientos para WC Toilet Seat Tapa de Inodoro Asiento de Inodoro (Forma O)<\/a><\/td>\n<td>33 \u20ac<\/td>\n<td>7 \u20ac<\/td>\n<\/tr>\n<tr>\n<td>MARKETPLACES<\/td>\n<td><a class=\"ljoptimizer\" href=\"https:\/\/www.amazon.es\/dp\/B0BTYYMZBF?tag=amazon087683-21&amp;th=1\" target=\"_blank\" rel=\"nofollow noopener\">GTV &#8211; Caj\u00f3n AXISPRO para abrir 500 mm blanco &#8211; Sistema de cajones &#8211; F\u00e1cil montaje &#8211; Empuje a abrir &#8211; Acceso libre &#8211; &#8211; Carga de hasta 40 kg &#8211; Altura: 168 mm<\/a><\/td>\n<td>32 \u20ac<\/td>\n<td>7 \u20ac<\/td>\n<\/tr>\n<tr>\n<td>MARKETPLACES<\/td>\n<td><a class=\"ljoptimizer\" href=\"https:\/\/www.amazon.es\/dp\/B07HH99SMC?tag=amazon087683-21&amp;th=1\" target=\"_blank\" rel=\"nofollow noopener\">Aptany 6985 Neum\u00e1tico, Normal<\/a><\/td>\n<td>31 \u20ac<\/td>\n<td>7 \u20ac<\/td>\n<\/tr>\n<tr>\n<td>MARKETPLACES<\/td>\n<td><a class=\"ljoptimizer\" href=\"https:\/\/www.amazon.es\/dp\/B075V1SLRX?tag=amazon087683-21&amp;th=1\" target=\"_blank\" rel=\"nofollow noopener\">Home Sweet Home Moderno Pantalla Bling | cilindro | 50\/50\/25cm | Blanco | Pantalla de l\u00e1mpara de tela de algod\u00f3n | para casquillo de l\u00e1mpara E27 | probado RoHS | para l\u00e1mpara colgante<\/a><\/td>\n<td>31 \u20ac<\/td>\n<td>7 \u20ac<\/td>\n<\/tr>\n<tr>\n<td>MARKETPLACES<\/td>\n<td><a class=\"ljoptimizer\" href=\"https:\/\/www.amazon.es\/dp\/B00IKEUWI8?tag=amazon087683-21&amp;th=1\" target=\"_blank\" rel=\"nofollow noopener\">Sakura SS5259 &#8211; Barrera Protectora de Coche para Perros, para Reposacabezas, Colocaci\u00f3n Sencilla en la Mayor\u00eda de Veh\u00edculos, Altura y Anchura Ajustable, sin Necesidad de Herramientas<\/a><\/td>\n<td>29 \u20ac<\/td>\n<td>7 \u20ac<\/td>\n<\/tr>\n<tr>\n<td>MARKETPLACES<\/td>\n<td><a class=\"ljoptimizer\" href=\"https:\/\/www.amazon.es\/dp\/B0FHB3JHWD?tag=amazon087683-21&amp;th=1\" target=\"_blank\" rel=\"nofollow noopener\">Tapa WC Universal Forma de D [LARGO], YEAUPE PRO Asiento de Inodoro de Cierre Suave con Liberaci\u00f3n R\u00e1pida para una F\u00e1cil Limpieza, Blanco, 45 x 36,1 x 5cm, Incluye plantilla de instalaci\u00f3n<\/a><\/td>\n<td>27 \u20ac<\/td>\n<td>6 \u20ac<\/td>\n<\/tr>\n<tr>\n<td>MARKETPLACES<\/td>\n<td><a class=\"ljoptimizer\" href=\"https:\/\/www.amazon.es\/dp\/B0BV7BPNHZ?tag=amazon087683-21&amp;th=1\" target=\"_blank\" rel=\"nofollow noopener\">Calotta SH33 Nero Metal.<\/a><\/td>\n<td>25 \u20ac<\/td>\n<td>6 \u20ac<\/td>\n<\/tr>\n<tr>\n<td>MARKETPLACES<\/td>\n<td><a class=\"ljoptimizer\" href=\"https:\/\/www.amazon.es\/dp\/B000YBXU6G?tag=amazon087683-21&amp;th=1\" target=\"_blank\" rel=\"nofollow noopener\">Brennenstuhl Super-Solid, Steckdosenleiste 8-Fach mit \u00dcberspannungsschutz (Mehrfachsteckdose mit 2,5m Kabel und Schalter &#8211; aus bruchfestem Polycarbonat) Silber<\/a><\/td>\n<td>23 \u20ac<\/td>\n<td>5 \u20ac<\/td>\n<\/tr>\n<tr>\n<td>MARKETPLACES<\/td>\n<td><a class=\"ljoptimizer\" href=\"https:\/\/www.amazon.es\/dp\/B015ZU3GNC?tag=amazon087683-21&amp;th=1\" target=\"_blank\" rel=\"nofollow noopener\">Amig &#8211; Pata Redonda para Muebles &#8211; Acero Resistente &#8211; F\u00e1cil Fijaci\u00f3n &#8211; Uso Vers\u00e1til, Plata, 30 x 500 mm, Metal<\/a><\/td>\n<td>18 \u20ac<\/td>\n<td>4 \u20ac<\/td>\n<\/tr>\n<tr>\n<td>MARKETPLACES<\/td>\n<td><a class=\"ljoptimizer\" href=\"https:\/\/www.amazon.es\/dp\/B0D7HGHZG8?tag=amazon087683-21&amp;th=1\" target=\"_blank\" rel=\"nofollow noopener\">Ibergrif M101-80 Duschdichtung [80 cm] Verl\u00e4ngerter Wasserabweiser f\u00fcr 5-8mm Glast\u00fcren &#8211; Universell f\u00fcr alle Duscht\u00fcren, Wasserdicht &amp; Perfekter Passform &#8211; Dichtungsprofil mit Schimmelresistenz<\/a><\/td>\n<td>9 \u20ac<\/td>\n<td>2 \u20ac<\/td>\n<\/tr>\n<\/tbody>\n<\/table>\n","protected":false},"excerpt":{"rendered":"<p>Pal\u00e9 de Herramientas sin revisar procedente de devoluciones de marketplaces<\/p>\n<ul>\n<li>N\u00famero de productos: 31<\/li>\n<li>Valor aproximado: 3325.00<\/li>\n<li>Porcentaje que se paga: 19% + IVA<\/li>\n<li>Tiempo de entrega estimado: 3 a 7 d\u00edas<\/li>\n<\/ul>\n<p>*Los precios incluyen IVA<\/p>\n","protected":false},"featured_media":155887,"template":"","meta":{"site-sidebar-layout":"default","site-content-layout":"","ast-site-content-layout":"default","site-content-style":"default","site-sidebar-style":"default","ast-global-header-display":"","ast-banner-title-visibility":"","ast-main-header-display":"","ast-hfb-above-header-display":"","ast-hfb-below-header-display":"","ast-hfb-mobile-header-display":"","site-post-title":"","ast-breadcrumbs-content":"","ast-featured-img":"","footer-sml-layout":"","ast-disable-related-posts":"","theme-transparent-header-meta":"default","adv-header-id-meta":"","stick-header-meta":"","header-above-stick-meta":"","header-main-stick-meta":"","header-below-stick-meta":"","astra-migrate-meta-layouts":"set","ast-page-background-enabled":"default","ast-page-background-meta":{"desktop":{"background-color":"var(--ast-global-color-4)","background-image":"","background-repeat":"repeat","background-position":"center center","background-size":"auto","background-attachment":"scroll","background-type":"","background-media":"","overlay-type":"","overlay-color":"","overlay-opacity":"","overlay-gradient":""},"tablet":{"background-color":"","background-image":"","background-repeat":"repeat","background-position":"center center","background-size":"auto","background-attachment":"scroll","background-type":"","background-media":"","overlay-type":"","overlay-color":"","overlay-opacity":"","overlay-gradient":""},"mobile":{"background-color":"","background-image":"","background-repeat":"repeat","background-position":"center center","background-size":"auto","background-attachment":"scroll","background-type":"","background-media":"","overlay-type":"","overlay-color":"","overlay-opacity":"","overlay-gradient":""}},"ast-content-background-meta":{"desktop":{"background-color":"var(--ast-global-color-5)","background-image":"","background-repeat":"repeat","background-position":"center center","background-size":"auto","background-attachment":"scroll","background-type":"","background-media":"","overlay-type":"","overlay-color":"","overlay-opacity":"","overlay-gradient":""},"tablet":{"background-color":"var(--ast-global-color-5)","background-image":"","background-repeat":"repeat","background-position":"center center","background-size":"auto","background-attachment":"scroll","background-type":"","background-media":"","overlay-type":"","overlay-color":"","overlay-opacity":"","overlay-gradient":""},"mobile":{"background-color":"var(--ast-global-color-5)","background-image":"","background-repeat":"repeat","background-position":"center center","background-size":"auto","background-attachment":"scroll","background-type":"","background-media":"","overlay-type":"","overlay-color":"","overlay-opacity":"","overlay-gradient":""}}},"product_brand":[],"product_cat":[42,65],"product_tag":[],"class_list":{"0":"post-155834","1":"product","2":"type-product","3":"status-publish","4":"has-post-thumbnail","6":"product_cat-herramientas","7":"product_cat-pales","8":"product_shipping_class-pale","9":"desktop-align-left","10":"tablet-align-left","11":"mobile-align-left","13":"first","14":"outofstock","15":"sale","16":"downloadable","17":"taxable","18":"shipping-taxable","19":"purchasable","20":"product-type-simple"},"yoast_head":"<!-- This site is optimized with the Yoast SEO plugin v27.2 - https:\/\/yoast.com\/product\/yoast-seo-wordpress\/ -->\n<title>Pal\u00e9 de Herramientas [31 productos] (10219883) - Comprardevoluciones - Tu tienda de Devoluciones de Amazon<\/title>\n<meta name=\"robots\" content=\"noindex, follow\" \/>\n<meta property=\"og:locale\" content=\"en_US\" \/>\n<meta property=\"og:type\" content=\"article\" \/>\n<meta property=\"og:title\" content=\"Pal\u00e9 de Herramientas [31 productos] (10219883) - Comprardevoluciones - Tu tienda de Devoluciones de Amazon\" \/>\n<meta property=\"og:description\" content=\"Pal\u00e9 de Herramientas sin revisar procedente de devoluciones de marketplaces   N\u00famero de productos: 31  Valor aproximado: 3325.00  Porcentaje que se paga: 19% + IVA  Tiempo de entrega estimado: 3 a 7 d\u00edas  *Los precios incluyen IVA\" \/>\n<meta property=\"og:url\" content=\"https:\/\/comprardevoluciones.com\/producto\/10219883\/\" \/>\n<meta property=\"og:site_name\" content=\"Comprardevoluciones - Tu tienda de Devoluciones de Amazon\" \/>\n<meta property=\"article:modified_time\" content=\"2026-03-15T13:16:51+00:00\" \/>\n<meta property=\"og:image\" content=\"https:\/\/comprardevoluciones.com\/wp-content\/uploads\/2026\/01\/10219883.jpg\" \/>\n\t<meta property=\"og:image:width\" content=\"700\" \/>\n\t<meta property=\"og:image:height\" content=\"700\" \/>\n\t<meta property=\"og:image:type\" content=\"image\/jpeg\" \/>\n<meta name=\"twitter:card\" content=\"summary_large_image\" \/>\n<meta name=\"twitter:label1\" content=\"Est. reading time\" \/>\n\t<meta name=\"twitter:data1\" content=\"4 minutes\" \/>\n<script type=\"application\/ld+json\" class=\"yoast-schema-graph\">{\"@context\":\"https:\/\/schema.org\",\"@graph\":[{\"@type\":\"WebPage\",\"@id\":\"https:\/\/comprardevoluciones.com\/producto\/10219883\/\",\"url\":\"https:\/\/comprardevoluciones.com\/producto\/10219883\/\",\"name\":\"Pal\u00e9 de Herramientas [31 productos] (10219883) - Comprardevoluciones - Tu tienda de Devoluciones de Amazon\",\"isPartOf\":{\"@id\":\"https:\/\/comprardevoluciones.com\/#website\"},\"primaryImageOfPage\":{\"@id\":\"https:\/\/comprardevoluciones.com\/producto\/10219883\/#primaryimage\"},\"image\":{\"@id\":\"https:\/\/comprardevoluciones.com\/producto\/10219883\/#primaryimage\"},\"thumbnailUrl\":\"https:\/\/comprardevoluciones.com\/wp-content\/uploads\/2026\/01\/10219883.jpg\",\"datePublished\":\"2026-03-09T10:00:12+00:00\",\"dateModified\":\"2026-03-15T13:16:51+00:00\",\"breadcrumb\":{\"@id\":\"https:\/\/comprardevoluciones.com\/producto\/10219883\/#breadcrumb\"},\"inLanguage\":\"en-US\",\"potentialAction\":[{\"@type\":\"ReadAction\",\"target\":[\"https:\/\/comprardevoluciones.com\/producto\/10219883\/\"]}]},{\"@type\":\"ImageObject\",\"inLanguage\":\"en-US\",\"@id\":\"https:\/\/comprardevoluciones.com\/producto\/10219883\/#primaryimage\",\"url\":\"https:\/\/comprardevoluciones.com\/wp-content\/uploads\/2026\/01\/10219883.jpg\",\"contentUrl\":\"https:\/\/comprardevoluciones.com\/wp-content\/uploads\/2026\/01\/10219883.jpg\",\"width\":700,\"height\":700},{\"@type\":\"BreadcrumbList\",\"@id\":\"https:\/\/comprardevoluciones.com\/producto\/10219883\/#breadcrumb\",\"itemListElement\":[{\"@type\":\"ListItem\",\"position\":1,\"name\":\"Portada\",\"item\":\"https:\/\/comprardevoluciones.com\/en\/\"},{\"@type\":\"ListItem\",\"position\":2,\"name\":\"Shop\",\"item\":\"https:\/\/comprardevoluciones.com\/en\/shop\/\"},{\"@type\":\"ListItem\",\"position\":3,\"name\":\"Pal\u00e9 de Herramientas [31 productos] (10219883)\"}]},{\"@type\":\"WebSite\",\"@id\":\"https:\/\/comprardevoluciones.com\/#website\",\"url\":\"https:\/\/comprardevoluciones.com\/\",\"name\":\"Comprardevoluciones - Tu tienda de Devoluciones de Amazon\",\"description\":\"Consigue Stock en buen estado a un precio imbatible\",\"potentialAction\":[{\"@type\":\"SearchAction\",\"target\":{\"@type\":\"EntryPoint\",\"urlTemplate\":\"https:\/\/comprardevoluciones.com\/?s={search_term_string}\"},\"query-input\":{\"@type\":\"PropertyValueSpecification\",\"valueRequired\":true,\"valueName\":\"search_term_string\"}}],\"inLanguage\":\"en-US\"}]}<\/script>\n<!-- \/ Yoast SEO plugin. -->","yoast_head_json":{"title":"Pal\u00e9 de Herramientas [31 productos] (10219883) - Comprardevoluciones - Tu tienda de Devoluciones de Amazon","robots":{"index":"noindex","follow":"follow"},"og_locale":"en_US","og_type":"article","og_title":"Pal\u00e9 de Herramientas [31 productos] (10219883) - Comprardevoluciones - Tu tienda de Devoluciones de Amazon","og_description":"Pal\u00e9 de Herramientas sin revisar procedente de devoluciones de marketplaces   N\u00famero de productos: 31  Valor aproximado: 3325.00  Porcentaje que se paga: 19% + IVA  Tiempo de entrega estimado: 3 a 7 d\u00edas  *Los precios incluyen IVA","og_url":"https:\/\/comprardevoluciones.com\/producto\/10219883\/","og_site_name":"Comprardevoluciones - Tu tienda de Devoluciones de Amazon","article_modified_time":"2026-03-15T13:16:51+00:00","og_image":[{"width":700,"height":700,"url":"https:\/\/comprardevoluciones.com\/wp-content\/uploads\/2026\/01\/10219883.jpg","type":"image\/jpeg"}],"twitter_card":"summary_large_image","twitter_misc":{"Est. reading time":"4 minutes"},"schema":{"@context":"https:\/\/schema.org","@graph":[{"@type":"WebPage","@id":"https:\/\/comprardevoluciones.com\/producto\/10219883\/","url":"https:\/\/comprardevoluciones.com\/producto\/10219883\/","name":"Pal\u00e9 de Herramientas [31 productos] (10219883) - Comprardevoluciones - Tu tienda de Devoluciones de Amazon","isPartOf":{"@id":"https:\/\/comprardevoluciones.com\/#website"},"primaryImageOfPage":{"@id":"https:\/\/comprardevoluciones.com\/producto\/10219883\/#primaryimage"},"image":{"@id":"https:\/\/comprardevoluciones.com\/producto\/10219883\/#primaryimage"},"thumbnailUrl":"https:\/\/comprardevoluciones.com\/wp-content\/uploads\/2026\/01\/10219883.jpg","datePublished":"2026-03-09T10:00:12+00:00","dateModified":"2026-03-15T13:16:51+00:00","breadcrumb":{"@id":"https:\/\/comprardevoluciones.com\/producto\/10219883\/#breadcrumb"},"inLanguage":"en-US","potentialAction":[{"@type":"ReadAction","target":["https:\/\/comprardevoluciones.com\/producto\/10219883\/"]}]},{"@type":"ImageObject","inLanguage":"en-US","@id":"https:\/\/comprardevoluciones.com\/producto\/10219883\/#primaryimage","url":"https:\/\/comprardevoluciones.com\/wp-content\/uploads\/2026\/01\/10219883.jpg","contentUrl":"https:\/\/comprardevoluciones.com\/wp-content\/uploads\/2026\/01\/10219883.jpg","width":700,"height":700},{"@type":"BreadcrumbList","@id":"https:\/\/comprardevoluciones.com\/producto\/10219883\/#breadcrumb","itemListElement":[{"@type":"ListItem","position":1,"name":"Portada","item":"https:\/\/comprardevoluciones.com\/en\/"},{"@type":"ListItem","position":2,"name":"Shop","item":"https:\/\/comprardevoluciones.com\/en\/shop\/"},{"@type":"ListItem","position":3,"name":"Pal\u00e9 de Herramientas [31 productos] (10219883)"}]},{"@type":"WebSite","@id":"https:\/\/comprardevoluciones.com\/#website","url":"https:\/\/comprardevoluciones.com\/","name":"Comprardevoluciones - Tu tienda de Devoluciones de Amazon","description":"Consigue Stock en buen estado a un precio imbatible","potentialAction":[{"@type":"SearchAction","target":{"@type":"EntryPoint","urlTemplate":"https:\/\/comprardevoluciones.com\/?s={search_term_string}"},"query-input":{"@type":"PropertyValueSpecification","valueRequired":true,"valueName":"search_term_string"}}],"inLanguage":"en-US"}]}},"_links":{"self":[{"href":"https:\/\/comprardevoluciones.com\/en\/wp-json\/wp\/v2\/product\/155834","targetHints":{"allow":["GET"]}}],"collection":[{"href":"https:\/\/comprardevoluciones.com\/en\/wp-json\/wp\/v2\/product"}],"about":[{"href":"https:\/\/comprardevoluciones.com\/en\/wp-json\/wp\/v2\/types\/product"}],"wp:featuredmedia":[{"embeddable":true,"href":"https:\/\/comprardevoluciones.com\/en\/wp-json\/wp\/v2\/media\/155887"}],"wp:attachment":[{"href":"https:\/\/comprardevoluciones.com\/en\/wp-json\/wp\/v2\/media?parent=155834"}],"wp:term":[{"taxonomy":"product_brand","embeddable":true,"href":"https:\/\/comprardevoluciones.com\/en\/wp-json\/wp\/v2\/product_brand?post=155834"},{"taxonomy":"product_cat","embeddable":true,"href":"https:\/\/comprardevoluciones.com\/en\/wp-json\/wp\/v2\/product_cat?post=155834"},{"taxonomy":"product_tag","embeddable":true,"href":"https:\/\/comprardevoluciones.com\/en\/wp-json\/wp\/v2\/product_tag?post=155834"}],"curies":[{"name":"wp","href":"https:\/\/api.w.org\/{rel}","templated":true}]}}