{"id":156951,"date":"2026-01-21T11:00:26","date_gmt":"2026-01-21T10:00:26","guid":{"rendered":"https:\/\/comprardevoluciones.com\/?post_type=product&#038;p=156951"},"modified":"2026-01-21T10:39:34","modified_gmt":"2026-01-21T09:39:34","slug":"spw83p8870m","status":"publish","type":"product","link":"https:\/\/comprardevoluciones.com\/en\/producto\/spw83p8870m\/","title":{"rendered":"Caja de Hogar [34 productos] (spW83P8870m)"},"content":{"rendered":"<p>Descripci\u00f3n y valor aproximados<\/p>\n<table>\n<tbody>\n<tr>\n<td><strong>FUENTE<\/strong><\/td>\n<td><strong>PRODUCTO<\/strong><\/td>\n<td><strong>VALOR (\u20ac)<\/strong><\/td>\n<td><strong>PAGAS (\u20ac)<\/strong><\/td>\n<\/tr>\n<tr>\n<td>MARKETPLACES<\/td>\n<td><a class=\"ljoptimizer\" href=\"https:\/\/www.amazon.es\/dp\/B00W3I3TI2?tag=amazon087683-21&amp;th=1\" target=\"_blank\" rel=\"nofollow noopener\">TFA Dostmann Digitale XL-Funkuhr, mit Au\u00dfen-und Innentemperatur, Wanduhr, gut ablesbar, schwarz, 60.4510, L 370 x B 29 (90) x H 230 mm, 60.4510.01<\/a><\/td>\n<td>92 \u20ac<\/td>\n<td>17 \u20ac<\/td>\n<\/tr>\n<tr>\n<td>MARKETPLACES<\/td>\n<td><a class=\"ljoptimizer\" href=\"https:\/\/www.amazon.es\/dp\/B0D7ZLC7G5?tag=amazon087683-21&amp;th=1\" target=\"_blank\" rel=\"nofollow noopener\">VERONLY Tabla de soporte de sof\u00e1 para asiento ca\u00eddo, soporte de coj\u00edn de madera para sof\u00e1 de 3 plazas, tableros rejuvenecedores de sof\u00e1 grandes con superficie Oxforde y tratamiento de esquina redonda<\/a><\/td>\n<td>37 \u20ac<\/td>\n<td>7 \u20ac<\/td>\n<\/tr>\n<tr>\n<td>MARKETPLACES<\/td>\n<td><a class=\"ljoptimizer\" href=\"https:\/\/www.amazon.es\/dp\/B0C2C63YZ5?tag=amazon087683-21&amp;th=1\" target=\"_blank\" rel=\"nofollow noopener\">Fromann Control Remoto de Mano reclinable Silla reclinable Controlador el\u00e9ctrico Auricular de Repuesto con 6 Botones 5 Pines conexi\u00f3n para Cama de Hospital Ajustable Silla elevadora el\u00e9ctrica<\/a><\/td>\n<td>37 \u20ac<\/td>\n<td>7 \u20ac<\/td>\n<\/tr>\n<tr>\n<td>MARKETPLACES<\/td>\n<td><a class=\"ljoptimizer\" href=\"https:\/\/www.amazon.es\/dp\/B0C2C63YZ5?tag=amazon087683-21&amp;th=1\" target=\"_blank\" rel=\"nofollow noopener\">Fromann Control Remoto de Mano reclinable Silla reclinable Controlador el\u00e9ctrico Auricular de Repuesto con 6 Botones 5 Pines conexi\u00f3n para Cama de Hospital Ajustable Silla elevadora el\u00e9ctrica<\/a><\/td>\n<td>37 \u20ac<\/td>\n<td>7 \u20ac<\/td>\n<\/tr>\n<tr>\n<td>MARKETPLACES<\/td>\n<td><a class=\"ljoptimizer\" href=\"https:\/\/www.amazon.es\/dp\/B0DHXL3F39?tag=amazon087683-21&amp;th=1\" target=\"_blank\" rel=\"nofollow noopener\">shsyue Luz LED de Navidad de 10 pies, decoraci\u00f3n de Navidad, luz exterior, 8 modos de iluminaci\u00f3n, decoraciones de Navidad al aire libre para interiores y exteriores, decoraci\u00f3n de \u00e1rbol de Navidad,<\/a><\/td>\n<td>34 \u20ac<\/td>\n<td>6 \u20ac<\/td>\n<\/tr>\n<tr>\n<td>MARKETPLACES<\/td>\n<td><a class=\"ljoptimizer\" href=\"https:\/\/www.amazon.es\/dp\/B0DLPGWJR4?tag=amazon087683-21&amp;th=1\" target=\"_blank\" rel=\"nofollow noopener\">COSYLAND B\u00fccherregal Kinder mit 6 Oxford-Stoff F\u00e4chern &#8211; Kinderb\u00fccherregal aus Naturholz &#8211; B\u00fccherregal Kinderzimmer mit abgerundeten Ecken &amp; platzsparend 42L x 30B x 76H cm\uff08Naturholzfarbe<\/a><\/td>\n<td>25 \u20ac<\/td>\n<td>5 \u20ac<\/td>\n<\/tr>\n<tr>\n<td>MARKETPLACES<\/td>\n<td><a class=\"ljoptimizer\" href=\"https:\/\/www.amazon.es\/dp\/B09WKD3H43?tag=amazon087683-21&amp;th=1\" target=\"_blank\" rel=\"nofollow noopener\">AUTOPkio Ducha Portatil Camping,12V 24V Ducha Portatil Furgoneta Camper con Bomba Innovadora Ducha Camper 12V Duchas de Acampada para Camping, Caravanas, Coche, Lavar al Perro, Plantas de Jard\u00edn<\/a><\/td>\n<td>24 \u20ac<\/td>\n<td>4 \u20ac<\/td>\n<\/tr>\n<tr>\n<td>MARKETPLACES<\/td>\n<td><a class=\"ljoptimizer\" href=\"https:\/\/www.amazon.es\/dp\/B0CYPR8G3N?tag=amazon087683-21&amp;th=1\" target=\"_blank\" rel=\"nofollow noopener\">VETIN 4 Piezas Patas de Cama Ajustables 25-43cm, Patas de Reemplazo de Metal para Carga Pesada con Base Antideslizante de Caucho, Compatible con Barandales de Cama King\/Queen<\/a><\/td>\n<td>24 \u20ac<\/td>\n<td>4 \u20ac<\/td>\n<\/tr>\n<tr>\n<td>MARKETPLACES<\/td>\n<td><a class=\"ljoptimizer\" href=\"https:\/\/www.amazon.es\/dp\/B01HM44BR4?tag=amazon087683-21&amp;th=1\" target=\"_blank\" rel=\"nofollow noopener\">Imex El Zorro &#8211; Juego 4 Patas para Somier Sin Ruedas | 370x30x30 mm | Resistente y Estable para Somieres<\/a><\/td>\n<td>21 \u20ac<\/td>\n<td>4 \u20ac<\/td>\n<\/tr>\n<tr>\n<td>MARKETPLACES<\/td>\n<td><a class=\"ljoptimizer\" href=\"https:\/\/www.amazon.es\/dp\/B09TBKY6WB?tag=amazon087683-21&amp;th=1\" target=\"_blank\" rel=\"nofollow noopener\">Somnia Descanso &#8211; Juego de 6 Patas de 27 cm de Altura Cuadradas Met\u00e1licas con Abrazaderas para Somieres de 30 x 30 mm<\/a><\/td>\n<td>19 \u20ac<\/td>\n<td>3 \u20ac<\/td>\n<\/tr>\n<tr>\n<td>MARKETPLACES<\/td>\n<td><a class=\"ljoptimizer\" href=\"https:\/\/www.amazon.es\/dp\/B01N0NG4X4?tag=amazon087683-21&amp;th=1\" target=\"_blank\" rel=\"nofollow noopener\">Intex 64102 &#8211; Colch\u00f3n Hinchable, Medidas 137x191x25 cm<\/a><\/td>\n<td>17 \u20ac<\/td>\n<td>3 \u20ac<\/td>\n<\/tr>\n<tr>\n<td>MARKETPLACES<\/td>\n<td><a class=\"ljoptimizer\" href=\"https:\/\/www.amazon.es\/dp\/B00UCLUL60?tag=amazon087683-21&amp;th=1\" target=\"_blank\" rel=\"nofollow noopener\">Imex El Zorro &#8211; Juego 4 Patas para Somier Sin Ruedas | 275x30x30 mm | Soporte Estable y Resistente para Somieres<\/a><\/td>\n<td>17 \u20ac<\/td>\n<td>3 \u20ac<\/td>\n<\/tr>\n<tr>\n<td>MARKETPLACES<\/td>\n<td><a class=\"ljoptimizer\" href=\"https:\/\/www.amazon.es\/dp\/B00UCLUL60?tag=amazon087683-21&amp;th=1\" target=\"_blank\" rel=\"nofollow noopener\">Imex El Zorro &#8211; Juego 4 Patas para Somier Sin Ruedas | 275x30x30 mm | Soporte Estable y Resistente para Somieres<\/a><\/td>\n<td>17 \u20ac<\/td>\n<td>3 \u20ac<\/td>\n<\/tr>\n<tr>\n<td>MARKETPLACES<\/td>\n<td><a class=\"ljoptimizer\" href=\"https:\/\/www.amazon.es\/dp\/B0BWY1TS1V?tag=amazon087683-21&amp;th=1\" target=\"_blank\" rel=\"nofollow noopener\">VASAGLE Estantes de Pared, Estantes Flotantes, Juego de 3, 2 Formas de Montaje, 30\/35\/40 cm, Estantes Decorativos, para Sal\u00f3n, Ba\u00f1o, Cocina, Roble y Negro LWS033B11<\/a><\/td>\n<td>17 \u20ac<\/td>\n<td>3 \u20ac<\/td>\n<\/tr>\n<tr>\n<td>MARKETPLACES<\/td>\n<td><a class=\"ljoptimizer\" href=\"https:\/\/www.amazon.es\/dp\/B0DH83TLWD?tag=amazon087683-21&amp;th=1\" target=\"_blank\" rel=\"nofollow noopener\">HOME DECO FACTORY, HD0378, Newton&#8217;s Pendulum H15 cm &#8211; Educational Decorative Object, Minimalist Design, Hypnotizing Movements, original Gift for Science Enthusiasts &#8211; Brown, Gray<\/a><\/td>\n<td>17 \u20ac<\/td>\n<td>3 \u20ac<\/td>\n<\/tr>\n<tr>\n<td>MARKETPLACES<\/td>\n<td><a class=\"ljoptimizer\" href=\"https:\/\/www.amazon.es\/dp\/B00U8SA6NA?tag=amazon087683-21&amp;th=1\" target=\"_blank\" rel=\"nofollow noopener\">S&amp;M 321771 &#8211; Kit completo butano: Regulador de gas butano + Tubo Goma 1,5 metros + 2 abrazaderas de seguridad | Homologado para Espa\u00f1a | Apto para cocinas, estufas, calderas y barbacoas<\/a><\/td>\n<td>16 \u20ac<\/td>\n<td>3 \u20ac<\/td>\n<\/tr>\n<tr>\n<td>MARKETPLACES<\/td>\n<td><a class=\"ljoptimizer\" href=\"https:\/\/www.amazon.es\/dp\/B09LV8CGZQ?tag=amazon087683-21&amp;th=1\" target=\"_blank\" rel=\"nofollow noopener\">S&amp;M 485336 Embellecedor Vitrificado 900\u00b0C-200 mm<\/a><\/td>\n<td>16 \u20ac<\/td>\n<td>3 \u20ac<\/td>\n<\/tr>\n<tr>\n<td>MARKETPLACES<\/td>\n<td><a class=\"ljoptimizer\" href=\"https:\/\/www.amazon.es\/dp\/B07BZ1NZF8?tag=amazon087683-21&amp;th=1\" target=\"_blank\" rel=\"nofollow noopener\">Xpansy Hose C2607A Basic Manguera extensible para agua a presi\u00f3n, color verde, 7,5 metros<\/a><\/td>\n<td>14 \u20ac<\/td>\n<td>3 \u20ac<\/td>\n<\/tr>\n<tr>\n<td>MARKETPLACES<\/td>\n<td><a class=\"ljoptimizer\" href=\"https:\/\/www.amazon.es\/dp\/B08SK1MFYQ?tag=amazon087683-21&amp;th=1\" target=\"_blank\" rel=\"nofollow noopener\">HENG FENG Pantalla Privacidad Balcon 90x500cm PES, Protecci\u00f3n UV, Impermeable, a Prueba de Viento para Exterior, Terraza y Balc\u00f3n, Antracita<\/a><\/td>\n<td>14 \u20ac<\/td>\n<td>3 \u20ac<\/td>\n<\/tr>\n<tr>\n<td>MARKETPLACES<\/td>\n<td><a class=\"ljoptimizer\" href=\"https:\/\/www.amazon.es\/dp\/B0C5JH428M?tag=amazon087683-21&amp;th=1\" target=\"_blank\" rel=\"nofollow noopener\">AKTIVE Mesa Baja Plegable, 60x40x25 cm, Efecto bamb\u00fa, con Cierre de Seguridad, Estructura Aluminio, Tablero Madera MDF, Soporta 20 kg, Asa y Cinta Transporte, Accesorios de Camping y Playa (63016)<\/a><\/td>\n<td>14 \u20ac<\/td>\n<td>3 \u20ac<\/td>\n<\/tr>\n<tr>\n<td>MARKETPLACES<\/td>\n<td><a class=\"ljoptimizer\" href=\"https:\/\/www.amazon.es\/dp\/B0F4X99M5Q?tag=amazon087683-21&amp;th=1\" target=\"_blank\" rel=\"nofollow noopener\">YSTELLAA Fundas Cabeceros, 150CM, Funda Cabecero El\u00e1stico, Universales Fundas para Cabeceros De Cama Antipolvo, Funda Protectora De Cabecera Modernas Lavable, Suave Y Resistente, Marr\u00f3n<\/a><\/td>\n<td>14 \u20ac<\/td>\n<td>2 \u20ac<\/td>\n<\/tr>\n<tr>\n<td>MARKETPLACES<\/td>\n<td><a class=\"ljoptimizer\" href=\"https:\/\/www.amazon.es\/dp\/B07GSZQGNL?tag=amazon087683-21&amp;th=1\" target=\"_blank\" rel=\"nofollow noopener\">InnovaGoods Alfombra de Ba\u00f1o Viscoel\u00e1stica, Poli\u00e9ster, Gris, Unitalla.<\/a><\/td>\n<td>13 \u20ac<\/td>\n<td>2 \u20ac<\/td>\n<\/tr>\n<tr>\n<td>MARKETPLACES<\/td>\n<td><a class=\"ljoptimizer\" href=\"https:\/\/www.amazon.es\/dp\/B09WVWXS75?tag=amazon087683-21&amp;th=1\" target=\"_blank\" rel=\"nofollow noopener\">Cook Concept KD3348 Schneidebrett aus geh\u00e4rtetem Glas, rechteckig, Marmor-Effekt, Wei\u00df\/Grau, H 0,4 x 30 x 40 cm<\/a><\/td>\n<td>11 \u20ac<\/td>\n<td>2 \u20ac<\/td>\n<\/tr>\n<tr>\n<td>MARKETPLACES<\/td>\n<td><a class=\"ljoptimizer\" href=\"https:\/\/www.amazon.es\/dp\/B0001206R4?tag=amazon087683-21&amp;th=1\" target=\"_blank\" rel=\"nofollow noopener\">Intex 29005-CARTUCHO Filtro DEPURADORA-Tipo B<\/a><\/td>\n<td>10 \u20ac<\/td>\n<td>2 \u20ac<\/td>\n<\/tr>\n<tr>\n<td>MARKETPLACES<\/td>\n<td><a class=\"ljoptimizer\" href=\"https:\/\/www.amazon.es\/dp\/B07VYSHLDY?tag=amazon087683-21&amp;th=1\" target=\"_blank\" rel=\"nofollow noopener\">SWISSINNO Esca Ricambio SuperCat in Siringa per Trappola Ratti e Topi. Prodotto naturale, innocuo per bambini e animali, set 4x<\/a><\/td>\n<td>10 \u20ac<\/td>\n<td>2 \u20ac<\/td>\n<\/tr>\n<tr>\n<td>MARKETPLACES<\/td>\n<td><a class=\"ljoptimizer\" href=\"https:\/\/www.amazon.es\/dp\/B09148K6W4?tag=amazon087683-21&amp;th=1\" target=\"_blank\" rel=\"nofollow noopener\">DOMO PAK LIVING Custodia Protettiva per Scaffali di dimensioni 90 cm x 40 cm x 185-195 cm<\/a><\/td>\n<td>9 \u20ac<\/td>\n<td>2 \u20ac<\/td>\n<\/tr>\n<tr>\n<td>MARKETPLACES<\/td>\n<td><a class=\"ljoptimizer\" href=\"https:\/\/www.amazon.es\/dp\/B0FQ9PSR16?tag=amazon087683-21&amp;th=1\" target=\"_blank\" rel=\"nofollow noopener\">Zyluniy Pistola de Coser R\u00e1pida para Ropa, Clothing Fixer con 5 Agujas y 2000pcs Alfileres de Pl\u00e1stico, 50 Hebillas de Oso, Fijador Instant\u00e1neo para Reparaciones de Tejidos, Jeans y Prendas de Vestir<\/a><\/td>\n<td>9 \u20ac<\/td>\n<td>2 \u20ac<\/td>\n<\/tr>\n<tr>\n<td>MARKETPLACES<\/td>\n<td><a class=\"ljoptimizer\" href=\"https:\/\/www.amazon.es\/dp\/B0DT9VD851?tag=amazon087683-21&amp;th=1\" target=\"_blank\" rel=\"nofollow noopener\">HOGAR24 ES | Juego de 4 Patas Ciclindricas para Somier | Instalaci\u00f3n Mediante Rosca | Incluye Tap\u00f3n de Pl\u00e1stico para Evitar Da\u00f1os en el Suelo | Altura: 26 cm<\/a><\/td>\n<td>8 \u20ac<\/td>\n<td>2 \u20ac<\/td>\n<\/tr>\n<tr>\n<td>MARKETPLACES<\/td>\n<td><a class=\"ljoptimizer\" href=\"https:\/\/www.amazon.es\/dp\/B0DT9VD851?tag=amazon087683-21&amp;th=1\" target=\"_blank\" rel=\"nofollow noopener\">HOGAR24 ES | Juego de 4 Patas Ciclindricas para Somier | Instalaci\u00f3n Mediante Rosca | Incluye Tap\u00f3n de Pl\u00e1stico para Evitar Da\u00f1os en el Suelo | Altura: 26 cm<\/a><\/td>\n<td>8 \u20ac<\/td>\n<td>2 \u20ac<\/td>\n<\/tr>\n<tr>\n<td>MARKETPLACES<\/td>\n<td><a class=\"ljoptimizer\" href=\"https:\/\/www.amazon.es\/dp\/B0FJFRY86Z?tag=amazon087683-21&amp;th=1\" target=\"_blank\" rel=\"nofollow noopener\">VOSSOT Grillschalen Set Edelstahl f\u00fcr Gasgrill \u2013 2X Grillpf\u00e4nnchen mit 4 Holzgriffen &amp; 1 Grillzange \u2013 Wiederverwendbare Grillpfanne f\u00fcr Gem\u00fcse Fisch Fleisch BBQ<\/a><\/td>\n<td>8 \u20ac<\/td>\n<td>1 \u20ac<\/td>\n<\/tr>\n<tr>\n<td>MARKETPLACES<\/td>\n<td><a class=\"ljoptimizer\" href=\"https:\/\/www.amazon.es\/dp\/B0058ICN9K?tag=amazon087683-21&amp;th=1\" target=\"_blank\" rel=\"nofollow noopener\">Osram 64702 Tube halog\u00e8ne R7S 400 W 230 V 117 mm<\/a><\/td>\n<td>7 \u20ac<\/td>\n<td>1 \u20ac<\/td>\n<\/tr>\n<tr>\n<td>MARKETPLACES<\/td>\n<td><a class=\"ljoptimizer\" href=\"https:\/\/www.amazon.es\/dp\/B008ET4G40?tag=amazon087683-21&amp;th=1\" target=\"_blank\" rel=\"nofollow noopener\">WERKA PRO Roue Pleine 200x50mm avec Axe de 20mm pour Chariot de Transport, Id\u00e9ale pour Charges Lourdes, Installation Facile, Durabilit\u00e9 et Performance Optimale &#8211; Noir<\/a><\/td>\n<td>7 \u20ac<\/td>\n<td>1 \u20ac<\/td>\n<\/tr>\n<tr>\n<td>MARKETPLACES<\/td>\n<td><a class=\"ljoptimizer\" href=\"https:\/\/www.amazon.es\/dp\/B08TCGPXYW?tag=amazon087683-21&amp;th=1\" target=\"_blank\" rel=\"nofollow noopener\">PLANTAWA Fibra de Coco 10L, Bloque de Sustrato de Coco, Fibra de Coco Natural, Tierra para Plantas Uso Huerto Urbano Terrario Plantas Exterior Turba para macetas<\/a><\/td>\n<td>7 \u20ac<\/td>\n<td>1 \u20ac<\/td>\n<\/tr>\n<tr>\n<td>MARKETPLACES<\/td>\n<td><a class=\"ljoptimizer\" href=\"https:\/\/www.amazon.es\/dp\/B0CD8737D4?tag=amazon087683-21&amp;th=1\" target=\"_blank\" rel=\"nofollow noopener\">Runesol Bandera Colombiana, 91x152cm, 3ft x 5ft, 4 Ojales, Ojal en Cada Esquina, Banderas Premium<\/a><\/td>\n<td>4 \u20ac<\/td>\n<td>1 \u20ac<\/td>\n<\/tr>\n<\/tbody>\n<\/table>\n","protected":false},"excerpt":{"rendered":"<p>Caja de Hogar sin revisar procedente de devoluciones de marketplaces<\/p>\n<ul>\n<li>N\u00famero de productos: 34<\/li>\n<li>Valor aproximado: 634.00<\/li>\n<li>Porcentaje que se paga: 15% + IVA<\/li>\n<li>Tiempo de entrega estimado: 3 a 7 d\u00edas<\/li>\n<\/ul>\n<p>*Los precios incluyen IVA<\/p>\n","protected":false},"featured_media":157134,"template":"","meta":{"site-sidebar-layout":"default","site-content-layout":"","ast-site-content-layout":"default","site-content-style":"default","site-sidebar-style":"default","ast-global-header-display":"","ast-banner-title-visibility":"","ast-main-header-display":"","ast-hfb-above-header-display":"","ast-hfb-below-header-display":"","ast-hfb-mobile-header-display":"","site-post-title":"","ast-breadcrumbs-content":"","ast-featured-img":"","footer-sml-layout":"","ast-disable-related-posts":"","theme-transparent-header-meta":"default","adv-header-id-meta":"","stick-header-meta":"","header-above-stick-meta":"","header-main-stick-meta":"","header-below-stick-meta":"","astra-migrate-meta-layouts":"set","ast-page-background-enabled":"default","ast-page-background-meta":{"desktop":{"background-color":"var(--ast-global-color-4)","background-image":"","background-repeat":"repeat","background-position":"center center","background-size":"auto","background-attachment":"scroll","background-type":"","background-media":"","overlay-type":"","overlay-color":"","overlay-opacity":"","overlay-gradient":""},"tablet":{"background-color":"","background-image":"","background-repeat":"repeat","background-position":"center center","background-size":"auto","background-attachment":"scroll","background-type":"","background-media":"","overlay-type":"","overlay-color":"","overlay-opacity":"","overlay-gradient":""},"mobile":{"background-color":"","background-image":"","background-repeat":"repeat","background-position":"center center","background-size":"auto","background-attachment":"scroll","background-type":"","background-media":"","overlay-type":"","overlay-color":"","overlay-opacity":"","overlay-gradient":""}},"ast-content-background-meta":{"desktop":{"background-color":"var(--ast-global-color-5)","background-image":"","background-repeat":"repeat","background-position":"center center","background-size":"auto","background-attachment":"scroll","background-type":"","background-media":"","overlay-type":"","overlay-color":"","overlay-opacity":"","overlay-gradient":""},"tablet":{"background-color":"var(--ast-global-color-5)","background-image":"","background-repeat":"repeat","background-position":"center center","background-size":"auto","background-attachment":"scroll","background-type":"","background-media":"","overlay-type":"","overlay-color":"","overlay-opacity":"","overlay-gradient":""},"mobile":{"background-color":"var(--ast-global-color-5)","background-image":"","background-repeat":"repeat","background-position":"center center","background-size":"auto","background-attachment":"scroll","background-type":"","background-media":"","overlay-type":"","overlay-color":"","overlay-opacity":"","overlay-gradient":""}}},"product_brand":[],"product_cat":[49,43],"product_tag":[],"class_list":{"0":"post-156951","1":"product","2":"type-product","3":"status-publish","4":"has-post-thumbnail","6":"product_cat-cajas","7":"product_cat-hogar","8":"desktop-align-left","9":"tablet-align-left","10":"mobile-align-left","12":"first","13":"instock","14":"sale","15":"downloadable","16":"taxable","17":"shipping-taxable","18":"purchasable","19":"product-type-simple"},"yoast_head":"<!-- This site is optimized with the Yoast SEO plugin v27.2 - https:\/\/yoast.com\/product\/yoast-seo-wordpress\/ -->\n<title>Caja de Hogar [34 productos] (spW83P8870m) - Comprardevoluciones - Tu tienda de Devoluciones de Amazon<\/title>\n<meta name=\"robots\" content=\"noindex, follow\" \/>\n<meta property=\"og:locale\" content=\"en_US\" \/>\n<meta property=\"og:type\" content=\"article\" \/>\n<meta property=\"og:title\" content=\"Caja de Hogar [34 productos] (spW83P8870m) - Comprardevoluciones - Tu tienda de Devoluciones de Amazon\" \/>\n<meta property=\"og:description\" content=\"Caja de Hogar sin revisar procedente de devoluciones de marketplaces   N\u00famero de productos: 34  Valor aproximado: 634.00  Porcentaje que se paga: 15% + IVA  Tiempo de entrega estimado: 3 a 7 d\u00edas  *Los precios incluyen IVA\" \/>\n<meta property=\"og:url\" content=\"https:\/\/comprardevoluciones.com\/producto\/spw83p8870m\/\" \/>\n<meta property=\"og:site_name\" content=\"Comprardevoluciones - Tu tienda de Devoluciones de Amazon\" \/>\n<meta property=\"og:image\" content=\"https:\/\/comprardevoluciones.com\/wp-content\/uploads\/2026\/01\/spW83P8870m.jpg\" \/>\n\t<meta property=\"og:image:width\" content=\"700\" \/>\n\t<meta property=\"og:image:height\" content=\"700\" \/>\n\t<meta property=\"og:image:type\" content=\"image\/jpeg\" \/>\n<meta name=\"twitter:card\" content=\"summary_large_image\" \/>\n<meta name=\"twitter:label1\" content=\"Est. reading time\" \/>\n\t<meta name=\"twitter:data1\" content=\"5 minutes\" \/>\n<script type=\"application\/ld+json\" class=\"yoast-schema-graph\">{\"@context\":\"https:\/\/schema.org\",\"@graph\":[{\"@type\":\"WebPage\",\"@id\":\"https:\/\/comprardevoluciones.com\/producto\/spw83p8870m\/\",\"url\":\"https:\/\/comprardevoluciones.com\/producto\/spw83p8870m\/\",\"name\":\"Caja de Hogar [34 productos] (spW83P8870m) - Comprardevoluciones - Tu tienda de Devoluciones de Amazon\",\"isPartOf\":{\"@id\":\"https:\/\/comprardevoluciones.com\/#website\"},\"primaryImageOfPage\":{\"@id\":\"https:\/\/comprardevoluciones.com\/producto\/spw83p8870m\/#primaryimage\"},\"image\":{\"@id\":\"https:\/\/comprardevoluciones.com\/producto\/spw83p8870m\/#primaryimage\"},\"thumbnailUrl\":\"https:\/\/comprardevoluciones.com\/wp-content\/uploads\/2026\/01\/spW83P8870m.jpg\",\"datePublished\":\"2026-01-21T10:00:26+00:00\",\"breadcrumb\":{\"@id\":\"https:\/\/comprardevoluciones.com\/producto\/spw83p8870m\/#breadcrumb\"},\"inLanguage\":\"en-US\",\"potentialAction\":[{\"@type\":\"ReadAction\",\"target\":[\"https:\/\/comprardevoluciones.com\/producto\/spw83p8870m\/\"]}]},{\"@type\":\"ImageObject\",\"inLanguage\":\"en-US\",\"@id\":\"https:\/\/comprardevoluciones.com\/producto\/spw83p8870m\/#primaryimage\",\"url\":\"https:\/\/comprardevoluciones.com\/wp-content\/uploads\/2026\/01\/spW83P8870m.jpg\",\"contentUrl\":\"https:\/\/comprardevoluciones.com\/wp-content\/uploads\/2026\/01\/spW83P8870m.jpg\",\"width\":700,\"height\":700},{\"@type\":\"BreadcrumbList\",\"@id\":\"https:\/\/comprardevoluciones.com\/producto\/spw83p8870m\/#breadcrumb\",\"itemListElement\":[{\"@type\":\"ListItem\",\"position\":1,\"name\":\"Portada\",\"item\":\"https:\/\/comprardevoluciones.com\/en\/\"},{\"@type\":\"ListItem\",\"position\":2,\"name\":\"Shop\",\"item\":\"https:\/\/comprardevoluciones.com\/en\/shop\/\"},{\"@type\":\"ListItem\",\"position\":3,\"name\":\"Caja de Hogar [34 productos] (spW83P8870m)\"}]},{\"@type\":\"WebSite\",\"@id\":\"https:\/\/comprardevoluciones.com\/#website\",\"url\":\"https:\/\/comprardevoluciones.com\/\",\"name\":\"Comprardevoluciones - Tu tienda de Devoluciones de Amazon\",\"description\":\"Consigue Stock en buen estado a un precio imbatible\",\"potentialAction\":[{\"@type\":\"SearchAction\",\"target\":{\"@type\":\"EntryPoint\",\"urlTemplate\":\"https:\/\/comprardevoluciones.com\/?s={search_term_string}\"},\"query-input\":{\"@type\":\"PropertyValueSpecification\",\"valueRequired\":true,\"valueName\":\"search_term_string\"}}],\"inLanguage\":\"en-US\"}]}<\/script>\n<!-- \/ Yoast SEO plugin. -->","yoast_head_json":{"title":"Caja de Hogar [34 productos] (spW83P8870m) - Comprardevoluciones - Tu tienda de Devoluciones de Amazon","robots":{"index":"noindex","follow":"follow"},"og_locale":"en_US","og_type":"article","og_title":"Caja de Hogar [34 productos] (spW83P8870m) - Comprardevoluciones - Tu tienda de Devoluciones de Amazon","og_description":"Caja de Hogar sin revisar procedente de devoluciones de marketplaces   N\u00famero de productos: 34  Valor aproximado: 634.00  Porcentaje que se paga: 15% + IVA  Tiempo de entrega estimado: 3 a 7 d\u00edas  *Los precios incluyen IVA","og_url":"https:\/\/comprardevoluciones.com\/producto\/spw83p8870m\/","og_site_name":"Comprardevoluciones - Tu tienda de Devoluciones de Amazon","og_image":[{"width":700,"height":700,"url":"https:\/\/comprardevoluciones.com\/wp-content\/uploads\/2026\/01\/spW83P8870m.jpg","type":"image\/jpeg"}],"twitter_card":"summary_large_image","twitter_misc":{"Est. reading time":"5 minutes"},"schema":{"@context":"https:\/\/schema.org","@graph":[{"@type":"WebPage","@id":"https:\/\/comprardevoluciones.com\/producto\/spw83p8870m\/","url":"https:\/\/comprardevoluciones.com\/producto\/spw83p8870m\/","name":"Caja de Hogar [34 productos] (spW83P8870m) - Comprardevoluciones - Tu tienda de Devoluciones de Amazon","isPartOf":{"@id":"https:\/\/comprardevoluciones.com\/#website"},"primaryImageOfPage":{"@id":"https:\/\/comprardevoluciones.com\/producto\/spw83p8870m\/#primaryimage"},"image":{"@id":"https:\/\/comprardevoluciones.com\/producto\/spw83p8870m\/#primaryimage"},"thumbnailUrl":"https:\/\/comprardevoluciones.com\/wp-content\/uploads\/2026\/01\/spW83P8870m.jpg","datePublished":"2026-01-21T10:00:26+00:00","breadcrumb":{"@id":"https:\/\/comprardevoluciones.com\/producto\/spw83p8870m\/#breadcrumb"},"inLanguage":"en-US","potentialAction":[{"@type":"ReadAction","target":["https:\/\/comprardevoluciones.com\/producto\/spw83p8870m\/"]}]},{"@type":"ImageObject","inLanguage":"en-US","@id":"https:\/\/comprardevoluciones.com\/producto\/spw83p8870m\/#primaryimage","url":"https:\/\/comprardevoluciones.com\/wp-content\/uploads\/2026\/01\/spW83P8870m.jpg","contentUrl":"https:\/\/comprardevoluciones.com\/wp-content\/uploads\/2026\/01\/spW83P8870m.jpg","width":700,"height":700},{"@type":"BreadcrumbList","@id":"https:\/\/comprardevoluciones.com\/producto\/spw83p8870m\/#breadcrumb","itemListElement":[{"@type":"ListItem","position":1,"name":"Portada","item":"https:\/\/comprardevoluciones.com\/en\/"},{"@type":"ListItem","position":2,"name":"Shop","item":"https:\/\/comprardevoluciones.com\/en\/shop\/"},{"@type":"ListItem","position":3,"name":"Caja de Hogar [34 productos] (spW83P8870m)"}]},{"@type":"WebSite","@id":"https:\/\/comprardevoluciones.com\/#website","url":"https:\/\/comprardevoluciones.com\/","name":"Comprardevoluciones - Tu tienda de Devoluciones de Amazon","description":"Consigue Stock en buen estado a un precio imbatible","potentialAction":[{"@type":"SearchAction","target":{"@type":"EntryPoint","urlTemplate":"https:\/\/comprardevoluciones.com\/?s={search_term_string}"},"query-input":{"@type":"PropertyValueSpecification","valueRequired":true,"valueName":"search_term_string"}}],"inLanguage":"en-US"}]}},"_links":{"self":[{"href":"https:\/\/comprardevoluciones.com\/en\/wp-json\/wp\/v2\/product\/156951","targetHints":{"allow":["GET"]}}],"collection":[{"href":"https:\/\/comprardevoluciones.com\/en\/wp-json\/wp\/v2\/product"}],"about":[{"href":"https:\/\/comprardevoluciones.com\/en\/wp-json\/wp\/v2\/types\/product"}],"wp:featuredmedia":[{"embeddable":true,"href":"https:\/\/comprardevoluciones.com\/en\/wp-json\/wp\/v2\/media\/157134"}],"wp:attachment":[{"href":"https:\/\/comprardevoluciones.com\/en\/wp-json\/wp\/v2\/media?parent=156951"}],"wp:term":[{"taxonomy":"product_brand","embeddable":true,"href":"https:\/\/comprardevoluciones.com\/en\/wp-json\/wp\/v2\/product_brand?post=156951"},{"taxonomy":"product_cat","embeddable":true,"href":"https:\/\/comprardevoluciones.com\/en\/wp-json\/wp\/v2\/product_cat?post=156951"},{"taxonomy":"product_tag","embeddable":true,"href":"https:\/\/comprardevoluciones.com\/en\/wp-json\/wp\/v2\/product_tag?post=156951"}],"curies":[{"name":"wp","href":"https:\/\/api.w.org\/{rel}","templated":true}]}}