{"id":157830,"date":"2026-01-01T19:06:51","date_gmt":"2026-01-01T18:06:51","guid":{"rendered":"https:\/\/comprardevoluciones.com\/?post_type=product&#038;p=157830"},"modified":"2026-01-23T19:21:19","modified_gmt":"2026-01-23T18:21:19","slug":"tr3032011","status":"publish","type":"product","link":"https:\/\/comprardevoluciones.com\/en\/producto\/tr3032011\/","title":{"rendered":"Pal\u00e9 de Teles ROTAS (BROKEN TVs) [8 productos] (TR3032011)"},"content":{"rendered":"<p>Descripci\u00f3n y valor: TODOS LOS PRODUCTOS DE ESTE PAL\u00c9 EST\u00c1N ROTOS, POR ESO SE VENDE TAN BARATO<\/p>\n<table>\n<tbody>\n<tr>\n<td><strong>FUENTE<\/strong><\/td>\n<td><strong>PRODUCTO<\/strong><\/td>\n<td><strong>VALOR (\u20ac)<\/strong><\/td>\n<td><strong>PAGAS (\u20ac)<\/strong><\/td>\n<\/tr>\n<tr>\n<td>MARKETPLACES<\/td>\n<td><a class=\"ljoptimizer\" href=\"https:\/\/www.amazon.es\/dp\/B0CXF6FJ6S?tag=amazon087683-21&amp;th=1\" target=\"_blank\" rel=\"nofollow noopener\">TCL 75V6B 75&#8243; 4K Ultra HD, HDR TV, Smart TV Powered by Google TV (Dolby Audio, Motion Clarity, Voice Control, Compatible with Google Assistant, Chromecast Integrated) [Clase de eficiencia energ\u00e9tica E]<\/a><\/td>\n<td>778\u20ac<\/td>\n<td>39\u20ac<\/td>\n<\/tr>\n<tr>\n<td>MARKETPLACES<\/td>\n<td><a class=\"ljoptimizer\" href=\"https:\/\/www.amazon.es\/dp\/B0DW96CFKL?tag=amazon087683-21&amp;th=1\" target=\"_blank\" rel=\"nofollow noopener\">TCL 65T6C, 65&#8243; QLED 4K HDR TV, Fire TV (Smart TV with Dolby Vision &amp; Atmos, HDR10+, Press &amp; Ask Alexa) [Clase de eficiencia energ\u00e9tica F] [Clase de eficiencia energ\u00e9tica F]<\/a><\/td>\n<td>549\u20ac<\/td>\n<td>27\u20ac<\/td>\n<\/tr>\n<tr>\n<td>MARKETPLACES<\/td>\n<td><a class=\"ljoptimizer\" href=\"https:\/\/www.amazon.es\/dp\/B0DV5PVBZV?tag=amazon087683-21&amp;th=1\" target=\"_blank\" rel=\"nofollow noopener\">Telefunken 65DTUV725 Smart TV 4K UHD de 65 Pulgadas, Frameless, Imagen HDR10, Dolby Audio, Compatible con Asistente de Voz Alexa y Google [Clase de eficiencia energ\u00e9tica E]<\/a><\/td>\n<td>450\u20ac<\/td>\n<td>22\u20ac<\/td>\n<\/tr>\n<tr>\n<td>MARKETPLACES<\/td>\n<td><a class=\"ljoptimizer\" href=\"https:\/\/www.amazon.es\/dp\/B0F9Q24YFV?tag=amazon087683-21&amp;th=1\" target=\"_blank\" rel=\"nofollow noopener\">Samsung TV 65 Pulgadas Crystal UHD U8075F 4K Smart TV, Colores incre\u00edbles con Crystal Processor 4K, Escucha Todos los Altavoces con Q-Symphony, Datos protegidos Knox Security y Gaming Hub [Clase de eficiencia energ\u00e9tica G]<\/a><\/td>\n<td>449\u20ac<\/td>\n<td>22\u20ac<\/td>\n<\/tr>\n<tr>\n<td>MARKETPLACES<\/td>\n<td><a class=\"ljoptimizer\" href=\"https:\/\/www.amazon.es\/dp\/B0CJVPB15P?tag=amazon087683-21&amp;th=1\" target=\"_blank\" rel=\"nofollow noopener\">TOSHIBA 65UV2363DG Smart TV 4K UHD de 65&#8243;, sin Marcos, con HDR10, Dolby Audio, Compatible con Asistente de Voz Alexa y Google, Bluetooth [Clase de eficiencia energ\u00e9tica E]<\/a><\/td>\n<td>419\u20ac<\/td>\n<td>21\u20ac<\/td>\n<\/tr>\n<tr>\n<td>MARKETPLACES<\/td>\n<td><a class=\"ljoptimizer\" href=\"https:\/\/www.amazon.es\/dp\/B0DV9QP1RQ?tag=amazon087683-21&amp;th=1\" target=\"_blank\" rel=\"nofollow noopener\">Daewoo 55DM65QV 2025 55&#8243; &#8211; QLED Smart TV 4K HDR 3840 x 2160, Dolby Vision, Dolby Audio, Peana Central, Dise\u00f1o sin Marcos [Clase de eficiencia energ\u00e9tica E]<\/a><\/td>\n<td>380\u20ac<\/td>\n<td>19\u20ac<\/td>\n<\/tr>\n<tr>\n<td>MARKETPLACES<\/td>\n<td><a class=\"ljoptimizer\" href=\"https:\/\/www.amazon.es\/dp\/B0F1MPWV27?tag=amazon087683-21&amp;th=1\" target=\"_blank\" rel=\"nofollow noopener\">Hisense 55E7Q &#8211; QLED Smart TV 55 Pulgadas, Dolby Vision, Dolby Atmos, Modo Juego Plus, 60Hz VRR 120 fps, Modo Deportes, Monvimiento Suave IA, Bluetooth y HDMI 2.1, Control por Voz Alexa [Clase de eficiencia energ\u00e9tica E]<\/a><\/td>\n<td>369\u20ac<\/td>\n<td>18\u20ac<\/td>\n<\/tr>\n<tr>\n<td>MARKETPLACES<\/td>\n<td><a class=\"ljoptimizer\" href=\"https:\/\/www.amazon.es\/dp\/B0D54FZJWB?tag=amazon087683-21&amp;th=1\" target=\"_blank\" rel=\"nofollow noopener\">Haier QLED 4K UHD H55K705UG, 55&#8243;, Smart TV, Android 11, Dolby Audio, HDR 10, Control Remoto Inteligente, Google Assistant, Bluetooth 5.1, DBX TV, HDMI 2.1 x 4, Sin Marcos, 2024 [Clase de eficiencia energ\u00e9tica F]<\/a><\/td>\n<td>358\u20ac<\/td>\n<td>18\u20ac<\/td>\n<\/tr>\n<\/tbody>\n<\/table>\n","protected":false},"excerpt":{"rendered":"<p>Pal\u00e9 de productos procedentes de devoluciones de Marketplaces (TODOS LOS PRODUCTOS EST\u00c1N ROTOS):<\/p>\n<p>Pallet of products from Marketplaces returns (ALL PRODUCTS ARE BROKEN):<\/p>\n<p>Palete de produtos provenientes de devolu\u00e7\u00f5es da Marketplaces (TODOS OS PRODUTOS EST\u00c2O PARTIDOS):<\/p>\n<ul>\n<li>N\u00famero de productos: 8<\/li>\n<li>Valor aproximado: 3752.00<\/li>\n<li>Porcentaje que se paga: 4% + IVA<\/li>\n<li>Tiempo de entrega estimado: 3 a 7 d\u00edas<\/li>\n<\/ul>\n<p>*Los precios incluyen IVA<\/p>\n","protected":false},"featured_media":157979,"template":"","meta":{"site-sidebar-layout":"default","site-content-layout":"","ast-site-content-layout":"default","site-content-style":"default","site-sidebar-style":"default","ast-global-header-display":"","ast-banner-title-visibility":"","ast-main-header-display":"","ast-hfb-above-header-display":"","ast-hfb-below-header-display":"","ast-hfb-mobile-header-display":"","site-post-title":"","ast-breadcrumbs-content":"","ast-featured-img":"","footer-sml-layout":"","ast-disable-related-posts":"","theme-transparent-header-meta":"default","adv-header-id-meta":"","stick-header-meta":"","header-above-stick-meta":"","header-main-stick-meta":"","header-below-stick-meta":"","astra-migrate-meta-layouts":"set","ast-page-background-enabled":"default","ast-page-background-meta":{"desktop":{"background-color":"var(--ast-global-color-4)","background-image":"","background-repeat":"repeat","background-position":"center center","background-size":"auto","background-attachment":"scroll","background-type":"","background-media":"","overlay-type":"","overlay-color":"","overlay-opacity":"","overlay-gradient":""},"tablet":{"background-color":"","background-image":"","background-repeat":"repeat","background-position":"center center","background-size":"auto","background-attachment":"scroll","background-type":"","background-media":"","overlay-type":"","overlay-color":"","overlay-opacity":"","overlay-gradient":""},"mobile":{"background-color":"","background-image":"","background-repeat":"repeat","background-position":"center center","background-size":"auto","background-attachment":"scroll","background-type":"","background-media":"","overlay-type":"","overlay-color":"","overlay-opacity":"","overlay-gradient":""}},"ast-content-background-meta":{"desktop":{"background-color":"var(--ast-global-color-5)","background-image":"","background-repeat":"repeat","background-position":"center center","background-size":"auto","background-attachment":"scroll","background-type":"","background-media":"","overlay-type":"","overlay-color":"","overlay-opacity":"","overlay-gradient":""},"tablet":{"background-color":"var(--ast-global-color-5)","background-image":"","background-repeat":"repeat","background-position":"center center","background-size":"auto","background-attachment":"scroll","background-type":"","background-media":"","overlay-type":"","overlay-color":"","overlay-opacity":"","overlay-gradient":""},"mobile":{"background-color":"var(--ast-global-color-5)","background-image":"","background-repeat":"repeat","background-position":"center center","background-size":"auto","background-attachment":"scroll","background-type":"","background-media":"","overlay-type":"","overlay-color":"","overlay-opacity":"","overlay-gradient":""}}},"product_brand":[],"product_cat":[65,128],"product_tag":[],"class_list":{"0":"post-157830","1":"product","2":"type-product","3":"status-publish","4":"has-post-thumbnail","6":"product_cat-pales","7":"product_cat-teles-rotas","8":"product_shipping_class-pale","9":"desktop-align-left","10":"tablet-align-left","11":"mobile-align-left","13":"first","14":"instock","15":"sale","16":"downloadable","17":"taxable","18":"shipping-taxable","19":"purchasable","20":"product-type-simple"},"yoast_head":"<!-- This site is optimized with the Yoast SEO plugin v27.2 - https:\/\/yoast.com\/product\/yoast-seo-wordpress\/ -->\n<title>Pal\u00e9 de Teles ROTAS (BROKEN TVs) [8 productos] (TR3032011) - Comprardevoluciones - Tu tienda de Devoluciones de Amazon<\/title>\n<meta name=\"robots\" content=\"noindex, follow\" \/>\n<meta property=\"og:locale\" content=\"en_US\" \/>\n<meta property=\"og:type\" content=\"article\" \/>\n<meta property=\"og:title\" content=\"Pal\u00e9 de Teles ROTAS (BROKEN TVs) [8 productos] (TR3032011) - Comprardevoluciones - Tu tienda de Devoluciones de Amazon\" \/>\n<meta property=\"og:description\" content=\"Pal\u00e9 de productos procedentes de devoluciones de Marketplaces (TODOS LOS PRODUCTOS EST\u00c1N ROTOS):  Pallet of products from Marketplaces returns (ALL PRODUCTS ARE BROKEN):  Palete de produtos provenientes de devolu\u00e7\u00f5es da Marketplaces (TODOS OS PRODUTOS EST\u00c2O PARTIDOS):   N\u00famero de productos: 8  Valor aproximado: 3752.00  Porcentaje que se paga: 4% + IVA  Tiempo de entrega estimado: 3 a 7 d\u00edas  *Los precios incluyen IVA\" \/>\n<meta property=\"og:url\" content=\"https:\/\/comprardevoluciones.com\/producto\/tr3032011\/\" \/>\n<meta property=\"og:site_name\" content=\"Comprardevoluciones - Tu tienda de Devoluciones de Amazon\" \/>\n<meta property=\"article:modified_time\" content=\"2026-01-23T18:21:19+00:00\" \/>\n<meta property=\"og:image\" content=\"https:\/\/comprardevoluciones.com\/wp-content\/uploads\/2026\/01\/Teles-rotas-1-1.jpg\" \/>\n\t<meta property=\"og:image:width\" content=\"700\" \/>\n\t<meta property=\"og:image:height\" content=\"700\" \/>\n\t<meta property=\"og:image:type\" content=\"image\/jpeg\" \/>\n<meta name=\"twitter:card\" content=\"summary_large_image\" \/>\n<meta name=\"twitter:label1\" content=\"Est. reading time\" \/>\n\t<meta name=\"twitter:data1\" content=\"2 minutes\" \/>\n<script type=\"application\/ld+json\" class=\"yoast-schema-graph\">{\"@context\":\"https:\/\/schema.org\",\"@graph\":[{\"@type\":\"WebPage\",\"@id\":\"https:\/\/comprardevoluciones.com\/producto\/tr3032011\/\",\"url\":\"https:\/\/comprardevoluciones.com\/producto\/tr3032011\/\",\"name\":\"Pal\u00e9 de Teles ROTAS (BROKEN TVs) [8 productos] (TR3032011) - Comprardevoluciones - Tu tienda de Devoluciones de Amazon\",\"isPartOf\":{\"@id\":\"https:\/\/comprardevoluciones.com\/#website\"},\"primaryImageOfPage\":{\"@id\":\"https:\/\/comprardevoluciones.com\/producto\/tr3032011\/#primaryimage\"},\"image\":{\"@id\":\"https:\/\/comprardevoluciones.com\/producto\/tr3032011\/#primaryimage\"},\"thumbnailUrl\":\"https:\/\/comprardevoluciones.com\/wp-content\/uploads\/2026\/01\/Teles-rotas-1-1.jpg\",\"datePublished\":\"2026-01-01T18:06:51+00:00\",\"dateModified\":\"2026-01-23T18:21:19+00:00\",\"breadcrumb\":{\"@id\":\"https:\/\/comprardevoluciones.com\/producto\/tr3032011\/#breadcrumb\"},\"inLanguage\":\"en-US\",\"potentialAction\":[{\"@type\":\"ReadAction\",\"target\":[\"https:\/\/comprardevoluciones.com\/producto\/tr3032011\/\"]}]},{\"@type\":\"ImageObject\",\"inLanguage\":\"en-US\",\"@id\":\"https:\/\/comprardevoluciones.com\/producto\/tr3032011\/#primaryimage\",\"url\":\"https:\/\/comprardevoluciones.com\/wp-content\/uploads\/2026\/01\/Teles-rotas-1-1.jpg\",\"contentUrl\":\"https:\/\/comprardevoluciones.com\/wp-content\/uploads\/2026\/01\/Teles-rotas-1-1.jpg\",\"width\":700,\"height\":700},{\"@type\":\"BreadcrumbList\",\"@id\":\"https:\/\/comprardevoluciones.com\/producto\/tr3032011\/#breadcrumb\",\"itemListElement\":[{\"@type\":\"ListItem\",\"position\":1,\"name\":\"Portada\",\"item\":\"https:\/\/comprardevoluciones.com\/en\/\"},{\"@type\":\"ListItem\",\"position\":2,\"name\":\"Shop\",\"item\":\"https:\/\/comprardevoluciones.com\/en\/shop\/\"},{\"@type\":\"ListItem\",\"position\":3,\"name\":\"Pal\u00e9 de Teles ROTAS (BROKEN TVs) [8 productos] (TR3032011)\"}]},{\"@type\":\"WebSite\",\"@id\":\"https:\/\/comprardevoluciones.com\/#website\",\"url\":\"https:\/\/comprardevoluciones.com\/\",\"name\":\"Comprardevoluciones - Tu tienda de Devoluciones de Amazon\",\"description\":\"Consigue Stock en buen estado a un precio imbatible\",\"potentialAction\":[{\"@type\":\"SearchAction\",\"target\":{\"@type\":\"EntryPoint\",\"urlTemplate\":\"https:\/\/comprardevoluciones.com\/?s={search_term_string}\"},\"query-input\":{\"@type\":\"PropertyValueSpecification\",\"valueRequired\":true,\"valueName\":\"search_term_string\"}}],\"inLanguage\":\"en-US\"}]}<\/script>\n<!-- \/ Yoast SEO plugin. -->","yoast_head_json":{"title":"Pal\u00e9 de Teles ROTAS (BROKEN TVs) [8 productos] (TR3032011) - Comprardevoluciones - Tu tienda de Devoluciones de Amazon","robots":{"index":"noindex","follow":"follow"},"og_locale":"en_US","og_type":"article","og_title":"Pal\u00e9 de Teles ROTAS (BROKEN TVs) [8 productos] (TR3032011) - Comprardevoluciones - Tu tienda de Devoluciones de Amazon","og_description":"Pal\u00e9 de productos procedentes de devoluciones de Marketplaces (TODOS LOS PRODUCTOS EST\u00c1N ROTOS):  Pallet of products from Marketplaces returns (ALL PRODUCTS ARE BROKEN):  Palete de produtos provenientes de devolu\u00e7\u00f5es da Marketplaces (TODOS OS PRODUTOS EST\u00c2O PARTIDOS):   N\u00famero de productos: 8  Valor aproximado: 3752.00  Porcentaje que se paga: 4% + IVA  Tiempo de entrega estimado: 3 a 7 d\u00edas  *Los precios incluyen IVA","og_url":"https:\/\/comprardevoluciones.com\/producto\/tr3032011\/","og_site_name":"Comprardevoluciones - Tu tienda de Devoluciones de Amazon","article_modified_time":"2026-01-23T18:21:19+00:00","og_image":[{"width":700,"height":700,"url":"https:\/\/comprardevoluciones.com\/wp-content\/uploads\/2026\/01\/Teles-rotas-1-1.jpg","type":"image\/jpeg"}],"twitter_card":"summary_large_image","twitter_misc":{"Est. reading time":"2 minutes"},"schema":{"@context":"https:\/\/schema.org","@graph":[{"@type":"WebPage","@id":"https:\/\/comprardevoluciones.com\/producto\/tr3032011\/","url":"https:\/\/comprardevoluciones.com\/producto\/tr3032011\/","name":"Pal\u00e9 de Teles ROTAS (BROKEN TVs) [8 productos] (TR3032011) - Comprardevoluciones - Tu tienda de Devoluciones de Amazon","isPartOf":{"@id":"https:\/\/comprardevoluciones.com\/#website"},"primaryImageOfPage":{"@id":"https:\/\/comprardevoluciones.com\/producto\/tr3032011\/#primaryimage"},"image":{"@id":"https:\/\/comprardevoluciones.com\/producto\/tr3032011\/#primaryimage"},"thumbnailUrl":"https:\/\/comprardevoluciones.com\/wp-content\/uploads\/2026\/01\/Teles-rotas-1-1.jpg","datePublished":"2026-01-01T18:06:51+00:00","dateModified":"2026-01-23T18:21:19+00:00","breadcrumb":{"@id":"https:\/\/comprardevoluciones.com\/producto\/tr3032011\/#breadcrumb"},"inLanguage":"en-US","potentialAction":[{"@type":"ReadAction","target":["https:\/\/comprardevoluciones.com\/producto\/tr3032011\/"]}]},{"@type":"ImageObject","inLanguage":"en-US","@id":"https:\/\/comprardevoluciones.com\/producto\/tr3032011\/#primaryimage","url":"https:\/\/comprardevoluciones.com\/wp-content\/uploads\/2026\/01\/Teles-rotas-1-1.jpg","contentUrl":"https:\/\/comprardevoluciones.com\/wp-content\/uploads\/2026\/01\/Teles-rotas-1-1.jpg","width":700,"height":700},{"@type":"BreadcrumbList","@id":"https:\/\/comprardevoluciones.com\/producto\/tr3032011\/#breadcrumb","itemListElement":[{"@type":"ListItem","position":1,"name":"Portada","item":"https:\/\/comprardevoluciones.com\/en\/"},{"@type":"ListItem","position":2,"name":"Shop","item":"https:\/\/comprardevoluciones.com\/en\/shop\/"},{"@type":"ListItem","position":3,"name":"Pal\u00e9 de Teles ROTAS (BROKEN TVs) [8 productos] (TR3032011)"}]},{"@type":"WebSite","@id":"https:\/\/comprardevoluciones.com\/#website","url":"https:\/\/comprardevoluciones.com\/","name":"Comprardevoluciones - Tu tienda de Devoluciones de Amazon","description":"Consigue Stock en buen estado a un precio imbatible","potentialAction":[{"@type":"SearchAction","target":{"@type":"EntryPoint","urlTemplate":"https:\/\/comprardevoluciones.com\/?s={search_term_string}"},"query-input":{"@type":"PropertyValueSpecification","valueRequired":true,"valueName":"search_term_string"}}],"inLanguage":"en-US"}]}},"_links":{"self":[{"href":"https:\/\/comprardevoluciones.com\/en\/wp-json\/wp\/v2\/product\/157830","targetHints":{"allow":["GET"]}}],"collection":[{"href":"https:\/\/comprardevoluciones.com\/en\/wp-json\/wp\/v2\/product"}],"about":[{"href":"https:\/\/comprardevoluciones.com\/en\/wp-json\/wp\/v2\/types\/product"}],"wp:featuredmedia":[{"embeddable":true,"href":"https:\/\/comprardevoluciones.com\/en\/wp-json\/wp\/v2\/media\/157979"}],"wp:attachment":[{"href":"https:\/\/comprardevoluciones.com\/en\/wp-json\/wp\/v2\/media?parent=157830"}],"wp:term":[{"taxonomy":"product_brand","embeddable":true,"href":"https:\/\/comprardevoluciones.com\/en\/wp-json\/wp\/v2\/product_brand?post=157830"},{"taxonomy":"product_cat","embeddable":true,"href":"https:\/\/comprardevoluciones.com\/en\/wp-json\/wp\/v2\/product_cat?post=157830"},{"taxonomy":"product_tag","embeddable":true,"href":"https:\/\/comprardevoluciones.com\/en\/wp-json\/wp\/v2\/product_tag?post=157830"}],"curies":[{"name":"wp","href":"https:\/\/api.w.org\/{rel}","templated":true}]}}