{"id":165003,"date":"2026-04-04T10:00:56","date_gmt":"2026-04-04T09:00:56","guid":{"rendered":"https:\/\/comprardevoluciones.com\/?post_type=product&#038;p=165003"},"modified":"2026-04-04T12:19:22","modified_gmt":"2026-04-04T11:19:22","slug":"10221668","status":"publish","type":"product","link":"https:\/\/comprardevoluciones.com\/en\/producto\/10221668\/","title":{"rendered":"Pal\u00e9 de Oficina [19 productos] (10221668)"},"content":{"rendered":"<p>Descripci\u00f3n y valor aproximados<\/p>\n<table>\n<tbody>\n<tr>\n<td><strong>FUENTE<\/strong><\/td>\n<td><strong>PRODUCTO<\/strong><\/td>\n<td><strong>VALOR (\u20ac)<\/strong><\/td>\n<td><strong>PAGAS (\u20ac)<\/strong><\/td>\n<\/tr>\n<tr>\n<td>MARKETPLACES<\/td>\n<td><a class=\"ljoptimizer\" href=\"https:\/\/www.amazon.es\/dp\/B08YY9PYQG?tag=amazon087683-21&amp;th=1\" target=\"_blank\" rel=\"nofollow noopener\">roborock S7 Vacu\u00fcmrobot met Sonic-golfreiniging, 2500 Pa, sterke zuigkracht, automatische reiniging, anti-onrechtvaardigheidsmodus<\/a><\/td>\n<td>825 \u20ac<\/td>\n<td>190 \u20ac<\/td>\n<\/tr>\n<tr>\n<td>MARKETPLACES<\/td>\n<td><a class=\"ljoptimizer\" href=\"https:\/\/www.amazon.es\/dp\/B0CJRL253B?tag=amazon087683-21&amp;th=1\" target=\"_blank\" rel=\"nofollow noopener\">Brother DCP-L2665DW Impresora Laser Monocromo, Inal\u00e1mbrica, para Imprimir, Escanear y Copiar, Pantalla T\u00e1ctil a Color de 6,8 cm, Fast Ethernet, 5 GHz WiFi y USB, 256 MB Memoria Interna, Gris<\/a><\/td>\n<td>260 \u20ac<\/td>\n<td>60 \u20ac<\/td>\n<\/tr>\n<tr>\n<td>MARKETPLACES<\/td>\n<td><a class=\"ljoptimizer\" href=\"https:\/\/www.amazon.es\/dp\/B0F6V5VDKG?tag=amazon087683-21&amp;th=1\" target=\"_blank\" rel=\"nofollow noopener\">Thrustmaster T128 SimTask Pack, T128-Racestuur, Steering Kit-Bevestigingssysteem voor Simulatie-Games<\/a><\/td>\n<td>230 \u20ac<\/td>\n<td>53 \u20ac<\/td>\n<\/tr>\n<tr>\n<td>MARKETPLACES<\/td>\n<td><a class=\"ljoptimizer\" href=\"https:\/\/www.amazon.es\/dp\/B0CR6M8RW3?tag=amazon087683-21&amp;th=1\" target=\"_blank\" rel=\"nofollow noopener\">SHARP HT-SB700 2.0.2 Kompakte Dolby Atmos Soundbar 140W \u2013 Soundbar f\u00fcr TV mit HDMI ARC\/CEC, 3,5 mm Aux-Eingang, digitalem optischem Eingang, Equalizer mit 5 Voreinstellungen &amp; Fernbedienung, Schwarz<\/a><\/td>\n<td>203 \u20ac<\/td>\n<td>47 \u20ac<\/td>\n<\/tr>\n<tr>\n<td>MARKETPLACES<\/td>\n<td><a class=\"ljoptimizer\" href=\"https:\/\/www.amazon.es\/dp\/B08XNJ23VY?tag=amazon087683-21&amp;th=1\" target=\"_blank\" rel=\"nofollow noopener\">HP LaserJet M234dw 6GW99F, Impresora L\u00e1ser A4 Multifunci\u00f3n Monocromo a Doble Cara Autom\u00e1tica, Escaner, Copiadora (29 ppm, Wi-Fi, Ethernet, Procesador 500MHz, Memoria 64MB, Smart App) Blanca y Gris<\/a><\/td>\n<td>186 \u20ac<\/td>\n<td>43 \u20ac<\/td>\n<\/tr>\n<tr>\n<td>MARKETPLACES<\/td>\n<td><a class=\"ljoptimizer\" href=\"https:\/\/www.amazon.es\/dp\/B01N3V0SWY?tag=amazon087683-21&amp;th=1\" target=\"_blank\" rel=\"nofollow noopener\">Leitz A3 Laminierger\u00e4t Office Pro, F\u00fcr 80 bis 175 mic Laminierfolien, inkl. Laminierfolien Starterkit, schnelles Laminieren, optimal f\u00fcr den Einsatz in B\u00fcro und Schule, Wei\u00df\/Silber, iLAM, 75180084<\/a><\/td>\n<td>183 \u20ac<\/td>\n<td>42 \u20ac<\/td>\n<\/tr>\n<tr>\n<td>MARKETPLACES<\/td>\n<td><a class=\"ljoptimizer\" href=\"https:\/\/www.amazon.es\/dp\/B00NUB8J3Q?tag=amazon087683-21&amp;th=1\" target=\"_blank\" rel=\"nofollow noopener\">Brother HL-1210W Impresora l\u00e1ser monocromo compacta WiFi<\/a><\/td>\n<td>139 \u20ac<\/td>\n<td>32 \u20ac<\/td>\n<\/tr>\n<tr>\n<td>MARKETPLACES<\/td>\n<td><a class=\"ljoptimizer\" href=\"https:\/\/www.amazon.es\/dp\/B0C49LP9M1?tag=amazon087683-21&amp;th=1\" target=\"_blank\" rel=\"nofollow noopener\">Sharp XL-B720D Tokyo DAB+ All-in-One Hi-Fi-System | Bluetooth, CD, UKW-Radio, USB, Aux | 20 Senderspeicher | 150\u202fW Audioausgang<\/a><\/td>\n<td>109 \u20ac<\/td>\n<td>25 \u20ac<\/td>\n<\/tr>\n<tr>\n<td>MARKETPLACES<\/td>\n<td><a class=\"ljoptimizer\" href=\"https:\/\/www.amazon.es\/dp\/B00BJOA0U6?tag=amazon087683-21&amp;th=1\" target=\"_blank\" rel=\"nofollow noopener\">Brother BU220CL &#8211; Cintur\u00f3n de arrastre (duraci\u00f3n estimada: 50.000 p\u00e1ginas A4)<\/a><\/td>\n<td>108 \u20ac<\/td>\n<td>25 \u20ac<\/td>\n<\/tr>\n<tr>\n<td>MARKETPLACES<\/td>\n<td><a class=\"ljoptimizer\" href=\"https:\/\/www.amazon.es\/dp\/B0B8X3BM4N?tag=amazon087683-21&amp;th=1\" target=\"_blank\" rel=\"nofollow noopener\">Impresora de inyecci\u00f3n de tinta multifunci\u00f3n WorkForce WF-2910DWF A4 con conectividad inal\u00e1mbrica y 3 meses gratis de suscripci\u00f3n de tinta ReadyPrint Flex*<\/a><\/td>\n<td>93 \u20ac<\/td>\n<td>21 \u20ac<\/td>\n<\/tr>\n<tr>\n<td>MARKETPLACES<\/td>\n<td><a class=\"ljoptimizer\" href=\"https:\/\/www.amazon.es\/dp\/B0B8X457PN?tag=amazon087683-21&amp;th=1\" target=\"_blank\" rel=\"nofollow noopener\">Impresora de inyecci\u00f3n de tinta multifunci\u00f3n Expression XP-2200 A4 con conectividad inal\u00e1mbrica y 3 meses gratis de suscripci\u00f3n ReadyPrint Flex*<\/a><\/td>\n<td>77 \u20ac<\/td>\n<td>18 \u20ac<\/td>\n<\/tr>\n<tr>\n<td>MARKETPLACES<\/td>\n<td><a class=\"ljoptimizer\" href=\"https:\/\/www.amazon.es\/dp\/B0B8X457PN?tag=amazon087683-21&amp;th=1\" target=\"_blank\" rel=\"nofollow noopener\">Impresora de inyecci\u00f3n de tinta multifunci\u00f3n Expression XP-2200 A4 con conectividad inal\u00e1mbrica y 3 meses gratis de suscripci\u00f3n ReadyPrint Flex*<\/a><\/td>\n<td>77 \u20ac<\/td>\n<td>18 \u20ac<\/td>\n<\/tr>\n<tr>\n<td>MARKETPLACES<\/td>\n<td><a class=\"ljoptimizer\" href=\"https:\/\/www.amazon.es\/dp\/B0CFFWJHMF?tag=amazon087683-21&amp;th=1\" target=\"_blank\" rel=\"nofollow noopener\">HP DeskJet 2820e 588K9B, Impresora Multifunci\u00f3n de Inyecci\u00f3n de Tinta A4 a Color, Impresi\u00f3n a Doble Cara Manual, 7,5 ppm, Wi-Fi, Smart, 6 Meses de Instant Ink Incluidos, Blanca<\/a><\/td>\n<td>45 \u20ac<\/td>\n<td>10 \u20ac<\/td>\n<\/tr>\n<tr>\n<td>MARKETPLACES<\/td>\n<td><a class=\"ljoptimizer\" href=\"https:\/\/www.amazon.es\/dp\/B0CFFWJHMF?tag=amazon087683-21&amp;th=1\" target=\"_blank\" rel=\"nofollow noopener\">HP DeskJet 2820e 588K9B, Impresora Multifunci\u00f3n de Inyecci\u00f3n de Tinta A4 a Color, Impresi\u00f3n a Doble Cara Manual, 7,5 ppm, Wi-Fi, Smart, 6 Meses de Instant Ink Incluidos, Blanca<\/a><\/td>\n<td>45 \u20ac<\/td>\n<td>10 \u20ac<\/td>\n<\/tr>\n<tr>\n<td>MARKETPLACES<\/td>\n<td><a class=\"ljoptimizer\" href=\"https:\/\/www.amazon.es\/dp\/B01FSGVN4M?tag=amazon087683-21&amp;th=1\" target=\"_blank\" rel=\"nofollow noopener\">Amazon Basics Papel multiusos para impresora A4 80gsm, 2500 Unidad, 5 Paquetes de 500, Blanco<\/a><\/td>\n<td>30 \u20ac<\/td>\n<td>7 \u20ac<\/td>\n<\/tr>\n<tr>\n<td>MARKETPLACES<\/td>\n<td><a class=\"ljoptimizer\" href=\"https:\/\/www.amazon.es\/dp\/B01FSGVN4M?tag=amazon087683-21&amp;th=1\" target=\"_blank\" rel=\"nofollow noopener\">Amazon Basics Papel multiusos para impresora A4 80gsm, 2500 Unidad, 5 Paquetes de 500, Blanco<\/a><\/td>\n<td>30 \u20ac<\/td>\n<td>7 \u20ac<\/td>\n<\/tr>\n<tr>\n<td>MARKETPLACES<\/td>\n<td><a class=\"ljoptimizer\" href=\"https:\/\/www.amazon.es\/dp\/B0CM6T4KMX?tag=amazon087683-21&amp;th=1\" target=\"_blank\" rel=\"nofollow noopener\">EDISION TALOS 13db Triple Antena TDT UHF 21-48 Exterior Digital Terrestre,con Filtro LTE 5G,Ideal para recepci\u00f3n de Televisi\u00f3n Digital Terrestre DVB-T\/T2, 470-694Mhz,Longitud 101cm,LTE700, Azul<\/a><\/td>\n<td>28 \u20ac<\/td>\n<td>6 \u20ac<\/td>\n<\/tr>\n<tr>\n<td>MARKETPLACES<\/td>\n<td><a class=\"ljoptimizer\" href=\"https:\/\/www.amazon.es\/dp\/B0F32Y64DJ?tag=amazon087683-21&amp;th=1\" target=\"_blank\" rel=\"nofollow noopener\">Dohe &#8211; Tableau Magn\u00e9tique 90&#215;60 cm &#8211; Accessoires : 2 Marqueurs, 6 Aimants\/Epingles, Gomme et Plateau, Tableau Magn\u00e9tique Blanc, Effacement \u00e0 Sec, Cadre en Aluminium<\/a><\/td>\n<td>27 \u20ac<\/td>\n<td>6 \u20ac<\/td>\n<\/tr>\n<tr>\n<td>MARKETPLACES<\/td>\n<td><a class=\"ljoptimizer\" href=\"https:\/\/www.amazon.es\/dp\/B00XM6LZA8?tag=amazon087683-21&amp;th=1\" target=\"_blank\" rel=\"nofollow noopener\">Bic 122264 Boligrafo Bic Cristal Fun 1,6 Mm, Purpura<\/a><\/td>\n<td>1 \u20ac<\/td>\n<td>0 \u20ac<\/td>\n<\/tr>\n<\/tbody>\n<\/table>\n","protected":false},"excerpt":{"rendered":"<p>Pal\u00e9 de Oficina sin revisar procedente de devoluciones de marketplaces<\/p>\n<ul>\n<li>N\u00famero de productos: 19<\/li>\n<li>Valor aproximado: 2696.00<\/li>\n<li>Porcentaje que se paga: 19% + IVA<\/li>\n<li>Tiempo de entrega estimado: 3 a 7 d\u00edas<\/li>\n<\/ul>\n<p>*Los precios incluyen IVA<\/p>\n","protected":false},"featured_media":165101,"template":"","meta":{"site-sidebar-layout":"default","site-content-layout":"","ast-site-content-layout":"default","site-content-style":"default","site-sidebar-style":"default","ast-global-header-display":"","ast-banner-title-visibility":"","ast-main-header-display":"","ast-hfb-above-header-display":"","ast-hfb-below-header-display":"","ast-hfb-mobile-header-display":"","site-post-title":"","ast-breadcrumbs-content":"","ast-featured-img":"","footer-sml-layout":"","ast-disable-related-posts":"","theme-transparent-header-meta":"default","adv-header-id-meta":"","stick-header-meta":"","header-above-stick-meta":"","header-main-stick-meta":"","header-below-stick-meta":"","astra-migrate-meta-layouts":"set","ast-page-background-enabled":"default","ast-page-background-meta":{"desktop":{"background-color":"var(--ast-global-color-4)","background-image":"","background-repeat":"repeat","background-position":"center center","background-size":"auto","background-attachment":"scroll","background-type":"","background-media":"","overlay-type":"","overlay-color":"","overlay-opacity":"","overlay-gradient":""},"tablet":{"background-color":"","background-image":"","background-repeat":"repeat","background-position":"center center","background-size":"auto","background-attachment":"scroll","background-type":"","background-media":"","overlay-type":"","overlay-color":"","overlay-opacity":"","overlay-gradient":""},"mobile":{"background-color":"","background-image":"","background-repeat":"repeat","background-position":"center center","background-size":"auto","background-attachment":"scroll","background-type":"","background-media":"","overlay-type":"","overlay-color":"","overlay-opacity":"","overlay-gradient":""}},"ast-content-background-meta":{"desktop":{"background-color":"var(--ast-global-color-5)","background-image":"","background-repeat":"repeat","background-position":"center center","background-size":"auto","background-attachment":"scroll","background-type":"","background-media":"","overlay-type":"","overlay-color":"","overlay-opacity":"","overlay-gradient":""},"tablet":{"background-color":"var(--ast-global-color-5)","background-image":"","background-repeat":"repeat","background-position":"center center","background-size":"auto","background-attachment":"scroll","background-type":"","background-media":"","overlay-type":"","overlay-color":"","overlay-opacity":"","overlay-gradient":""},"mobile":{"background-color":"var(--ast-global-color-5)","background-image":"","background-repeat":"repeat","background-position":"center center","background-size":"auto","background-attachment":"scroll","background-type":"","background-media":"","overlay-type":"","overlay-color":"","overlay-opacity":"","overlay-gradient":""}}},"product_brand":[],"product_cat":[46,65],"product_tag":[],"class_list":{"0":"post-165003","1":"product","2":"type-product","3":"status-publish","4":"has-post-thumbnail","6":"product_cat-oficina","7":"product_cat-pales","8":"product_shipping_class-pale","9":"desktop-align-left","10":"tablet-align-left","11":"mobile-align-left","13":"first","14":"instock","15":"sale","16":"downloadable","17":"taxable","18":"shipping-taxable","19":"purchasable","20":"product-type-simple"},"yoast_head":"<!-- This site is optimized with the Yoast SEO plugin v27.2 - https:\/\/yoast.com\/product\/yoast-seo-wordpress\/ -->\n<title>Pal\u00e9 de Oficina [19 productos] (10221668) - Comprardevoluciones - Tu tienda de Devoluciones de Amazon<\/title>\n<meta name=\"robots\" content=\"noindex, follow\" \/>\n<meta property=\"og:locale\" content=\"en_US\" \/>\n<meta property=\"og:type\" content=\"article\" \/>\n<meta property=\"og:title\" content=\"Pal\u00e9 de Oficina [19 productos] (10221668) - Comprardevoluciones - Tu tienda de Devoluciones de Amazon\" \/>\n<meta property=\"og:description\" content=\"Pal\u00e9 de Oficina sin revisar procedente de devoluciones de marketplaces   N\u00famero de productos: 19  Valor aproximado: 2696.00  Porcentaje que se paga: 19% + IVA  Tiempo de entrega estimado: 3 a 7 d\u00edas  *Los precios incluyen IVA\" \/>\n<meta property=\"og:url\" content=\"https:\/\/comprardevoluciones.com\/producto\/10221668\/\" \/>\n<meta property=\"og:site_name\" content=\"Comprardevoluciones - Tu tienda de Devoluciones de Amazon\" \/>\n<meta property=\"article:modified_time\" content=\"2026-04-04T11:19:22+00:00\" \/>\n<meta property=\"og:image\" content=\"https:\/\/comprardevoluciones.com\/wp-content\/uploads\/2026\/03\/10221668.jpg\" \/>\n\t<meta property=\"og:image:width\" content=\"700\" \/>\n\t<meta property=\"og:image:height\" content=\"700\" \/>\n\t<meta property=\"og:image:type\" content=\"image\/jpeg\" \/>\n<meta name=\"twitter:card\" content=\"summary_large_image\" \/>\n<meta name=\"twitter:label1\" content=\"Est. reading time\" \/>\n\t<meta name=\"twitter:data1\" content=\"3 minutes\" \/>\n<script type=\"application\/ld+json\" class=\"yoast-schema-graph\">{\"@context\":\"https:\/\/schema.org\",\"@graph\":[{\"@type\":\"WebPage\",\"@id\":\"https:\/\/comprardevoluciones.com\/producto\/10221668\/\",\"url\":\"https:\/\/comprardevoluciones.com\/producto\/10221668\/\",\"name\":\"Pal\u00e9 de Oficina [19 productos] (10221668) - Comprardevoluciones - Tu tienda de Devoluciones de Amazon\",\"isPartOf\":{\"@id\":\"https:\/\/comprardevoluciones.com\/#website\"},\"primaryImageOfPage\":{\"@id\":\"https:\/\/comprardevoluciones.com\/producto\/10221668\/#primaryimage\"},\"image\":{\"@id\":\"https:\/\/comprardevoluciones.com\/producto\/10221668\/#primaryimage\"},\"thumbnailUrl\":\"https:\/\/comprardevoluciones.com\/wp-content\/uploads\/2026\/03\/10221668.jpg\",\"datePublished\":\"2026-04-04T09:00:56+00:00\",\"dateModified\":\"2026-04-04T11:19:22+00:00\",\"breadcrumb\":{\"@id\":\"https:\/\/comprardevoluciones.com\/producto\/10221668\/#breadcrumb\"},\"inLanguage\":\"en-US\",\"potentialAction\":[{\"@type\":\"ReadAction\",\"target\":[\"https:\/\/comprardevoluciones.com\/producto\/10221668\/\"]}]},{\"@type\":\"ImageObject\",\"inLanguage\":\"en-US\",\"@id\":\"https:\/\/comprardevoluciones.com\/producto\/10221668\/#primaryimage\",\"url\":\"https:\/\/comprardevoluciones.com\/wp-content\/uploads\/2026\/03\/10221668.jpg\",\"contentUrl\":\"https:\/\/comprardevoluciones.com\/wp-content\/uploads\/2026\/03\/10221668.jpg\",\"width\":700,\"height\":700},{\"@type\":\"BreadcrumbList\",\"@id\":\"https:\/\/comprardevoluciones.com\/producto\/10221668\/#breadcrumb\",\"itemListElement\":[{\"@type\":\"ListItem\",\"position\":1,\"name\":\"Portada\",\"item\":\"https:\/\/comprardevoluciones.com\/en\/\"},{\"@type\":\"ListItem\",\"position\":2,\"name\":\"Shop\",\"item\":\"https:\/\/comprardevoluciones.com\/en\/shop\/\"},{\"@type\":\"ListItem\",\"position\":3,\"name\":\"Pal\u00e9 de Oficina [19 productos] (10221668)\"}]},{\"@type\":\"WebSite\",\"@id\":\"https:\/\/comprardevoluciones.com\/#website\",\"url\":\"https:\/\/comprardevoluciones.com\/\",\"name\":\"Comprardevoluciones - Tu tienda de Devoluciones de Amazon\",\"description\":\"Consigue Stock en buen estado a un precio imbatible\",\"potentialAction\":[{\"@type\":\"SearchAction\",\"target\":{\"@type\":\"EntryPoint\",\"urlTemplate\":\"https:\/\/comprardevoluciones.com\/?s={search_term_string}\"},\"query-input\":{\"@type\":\"PropertyValueSpecification\",\"valueRequired\":true,\"valueName\":\"search_term_string\"}}],\"inLanguage\":\"en-US\"}]}<\/script>\n<!-- \/ Yoast SEO plugin. -->","yoast_head_json":{"title":"Pal\u00e9 de Oficina [19 productos] (10221668) - Comprardevoluciones - Tu tienda de Devoluciones de Amazon","robots":{"index":"noindex","follow":"follow"},"og_locale":"en_US","og_type":"article","og_title":"Pal\u00e9 de Oficina [19 productos] (10221668) - Comprardevoluciones - Tu tienda de Devoluciones de Amazon","og_description":"Pal\u00e9 de Oficina sin revisar procedente de devoluciones de marketplaces   N\u00famero de productos: 19  Valor aproximado: 2696.00  Porcentaje que se paga: 19% + IVA  Tiempo de entrega estimado: 3 a 7 d\u00edas  *Los precios incluyen IVA","og_url":"https:\/\/comprardevoluciones.com\/producto\/10221668\/","og_site_name":"Comprardevoluciones - Tu tienda de Devoluciones de Amazon","article_modified_time":"2026-04-04T11:19:22+00:00","og_image":[{"width":700,"height":700,"url":"https:\/\/comprardevoluciones.com\/wp-content\/uploads\/2026\/03\/10221668.jpg","type":"image\/jpeg"}],"twitter_card":"summary_large_image","twitter_misc":{"Est. reading time":"3 minutes"},"schema":{"@context":"https:\/\/schema.org","@graph":[{"@type":"WebPage","@id":"https:\/\/comprardevoluciones.com\/producto\/10221668\/","url":"https:\/\/comprardevoluciones.com\/producto\/10221668\/","name":"Pal\u00e9 de Oficina [19 productos] (10221668) - Comprardevoluciones - Tu tienda de Devoluciones de Amazon","isPartOf":{"@id":"https:\/\/comprardevoluciones.com\/#website"},"primaryImageOfPage":{"@id":"https:\/\/comprardevoluciones.com\/producto\/10221668\/#primaryimage"},"image":{"@id":"https:\/\/comprardevoluciones.com\/producto\/10221668\/#primaryimage"},"thumbnailUrl":"https:\/\/comprardevoluciones.com\/wp-content\/uploads\/2026\/03\/10221668.jpg","datePublished":"2026-04-04T09:00:56+00:00","dateModified":"2026-04-04T11:19:22+00:00","breadcrumb":{"@id":"https:\/\/comprardevoluciones.com\/producto\/10221668\/#breadcrumb"},"inLanguage":"en-US","potentialAction":[{"@type":"ReadAction","target":["https:\/\/comprardevoluciones.com\/producto\/10221668\/"]}]},{"@type":"ImageObject","inLanguage":"en-US","@id":"https:\/\/comprardevoluciones.com\/producto\/10221668\/#primaryimage","url":"https:\/\/comprardevoluciones.com\/wp-content\/uploads\/2026\/03\/10221668.jpg","contentUrl":"https:\/\/comprardevoluciones.com\/wp-content\/uploads\/2026\/03\/10221668.jpg","width":700,"height":700},{"@type":"BreadcrumbList","@id":"https:\/\/comprardevoluciones.com\/producto\/10221668\/#breadcrumb","itemListElement":[{"@type":"ListItem","position":1,"name":"Portada","item":"https:\/\/comprardevoluciones.com\/en\/"},{"@type":"ListItem","position":2,"name":"Shop","item":"https:\/\/comprardevoluciones.com\/en\/shop\/"},{"@type":"ListItem","position":3,"name":"Pal\u00e9 de Oficina [19 productos] (10221668)"}]},{"@type":"WebSite","@id":"https:\/\/comprardevoluciones.com\/#website","url":"https:\/\/comprardevoluciones.com\/","name":"Comprardevoluciones - Tu tienda de Devoluciones de Amazon","description":"Consigue Stock en buen estado a un precio imbatible","potentialAction":[{"@type":"SearchAction","target":{"@type":"EntryPoint","urlTemplate":"https:\/\/comprardevoluciones.com\/?s={search_term_string}"},"query-input":{"@type":"PropertyValueSpecification","valueRequired":true,"valueName":"search_term_string"}}],"inLanguage":"en-US"}]}},"_links":{"self":[{"href":"https:\/\/comprardevoluciones.com\/en\/wp-json\/wp\/v2\/product\/165003","targetHints":{"allow":["GET"]}}],"collection":[{"href":"https:\/\/comprardevoluciones.com\/en\/wp-json\/wp\/v2\/product"}],"about":[{"href":"https:\/\/comprardevoluciones.com\/en\/wp-json\/wp\/v2\/types\/product"}],"wp:featuredmedia":[{"embeddable":true,"href":"https:\/\/comprardevoluciones.com\/en\/wp-json\/wp\/v2\/media\/165101"}],"wp:attachment":[{"href":"https:\/\/comprardevoluciones.com\/en\/wp-json\/wp\/v2\/media?parent=165003"}],"wp:term":[{"taxonomy":"product_brand","embeddable":true,"href":"https:\/\/comprardevoluciones.com\/en\/wp-json\/wp\/v2\/product_brand?post=165003"},{"taxonomy":"product_cat","embeddable":true,"href":"https:\/\/comprardevoluciones.com\/en\/wp-json\/wp\/v2\/product_cat?post=165003"},{"taxonomy":"product_tag","embeddable":true,"href":"https:\/\/comprardevoluciones.com\/en\/wp-json\/wp\/v2\/product_tag?post=165003"}],"curies":[{"name":"wp","href":"https:\/\/api.w.org\/{rel}","templated":true}]}}