{"id":166013,"date":"2026-04-01T09:35:18","date_gmt":"2026-04-01T08:35:18","guid":{"rendered":"https:\/\/comprardevoluciones.com\/?post_type=product&#038;p=166013"},"modified":"2026-04-01T10:08:57","modified_gmt":"2026-04-01T09:08:57","slug":"spn3nn9nktj","status":"publish","type":"product","link":"https:\/\/comprardevoluciones.com\/en\/producto\/spn3nn9nktj\/","title":{"rendered":"Caja de Herramientas [38 productos] (spN3NN9NKTJ)"},"content":{"rendered":"<p>Descripci\u00f3n y valor aproximados<\/p>\n<table>\n<tbody>\n<tr>\n<td><strong>FUENTE<\/strong><\/td>\n<td><strong>PRODUCTO<\/strong><\/td>\n<td><strong>VALOR (\u20ac)<\/strong><\/td>\n<td><strong>PAGAS (\u20ac)<\/strong><\/td>\n<\/tr>\n<tr>\n<td>MARKETPLACES<\/td>\n<td><a class=\"ljoptimizer\" href=\"https:\/\/www.amazon.es\/dp\/B091P96DDB?tag=amazon087683-21&amp;th=1\" target=\"_blank\" rel=\"nofollow noopener\">NOCO Lithium NLP20: Ultraleichte 12V Lithium Motorradbatterie \u2013 Gruppe 20 \u2013 7Ah \u2013 600A Startstrom \u2013 Intelligentes BMS \u2013 f\u00fcr Motorr\u00e4der, Enduros, Quads, Roller und mehr<\/a><\/td>\n<td>217 \u20ac<\/td>\n<td>46 \u20ac<\/td>\n<\/tr>\n<tr>\n<td>MARKETPLACES<\/td>\n<td><a class=\"ljoptimizer\" href=\"https:\/\/www.amazon.es\/dp\/B0FS82CVK8?tag=amazon087683-21&amp;th=1\" target=\"_blank\" rel=\"nofollow noopener\">Garza &#8211; Kit 2 Cabezales WiFi para Radiador + Sensor Port\u00e1til + Bridge Zigbee, V\u00e1lcula termost\u00e1tica, Control App y Voz, Modos Manual\/Autom\u00e1tico, Detecci\u00f3n Ventanas, Anti-Hielo, Termostato WiFi<\/a><\/td>\n<td>139 \u20ac<\/td>\n<td>29 \u20ac<\/td>\n<\/tr>\n<tr>\n<td>MARKETPLACES<\/td>\n<td><a class=\"ljoptimizer\" href=\"https:\/\/www.amazon.es\/dp\/B014PDG2QS?tag=amazon087683-21&amp;th=1\" target=\"_blank\" rel=\"nofollow noopener\">HELLA 8EL 011 710-791 Generator\/Lichtmaschine &#8211; 14V &#8211; 140A<\/a><\/td>\n<td>128 \u20ac<\/td>\n<td>27 \u20ac<\/td>\n<\/tr>\n<tr>\n<td>MARKETPLACES<\/td>\n<td><a class=\"ljoptimizer\" href=\"https:\/\/www.amazon.es\/dp\/B07SRXVS75?tag=amazon087683-21&amp;th=1\" target=\"_blank\" rel=\"nofollow noopener\">LOUIS TELLIER &#8211; Balanza Electr\u00f3nica Profesional \u2013 10 kg &#8211; IP53 &#8211; Precisi\u00f3n 1 g &#8211; Bandeja Extra\u00edble de Acero Inoxidable &#8211; Cocina &#8211; Panader\u00eda \u2013 22 x 16,5 cm<\/a><\/td>\n<td>112 \u20ac<\/td>\n<td>23 \u20ac<\/td>\n<\/tr>\n<tr>\n<td>MARKETPLACES<\/td>\n<td><a class=\"ljoptimizer\" href=\"https:\/\/www.amazon.es\/dp\/B00NSWV0TC?tag=amazon087683-21&amp;th=1\" target=\"_blank\" rel=\"nofollow noopener\">Bosch cepillo el\u00e9ctrico PHO 1500 (550 W, en caja)<\/a><\/td>\n<td>92 \u20ac<\/td>\n<td>19 \u20ac<\/td>\n<\/tr>\n<tr>\n<td>MARKETPLACES<\/td>\n<td><a class=\"ljoptimizer\" href=\"https:\/\/www.amazon.es\/dp\/B01N1H8W5L?tag=amazon087683-21&amp;th=1\" target=\"_blank\" rel=\"nofollow noopener\">Maya Bol\u00edgrafo ECO V2.0. con Clip Detectable Metales y Rayos X. Escritura Segura y Antibacteriana. Durabilidad 2800m. Grado Alimentario. Tinta Azul.<\/a><\/td>\n<td>91 \u20ac<\/td>\n<td>19 \u20ac<\/td>\n<\/tr>\n<tr>\n<td>MARKETPLACES<\/td>\n<td><a class=\"ljoptimizer\" href=\"https:\/\/www.amazon.es\/dp\/B086HCG3NF?tag=amazon087683-21&amp;th=1\" target=\"_blank\" rel=\"nofollow noopener\">Honeywell Home T140C110AEU T140 7-D\u00edas Termostato Programable, Blanco<\/a><\/td>\n<td>65 \u20ac<\/td>\n<td>14 \u20ac<\/td>\n<\/tr>\n<tr>\n<td>MARKETPLACES<\/td>\n<td><a class=\"ljoptimizer\" href=\"https:\/\/www.amazon.es\/dp\/B0CRW1DK2M?tag=amazon087683-21&amp;th=1\" target=\"_blank\" rel=\"nofollow noopener\">K\u00e4rcher Hidrolimpiadora de Alta presi\u00f3n K 2 Universal Edition, presi\u00f3n 110 Bar, caudal 360 l\/h, Pistola y Manguera de Alta presi\u00f3n, Boquilla Turbo, Peso 3,8 kg<\/a><\/td>\n<td>61 \u20ac<\/td>\n<td>13 \u20ac<\/td>\n<\/tr>\n<tr>\n<td>MARKETPLACES<\/td>\n<td><a class=\"ljoptimizer\" href=\"https:\/\/www.amazon.es\/dp\/B0C6R71F2K?tag=amazon087683-21&amp;th=1\" target=\"_blank\" rel=\"nofollow noopener\">BEXITA Funda Coche Exterior Cubre Coches de Algod\u00f3n Impermeable Cubierta de Coche Transpirable Exterior Interior Funda de Coche para Berlina; Tama\u00f1o: XL: Max510cm<\/a><\/td>\n<td>52 \u20ac<\/td>\n<td>11 \u20ac<\/td>\n<\/tr>\n<tr>\n<td>MARKETPLACES<\/td>\n<td><a class=\"ljoptimizer\" href=\"https:\/\/www.amazon.es\/dp\/B00TRTS0JS?tag=amazon087683-21&amp;th=1\" target=\"_blank\" rel=\"nofollow noopener\">Allen Sports Soporte para 2 Bicicletas Modelo MT2<\/a><\/td>\n<td>44 \u20ac<\/td>\n<td>9 \u20ac<\/td>\n<\/tr>\n<tr>\n<td>MARKETPLACES<\/td>\n<td><a class=\"ljoptimizer\" href=\"https:\/\/www.amazon.es\/dp\/B0B6FXS6DD?tag=amazon087683-21&amp;th=1\" target=\"_blank\" rel=\"nofollow noopener\">BLACK+DECKER Tijeras 3,6v, Gatillo extralargo, Luz LED, Dise\u00f1o ergon\u00f3mico, Bater\u00eda 1,5Ah, Carga USB, Incluye 2 cuchillas de corte, Multicolor, BCSC115-XJ<\/a><\/td>\n<td>43 \u20ac<\/td>\n<td>9 \u20ac<\/td>\n<\/tr>\n<tr>\n<td>MARKETPLACES<\/td>\n<td><a class=\"ljoptimizer\" href=\"https:\/\/www.amazon.es\/dp\/B00CD3ZFWU?tag=amazon087683-21&amp;th=1\" target=\"_blank\" rel=\"nofollow noopener\">febi bilstein 22932 supporto trasmissione, 1 unit\u00e0<\/a><\/td>\n<td>42 \u20ac<\/td>\n<td>9 \u20ac<\/td>\n<\/tr>\n<tr>\n<td>MARKETPLACES<\/td>\n<td><a class=\"ljoptimizer\" href=\"https:\/\/www.amazon.es\/dp\/B0B74S3N87?tag=amazon087683-21&amp;th=1\" target=\"_blank\" rel=\"nofollow noopener\">SP CONNECT Phone Case para iPhone 12\/13 Pro |SPC+|<\/a><\/td>\n<td>40 \u20ac<\/td>\n<td>8 \u20ac<\/td>\n<\/tr>\n<tr>\n<td>MARKETPLACES<\/td>\n<td><a class=\"ljoptimizer\" href=\"https:\/\/www.amazon.es\/dp\/B0DF1T9V3G?tag=amazon087683-21&amp;th=1\" target=\"_blank\" rel=\"nofollow noopener\">SONOFF Matter Interruptor WiFi Inteligente, DIY Rele WiFi, Funciona con Apple Home, Alexa, Google Home, Requiere Neutral<\/a><\/td>\n<td>37 \u20ac<\/td>\n<td>8 \u20ac<\/td>\n<\/tr>\n<tr>\n<td>MARKETPLACES<\/td>\n<td><a class=\"ljoptimizer\" href=\"https:\/\/www.amazon.es\/dp\/B085PV6V89?tag=amazon087683-21&amp;th=1\" target=\"_blank\" rel=\"nofollow noopener\">DOCAS Cerradura de la puerta del actuador delantera derecha 8J1837016A 3CD837016 8J1 837 016A 3CD 837 016 para A4 B8 A5 8T3 8F7 8TA Q3 8U Q5 8RB Q7 4LB TT 8J3 8J9 T-OUAREG(7P)<\/a><\/td>\n<td>32 \u20ac<\/td>\n<td>7 \u20ac<\/td>\n<\/tr>\n<tr>\n<td>MARKETPLACES<\/td>\n<td><a class=\"ljoptimizer\" href=\"https:\/\/www.amazon.es\/dp\/B09TBH8T1S?tag=amazon087683-21&amp;th=1\" target=\"_blank\" rel=\"nofollow noopener\">Shelly Plus 1, Rel\u00e9 Interruptor Inteligente Wi-Fi &amp; Bluetooth, Luces Inal\u00e1mbricas, Compatible Con Alexa &amp; Google Home, Control remoto por iOS Android App, No necesita hub (2 Piezas)<\/a><\/td>\n<td>32 \u20ac<\/td>\n<td>7 \u20ac<\/td>\n<\/tr>\n<tr>\n<td>MARKETPLACES<\/td>\n<td><a class=\"ljoptimizer\" href=\"https:\/\/www.amazon.es\/dp\/B0CMXNWCVP?tag=amazon087683-21&amp;th=1\" target=\"_blank\" rel=\"nofollow noopener\">Amazon Basics Enchufe inteligente de una toma para interiores, solo para uso con Alexa, paquete de 4, color blanco, EU<\/a><\/td>\n<td>32 \u20ac<\/td>\n<td>7 \u20ac<\/td>\n<\/tr>\n<tr>\n<td>MARKETPLACES<\/td>\n<td><a class=\"ljoptimizer\" href=\"https:\/\/www.amazon.es\/dp\/B00HT95ABE?tag=amazon087683-21&amp;th=1\" target=\"_blank\" rel=\"nofollow noopener\">Einhell Pistola t\u00e9rmica TH-HA 2000\/1 (2000 W, 2 ajustes de Temperatura 350\u00b0\/550\u00b0, protecci\u00f3n contra el sobrecalentamiento, Incl. 4 boquillas y rascador de Pintura)<\/a><\/td>\n<td>24 \u20ac<\/td>\n<td>5 \u20ac<\/td>\n<\/tr>\n<tr>\n<td>MARKETPLACES<\/td>\n<td><a class=\"ljoptimizer\" href=\"https:\/\/www.amazon.es\/dp\/B08H8SKP7P?tag=amazon087683-21&amp;th=1\" target=\"_blank\" rel=\"nofollow noopener\">Oregon Pack de 3 Cadenas de Motosierra de Paso 3\/8&#8243; LP, Calibre .050&#8243; (1,3 mm) para Espada de 14&#8243; (35 cm), 50 Eslabones Motrices \u2013 Cadena de Repuesto, Compatible Stihl Modeles y m\u00e1s<\/a><\/td>\n<td>23 \u20ac<\/td>\n<td>5 \u20ac<\/td>\n<\/tr>\n<tr>\n<td>MARKETPLACES<\/td>\n<td><a class=\"ljoptimizer\" href=\"https:\/\/www.amazon.es\/dp\/B0001GRV8W?tag=amazon087683-21&amp;th=1\" target=\"_blank\" rel=\"nofollow noopener\">STANLEY 0-33-194 &#8211; Flex\u00f3metro Powerlock 5 m<\/a><\/td>\n<td>21 \u20ac<\/td>\n<td>4 \u20ac<\/td>\n<\/tr>\n<tr>\n<td>MARKETPLACES<\/td>\n<td><a class=\"ljoptimizer\" href=\"https:\/\/www.amazon.es\/dp\/B098XZ92T8?tag=amazon087683-21&amp;th=1\" target=\"_blank\" rel=\"nofollow noopener\">UNI-T Digital Smart Multimeter UT123D True RMS EBTN Display DC AC Voltage Current Tester Capacitance Meter Measuring Instruments<\/a><\/td>\n<td>20 \u20ac<\/td>\n<td>4 \u20ac<\/td>\n<\/tr>\n<tr>\n<td>MARKETPLACES<\/td>\n<td><a class=\"ljoptimizer\" href=\"https:\/\/www.amazon.es\/dp\/B0FW3Q5WJF?tag=amazon087683-21&amp;th=1\" target=\"_blank\" rel=\"nofollow noopener\">Rankomu Bolsa para dep\u00f3sito de Moto magn\u00e9tica, Resistente al Agua, navegaci\u00f3n, Pantalla t\u00e1ctil, tel\u00e9fono m\u00f3vil, Ventana, Reflectante, extra\u00edble, Correa para el Hombro, 35&#215;8.9&#215;21 cm<\/a><\/td>\n<td>19 \u20ac<\/td>\n<td>4 \u20ac<\/td>\n<\/tr>\n<tr>\n<td>MARKETPLACES<\/td>\n<td><a class=\"ljoptimizer\" href=\"https:\/\/www.amazon.es\/dp\/B0FDL31LVR?tag=amazon087683-21&amp;th=1\" target=\"_blank\" rel=\"nofollow noopener\">Fire Angel Detector de Mon\u00f3xido de Carbono Digital con Pantalla LCD y Sensor de CO de 10 A\u00f1os &#8211; Alarma de CO Port\u00e1til para Hogar, Vacaciones y Caravanas \u2013 FA6812<\/a><\/td>\n<td>18 \u20ac<\/td>\n<td>4 \u20ac<\/td>\n<\/tr>\n<tr>\n<td>MARKETPLACES<\/td>\n<td><a class=\"ljoptimizer\" href=\"https:\/\/www.amazon.es\/dp\/B07D7M6GPW?tag=amazon087683-21&amp;th=1\" target=\"_blank\" rel=\"nofollow noopener\">Disco de Lija, SPTA 100 Piezas Discos de Pulir \u00f8 125 mm Grano Cada 10 x 40\/80\/120\/180\/320\/600\/800\/1000\/1500\/2000 para Lijadora orbital o exc\u00e9ntrica, 8-Agujeros Papel De Lija -OSDPS5M100<\/a><\/td>\n<td>18 \u20ac<\/td>\n<td>4 \u20ac<\/td>\n<\/tr>\n<tr>\n<td>MARKETPLACES<\/td>\n<td><a class=\"ljoptimizer\" href=\"https:\/\/www.amazon.es\/dp\/B0CJ7WN68K?tag=amazon087683-21&amp;th=1\" target=\"_blank\" rel=\"nofollow noopener\">Shelly BLU Motion- Sensor Bluetooth De Movimiento Y Luz, Automatizacion del Hogar, No Hub Requerido, Compatible con Alexa y Google, Aplicaci\u00f3n iOS, Android, Alcance hasta 9 Metros<\/a><\/td>\n<td>17 \u20ac<\/td>\n<td>4 \u20ac<\/td>\n<\/tr>\n<tr>\n<td>MARKETPLACES<\/td>\n<td><a class=\"ljoptimizer\" href=\"https:\/\/www.amazon.es\/dp\/B0CQCNKVD4?tag=amazon087683-21&amp;th=1\" target=\"_blank\" rel=\"nofollow noopener\">Shelly PM Mini Gen3- Medidor de Consumo Inteligente Wi-Fi y Bluetooth, 1 Canal, 16 A, Control Remoto, App iOS,Android, Compatible con Alexa y Google Home, No HUB Requerido<\/a><\/td>\n<td>16 \u20ac<\/td>\n<td>3 \u20ac<\/td>\n<\/tr>\n<tr>\n<td>MARKETPLACES<\/td>\n<td><a class=\"ljoptimizer\" href=\"https:\/\/www.amazon.es\/dp\/B0CL9JTMWF?tag=amazon087683-21&amp;th=1\" target=\"_blank\" rel=\"nofollow noopener\">SONOFF Zigbee Wireless Switch SNZB-01P, requiere SONOFF ZigBee hub, Bot\u00f3n de Control Multifuncional de Tres v\u00edas para Dispositivos Dom\u00e9sticos Inteligentes, Compatible con Alexa,Smartthings y IFTTT<\/a><\/td>\n<td>15 \u20ac<\/td>\n<td>3 \u20ac<\/td>\n<\/tr>\n<tr>\n<td>MARKETPLACES<\/td>\n<td><a class=\"ljoptimizer\" href=\"https:\/\/www.amazon.es\/dp\/B0068M1B4S?tag=amazon087683-21&amp;th=1\" target=\"_blank\" rel=\"nofollow noopener\">Bosch 0250403008 &#8211; Gl\u00fchkerze Duraterm High Speed &#8211; Kartonbox \u2013 1 St\u00fcck &#8211; f\u00fcr dieselbetriebene Fahrzeuge<\/a><\/td>\n<td>14 \u20ac<\/td>\n<td>3 \u20ac<\/td>\n<\/tr>\n<tr>\n<td>MARKETPLACES<\/td>\n<td><a class=\"ljoptimizer\" href=\"https:\/\/www.amazon.es\/dp\/B0068M1B4S?tag=amazon087683-21&amp;th=1\" target=\"_blank\" rel=\"nofollow noopener\">Bosch 0250403008 &#8211; Gl\u00fchkerze Duraterm High Speed &#8211; Kartonbox \u2013 1 St\u00fcck &#8211; f\u00fcr dieselbetriebene Fahrzeuge<\/a><\/td>\n<td>14 \u20ac<\/td>\n<td>3 \u20ac<\/td>\n<\/tr>\n<tr>\n<td>MARKETPLACES<\/td>\n<td><a class=\"ljoptimizer\" href=\"https:\/\/www.amazon.es\/dp\/B016UBXJ3M?tag=amazon087683-21&amp;th=1\" target=\"_blank\" rel=\"nofollow noopener\">TarosTrade 244-6271-N-82648 Juego De Limpiaparabrisas Y Brazo Trasero 290 Mm Trasero<\/a><\/td>\n<td>13 \u20ac<\/td>\n<td>3 \u20ac<\/td>\n<\/tr>\n<tr>\n<td>MARKETPLACES<\/td>\n<td><a class=\"ljoptimizer\" href=\"https:\/\/www.amazon.es\/dp\/B0CKL7G11D?tag=amazon087683-21&amp;th=1\" target=\"_blank\" rel=\"nofollow noopener\">SURFOU Zigbee Enchufe Inteligente WiFi Compatible con Philips Hue, Alexa, Google Home, Smart Plug con Consumo Electrico, Temporizador, Control Remoto de Voz, HUE Bridge Necesario, 16A (1 Pack)<\/a><\/td>\n<td>13 \u20ac<\/td>\n<td>3 \u20ac<\/td>\n<\/tr>\n<tr>\n<td>MARKETPLACES<\/td>\n<td><a class=\"ljoptimizer\" href=\"https:\/\/www.amazon.es\/dp\/B0CKL7G11D?tag=amazon087683-21&amp;th=1\" target=\"_blank\" rel=\"nofollow noopener\">SURFOU Zigbee Enchufe Inteligente WiFi Compatible con Philips Hue, Alexa, Google Home, Smart Plug con Consumo Electrico, Temporizador, Control Remoto de Voz, HUE Bridge Necesario, 16A (1 Pack)<\/a><\/td>\n<td>13 \u20ac<\/td>\n<td>3 \u20ac<\/td>\n<\/tr>\n<tr>\n<td>MARKETPLACES<\/td>\n<td><a class=\"ljoptimizer\" href=\"https:\/\/www.amazon.es\/dp\/B08CXNCKKH?tag=amazon087683-21&amp;th=1\" target=\"_blank\" rel=\"nofollow noopener\">Teinte \u00e0 Bois Furniture Clinic (Pin antique) \u2013 S\u00e9chage Rapide, Haute Concentration, Application Facile pour les Bois Int\u00e9rieurs &amp; Ext\u00e9rieurs \u2013 Base d\u2019Eau &#8211; 250ml<\/a><\/td>\n<td>13 \u20ac<\/td>\n<td>3 \u20ac<\/td>\n<\/tr>\n<tr>\n<td>MARKETPLACES<\/td>\n<td><a class=\"ljoptimizer\" href=\"https:\/\/www.amazon.es\/dp\/B0CKL7G11D?tag=amazon087683-21&amp;th=1\" target=\"_blank\" rel=\"nofollow noopener\">SURFOU Zigbee Enchufe Inteligente WiFi Compatible con Philips Hue, Alexa, Google Home, Smart Plug con Consumo Electrico, Temporizador, Control Remoto de Voz, HUE Bridge Necesario, 16A (1 Pack)<\/a><\/td>\n<td>13 \u20ac<\/td>\n<td>3 \u20ac<\/td>\n<\/tr>\n<tr>\n<td>MARKETPLACES<\/td>\n<td><a class=\"ljoptimizer\" href=\"https:\/\/www.amazon.es\/dp\/B002HMPJCS?tag=amazon087683-21&amp;th=1\" target=\"_blank\" rel=\"nofollow noopener\">GYS &#8211; 50 ELECTRODOS DE RUTILO PARA ACERO \u00d8 2 &#8211; BLISTER<\/a><\/td>\n<td>12 \u20ac<\/td>\n<td>3 \u20ac<\/td>\n<\/tr>\n<tr>\n<td>MARKETPLACES<\/td>\n<td><a class=\"ljoptimizer\" href=\"https:\/\/www.amazon.es\/dp\/B000BYB5FO?tag=amazon087683-21&amp;th=1\" target=\"_blank\" rel=\"nofollow noopener\">Bosch 0250201032 &#8211; Gl\u00fchkerze Duraterm &#8211; Kartonbox \u2013 1 St\u00fcck &#8211; f\u00fcr dieselbetriebene Fahrzeuge<\/a><\/td>\n<td>12 \u20ac<\/td>\n<td>2 \u20ac<\/td>\n<\/tr>\n<tr>\n<td>MARKETPLACES<\/td>\n<td><a class=\"ljoptimizer\" href=\"https:\/\/www.amazon.es\/dp\/B088V7CFR4?tag=amazon087683-21&amp;th=1\" target=\"_blank\" rel=\"nofollow noopener\">iOVEO 035HP05202 &#8211; NTC 10kOhm Temperaturf\u00fchler mit PVC-Leitung bis 105\u00b0C, Temperatursensor, F\u00fchler, Heizung, NTC, 2 Meter<\/a><\/td>\n<td>9 \u20ac<\/td>\n<td>2 \u20ac<\/td>\n<\/tr>\n<tr>\n<td>MARKETPLACES<\/td>\n<td><a class=\"ljoptimizer\" href=\"https:\/\/www.amazon.es\/dp\/B07X4H9RRG?tag=amazon087683-21&amp;th=1\" target=\"_blank\" rel=\"nofollow noopener\">Amazon Basics Grapadora industrial, 3 en 1, con 1000 grapas, para tapizados, reparaciones del hogar, carpinter\u00eda y otros proyectos profesionales, plata<\/a><\/td>\n<td>6 \u20ac<\/td>\n<td>1 \u20ac<\/td>\n<\/tr>\n<\/tbody>\n<\/table>\n","protected":false},"excerpt":{"rendered":"<p>Caja de Herramientas sin revisar procedente de devoluciones de marketplaces<\/p>\n<ul>\n<li>N\u00famero de productos: 38<\/li>\n<li>Valor aproximado: 1582.00<\/li>\n<li>Porcentaje que se paga: 17% + IVA<\/li>\n<li>Tiempo de entrega estimado: 3 a 7 d\u00edas<\/li>\n<\/ul>\n<p>*Los precios incluyen IVA<\/p>\n","protected":false},"featured_media":166631,"template":"","meta":{"site-sidebar-layout":"default","site-content-layout":"","ast-site-content-layout":"default","site-content-style":"default","site-sidebar-style":"default","ast-global-header-display":"","ast-banner-title-visibility":"","ast-main-header-display":"","ast-hfb-above-header-display":"","ast-hfb-below-header-display":"","ast-hfb-mobile-header-display":"","site-post-title":"","ast-breadcrumbs-content":"","ast-featured-img":"","footer-sml-layout":"","ast-disable-related-posts":"","theme-transparent-header-meta":"default","adv-header-id-meta":"","stick-header-meta":"","header-above-stick-meta":"","header-main-stick-meta":"","header-below-stick-meta":"","astra-migrate-meta-layouts":"set","ast-page-background-enabled":"default","ast-page-background-meta":{"desktop":{"background-color":"var(--ast-global-color-4)","background-image":"","background-repeat":"repeat","background-position":"center center","background-size":"auto","background-attachment":"scroll","background-type":"","background-media":"","overlay-type":"","overlay-color":"","overlay-opacity":"","overlay-gradient":""},"tablet":{"background-color":"","background-image":"","background-repeat":"repeat","background-position":"center center","background-size":"auto","background-attachment":"scroll","background-type":"","background-media":"","overlay-type":"","overlay-color":"","overlay-opacity":"","overlay-gradient":""},"mobile":{"background-color":"","background-image":"","background-repeat":"repeat","background-position":"center center","background-size":"auto","background-attachment":"scroll","background-type":"","background-media":"","overlay-type":"","overlay-color":"","overlay-opacity":"","overlay-gradient":""}},"ast-content-background-meta":{"desktop":{"background-color":"var(--ast-global-color-5)","background-image":"","background-repeat":"repeat","background-position":"center center","background-size":"auto","background-attachment":"scroll","background-type":"","background-media":"","overlay-type":"","overlay-color":"","overlay-opacity":"","overlay-gradient":""},"tablet":{"background-color":"var(--ast-global-color-5)","background-image":"","background-repeat":"repeat","background-position":"center center","background-size":"auto","background-attachment":"scroll","background-type":"","background-media":"","overlay-type":"","overlay-color":"","overlay-opacity":"","overlay-gradient":""},"mobile":{"background-color":"var(--ast-global-color-5)","background-image":"","background-repeat":"repeat","background-position":"center center","background-size":"auto","background-attachment":"scroll","background-type":"","background-media":"","overlay-type":"","overlay-color":"","overlay-opacity":"","overlay-gradient":""}}},"product_brand":[],"product_cat":[49,42],"product_tag":[],"class_list":{"0":"post-166013","1":"product","2":"type-product","3":"status-publish","4":"has-post-thumbnail","6":"product_cat-cajas","7":"product_cat-herramientas","8":"product_shipping_class-caja","9":"desktop-align-left","10":"tablet-align-left","11":"mobile-align-left","13":"first","14":"instock","15":"sale","16":"downloadable","17":"taxable","18":"shipping-taxable","19":"purchasable","20":"product-type-simple"},"yoast_head":"<!-- This site is optimized with the Yoast SEO plugin v27.2 - https:\/\/yoast.com\/product\/yoast-seo-wordpress\/ -->\n<title>Caja de Herramientas [38 productos] (spN3NN9NKTJ) - Comprardevoluciones - Tu tienda de Devoluciones de Amazon<\/title>\n<meta name=\"robots\" content=\"noindex, follow\" \/>\n<meta property=\"og:locale\" content=\"en_US\" \/>\n<meta property=\"og:type\" content=\"article\" \/>\n<meta property=\"og:title\" content=\"Caja de Herramientas [38 productos] (spN3NN9NKTJ) - Comprardevoluciones - Tu tienda de Devoluciones de Amazon\" \/>\n<meta property=\"og:description\" content=\"Caja de Herramientas sin revisar procedente de devoluciones de marketplaces   N\u00famero de productos: 38  Valor aproximado: 1582.00  Porcentaje que se paga: 17% + IVA  Tiempo de entrega estimado: 3 a 7 d\u00edas  *Los precios incluyen IVA\" \/>\n<meta property=\"og:url\" content=\"https:\/\/comprardevoluciones.com\/producto\/spn3nn9nktj\/\" \/>\n<meta property=\"og:site_name\" content=\"Comprardevoluciones - Tu tienda de Devoluciones de Amazon\" \/>\n<meta property=\"article:modified_time\" content=\"2026-04-01T09:08:57+00:00\" \/>\n<meta property=\"og:image\" content=\"https:\/\/comprardevoluciones.com\/wp-content\/uploads\/2026\/03\/spN3NN9NKTJ.jpg\" \/>\n\t<meta property=\"og:image:width\" content=\"700\" \/>\n\t<meta property=\"og:image:height\" content=\"700\" \/>\n\t<meta property=\"og:image:type\" content=\"image\/jpeg\" \/>\n<meta name=\"twitter:card\" content=\"summary_large_image\" \/>\n<meta name=\"twitter:label1\" content=\"Est. reading time\" \/>\n\t<meta name=\"twitter:data1\" content=\"5 minutes\" \/>\n<script type=\"application\/ld+json\" class=\"yoast-schema-graph\">{\"@context\":\"https:\/\/schema.org\",\"@graph\":[{\"@type\":\"WebPage\",\"@id\":\"https:\/\/comprardevoluciones.com\/producto\/spn3nn9nktj\/\",\"url\":\"https:\/\/comprardevoluciones.com\/producto\/spn3nn9nktj\/\",\"name\":\"Caja de Herramientas [38 productos] (spN3NN9NKTJ) - Comprardevoluciones - Tu tienda de Devoluciones de Amazon\",\"isPartOf\":{\"@id\":\"https:\/\/comprardevoluciones.com\/#website\"},\"primaryImageOfPage\":{\"@id\":\"https:\/\/comprardevoluciones.com\/producto\/spn3nn9nktj\/#primaryimage\"},\"image\":{\"@id\":\"https:\/\/comprardevoluciones.com\/producto\/spn3nn9nktj\/#primaryimage\"},\"thumbnailUrl\":\"https:\/\/comprardevoluciones.com\/wp-content\/uploads\/2026\/03\/spN3NN9NKTJ.jpg\",\"datePublished\":\"2026-04-01T08:35:18+00:00\",\"dateModified\":\"2026-04-01T09:08:57+00:00\",\"breadcrumb\":{\"@id\":\"https:\/\/comprardevoluciones.com\/producto\/spn3nn9nktj\/#breadcrumb\"},\"inLanguage\":\"en-US\",\"potentialAction\":[{\"@type\":\"ReadAction\",\"target\":[\"https:\/\/comprardevoluciones.com\/producto\/spn3nn9nktj\/\"]}]},{\"@type\":\"ImageObject\",\"inLanguage\":\"en-US\",\"@id\":\"https:\/\/comprardevoluciones.com\/producto\/spn3nn9nktj\/#primaryimage\",\"url\":\"https:\/\/comprardevoluciones.com\/wp-content\/uploads\/2026\/03\/spN3NN9NKTJ.jpg\",\"contentUrl\":\"https:\/\/comprardevoluciones.com\/wp-content\/uploads\/2026\/03\/spN3NN9NKTJ.jpg\",\"width\":700,\"height\":700},{\"@type\":\"BreadcrumbList\",\"@id\":\"https:\/\/comprardevoluciones.com\/producto\/spn3nn9nktj\/#breadcrumb\",\"itemListElement\":[{\"@type\":\"ListItem\",\"position\":1,\"name\":\"Portada\",\"item\":\"https:\/\/comprardevoluciones.com\/en\/\"},{\"@type\":\"ListItem\",\"position\":2,\"name\":\"Shop\",\"item\":\"https:\/\/comprardevoluciones.com\/en\/shop\/\"},{\"@type\":\"ListItem\",\"position\":3,\"name\":\"Caja de Herramientas [38 productos] (spN3NN9NKTJ)\"}]},{\"@type\":\"WebSite\",\"@id\":\"https:\/\/comprardevoluciones.com\/#website\",\"url\":\"https:\/\/comprardevoluciones.com\/\",\"name\":\"Comprardevoluciones - Tu tienda de Devoluciones de Amazon\",\"description\":\"Consigue Stock en buen estado a un precio imbatible\",\"potentialAction\":[{\"@type\":\"SearchAction\",\"target\":{\"@type\":\"EntryPoint\",\"urlTemplate\":\"https:\/\/comprardevoluciones.com\/?s={search_term_string}\"},\"query-input\":{\"@type\":\"PropertyValueSpecification\",\"valueRequired\":true,\"valueName\":\"search_term_string\"}}],\"inLanguage\":\"en-US\"}]}<\/script>\n<!-- \/ Yoast SEO plugin. -->","yoast_head_json":{"title":"Caja de Herramientas [38 productos] (spN3NN9NKTJ) - Comprardevoluciones - Tu tienda de Devoluciones de Amazon","robots":{"index":"noindex","follow":"follow"},"og_locale":"en_US","og_type":"article","og_title":"Caja de Herramientas [38 productos] (spN3NN9NKTJ) - Comprardevoluciones - Tu tienda de Devoluciones de Amazon","og_description":"Caja de Herramientas sin revisar procedente de devoluciones de marketplaces   N\u00famero de productos: 38  Valor aproximado: 1582.00  Porcentaje que se paga: 17% + IVA  Tiempo de entrega estimado: 3 a 7 d\u00edas  *Los precios incluyen IVA","og_url":"https:\/\/comprardevoluciones.com\/producto\/spn3nn9nktj\/","og_site_name":"Comprardevoluciones - Tu tienda de Devoluciones de Amazon","article_modified_time":"2026-04-01T09:08:57+00:00","og_image":[{"width":700,"height":700,"url":"https:\/\/comprardevoluciones.com\/wp-content\/uploads\/2026\/03\/spN3NN9NKTJ.jpg","type":"image\/jpeg"}],"twitter_card":"summary_large_image","twitter_misc":{"Est. reading time":"5 minutes"},"schema":{"@context":"https:\/\/schema.org","@graph":[{"@type":"WebPage","@id":"https:\/\/comprardevoluciones.com\/producto\/spn3nn9nktj\/","url":"https:\/\/comprardevoluciones.com\/producto\/spn3nn9nktj\/","name":"Caja de Herramientas [38 productos] (spN3NN9NKTJ) - Comprardevoluciones - Tu tienda de Devoluciones de Amazon","isPartOf":{"@id":"https:\/\/comprardevoluciones.com\/#website"},"primaryImageOfPage":{"@id":"https:\/\/comprardevoluciones.com\/producto\/spn3nn9nktj\/#primaryimage"},"image":{"@id":"https:\/\/comprardevoluciones.com\/producto\/spn3nn9nktj\/#primaryimage"},"thumbnailUrl":"https:\/\/comprardevoluciones.com\/wp-content\/uploads\/2026\/03\/spN3NN9NKTJ.jpg","datePublished":"2026-04-01T08:35:18+00:00","dateModified":"2026-04-01T09:08:57+00:00","breadcrumb":{"@id":"https:\/\/comprardevoluciones.com\/producto\/spn3nn9nktj\/#breadcrumb"},"inLanguage":"en-US","potentialAction":[{"@type":"ReadAction","target":["https:\/\/comprardevoluciones.com\/producto\/spn3nn9nktj\/"]}]},{"@type":"ImageObject","inLanguage":"en-US","@id":"https:\/\/comprardevoluciones.com\/producto\/spn3nn9nktj\/#primaryimage","url":"https:\/\/comprardevoluciones.com\/wp-content\/uploads\/2026\/03\/spN3NN9NKTJ.jpg","contentUrl":"https:\/\/comprardevoluciones.com\/wp-content\/uploads\/2026\/03\/spN3NN9NKTJ.jpg","width":700,"height":700},{"@type":"BreadcrumbList","@id":"https:\/\/comprardevoluciones.com\/producto\/spn3nn9nktj\/#breadcrumb","itemListElement":[{"@type":"ListItem","position":1,"name":"Portada","item":"https:\/\/comprardevoluciones.com\/en\/"},{"@type":"ListItem","position":2,"name":"Shop","item":"https:\/\/comprardevoluciones.com\/en\/shop\/"},{"@type":"ListItem","position":3,"name":"Caja de Herramientas [38 productos] (spN3NN9NKTJ)"}]},{"@type":"WebSite","@id":"https:\/\/comprardevoluciones.com\/#website","url":"https:\/\/comprardevoluciones.com\/","name":"Comprardevoluciones - Tu tienda de Devoluciones de Amazon","description":"Consigue Stock en buen estado a un precio imbatible","potentialAction":[{"@type":"SearchAction","target":{"@type":"EntryPoint","urlTemplate":"https:\/\/comprardevoluciones.com\/?s={search_term_string}"},"query-input":{"@type":"PropertyValueSpecification","valueRequired":true,"valueName":"search_term_string"}}],"inLanguage":"en-US"}]}},"_links":{"self":[{"href":"https:\/\/comprardevoluciones.com\/en\/wp-json\/wp\/v2\/product\/166013","targetHints":{"allow":["GET"]}}],"collection":[{"href":"https:\/\/comprardevoluciones.com\/en\/wp-json\/wp\/v2\/product"}],"about":[{"href":"https:\/\/comprardevoluciones.com\/en\/wp-json\/wp\/v2\/types\/product"}],"wp:featuredmedia":[{"embeddable":true,"href":"https:\/\/comprardevoluciones.com\/en\/wp-json\/wp\/v2\/media\/166631"}],"wp:attachment":[{"href":"https:\/\/comprardevoluciones.com\/en\/wp-json\/wp\/v2\/media?parent=166013"}],"wp:term":[{"taxonomy":"product_brand","embeddable":true,"href":"https:\/\/comprardevoluciones.com\/en\/wp-json\/wp\/v2\/product_brand?post=166013"},{"taxonomy":"product_cat","embeddable":true,"href":"https:\/\/comprardevoluciones.com\/en\/wp-json\/wp\/v2\/product_cat?post=166013"},{"taxonomy":"product_tag","embeddable":true,"href":"https:\/\/comprardevoluciones.com\/en\/wp-json\/wp\/v2\/product_tag?post=166013"}],"curies":[{"name":"wp","href":"https:\/\/api.w.org\/{rel}","templated":true}]}}