{"id":167871,"date":"2026-03-11T11:00:49","date_gmt":"2026-03-11T10:00:49","guid":{"rendered":"https:\/\/comprardevoluciones.com\/?post_type=product&#038;p=167871"},"modified":"2026-03-11T10:53:48","modified_gmt":"2026-03-11T09:53:48","slug":"10226888","status":"publish","type":"product","link":"https:\/\/comprardevoluciones.com\/en\/producto\/10226888\/","title":{"rendered":"Pal\u00e9 de Hogar [18 productos] (10226888)"},"content":{"rendered":"<p>Descripci\u00f3n y valor aproximados<\/p>\n<table>\n<tbody>\n<tr>\n<td><strong>FUENTE<\/strong><\/td>\n<td><strong>PRODUCTO<\/strong><\/td>\n<td><strong>VALOR (\u20ac)<\/strong><\/td>\n<td><strong>PAGAS (\u20ac)<\/strong><\/td>\n<\/tr>\n<tr>\n<td>MARKETPLACES<\/td>\n<td><a class=\"ljoptimizer\" href=\"https:\/\/www.amazon.es\/dp\/B0FQJMJW6W?tag=amazon087683-21&amp;th=1\" target=\"_blank\" rel=\"nofollow noopener\">Fackelmann Jamonero Basculante, Acero Inoxidable, 50&#215;18 cm, Sistema Inclinable a Ambos Lados, Altura M\u00e1xima 30 cm, Corte en \u00c1ngulo, Base Estable, Dise\u00f1o Profesional y Anticorrosi\u00f3n<\/a><\/td>\n<td>80 \u20ac<\/td>\n<td>18 \u20ac<\/td>\n<\/tr>\n<tr>\n<td>MARKETPLACES<\/td>\n<td><a class=\"ljoptimizer\" href=\"https:\/\/www.amazon.es\/dp\/B0D2KNP6TP?tag=amazon087683-21&amp;th=1\" target=\"_blank\" rel=\"nofollow noopener\">Novilla Sobrecolch\u00f3n, 160&#215;200 7.5 cm Topper Colch\u00f3n de Fibra, Sobrecolch\u00f3n de Espuma Confort y Lavable a 60\u00b0C, Transpirable y Fresco, Blanco<\/a><\/td>\n<td>76 \u20ac<\/td>\n<td>17 \u20ac<\/td>\n<\/tr>\n<tr>\n<td>MARKETPLACES<\/td>\n<td><a class=\"ljoptimizer\" href=\"https:\/\/www.amazon.es\/dp\/B009LJE5TS?tag=amazon087683-21&amp;th=1\" target=\"_blank\" rel=\"nofollow noopener\">Olimpia Splendid 99610 Solaria Carbon Calefactor Halogeno 1100 W, 45 m\u00b3<\/a><\/td>\n<td>74 \u20ac<\/td>\n<td>17 \u20ac<\/td>\n<\/tr>\n<tr>\n<td>MARKETPLACES<\/td>\n<td><a class=\"ljoptimizer\" href=\"https:\/\/www.amazon.es\/dp\/B083YV66PG?tag=amazon087683-21&amp;th=1\" target=\"_blank\" rel=\"nofollow noopener\">Sailnovo &#8211; Inodoro para Perros, Inodoro para Cachorros, Base de Entrenamiento con c\u00e9sped Artificial, 3 Capas, Orinal de Entrenamiento para Perros peque\u00f1os, Grandes y Mayores<\/a><\/td>\n<td>70 \u20ac<\/td>\n<td>16 \u20ac<\/td>\n<\/tr>\n<tr>\n<td>MARKETPLACES<\/td>\n<td><a class=\"ljoptimizer\" href=\"https:\/\/www.amazon.es\/dp\/B0F93ZXMZV?tag=amazon087683-21&amp;th=1\" target=\"_blank\" rel=\"nofollow noopener\">Amig &#8211; Cubo de Basura con Pedal 30 Litros Mod. Artvin &#8211; Cromado &#8211; Apertura higi\u00e9nica sin manos &#8211; 27 x 36 x 65 cm &#8211; Acero inoxidable cromado &#8211; Papelera para cocina con Tapa Herm\u00e9tica<\/a><\/td>\n<td>64 \u20ac<\/td>\n<td>15 \u20ac<\/td>\n<\/tr>\n<tr>\n<td>MARKETPLACES<\/td>\n<td><a class=\"ljoptimizer\" href=\"https:\/\/www.amazon.es\/dp\/B07PBV75T2?tag=amazon087683-21&amp;th=1\" target=\"_blank\" rel=\"nofollow noopener\">Amazon Basics Papelera rectangular de con cierre suave, 30 l\/7.9 galones, n\u00edquel satinado<\/a><\/td>\n<td>62 \u20ac<\/td>\n<td>14 \u20ac<\/td>\n<\/tr>\n<tr>\n<td>MARKETPLACES<\/td>\n<td><a class=\"ljoptimizer\" href=\"https:\/\/www.amazon.es\/dp\/B07RPJR64T?tag=amazon087683-21&amp;th=1\" target=\"_blank\" rel=\"nofollow noopener\">SOLAGUA \u00c1rbol de Navidad Artificial Extra Relleno, Arboles con Hojas de Espumill\u00f3n 150cm a 300cm de Primera Calidad, S\u00faper Natural C\/Soporte Met\u00e1lico.(Verde, 180cm 617Tips)<\/a><\/td>\n<td>49 \u20ac<\/td>\n<td>11 \u20ac<\/td>\n<\/tr>\n<tr>\n<td>MARKETPLACES<\/td>\n<td><a class=\"ljoptimizer\" href=\"https:\/\/www.amazon.es\/dp\/B071DZFCWT?tag=amazon087683-21&amp;th=1\" target=\"_blank\" rel=\"nofollow noopener\">Quid Vita Azul Vajilla Cer\u00e1mica Apto Microondas Seque Los Platos Por Las Dos Caras Despu\u00e9s De Cada Lavado Apilable<\/a><\/td>\n<td>49 \u20ac<\/td>\n<td>11 \u20ac<\/td>\n<\/tr>\n<tr>\n<td>MARKETPLACES<\/td>\n<td><a class=\"ljoptimizer\" href=\"https:\/\/www.amazon.es\/dp\/B01MCXGNEF?tag=amazon087683-21&amp;th=1\" target=\"_blank\" rel=\"nofollow noopener\">Daewoo Tendedero port\u00e1til plegable con calefacci\u00f3n, 230 W, carga m\u00e1xima de 10 kg, cable de 1,4 m, bajos costos de funcionamiento y alas plegadas, color blanco<\/a><\/td>\n<td>46 \u20ac<\/td>\n<td>11 \u20ac<\/td>\n<\/tr>\n<tr>\n<td>MARKETPLACES<\/td>\n<td><a class=\"ljoptimizer\" href=\"https:\/\/www.amazon.es\/dp\/B09MR8CMH7?tag=amazon087683-21&amp;th=1\" target=\"_blank\" rel=\"nofollow noopener\">Vileda Turbo Juego de Cubo de fregona para Suelos giratoria con Pedal &#8211; Mango telesc\u00f3pico 85-123 cm &#8211; Cabezal de Microfibra 2 en 1 &#8211; Love it Clean &#8211; Embalaje sostenible<\/a><\/td>\n<td>43 \u20ac<\/td>\n<td>10 \u20ac<\/td>\n<\/tr>\n<tr>\n<td>MARKETPLACES<\/td>\n<td><a class=\"ljoptimizer\" href=\"https:\/\/www.amazon.es\/dp\/B00ABT3QDS?tag=amazon087683-21&amp;th=1\" target=\"_blank\" rel=\"nofollow noopener\">Keter Scuba box &#8211; Caja de ordenaci\u00f3n XL; Almacenamiento; 74x45xH46 cm; Para guardar Herramientas; Color Negro y Azul<\/a><\/td>\n<td>41 \u20ac<\/td>\n<td>9 \u20ac<\/td>\n<\/tr>\n<tr>\n<td>MARKETPLACES<\/td>\n<td><a class=\"ljoptimizer\" href=\"https:\/\/www.amazon.es\/dp\/B0G1SKXWQG?tag=amazon087683-21&amp;th=1\" target=\"_blank\" rel=\"nofollow noopener\">AKTIVE MAX Home Mesa Auxiliar, 90x48x40 cm, Peso m\u00e1ximo soportado 20kg, Estructura met\u00e1lica Negra, Efecto Roble, Mesas de Centro, Caf\u00e9, para Sal\u00f3n, Comedor, Oficina (18514)<\/a><\/td>\n<td>32 \u20ac<\/td>\n<td>7 \u20ac<\/td>\n<\/tr>\n<tr>\n<td>MARKETPLACES<\/td>\n<td><a class=\"ljoptimizer\" href=\"https:\/\/www.amazon.es\/dp\/B0BNSY5PK6?tag=amazon087683-21&amp;th=1\" target=\"_blank\" rel=\"nofollow noopener\">Relaxdays Perchero de Pared con 5 Ganchos y Estante, Toallero Ba\u00f1o Bamb\u00fa, Recibidor, Pasillo, 18 x 62 x 16 cm, Natural<\/a><\/td>\n<td>32 \u20ac<\/td>\n<td>7 \u20ac<\/td>\n<\/tr>\n<tr>\n<td>MARKETPLACES<\/td>\n<td><a class=\"ljoptimizer\" href=\"https:\/\/www.amazon.es\/dp\/B0F5W66C6K?tag=amazon087683-21&amp;th=1\" target=\"_blank\" rel=\"nofollow noopener\">VOUNOT\u00ae Silla de Ducha con Respaldo Altura Regulable 70-83 cm, Asiento de Ba\u00f1o con Patas Antideslizantes, Ayuda para Personas Mayores y Discapacitados, Carga m\u00e1x. 136 kg, Blanco Azul<\/a><\/td>\n<td>32 \u20ac<\/td>\n<td>7 \u20ac<\/td>\n<\/tr>\n<tr>\n<td>MARKETPLACES<\/td>\n<td><a class=\"ljoptimizer\" href=\"https:\/\/www.amazon.es\/dp\/B00CB9IK7S?tag=amazon087683-21&amp;th=1\" target=\"_blank\" rel=\"nofollow noopener\">SUNDIS Orgamix, schubladenbox aus Kunststoff mit R\u00e4dern, 3 gro\u00dfe transparente Schubladen im A4-Format, H\u00f6he 63,5 cm, leicht zu verschieben, ideal f\u00fcr B\u00fcro, Unterricht, Unterlagen<\/a><\/td>\n<td>24 \u20ac<\/td>\n<td>5 \u20ac<\/td>\n<\/tr>\n<tr>\n<td>MARKETPLACES<\/td>\n<td><a class=\"ljoptimizer\" href=\"https:\/\/www.amazon.es\/dp\/B0D5D59JTQ?tag=amazon087683-21&amp;th=1\" target=\"_blank\" rel=\"nofollow noopener\">EMUCA &#8211; Organizador de Cubiertos, organizador caj\u00f3n de cocina, cubertero 936x482mm, 12 compartimientos, m\u00f3dulo 100cm, Pl\u00e1stico, Gris Antracita<\/a><\/td>\n<td>21 \u20ac<\/td>\n<td>5 \u20ac<\/td>\n<\/tr>\n<tr>\n<td>MARKETPLACES<\/td>\n<td><a class=\"ljoptimizer\" href=\"https:\/\/www.amazon.es\/dp\/B0CVV4K2KB?tag=amazon087683-21&amp;th=1\" target=\"_blank\" rel=\"nofollow noopener\">NATURECA Almohada de espelta, Almohada para el Cuello, Almohada para el Dolor de Cuello, Almohada para Dormir de Lado con Fundas de bamb\u00fa, Almohada de Apoyo para el Cuello de c\u00e1scara de espelta, almo<\/a><\/td>\n<td>16 \u20ac<\/td>\n<td>4 \u20ac<\/td>\n<\/tr>\n<tr>\n<td>MARKETPLACES<\/td>\n<td><a class=\"ljoptimizer\" href=\"https:\/\/www.amazon.es\/dp\/B0792H675J?tag=amazon087683-21&amp;th=1\" target=\"_blank\" rel=\"nofollow noopener\">Amazon Basics Barra de cortina extensible para interiores con barra curvada, de 71 a 122 cm, color bronce<\/a><\/td>\n<td>15 \u20ac<\/td>\n<td>3 \u20ac<\/td>\n<\/tr>\n<\/tbody>\n<\/table>\n","protected":false},"excerpt":{"rendered":"<p>Pal\u00e9 de Hogar sin revisar procedente de devoluciones de marketplaces<\/p>\n<ul>\n<li>N\u00famero de productos: 18<\/li>\n<li>Valor aproximado: 826.00<\/li>\n<li>Porcentaje que se paga: 19% + IVA<\/li>\n<li>Tiempo de entrega estimado: 3 a 7 d\u00edas<\/li>\n<\/ul>\n<p>*Los precios incluyen IVA<\/p>\n","protected":false},"featured_media":168099,"template":"","meta":{"site-sidebar-layout":"default","site-content-layout":"","ast-site-content-layout":"default","site-content-style":"default","site-sidebar-style":"default","ast-global-header-display":"","ast-banner-title-visibility":"","ast-main-header-display":"","ast-hfb-above-header-display":"","ast-hfb-below-header-display":"","ast-hfb-mobile-header-display":"","site-post-title":"","ast-breadcrumbs-content":"","ast-featured-img":"","footer-sml-layout":"","ast-disable-related-posts":"","theme-transparent-header-meta":"default","adv-header-id-meta":"","stick-header-meta":"","header-above-stick-meta":"","header-main-stick-meta":"","header-below-stick-meta":"","astra-migrate-meta-layouts":"set","ast-page-background-enabled":"default","ast-page-background-meta":{"desktop":{"background-color":"var(--ast-global-color-4)","background-image":"","background-repeat":"repeat","background-position":"center center","background-size":"auto","background-attachment":"scroll","background-type":"","background-media":"","overlay-type":"","overlay-color":"","overlay-opacity":"","overlay-gradient":""},"tablet":{"background-color":"","background-image":"","background-repeat":"repeat","background-position":"center center","background-size":"auto","background-attachment":"scroll","background-type":"","background-media":"","overlay-type":"","overlay-color":"","overlay-opacity":"","overlay-gradient":""},"mobile":{"background-color":"","background-image":"","background-repeat":"repeat","background-position":"center center","background-size":"auto","background-attachment":"scroll","background-type":"","background-media":"","overlay-type":"","overlay-color":"","overlay-opacity":"","overlay-gradient":""}},"ast-content-background-meta":{"desktop":{"background-color":"var(--ast-global-color-5)","background-image":"","background-repeat":"repeat","background-position":"center center","background-size":"auto","background-attachment":"scroll","background-type":"","background-media":"","overlay-type":"","overlay-color":"","overlay-opacity":"","overlay-gradient":""},"tablet":{"background-color":"var(--ast-global-color-5)","background-image":"","background-repeat":"repeat","background-position":"center center","background-size":"auto","background-attachment":"scroll","background-type":"","background-media":"","overlay-type":"","overlay-color":"","overlay-opacity":"","overlay-gradient":""},"mobile":{"background-color":"var(--ast-global-color-5)","background-image":"","background-repeat":"repeat","background-position":"center center","background-size":"auto","background-attachment":"scroll","background-type":"","background-media":"","overlay-type":"","overlay-color":"","overlay-opacity":"","overlay-gradient":""}}},"product_brand":[],"product_cat":[43,65],"product_tag":[],"class_list":{"0":"post-167871","1":"product","2":"type-product","3":"status-publish","4":"has-post-thumbnail","6":"product_cat-hogar","7":"product_cat-pales","8":"product_shipping_class-pale","9":"desktop-align-left","10":"tablet-align-left","11":"mobile-align-left","13":"first","14":"instock","15":"sale","16":"downloadable","17":"taxable","18":"shipping-taxable","19":"purchasable","20":"product-type-simple"},"yoast_head":"<!-- This site is optimized with the Yoast SEO plugin v27.2 - https:\/\/yoast.com\/product\/yoast-seo-wordpress\/ -->\n<title>Pal\u00e9 de Hogar [18 productos] (10226888) - Comprardevoluciones - Tu tienda de Devoluciones de Amazon<\/title>\n<meta name=\"robots\" content=\"noindex, follow\" \/>\n<meta property=\"og:locale\" content=\"en_US\" \/>\n<meta property=\"og:type\" content=\"article\" \/>\n<meta property=\"og:title\" content=\"Pal\u00e9 de Hogar [18 productos] (10226888) - Comprardevoluciones - Tu tienda de Devoluciones de Amazon\" \/>\n<meta property=\"og:description\" content=\"Pal\u00e9 de Hogar sin revisar procedente de devoluciones de marketplaces   N\u00famero de productos: 18  Valor aproximado: 826.00  Porcentaje que se paga: 19% + IVA  Tiempo de entrega estimado: 3 a 7 d\u00edas  *Los precios incluyen IVA\" \/>\n<meta property=\"og:url\" content=\"https:\/\/comprardevoluciones.com\/producto\/10226888\/\" \/>\n<meta property=\"og:site_name\" content=\"Comprardevoluciones - Tu tienda de Devoluciones de Amazon\" \/>\n<meta property=\"og:image\" content=\"https:\/\/comprardevoluciones.com\/wp-content\/uploads\/2026\/03\/10226888.jpg\" \/>\n\t<meta property=\"og:image:width\" content=\"700\" \/>\n\t<meta property=\"og:image:height\" content=\"700\" \/>\n\t<meta property=\"og:image:type\" content=\"image\/jpeg\" \/>\n<meta name=\"twitter:card\" content=\"summary_large_image\" \/>\n<meta name=\"twitter:label1\" content=\"Est. reading time\" \/>\n\t<meta name=\"twitter:data1\" content=\"3 minutes\" \/>\n<script type=\"application\/ld+json\" class=\"yoast-schema-graph\">{\"@context\":\"https:\/\/schema.org\",\"@graph\":[{\"@type\":\"WebPage\",\"@id\":\"https:\/\/comprardevoluciones.com\/producto\/10226888\/\",\"url\":\"https:\/\/comprardevoluciones.com\/producto\/10226888\/\",\"name\":\"Pal\u00e9 de Hogar [18 productos] (10226888) - Comprardevoluciones - Tu tienda de Devoluciones de Amazon\",\"isPartOf\":{\"@id\":\"https:\/\/comprardevoluciones.com\/#website\"},\"primaryImageOfPage\":{\"@id\":\"https:\/\/comprardevoluciones.com\/producto\/10226888\/#primaryimage\"},\"image\":{\"@id\":\"https:\/\/comprardevoluciones.com\/producto\/10226888\/#primaryimage\"},\"thumbnailUrl\":\"https:\/\/comprardevoluciones.com\/wp-content\/uploads\/2026\/03\/10226888.jpg\",\"datePublished\":\"2026-03-11T10:00:49+00:00\",\"breadcrumb\":{\"@id\":\"https:\/\/comprardevoluciones.com\/producto\/10226888\/#breadcrumb\"},\"inLanguage\":\"en-US\",\"potentialAction\":[{\"@type\":\"ReadAction\",\"target\":[\"https:\/\/comprardevoluciones.com\/producto\/10226888\/\"]}]},{\"@type\":\"ImageObject\",\"inLanguage\":\"en-US\",\"@id\":\"https:\/\/comprardevoluciones.com\/producto\/10226888\/#primaryimage\",\"url\":\"https:\/\/comprardevoluciones.com\/wp-content\/uploads\/2026\/03\/10226888.jpg\",\"contentUrl\":\"https:\/\/comprardevoluciones.com\/wp-content\/uploads\/2026\/03\/10226888.jpg\",\"width\":700,\"height\":700},{\"@type\":\"BreadcrumbList\",\"@id\":\"https:\/\/comprardevoluciones.com\/producto\/10226888\/#breadcrumb\",\"itemListElement\":[{\"@type\":\"ListItem\",\"position\":1,\"name\":\"Portada\",\"item\":\"https:\/\/comprardevoluciones.com\/en\/\"},{\"@type\":\"ListItem\",\"position\":2,\"name\":\"Shop\",\"item\":\"https:\/\/comprardevoluciones.com\/en\/shop\/\"},{\"@type\":\"ListItem\",\"position\":3,\"name\":\"Pal\u00e9 de Hogar [18 productos] (10226888)\"}]},{\"@type\":\"WebSite\",\"@id\":\"https:\/\/comprardevoluciones.com\/#website\",\"url\":\"https:\/\/comprardevoluciones.com\/\",\"name\":\"Comprardevoluciones - Tu tienda de Devoluciones de Amazon\",\"description\":\"Consigue Stock en buen estado a un precio imbatible\",\"potentialAction\":[{\"@type\":\"SearchAction\",\"target\":{\"@type\":\"EntryPoint\",\"urlTemplate\":\"https:\/\/comprardevoluciones.com\/?s={search_term_string}\"},\"query-input\":{\"@type\":\"PropertyValueSpecification\",\"valueRequired\":true,\"valueName\":\"search_term_string\"}}],\"inLanguage\":\"en-US\"}]}<\/script>\n<!-- \/ Yoast SEO plugin. -->","yoast_head_json":{"title":"Pal\u00e9 de Hogar [18 productos] (10226888) - Comprardevoluciones - Tu tienda de Devoluciones de Amazon","robots":{"index":"noindex","follow":"follow"},"og_locale":"en_US","og_type":"article","og_title":"Pal\u00e9 de Hogar [18 productos] (10226888) - Comprardevoluciones - Tu tienda de Devoluciones de Amazon","og_description":"Pal\u00e9 de Hogar sin revisar procedente de devoluciones de marketplaces   N\u00famero de productos: 18  Valor aproximado: 826.00  Porcentaje que se paga: 19% + IVA  Tiempo de entrega estimado: 3 a 7 d\u00edas  *Los precios incluyen IVA","og_url":"https:\/\/comprardevoluciones.com\/producto\/10226888\/","og_site_name":"Comprardevoluciones - Tu tienda de Devoluciones de Amazon","og_image":[{"width":700,"height":700,"url":"https:\/\/comprardevoluciones.com\/wp-content\/uploads\/2026\/03\/10226888.jpg","type":"image\/jpeg"}],"twitter_card":"summary_large_image","twitter_misc":{"Est. reading time":"3 minutes"},"schema":{"@context":"https:\/\/schema.org","@graph":[{"@type":"WebPage","@id":"https:\/\/comprardevoluciones.com\/producto\/10226888\/","url":"https:\/\/comprardevoluciones.com\/producto\/10226888\/","name":"Pal\u00e9 de Hogar [18 productos] (10226888) - Comprardevoluciones - Tu tienda de Devoluciones de Amazon","isPartOf":{"@id":"https:\/\/comprardevoluciones.com\/#website"},"primaryImageOfPage":{"@id":"https:\/\/comprardevoluciones.com\/producto\/10226888\/#primaryimage"},"image":{"@id":"https:\/\/comprardevoluciones.com\/producto\/10226888\/#primaryimage"},"thumbnailUrl":"https:\/\/comprardevoluciones.com\/wp-content\/uploads\/2026\/03\/10226888.jpg","datePublished":"2026-03-11T10:00:49+00:00","breadcrumb":{"@id":"https:\/\/comprardevoluciones.com\/producto\/10226888\/#breadcrumb"},"inLanguage":"en-US","potentialAction":[{"@type":"ReadAction","target":["https:\/\/comprardevoluciones.com\/producto\/10226888\/"]}]},{"@type":"ImageObject","inLanguage":"en-US","@id":"https:\/\/comprardevoluciones.com\/producto\/10226888\/#primaryimage","url":"https:\/\/comprardevoluciones.com\/wp-content\/uploads\/2026\/03\/10226888.jpg","contentUrl":"https:\/\/comprardevoluciones.com\/wp-content\/uploads\/2026\/03\/10226888.jpg","width":700,"height":700},{"@type":"BreadcrumbList","@id":"https:\/\/comprardevoluciones.com\/producto\/10226888\/#breadcrumb","itemListElement":[{"@type":"ListItem","position":1,"name":"Portada","item":"https:\/\/comprardevoluciones.com\/en\/"},{"@type":"ListItem","position":2,"name":"Shop","item":"https:\/\/comprardevoluciones.com\/en\/shop\/"},{"@type":"ListItem","position":3,"name":"Pal\u00e9 de Hogar [18 productos] (10226888)"}]},{"@type":"WebSite","@id":"https:\/\/comprardevoluciones.com\/#website","url":"https:\/\/comprardevoluciones.com\/","name":"Comprardevoluciones - Tu tienda de Devoluciones de Amazon","description":"Consigue Stock en buen estado a un precio imbatible","potentialAction":[{"@type":"SearchAction","target":{"@type":"EntryPoint","urlTemplate":"https:\/\/comprardevoluciones.com\/?s={search_term_string}"},"query-input":{"@type":"PropertyValueSpecification","valueRequired":true,"valueName":"search_term_string"}}],"inLanguage":"en-US"}]}},"_links":{"self":[{"href":"https:\/\/comprardevoluciones.com\/en\/wp-json\/wp\/v2\/product\/167871","targetHints":{"allow":["GET"]}}],"collection":[{"href":"https:\/\/comprardevoluciones.com\/en\/wp-json\/wp\/v2\/product"}],"about":[{"href":"https:\/\/comprardevoluciones.com\/en\/wp-json\/wp\/v2\/types\/product"}],"wp:featuredmedia":[{"embeddable":true,"href":"https:\/\/comprardevoluciones.com\/en\/wp-json\/wp\/v2\/media\/168099"}],"wp:attachment":[{"href":"https:\/\/comprardevoluciones.com\/en\/wp-json\/wp\/v2\/media?parent=167871"}],"wp:term":[{"taxonomy":"product_brand","embeddable":true,"href":"https:\/\/comprardevoluciones.com\/en\/wp-json\/wp\/v2\/product_brand?post=167871"},{"taxonomy":"product_cat","embeddable":true,"href":"https:\/\/comprardevoluciones.com\/en\/wp-json\/wp\/v2\/product_cat?post=167871"},{"taxonomy":"product_tag","embeddable":true,"href":"https:\/\/comprardevoluciones.com\/en\/wp-json\/wp\/v2\/product_tag?post=167871"}],"curies":[{"name":"wp","href":"https:\/\/api.w.org\/{rel}","templated":true}]}}