{"id":172278,"date":"2026-03-25T11:00:21","date_gmt":"2026-03-25T10:00:21","guid":{"rendered":"https:\/\/comprardevoluciones.com\/?post_type=product&#038;p=172278"},"modified":"2026-03-24T19:10:25","modified_gmt":"2026-03-24T18:10:25","slug":"spn00i7ji32","status":"publish","type":"product","link":"https:\/\/comprardevoluciones.com\/en\/producto\/spn00i7ji32\/","title":{"rendered":"Caja de Juguetes [28 productos] (spN00I7jI32)"},"content":{"rendered":"<p>Descripci\u00f3n y valor aproximados<\/p>\n<table>\n<tbody>\n<tr>\n<td><strong>FUENTE<\/strong><\/td>\n<td><strong>PRODUCTO<\/strong><\/td>\n<td><strong>VALOR (\u20ac)<\/strong><\/td>\n<td><strong>PAGAS (\u20ac)<\/strong><\/td>\n<\/tr>\n<tr>\n<td>MARKETPLACES<\/td>\n<td><a class=\"ljoptimizer\" href=\"https:\/\/www.amazon.es\/dp\/B0DZ27VJY7?tag=amazon087683-21&amp;th=1\" target=\"_blank\" rel=\"nofollow noopener\">Lspoer Disfraz de Halloween para ni\u00f1os de 11 a 12 a\u00f1os<\/a><\/td>\n<td>59 \u20ac<\/td>\n<td>14 \u20ac<\/td>\n<\/tr>\n<tr>\n<td>MARKETPLACES<\/td>\n<td><a class=\"ljoptimizer\" href=\"https:\/\/www.amazon.es\/dp\/B0DHSJ6R9W?tag=amazon087683-21&amp;th=1\" target=\"_blank\" rel=\"nofollow noopener\">LEGO City 3 en 1 Remix: Helic\u00f3ptero, Cami\u00f3n de Bomberos y Submarino de Juguete, Set de 3 Juguetes de Veh\u00edculos Modulares Combinables y Minifiguras, Regalo para Ni\u00f1os y Ni\u00f1as de 7 A\u00f1os o M\u00e1s 60462<\/a><\/td>\n<td>52 \u20ac<\/td>\n<td>12 \u20ac<\/td>\n<\/tr>\n<tr>\n<td>MARKETPLACES<\/td>\n<td><a class=\"ljoptimizer\" href=\"https:\/\/www.amazon.es\/dp\/B006NU18A2?tag=amazon087683-21&amp;th=1\" target=\"_blank\" rel=\"nofollow noopener\">W WIDMANN MILANO Party Fashion &#8211; disfraz piloto, chaqueta, pantalones, sombrero, uniforme, compa\u00f1\u00eda a\u00e9rea, carnaval, fiesta tem\u00e1tica<\/a><\/td>\n<td>50 \u20ac<\/td>\n<td>12 \u20ac<\/td>\n<\/tr>\n<tr>\n<td>MARKETPLACES<\/td>\n<td><a class=\"ljoptimizer\" href=\"https:\/\/www.amazon.es\/dp\/B0CT8NX7X1?tag=amazon087683-21&amp;th=1\" target=\"_blank\" rel=\"nofollow noopener\">PlayStation, Ghost of Tsushima, Figura de acci\u00f3n de Jin Sakai Samurai de 6 Pulgadas y 2 Accesorios, colecci\u00f3n The Shapes para fan\u00e1ticos y coleccionistas de PS5 a Partir de 17 a\u00f1os<\/a><\/td>\n<td>42 \u20ac<\/td>\n<td>10 \u20ac<\/td>\n<\/tr>\n<tr>\n<td>MARKETPLACES<\/td>\n<td><a class=\"ljoptimizer\" href=\"https:\/\/www.amazon.es\/dp\/B0DQLCDVVD?tag=amazon087683-21&amp;th=1\" target=\"_blank\" rel=\"nofollow noopener\">Bitzee &#8211; Mascota Digital Jurassic World &#8211; Mascota Virtual con 25 Dinosaurios Que Reacciona al Tacto con Interacciones y Sonidos &#8211; Juguetes Ni\u00f1os 5 A\u00f1os + Dinosaurios Juguetes<\/a><\/td>\n<td>39 \u20ac<\/td>\n<td>9 \u20ac<\/td>\n<\/tr>\n<tr>\n<td>MARKETPLACES<\/td>\n<td><a class=\"ljoptimizer\" href=\"https:\/\/www.amazon.es\/dp\/B0DQLCDVVD?tag=amazon087683-21&amp;th=1\" target=\"_blank\" rel=\"nofollow noopener\">Bitzee &#8211; Mascota Digital Jurassic World &#8211; Mascota Virtual con 25 Dinosaurios Que Reacciona al Tacto con Interacciones y Sonidos &#8211; Juguetes Ni\u00f1os 5 A\u00f1os + Dinosaurios Juguetes<\/a><\/td>\n<td>39 \u20ac<\/td>\n<td>9 \u20ac<\/td>\n<\/tr>\n<tr>\n<td>MARKETPLACES<\/td>\n<td><a class=\"ljoptimizer\" href=\"https:\/\/www.amazon.es\/dp\/B0BY2SCK5L?tag=amazon087683-21&amp;th=1\" target=\"_blank\" rel=\"nofollow noopener\">Funko Pop Hakuna Matata Disney 100 Special Edition N\u00ba 1313. Personaje Hakuna Matata de El Rey Le\u00f3n por el 100 Aniversario de Disney, Pop en Vinyl<\/a><\/td>\n<td>39 \u20ac<\/td>\n<td>9 \u20ac<\/td>\n<\/tr>\n<tr>\n<td>MARKETPLACES<\/td>\n<td><a class=\"ljoptimizer\" href=\"https:\/\/www.amazon.es\/dp\/B0CN7C337X?tag=amazon087683-21&amp;th=1\" target=\"_blank\" rel=\"nofollow noopener\">Velmawig Morticia Addams &#8211; Disfraz de mujer adulta elegante g\u00f3tico vintage con hombros descubiertos para la familia Addams, disfraz de bruja, cosplay con accesorio de rosa para carnaval, tem\u00e1tica de<\/a><\/td>\n<td>37 \u20ac<\/td>\n<td>9 \u20ac<\/td>\n<\/tr>\n<tr>\n<td>MARKETPLACES<\/td>\n<td><a class=\"ljoptimizer\" href=\"https:\/\/www.amazon.es\/dp\/B0846JXJ3N?tag=amazon087683-21&amp;th=1\" target=\"_blank\" rel=\"nofollow noopener\">W WIDMANN MILANO Party Fashion &#8211; Traje de santo papa, cl\u00e9rigo, iglesia, carnaval<\/a><\/td>\n<td>37 \u20ac<\/td>\n<td>9 \u20ac<\/td>\n<\/tr>\n<tr>\n<td>MARKETPLACES<\/td>\n<td><a class=\"ljoptimizer\" href=\"https:\/\/www.amazon.es\/dp\/B08BX6JNFD?tag=amazon087683-21&amp;th=1\" target=\"_blank\" rel=\"nofollow noopener\">Spooktacular Creations Disfraz de Swat Unisex Unisex (medio (8-10 a\u00f1os))<\/a><\/td>\n<td>36 \u20ac<\/td>\n<td>8 \u20ac<\/td>\n<\/tr>\n<tr>\n<td>MARKETPLACES<\/td>\n<td><a class=\"ljoptimizer\" href=\"https:\/\/www.amazon.es\/dp\/B0CL7M548X?tag=amazon087683-21&amp;th=1\" target=\"_blank\" rel=\"nofollow noopener\">XCMVCN 12 Piezas Vestido A\u00f1os 20 Charleston V &#8211; Neck Lentejuelas con Borlas de Perlas Vestido, Charleston Dress Year con Accesorios de Ropa de Carnaval de Los A\u00f1os 20 (Negro + Oro,S)<\/a><\/td>\n<td>35 \u20ac<\/td>\n<td>8 \u20ac<\/td>\n<\/tr>\n<tr>\n<td>MARKETPLACES<\/td>\n<td><a class=\"ljoptimizer\" href=\"https:\/\/www.amazon.es\/dp\/B00X6AVG2M?tag=amazon087683-21&amp;th=1\" target=\"_blank\" rel=\"nofollow noopener\">Room Copenhagen-Caja expositora para 16 Minifiguras de Lego, Contenedor apilable para Pared o Escritorio, roja, Color Rojo, Grande 40660001<\/a><\/td>\n<td>30 \u20ac<\/td>\n<td>7 \u20ac<\/td>\n<\/tr>\n<tr>\n<td>MARKETPLACES<\/td>\n<td><a class=\"ljoptimizer\" href=\"https:\/\/www.amazon.es\/dp\/B0FDKT2QY6?tag=amazon087683-21&amp;th=1\" target=\"_blank\" rel=\"nofollow noopener\">Orvyna Kit de Batterie pour Enfants, Batterie Enfant Instrument 5 Tambours avec Tabouret, Batterie Enfant Instrument Percussions Jouet de Musique \u00e9Ducation Pr\u00e9Coce Cadeau de No\u00ebl Jouets pour 3-7 Ans<\/a><\/td>\n<td>29 \u20ac<\/td>\n<td>7 \u20ac<\/td>\n<\/tr>\n<tr>\n<td>MARKETPLACES<\/td>\n<td><a class=\"ljoptimizer\" href=\"https:\/\/www.amazon.es\/dp\/B000NNZ2UM?tag=amazon087683-21&amp;th=1\" target=\"_blank\" rel=\"nofollow noopener\">W WIDMANN MILANO Party Fashion &#8211; Disfraz hippie, flower power, carnaval, fiesta tem\u00e1tica<\/a><\/td>\n<td>29 \u20ac<\/td>\n<td>7 \u20ac<\/td>\n<\/tr>\n<tr>\n<td>MARKETPLACES<\/td>\n<td><a class=\"ljoptimizer\" href=\"https:\/\/www.amazon.es\/dp\/B0CSP8H16R?tag=amazon087683-21&amp;th=1\" target=\"_blank\" rel=\"nofollow noopener\">HEX BOTS &#8211; WALLCRAWLER GECKO: LAGARTO GECO TREPADOR DE PAREDES &#8211; Robot Control Remoto Recargable &#8211; 6070281 &#8211; Regalo ni\u00f1o 4 a\u00f1os + &#8211; Juguetes ni\u00f1os 4 A\u00f1os +<\/a><\/td>\n<td>28 \u20ac<\/td>\n<td>6 \u20ac<\/td>\n<\/tr>\n<tr>\n<td>MARKETPLACES<\/td>\n<td><a class=\"ljoptimizer\" href=\"https:\/\/www.amazon.es\/dp\/B07ZVV9L5R?tag=amazon087683-21&amp;th=1\" target=\"_blank\" rel=\"nofollow noopener\">OZBOZZ SV20004 Unicorn My First Scooter, Ruedas Blancas, Rosas y Azules<\/a><\/td>\n<td>26 \u20ac<\/td>\n<td>6 \u20ac<\/td>\n<\/tr>\n<tr>\n<td>MARKETPLACES<\/td>\n<td><a class=\"ljoptimizer\" href=\"https:\/\/www.amazon.es\/dp\/B0C5M2WHQZ?tag=amazon087683-21&amp;th=1\" target=\"_blank\" rel=\"nofollow noopener\">BANDAI-Tamagotchi Mascota Virtual Starry Shower 42970<\/a><\/td>\n<td>24 \u20ac<\/td>\n<td>6 \u20ac<\/td>\n<\/tr>\n<tr>\n<td>MARKETPLACES<\/td>\n<td><a class=\"ljoptimizer\" href=\"https:\/\/www.amazon.es\/dp\/B0F4472PT2?tag=amazon087683-21&amp;th=1\" target=\"_blank\" rel=\"nofollow noopener\">BANDAI, Tamagotchi Angel Mascota Virtual Angel Cake, Multicolor 46165 Juguete electr\u00f3nico para Mayores de 8 a\u00f1os Tu Mascota Electronica Favorita con nuevos Juegos y Personajes<\/a><\/td>\n<td>24 \u20ac<\/td>\n<td>6 \u20ac<\/td>\n<\/tr>\n<tr>\n<td>MARKETPLACES<\/td>\n<td><a class=\"ljoptimizer\" href=\"https:\/\/www.amazon.es\/dp\/B0DTJ2PD41?tag=amazon087683-21&amp;th=1\" target=\"_blank\" rel=\"nofollow noopener\">Animagic \u2013 Let\u2019s Glo CAPIBARA Spa Time \u2013 Juguete Interactivo y Sensorial Luminoso para Ni\u00f1os a partir de 4 A\u00f1os \u2013 Animal Flexible y Estirable: que Brilla en el Agua \u2013 Con Accesorios de Spa \u2013 Marr\u00f3n<\/a><\/td>\n<td>24 \u20ac<\/td>\n<td>6 \u20ac<\/td>\n<\/tr>\n<tr>\n<td>MARKETPLACES<\/td>\n<td><a class=\"ljoptimizer\" href=\"https:\/\/www.amazon.es\/dp\/B07FKP88XM?tag=amazon087683-21&amp;th=1\" target=\"_blank\" rel=\"nofollow noopener\">Rubies Disfraz Jirafa para adulto, Jumpsuit con capucha, One Piece, Unisex, Talla \u00fanica para Carnaval, Halloween, Fiestas, Despedidas<\/a><\/td>\n<td>24 \u20ac<\/td>\n<td>6 \u20ac<\/td>\n<\/tr>\n<tr>\n<td>MARKETPLACES<\/td>\n<td><a class=\"ljoptimizer\" href=\"https:\/\/www.amazon.es\/dp\/B0CGCPMHC7?tag=amazon087683-21&amp;th=1\" target=\"_blank\" rel=\"nofollow noopener\">Tacobear Disfraz Astronauta Ni\u00f1o L\u00e1ser Azul Disfraz Astronauta Casco Astronauta Guantes Disfraz Espacial para Fiesta Carnaval Halloween Cosplay 5 6 7 8 9 10 11 12 13 14 a\u00f1os (L(10-12a\u00f1os))<\/a><\/td>\n<td>24 \u20ac<\/td>\n<td>5 \u20ac<\/td>\n<\/tr>\n<tr>\n<td>MARKETPLACES<\/td>\n<td><a class=\"ljoptimizer\" href=\"https:\/\/www.amazon.es\/dp\/B00699R6W6?tag=amazon087683-21&amp;th=1\" target=\"_blank\" rel=\"nofollow noopener\">Reig Snaredrum mit Drumsticks und Gurt<\/a><\/td>\n<td>20 \u20ac<\/td>\n<td>5 \u20ac<\/td>\n<\/tr>\n<tr>\n<td>MARKETPLACES<\/td>\n<td><a class=\"ljoptimizer\" href=\"https:\/\/www.amazon.es\/dp\/B078T39649?tag=amazon087683-21&amp;th=1\" target=\"_blank\" rel=\"nofollow noopener\">Rubies Disfraz Leopardo para adulto, Talla \u00fanica, Jumpsuit con capucha y cola, Oficial Rubies, para Carnaval, Navidad, Cumplea\u00f1os, Fiestas y Halloween<\/a><\/td>\n<td>20 \u20ac<\/td>\n<td>5 \u20ac<\/td>\n<\/tr>\n<tr>\n<td>MARKETPLACES<\/td>\n<td><a class=\"ljoptimizer\" href=\"https:\/\/www.amazon.es\/dp\/B0F7HZFG24?tag=amazon087683-21&amp;th=1\" target=\"_blank\" rel=\"nofollow noopener\">Lexibook, Bluey, Proyector de Historias y Linterna Bluey, Azul y Amarillo, LTC050BY<\/a><\/td>\n<td>17 \u20ac<\/td>\n<td>4 \u20ac<\/td>\n<\/tr>\n<tr>\n<td>MARKETPLACES<\/td>\n<td><a class=\"ljoptimizer\" href=\"https:\/\/www.amazon.es\/dp\/B00X6AVG2M?tag=amazon087683-21&amp;th=1\" target=\"_blank\" rel=\"nofollow noopener\">Room Copenhagen-Caja expositora para 16 Minifiguras de Lego, Contenedor apilable para Pared o Escritorio, roja, Color Rojo, Grande 40660001<\/a><\/td>\n<td>16 \u20ac<\/td>\n<td>4 \u20ac<\/td>\n<\/tr>\n<tr>\n<td>MARKETPLACES<\/td>\n<td><a class=\"ljoptimizer\" href=\"https:\/\/www.amazon.es\/dp\/B01AIFT6MO?tag=amazon087683-21&amp;th=1\" target=\"_blank\" rel=\"nofollow noopener\">Nenuco &#8211; Mu\u00f1eco, Blandito 5 Funciones, Color Rosa (Famosa 700012664)<\/a><\/td>\n<td>15 \u20ac<\/td>\n<td>3 \u20ac<\/td>\n<\/tr>\n<tr>\n<td>MARKETPLACES<\/td>\n<td><a class=\"ljoptimizer\" href=\"https:\/\/www.amazon.es\/dp\/B0BFQ1C9TJ?tag=amazon087683-21&amp;th=1\" target=\"_blank\" rel=\"nofollow noopener\">Aomig &#8211; Disfraz de ninja para ni\u00f1o, juego de disfraces de ninja, para ni\u00f1os, soldado Ninjas, disfraces de Halloween y fiesta de fiesta (XL)<\/a><\/td>\n<td>15 \u20ac<\/td>\n<td>3 \u20ac<\/td>\n<\/tr>\n<tr>\n<td>MARKETPLACES<\/td>\n<td><a class=\"ljoptimizer\" href=\"https:\/\/www.amazon.es\/dp\/B084QJL8T5?tag=amazon087683-21&amp;th=1\" target=\"_blank\" rel=\"nofollow noopener\">Goula<\/a><\/td>\n<td>14 \u20ac<\/td>\n<td>3 \u20ac<\/td>\n<\/tr>\n<\/tbody>\n<\/table>\n","protected":false},"excerpt":{"rendered":"<p>Caja de Juguetes sin revisar procedente de devoluciones de marketplaces<\/p>\n<ul>\n<li>N\u00famero de productos: 28<\/li>\n<li>Valor aproximado: 844.00<\/li>\n<li>Porcentaje que se paga: 19% + IVA<\/li>\n<li>Tiempo de entrega estimado: 3 a 7 d\u00edas<\/li>\n<\/ul>\n<p>*Los precios incluyen IVA<\/p>\n","protected":false},"featured_media":172321,"template":"","meta":{"site-sidebar-layout":"default","site-content-layout":"","ast-site-content-layout":"default","site-content-style":"default","site-sidebar-style":"default","ast-global-header-display":"","ast-banner-title-visibility":"","ast-main-header-display":"","ast-hfb-above-header-display":"","ast-hfb-below-header-display":"","ast-hfb-mobile-header-display":"","site-post-title":"","ast-breadcrumbs-content":"","ast-featured-img":"","footer-sml-layout":"","ast-disable-related-posts":"","theme-transparent-header-meta":"default","adv-header-id-meta":"","stick-header-meta":"","header-above-stick-meta":"","header-main-stick-meta":"","header-below-stick-meta":"","astra-migrate-meta-layouts":"set","ast-page-background-enabled":"default","ast-page-background-meta":{"desktop":{"background-color":"var(--ast-global-color-4)","background-image":"","background-repeat":"repeat","background-position":"center center","background-size":"auto","background-attachment":"scroll","background-type":"","background-media":"","overlay-type":"","overlay-color":"","overlay-opacity":"","overlay-gradient":""},"tablet":{"background-color":"","background-image":"","background-repeat":"repeat","background-position":"center center","background-size":"auto","background-attachment":"scroll","background-type":"","background-media":"","overlay-type":"","overlay-color":"","overlay-opacity":"","overlay-gradient":""},"mobile":{"background-color":"","background-image":"","background-repeat":"repeat","background-position":"center center","background-size":"auto","background-attachment":"scroll","background-type":"","background-media":"","overlay-type":"","overlay-color":"","overlay-opacity":"","overlay-gradient":""}},"ast-content-background-meta":{"desktop":{"background-color":"var(--ast-global-color-5)","background-image":"","background-repeat":"repeat","background-position":"center center","background-size":"auto","background-attachment":"scroll","background-type":"","background-media":"","overlay-type":"","overlay-color":"","overlay-opacity":"","overlay-gradient":""},"tablet":{"background-color":"var(--ast-global-color-5)","background-image":"","background-repeat":"repeat","background-position":"center center","background-size":"auto","background-attachment":"scroll","background-type":"","background-media":"","overlay-type":"","overlay-color":"","overlay-opacity":"","overlay-gradient":""},"mobile":{"background-color":"var(--ast-global-color-5)","background-image":"","background-repeat":"repeat","background-position":"center center","background-size":"auto","background-attachment":"scroll","background-type":"","background-media":"","overlay-type":"","overlay-color":"","overlay-opacity":"","overlay-gradient":""}}},"product_brand":[],"product_cat":[49,45],"product_tag":[],"class_list":{"0":"post-172278","1":"product","2":"type-product","3":"status-publish","4":"has-post-thumbnail","6":"product_cat-cajas","7":"product_cat-juguetes","8":"product_shipping_class-caja","9":"desktop-align-left","10":"tablet-align-left","11":"mobile-align-left","13":"first","14":"instock","15":"sale","16":"downloadable","17":"taxable","18":"shipping-taxable","19":"purchasable","20":"product-type-simple"},"yoast_head":"<!-- This site is optimized with the Yoast SEO plugin v27.2 - https:\/\/yoast.com\/product\/yoast-seo-wordpress\/ -->\n<title>Caja de Juguetes [28 productos] (spN00I7jI32) - Comprardevoluciones - Tu tienda de Devoluciones de Amazon<\/title>\n<meta name=\"robots\" content=\"noindex, follow\" \/>\n<meta property=\"og:locale\" content=\"en_US\" \/>\n<meta property=\"og:type\" content=\"article\" \/>\n<meta property=\"og:title\" content=\"Caja de Juguetes [28 productos] (spN00I7jI32) - Comprardevoluciones - Tu tienda de Devoluciones de Amazon\" \/>\n<meta property=\"og:description\" content=\"Caja de Juguetes sin revisar procedente de devoluciones de marketplaces   N\u00famero de productos: 28  Valor aproximado: 844.00  Porcentaje que se paga: 19% + IVA  Tiempo de entrega estimado: 3 a 7 d\u00edas  *Los precios incluyen IVA\" \/>\n<meta property=\"og:url\" content=\"https:\/\/comprardevoluciones.com\/producto\/spn00i7ji32\/\" \/>\n<meta property=\"og:site_name\" content=\"Comprardevoluciones - Tu tienda de Devoluciones de Amazon\" \/>\n<meta property=\"og:image\" content=\"https:\/\/comprardevoluciones.com\/wp-content\/uploads\/2026\/03\/spN00I7jI32.jpg\" \/>\n\t<meta property=\"og:image:width\" content=\"700\" \/>\n\t<meta property=\"og:image:height\" content=\"700\" \/>\n\t<meta property=\"og:image:type\" content=\"image\/jpeg\" \/>\n<meta name=\"twitter:card\" content=\"summary_large_image\" \/>\n<meta name=\"twitter:label1\" content=\"Est. reading time\" \/>\n\t<meta name=\"twitter:data1\" content=\"4 minutes\" \/>\n<script type=\"application\/ld+json\" class=\"yoast-schema-graph\">{\"@context\":\"https:\/\/schema.org\",\"@graph\":[{\"@type\":\"WebPage\",\"@id\":\"https:\/\/comprardevoluciones.com\/producto\/spn00i7ji32\/\",\"url\":\"https:\/\/comprardevoluciones.com\/producto\/spn00i7ji32\/\",\"name\":\"Caja de Juguetes [28 productos] (spN00I7jI32) - Comprardevoluciones - Tu tienda de Devoluciones de Amazon\",\"isPartOf\":{\"@id\":\"https:\/\/comprardevoluciones.com\/#website\"},\"primaryImageOfPage\":{\"@id\":\"https:\/\/comprardevoluciones.com\/producto\/spn00i7ji32\/#primaryimage\"},\"image\":{\"@id\":\"https:\/\/comprardevoluciones.com\/producto\/spn00i7ji32\/#primaryimage\"},\"thumbnailUrl\":\"https:\/\/comprardevoluciones.com\/wp-content\/uploads\/2026\/03\/spN00I7jI32.jpg\",\"datePublished\":\"2026-03-25T10:00:21+00:00\",\"breadcrumb\":{\"@id\":\"https:\/\/comprardevoluciones.com\/producto\/spn00i7ji32\/#breadcrumb\"},\"inLanguage\":\"en-US\",\"potentialAction\":[{\"@type\":\"ReadAction\",\"target\":[\"https:\/\/comprardevoluciones.com\/producto\/spn00i7ji32\/\"]}]},{\"@type\":\"ImageObject\",\"inLanguage\":\"en-US\",\"@id\":\"https:\/\/comprardevoluciones.com\/producto\/spn00i7ji32\/#primaryimage\",\"url\":\"https:\/\/comprardevoluciones.com\/wp-content\/uploads\/2026\/03\/spN00I7jI32.jpg\",\"contentUrl\":\"https:\/\/comprardevoluciones.com\/wp-content\/uploads\/2026\/03\/spN00I7jI32.jpg\",\"width\":700,\"height\":700},{\"@type\":\"BreadcrumbList\",\"@id\":\"https:\/\/comprardevoluciones.com\/producto\/spn00i7ji32\/#breadcrumb\",\"itemListElement\":[{\"@type\":\"ListItem\",\"position\":1,\"name\":\"Portada\",\"item\":\"https:\/\/comprardevoluciones.com\/en\/\"},{\"@type\":\"ListItem\",\"position\":2,\"name\":\"Shop\",\"item\":\"https:\/\/comprardevoluciones.com\/en\/shop\/\"},{\"@type\":\"ListItem\",\"position\":3,\"name\":\"Caja de Juguetes [28 productos] (spN00I7jI32)\"}]},{\"@type\":\"WebSite\",\"@id\":\"https:\/\/comprardevoluciones.com\/#website\",\"url\":\"https:\/\/comprardevoluciones.com\/\",\"name\":\"Comprardevoluciones - Tu tienda de Devoluciones de Amazon\",\"description\":\"Consigue Stock en buen estado a un precio imbatible\",\"potentialAction\":[{\"@type\":\"SearchAction\",\"target\":{\"@type\":\"EntryPoint\",\"urlTemplate\":\"https:\/\/comprardevoluciones.com\/?s={search_term_string}\"},\"query-input\":{\"@type\":\"PropertyValueSpecification\",\"valueRequired\":true,\"valueName\":\"search_term_string\"}}],\"inLanguage\":\"en-US\"}]}<\/script>\n<!-- \/ Yoast SEO plugin. -->","yoast_head_json":{"title":"Caja de Juguetes [28 productos] (spN00I7jI32) - Comprardevoluciones - Tu tienda de Devoluciones de Amazon","robots":{"index":"noindex","follow":"follow"},"og_locale":"en_US","og_type":"article","og_title":"Caja de Juguetes [28 productos] (spN00I7jI32) - Comprardevoluciones - Tu tienda de Devoluciones de Amazon","og_description":"Caja de Juguetes sin revisar procedente de devoluciones de marketplaces   N\u00famero de productos: 28  Valor aproximado: 844.00  Porcentaje que se paga: 19% + IVA  Tiempo de entrega estimado: 3 a 7 d\u00edas  *Los precios incluyen IVA","og_url":"https:\/\/comprardevoluciones.com\/producto\/spn00i7ji32\/","og_site_name":"Comprardevoluciones - Tu tienda de Devoluciones de Amazon","og_image":[{"width":700,"height":700,"url":"https:\/\/comprardevoluciones.com\/wp-content\/uploads\/2026\/03\/spN00I7jI32.jpg","type":"image\/jpeg"}],"twitter_card":"summary_large_image","twitter_misc":{"Est. reading time":"4 minutes"},"schema":{"@context":"https:\/\/schema.org","@graph":[{"@type":"WebPage","@id":"https:\/\/comprardevoluciones.com\/producto\/spn00i7ji32\/","url":"https:\/\/comprardevoluciones.com\/producto\/spn00i7ji32\/","name":"Caja de Juguetes [28 productos] (spN00I7jI32) - Comprardevoluciones - Tu tienda de Devoluciones de Amazon","isPartOf":{"@id":"https:\/\/comprardevoluciones.com\/#website"},"primaryImageOfPage":{"@id":"https:\/\/comprardevoluciones.com\/producto\/spn00i7ji32\/#primaryimage"},"image":{"@id":"https:\/\/comprardevoluciones.com\/producto\/spn00i7ji32\/#primaryimage"},"thumbnailUrl":"https:\/\/comprardevoluciones.com\/wp-content\/uploads\/2026\/03\/spN00I7jI32.jpg","datePublished":"2026-03-25T10:00:21+00:00","breadcrumb":{"@id":"https:\/\/comprardevoluciones.com\/producto\/spn00i7ji32\/#breadcrumb"},"inLanguage":"en-US","potentialAction":[{"@type":"ReadAction","target":["https:\/\/comprardevoluciones.com\/producto\/spn00i7ji32\/"]}]},{"@type":"ImageObject","inLanguage":"en-US","@id":"https:\/\/comprardevoluciones.com\/producto\/spn00i7ji32\/#primaryimage","url":"https:\/\/comprardevoluciones.com\/wp-content\/uploads\/2026\/03\/spN00I7jI32.jpg","contentUrl":"https:\/\/comprardevoluciones.com\/wp-content\/uploads\/2026\/03\/spN00I7jI32.jpg","width":700,"height":700},{"@type":"BreadcrumbList","@id":"https:\/\/comprardevoluciones.com\/producto\/spn00i7ji32\/#breadcrumb","itemListElement":[{"@type":"ListItem","position":1,"name":"Portada","item":"https:\/\/comprardevoluciones.com\/en\/"},{"@type":"ListItem","position":2,"name":"Shop","item":"https:\/\/comprardevoluciones.com\/en\/shop\/"},{"@type":"ListItem","position":3,"name":"Caja de Juguetes [28 productos] (spN00I7jI32)"}]},{"@type":"WebSite","@id":"https:\/\/comprardevoluciones.com\/#website","url":"https:\/\/comprardevoluciones.com\/","name":"Comprardevoluciones - Tu tienda de Devoluciones de Amazon","description":"Consigue Stock en buen estado a un precio imbatible","potentialAction":[{"@type":"SearchAction","target":{"@type":"EntryPoint","urlTemplate":"https:\/\/comprardevoluciones.com\/?s={search_term_string}"},"query-input":{"@type":"PropertyValueSpecification","valueRequired":true,"valueName":"search_term_string"}}],"inLanguage":"en-US"}]}},"_links":{"self":[{"href":"https:\/\/comprardevoluciones.com\/en\/wp-json\/wp\/v2\/product\/172278","targetHints":{"allow":["GET"]}}],"collection":[{"href":"https:\/\/comprardevoluciones.com\/en\/wp-json\/wp\/v2\/product"}],"about":[{"href":"https:\/\/comprardevoluciones.com\/en\/wp-json\/wp\/v2\/types\/product"}],"wp:featuredmedia":[{"embeddable":true,"href":"https:\/\/comprardevoluciones.com\/en\/wp-json\/wp\/v2\/media\/172321"}],"wp:attachment":[{"href":"https:\/\/comprardevoluciones.com\/en\/wp-json\/wp\/v2\/media?parent=172278"}],"wp:term":[{"taxonomy":"product_brand","embeddable":true,"href":"https:\/\/comprardevoluciones.com\/en\/wp-json\/wp\/v2\/product_brand?post=172278"},{"taxonomy":"product_cat","embeddable":true,"href":"https:\/\/comprardevoluciones.com\/en\/wp-json\/wp\/v2\/product_cat?post=172278"},{"taxonomy":"product_tag","embeddable":true,"href":"https:\/\/comprardevoluciones.com\/en\/wp-json\/wp\/v2\/product_tag?post=172278"}],"curies":[{"name":"wp","href":"https:\/\/api.w.org\/{rel}","templated":true}]}}