{"id":173853,"date":"2026-04-10T10:00:05","date_gmt":"2026-04-10T09:00:05","guid":{"rendered":"https:\/\/comprardevoluciones.com\/?post_type=product&#038;p=173853"},"modified":"2026-04-10T11:23:58","modified_gmt":"2026-04-10T10:23:58","slug":"spn00i7jiil","status":"publish","type":"product","link":"https:\/\/comprardevoluciones.com\/en\/producto\/spn00i7jiil\/","title":{"rendered":"Caja de Electrodom\u00e9sticos [9 productos] (spN00I7jIil)"},"content":{"rendered":"<p>Descripci\u00f3n y valor aproximados<\/p>\n<table>\n<tbody>\n<tr>\n<td><strong>FUENTE<\/strong><\/td>\n<td><strong>PRODUCTO<\/strong><\/td>\n<td><strong>VALOR (\u20ac)<\/strong><\/td>\n<td><strong>PAGAS (\u20ac)<\/strong><\/td>\n<\/tr>\n<tr>\n<td>MARKETPLACES<\/td>\n<td><a class=\"ljoptimizer\" href=\"https:\/\/www.amazon.es\/dp\/B0DLB71879?tag=amazon087683-21&amp;th=1\" target=\"_blank\" rel=\"nofollow noopener\">Ufesa Sienna Cafetera Espresso y Capuccino, Presi\u00f3n 20 Bares, Panel T\u00e1ctil Digital, 1360W, Vaporizador Orientable, 0.9L, 1 o 2 Caf\u00e9s, Funci\u00f3n Calienta Tazas, Sistema Thermoblock, Inox<\/a><\/td>\n<td>96 \u20ac<\/td>\n<td>24 \u20ac<\/td>\n<\/tr>\n<tr>\n<td>MARKETPLACES<\/td>\n<td><a class=\"ljoptimizer\" href=\"https:\/\/www.amazon.es\/dp\/B0CN9CB4PN?tag=amazon087683-21&amp;th=1\" target=\"_blank\" rel=\"nofollow noopener\">Ufesa Varese Cafetera Compacta Espresso y Capuccino, 1050W, Vaporizador Orientable, 20 Bares, 1 o 2 Caf\u00e9s, Dep\u00f3sito 1.5L, Funci\u00f3n Calienta Tazas<\/a><\/td>\n<td>80 \u20ac<\/td>\n<td>20 \u20ac<\/td>\n<\/tr>\n<tr>\n<td>MARKETPLACES<\/td>\n<td><a class=\"ljoptimizer\" href=\"https:\/\/www.amazon.es\/dp\/B0BFBQ4W4Y?tag=amazon087683-21&amp;th=1\" target=\"_blank\" rel=\"nofollow noopener\">Cecotec Parrilla El\u00e9ctrica Rock\u2019nGrill 2000 Stone Ceramic Mix&amp;Grill. 2000 W, Grill, Parrilla, Plancha y Sandwichera, Revestimiento Cer\u00e1mico, Superfie Mixta, Apertura 180\u00ba, Cajet\u00edn Recogegrasas<\/a><\/td>\n<td>53 \u20ac<\/td>\n<td>13 \u20ac<\/td>\n<\/tr>\n<tr>\n<td>MARKETPLACES<\/td>\n<td><a class=\"ljoptimizer\" href=\"https:\/\/www.amazon.es\/dp\/B01N5XJGCF?tag=amazon087683-21&amp;th=1\" target=\"_blank\" rel=\"nofollow noopener\">SEVERIN Batidora de vaso de trit\u00e1n, batidora picadora con 2 velocidades y pulsaci\u00f3n adicional, batidora el\u00e9ctrica con cuchillas de acero inoxidable, 600 W, 1,5 L, negro, SM 3707<\/a><\/td>\n<td>41 \u20ac<\/td>\n<td>10 \u20ac<\/td>\n<\/tr>\n<tr>\n<td>MARKETPLACES<\/td>\n<td><a class=\"ljoptimizer\" href=\"https:\/\/www.amazon.es\/dp\/B0BPZWHVYY?tag=amazon087683-21&amp;th=1\" target=\"_blank\" rel=\"nofollow noopener\">Cecotec Batidora de Vaso Individual Power Titanium 650 EasyGo Inox. 650W, Cuchilla 4 hojas con Recubrimiento de Titanio Negro, Incluye 2 Tubos Refrigeradores y 2 Vasos Resistentes de 600ml<\/a><\/td>\n<td>36 \u20ac<\/td>\n<td>9 \u20ac<\/td>\n<\/tr>\n<tr>\n<td>MARKETPLACES<\/td>\n<td><a class=\"ljoptimizer\" href=\"https:\/\/www.amazon.es\/dp\/B0BPZTDPGH?tag=amazon087683-21&amp;th=1\" target=\"_blank\" rel=\"nofollow noopener\">Cecotec M\u00e1quina de Palomitas El\u00e9ctrica Fun&amp;Taste P&#8217;Corn Easy. Palomitero, 1200 W, Sistema de Inyecci\u00f3n de Aire, Taz\u00f3n Extra\u00edble, Tapa Antiadherente y Extra\u00edble, Dise\u00f1o Compacto<\/a><\/td>\n<td>30 \u20ac<\/td>\n<td>7 \u20ac<\/td>\n<\/tr>\n<tr>\n<td>MARKETPLACES<\/td>\n<td><a class=\"ljoptimizer\" href=\"https:\/\/www.amazon.es\/dp\/B07MJB3747?tag=amazon087683-21&amp;th=1\" target=\"_blank\" rel=\"nofollow noopener\">Cecotec Batidora de Mano PowerGear 1500 XL. 1500 W, 21 Velocidades + Turbo, Acero Inox\/Silicona, Brazo XL, Cuchilla de 4 hojas, Recubrimiento de Titanio, Engranaje de Metal, Incluye Vaso con Tapa<\/a><\/td>\n<td>30 \u20ac<\/td>\n<td>7 \u20ac<\/td>\n<\/tr>\n<tr>\n<td>MARKETPLACES<\/td>\n<td><a class=\"ljoptimizer\" href=\"https:\/\/www.amazon.es\/dp\/B0D6LDGR4X?tag=amazon087683-21&amp;th=1\" target=\"_blank\" rel=\"nofollow noopener\">BYbrutek Lonchera el\u00e9ctrica de 100 W, 1,5 L, acero inoxidable extra\u00edble, 3 en 1, lonchera port\u00e1til con calefacci\u00f3n, 12 V\/24 V\/220 V, caja de calor aislada para coche\/cami\u00f3n\/oficina\/hogar (azul, 1,5 L)<\/a><\/td>\n<td>26 \u20ac<\/td>\n<td>6 \u20ac<\/td>\n<\/tr>\n<tr>\n<td>MARKETPLACES<\/td>\n<td><a class=\"ljoptimizer\" href=\"https:\/\/www.amazon.es\/dp\/B0FBWZBDRZ?tag=amazon087683-21&amp;th=1\" target=\"_blank\" rel=\"nofollow noopener\">Plancha Vertical Vapor 2 en 1-Vaporizador de Mano para Ropa y Plancha Ropa, Plancha Ligera de Viaje de 1200 W (0,8 kg) -3 Modos de Vapor, Dep\u00f3sito de 165 ml y Pantalla LED &#8211; Ideal para Casa Accesori<\/a><\/td>\n<td>21 \u20ac<\/td>\n<td>5 \u20ac<\/td>\n<\/tr>\n<\/tbody>\n<\/table>\n","protected":false},"excerpt":{"rendered":"<p>Caja de Electrodom\u00e9sticos sin revisar procedente de devoluciones de marketplaces<\/p>\n<ul>\n<li>N\u00famero de productos: 9<\/li>\n<li>Valor aproximado: 413.00<\/li>\n<li>Porcentaje que se paga: 21% + IVA<\/li>\n<li>Tiempo de entrega estimado: 3 a 7 d\u00edas<\/li>\n<\/ul>\n<p>*Los precios incluyen IVA<\/p>\n","protected":false},"featured_media":173308,"template":"","meta":{"site-sidebar-layout":"default","site-content-layout":"","ast-site-content-layout":"default","site-content-style":"default","site-sidebar-style":"default","ast-global-header-display":"","ast-banner-title-visibility":"","ast-main-header-display":"","ast-hfb-above-header-display":"","ast-hfb-below-header-display":"","ast-hfb-mobile-header-display":"","site-post-title":"","ast-breadcrumbs-content":"","ast-featured-img":"","footer-sml-layout":"","ast-disable-related-posts":"","theme-transparent-header-meta":"default","adv-header-id-meta":"","stick-header-meta":"","header-above-stick-meta":"","header-main-stick-meta":"","header-below-stick-meta":"","astra-migrate-meta-layouts":"set","ast-page-background-enabled":"default","ast-page-background-meta":{"desktop":{"background-color":"var(--ast-global-color-4)","background-image":"","background-repeat":"repeat","background-position":"center center","background-size":"auto","background-attachment":"scroll","background-type":"","background-media":"","overlay-type":"","overlay-color":"","overlay-opacity":"","overlay-gradient":""},"tablet":{"background-color":"","background-image":"","background-repeat":"repeat","background-position":"center center","background-size":"auto","background-attachment":"scroll","background-type":"","background-media":"","overlay-type":"","overlay-color":"","overlay-opacity":"","overlay-gradient":""},"mobile":{"background-color":"","background-image":"","background-repeat":"repeat","background-position":"center center","background-size":"auto","background-attachment":"scroll","background-type":"","background-media":"","overlay-type":"","overlay-color":"","overlay-opacity":"","overlay-gradient":""}},"ast-content-background-meta":{"desktop":{"background-color":"var(--ast-global-color-5)","background-image":"","background-repeat":"repeat","background-position":"center center","background-size":"auto","background-attachment":"scroll","background-type":"","background-media":"","overlay-type":"","overlay-color":"","overlay-opacity":"","overlay-gradient":""},"tablet":{"background-color":"var(--ast-global-color-5)","background-image":"","background-repeat":"repeat","background-position":"center center","background-size":"auto","background-attachment":"scroll","background-type":"","background-media":"","overlay-type":"","overlay-color":"","overlay-opacity":"","overlay-gradient":""},"mobile":{"background-color":"var(--ast-global-color-5)","background-image":"","background-repeat":"repeat","background-position":"center center","background-size":"auto","background-attachment":"scroll","background-type":"","background-media":"","overlay-type":"","overlay-color":"","overlay-opacity":"","overlay-gradient":""}}},"product_brand":[],"product_cat":[49,51],"product_tag":[],"class_list":{"0":"post-173853","1":"product","2":"type-product","3":"status-publish","4":"has-post-thumbnail","6":"product_cat-cajas","7":"product_cat-electrodomesticos","8":"product_shipping_class-caja","9":"desktop-align-left","10":"tablet-align-left","11":"mobile-align-left","13":"first","14":"outofstock","15":"sale","16":"downloadable","17":"taxable","18":"shipping-taxable","19":"purchasable","20":"product-type-simple"},"yoast_head":"<!-- This site is optimized with the Yoast SEO plugin v27.2 - https:\/\/yoast.com\/product\/yoast-seo-wordpress\/ -->\n<title>Caja de Electrodom\u00e9sticos [9 productos] (spN00I7jIil) - Comprardevoluciones - Tu tienda de Devoluciones de Amazon<\/title>\n<meta name=\"robots\" content=\"noindex, follow\" \/>\n<meta property=\"og:locale\" content=\"en_US\" \/>\n<meta property=\"og:type\" content=\"article\" \/>\n<meta property=\"og:title\" content=\"Caja de Electrodom\u00e9sticos [9 productos] (spN00I7jIil) - Comprardevoluciones - Tu tienda de Devoluciones de Amazon\" \/>\n<meta property=\"og:description\" content=\"Caja de Electrodom\u00e9sticos sin revisar procedente de devoluciones de marketplaces   N\u00famero de productos: 9  Valor aproximado: 413.00  Porcentaje que se paga: 21% + IVA  Tiempo de entrega estimado: 3 a 7 d\u00edas  *Los precios incluyen IVA\" \/>\n<meta property=\"og:url\" content=\"https:\/\/comprardevoluciones.com\/producto\/spn00i7jiil\/\" \/>\n<meta property=\"og:site_name\" content=\"Comprardevoluciones - Tu tienda de Devoluciones de Amazon\" \/>\n<meta property=\"article:modified_time\" content=\"2026-04-10T10:23:58+00:00\" \/>\n<meta property=\"og:image\" content=\"https:\/\/comprardevoluciones.com\/wp-content\/uploads\/2026\/03\/spN00I7jIil.jpg\" \/>\n\t<meta property=\"og:image:width\" content=\"700\" \/>\n\t<meta property=\"og:image:height\" content=\"700\" \/>\n\t<meta property=\"og:image:type\" content=\"image\/jpeg\" \/>\n<meta name=\"twitter:card\" content=\"summary_large_image\" \/>\n<meta name=\"twitter:label1\" content=\"Est. reading time\" \/>\n\t<meta name=\"twitter:data1\" content=\"2 minutes\" \/>\n<script type=\"application\/ld+json\" class=\"yoast-schema-graph\">{\"@context\":\"https:\/\/schema.org\",\"@graph\":[{\"@type\":\"WebPage\",\"@id\":\"https:\/\/comprardevoluciones.com\/producto\/spn00i7jiil\/\",\"url\":\"https:\/\/comprardevoluciones.com\/producto\/spn00i7jiil\/\",\"name\":\"Caja de Electrodom\u00e9sticos [9 productos] (spN00I7jIil) - Comprardevoluciones - Tu tienda de Devoluciones de Amazon\",\"isPartOf\":{\"@id\":\"https:\/\/comprardevoluciones.com\/#website\"},\"primaryImageOfPage\":{\"@id\":\"https:\/\/comprardevoluciones.com\/producto\/spn00i7jiil\/#primaryimage\"},\"image\":{\"@id\":\"https:\/\/comprardevoluciones.com\/producto\/spn00i7jiil\/#primaryimage\"},\"thumbnailUrl\":\"https:\/\/comprardevoluciones.com\/wp-content\/uploads\/2026\/03\/spN00I7jIil.jpg\",\"datePublished\":\"2026-04-10T09:00:05+00:00\",\"dateModified\":\"2026-04-10T10:23:58+00:00\",\"breadcrumb\":{\"@id\":\"https:\/\/comprardevoluciones.com\/producto\/spn00i7jiil\/#breadcrumb\"},\"inLanguage\":\"en-US\",\"potentialAction\":[{\"@type\":\"ReadAction\",\"target\":[\"https:\/\/comprardevoluciones.com\/producto\/spn00i7jiil\/\"]}]},{\"@type\":\"ImageObject\",\"inLanguage\":\"en-US\",\"@id\":\"https:\/\/comprardevoluciones.com\/producto\/spn00i7jiil\/#primaryimage\",\"url\":\"https:\/\/comprardevoluciones.com\/wp-content\/uploads\/2026\/03\/spN00I7jIil.jpg\",\"contentUrl\":\"https:\/\/comprardevoluciones.com\/wp-content\/uploads\/2026\/03\/spN00I7jIil.jpg\",\"width\":700,\"height\":700},{\"@type\":\"BreadcrumbList\",\"@id\":\"https:\/\/comprardevoluciones.com\/producto\/spn00i7jiil\/#breadcrumb\",\"itemListElement\":[{\"@type\":\"ListItem\",\"position\":1,\"name\":\"Portada\",\"item\":\"https:\/\/comprardevoluciones.com\/en\/\"},{\"@type\":\"ListItem\",\"position\":2,\"name\":\"Shop\",\"item\":\"https:\/\/comprardevoluciones.com\/en\/shop\/\"},{\"@type\":\"ListItem\",\"position\":3,\"name\":\"Caja de Electrodom\u00e9sticos [9 productos] (spN00I7jIil)\"}]},{\"@type\":\"WebSite\",\"@id\":\"https:\/\/comprardevoluciones.com\/#website\",\"url\":\"https:\/\/comprardevoluciones.com\/\",\"name\":\"Comprardevoluciones - Tu tienda de Devoluciones de Amazon\",\"description\":\"Consigue Stock en buen estado a un precio imbatible\",\"potentialAction\":[{\"@type\":\"SearchAction\",\"target\":{\"@type\":\"EntryPoint\",\"urlTemplate\":\"https:\/\/comprardevoluciones.com\/?s={search_term_string}\"},\"query-input\":{\"@type\":\"PropertyValueSpecification\",\"valueRequired\":true,\"valueName\":\"search_term_string\"}}],\"inLanguage\":\"en-US\"}]}<\/script>\n<!-- \/ Yoast SEO plugin. -->","yoast_head_json":{"title":"Caja de Electrodom\u00e9sticos [9 productos] (spN00I7jIil) - Comprardevoluciones - Tu tienda de Devoluciones de Amazon","robots":{"index":"noindex","follow":"follow"},"og_locale":"en_US","og_type":"article","og_title":"Caja de Electrodom\u00e9sticos [9 productos] (spN00I7jIil) - Comprardevoluciones - Tu tienda de Devoluciones de Amazon","og_description":"Caja de Electrodom\u00e9sticos sin revisar procedente de devoluciones de marketplaces   N\u00famero de productos: 9  Valor aproximado: 413.00  Porcentaje que se paga: 21% + IVA  Tiempo de entrega estimado: 3 a 7 d\u00edas  *Los precios incluyen IVA","og_url":"https:\/\/comprardevoluciones.com\/producto\/spn00i7jiil\/","og_site_name":"Comprardevoluciones - Tu tienda de Devoluciones de Amazon","article_modified_time":"2026-04-10T10:23:58+00:00","og_image":[{"width":700,"height":700,"url":"https:\/\/comprardevoluciones.com\/wp-content\/uploads\/2026\/03\/spN00I7jIil.jpg","type":"image\/jpeg"}],"twitter_card":"summary_large_image","twitter_misc":{"Est. reading time":"2 minutes"},"schema":{"@context":"https:\/\/schema.org","@graph":[{"@type":"WebPage","@id":"https:\/\/comprardevoluciones.com\/producto\/spn00i7jiil\/","url":"https:\/\/comprardevoluciones.com\/producto\/spn00i7jiil\/","name":"Caja de Electrodom\u00e9sticos [9 productos] (spN00I7jIil) - Comprardevoluciones - Tu tienda de Devoluciones de Amazon","isPartOf":{"@id":"https:\/\/comprardevoluciones.com\/#website"},"primaryImageOfPage":{"@id":"https:\/\/comprardevoluciones.com\/producto\/spn00i7jiil\/#primaryimage"},"image":{"@id":"https:\/\/comprardevoluciones.com\/producto\/spn00i7jiil\/#primaryimage"},"thumbnailUrl":"https:\/\/comprardevoluciones.com\/wp-content\/uploads\/2026\/03\/spN00I7jIil.jpg","datePublished":"2026-04-10T09:00:05+00:00","dateModified":"2026-04-10T10:23:58+00:00","breadcrumb":{"@id":"https:\/\/comprardevoluciones.com\/producto\/spn00i7jiil\/#breadcrumb"},"inLanguage":"en-US","potentialAction":[{"@type":"ReadAction","target":["https:\/\/comprardevoluciones.com\/producto\/spn00i7jiil\/"]}]},{"@type":"ImageObject","inLanguage":"en-US","@id":"https:\/\/comprardevoluciones.com\/producto\/spn00i7jiil\/#primaryimage","url":"https:\/\/comprardevoluciones.com\/wp-content\/uploads\/2026\/03\/spN00I7jIil.jpg","contentUrl":"https:\/\/comprardevoluciones.com\/wp-content\/uploads\/2026\/03\/spN00I7jIil.jpg","width":700,"height":700},{"@type":"BreadcrumbList","@id":"https:\/\/comprardevoluciones.com\/producto\/spn00i7jiil\/#breadcrumb","itemListElement":[{"@type":"ListItem","position":1,"name":"Portada","item":"https:\/\/comprardevoluciones.com\/en\/"},{"@type":"ListItem","position":2,"name":"Shop","item":"https:\/\/comprardevoluciones.com\/en\/shop\/"},{"@type":"ListItem","position":3,"name":"Caja de Electrodom\u00e9sticos [9 productos] (spN00I7jIil)"}]},{"@type":"WebSite","@id":"https:\/\/comprardevoluciones.com\/#website","url":"https:\/\/comprardevoluciones.com\/","name":"Comprardevoluciones - Tu tienda de Devoluciones de Amazon","description":"Consigue Stock en buen estado a un precio imbatible","potentialAction":[{"@type":"SearchAction","target":{"@type":"EntryPoint","urlTemplate":"https:\/\/comprardevoluciones.com\/?s={search_term_string}"},"query-input":{"@type":"PropertyValueSpecification","valueRequired":true,"valueName":"search_term_string"}}],"inLanguage":"en-US"}]}},"_links":{"self":[{"href":"https:\/\/comprardevoluciones.com\/en\/wp-json\/wp\/v2\/product\/173853","targetHints":{"allow":["GET"]}}],"collection":[{"href":"https:\/\/comprardevoluciones.com\/en\/wp-json\/wp\/v2\/product"}],"about":[{"href":"https:\/\/comprardevoluciones.com\/en\/wp-json\/wp\/v2\/types\/product"}],"wp:featuredmedia":[{"embeddable":true,"href":"https:\/\/comprardevoluciones.com\/en\/wp-json\/wp\/v2\/media\/173308"}],"wp:attachment":[{"href":"https:\/\/comprardevoluciones.com\/en\/wp-json\/wp\/v2\/media?parent=173853"}],"wp:term":[{"taxonomy":"product_brand","embeddable":true,"href":"https:\/\/comprardevoluciones.com\/en\/wp-json\/wp\/v2\/product_brand?post=173853"},{"taxonomy":"product_cat","embeddable":true,"href":"https:\/\/comprardevoluciones.com\/en\/wp-json\/wp\/v2\/product_cat?post=173853"},{"taxonomy":"product_tag","embeddable":true,"href":"https:\/\/comprardevoluciones.com\/en\/wp-json\/wp\/v2\/product_tag?post=173853"}],"curies":[{"name":"wp","href":"https:\/\/api.w.org\/{rel}","templated":true}]}}