{"id":176851,"date":"2026-04-13T10:00:41","date_gmt":"2026-04-13T09:00:41","guid":{"rendered":"https:\/\/comprardevoluciones.com\/?post_type=product&#038;p=176851"},"modified":"2026-04-13T10:21:23","modified_gmt":"2026-04-13T09:21:23","slug":"10224932","status":"publish","type":"product","link":"https:\/\/comprardevoluciones.com\/en\/producto\/10224932\/","title":{"rendered":"Pal\u00e9 de Beb\u00e9 [25 productos] (10224932)"},"content":{"rendered":"<p>Descripci\u00f3n y valor aproximados<\/p>\n<table>\n<tbody>\n<tr>\n<td><strong>FUENTE<\/strong><\/td>\n<td><strong>PRODUCTO<\/strong><\/td>\n<td><strong>VALOR (\u20ac)<\/strong><\/td>\n<td><strong>PAGAS (\u20ac)<\/strong><\/td>\n<\/tr>\n<tr>\n<td>MARKETPLACES<\/td>\n<td><a class=\"ljoptimizer\" href=\"https:\/\/www.amazon.es\/dp\/B0FL7K9C7B?tag=amazon087683-21&amp;th=1\" target=\"_blank\" rel=\"nofollow noopener\">KikkaBoo Silla Coche Beb\u00e9 Grupo 0 1 2 3 i-MOOVE 2, i-Size 40\u2013150 cm con ISOFIX, 360\u00b0 Giro, Reclinable, Reposacabezas Ajustable, Gris oscuro<\/a><\/td>\n<td>139 \u20ac<\/td>\n<td>44 \u20ac<\/td>\n<\/tr>\n<tr>\n<td>MARKETPLACES<\/td>\n<td><a class=\"ljoptimizer\" href=\"https:\/\/www.amazon.es\/dp\/B0F8W3KVCM?tag=amazon087683-21&amp;th=1\" target=\"_blank\" rel=\"nofollow noopener\">LIONELO NELLY I-SIZE Silla de Coche Para Beb\u00e9 Plegable 76-150 cm (aprox. de 15 meses a 12 a\u00f1os) Grupo 1 2 3 Fijaci\u00f3n Trasera ISOFIX y Cintur\u00f3n TT, Protecci\u00f3n Lateral, Reposacabezas y Respaldo Ajustabl<\/a><\/td>\n<td>135 \u20ac<\/td>\n<td>43 \u20ac<\/td>\n<\/tr>\n<tr>\n<td>MARKETPLACES<\/td>\n<td><a class=\"ljoptimizer\" href=\"https:\/\/www.amazon.es\/dp\/B0CZ47FKZL?tag=amazon087683-21&amp;th=1\" target=\"_blank\" rel=\"nofollow noopener\">Maxi-Cosi Tanza i-Size, Silla Coche Plegable, Silla de Coche ISOFIX, 3,5-12 a, 100-150cm, Port\u00e1til, 10 Posiciones Reposacabezas, Protecci\u00f3n Impactos Laterales G-CELL, Asiento Acolchado, Full Black<\/a><\/td>\n<td>100 \u20ac<\/td>\n<td>32 \u20ac<\/td>\n<\/tr>\n<tr>\n<td>MARKETPLACES<\/td>\n<td><a class=\"ljoptimizer\" href=\"https:\/\/www.amazon.es\/dp\/B0CZ47FKZL?tag=amazon087683-21&amp;th=1\" target=\"_blank\" rel=\"nofollow noopener\">Maxi-Cosi Tanza i-Size, Silla Coche Plegable, Silla de Coche ISOFIX, 3,5-12 a, 100-150cm, Port\u00e1til, 10 Posiciones Reposacabezas, Protecci\u00f3n Impactos Laterales G-CELL, Asiento Acolchado, Full Black<\/a><\/td>\n<td>100 \u20ac<\/td>\n<td>32 \u20ac<\/td>\n<\/tr>\n<tr>\n<td>MARKETPLACES<\/td>\n<td><a class=\"ljoptimizer\" href=\"https:\/\/www.amazon.es\/dp\/B0D35WDSK6?tag=amazon087683-21&amp;th=1\" target=\"_blank\" rel=\"nofollow noopener\">Bebeconfort Timba + Sitzkissen, Kinderhochstuhl Mitwachsend, 6 Monate &#8211; 99 Jahre, bis 110 kg, Hochstuhl Baby, Abnehmbares Tablett, Verstellbarer Sitz\/Fu\u00dfst\u00fctze, f\u00fcr Timba Baby, Grey Mist<\/a><\/td>\n<td>90 \u20ac<\/td>\n<td>29 \u20ac<\/td>\n<\/tr>\n<tr>\n<td>MARKETPLACES<\/td>\n<td><a class=\"ljoptimizer\" href=\"https:\/\/www.amazon.es\/dp\/B01MSQFUH2?tag=amazon087683-21&amp;th=1\" target=\"_blank\" rel=\"nofollow noopener\">Parque Infantil Beb\u00e9 106&#215;106 cm \u2013 Corralito Plegable con Base Acolchada + Puerta Frontal y Ruedas | Dise\u00f1o Robusto y Bolsa de Transporte SQUARE Molinillo Beige Asalvo<\/a><\/td>\n<td>76 \u20ac<\/td>\n<td>24 \u20ac<\/td>\n<\/tr>\n<tr>\n<td>MARKETPLACES<\/td>\n<td><a class=\"ljoptimizer\" href=\"https:\/\/www.amazon.es\/dp\/B0C4LGMZY7?tag=amazon087683-21&amp;th=1\" target=\"_blank\" rel=\"nofollow noopener\">Medi Partners Nido Bebe Recien Nacido Reductor de Cuna &#8211; 100x60x15 Juego de 5 Piezas beb\u00e9s anticolicos Bilateral Port\u00e1til o de Viaje 100% Algod\u00f3n (Safari con Minky Beige)<\/a><\/td>\n<td>70 \u20ac<\/td>\n<td>22 \u20ac<\/td>\n<\/tr>\n<tr>\n<td>MARKETPLACES<\/td>\n<td><a class=\"ljoptimizer\" href=\"https:\/\/www.amazon.es\/dp\/B0CJ9CCK1V?tag=amazon087683-21&amp;th=1\" target=\"_blank\" rel=\"nofollow noopener\">LIONELO Silla de Paseo Ligera Elia para Beb\u00e9s hasta 15 kg, Carrito de Beb\u00e9 Plegable con Asiento Reclinable, Capota XXL, de 6 a 36 Meses<\/a><\/td>\n<td>70 \u20ac<\/td>\n<td>22 \u20ac<\/td>\n<\/tr>\n<tr>\n<td>MARKETPLACES<\/td>\n<td><a class=\"ljoptimizer\" href=\"https:\/\/www.amazon.es\/dp\/B0D6S3RS31?tag=amazon087683-21&amp;th=1\" target=\"_blank\" rel=\"nofollow noopener\">Baby Einstein, Asiento de Actividades 3 en 1 SuperSeat Touch of Tunes, Con M\u00fasica y Luces, Desde 6 Meses<\/a><\/td>\n<td>60 \u20ac<\/td>\n<td>19 \u20ac<\/td>\n<\/tr>\n<tr>\n<td>MARKETPLACES<\/td>\n<td><a class=\"ljoptimizer\" href=\"https:\/\/www.amazon.es\/dp\/B0DZ6XSVXB?tag=amazon087683-21&amp;th=1\" target=\"_blank\" rel=\"nofollow noopener\">KikkaBoo Silla Coche Grupo 3 (15-36 kg, 100-150 cm) i-AID, Silla Para Ni\u00f1o sin ISOFIX, i-Size, De 3,5 a 12 A\u00f1os, 13 Posiciones Reposacabezas, Negro<\/a><\/td>\n<td>60 \u20ac<\/td>\n<td>19 \u20ac<\/td>\n<\/tr>\n<tr>\n<td>MARKETPLACES<\/td>\n<td><a class=\"ljoptimizer\" href=\"https:\/\/www.amazon.es\/dp\/B0829K69VZ?tag=amazon087683-21&amp;th=1\" target=\"_blank\" rel=\"nofollow noopener\">kk Kinderkraft Cuna Beb\u00e9 Lovi, Mois\u00e9s, Bolsa de Transporte, Juegos, Viaje, Gris<\/a><\/td>\n<td>58 \u20ac<\/td>\n<td>19 \u20ac<\/td>\n<\/tr>\n<tr>\n<td>MARKETPLACES<\/td>\n<td><a class=\"ljoptimizer\" href=\"https:\/\/www.amazon.es\/dp\/B001CISJ84?tag=amazon087683-21&amp;th=1\" target=\"_blank\" rel=\"nofollow noopener\">Bebeconfort Disney Manga i-Fix Asiento Elevador ISOFIX, Silla Coche Stitch para Ni\u00f1os y Ni\u00f1as de 6 a 12 a\u00f1os, 22-36 kg, 128-150 cm, Port\u00e1til, C\u00f3modo, Compacto, Ligero, Authentic Stitch<\/a><\/td>\n<td>50 \u20ac<\/td>\n<td>16 \u20ac<\/td>\n<\/tr>\n<tr>\n<td>MARKETPLACES<\/td>\n<td><a class=\"ljoptimizer\" href=\"https:\/\/www.amazon.es\/dp\/B0792G6PFD?tag=amazon087683-21&amp;th=1\" target=\"_blank\" rel=\"nofollow noopener\">Chicco Windeleimer Odour Off, geruchsdichtes System, platzsparender Baby Windeleimer mit Deckel, einfach zu benutzen und zu reinigen, Ohne Nachf\u00fcllkassetten, funktioniert mit herk\u00f6mmlichen T\u00fcten<\/a><\/td>\n<td>40 \u20ac<\/td>\n<td>13 \u20ac<\/td>\n<\/tr>\n<tr>\n<td>MARKETPLACES<\/td>\n<td><a class=\"ljoptimizer\" href=\"https:\/\/www.amazon.es\/dp\/B07XZNKD5R?tag=amazon087683-21&amp;th=1\" target=\"_blank\" rel=\"nofollow noopener\">hauck Bettschuztgitter Sleep N Safe Plus XL f\u00fcr Kinder 18 Monate bis 5 Jahre, Gro\u00dfer Rausfallschutz Bett f\u00fcr Elternbett 150 x 50 x 44 cm, Faltbar, Tragbar, Bettgitter f\u00fcr Kleinkinder (Melange Grey)<\/a><\/td>\n<td>40 \u20ac<\/td>\n<td>13 \u20ac<\/td>\n<\/tr>\n<tr>\n<td>MARKETPLACES<\/td>\n<td><a class=\"ljoptimizer\" href=\"https:\/\/www.amazon.es\/dp\/B00O50YUHA?tag=amazon087683-21&amp;th=1\" target=\"_blank\" rel=\"nofollow noopener\">Safety 1st Auto Close, Barrera Seguridad Ni\u00f1os Escalera a Presi\u00f3n, 73\u201380cm (m\u00e1x. 136cm), Valla Seguridad Infantil Autom\u00e1tica, Apertura Una Mano, Sin Tornillos (Sin Taladros), Doble Bloqueo, Blanca<\/a><\/td>\n<td>36 \u20ac<\/td>\n<td>12 \u20ac<\/td>\n<\/tr>\n<tr>\n<td>MARKETPLACES<\/td>\n<td><a class=\"ljoptimizer\" href=\"https:\/\/www.amazon.es\/dp\/B00EVR5WEC?tag=amazon087683-21&amp;th=1\" target=\"_blank\" rel=\"nofollow noopener\">Safety 1st Barrera Cama Est\u00e1ndar 90 cm, Barrera Seguridad Ni\u00f1os Cama, 18M-5A, Barrera Cama Ni\u00f1os, Tejido Malla, Bloqueo Autom\u00e1tico, F\u00e1cil Limpieza, Grey &amp; White<\/a><\/td>\n<td>35 \u20ac<\/td>\n<td>11 \u20ac<\/td>\n<\/tr>\n<tr>\n<td>MARKETPLACES<\/td>\n<td><a class=\"ljoptimizer\" href=\"https:\/\/www.amazon.es\/dp\/B00EVR5WEC?tag=amazon087683-21&amp;th=1\" target=\"_blank\" rel=\"nofollow noopener\">Safety 1st Barrera Cama Est\u00e1ndar 90 cm, Barrera Seguridad Ni\u00f1os Cama, 18M-5A, Barrera Cama Ni\u00f1os, Tejido Malla, Bloqueo Autom\u00e1tico, F\u00e1cil Limpieza, Grey &amp; White<\/a><\/td>\n<td>35 \u20ac<\/td>\n<td>11 \u20ac<\/td>\n<\/tr>\n<tr>\n<td>MARKETPLACES<\/td>\n<td><a class=\"ljoptimizer\" href=\"https:\/\/www.amazon.es\/dp\/B00EVR5WEC?tag=amazon087683-21&amp;th=1\" target=\"_blank\" rel=\"nofollow noopener\">Safety 1st Barrera Cama Est\u00e1ndar 90 cm, Barrera Seguridad Ni\u00f1os Cama, 18M-5A, Barrera Cama Ni\u00f1os, Tejido Malla, Bloqueo Autom\u00e1tico, F\u00e1cil Limpieza, Grey &amp; White<\/a><\/td>\n<td>35 \u20ac<\/td>\n<td>11 \u20ac<\/td>\n<\/tr>\n<tr>\n<td>MARKETPLACES<\/td>\n<td><a class=\"ljoptimizer\" href=\"https:\/\/www.amazon.es\/dp\/B00EVR5WEC?tag=amazon087683-21&amp;th=1\" target=\"_blank\" rel=\"nofollow noopener\">Safety 1st Barrera Cama Est\u00e1ndar 90 cm, Barrera Seguridad Ni\u00f1os Cama, 18M-5A, Barrera Cama Ni\u00f1os, Tejido Malla, Bloqueo Autom\u00e1tico, F\u00e1cil Limpieza, Grey &amp; White<\/a><\/td>\n<td>35 \u20ac<\/td>\n<td>11 \u20ac<\/td>\n<\/tr>\n<tr>\n<td>MARKETPLACES<\/td>\n<td><a class=\"ljoptimizer\" href=\"https:\/\/www.amazon.es\/dp\/B0C4TG6KX3?tag=amazon087683-21&amp;th=1\" target=\"_blank\" rel=\"nofollow noopener\">Jan\u00e9 Barrera de Cama Abatible 110 cm, Extra Alta y Transpirable, Plegable con Bolsa de Transporte, Color Gris<\/a><\/td>\n<td>34 \u20ac<\/td>\n<td>11 \u20ac<\/td>\n<\/tr>\n<tr>\n<td>MARKETPLACES<\/td>\n<td><a class=\"ljoptimizer\" href=\"https:\/\/www.amazon.es\/dp\/B07B4SDTQB?tag=amazon087683-21&amp;th=1\" target=\"_blank\" rel=\"nofollow noopener\">Grundig Bascula Bebe Digital &#8211; Bascula Bebe Recien Nacido &#8211; B\u00e9bes Hasta 20 G &#8211; 10 GR de Precisi\u00f3n &#8211; Funci\u00f3n de Tara &#8211; Blanco<\/a><\/td>\n<td>30 \u20ac<\/td>\n<td>10 \u20ac<\/td>\n<\/tr>\n<tr>\n<td>MARKETPLACES<\/td>\n<td><a class=\"ljoptimizer\" href=\"https:\/\/www.amazon.es\/dp\/B0FP5GM125?tag=amazon087683-21&amp;th=1\" target=\"_blank\" rel=\"nofollow noopener\">Bebeconfort Playful Seggiolino da Bagno Girevole per Bambini, 6-12 Mesi, Max 10 kg, Seggiolino Doccia Bimbo, Sedia Bagnetto Neonato Rotante, Vassoio Attivit\u00e0, Antiscivolo, Ergonomico, Ventose, Blue<\/a><\/td>\n<td>30 \u20ac<\/td>\n<td>10 \u20ac<\/td>\n<\/tr>\n<tr>\n<td>MARKETPLACES<\/td>\n<td><a class=\"ljoptimizer\" href=\"https:\/\/www.amazon.es\/dp\/B01MTRWLHK?tag=amazon087683-21&amp;th=1\" target=\"_blank\" rel=\"nofollow noopener\">Asalvo Barrera de Cama 2 en 1 de 150 cm para Ni\u00f1o &#8211; Abatible con Correas Ajustables + Apta para Cama Nido + Instalaci\u00f3n F\u00e1cil y Lavado Sencillo &#8211; Protecci\u00f3n Segura y Estable &#8211; Blanco<\/a><\/td>\n<td>29 \u20ac<\/td>\n<td>9 \u20ac<\/td>\n<\/tr>\n<tr>\n<td>MARKETPLACES<\/td>\n<td><a class=\"ljoptimizer\" href=\"https:\/\/www.amazon.es\/dp\/B0D5CZ1XGQ?tag=amazon087683-21&amp;th=1\" target=\"_blank\" rel=\"nofollow noopener\">Tommee Tippee Contenedor para pa\u00f1ales Twist &amp; Click, Pack Exclusivo con x2 Recambios incluidos, Protecci\u00f3n garantizada contra malos olores y g\u00e9rmenes, Gran capacidad<\/a><\/td>\n<td>18 \u20ac<\/td>\n<td>6 \u20ac<\/td>\n<\/tr>\n<tr>\n<td>MARKETPLACES<\/td>\n<td><a class=\"ljoptimizer\" href=\"https:\/\/www.amazon.es\/dp\/B0BXXNNNYY?tag=amazon087683-21&amp;th=1\" target=\"_blank\" rel=\"nofollow noopener\">Interbaby Colchoneta Silla Paseo Universal para Verano | Transpirable y C\u00f3moda | Funda Carro Bebe 100% Algod\u00f3n, 84x34cm, Protectores para Arn\u00e9s | Funda Silla Paseo Vichy Gris<\/a><\/td>\n<td>15 \u20ac<\/td>\n<td>5 \u20ac<\/td>\n<\/tr>\n<\/tbody>\n<\/table>\n","protected":false},"excerpt":{"rendered":"<p>Pal\u00e9 de Beb\u00e9 sin revisar procedente de devoluciones de marketplaces<\/p>\n<ul>\n<li>N\u00famero de productos: 25<\/li>\n<li>Valor aproximado: 1420.00<\/li>\n<li>Porcentaje que se paga: 26% + IVA<\/li>\n<li>Tiempo de entrega estimado: 3 a 7 d\u00edas<\/li>\n<\/ul>\n<p>*Los precios incluyen IVA<\/p>\n","protected":false},"featured_media":176939,"template":"","meta":{"site-sidebar-layout":"default","site-content-layout":"","ast-site-content-layout":"default","site-content-style":"default","site-sidebar-style":"default","ast-global-header-display":"","ast-banner-title-visibility":"","ast-main-header-display":"","ast-hfb-above-header-display":"","ast-hfb-below-header-display":"","ast-hfb-mobile-header-display":"","site-post-title":"","ast-breadcrumbs-content":"","ast-featured-img":"","footer-sml-layout":"","ast-disable-related-posts":"","theme-transparent-header-meta":"default","adv-header-id-meta":"","stick-header-meta":"","header-above-stick-meta":"","header-main-stick-meta":"","header-below-stick-meta":"","astra-migrate-meta-layouts":"set","ast-page-background-enabled":"default","ast-page-background-meta":{"desktop":{"background-color":"var(--ast-global-color-4)","background-image":"","background-repeat":"repeat","background-position":"center center","background-size":"auto","background-attachment":"scroll","background-type":"","background-media":"","overlay-type":"","overlay-color":"","overlay-opacity":"","overlay-gradient":""},"tablet":{"background-color":"","background-image":"","background-repeat":"repeat","background-position":"center center","background-size":"auto","background-attachment":"scroll","background-type":"","background-media":"","overlay-type":"","overlay-color":"","overlay-opacity":"","overlay-gradient":""},"mobile":{"background-color":"","background-image":"","background-repeat":"repeat","background-position":"center center","background-size":"auto","background-attachment":"scroll","background-type":"","background-media":"","overlay-type":"","overlay-color":"","overlay-opacity":"","overlay-gradient":""}},"ast-content-background-meta":{"desktop":{"background-color":"var(--ast-global-color-5)","background-image":"","background-repeat":"repeat","background-position":"center center","background-size":"auto","background-attachment":"scroll","background-type":"","background-media":"","overlay-type":"","overlay-color":"","overlay-opacity":"","overlay-gradient":""},"tablet":{"background-color":"var(--ast-global-color-5)","background-image":"","background-repeat":"repeat","background-position":"center center","background-size":"auto","background-attachment":"scroll","background-type":"","background-media":"","overlay-type":"","overlay-color":"","overlay-opacity":"","overlay-gradient":""},"mobile":{"background-color":"var(--ast-global-color-5)","background-image":"","background-repeat":"repeat","background-position":"center center","background-size":"auto","background-attachment":"scroll","background-type":"","background-media":"","overlay-type":"","overlay-color":"","overlay-opacity":"","overlay-gradient":""}}},"product_brand":[],"product_cat":[52,65],"product_tag":[],"class_list":{"0":"post-176851","1":"product","2":"type-product","3":"status-publish","4":"has-post-thumbnail","6":"product_cat-bebe","7":"product_cat-pales","8":"product_shipping_class-pale","9":"desktop-align-left","10":"tablet-align-left","11":"mobile-align-left","13":"first","14":"outofstock","15":"sale","16":"downloadable","17":"taxable","18":"shipping-taxable","19":"purchasable","20":"product-type-simple"},"yoast_head":"<!-- This site is optimized with the Yoast SEO plugin v27.2 - https:\/\/yoast.com\/product\/yoast-seo-wordpress\/ -->\n<title>Pal\u00e9 de Beb\u00e9 [25 productos] (10224932) - Comprardevoluciones - Tu tienda de Devoluciones de Amazon<\/title>\n<meta name=\"robots\" content=\"noindex, follow\" \/>\n<meta property=\"og:locale\" content=\"en_US\" \/>\n<meta property=\"og:type\" content=\"article\" \/>\n<meta property=\"og:title\" content=\"Pal\u00e9 de Beb\u00e9 [25 productos] (10224932) - Comprardevoluciones - Tu tienda de Devoluciones de Amazon\" \/>\n<meta property=\"og:description\" content=\"Pal\u00e9 de Beb\u00e9 sin revisar procedente de devoluciones de marketplaces   N\u00famero de productos: 25  Valor aproximado: 1420.00  Porcentaje que se paga: 26% + IVA  Tiempo de entrega estimado: 3 a 7 d\u00edas  *Los precios incluyen IVA\" \/>\n<meta property=\"og:url\" content=\"https:\/\/comprardevoluciones.com\/producto\/10224932\/\" \/>\n<meta property=\"og:site_name\" content=\"Comprardevoluciones - Tu tienda de Devoluciones de Amazon\" \/>\n<meta property=\"article:modified_time\" content=\"2026-04-13T09:21:23+00:00\" \/>\n<meta property=\"og:image\" content=\"https:\/\/comprardevoluciones.com\/wp-content\/uploads\/2026\/04\/10224932.jpg\" \/>\n\t<meta property=\"og:image:width\" content=\"700\" \/>\n\t<meta property=\"og:image:height\" content=\"700\" \/>\n\t<meta property=\"og:image:type\" content=\"image\/jpeg\" \/>\n<meta name=\"twitter:card\" content=\"summary_large_image\" \/>\n<meta name=\"twitter:label1\" content=\"Est. reading time\" \/>\n\t<meta name=\"twitter:data1\" content=\"4 minutes\" \/>\n<script type=\"application\/ld+json\" class=\"yoast-schema-graph\">{\"@context\":\"https:\/\/schema.org\",\"@graph\":[{\"@type\":\"WebPage\",\"@id\":\"https:\/\/comprardevoluciones.com\/producto\/10224932\/\",\"url\":\"https:\/\/comprardevoluciones.com\/producto\/10224932\/\",\"name\":\"Pal\u00e9 de Beb\u00e9 [25 productos] (10224932) - Comprardevoluciones - Tu tienda de Devoluciones de Amazon\",\"isPartOf\":{\"@id\":\"https:\/\/comprardevoluciones.com\/#website\"},\"primaryImageOfPage\":{\"@id\":\"https:\/\/comprardevoluciones.com\/producto\/10224932\/#primaryimage\"},\"image\":{\"@id\":\"https:\/\/comprardevoluciones.com\/producto\/10224932\/#primaryimage\"},\"thumbnailUrl\":\"https:\/\/comprardevoluciones.com\/wp-content\/uploads\/2026\/04\/10224932.jpg\",\"datePublished\":\"2026-04-13T09:00:41+00:00\",\"dateModified\":\"2026-04-13T09:21:23+00:00\",\"breadcrumb\":{\"@id\":\"https:\/\/comprardevoluciones.com\/producto\/10224932\/#breadcrumb\"},\"inLanguage\":\"en-US\",\"potentialAction\":[{\"@type\":\"ReadAction\",\"target\":[\"https:\/\/comprardevoluciones.com\/producto\/10224932\/\"]}]},{\"@type\":\"ImageObject\",\"inLanguage\":\"en-US\",\"@id\":\"https:\/\/comprardevoluciones.com\/producto\/10224932\/#primaryimage\",\"url\":\"https:\/\/comprardevoluciones.com\/wp-content\/uploads\/2026\/04\/10224932.jpg\",\"contentUrl\":\"https:\/\/comprardevoluciones.com\/wp-content\/uploads\/2026\/04\/10224932.jpg\",\"width\":700,\"height\":700},{\"@type\":\"BreadcrumbList\",\"@id\":\"https:\/\/comprardevoluciones.com\/producto\/10224932\/#breadcrumb\",\"itemListElement\":[{\"@type\":\"ListItem\",\"position\":1,\"name\":\"Portada\",\"item\":\"https:\/\/comprardevoluciones.com\/en\/\"},{\"@type\":\"ListItem\",\"position\":2,\"name\":\"Shop\",\"item\":\"https:\/\/comprardevoluciones.com\/en\/shop\/\"},{\"@type\":\"ListItem\",\"position\":3,\"name\":\"Pal\u00e9 de Beb\u00e9 [25 productos] (10224932)\"}]},{\"@type\":\"WebSite\",\"@id\":\"https:\/\/comprardevoluciones.com\/#website\",\"url\":\"https:\/\/comprardevoluciones.com\/\",\"name\":\"Comprardevoluciones - Tu tienda de Devoluciones de Amazon\",\"description\":\"Consigue Stock en buen estado a un precio imbatible\",\"potentialAction\":[{\"@type\":\"SearchAction\",\"target\":{\"@type\":\"EntryPoint\",\"urlTemplate\":\"https:\/\/comprardevoluciones.com\/?s={search_term_string}\"},\"query-input\":{\"@type\":\"PropertyValueSpecification\",\"valueRequired\":true,\"valueName\":\"search_term_string\"}}],\"inLanguage\":\"en-US\"}]}<\/script>\n<!-- \/ Yoast SEO plugin. -->","yoast_head_json":{"title":"Pal\u00e9 de Beb\u00e9 [25 productos] (10224932) - Comprardevoluciones - Tu tienda de Devoluciones de Amazon","robots":{"index":"noindex","follow":"follow"},"og_locale":"en_US","og_type":"article","og_title":"Pal\u00e9 de Beb\u00e9 [25 productos] (10224932) - Comprardevoluciones - Tu tienda de Devoluciones de Amazon","og_description":"Pal\u00e9 de Beb\u00e9 sin revisar procedente de devoluciones de marketplaces   N\u00famero de productos: 25  Valor aproximado: 1420.00  Porcentaje que se paga: 26% + IVA  Tiempo de entrega estimado: 3 a 7 d\u00edas  *Los precios incluyen IVA","og_url":"https:\/\/comprardevoluciones.com\/producto\/10224932\/","og_site_name":"Comprardevoluciones - Tu tienda de Devoluciones de Amazon","article_modified_time":"2026-04-13T09:21:23+00:00","og_image":[{"width":700,"height":700,"url":"https:\/\/comprardevoluciones.com\/wp-content\/uploads\/2026\/04\/10224932.jpg","type":"image\/jpeg"}],"twitter_card":"summary_large_image","twitter_misc":{"Est. reading time":"4 minutes"},"schema":{"@context":"https:\/\/schema.org","@graph":[{"@type":"WebPage","@id":"https:\/\/comprardevoluciones.com\/producto\/10224932\/","url":"https:\/\/comprardevoluciones.com\/producto\/10224932\/","name":"Pal\u00e9 de Beb\u00e9 [25 productos] (10224932) - Comprardevoluciones - Tu tienda de Devoluciones de Amazon","isPartOf":{"@id":"https:\/\/comprardevoluciones.com\/#website"},"primaryImageOfPage":{"@id":"https:\/\/comprardevoluciones.com\/producto\/10224932\/#primaryimage"},"image":{"@id":"https:\/\/comprardevoluciones.com\/producto\/10224932\/#primaryimage"},"thumbnailUrl":"https:\/\/comprardevoluciones.com\/wp-content\/uploads\/2026\/04\/10224932.jpg","datePublished":"2026-04-13T09:00:41+00:00","dateModified":"2026-04-13T09:21:23+00:00","breadcrumb":{"@id":"https:\/\/comprardevoluciones.com\/producto\/10224932\/#breadcrumb"},"inLanguage":"en-US","potentialAction":[{"@type":"ReadAction","target":["https:\/\/comprardevoluciones.com\/producto\/10224932\/"]}]},{"@type":"ImageObject","inLanguage":"en-US","@id":"https:\/\/comprardevoluciones.com\/producto\/10224932\/#primaryimage","url":"https:\/\/comprardevoluciones.com\/wp-content\/uploads\/2026\/04\/10224932.jpg","contentUrl":"https:\/\/comprardevoluciones.com\/wp-content\/uploads\/2026\/04\/10224932.jpg","width":700,"height":700},{"@type":"BreadcrumbList","@id":"https:\/\/comprardevoluciones.com\/producto\/10224932\/#breadcrumb","itemListElement":[{"@type":"ListItem","position":1,"name":"Portada","item":"https:\/\/comprardevoluciones.com\/en\/"},{"@type":"ListItem","position":2,"name":"Shop","item":"https:\/\/comprardevoluciones.com\/en\/shop\/"},{"@type":"ListItem","position":3,"name":"Pal\u00e9 de Beb\u00e9 [25 productos] (10224932)"}]},{"@type":"WebSite","@id":"https:\/\/comprardevoluciones.com\/#website","url":"https:\/\/comprardevoluciones.com\/","name":"Comprardevoluciones - Tu tienda de Devoluciones de Amazon","description":"Consigue Stock en buen estado a un precio imbatible","potentialAction":[{"@type":"SearchAction","target":{"@type":"EntryPoint","urlTemplate":"https:\/\/comprardevoluciones.com\/?s={search_term_string}"},"query-input":{"@type":"PropertyValueSpecification","valueRequired":true,"valueName":"search_term_string"}}],"inLanguage":"en-US"}]}},"_links":{"self":[{"href":"https:\/\/comprardevoluciones.com\/en\/wp-json\/wp\/v2\/product\/176851","targetHints":{"allow":["GET"]}}],"collection":[{"href":"https:\/\/comprardevoluciones.com\/en\/wp-json\/wp\/v2\/product"}],"about":[{"href":"https:\/\/comprardevoluciones.com\/en\/wp-json\/wp\/v2\/types\/product"}],"wp:featuredmedia":[{"embeddable":true,"href":"https:\/\/comprardevoluciones.com\/en\/wp-json\/wp\/v2\/media\/176939"}],"wp:attachment":[{"href":"https:\/\/comprardevoluciones.com\/en\/wp-json\/wp\/v2\/media?parent=176851"}],"wp:term":[{"taxonomy":"product_brand","embeddable":true,"href":"https:\/\/comprardevoluciones.com\/en\/wp-json\/wp\/v2\/product_brand?post=176851"},{"taxonomy":"product_cat","embeddable":true,"href":"https:\/\/comprardevoluciones.com\/en\/wp-json\/wp\/v2\/product_cat?post=176851"},{"taxonomy":"product_tag","embeddable":true,"href":"https:\/\/comprardevoluciones.com\/en\/wp-json\/wp\/v2\/product_tag?post=176851"}],"curies":[{"name":"wp","href":"https:\/\/api.w.org\/{rel}","templated":true}]}}