{"id":177033,"date":"2026-04-13T10:00:44","date_gmt":"2026-04-13T09:00:44","guid":{"rendered":"https:\/\/comprardevoluciones.com\/?post_type=product&#038;p=177033"},"modified":"2026-04-13T08:29:31","modified_gmt":"2026-04-13T07:29:31","slug":"10225073","status":"publish","type":"product","link":"https:\/\/comprardevoluciones.com\/en\/producto\/10225073\/","title":{"rendered":"Pal\u00e9 de Beb\u00e9 [16 productos] (10225073)"},"content":{"rendered":"<p>Descripci\u00f3n y valor aproximados<\/p>\n<table>\n<tbody>\n<tr>\n<td><strong>FUENTE<\/strong><\/td>\n<td><strong>PRODUCTO<\/strong><\/td>\n<td><strong>VALOR (\u20ac)<\/strong><\/td>\n<td><strong>PAGAS (\u20ac)<\/strong><\/td>\n<\/tr>\n<tr>\n<td>MARKETPLACES<\/td>\n<td><a class=\"ljoptimizer\" href=\"https:\/\/www.amazon.es\/dp\/B08N5K7H14?tag=amazon087683-21&amp;th=1\" target=\"_blank\" rel=\"nofollow noopener\">Graco Near2Me &#8211; Cochecito (desde el nacimiento hasta los 4 a\u00f1os aprox. 0-22 kg) con funci\u00f3n de ajuste de altura Slide2Me, saco de lujo y protector de lluvia, gris<\/a><\/td>\n<td>251 \u20ac<\/td>\n<td>80 \u20ac<\/td>\n<\/tr>\n<tr>\n<td>MARKETPLACES<\/td>\n<td><a class=\"ljoptimizer\" href=\"https:\/\/www.amazon.es\/dp\/B0DPT2532Y?tag=amazon087683-21&amp;th=1\" target=\"_blank\" rel=\"nofollow noopener\">Babymoov Robot Cuiseur B\u00e9b\u00e9 Nutribaby Glass &#8211; Bols en Verre &#8211; 4 en 1 Mixeur Cuiseur Vapeur, Grande Contece 1,9L, Cuisson Saine des Aliments, Vert Celadon<\/a><\/td>\n<td>160 \u20ac<\/td>\n<td>51 \u20ac<\/td>\n<\/tr>\n<tr>\n<td>MARKETPLACES<\/td>\n<td><a class=\"ljoptimizer\" href=\"https:\/\/www.amazon.es\/dp\/B0BMM7S59J?tag=amazon087683-21&amp;th=1\" target=\"_blank\" rel=\"nofollow noopener\">Chicco Next2Me Essential Cuna Colecho Beb\u00e9, Cuna para reci\u00e9n nacidos, Compatible con Varias Camas, Altura Ajustable, Buena Circulaci\u00f3n de Aire, Colch\u00f3n y Bolsa incluidos, 0-6 Meses, Gris<\/a><\/td>\n<td>143 \u20ac<\/td>\n<td>46 \u20ac<\/td>\n<\/tr>\n<tr>\n<td>MARKETPLACES<\/td>\n<td><a class=\"ljoptimizer\" href=\"https:\/\/www.amazon.es\/dp\/B0DFWKDVLK?tag=amazon087683-21&amp;th=1\" target=\"_blank\" rel=\"nofollow noopener\">Maxi-Cosi RodiFix S Comfort i-Size, atmungsaktive bequeme Stoffe, verstellbarer Kindersitz, 3,5\u201312 Jahren (100\u2013150 cm), 3-fach verstellbar, G-Cell Schutz, AirProtect, Authentic Black<\/a><\/td>\n<td>130 \u20ac<\/td>\n<td>42 \u20ac<\/td>\n<\/tr>\n<tr>\n<td>MARKETPLACES<\/td>\n<td><a class=\"ljoptimizer\" href=\"https:\/\/www.amazon.es\/dp\/B0CV4R5DQD?tag=amazon087683-21&amp;th=1\" target=\"_blank\" rel=\"nofollow noopener\">KikkaBoo Silla de Paseo Ligera CIELA, Carrito Beb\u00e9 Compacto hasta 22 kg, Plegado Autom\u00e1tico, Reclinable, Superligero, Tama\u00f1o Cabina Avi\u00f3n, Beige<\/a><\/td>\n<td>104 \u20ac<\/td>\n<td>33 \u20ac<\/td>\n<\/tr>\n<tr>\n<td>MARKETPLACES<\/td>\n<td><a class=\"ljoptimizer\" href=\"https:\/\/www.amazon.es\/dp\/B0CV4RLD9H?tag=amazon087683-21&amp;th=1\" target=\"_blank\" rel=\"nofollow noopener\">KikkaBoo Silla de Paseo Ligera CIELA, Carrito Beb\u00e9 Compacto hasta 22 kg, Plegado Autom\u00e1tico, Reclinable, Superligero, Tama\u00f1o Cabina Avi\u00f3n, Negro<\/a><\/td>\n<td>100 \u20ac<\/td>\n<td>32 \u20ac<\/td>\n<\/tr>\n<tr>\n<td>MARKETPLACES<\/td>\n<td><a class=\"ljoptimizer\" href=\"https:\/\/www.amazon.es\/dp\/B00N8YZ7CG?tag=amazon087683-21&amp;th=1\" target=\"_blank\" rel=\"nofollow noopener\">Babymoov Swoon Motion oscilaci\u00f3n y cuna, con el asiento ergon\u00f3mico c\u00f3modo y ajustable, 65 x 72 cm, Zinc<\/a><\/td>\n<td>92 \u20ac<\/td>\n<td>30 \u20ac<\/td>\n<\/tr>\n<tr>\n<td>MARKETPLACES<\/td>\n<td><a class=\"ljoptimizer\" href=\"https:\/\/www.amazon.es\/dp\/B0CZ47FKZL?tag=amazon087683-21&amp;th=1\" target=\"_blank\" rel=\"nofollow noopener\">Maxi-Cosi Tanza i-Size, Silla Coche Plegable, Silla de Coche ISOFIX, 3,5-12 a, 100-150cm, Port\u00e1til, 10 Posiciones Reposacabezas, Protecci\u00f3n Impactos Laterales G-CELL, Asiento Acolchado, Full Black<\/a><\/td>\n<td>89 \u20ac<\/td>\n<td>29 \u20ac<\/td>\n<\/tr>\n<tr>\n<td>MARKETPLACES<\/td>\n<td><a class=\"ljoptimizer\" href=\"https:\/\/www.amazon.es\/dp\/B07GDVLMT5?tag=amazon087683-21&amp;th=1\" target=\"_blank\" rel=\"nofollow noopener\">kk Kinderkraft Trona Beb\u00e9 Ajustable Yummy, Bandeja, Hasta 3 A\u00f1os, Rosa<\/a><\/td>\n<td>85 \u20ac<\/td>\n<td>27 \u20ac<\/td>\n<\/tr>\n<tr>\n<td>MARKETPLACES<\/td>\n<td><a class=\"ljoptimizer\" href=\"https:\/\/www.amazon.es\/dp\/B0CM41TS29?tag=amazon087683-21&amp;th=1\" target=\"_blank\" rel=\"nofollow noopener\">Kinderkraft Joy 2 Cuna de Viaje 3 en 1 para Beb\u00e9 de hasta 25 kg, Plegado r\u00e1pido y f\u00e1cil, Entrada Lateral, Bolsa de Viaje, Beige<\/a><\/td>\n<td>66 \u20ac<\/td>\n<td>21 \u20ac<\/td>\n<\/tr>\n<tr>\n<td>MARKETPLACES<\/td>\n<td><a class=\"ljoptimizer\" href=\"https:\/\/www.amazon.es\/dp\/B0BYP9MTBX?tag=amazon087683-21&amp;th=1\" target=\"_blank\" rel=\"nofollow noopener\">Kinderkraft COMFORT UP I-SIZE 76-150 cm Seggiolino auto 9-36 kg, Poggiatesta Regolabile di 11 livelli, Seduta spaziosa, Cinture di Sicurezza, Inserto modulare dotato, Gruppo 1\/2\/3, Nero<\/a><\/td>\n<td>57 \u20ac<\/td>\n<td>18 \u20ac<\/td>\n<\/tr>\n<tr>\n<td>MARKETPLACES<\/td>\n<td><a class=\"ljoptimizer\" href=\"https:\/\/www.amazon.es\/dp\/B07PJFJJ9Y?tag=amazon087683-21&amp;th=1\" target=\"_blank\" rel=\"nofollow noopener\">Alfombra Bebe Acolchada Plegable 180x200x1.5cm- Gimnasio Bebe &#8211; Manta De Juegos Bebe &#8211; Manta Actividades Bebe Impermeable Reversible &#8211; Tapete De Actividades Bebe &#8211; Gimnasio Infantil Bebe &#8211; Regalo Bebe<\/a><\/td>\n<td>50 \u20ac<\/td>\n<td>16 \u20ac<\/td>\n<\/tr>\n<tr>\n<td>MARKETPLACES<\/td>\n<td><a class=\"ljoptimizer\" href=\"https:\/\/www.amazon.es\/dp\/B07B4SDTQB?tag=amazon087683-21&amp;th=1\" target=\"_blank\" rel=\"nofollow noopener\">Grundig Balance B\u00e9b\u00e9 \u2013 P\u00e8se B\u00e9b\u00e9 Digital jusqu\u2019\u00e0 20kg \u2013 \u00c9cran LCD avec Fonction Tare \u2013 Balance Nouveau-N\u00e9 \u2013 Balancelle et Balancelle \u2013 Accessoire pour Enfant<\/a><\/td>\n<td>30 \u20ac<\/td>\n<td>10 \u20ac<\/td>\n<\/tr>\n<tr>\n<td>MARKETPLACES<\/td>\n<td><a class=\"ljoptimizer\" href=\"https:\/\/www.amazon.es\/dp\/B001U64L94?tag=amazon087683-21&amp;th=1\" target=\"_blank\" rel=\"nofollow noopener\">P&#8217;TIT LIT &#8211; Colch\u00f3n de Cuna de bamb\u00fa &#8211; 72&#215;32 cm &#8211; Viscosa Beb\u00e9 Suave y Sedosa &#8211; Capazo y Cuna Ideal Pram &#8211; Reversible &#8211; Desenfundable &#8211; Hecho en Europa<\/a><\/td>\n<td>29 \u20ac<\/td>\n<td>9 \u20ac<\/td>\n<\/tr>\n<tr>\n<td>MARKETPLACES<\/td>\n<td><a class=\"ljoptimizer\" href=\"https:\/\/www.amazon.es\/dp\/B00SRB5PNQ?tag=amazon087683-21&amp;th=1\" target=\"_blank\" rel=\"nofollow noopener\">Asalvo Barrera de 150cm para Cama, Protecci\u00f3n Anticaidas, para Ni\u00f1os, Abatible, Bolsa Transporte, Dise\u00f1o Extra Alto, Plegable y Port\u00e1til, Fijaci\u00f3n Segura, Blanca<\/a><\/td>\n<td>28 \u20ac<\/td>\n<td>9 \u20ac<\/td>\n<\/tr>\n<tr>\n<td>MARKETPLACES<\/td>\n<td><a class=\"ljoptimizer\" href=\"https:\/\/www.amazon.es\/dp\/B09CZ7MPRC?tag=amazon087683-21&amp;th=1\" target=\"_blank\" rel=\"nofollow noopener\">hauck Click Tray Bandeja para Trona Beb\u00e9 Evolutiva Alpha Plus | Accesorio de Pl\u00e1stico Reciclado GRS para Tronas hauck &#8211; Instalaci\u00f3n con un Clic sin Herramientas- Limpieza F\u00e1cil &#8211; Gris<\/a><\/td>\n<td>26 \u20ac<\/td>\n<td>8 \u20ac<\/td>\n<\/tr>\n<\/tbody>\n<\/table>\n","protected":false},"excerpt":{"rendered":"<p>Pal\u00e9 de Beb\u00e9 sin revisar procedente de devoluciones de marketplaces<\/p>\n<ul>\n<li>N\u00famero de productos: 16<\/li>\n<li>Valor aproximado: 1440.00<\/li>\n<li>Porcentaje que se paga: 26% + IVA<\/li>\n<li>Tiempo de entrega estimado: 3 a 7 d\u00edas<\/li>\n<\/ul>\n<p>*Los precios incluyen IVA<\/p>\n","protected":false},"featured_media":177045,"template":"","meta":{"site-sidebar-layout":"default","site-content-layout":"","ast-site-content-layout":"default","site-content-style":"default","site-sidebar-style":"default","ast-global-header-display":"","ast-banner-title-visibility":"","ast-main-header-display":"","ast-hfb-above-header-display":"","ast-hfb-below-header-display":"","ast-hfb-mobile-header-display":"","site-post-title":"","ast-breadcrumbs-content":"","ast-featured-img":"","footer-sml-layout":"","ast-disable-related-posts":"","theme-transparent-header-meta":"default","adv-header-id-meta":"","stick-header-meta":"","header-above-stick-meta":"","header-main-stick-meta":"","header-below-stick-meta":"","astra-migrate-meta-layouts":"set","ast-page-background-enabled":"default","ast-page-background-meta":{"desktop":{"background-color":"var(--ast-global-color-4)","background-image":"","background-repeat":"repeat","background-position":"center center","background-size":"auto","background-attachment":"scroll","background-type":"","background-media":"","overlay-type":"","overlay-color":"","overlay-opacity":"","overlay-gradient":""},"tablet":{"background-color":"","background-image":"","background-repeat":"repeat","background-position":"center center","background-size":"auto","background-attachment":"scroll","background-type":"","background-media":"","overlay-type":"","overlay-color":"","overlay-opacity":"","overlay-gradient":""},"mobile":{"background-color":"","background-image":"","background-repeat":"repeat","background-position":"center center","background-size":"auto","background-attachment":"scroll","background-type":"","background-media":"","overlay-type":"","overlay-color":"","overlay-opacity":"","overlay-gradient":""}},"ast-content-background-meta":{"desktop":{"background-color":"var(--ast-global-color-5)","background-image":"","background-repeat":"repeat","background-position":"center center","background-size":"auto","background-attachment":"scroll","background-type":"","background-media":"","overlay-type":"","overlay-color":"","overlay-opacity":"","overlay-gradient":""},"tablet":{"background-color":"var(--ast-global-color-5)","background-image":"","background-repeat":"repeat","background-position":"center center","background-size":"auto","background-attachment":"scroll","background-type":"","background-media":"","overlay-type":"","overlay-color":"","overlay-opacity":"","overlay-gradient":""},"mobile":{"background-color":"var(--ast-global-color-5)","background-image":"","background-repeat":"repeat","background-position":"center center","background-size":"auto","background-attachment":"scroll","background-type":"","background-media":"","overlay-type":"","overlay-color":"","overlay-opacity":"","overlay-gradient":""}}},"product_brand":[],"product_cat":[52,65],"product_tag":[],"class_list":{"0":"post-177033","1":"product","2":"type-product","3":"status-publish","4":"has-post-thumbnail","6":"product_cat-bebe","7":"product_cat-pales","8":"product_shipping_class-pale","9":"desktop-align-left","10":"tablet-align-left","11":"mobile-align-left","13":"first","14":"instock","15":"sale","16":"downloadable","17":"taxable","18":"shipping-taxable","19":"purchasable","20":"product-type-simple"},"yoast_head":"<!-- This site is optimized with the Yoast SEO plugin v27.2 - https:\/\/yoast.com\/product\/yoast-seo-wordpress\/ -->\n<title>Pal\u00e9 de Beb\u00e9 [16 productos] (10225073) - Comprardevoluciones - Tu tienda de Devoluciones de Amazon<\/title>\n<meta name=\"robots\" content=\"noindex, follow\" \/>\n<meta property=\"og:locale\" content=\"en_US\" \/>\n<meta property=\"og:type\" content=\"article\" \/>\n<meta property=\"og:title\" content=\"Pal\u00e9 de Beb\u00e9 [16 productos] (10225073) - Comprardevoluciones - Tu tienda de Devoluciones de Amazon\" \/>\n<meta property=\"og:description\" content=\"Pal\u00e9 de Beb\u00e9 sin revisar procedente de devoluciones de marketplaces   N\u00famero de productos: 16  Valor aproximado: 1440.00  Porcentaje que se paga: 26% + IVA  Tiempo de entrega estimado: 3 a 7 d\u00edas  *Los precios incluyen IVA\" \/>\n<meta property=\"og:url\" content=\"https:\/\/comprardevoluciones.com\/producto\/10225073\/\" \/>\n<meta property=\"og:site_name\" content=\"Comprardevoluciones - Tu tienda de Devoluciones de Amazon\" \/>\n<meta property=\"og:image\" content=\"https:\/\/comprardevoluciones.com\/wp-content\/uploads\/2026\/04\/10225073.jpg\" \/>\n\t<meta property=\"og:image:width\" content=\"700\" \/>\n\t<meta property=\"og:image:height\" content=\"700\" \/>\n\t<meta property=\"og:image:type\" content=\"image\/jpeg\" \/>\n<meta name=\"twitter:card\" content=\"summary_large_image\" \/>\n<meta name=\"twitter:label1\" content=\"Est. reading time\" \/>\n\t<meta name=\"twitter:data1\" content=\"3 minutes\" \/>\n<script type=\"application\/ld+json\" class=\"yoast-schema-graph\">{\"@context\":\"https:\/\/schema.org\",\"@graph\":[{\"@type\":\"WebPage\",\"@id\":\"https:\/\/comprardevoluciones.com\/producto\/10225073\/\",\"url\":\"https:\/\/comprardevoluciones.com\/producto\/10225073\/\",\"name\":\"Pal\u00e9 de Beb\u00e9 [16 productos] (10225073) - Comprardevoluciones - Tu tienda de Devoluciones de Amazon\",\"isPartOf\":{\"@id\":\"https:\/\/comprardevoluciones.com\/#website\"},\"primaryImageOfPage\":{\"@id\":\"https:\/\/comprardevoluciones.com\/producto\/10225073\/#primaryimage\"},\"image\":{\"@id\":\"https:\/\/comprardevoluciones.com\/producto\/10225073\/#primaryimage\"},\"thumbnailUrl\":\"https:\/\/comprardevoluciones.com\/wp-content\/uploads\/2026\/04\/10225073.jpg\",\"datePublished\":\"2026-04-13T09:00:44+00:00\",\"breadcrumb\":{\"@id\":\"https:\/\/comprardevoluciones.com\/producto\/10225073\/#breadcrumb\"},\"inLanguage\":\"en-US\",\"potentialAction\":[{\"@type\":\"ReadAction\",\"target\":[\"https:\/\/comprardevoluciones.com\/producto\/10225073\/\"]}]},{\"@type\":\"ImageObject\",\"inLanguage\":\"en-US\",\"@id\":\"https:\/\/comprardevoluciones.com\/producto\/10225073\/#primaryimage\",\"url\":\"https:\/\/comprardevoluciones.com\/wp-content\/uploads\/2026\/04\/10225073.jpg\",\"contentUrl\":\"https:\/\/comprardevoluciones.com\/wp-content\/uploads\/2026\/04\/10225073.jpg\",\"width\":700,\"height\":700},{\"@type\":\"BreadcrumbList\",\"@id\":\"https:\/\/comprardevoluciones.com\/producto\/10225073\/#breadcrumb\",\"itemListElement\":[{\"@type\":\"ListItem\",\"position\":1,\"name\":\"Portada\",\"item\":\"https:\/\/comprardevoluciones.com\/en\/\"},{\"@type\":\"ListItem\",\"position\":2,\"name\":\"Shop\",\"item\":\"https:\/\/comprardevoluciones.com\/en\/shop\/\"},{\"@type\":\"ListItem\",\"position\":3,\"name\":\"Pal\u00e9 de Beb\u00e9 [16 productos] (10225073)\"}]},{\"@type\":\"WebSite\",\"@id\":\"https:\/\/comprardevoluciones.com\/#website\",\"url\":\"https:\/\/comprardevoluciones.com\/\",\"name\":\"Comprardevoluciones - Tu tienda de Devoluciones de Amazon\",\"description\":\"Consigue Stock en buen estado a un precio imbatible\",\"potentialAction\":[{\"@type\":\"SearchAction\",\"target\":{\"@type\":\"EntryPoint\",\"urlTemplate\":\"https:\/\/comprardevoluciones.com\/?s={search_term_string}\"},\"query-input\":{\"@type\":\"PropertyValueSpecification\",\"valueRequired\":true,\"valueName\":\"search_term_string\"}}],\"inLanguage\":\"en-US\"}]}<\/script>\n<!-- \/ Yoast SEO plugin. -->","yoast_head_json":{"title":"Pal\u00e9 de Beb\u00e9 [16 productos] (10225073) - Comprardevoluciones - Tu tienda de Devoluciones de Amazon","robots":{"index":"noindex","follow":"follow"},"og_locale":"en_US","og_type":"article","og_title":"Pal\u00e9 de Beb\u00e9 [16 productos] (10225073) - Comprardevoluciones - Tu tienda de Devoluciones de Amazon","og_description":"Pal\u00e9 de Beb\u00e9 sin revisar procedente de devoluciones de marketplaces   N\u00famero de productos: 16  Valor aproximado: 1440.00  Porcentaje que se paga: 26% + IVA  Tiempo de entrega estimado: 3 a 7 d\u00edas  *Los precios incluyen IVA","og_url":"https:\/\/comprardevoluciones.com\/producto\/10225073\/","og_site_name":"Comprardevoluciones - Tu tienda de Devoluciones de Amazon","og_image":[{"width":700,"height":700,"url":"https:\/\/comprardevoluciones.com\/wp-content\/uploads\/2026\/04\/10225073.jpg","type":"image\/jpeg"}],"twitter_card":"summary_large_image","twitter_misc":{"Est. reading time":"3 minutes"},"schema":{"@context":"https:\/\/schema.org","@graph":[{"@type":"WebPage","@id":"https:\/\/comprardevoluciones.com\/producto\/10225073\/","url":"https:\/\/comprardevoluciones.com\/producto\/10225073\/","name":"Pal\u00e9 de Beb\u00e9 [16 productos] (10225073) - Comprardevoluciones - Tu tienda de Devoluciones de Amazon","isPartOf":{"@id":"https:\/\/comprardevoluciones.com\/#website"},"primaryImageOfPage":{"@id":"https:\/\/comprardevoluciones.com\/producto\/10225073\/#primaryimage"},"image":{"@id":"https:\/\/comprardevoluciones.com\/producto\/10225073\/#primaryimage"},"thumbnailUrl":"https:\/\/comprardevoluciones.com\/wp-content\/uploads\/2026\/04\/10225073.jpg","datePublished":"2026-04-13T09:00:44+00:00","breadcrumb":{"@id":"https:\/\/comprardevoluciones.com\/producto\/10225073\/#breadcrumb"},"inLanguage":"en-US","potentialAction":[{"@type":"ReadAction","target":["https:\/\/comprardevoluciones.com\/producto\/10225073\/"]}]},{"@type":"ImageObject","inLanguage":"en-US","@id":"https:\/\/comprardevoluciones.com\/producto\/10225073\/#primaryimage","url":"https:\/\/comprardevoluciones.com\/wp-content\/uploads\/2026\/04\/10225073.jpg","contentUrl":"https:\/\/comprardevoluciones.com\/wp-content\/uploads\/2026\/04\/10225073.jpg","width":700,"height":700},{"@type":"BreadcrumbList","@id":"https:\/\/comprardevoluciones.com\/producto\/10225073\/#breadcrumb","itemListElement":[{"@type":"ListItem","position":1,"name":"Portada","item":"https:\/\/comprardevoluciones.com\/en\/"},{"@type":"ListItem","position":2,"name":"Shop","item":"https:\/\/comprardevoluciones.com\/en\/shop\/"},{"@type":"ListItem","position":3,"name":"Pal\u00e9 de Beb\u00e9 [16 productos] (10225073)"}]},{"@type":"WebSite","@id":"https:\/\/comprardevoluciones.com\/#website","url":"https:\/\/comprardevoluciones.com\/","name":"Comprardevoluciones - Tu tienda de Devoluciones de Amazon","description":"Consigue Stock en buen estado a un precio imbatible","potentialAction":[{"@type":"SearchAction","target":{"@type":"EntryPoint","urlTemplate":"https:\/\/comprardevoluciones.com\/?s={search_term_string}"},"query-input":{"@type":"PropertyValueSpecification","valueRequired":true,"valueName":"search_term_string"}}],"inLanguage":"en-US"}]}},"_links":{"self":[{"href":"https:\/\/comprardevoluciones.com\/en\/wp-json\/wp\/v2\/product\/177033","targetHints":{"allow":["GET"]}}],"collection":[{"href":"https:\/\/comprardevoluciones.com\/en\/wp-json\/wp\/v2\/product"}],"about":[{"href":"https:\/\/comprardevoluciones.com\/en\/wp-json\/wp\/v2\/types\/product"}],"wp:featuredmedia":[{"embeddable":true,"href":"https:\/\/comprardevoluciones.com\/en\/wp-json\/wp\/v2\/media\/177045"}],"wp:attachment":[{"href":"https:\/\/comprardevoluciones.com\/en\/wp-json\/wp\/v2\/media?parent=177033"}],"wp:term":[{"taxonomy":"product_brand","embeddable":true,"href":"https:\/\/comprardevoluciones.com\/en\/wp-json\/wp\/v2\/product_brand?post=177033"},{"taxonomy":"product_cat","embeddable":true,"href":"https:\/\/comprardevoluciones.com\/en\/wp-json\/wp\/v2\/product_cat?post=177033"},{"taxonomy":"product_tag","embeddable":true,"href":"https:\/\/comprardevoluciones.com\/en\/wp-json\/wp\/v2\/product_tag?post=177033"}],"curies":[{"name":"wp","href":"https:\/\/api.w.org\/{rel}","templated":true}]}}