{"id":178987,"date":"2026-04-15T09:55:23","date_gmt":"2026-04-15T08:55:23","guid":{"rendered":"https:\/\/comprardevoluciones.com\/?post_type=product&#038;p=178987"},"modified":"2026-04-27T12:34:05","modified_gmt":"2026-04-27T11:34:05","slug":"10225052","status":"publish","type":"product","link":"https:\/\/comprardevoluciones.com\/en\/producto\/10225052\/","title":{"rendered":"Pal\u00e9 de Hogar [24 productos] (10225052)"},"content":{"rendered":"<p>Descripci\u00f3n y valor aproximados<\/p>\n<table>\n<tbody>\n<tr>\n<td><strong>FUENTE<\/strong><\/td>\n<td><strong>PRODUCTO<\/strong><\/td>\n<td><strong>VALOR (\u20ac)<\/strong><\/td>\n<td><strong>PAGAS (\u20ac)<\/strong><\/td>\n<\/tr>\n<tr>\n<td>MARKETPLACES<\/td>\n<td><a class=\"ljoptimizer\" href=\"https:\/\/www.amazon.es\/dp\/B004HXFFH4?tag=amazon087683-21&amp;th=1\" target=\"_blank\" rel=\"nofollow noopener\">Kartell Bourgie, L\u00e1mpara de mesa con regulador de intensidad, Regulable, Oro<\/a><\/td>\n<td>629 \u20ac<\/td>\n<td>126 \u20ac<\/td>\n<\/tr>\n<tr>\n<td>MARKETPLACES<\/td>\n<td><a class=\"ljoptimizer\" href=\"https:\/\/www.amazon.es\/dp\/B00DHD0Y2Q?tag=amazon087683-21&amp;th=1\" target=\"_blank\" rel=\"nofollow noopener\">Ferplast Kit de 6 Paneles Aislantes para Caseta Perro DOGVILLA 110, Aislamiento T\u00e9rmico, F\u00e1cil Instalaci\u00f3n, 94 x 67 x h 8 cm<\/a><\/td>\n<td>177 \u20ac<\/td>\n<td>35 \u20ac<\/td>\n<\/tr>\n<tr>\n<td>MARKETPLACES<\/td>\n<td><a class=\"ljoptimizer\" href=\"https:\/\/www.amazon.es\/dp\/B0BQ1WVQS4?tag=amazon087683-21&amp;th=1\" target=\"_blank\" rel=\"nofollow noopener\">Cecotec Ventilador de Techo con Luz EnergySilence Aero 5350 Black Design. 30W, Di\u00e1metro 52\u201d con 3 Aspas, Motor DC, Luz LED, Mando a distancia, Temporizador y Modo Winter-Summer<\/a><\/td>\n<td>124 \u20ac<\/td>\n<td>25 \u20ac<\/td>\n<\/tr>\n<tr>\n<td>MARKETPLACES<\/td>\n<td><a class=\"ljoptimizer\" href=\"https:\/\/www.amazon.es\/dp\/B07Z74VXLF?tag=amazon087683-21&amp;th=1\" target=\"_blank\" rel=\"nofollow noopener\">DODO &#8211; Couette Temp\u00e9r\u00e9e Multi Protect 200&#215;200 cm &#8211; Convient 2 Personnes &#8211; Anti-Acariens et Punaises de Lit &#8211; Tissu 100% Polyester &#8211; Garnissage 100% Polyester Termolite Lin Protect &#8211; Lavable \u00e0 40\u00b0C<\/a><\/td>\n<td>78 \u20ac<\/td>\n<td>16 \u20ac<\/td>\n<\/tr>\n<tr>\n<td>MARKETPLACES<\/td>\n<td><a class=\"ljoptimizer\" href=\"https:\/\/www.amazon.es\/dp\/B076H33XZP?tag=amazon087683-21&amp;th=1\" target=\"_blank\" rel=\"nofollow noopener\">Martina Home Funda Chaise Longue El\u00e1stica EMILIA Brazo Derecho Largo (visto de frente), Negro<\/a><\/td>\n<td>74 \u20ac<\/td>\n<td>15 \u20ac<\/td>\n<\/tr>\n<tr>\n<td>MARKETPLACES<\/td>\n<td><a class=\"ljoptimizer\" href=\"https:\/\/www.amazon.es\/dp\/B09TL86RB6?tag=amazon087683-21&amp;th=1\" target=\"_blank\" rel=\"nofollow noopener\">Tefal Ingenio Easy On &#8211; Juego de 2 Sartenes 24\/28 cm + Mango extra\u00edble, No apto inducci\u00f3n, antiadherentes, revestimiento titanio, Thermo-signal, apto lavavajillas y horno<\/a><\/td>\n<td>61 \u20ac<\/td>\n<td>12 \u20ac<\/td>\n<\/tr>\n<tr>\n<td>MARKETPLACES<\/td>\n<td><a class=\"ljoptimizer\" href=\"https:\/\/www.amazon.es\/dp\/B0BPWXDYTQ?tag=amazon087683-21&amp;th=1\" target=\"_blank\" rel=\"nofollow noopener\">SONGMICS Cubo de Basura de Cocina 50 L, Basurero con Tapa con Sensor, Cierre Suave y Anilla de Sujeci\u00f3n de Bolsas, Acero Inoxidable, 15 Bolsas Incluidas, Plata LTB610E50<\/a><\/td>\n<td>60 \u20ac<\/td>\n<td>12 \u20ac<\/td>\n<\/tr>\n<tr>\n<td>MARKETPLACES<\/td>\n<td><a class=\"ljoptimizer\" href=\"https:\/\/www.amazon.es\/dp\/B0962S35D3?tag=amazon087683-21&amp;th=1\" target=\"_blank\" rel=\"nofollow noopener\">SONGMICS Cubo de Basura de Cocina, Basurero Clasificador 3 x 8 L, Capacidad Peque\u00f1a, con Tapas, Triple Cubo de Acero para Familias Peque\u00f1as, Pedales y Cubos, Blanco Crema y Marr\u00f3n LTB024A01<\/a><\/td>\n<td>48 \u20ac<\/td>\n<td>10 \u20ac<\/td>\n<\/tr>\n<tr>\n<td>MARKETPLACES<\/td>\n<td><a class=\"ljoptimizer\" href=\"https:\/\/www.amazon.es\/dp\/B01E7GWRUI?tag=amazon087683-21&amp;th=1\" target=\"_blank\" rel=\"nofollow noopener\">Blindecor Draco Estor enrollable opaco liso &#8211; Blanco roto, 160 x 175 cm (Ancho por Alto). Tama\u00f1o de la Tela 157 x 170 cm. Estores t\u00e9rmicos blackout<\/a><\/td>\n<td>42 \u20ac<\/td>\n<td>8 \u20ac<\/td>\n<\/tr>\n<tr>\n<td>MARKETPLACES<\/td>\n<td><a class=\"ljoptimizer\" href=\"https:\/\/www.amazon.es\/dp\/B01DKYP8F4?tag=amazon087683-21&amp;th=1\" target=\"_blank\" rel=\"nofollow noopener\">Tramontina &#8211; Sart\u00e9n Professional, de Acero Inoxidable y Terminaci\u00f3n Brillante, con Fondo Triple y Mango, 26 cm y 2 L<\/a><\/td>\n<td>40 \u20ac<\/td>\n<td>8 \u20ac<\/td>\n<\/tr>\n<tr>\n<td>MARKETPLACES<\/td>\n<td><a class=\"ljoptimizer\" href=\"https:\/\/www.amazon.es\/dp\/B087XHY87S?tag=amazon087683-21&amp;th=1\" target=\"_blank\" rel=\"nofollow noopener\">Rotho Country Contenedor rodante con 3 cajones en apariencia de rat\u00e1n, Pl\u00e1stico (PP) sin BPA, blanco, 3 x A4\/18l (37.5 x 32.5 x 71.2 cm)<\/a><\/td>\n<td>39 \u20ac<\/td>\n<td>8 \u20ac<\/td>\n<\/tr>\n<tr>\n<td>MARKETPLACES<\/td>\n<td><a class=\"ljoptimizer\" href=\"https:\/\/www.amazon.es\/dp\/B0899LPG9F?tag=amazon087683-21&amp;th=1\" target=\"_blank\" rel=\"nofollow noopener\">Todocama &#8211; Almohada viscoel\u00e1stica, Anti\u00e1caros y Antibacterias. N\u00facleo Compacto. Doble Funda con Cremallera. Tejido Aloe Vera. Termorregulable adaptabilidad al Cuello. (Pack de 2 Unidades de 75 cm)<\/a><\/td>\n<td>38 \u20ac<\/td>\n<td>8 \u20ac<\/td>\n<\/tr>\n<tr>\n<td>MARKETPLACES<\/td>\n<td><a class=\"ljoptimizer\" href=\"https:\/\/www.amazon.es\/dp\/B09MR8CMH7?tag=amazon087683-21&amp;th=1\" target=\"_blank\" rel=\"nofollow noopener\">Vileda Turbo Juego de Cubo de fregona para Suelos giratoria con Pedal &#8211; Mango telesc\u00f3pico 85-123 cm &#8211; Cabezal de Microfibra 2 en 1 &#8211; Love it Clean &#8211; Embalaje sostenible<\/a><\/td>\n<td>31 \u20ac<\/td>\n<td>6 \u20ac<\/td>\n<\/tr>\n<tr>\n<td>MARKETPLACES<\/td>\n<td><a class=\"ljoptimizer\" href=\"https:\/\/www.amazon.es\/dp\/B08N11JG46?tag=amazon087683-21&amp;th=1\" target=\"_blank\" rel=\"nofollow noopener\">Blindecor Ara | Estor enrollable transl\u00facido liso &#8211; Beige, 150 x 175 cm (ancho por alto) | Tama\u00f1o de la Tela 147 x 170 cm | Estores para ventanas<\/a><\/td>\n<td>27 \u20ac<\/td>\n<td>5 \u20ac<\/td>\n<\/tr>\n<tr>\n<td>MARKETPLACES<\/td>\n<td><a class=\"ljoptimizer\" href=\"https:\/\/www.amazon.es\/dp\/B07GFKTYSQ?tag=amazon087683-21&amp;th=1\" target=\"_blank\" rel=\"nofollow noopener\">Amazon Basics Tendedero tipo torre, para interior, con alas plegables, Plateado, 4-niveles, 126 x 64 x 173 cm (L x W x H)<\/a><\/td>\n<td>27 \u20ac<\/td>\n<td>5 \u20ac<\/td>\n<\/tr>\n<tr>\n<td>MARKETPLACES<\/td>\n<td><a class=\"ljoptimizer\" href=\"https:\/\/www.amazon.es\/dp\/B00CFIC9JU?tag=amazon087683-21&amp;th=1\" target=\"_blank\" rel=\"nofollow noopener\">Zeller 11123 Magnettafel, Metall, 40 x 60 cm, wei\u00df<\/a><\/td>\n<td>27 \u20ac<\/td>\n<td>5 \u20ac<\/td>\n<\/tr>\n<tr>\n<td>MARKETPLACES<\/td>\n<td><a class=\"ljoptimizer\" href=\"https:\/\/www.amazon.es\/dp\/B07ZPF7WSX?tag=amazon087683-21&amp;th=1\" target=\"_blank\" rel=\"nofollow noopener\">Todocama &#8211; Almohada viscoel\u00e1stica Aloe Vera con Copos 100% viscoel\u00e1sticos. Tejido Strech Aloe Vera. Termoregulable. Firmeza Media &#8211; Alta. Fabricado en Espa\u00f1a. (Pack 2 x 75 cm)<\/a><\/td>\n<td>25 \u20ac<\/td>\n<td>5 \u20ac<\/td>\n<\/tr>\n<tr>\n<td>MARKETPLACES<\/td>\n<td><a class=\"ljoptimizer\" href=\"https:\/\/www.amazon.es\/dp\/B0C1BWRZSS?tag=amazon087683-21&amp;th=1\" target=\"_blank\" rel=\"nofollow noopener\">CAHAYA Soporte de guitarra de suelo con 2 sujetadores de m\u00e1stil, tr\u00edpode plegable de metal, soporte universal, CY0321<\/a><\/td>\n<td>23 \u20ac<\/td>\n<td>5 \u20ac<\/td>\n<\/tr>\n<tr>\n<td>MARKETPLACES<\/td>\n<td><a class=\"ljoptimizer\" href=\"https:\/\/www.amazon.es\/dp\/B07PRTYHGY?tag=amazon087683-21&amp;th=1\" target=\"_blank\" rel=\"nofollow noopener\">MaxxPro Barrier Puerta de seguridad para perro extensible, ancho 30-117 cm, altura 90 cm<\/a><\/td>\n<td>20 \u20ac<\/td>\n<td>4 \u20ac<\/td>\n<\/tr>\n<tr>\n<td>MARKETPLACES<\/td>\n<td><a class=\"ljoptimizer\" href=\"https:\/\/www.amazon.es\/dp\/B0FJS5CZGL?tag=amazon087683-21&amp;th=1\" target=\"_blank\" rel=\"nofollow noopener\">Relaxdays Kleiderst\u00e4nder, HBT: 150 x 110 x 40 cm, mit Ablage &amp; Kleiderstange, Metall, stabil, Garderobenst\u00e4nder, schwarz<\/a><\/td>\n<td>17 \u20ac<\/td>\n<td>3 \u20ac<\/td>\n<\/tr>\n<tr>\n<td>MARKETPLACES<\/td>\n<td><a class=\"ljoptimizer\" href=\"https:\/\/www.amazon.es\/dp\/B00QX80Z6W?tag=amazon087683-21&amp;th=1\" target=\"_blank\" rel=\"nofollow noopener\">Cat&#8217;S Best Arena para Gatos Universal 20 L (11 kg). Arena para P\u00e1jaros, Conejos Biodegradable Sin Polvo. Lecho para Conejos Ecol\u00f3gico de Fibra Vegetal.<\/a><\/td>\n<td>13 \u20ac<\/td>\n<td>3 \u20ac<\/td>\n<\/tr>\n<tr>\n<td>MARKETPLACES<\/td>\n<td><a class=\"ljoptimizer\" href=\"https:\/\/www.amazon.es\/dp\/B004SHCOTG?tag=amazon087683-21&amp;th=1\" target=\"_blank\" rel=\"nofollow noopener\">VAELLO &#8211; Couvercle \u00e0 Paella en Aluminium &#8211; Cuisson Optimale &#8211; Accessoire de Cuisine R\u00e9sistant, Anti \u00c9claboussures, Anti Corrosion &#8211; Facile \u00e0 Nettoyer &#8211; \u00d8 40 cm<\/a><\/td>\n<td>12 \u20ac<\/td>\n<td>2 \u20ac<\/td>\n<\/tr>\n<tr>\n<td>MARKETPLACES<\/td>\n<td><a class=\"ljoptimizer\" href=\"https:\/\/www.amazon.es\/dp\/B0BHWR6CFY?tag=amazon087683-21&amp;th=1\" target=\"_blank\" rel=\"nofollow noopener\">L\u00e9ku\u00e9 Esp\u00e1tula de cocina, Silicona de 28 mm Verde<\/a><\/td>\n<td>7 \u20ac<\/td>\n<td>1 \u20ac<\/td>\n<\/tr>\n<tr>\n<td>MARKETPLACES<\/td>\n<td><a class=\"ljoptimizer\" href=\"https:\/\/www.amazon.es\/dp\/B00CIZWYOU?tag=amazon087683-21&amp;th=1\" target=\"_blank\" rel=\"nofollow noopener\">TATAY Tapa WC Universal | Ideal para Reposici\u00f3n | Retirada R\u00e1pida con F\u00e1cil Limpieza | Termopl\u00e1stico | Fabricado en Espa\u00f1a | Fijaci\u00f3n F\u00e1cil instalaci\u00f3n | Forma Ovalada &#8211; Modelo Standard &#8211; Blanco<\/a><\/td>\n<td>6 \u20ac<\/td>\n<td>1 \u20ac<\/td>\n<\/tr>\n<\/tbody>\n<\/table>\n","protected":false},"excerpt":{"rendered":"<p>Pal\u00e9 de Hogar sin revisar procedente de devoluciones de marketplaces<\/p>\n<ul>\n<li>N\u00famero de productos: 24<\/li>\n<li>Valor aproximado: 1645.00<\/li>\n<li>Porcentaje que se paga: 16% + IVA<\/li>\n<li>Tiempo de entrega estimado: 3 a 7 d\u00edas<\/li>\n<\/ul>\n<p>*Los precios incluyen IVA<\/p>\n","protected":false},"featured_media":177355,"template":"","meta":{"site-sidebar-layout":"default","site-content-layout":"","ast-site-content-layout":"default","site-content-style":"default","site-sidebar-style":"default","ast-global-header-display":"","ast-banner-title-visibility":"","ast-main-header-display":"","ast-hfb-above-header-display":"","ast-hfb-below-header-display":"","ast-hfb-mobile-header-display":"","site-post-title":"","ast-breadcrumbs-content":"","ast-featured-img":"","footer-sml-layout":"","ast-disable-related-posts":"","theme-transparent-header-meta":"default","adv-header-id-meta":"","stick-header-meta":"","header-above-stick-meta":"","header-main-stick-meta":"","header-below-stick-meta":"","astra-migrate-meta-layouts":"set","ast-page-background-enabled":"default","ast-page-background-meta":{"desktop":{"background-color":"var(--ast-global-color-4)","background-image":"","background-repeat":"repeat","background-position":"center center","background-size":"auto","background-attachment":"scroll","background-type":"","background-media":"","overlay-type":"","overlay-color":"","overlay-opacity":"","overlay-gradient":""},"tablet":{"background-color":"","background-image":"","background-repeat":"repeat","background-position":"center center","background-size":"auto","background-attachment":"scroll","background-type":"","background-media":"","overlay-type":"","overlay-color":"","overlay-opacity":"","overlay-gradient":""},"mobile":{"background-color":"","background-image":"","background-repeat":"repeat","background-position":"center center","background-size":"auto","background-attachment":"scroll","background-type":"","background-media":"","overlay-type":"","overlay-color":"","overlay-opacity":"","overlay-gradient":""}},"ast-content-background-meta":{"desktop":{"background-color":"var(--ast-global-color-5)","background-image":"","background-repeat":"repeat","background-position":"center center","background-size":"auto","background-attachment":"scroll","background-type":"","background-media":"","overlay-type":"","overlay-color":"","overlay-opacity":"","overlay-gradient":""},"tablet":{"background-color":"var(--ast-global-color-5)","background-image":"","background-repeat":"repeat","background-position":"center center","background-size":"auto","background-attachment":"scroll","background-type":"","background-media":"","overlay-type":"","overlay-color":"","overlay-opacity":"","overlay-gradient":""},"mobile":{"background-color":"var(--ast-global-color-5)","background-image":"","background-repeat":"repeat","background-position":"center center","background-size":"auto","background-attachment":"scroll","background-type":"","background-media":"","overlay-type":"","overlay-color":"","overlay-opacity":"","overlay-gradient":""}}},"product_brand":[],"product_cat":[43,65],"product_tag":[],"class_list":{"0":"post-178987","1":"product","2":"type-product","3":"status-publish","4":"has-post-thumbnail","6":"product_cat-hogar","7":"product_cat-pales","8":"product_shipping_class-pale","9":"desktop-align-left","10":"tablet-align-left","11":"mobile-align-left","13":"first","14":"outofstock","15":"sale","16":"downloadable","17":"taxable","18":"shipping-taxable","19":"purchasable","20":"product-type-simple"},"yoast_head":"<!-- This site is optimized with the Yoast SEO plugin v27.5 - https:\/\/yoast.com\/product\/yoast-seo-wordpress\/ -->\n<title>Pal\u00e9 de Hogar [24 productos] (10225052) - Comprardevoluciones - Tu tienda de Devoluciones de Amazon<\/title>\n<meta name=\"robots\" content=\"noindex, follow\" \/>\n<meta property=\"og:locale\" content=\"en_US\" \/>\n<meta property=\"og:type\" content=\"article\" \/>\n<meta property=\"og:title\" content=\"Pal\u00e9 de Hogar [24 productos] (10225052) - Comprardevoluciones - Tu tienda de Devoluciones de Amazon\" \/>\n<meta property=\"og:description\" content=\"Pal\u00e9 de Hogar sin revisar procedente de devoluciones de marketplaces   N\u00famero de productos: 24  Valor aproximado: 1645.00  Porcentaje que se paga: 16% + IVA  Tiempo de entrega estimado: 3 a 7 d\u00edas  *Los precios incluyen IVA\" \/>\n<meta property=\"og:url\" content=\"https:\/\/comprardevoluciones.com\/producto\/10225052\/\" \/>\n<meta property=\"og:site_name\" content=\"Comprardevoluciones - Tu tienda de Devoluciones de Amazon\" \/>\n<meta property=\"article:modified_time\" content=\"2026-04-27T11:34:05+00:00\" \/>\n<meta property=\"og:image\" content=\"https:\/\/comprardevoluciones.com\/wp-content\/uploads\/2026\/04\/10225052.jpg\" \/>\n\t<meta property=\"og:image:width\" content=\"700\" \/>\n\t<meta property=\"og:image:height\" content=\"700\" \/>\n\t<meta property=\"og:image:type\" content=\"image\/jpeg\" \/>\n<meta name=\"twitter:card\" content=\"summary_large_image\" \/>\n<meta name=\"twitter:label1\" content=\"Est. reading time\" \/>\n\t<meta name=\"twitter:data1\" content=\"4 minutes\" \/>\n<script type=\"application\/ld+json\" class=\"yoast-schema-graph\">{\"@context\":\"https:\\\/\\\/schema.org\",\"@graph\":[{\"@type\":\"WebPage\",\"@id\":\"https:\\\/\\\/comprardevoluciones.com\\\/producto\\\/10225052\\\/\",\"url\":\"https:\\\/\\\/comprardevoluciones.com\\\/producto\\\/10225052\\\/\",\"name\":\"Pal\u00e9 de Hogar [24 productos] (10225052) - Comprardevoluciones - Tu tienda de Devoluciones de Amazon\",\"isPartOf\":{\"@id\":\"https:\\\/\\\/comprardevoluciones.com\\\/#website\"},\"primaryImageOfPage\":{\"@id\":\"https:\\\/\\\/comprardevoluciones.com\\\/producto\\\/10225052\\\/#primaryimage\"},\"image\":{\"@id\":\"https:\\\/\\\/comprardevoluciones.com\\\/producto\\\/10225052\\\/#primaryimage\"},\"thumbnailUrl\":\"https:\\\/\\\/comprardevoluciones.com\\\/wp-content\\\/uploads\\\/2026\\\/04\\\/10225052.jpg\",\"datePublished\":\"2026-04-15T08:55:23+00:00\",\"dateModified\":\"2026-04-27T11:34:05+00:00\",\"breadcrumb\":{\"@id\":\"https:\\\/\\\/comprardevoluciones.com\\\/producto\\\/10225052\\\/#breadcrumb\"},\"inLanguage\":\"en-US\",\"potentialAction\":[{\"@type\":\"ReadAction\",\"target\":[\"https:\\\/\\\/comprardevoluciones.com\\\/producto\\\/10225052\\\/\"]}]},{\"@type\":\"ImageObject\",\"inLanguage\":\"en-US\",\"@id\":\"https:\\\/\\\/comprardevoluciones.com\\\/producto\\\/10225052\\\/#primaryimage\",\"url\":\"https:\\\/\\\/comprardevoluciones.com\\\/wp-content\\\/uploads\\\/2026\\\/04\\\/10225052.jpg\",\"contentUrl\":\"https:\\\/\\\/comprardevoluciones.com\\\/wp-content\\\/uploads\\\/2026\\\/04\\\/10225052.jpg\",\"width\":700,\"height\":700},{\"@type\":\"BreadcrumbList\",\"@id\":\"https:\\\/\\\/comprardevoluciones.com\\\/producto\\\/10225052\\\/#breadcrumb\",\"itemListElement\":[{\"@type\":\"ListItem\",\"position\":1,\"name\":\"Portada\",\"item\":\"https:\\\/\\\/comprardevoluciones.com\\\/en\\\/\"},{\"@type\":\"ListItem\",\"position\":2,\"name\":\"Shop\",\"item\":\"https:\\\/\\\/comprardevoluciones.com\\\/en\\\/shop\\\/\"},{\"@type\":\"ListItem\",\"position\":3,\"name\":\"Pal\u00e9 de Hogar [24 productos] (10225052)\"}]},{\"@type\":\"WebSite\",\"@id\":\"https:\\\/\\\/comprardevoluciones.com\\\/#website\",\"url\":\"https:\\\/\\\/comprardevoluciones.com\\\/\",\"name\":\"Comprardevoluciones - Tu tienda de Devoluciones de Amazon\",\"description\":\"Consigue Stock en buen estado a un precio imbatible\",\"potentialAction\":[{\"@type\":\"SearchAction\",\"target\":{\"@type\":\"EntryPoint\",\"urlTemplate\":\"https:\\\/\\\/comprardevoluciones.com\\\/?s={search_term_string}\"},\"query-input\":{\"@type\":\"PropertyValueSpecification\",\"valueRequired\":true,\"valueName\":\"search_term_string\"}}],\"inLanguage\":\"en-US\"}]}<\/script>\n<!-- \/ Yoast SEO plugin. -->","yoast_head_json":{"title":"Pal\u00e9 de Hogar [24 productos] (10225052) - Comprardevoluciones - Tu tienda de Devoluciones de Amazon","robots":{"index":"noindex","follow":"follow"},"og_locale":"en_US","og_type":"article","og_title":"Pal\u00e9 de Hogar [24 productos] (10225052) - Comprardevoluciones - Tu tienda de Devoluciones de Amazon","og_description":"Pal\u00e9 de Hogar sin revisar procedente de devoluciones de marketplaces   N\u00famero de productos: 24  Valor aproximado: 1645.00  Porcentaje que se paga: 16% + IVA  Tiempo de entrega estimado: 3 a 7 d\u00edas  *Los precios incluyen IVA","og_url":"https:\/\/comprardevoluciones.com\/producto\/10225052\/","og_site_name":"Comprardevoluciones - Tu tienda de Devoluciones de Amazon","article_modified_time":"2026-04-27T11:34:05+00:00","og_image":[{"width":700,"height":700,"url":"https:\/\/comprardevoluciones.com\/wp-content\/uploads\/2026\/04\/10225052.jpg","type":"image\/jpeg"}],"twitter_card":"summary_large_image","twitter_misc":{"Est. reading time":"4 minutes"},"schema":{"@context":"https:\/\/schema.org","@graph":[{"@type":"WebPage","@id":"https:\/\/comprardevoluciones.com\/producto\/10225052\/","url":"https:\/\/comprardevoluciones.com\/producto\/10225052\/","name":"Pal\u00e9 de Hogar [24 productos] (10225052) - Comprardevoluciones - Tu tienda de Devoluciones de Amazon","isPartOf":{"@id":"https:\/\/comprardevoluciones.com\/#website"},"primaryImageOfPage":{"@id":"https:\/\/comprardevoluciones.com\/producto\/10225052\/#primaryimage"},"image":{"@id":"https:\/\/comprardevoluciones.com\/producto\/10225052\/#primaryimage"},"thumbnailUrl":"https:\/\/comprardevoluciones.com\/wp-content\/uploads\/2026\/04\/10225052.jpg","datePublished":"2026-04-15T08:55:23+00:00","dateModified":"2026-04-27T11:34:05+00:00","breadcrumb":{"@id":"https:\/\/comprardevoluciones.com\/producto\/10225052\/#breadcrumb"},"inLanguage":"en-US","potentialAction":[{"@type":"ReadAction","target":["https:\/\/comprardevoluciones.com\/producto\/10225052\/"]}]},{"@type":"ImageObject","inLanguage":"en-US","@id":"https:\/\/comprardevoluciones.com\/producto\/10225052\/#primaryimage","url":"https:\/\/comprardevoluciones.com\/wp-content\/uploads\/2026\/04\/10225052.jpg","contentUrl":"https:\/\/comprardevoluciones.com\/wp-content\/uploads\/2026\/04\/10225052.jpg","width":700,"height":700},{"@type":"BreadcrumbList","@id":"https:\/\/comprardevoluciones.com\/producto\/10225052\/#breadcrumb","itemListElement":[{"@type":"ListItem","position":1,"name":"Portada","item":"https:\/\/comprardevoluciones.com\/en\/"},{"@type":"ListItem","position":2,"name":"Shop","item":"https:\/\/comprardevoluciones.com\/en\/shop\/"},{"@type":"ListItem","position":3,"name":"Pal\u00e9 de Hogar [24 productos] (10225052)"}]},{"@type":"WebSite","@id":"https:\/\/comprardevoluciones.com\/#website","url":"https:\/\/comprardevoluciones.com\/","name":"Comprardevoluciones - Tu tienda de Devoluciones de Amazon","description":"Consigue Stock en buen estado a un precio imbatible","potentialAction":[{"@type":"SearchAction","target":{"@type":"EntryPoint","urlTemplate":"https:\/\/comprardevoluciones.com\/?s={search_term_string}"},"query-input":{"@type":"PropertyValueSpecification","valueRequired":true,"valueName":"search_term_string"}}],"inLanguage":"en-US"}]}},"_links":{"self":[{"href":"https:\/\/comprardevoluciones.com\/en\/wp-json\/wp\/v2\/product\/178987","targetHints":{"allow":["GET"]}}],"collection":[{"href":"https:\/\/comprardevoluciones.com\/en\/wp-json\/wp\/v2\/product"}],"about":[{"href":"https:\/\/comprardevoluciones.com\/en\/wp-json\/wp\/v2\/types\/product"}],"wp:featuredmedia":[{"embeddable":true,"href":"https:\/\/comprardevoluciones.com\/en\/wp-json\/wp\/v2\/media\/177355"}],"wp:attachment":[{"href":"https:\/\/comprardevoluciones.com\/en\/wp-json\/wp\/v2\/media?parent=178987"}],"wp:term":[{"taxonomy":"product_brand","embeddable":true,"href":"https:\/\/comprardevoluciones.com\/en\/wp-json\/wp\/v2\/product_brand?post=178987"},{"taxonomy":"product_cat","embeddable":true,"href":"https:\/\/comprardevoluciones.com\/en\/wp-json\/wp\/v2\/product_cat?post=178987"},{"taxonomy":"product_tag","embeddable":true,"href":"https:\/\/comprardevoluciones.com\/en\/wp-json\/wp\/v2\/product_tag?post=178987"}],"curies":[{"name":"wp","href":"https:\/\/api.w.org\/{rel}","templated":true}]}}