{"id":180174,"date":"2026-05-04T09:59:09","date_gmt":"2026-05-04T08:59:09","guid":{"rendered":"https:\/\/comprardevoluciones.com\/?post_type=product&#038;p=180174"},"modified":"2026-05-04T09:32:23","modified_gmt":"2026-05-04T08:32:23","slug":"10227109","status":"publish","type":"product","link":"https:\/\/comprardevoluciones.com\/en\/producto\/10227109\/","title":{"rendered":"Pal\u00e9 de Instrumentos y Juguetes [26 productos] (10227109)"},"content":{"rendered":"<p>Descripci\u00f3n y valor aproximados<\/p>\n<table>\n<tbody>\n<tr>\n<td><strong>FUENTE<\/strong><\/td>\n<td><strong>PRODUCTO<\/strong><\/td>\n<td><strong>VALOR (\u20ac)<\/strong><\/td>\n<td><strong>PAGAS (\u20ac)<\/strong><\/td>\n<\/tr>\n<tr>\n<td>MARKETPLACES<\/td>\n<td><a class=\"ljoptimizer\" href=\"https:\/\/www.amazon.es\/dp\/B004OSJTQ0?tag=amazon087683-21&amp;th=1\" target=\"_blank\" rel=\"nofollow noopener\">Ibiza &#8211; PORT12VHF-BT &#8211; Altavoz port\u00e1til 12&#8243;\/700W MAX con 2 micr\u00f3fonos (VHF), Mando a Distancia y Funda Protectora &#8211; Bluetooth, USB, SD &#8211; Autonom\u00eda de 5 a 7h &#8211; Speaker Box<\/a><\/td>\n<td>259 \u20ac<\/td>\n<td>65 \u20ac<\/td>\n<\/tr>\n<tr>\n<td>MARKETPLACES<\/td>\n<td><a class=\"ljoptimizer\" href=\"https:\/\/www.amazon.es\/dp\/B0CS37C9RP?tag=amazon087683-21&amp;th=1\" target=\"_blank\" rel=\"nofollow noopener\">Yamaha PSR-E283 Teclado port\u00e1til para principiantes, con 410 voces de instrumentos, 150 estilos de acompa\u00f1amiento y 122 canciones, incluye 2 clases online con un profesor de Yamaha Music School<\/a><\/td>\n<td>179 \u20ac<\/td>\n<td>45 \u20ac<\/td>\n<\/tr>\n<tr>\n<td>MARKETPLACES<\/td>\n<td><a class=\"ljoptimizer\" href=\"https:\/\/www.amazon.es\/dp\/B074N7TWD1?tag=amazon087683-21&amp;th=1\" target=\"_blank\" rel=\"nofollow noopener\">Hape- Piano de Cola de Lujo (Blanco) (E0338)<\/a><\/td>\n<td>166 \u20ac<\/td>\n<td>41 \u20ac<\/td>\n<\/tr>\n<tr>\n<td>MARKETPLACES<\/td>\n<td><a class=\"ljoptimizer\" href=\"https:\/\/www.amazon.es\/dp\/B006EHZDJQ?tag=amazon087683-21&amp;th=1\" target=\"_blank\" rel=\"nofollow noopener\">Ibiza &#8211; SLK8A-BT &#8211; Altavoz Activo Plug &amp; Play de 8&#8243;\/20cm, 300W con Amplificador Integrado &#8211; Bluetooth, USB, SD y AUX &#8211; Negro<\/a><\/td>\n<td>149 \u20ac<\/td>\n<td>37 \u20ac<\/td>\n<\/tr>\n<tr>\n<td>MARKETPLACES<\/td>\n<td><a class=\"ljoptimizer\" href=\"https:\/\/www.amazon.es\/dp\/B09V1DNBDC?tag=amazon087683-21&amp;th=1\" target=\"_blank\" rel=\"nofollow noopener\">M-AUDIO BX4 BT 4.5&#8243; 120W Monitores de Estudio, Altavoces Autoamplificados Bluetooth para PC para producci\u00f3n Musical, Juegos, Streaming, Podcast, DJ<\/a><\/td>\n<td>141 \u20ac<\/td>\n<td>35 \u20ac<\/td>\n<\/tr>\n<tr>\n<td>MARKETPLACES<\/td>\n<td><a class=\"ljoptimizer\" href=\"https:\/\/www.amazon.es\/dp\/B0DGGXGPC2?tag=amazon087683-21&amp;th=1\" target=\"_blank\" rel=\"nofollow noopener\">SCALEXTRIC &#8211; Circuito Compact &#8211; Pista de Carreras Completa &#8211; 2 Coches y 2 mandos 1:43 (Formula Race to Win)<\/a><\/td>\n<td>100 \u20ac<\/td>\n<td>25 \u20ac<\/td>\n<\/tr>\n<tr>\n<td>MARKETPLACES<\/td>\n<td><a class=\"ljoptimizer\" href=\"https:\/\/www.amazon.es\/dp\/B09ZB734VX?tag=amazon087683-21&amp;th=1\" target=\"_blank\" rel=\"nofollow noopener\">Bayer Design 17033AA Cochecito de mu\u00f1eca Combi Xeo, Carro para mu\u00f1ecos, Bolsa, Convertible, Regulable en Altura<\/a><\/td>\n<td>87 \u20ac<\/td>\n<td>22 \u20ac<\/td>\n<\/tr>\n<tr>\n<td>MARKETPLACES<\/td>\n<td><a class=\"ljoptimizer\" href=\"https:\/\/www.amazon.es\/dp\/B0D2CYH6Q7?tag=amazon087683-21&amp;th=1\" target=\"_blank\" rel=\"nofollow noopener\">Alesis Melody 61 Teclado Piano El\u00e9ctrico para Principiantes con 61 teclas, con Altavoces, Atril para Partituras o Tablet, 300 sonidos y Lecciones de m\u00fasica sin Accesorios<\/a><\/td>\n<td>70 \u20ac<\/td>\n<td>17 \u20ac<\/td>\n<\/tr>\n<tr>\n<td>MARKETPLACES<\/td>\n<td><a class=\"ljoptimizer\" href=\"https:\/\/www.amazon.es\/dp\/B0DWDT2R96?tag=amazon087683-21&amp;th=1\" target=\"_blank\" rel=\"nofollow noopener\">LEGO Sonic The Hedgehog Team Sonic Command Truck Toy &#8211; Interactive Set with an ATV Car &amp; 5 Figures Incl. Tails &#8211; Gift for 8+ Year Old Boys, Girls &amp; Gaming Fans &#8211; 77006<\/a><\/td>\n<td>70 \u20ac<\/td>\n<td>17 \u20ac<\/td>\n<\/tr>\n<tr>\n<td>MARKETPLACES<\/td>\n<td><a class=\"ljoptimizer\" href=\"https:\/\/www.amazon.es\/dp\/B0916Z5HYW?tag=amazon087683-21&amp;th=1\" target=\"_blank\" rel=\"nofollow noopener\">Janod &#8211; Cocina de madera para ni\u00f1os &#8220;Plume&#8221; &#8211; Con horno, fregadero de acero inoxidable, armario, pomos y reloj &#8211; Cocina con 5 accesorios &#8211; De 3 a 8 a\u00f1os, J06608<\/a><\/td>\n<td>68 \u20ac<\/td>\n<td>17 \u20ac<\/td>\n<\/tr>\n<tr>\n<td>MARKETPLACES<\/td>\n<td><a class=\"ljoptimizer\" href=\"https:\/\/www.amazon.es\/dp\/B07FDL3NGT?tag=amazon087683-21&amp;th=1\" target=\"_blank\" rel=\"nofollow noopener\">Teclado RockJam compacto de 61 teclas con soporte para partituras, fuente de alimentaci\u00f3n, pegatinas para notas de piano y lecciones de piano simples<\/a><\/td>\n<td>60 \u20ac<\/td>\n<td>15 \u20ac<\/td>\n<\/tr>\n<tr>\n<td>MARKETPLACES<\/td>\n<td><a class=\"ljoptimizer\" href=\"https:\/\/www.amazon.es\/dp\/B00R41I0B4?tag=amazon087683-21&amp;th=1\" target=\"_blank\" rel=\"nofollow noopener\">Juan Miguel Navarrez guitarra de concierto &#8211; guitarra cl\u00e1sica &#8211; 4\/4 negra &#8211; incl. funda<\/a><\/td>\n<td>59 \u20ac<\/td>\n<td>15 \u20ac<\/td>\n<\/tr>\n<tr>\n<td>MARKETPLACES<\/td>\n<td><a class=\"ljoptimizer\" href=\"https:\/\/www.amazon.es\/dp\/B0DKJXC86T?tag=amazon087683-21&amp;th=1\" target=\"_blank\" rel=\"nofollow noopener\">ColorBaby 85430 CB Games Futbol\u00edn Infantil Plegable, Patas Plegables, 81x42x63 cm, 2 Jugadores, Marcadores manuales, De Madera Resistente, Juegos de Mesa, Futbolines para ni\u00f1os, +6 a\u00f1os<\/a><\/td>\n<td>55 \u20ac<\/td>\n<td>14 \u20ac<\/td>\n<\/tr>\n<tr>\n<td>MARKETPLACES<\/td>\n<td><a class=\"ljoptimizer\" href=\"https:\/\/www.amazon.es\/dp\/B0FK5V9V5L?tag=amazon087683-21&amp;th=1\" target=\"_blank\" rel=\"nofollow noopener\">SUPERTHINGS KAZOOM Power\u2013Titan Fury.Robot Titan Fury de Kid Fury de la Serie de TV \u201cSuperthings Kazoom Power\u201d.con Espada,Escudo,alas y Disparador. Contiene Robot,Kid Fury Exclusivo y 3 Proyectiles<\/a><\/td>\n<td>54 \u20ac<\/td>\n<td>14 \u20ac<\/td>\n<\/tr>\n<tr>\n<td>MARKETPLACES<\/td>\n<td><a class=\"ljoptimizer\" href=\"https:\/\/www.amazon.es\/dp\/B0FK5V9V5L?tag=amazon087683-21&amp;th=1\" target=\"_blank\" rel=\"nofollow noopener\">SUPERTHINGS KAZOOM Power\u2013Titan Fury.Robot Titan Fury de Kid Fury de la Serie de TV \u201cSuperthings Kazoom Power\u201d.con Espada,Escudo,alas y Disparador. Contiene Robot,Kid Fury Exclusivo y 3 Proyectiles<\/a><\/td>\n<td>54 \u20ac<\/td>\n<td>14 \u20ac<\/td>\n<\/tr>\n<tr>\n<td>MARKETPLACES<\/td>\n<td><a class=\"ljoptimizer\" href=\"https:\/\/www.amazon.es\/dp\/B0DN1NPJ3N?tag=amazon087683-21&amp;th=1\" target=\"_blank\" rel=\"nofollow noopener\">ColorBaby 47967 My Home Cocina Juguete, 78x28x87 cm, Luz y Sonido, con Accesorios para cocinar, Alimentos, Horno, Estantes, Fregadero, Cocinita Infantil, Cocinitas Infantiles, Cocinas para ni\u00f1os, +3<\/a><\/td>\n<td>50 \u20ac<\/td>\n<td>12 \u20ac<\/td>\n<\/tr>\n<tr>\n<td>MARKETPLACES<\/td>\n<td><a class=\"ljoptimizer\" href=\"https:\/\/www.amazon.es\/dp\/B0FVY38RDY?tag=amazon087683-21&amp;th=1\" target=\"_blank\" rel=\"nofollow noopener\">LEXIBOOK Nintendo Mario Kart M\u00e1quina electr\u00f3nica de Pinball de Mesa, Juego de acci\u00f3n y Reflejo para ni\u00f1os y familias, Pantalla LCD, Efectos de luz y Sonido, Azul\/Rojo, JG610NILXB<\/a><\/td>\n<td>45 \u20ac<\/td>\n<td>11 \u20ac<\/td>\n<\/tr>\n<tr>\n<td>MARKETPLACES<\/td>\n<td><a class=\"ljoptimizer\" href=\"https:\/\/www.amazon.es\/dp\/B0CLVD2HZP?tag=amazon087683-21&amp;th=1\" target=\"_blank\" rel=\"nofollow noopener\">COLORBABY, Carro de Paseo para mu\u00f1ecas, 40 x 48 x 55.5 cm, Mango Acolchado, Bandeja Accesorios, Juguete ni\u00f1as, Coche mu\u00f1ecas, Cochecito mu\u00f1ecos, Juego imitaci\u00f3n, Dise\u00f1o ergon\u00f3mico (44998)<\/a><\/td>\n<td>45 \u20ac<\/td>\n<td>11 \u20ac<\/td>\n<\/tr>\n<tr>\n<td>MARKETPLACES<\/td>\n<td><a class=\"ljoptimizer\" href=\"https:\/\/www.amazon.es\/dp\/B09Q5NK3WH?tag=amazon087683-21&amp;th=1\" target=\"_blank\" rel=\"nofollow noopener\">Nenuco &#8211; Triciclo, Set de Juguete con mu\u00f1eco Infantil para Bebe, Accesorios y Triciclo con Ruedas y cintur\u00f3n para llevarlo Siempre contigo, para ni\u00f1as y ni\u00f1os de 3 a\u00f1os, Famosa (700017103)<\/a><\/td>\n<td>43 \u20ac<\/td>\n<td>11 \u20ac<\/td>\n<\/tr>\n<tr>\n<td>MARKETPLACES<\/td>\n<td><a class=\"ljoptimizer\" href=\"https:\/\/www.amazon.es\/dp\/B0BF9PCGM8?tag=amazon087683-21&amp;th=1\" target=\"_blank\" rel=\"nofollow noopener\">Akai Professional LPK25 MKII &#8211; Teclado Controlador MIDI USB con 25 Teclas de Sinte Sensibles para Mac y PC, Arpegiador y Software de Producci\u00f3n Musical<\/a><\/td>\n<td>43 \u20ac<\/td>\n<td>11 \u20ac<\/td>\n<\/tr>\n<tr>\n<td>MARKETPLACES<\/td>\n<td><a class=\"ljoptimizer\" href=\"https:\/\/www.amazon.es\/dp\/B0DPR5BY5J?tag=amazon087683-21&amp;th=1\" target=\"_blank\" rel=\"nofollow noopener\">Rubies Disfraz Darth Vader Cl\u00e1sico para adultos, hombres y mujeres, Jumpsuit impreso con detalles, capa y m\u00e1scara, Licencia Oficial Star Wars para Carnaval, fiestas, cosplay<\/a><\/td>\n<td>40 \u20ac<\/td>\n<td>10 \u20ac<\/td>\n<\/tr>\n<tr>\n<td>MARKETPLACES<\/td>\n<td><a class=\"ljoptimizer\" href=\"https:\/\/www.amazon.es\/dp\/B07PRBZ4LK?tag=amazon087683-21&amp;th=1\" target=\"_blank\" rel=\"nofollow noopener\">Carrera &#8211; 20063028 Circuito de Coches Nintendo Mario Kart de 2.9 m, Escala 1:50, Multicolor, 114 x 87.5 cm<\/a><\/td>\n<td>40 \u20ac<\/td>\n<td>10 \u20ac<\/td>\n<\/tr>\n<tr>\n<td>MARKETPLACES<\/td>\n<td><a class=\"ljoptimizer\" href=\"https:\/\/www.amazon.es\/dp\/B0F67DDQW3?tag=amazon087683-21&amp;th=1\" target=\"_blank\" rel=\"nofollow noopener\">Persecuci\u00f3n policial<\/a><\/td>\n<td>39 \u20ac<\/td>\n<td>10 \u20ac<\/td>\n<\/tr>\n<tr>\n<td>MARKETPLACES<\/td>\n<td><a class=\"ljoptimizer\" href=\"https:\/\/www.amazon.es\/dp\/B06XF6NF5Y?tag=amazon087683-21&amp;th=1\" target=\"_blank\" rel=\"nofollow noopener\">Banco de teclado acolchado ajustable de Rockjam Premium o taburete de piano digital<\/a><\/td>\n<td>35 \u20ac<\/td>\n<td>9 \u20ac<\/td>\n<\/tr>\n<tr>\n<td>MARKETPLACES<\/td>\n<td><a class=\"ljoptimizer\" href=\"https:\/\/www.amazon.es\/dp\/B0CCW3ZDS1?tag=amazon087683-21&amp;th=1\" target=\"_blank\" rel=\"nofollow noopener\">Rubble &amp; Crew &#8211; Pack Excavadora + Figura Rubble &#8211; Patrulla Canina Juguetes &#8211; 6068074 &#8211; Juguetes Ni\u00f1os 3 a\u00f1os + &#8211; Regalo Ni\u00f1o 3 a\u00f1os +<\/a><\/td>\n<td>30 \u20ac<\/td>\n<td>7 \u20ac<\/td>\n<\/tr>\n<tr>\n<td>MARKETPLACES<\/td>\n<td><a class=\"ljoptimizer\" href=\"https:\/\/www.amazon.es\/dp\/B0DNZLD1KB?tag=amazon087683-21&amp;th=1\" target=\"_blank\" rel=\"nofollow noopener\">ColorBaby 85435 Mesa de futbol\u00edn Infantil, 60x32x14 cm, 2 Jugadores, Marcadores manuales, De Madera Resistente, Juegos de Mesa, Futbolines para ni\u00f1os, 6 a\u00f1os y mas<\/a><\/td>\n<td>28 \u20ac<\/td>\n<td>7 \u20ac<\/td>\n<\/tr>\n<\/tbody>\n<\/table>\n","protected":false},"excerpt":{"rendered":"<p>Pal\u00e9 de Instrumentos y Juguetes sin revisar procedente de devoluciones de marketplaces<\/p>\n<ul>\n<li>N\u00famero de productos: 26<\/li>\n<li>Valor aproximado: 2009.00<\/li>\n<li>Porcentaje que se paga: 21% + IVA<\/li>\n<li>Tiempo de entrega estimado: 3 a 7 d\u00edas<\/li>\n<\/ul>\n<p>*Los precios incluyen IVA<\/p>\n","protected":false},"featured_media":179847,"template":"","meta":{"site-sidebar-layout":"default","site-content-layout":"","ast-site-content-layout":"default","site-content-style":"default","site-sidebar-style":"default","ast-global-header-display":"","ast-banner-title-visibility":"","ast-main-header-display":"","ast-hfb-above-header-display":"","ast-hfb-below-header-display":"","ast-hfb-mobile-header-display":"","site-post-title":"","ast-breadcrumbs-content":"","ast-featured-img":"","footer-sml-layout":"","ast-disable-related-posts":"","theme-transparent-header-meta":"default","adv-header-id-meta":"","stick-header-meta":"","header-above-stick-meta":"","header-main-stick-meta":"","header-below-stick-meta":"","astra-migrate-meta-layouts":"set","ast-page-background-enabled":"default","ast-page-background-meta":{"desktop":{"background-color":"var(--ast-global-color-4)","background-image":"","background-repeat":"repeat","background-position":"center center","background-size":"auto","background-attachment":"scroll","background-type":"","background-media":"","overlay-type":"","overlay-color":"","overlay-opacity":"","overlay-gradient":""},"tablet":{"background-color":"","background-image":"","background-repeat":"repeat","background-position":"center center","background-size":"auto","background-attachment":"scroll","background-type":"","background-media":"","overlay-type":"","overlay-color":"","overlay-opacity":"","overlay-gradient":""},"mobile":{"background-color":"","background-image":"","background-repeat":"repeat","background-position":"center center","background-size":"auto","background-attachment":"scroll","background-type":"","background-media":"","overlay-type":"","overlay-color":"","overlay-opacity":"","overlay-gradient":""}},"ast-content-background-meta":{"desktop":{"background-color":"var(--ast-global-color-5)","background-image":"","background-repeat":"repeat","background-position":"center center","background-size":"auto","background-attachment":"scroll","background-type":"","background-media":"","overlay-type":"","overlay-color":"","overlay-opacity":"","overlay-gradient":""},"tablet":{"background-color":"var(--ast-global-color-5)","background-image":"","background-repeat":"repeat","background-position":"center center","background-size":"auto","background-attachment":"scroll","background-type":"","background-media":"","overlay-type":"","overlay-color":"","overlay-opacity":"","overlay-gradient":""},"mobile":{"background-color":"var(--ast-global-color-5)","background-image":"","background-repeat":"repeat","background-position":"center center","background-size":"auto","background-attachment":"scroll","background-type":"","background-media":"","overlay-type":"","overlay-color":"","overlay-opacity":"","overlay-gradient":""}}},"product_brand":[],"product_cat":[44,45,65],"product_tag":[],"class_list":{"0":"post-180174","1":"product","2":"type-product","3":"status-publish","4":"has-post-thumbnail","6":"product_cat-electronica","7":"product_cat-juguetes","8":"product_cat-pales","9":"product_shipping_class-pale","10":"desktop-align-left","11":"tablet-align-left","12":"mobile-align-left","14":"first","15":"instock","16":"sale","17":"downloadable","18":"taxable","19":"shipping-taxable","20":"purchasable","21":"product-type-simple"},"yoast_head":"<!-- This site is optimized with the Yoast SEO plugin v27.5 - https:\/\/yoast.com\/product\/yoast-seo-wordpress\/ -->\n<title>Pal\u00e9 de Instrumentos y Juguetes [26 productos] (10227109) - Comprardevoluciones - Tu tienda de Devoluciones de Amazon<\/title>\n<meta name=\"robots\" content=\"noindex, follow\" \/>\n<meta property=\"og:locale\" content=\"en_US\" \/>\n<meta property=\"og:type\" content=\"article\" \/>\n<meta property=\"og:title\" content=\"Pal\u00e9 de Instrumentos y Juguetes [26 productos] (10227109) - Comprardevoluciones - Tu tienda de Devoluciones de Amazon\" \/>\n<meta property=\"og:description\" content=\"Pal\u00e9 de Instrumentos y Juguetes sin revisar procedente de devoluciones de marketplaces   N\u00famero de productos: 26  Valor aproximado: 2009.00  Porcentaje que se paga: 21% + IVA  Tiempo de entrega estimado: 3 a 7 d\u00edas  *Los precios incluyen IVA\" \/>\n<meta property=\"og:url\" content=\"https:\/\/comprardevoluciones.com\/producto\/10227109\/\" \/>\n<meta property=\"og:site_name\" content=\"Comprardevoluciones - Tu tienda de Devoluciones de Amazon\" \/>\n<meta property=\"og:image\" content=\"https:\/\/comprardevoluciones.com\/wp-content\/uploads\/2026\/04\/10227109.jpg\" \/>\n\t<meta property=\"og:image:width\" content=\"700\" \/>\n\t<meta property=\"og:image:height\" content=\"700\" \/>\n\t<meta property=\"og:image:type\" content=\"image\/jpeg\" \/>\n<meta name=\"twitter:card\" content=\"summary_large_image\" \/>\n<meta name=\"twitter:label1\" content=\"Est. reading time\" \/>\n\t<meta name=\"twitter:data1\" content=\"4 minutes\" \/>\n<script type=\"application\/ld+json\" class=\"yoast-schema-graph\">{\"@context\":\"https:\\\/\\\/schema.org\",\"@graph\":[{\"@type\":\"WebPage\",\"@id\":\"https:\\\/\\\/comprardevoluciones.com\\\/producto\\\/10227109\\\/\",\"url\":\"https:\\\/\\\/comprardevoluciones.com\\\/producto\\\/10227109\\\/\",\"name\":\"Pal\u00e9 de Instrumentos y Juguetes [26 productos] (10227109) - Comprardevoluciones - Tu tienda de Devoluciones de Amazon\",\"isPartOf\":{\"@id\":\"https:\\\/\\\/comprardevoluciones.com\\\/#website\"},\"primaryImageOfPage\":{\"@id\":\"https:\\\/\\\/comprardevoluciones.com\\\/producto\\\/10227109\\\/#primaryimage\"},\"image\":{\"@id\":\"https:\\\/\\\/comprardevoluciones.com\\\/producto\\\/10227109\\\/#primaryimage\"},\"thumbnailUrl\":\"https:\\\/\\\/comprardevoluciones.com\\\/wp-content\\\/uploads\\\/2026\\\/04\\\/10227109.jpg\",\"datePublished\":\"2026-05-04T08:59:09+00:00\",\"breadcrumb\":{\"@id\":\"https:\\\/\\\/comprardevoluciones.com\\\/producto\\\/10227109\\\/#breadcrumb\"},\"inLanguage\":\"en-US\",\"potentialAction\":[{\"@type\":\"ReadAction\",\"target\":[\"https:\\\/\\\/comprardevoluciones.com\\\/producto\\\/10227109\\\/\"]}]},{\"@type\":\"ImageObject\",\"inLanguage\":\"en-US\",\"@id\":\"https:\\\/\\\/comprardevoluciones.com\\\/producto\\\/10227109\\\/#primaryimage\",\"url\":\"https:\\\/\\\/comprardevoluciones.com\\\/wp-content\\\/uploads\\\/2026\\\/04\\\/10227109.jpg\",\"contentUrl\":\"https:\\\/\\\/comprardevoluciones.com\\\/wp-content\\\/uploads\\\/2026\\\/04\\\/10227109.jpg\",\"width\":700,\"height\":700},{\"@type\":\"BreadcrumbList\",\"@id\":\"https:\\\/\\\/comprardevoluciones.com\\\/producto\\\/10227109\\\/#breadcrumb\",\"itemListElement\":[{\"@type\":\"ListItem\",\"position\":1,\"name\":\"Portada\",\"item\":\"https:\\\/\\\/comprardevoluciones.com\\\/en\\\/\"},{\"@type\":\"ListItem\",\"position\":2,\"name\":\"Shop\",\"item\":\"https:\\\/\\\/comprardevoluciones.com\\\/en\\\/shop\\\/\"},{\"@type\":\"ListItem\",\"position\":3,\"name\":\"Pal\u00e9 de Instrumentos y Juguetes [26 productos] (10227109)\"}]},{\"@type\":\"WebSite\",\"@id\":\"https:\\\/\\\/comprardevoluciones.com\\\/#website\",\"url\":\"https:\\\/\\\/comprardevoluciones.com\\\/\",\"name\":\"Comprardevoluciones - Tu tienda de Devoluciones de Amazon\",\"description\":\"Consigue Stock en buen estado a un precio imbatible\",\"potentialAction\":[{\"@type\":\"SearchAction\",\"target\":{\"@type\":\"EntryPoint\",\"urlTemplate\":\"https:\\\/\\\/comprardevoluciones.com\\\/?s={search_term_string}\"},\"query-input\":{\"@type\":\"PropertyValueSpecification\",\"valueRequired\":true,\"valueName\":\"search_term_string\"}}],\"inLanguage\":\"en-US\"}]}<\/script>\n<!-- \/ Yoast SEO plugin. -->","yoast_head_json":{"title":"Pal\u00e9 de Instrumentos y Juguetes [26 productos] (10227109) - Comprardevoluciones - Tu tienda de Devoluciones de Amazon","robots":{"index":"noindex","follow":"follow"},"og_locale":"en_US","og_type":"article","og_title":"Pal\u00e9 de Instrumentos y Juguetes [26 productos] (10227109) - Comprardevoluciones - Tu tienda de Devoluciones de Amazon","og_description":"Pal\u00e9 de Instrumentos y Juguetes sin revisar procedente de devoluciones de marketplaces   N\u00famero de productos: 26  Valor aproximado: 2009.00  Porcentaje que se paga: 21% + IVA  Tiempo de entrega estimado: 3 a 7 d\u00edas  *Los precios incluyen IVA","og_url":"https:\/\/comprardevoluciones.com\/producto\/10227109\/","og_site_name":"Comprardevoluciones - Tu tienda de Devoluciones de Amazon","og_image":[{"width":700,"height":700,"url":"https:\/\/comprardevoluciones.com\/wp-content\/uploads\/2026\/04\/10227109.jpg","type":"image\/jpeg"}],"twitter_card":"summary_large_image","twitter_misc":{"Est. reading time":"4 minutes"},"schema":{"@context":"https:\/\/schema.org","@graph":[{"@type":"WebPage","@id":"https:\/\/comprardevoluciones.com\/producto\/10227109\/","url":"https:\/\/comprardevoluciones.com\/producto\/10227109\/","name":"Pal\u00e9 de Instrumentos y Juguetes [26 productos] (10227109) - Comprardevoluciones - Tu tienda de Devoluciones de Amazon","isPartOf":{"@id":"https:\/\/comprardevoluciones.com\/#website"},"primaryImageOfPage":{"@id":"https:\/\/comprardevoluciones.com\/producto\/10227109\/#primaryimage"},"image":{"@id":"https:\/\/comprardevoluciones.com\/producto\/10227109\/#primaryimage"},"thumbnailUrl":"https:\/\/comprardevoluciones.com\/wp-content\/uploads\/2026\/04\/10227109.jpg","datePublished":"2026-05-04T08:59:09+00:00","breadcrumb":{"@id":"https:\/\/comprardevoluciones.com\/producto\/10227109\/#breadcrumb"},"inLanguage":"en-US","potentialAction":[{"@type":"ReadAction","target":["https:\/\/comprardevoluciones.com\/producto\/10227109\/"]}]},{"@type":"ImageObject","inLanguage":"en-US","@id":"https:\/\/comprardevoluciones.com\/producto\/10227109\/#primaryimage","url":"https:\/\/comprardevoluciones.com\/wp-content\/uploads\/2026\/04\/10227109.jpg","contentUrl":"https:\/\/comprardevoluciones.com\/wp-content\/uploads\/2026\/04\/10227109.jpg","width":700,"height":700},{"@type":"BreadcrumbList","@id":"https:\/\/comprardevoluciones.com\/producto\/10227109\/#breadcrumb","itemListElement":[{"@type":"ListItem","position":1,"name":"Portada","item":"https:\/\/comprardevoluciones.com\/en\/"},{"@type":"ListItem","position":2,"name":"Shop","item":"https:\/\/comprardevoluciones.com\/en\/shop\/"},{"@type":"ListItem","position":3,"name":"Pal\u00e9 de Instrumentos y Juguetes [26 productos] (10227109)"}]},{"@type":"WebSite","@id":"https:\/\/comprardevoluciones.com\/#website","url":"https:\/\/comprardevoluciones.com\/","name":"Comprardevoluciones - Tu tienda de Devoluciones de Amazon","description":"Consigue Stock en buen estado a un precio imbatible","potentialAction":[{"@type":"SearchAction","target":{"@type":"EntryPoint","urlTemplate":"https:\/\/comprardevoluciones.com\/?s={search_term_string}"},"query-input":{"@type":"PropertyValueSpecification","valueRequired":true,"valueName":"search_term_string"}}],"inLanguage":"en-US"}]}},"_links":{"self":[{"href":"https:\/\/comprardevoluciones.com\/en\/wp-json\/wp\/v2\/product\/180174","targetHints":{"allow":["GET"]}}],"collection":[{"href":"https:\/\/comprardevoluciones.com\/en\/wp-json\/wp\/v2\/product"}],"about":[{"href":"https:\/\/comprardevoluciones.com\/en\/wp-json\/wp\/v2\/types\/product"}],"wp:featuredmedia":[{"embeddable":true,"href":"https:\/\/comprardevoluciones.com\/en\/wp-json\/wp\/v2\/media\/179847"}],"wp:attachment":[{"href":"https:\/\/comprardevoluciones.com\/en\/wp-json\/wp\/v2\/media?parent=180174"}],"wp:term":[{"taxonomy":"product_brand","embeddable":true,"href":"https:\/\/comprardevoluciones.com\/en\/wp-json\/wp\/v2\/product_brand?post=180174"},{"taxonomy":"product_cat","embeddable":true,"href":"https:\/\/comprardevoluciones.com\/en\/wp-json\/wp\/v2\/product_cat?post=180174"},{"taxonomy":"product_tag","embeddable":true,"href":"https:\/\/comprardevoluciones.com\/en\/wp-json\/wp\/v2\/product_tag?post=180174"}],"curies":[{"name":"wp","href":"https:\/\/api.w.org\/{rel}","templated":true}]}}