{"id":181810,"date":"2026-04-29T10:00:59","date_gmt":"2026-04-29T09:00:59","guid":{"rendered":"https:\/\/comprardevoluciones.com\/?post_type=product&#038;p=181810"},"modified":"2026-04-29T12:28:19","modified_gmt":"2026-04-29T11:28:19","slug":"10101196","status":"publish","type":"product","link":"https:\/\/comprardevoluciones.com\/en\/producto\/10101196\/","title":{"rendered":"Pal\u00e9 de Electrodom\u00e9sticos [19 productos] (10101196)"},"content":{"rendered":"<p>Descripci\u00f3n y valor aproximados<\/p>\n<table>\n<tbody>\n<tr>\n<td><strong>FUENTE<\/strong><\/td>\n<td><strong>PRODUCTO<\/strong><\/td>\n<td><strong>VALOR (\u20ac)<\/strong><\/td>\n<td><strong>PAGAS (\u20ac)<\/strong><\/td>\n<\/tr>\n<tr>\n<td>MARKETPLACES<\/td>\n<td><a class=\"ljoptimizer\" href=\"https:\/\/www.amazon.es\/dp\/B07Q3HD4P4?tag=amazon087683-21&amp;th=1\" target=\"_blank\" rel=\"nofollow noopener\">Cafetera espresso autom\u00e1tica Philips EP3249\/70<\/a><\/td>\n<td>650 \u20ac<\/td>\n<td>162 \u20ac<\/td>\n<\/tr>\n<tr>\n<td>MARKETPLACES<\/td>\n<td><a class=\"ljoptimizer\" href=\"https:\/\/www.amazon.es\/dp\/B09GYJHJT3?tag=amazon087683-21&amp;th=1\" target=\"_blank\" rel=\"nofollow noopener\">Cecotec Aspirador Escoba sin Cable Conga Rockstar 2000 Ultimate ErgoWet Connected. Motor Digital, 4 en 1, 680 W, Poder de Succi\u00f3n 230aW, Autonom\u00eda 90 Minutos, Cepillo Jaliscazo, App<\/a><\/td>\n<td>529 \u20ac<\/td>\n<td>132 \u20ac<\/td>\n<\/tr>\n<tr>\n<td>MARKETPLACES<\/td>\n<td><a class=\"ljoptimizer\" href=\"https:\/\/www.amazon.es\/dp\/B002OHDBLW?tag=amazon087683-21&amp;th=1\" target=\"_blank\" rel=\"nofollow noopener\">De&#8217;longhi &#8211; Cafetera Superautom\u00e1tica 15 Bares de Presi\u00f3n, Espresso y Cappuccino, Dep\u00f3sito de Agua Extra\u00edble 1.8l, Panel LCD, Dispensador de Caf\u00e9 Ajustable, Limpieza Autom\u00e1tica, ECAM 23.420.SB, Plata<\/a><\/td>\n<td>465 \u20ac<\/td>\n<td>116 \u20ac<\/td>\n<\/tr>\n<tr>\n<td>MARKETPLACES<\/td>\n<td><a class=\"ljoptimizer\" href=\"https:\/\/www.amazon.es\/dp\/B0BJQLJ698?tag=amazon087683-21&amp;th=1\" target=\"_blank\" rel=\"nofollow noopener\">Cecotec Robot Aspirador y Friegasuelos Conga Eternal MAX Vital. 3000 Pa, 110 Minutos de autonom\u00eda, Cepillo Multifunci\u00f3n, 10 programas, App, Asistente Virtual Alexa, Programaci\u00f3n<\/a><\/td>\n<td>294 \u20ac<\/td>\n<td>74 \u20ac<\/td>\n<\/tr>\n<tr>\n<td>MARKETPLACES<\/td>\n<td><a class=\"ljoptimizer\" href=\"https:\/\/www.amazon.es\/dp\/B07WL13CMZ?tag=amazon087683-21&amp;th=1\" target=\"_blank\" rel=\"nofollow noopener\">Rowenta Air Force Serenity RH9172 Aspirador escoba sin cable, cepillo motorizado, tecnolog\u00eda Anti-Ruidos, doble filtraci\u00f3n, Gris\/Verde<\/a><\/td>\n<td>290 \u20ac<\/td>\n<td>72 \u20ac<\/td>\n<\/tr>\n<tr>\n<td>MARKETPLACES<\/td>\n<td><a class=\"ljoptimizer\" href=\"https:\/\/www.amazon.es\/dp\/B07R7V9SY3?tag=amazon087683-21&amp;th=1\" target=\"_blank\" rel=\"nofollow noopener\">Rowenta Silence Steam Pro DG9160 Centro de planchado vertical, 7.5 bares, golpe de vapor de 480g\/min, tecnolog\u00eda silenciosa, desinfecta, vapor con caldera, Color Gris y Azul<\/a><\/td>\n<td>260 \u20ac<\/td>\n<td>65 \u20ac<\/td>\n<\/tr>\n<tr>\n<td>MARKETPLACES<\/td>\n<td><a class=\"ljoptimizer\" href=\"https:\/\/www.amazon.es\/dp\/B06X3Z9MF3?tag=amazon087683-21&amp;th=1\" target=\"_blank\" rel=\"nofollow noopener\">De&#8217;Longhi Dedica &#8211; Cafetera de Bomba de Acero Inoxidable para Caf\u00e9 Molido o Monodosis, Cafetera para Espresso y Cappuccino, Dep\u00f3sito de 1.3 Litros, Sistema Anti-goteo, EC685.BK, Negro<\/a><\/td>\n<td>215 \u20ac<\/td>\n<td>54 \u20ac<\/td>\n<\/tr>\n<tr>\n<td>MARKETPLACES<\/td>\n<td><a class=\"ljoptimizer\" href=\"https:\/\/www.amazon.es\/dp\/B0BPYX2TGJ?tag=amazon087683-21&amp;th=1\" target=\"_blank\" rel=\"nofollow noopener\">Cecotec Freidora de Aire sin Aceite de 8 L Cecofry Supreme 8000 Air Fryer. 1800 W, Panel T\u00e1ctil, 30\u00ba-200 \u00baC, 10 Modos Preconfigurados, Pre-heat, Alerta, Acabados en Acero Inoxidable<\/a><\/td>\n<td>163 \u20ac<\/td>\n<td>41 \u20ac<\/td>\n<\/tr>\n<tr>\n<td>MARKETPLACES<\/td>\n<td><a class=\"ljoptimizer\" href=\"https:\/\/www.amazon.es\/dp\/B0BQ1MZFLR?tag=amazon087683-21&amp;th=1\" target=\"_blank\" rel=\"nofollow noopener\">Cecotec Freidora de Aire sin Aceite de 5,5 L Cecofry Rain Pack. Air Fryer con Accesorios. 1550 W, Spray de Aceite Incorporado, Pulverizaci\u00f3n Autom\u00e1tica y Manual, Control T\u00e1ctil, Autolimpieza<\/a><\/td>\n<td>140 \u20ac<\/td>\n<td>35 \u20ac<\/td>\n<\/tr>\n<tr>\n<td>MARKETPLACES<\/td>\n<td><a class=\"ljoptimizer\" href=\"https:\/\/www.amazon.es\/dp\/B08LNMWX28?tag=amazon087683-21&amp;th=1\" target=\"_blank\" rel=\"nofollow noopener\">Cecotec Minibar GrandCooler 20000 SilentCompress Inox. Capacidad 46 litros, Compresor incorporado, Control de Temperatura regulable, Compartimento congelador, Puerta Reversible, Inox<\/a><\/td>\n<td>129 \u20ac<\/td>\n<td>32 \u20ac<\/td>\n<\/tr>\n<tr>\n<td>MARKETPLACES<\/td>\n<td><a class=\"ljoptimizer\" href=\"https:\/\/www.amazon.es\/dp\/B07Z9F91N5?tag=amazon087683-21&amp;th=1\" target=\"_blank\" rel=\"nofollow noopener\">Cecotec Olla Programable GM Modelo H Deluxe. Programable 24 horas, Capacidad 6 litros,Sistema de cocci\u00f3n inteligente, Funci\u00f3n b\u00e1scula,Temperatura ajustable, Presi\u00f3n ajustable<\/a><\/td>\n<td>124 \u20ac<\/td>\n<td>31 \u20ac<\/td>\n<\/tr>\n<tr>\n<td>MARKETPLACES<\/td>\n<td><a class=\"ljoptimizer\" href=\"https:\/\/www.amazon.es\/dp\/B0BPZJSXCQ?tag=amazon087683-21&amp;th=1\" target=\"_blank\" rel=\"nofollow noopener\">Cecotec Aspirador de Tapicer\u00edas Conga PopStar 3000 CarpetClean. 400 W, 2 Dep\u00f3sitos -1 de Agua limpia y 1 de Sucia-, Pulverizador de agua, Radio de acci\u00f3n 6 m, Longitud de la manguera 1,2 m<\/a><\/td>\n<td>119 \u20ac<\/td>\n<td>30 \u20ac<\/td>\n<\/tr>\n<tr>\n<td>MARKETPLACES<\/td>\n<td><a class=\"ljoptimizer\" href=\"https:\/\/www.amazon.es\/dp\/B08P1W45JX?tag=amazon087683-21&amp;th=1\" target=\"_blank\" rel=\"nofollow noopener\">Cecotec Centro de Planchado Fast&amp;Furious 8040 Absolute. 2400 W, Golpe de Vapor 480 g\/min, Presi\u00f3n 6 Bares, Suela Turbo Slide, Filtro Antical, Seguridad contra sobrecalentamientos<\/a><\/td>\n<td>115 \u20ac<\/td>\n<td>29 \u20ac<\/td>\n<\/tr>\n<tr>\n<td>MARKETPLACES<\/td>\n<td><a class=\"ljoptimizer\" href=\"https:\/\/www.amazon.es\/dp\/B0BK9397PG?tag=amazon087683-21&amp;th=1\" target=\"_blank\" rel=\"nofollow noopener\">HAVERLAND ASPEN-10S Emisor t\u00e9rmico cer\u00e1mico (1000 W)<\/a><\/td>\n<td>110 \u20ac<\/td>\n<td>27 \u20ac<\/td>\n<\/tr>\n<tr>\n<td>MARKETPLACES<\/td>\n<td><a class=\"ljoptimizer\" href=\"https:\/\/www.amazon.es\/dp\/B08881L9N4?tag=amazon087683-21&amp;th=1\" target=\"_blank\" rel=\"nofollow noopener\">Aigostar Max 30 HIX &#8211; Grill, parrilla, panini, s\u00e1ndwich, con placas extra\u00edbles, 2000W de potencia, apertura 180\u00ba, temperatura y temporizador ajustables, placas grandes 29 x 24cm. Libre de BPA.<\/a><\/td>\n<td>57 \u20ac<\/td>\n<td>14 \u20ac<\/td>\n<\/tr>\n<tr>\n<td>MARKETPLACES<\/td>\n<td><a class=\"ljoptimizer\" href=\"https:\/\/www.amazon.es\/dp\/B07JZ5V5LG?tag=amazon087683-21&amp;th=1\" target=\"_blank\" rel=\"nofollow noopener\">Cecotec Microondas ProClean 3030. 700 W, Capacidad 20L, Revestimiento Ready2Clean, 6 Niveles Funcionamiento, Temporizador 30 min, Modo Descongelar, Color Negro<\/a><\/td>\n<td>56 \u20ac<\/td>\n<td>14 \u20ac<\/td>\n<\/tr>\n<tr>\n<td>MARKETPLACES<\/td>\n<td><a class=\"ljoptimizer\" href=\"https:\/\/www.amazon.es\/dp\/B07JZ5V5LG?tag=amazon087683-21&amp;th=1\" target=\"_blank\" rel=\"nofollow noopener\">Cecotec Microondas ProClean 3030. 700 W, Capacidad 20L, Revestimiento Ready2Clean, 6 Niveles Funcionamiento, Temporizador 30 min, Modo Descongelar, Color Negro<\/a><\/td>\n<td>56 \u20ac<\/td>\n<td>14 \u20ac<\/td>\n<\/tr>\n<tr>\n<td>MARKETPLACES<\/td>\n<td><a class=\"ljoptimizer\" href=\"https:\/\/www.amazon.es\/dp\/B092J18KBQ?tag=amazon087683-21&amp;th=1\" target=\"_blank\" rel=\"nofollow noopener\">Cecotec Ventilador de Pie EnergySilence 510. 40 W, 5 Aspas de 40 cm de di\u00e1metro, Oscilante, 3 Velocidades, Altura Ajustable 110-130 cm, Motor de Cobre, Dise\u00f1o en Negro<\/a><\/td>\n<td>29 \u20ac<\/td>\n<td>7 \u20ac<\/td>\n<\/tr>\n<tr>\n<td>MARKETPLACES<\/td>\n<td><a class=\"ljoptimizer\" href=\"https:\/\/www.amazon.es\/dp\/B00JP4N2RU?tag=amazon087683-21&amp;th=1\" target=\"_blank\" rel=\"nofollow noopener\">JOCCA &#8211; Mesa Auxiliar Plegable Sof\u00e1 Sal\u00f3n | Mesa con Altura Regulable | Mesas Plegables Peque\u00f1as | Ahorro de Espacio | 3 posiciones | Aguanta hasta 10kg | Resistente | Color blanco<\/a><\/td>\n<td>19 \u20ac<\/td>\n<td>5 \u20ac<\/td>\n<\/tr>\n<\/tbody>\n<\/table>\n","protected":false},"excerpt":{"rendered":"<p>Pal\u00e9 de Electrodom\u00e9sticos sin revisar procedente de devoluciones de marketplaces<\/p>\n<ul>\n<li>N\u00famero de productos: 19<\/li>\n<li>Valor aproximado: 3820.00<\/li>\n<li>Porcentaje que se paga: 21% + IVA<\/li>\n<li>Tiempo de entrega estimado: 3 a 7 d\u00edas<\/li>\n<\/ul>\n<p>*Los precios incluyen IVA<\/p>\n","protected":false},"featured_media":181093,"template":"","meta":{"site-sidebar-layout":"default","site-content-layout":"","ast-site-content-layout":"default","site-content-style":"default","site-sidebar-style":"default","ast-global-header-display":"","ast-banner-title-visibility":"","ast-main-header-display":"","ast-hfb-above-header-display":"","ast-hfb-below-header-display":"","ast-hfb-mobile-header-display":"","site-post-title":"","ast-breadcrumbs-content":"","ast-featured-img":"","footer-sml-layout":"","ast-disable-related-posts":"","theme-transparent-header-meta":"default","adv-header-id-meta":"","stick-header-meta":"","header-above-stick-meta":"","header-main-stick-meta":"","header-below-stick-meta":"","astra-migrate-meta-layouts":"set","ast-page-background-enabled":"default","ast-page-background-meta":{"desktop":{"background-color":"var(--ast-global-color-4)","background-image":"","background-repeat":"repeat","background-position":"center center","background-size":"auto","background-attachment":"scroll","background-type":"","background-media":"","overlay-type":"","overlay-color":"","overlay-opacity":"","overlay-gradient":""},"tablet":{"background-color":"","background-image":"","background-repeat":"repeat","background-position":"center center","background-size":"auto","background-attachment":"scroll","background-type":"","background-media":"","overlay-type":"","overlay-color":"","overlay-opacity":"","overlay-gradient":""},"mobile":{"background-color":"","background-image":"","background-repeat":"repeat","background-position":"center center","background-size":"auto","background-attachment":"scroll","background-type":"","background-media":"","overlay-type":"","overlay-color":"","overlay-opacity":"","overlay-gradient":""}},"ast-content-background-meta":{"desktop":{"background-color":"var(--ast-global-color-5)","background-image":"","background-repeat":"repeat","background-position":"center center","background-size":"auto","background-attachment":"scroll","background-type":"","background-media":"","overlay-type":"","overlay-color":"","overlay-opacity":"","overlay-gradient":""},"tablet":{"background-color":"var(--ast-global-color-5)","background-image":"","background-repeat":"repeat","background-position":"center center","background-size":"auto","background-attachment":"scroll","background-type":"","background-media":"","overlay-type":"","overlay-color":"","overlay-opacity":"","overlay-gradient":""},"mobile":{"background-color":"var(--ast-global-color-5)","background-image":"","background-repeat":"repeat","background-position":"center center","background-size":"auto","background-attachment":"scroll","background-type":"","background-media":"","overlay-type":"","overlay-color":"","overlay-opacity":"","overlay-gradient":""}}},"product_brand":[],"product_cat":[51,65],"product_tag":[],"class_list":{"0":"post-181810","1":"product","2":"type-product","3":"status-publish","4":"has-post-thumbnail","6":"product_cat-electrodomesticos","7":"product_cat-pales","8":"product_shipping_class-pale","9":"desktop-align-left","10":"tablet-align-left","11":"mobile-align-left","13":"first","14":"instock","15":"sale","16":"downloadable","17":"taxable","18":"shipping-taxable","19":"purchasable","20":"product-type-simple"},"yoast_head":"<!-- This site is optimized with the Yoast SEO plugin v27.5 - https:\/\/yoast.com\/product\/yoast-seo-wordpress\/ -->\n<title>Pal\u00e9 de Electrodom\u00e9sticos [19 productos] (10101196) - Comprardevoluciones - Tu tienda de Devoluciones de Amazon<\/title>\n<meta name=\"robots\" content=\"noindex, follow\" \/>\n<meta property=\"og:locale\" content=\"en_US\" \/>\n<meta property=\"og:type\" content=\"article\" \/>\n<meta property=\"og:title\" content=\"Pal\u00e9 de Electrodom\u00e9sticos [19 productos] (10101196) - Comprardevoluciones - Tu tienda de Devoluciones de Amazon\" \/>\n<meta property=\"og:description\" content=\"Pal\u00e9 de Electrodom\u00e9sticos sin revisar procedente de devoluciones de marketplaces   N\u00famero de productos: 19  Valor aproximado: 3820.00  Porcentaje que se paga: 21% + IVA  Tiempo de entrega estimado: 3 a 7 d\u00edas  *Los precios incluyen IVA\" \/>\n<meta property=\"og:url\" content=\"https:\/\/comprardevoluciones.com\/producto\/10101196\/\" \/>\n<meta property=\"og:site_name\" content=\"Comprardevoluciones - Tu tienda de Devoluciones de Amazon\" \/>\n<meta property=\"article:modified_time\" content=\"2026-04-29T11:28:19+00:00\" \/>\n<meta property=\"og:image\" content=\"https:\/\/comprardevoluciones.com\/wp-content\/uploads\/2026\/04\/10101196.jpg\" \/>\n\t<meta property=\"og:image:width\" content=\"700\" \/>\n\t<meta property=\"og:image:height\" content=\"700\" \/>\n\t<meta property=\"og:image:type\" content=\"image\/jpeg\" \/>\n<meta name=\"twitter:card\" content=\"summary_large_image\" \/>\n<meta name=\"twitter:label1\" content=\"Est. reading time\" \/>\n\t<meta name=\"twitter:data1\" content=\"3 minutes\" \/>\n<script type=\"application\/ld+json\" class=\"yoast-schema-graph\">{\"@context\":\"https:\\\/\\\/schema.org\",\"@graph\":[{\"@type\":\"WebPage\",\"@id\":\"https:\\\/\\\/comprardevoluciones.com\\\/producto\\\/10101196\\\/\",\"url\":\"https:\\\/\\\/comprardevoluciones.com\\\/producto\\\/10101196\\\/\",\"name\":\"Pal\u00e9 de Electrodom\u00e9sticos [19 productos] (10101196) - Comprardevoluciones - Tu tienda de Devoluciones de Amazon\",\"isPartOf\":{\"@id\":\"https:\\\/\\\/comprardevoluciones.com\\\/#website\"},\"primaryImageOfPage\":{\"@id\":\"https:\\\/\\\/comprardevoluciones.com\\\/producto\\\/10101196\\\/#primaryimage\"},\"image\":{\"@id\":\"https:\\\/\\\/comprardevoluciones.com\\\/producto\\\/10101196\\\/#primaryimage\"},\"thumbnailUrl\":\"https:\\\/\\\/comprardevoluciones.com\\\/wp-content\\\/uploads\\\/2026\\\/04\\\/10101196.jpg\",\"datePublished\":\"2026-04-29T09:00:59+00:00\",\"dateModified\":\"2026-04-29T11:28:19+00:00\",\"breadcrumb\":{\"@id\":\"https:\\\/\\\/comprardevoluciones.com\\\/producto\\\/10101196\\\/#breadcrumb\"},\"inLanguage\":\"en-US\",\"potentialAction\":[{\"@type\":\"ReadAction\",\"target\":[\"https:\\\/\\\/comprardevoluciones.com\\\/producto\\\/10101196\\\/\"]}]},{\"@type\":\"ImageObject\",\"inLanguage\":\"en-US\",\"@id\":\"https:\\\/\\\/comprardevoluciones.com\\\/producto\\\/10101196\\\/#primaryimage\",\"url\":\"https:\\\/\\\/comprardevoluciones.com\\\/wp-content\\\/uploads\\\/2026\\\/04\\\/10101196.jpg\",\"contentUrl\":\"https:\\\/\\\/comprardevoluciones.com\\\/wp-content\\\/uploads\\\/2026\\\/04\\\/10101196.jpg\",\"width\":700,\"height\":700},{\"@type\":\"BreadcrumbList\",\"@id\":\"https:\\\/\\\/comprardevoluciones.com\\\/producto\\\/10101196\\\/#breadcrumb\",\"itemListElement\":[{\"@type\":\"ListItem\",\"position\":1,\"name\":\"Portada\",\"item\":\"https:\\\/\\\/comprardevoluciones.com\\\/en\\\/\"},{\"@type\":\"ListItem\",\"position\":2,\"name\":\"Shop\",\"item\":\"https:\\\/\\\/comprardevoluciones.com\\\/en\\\/shop\\\/\"},{\"@type\":\"ListItem\",\"position\":3,\"name\":\"Pal\u00e9 de Electrodom\u00e9sticos [19 productos] (10101196)\"}]},{\"@type\":\"WebSite\",\"@id\":\"https:\\\/\\\/comprardevoluciones.com\\\/#website\",\"url\":\"https:\\\/\\\/comprardevoluciones.com\\\/\",\"name\":\"Comprardevoluciones - Tu tienda de Devoluciones de Amazon\",\"description\":\"Consigue Stock en buen estado a un precio imbatible\",\"potentialAction\":[{\"@type\":\"SearchAction\",\"target\":{\"@type\":\"EntryPoint\",\"urlTemplate\":\"https:\\\/\\\/comprardevoluciones.com\\\/?s={search_term_string}\"},\"query-input\":{\"@type\":\"PropertyValueSpecification\",\"valueRequired\":true,\"valueName\":\"search_term_string\"}}],\"inLanguage\":\"en-US\"}]}<\/script>\n<!-- \/ Yoast SEO plugin. -->","yoast_head_json":{"title":"Pal\u00e9 de Electrodom\u00e9sticos [19 productos] (10101196) - Comprardevoluciones - Tu tienda de Devoluciones de Amazon","robots":{"index":"noindex","follow":"follow"},"og_locale":"en_US","og_type":"article","og_title":"Pal\u00e9 de Electrodom\u00e9sticos [19 productos] (10101196) - Comprardevoluciones - Tu tienda de Devoluciones de Amazon","og_description":"Pal\u00e9 de Electrodom\u00e9sticos sin revisar procedente de devoluciones de marketplaces   N\u00famero de productos: 19  Valor aproximado: 3820.00  Porcentaje que se paga: 21% + IVA  Tiempo de entrega estimado: 3 a 7 d\u00edas  *Los precios incluyen IVA","og_url":"https:\/\/comprardevoluciones.com\/producto\/10101196\/","og_site_name":"Comprardevoluciones - Tu tienda de Devoluciones de Amazon","article_modified_time":"2026-04-29T11:28:19+00:00","og_image":[{"width":700,"height":700,"url":"https:\/\/comprardevoluciones.com\/wp-content\/uploads\/2026\/04\/10101196.jpg","type":"image\/jpeg"}],"twitter_card":"summary_large_image","twitter_misc":{"Est. reading time":"3 minutes"},"schema":{"@context":"https:\/\/schema.org","@graph":[{"@type":"WebPage","@id":"https:\/\/comprardevoluciones.com\/producto\/10101196\/","url":"https:\/\/comprardevoluciones.com\/producto\/10101196\/","name":"Pal\u00e9 de Electrodom\u00e9sticos [19 productos] (10101196) - Comprardevoluciones - Tu tienda de Devoluciones de Amazon","isPartOf":{"@id":"https:\/\/comprardevoluciones.com\/#website"},"primaryImageOfPage":{"@id":"https:\/\/comprardevoluciones.com\/producto\/10101196\/#primaryimage"},"image":{"@id":"https:\/\/comprardevoluciones.com\/producto\/10101196\/#primaryimage"},"thumbnailUrl":"https:\/\/comprardevoluciones.com\/wp-content\/uploads\/2026\/04\/10101196.jpg","datePublished":"2026-04-29T09:00:59+00:00","dateModified":"2026-04-29T11:28:19+00:00","breadcrumb":{"@id":"https:\/\/comprardevoluciones.com\/producto\/10101196\/#breadcrumb"},"inLanguage":"en-US","potentialAction":[{"@type":"ReadAction","target":["https:\/\/comprardevoluciones.com\/producto\/10101196\/"]}]},{"@type":"ImageObject","inLanguage":"en-US","@id":"https:\/\/comprardevoluciones.com\/producto\/10101196\/#primaryimage","url":"https:\/\/comprardevoluciones.com\/wp-content\/uploads\/2026\/04\/10101196.jpg","contentUrl":"https:\/\/comprardevoluciones.com\/wp-content\/uploads\/2026\/04\/10101196.jpg","width":700,"height":700},{"@type":"BreadcrumbList","@id":"https:\/\/comprardevoluciones.com\/producto\/10101196\/#breadcrumb","itemListElement":[{"@type":"ListItem","position":1,"name":"Portada","item":"https:\/\/comprardevoluciones.com\/en\/"},{"@type":"ListItem","position":2,"name":"Shop","item":"https:\/\/comprardevoluciones.com\/en\/shop\/"},{"@type":"ListItem","position":3,"name":"Pal\u00e9 de Electrodom\u00e9sticos [19 productos] (10101196)"}]},{"@type":"WebSite","@id":"https:\/\/comprardevoluciones.com\/#website","url":"https:\/\/comprardevoluciones.com\/","name":"Comprardevoluciones - Tu tienda de Devoluciones de Amazon","description":"Consigue Stock en buen estado a un precio imbatible","potentialAction":[{"@type":"SearchAction","target":{"@type":"EntryPoint","urlTemplate":"https:\/\/comprardevoluciones.com\/?s={search_term_string}"},"query-input":{"@type":"PropertyValueSpecification","valueRequired":true,"valueName":"search_term_string"}}],"inLanguage":"en-US"}]}},"_links":{"self":[{"href":"https:\/\/comprardevoluciones.com\/en\/wp-json\/wp\/v2\/product\/181810","targetHints":{"allow":["GET"]}}],"collection":[{"href":"https:\/\/comprardevoluciones.com\/en\/wp-json\/wp\/v2\/product"}],"about":[{"href":"https:\/\/comprardevoluciones.com\/en\/wp-json\/wp\/v2\/types\/product"}],"wp:featuredmedia":[{"embeddable":true,"href":"https:\/\/comprardevoluciones.com\/en\/wp-json\/wp\/v2\/media\/181093"}],"wp:attachment":[{"href":"https:\/\/comprardevoluciones.com\/en\/wp-json\/wp\/v2\/media?parent=181810"}],"wp:term":[{"taxonomy":"product_brand","embeddable":true,"href":"https:\/\/comprardevoluciones.com\/en\/wp-json\/wp\/v2\/product_brand?post=181810"},{"taxonomy":"product_cat","embeddable":true,"href":"https:\/\/comprardevoluciones.com\/en\/wp-json\/wp\/v2\/product_cat?post=181810"},{"taxonomy":"product_tag","embeddable":true,"href":"https:\/\/comprardevoluciones.com\/en\/wp-json\/wp\/v2\/product_tag?post=181810"}],"curies":[{"name":"wp","href":"https:\/\/api.w.org\/{rel}","templated":true}]}}