{"id":36315,"date":"2022-03-17T23:20:51","date_gmt":"2022-03-17T22:20:51","guid":{"rendered":"https:\/\/comprardevoluciones.com\/faq\/"},"modified":"2024-11-13T16:40:13","modified_gmt":"2024-11-13T15:40:13","slug":"faq","status":"publish","type":"page","link":"https:\/\/comprardevoluciones.com\/fr\/faq\/","title":{"rendered":"FAQ"},"content":{"rendered":"\t\t<div data-elementor-type=\"wp-page\" data-elementor-id=\"36315\" class=\"elementor elementor-36315 elementor-275\" data-elementor-post-type=\"page\">\n\t\t\t\t\t\t<section class=\"elementor-section elementor-top-section elementor-element elementor-element-2e4e89d3 elementor-section-content-middle elementor-section-boxed elementor-section-height-default elementor-section-height-default\" data-id=\"2e4e89d3\" data-element_type=\"section\" data-e-type=\"section\" data-settings=\"{&quot;background_background&quot;:&quot;classic&quot;}\">\n\t\t\t\t\t\t\t<div class=\"elementor-background-overlay\"><\/div>\n\t\t\t\t\t\t\t<div class=\"elementor-container elementor-column-gap-wide\">\n\t\t\t\t\t<div class=\"elementor-column elementor-col-100 elementor-top-column elementor-element elementor-element-58a8f30b\" data-id=\"58a8f30b\" data-element_type=\"column\" data-e-type=\"column\">\n\t\t\t<div class=\"elementor-widget-wrap elementor-element-populated\">\n\t\t\t\t\t\t<div class=\"elementor-element elementor-element-4da65af5 elementor-invisible elementor-widget elementor-widget-heading\" data-id=\"4da65af5\" data-element_type=\"widget\" data-e-type=\"widget\" data-settings=\"{&quot;_animation&quot;:&quot;fadeIn&quot;,&quot;_animation_delay&quot;:50}\" data-widget_type=\"heading.default\">\n\t\t\t\t<div class=\"elementor-widget-container\">\n\t\t\t\t\t<h2 class=\"elementor-heading-title elementor-size-default\">Vous avez besoin d'aide ?<\/h2>\t\t\t\t<\/div>\n\t\t\t\t<\/div>\n\t\t\t\t<div class=\"elementor-element elementor-element-1473d0be elementor-invisible elementor-widget elementor-widget-heading\" data-id=\"1473d0be\" data-element_type=\"widget\" data-e-type=\"widget\" data-settings=\"{&quot;_animation&quot;:&quot;fadeIn&quot;,&quot;_animation_delay&quot;:100}\" data-widget_type=\"heading.default\">\n\t\t\t\t<div class=\"elementor-widget-container\">\n\t\t\t\t\t<h2 class=\"elementor-heading-title elementor-size-default\">Foire aux questions<\/h2>\t\t\t\t<\/div>\n\t\t\t\t<\/div>\n\t\t\t\t<section class=\"elementor-section elementor-inner-section elementor-element elementor-element-4d8c1391 elementor-section-boxed elementor-section-height-default elementor-section-height-default\" data-id=\"4d8c1391\" data-element_type=\"section\" data-e-type=\"section\">\n\t\t\t\t\t\t<div class=\"elementor-container elementor-column-gap-default\">\n\t\t\t\t\t<div class=\"elementor-column elementor-col-50 elementor-inner-column elementor-element elementor-element-48ea7b74 elementor-invisible\" data-id=\"48ea7b74\" data-element_type=\"column\" data-e-type=\"column\" data-settings=\"{&quot;animation&quot;:&quot;fadeIn&quot;,&quot;animation_delay&quot;:100}\">\n\t\t\t<div class=\"elementor-widget-wrap elementor-element-populated\">\n\t\t\t\t\t\t<div class=\"elementor-element elementor-element-bf3e59b elementor-widget elementor-widget-sina_accordion\" data-id=\"bf3e59b\" data-element_type=\"widget\" data-e-type=\"widget\" data-widget_type=\"sina_accordion.default\">\n\t\t\t\t<div class=\"elementor-widget-container\">\n\t\t\t\t\t\t\t<div class=\"sina-accordion\"\r\n\t\tdata-open-first=\"\">\r\n\t\t\t\t\t\t\t<div class=\"sina-accordion-item elementor-repeater-item-bb14b89 \">\r\n\t\t\t\t\t<h4 class=\"sina-accordion-header sina-flex\">\r\n\t\t\t\t\t\t\t\t\t\t\t\tComment acheter une palette de retours Amazon ?\t\t\t\t\t\t\t\t\t\t\t\t\t<span class=\"sina-accordion-icon\">\r\n\t\t\t\t\t\t\t\t<i class=\"icofont icofont-caret-down off\"><\/i>\r\n\t\t\t\t\t\t\t\t<i class=\"eicon-caret-up on\"><\/i>\r\n\t\t\t\t\t\t\t<\/span>\r\n\t\t\t\t\t\t\t\t\t\t\t<\/h4>\r\n\t\t\t\t\t<div class=\"sina-accordion-body\">\r\n\t\t\t\t\t\t\t\t\t\t\t\t\t\t<div class=\"sina-accordion-desc\">\r\n\t\t\t\t\t\t\t\t\tEntrez dans notre section \"Shop\", disponible dans le menu sup\u00e9rieur. Consultez le catalogue des palettes et la liste indicative des produits qu'elles contiennent, choisissez-en une et effectuez le paiement par l'un des moyens disponibles.\nNous enverrons ensuite la palette \u00e0 l'adresse que vous aurez indiqu\u00e9e en Espagne (y compris les \u00eeles) et au Portugal continental.\n\t\t\t\t\t\t\t\t<\/div>\r\n\t\t\t\t\t\t\t\t\t\t\t<\/div>\r\n\t\t\t\t<\/div>\r\n\t\t\t\t\t\t\t<div class=\"sina-accordion-item elementor-repeater-item-521106a \">\r\n\t\t\t\t\t<h4 class=\"sina-accordion-header sina-flex\">\r\n\t\t\t\t\t\t\t\t\t\t\t\tPeut-on renvoyer les produits une fois qu'ils ont \u00e9t\u00e9 achet\u00e9s ?\t\t\t\t\t\t\t\t\t\t\t\t\t<span class=\"sina-accordion-icon\">\r\n\t\t\t\t\t\t\t\t<i class=\"icofont icofont-caret-down off\"><\/i>\r\n\t\t\t\t\t\t\t\t<i class=\"eicon-caret-up on\"><\/i>\r\n\t\t\t\t\t\t\t<\/span>\r\n\t\t\t\t\t\t\t\t\t\t\t<\/h4>\r\n\t\t\t\t\t<div class=\"sina-accordion-body\">\r\n\t\t\t\t\t\t\t\t\t\t\t\t\t\t<div class=\"sina-accordion-desc\">\r\n\t\t\t\t\t\t\t\t\tLes produits sont des retours d\u2019autres utilisateurs qui n\u2019ont pas \u00e9t\u00e9 examin\u00e9s par comprardevoluciones.com. Lorsque le client effectue un achat sur ce site, il accepte l\u2019\u00e9tat dans lequel se trouvent les produits, car il ne nous est pas possible de v\u00e9rifier si les produits arrivent dans le m\u00eame \u00e9tat que celui dans lequel ils ont \u00e9t\u00e9 envoy\u00e9s.\n\nL\u2019utilisateur peut exercer son droit de r\u00e9tractation dans les deux cas suivants :\n\nLe client n\u2019a pas ouvert le lot ni retir\u00e9 le film noir avec lequel comprardevoluciones.com l\u2019envoie : dans ce cas, le client peut retourner le lot dans les 14 jours calendaires suivant la r\u00e9ception, mais il doit supporter les frais de retour.\nEn cas d\u2019erreur dans l\u2019exp\u00e9dition ou l\u2019arriv\u00e9e d\u2019une palette ou d\u2019un lot incorrect, le client aura \u00e0 nouveau 14 jours calendaires \u00e0 compter de la r\u00e9ception pour le signaler, et comprardevoluciones.com prendra en charge les frais d\u2019exp\u00e9dition pour renvoyer le produit \u00e0 notre entrep\u00f4t ; ou si la palette arrive endommag\u00e9e pendant le transport et que le client v\u00e9rifie et le signale au moment de la livraison.\t\t\t\t\t\t\t\t<\/div>\r\n\t\t\t\t\t\t\t\t\t\t\t<\/div>\r\n\t\t\t\t<\/div>\r\n\t\t\t\t\t\t\t<div class=\"sina-accordion-item elementor-repeater-item-008c4b1 \">\r\n\t\t\t\t\t<h4 class=\"sina-accordion-header sina-flex\">\r\n\t\t\t\t\t\t\t\t\t\t\t\tQuels sont les produits de retour en vente ?\t\t\t\t\t\t\t\t\t\t\t\t\t<span class=\"sina-accordion-icon\">\r\n\t\t\t\t\t\t\t\t<i class=\"icofont icofont-caret-down off\"><\/i>\r\n\t\t\t\t\t\t\t\t<i class=\"eicon-caret-up on\"><\/i>\r\n\t\t\t\t\t\t\t<\/span>\r\n\t\t\t\t\t\t\t\t\t\t\t<\/h4>\r\n\t\t\t\t\t<div class=\"sina-accordion-body\">\r\n\t\t\t\t\t\t\t\t\t\t\t\t\t\t<div class=\"sina-accordion-desc\">\r\n\t\t\t\t\t\t\t\t\tLes produits retourn\u00e9s, qu'ils soient dans des bo\u00eetes myst\u00e8res ou sur des palettes, peuvent \u00eatre class\u00e9s dans autant de cat\u00e9gories qu'il y a de d\u00e9partements dans le catalogue d'Amazon (livres, v\u00eatements, chaussures, b\u00e9b\u00e9s, automobile, accessoires, appareils m\u00e9nagers, meubles, sant\u00e9, beaut\u00e9, bijoux, maison, bureau, f\u00eates, sport, animaux de compagnie, cadeaux, jouets, etc.\nLes palettes vendues sur ce site ne sont pas ouvertes et ne sont donc pas class\u00e9es. Nous livrons une liste des produits inclus dans chaque palette, bien qu'il puisse y avoir de l\u00e9g\u00e8res variations car les marchandises ne sont pas catalogu\u00e9es par notre \u00e9quipe.\n\t\t\t\t\t\t\t\t<\/div>\r\n\t\t\t\t\t\t\t\t\t\t\t<\/div>\r\n\t\t\t\t<\/div>\r\n\t\t\t\t\t<\/div><!-- .sina-accordion -->\r\n\t\t\t\t\t\t<\/div>\n\t\t\t\t<\/div>\n\t\t\t\t<div class=\"elementor-element elementor-element-7156bf0 elementor-widget elementor-widget-sina_accordion\" data-id=\"7156bf0\" data-element_type=\"widget\" data-e-type=\"widget\" data-widget_type=\"sina_accordion.default\">\n\t\t\t\t<div class=\"elementor-widget-container\">\n\t\t\t\t\t\t\t<div class=\"sina-accordion\"\r\n\t\tdata-open-first=\"\">\r\n\t\t\t\t\t\t\t<div class=\"sina-accordion-item elementor-repeater-item-bb14b89 \">\r\n\t\t\t\t\t<h4 class=\"sina-accordion-header sina-flex\">\r\n\t\t\t\t\t\t\t\t\t\t\t\tComment les produits arrivent-ils et dans quel \u00e9tat se trouvent-ils ?\t\t\t\t\t\t\t\t\t\t\t\t\t<span class=\"sina-accordion-icon\">\r\n\t\t\t\t\t\t\t\t<i class=\"icofont icofont-caret-down off\"><\/i>\r\n\t\t\t\t\t\t\t\t<i class=\"eicon-caret-up on\"><\/i>\r\n\t\t\t\t\t\t\t<\/span>\r\n\t\t\t\t\t\t\t\t\t\t\t<\/h4>\r\n\t\t\t\t\t<div class=\"sina-accordion-body\">\r\n\t\t\t\t\t\t\t\t\t\t\t\t\t\t<div class=\"sina-accordion-desc\">\r\n\t\t\t\t\t\t\t\t\tPour r\u00e9pondre \u00e0 cette question, revenons au c\u0153ur du ph\u00e9nom\u00e8ne : les retours. Pourquoi les clients d'Amazon retournent-ils leurs achats ?\nLes raisons pour lesquelles un client renvoie un produit sont multiples : parfois, c'est parce que le produit est endommag\u00e9, mais il arrive aussi que des personnes renvoient des produits parce qu'elles se sont tromp\u00e9es d'article, ou parce que l'aspect du produit est diff\u00e9rent de celui qu'elles ont vu sur la plateforme num\u00e9rique. D'autres retournent le produit parce qu'il s'agissait d'un cadeau et que la personne qui l'a re\u00e7u ne l'a pas aim\u00e9, ou simplement parce qu'il ne convenait pas \u00e0 la personne qui allait le porter (ce qui est tr\u00e8s courant pour les retours de v\u00eatements).\nCertains produits peuvent arriver endommag\u00e9s. Mais il faut savoir que lorsque vous faites un achat, l'une des conditions que vous acceptez est de conserver le produit dans l'\u00e9tat o\u00f9 il se trouve et qu'il n'y a pas de garantie. C'est l'une des raisons pour lesquelles vous pouvez obtenir entre 50 et 90 % de r\u00e9duction sur le prix r\u00e9el des lots.\nEn revanche, la marchandise de Comprardevoluciones n'est pas contr\u00f4l\u00e9e, mais chaque lot pr\u00e9sente une liste des produits qu'il contient, mais pas leur \u00e9tat, car nous ne le connaissons pas. Le guide du contenu de chaque lot est indicatif et peut subir de l\u00e9g\u00e8res modifications.\nEn effet, certains articles peuvent avoir \u00e9t\u00e9 ouverts par leur premier acheteur, ou \u00eatre endommag\u00e9s, incomplets, d\u00e9fectueux, cass\u00e9s ou avec un emballage d'origine endommag\u00e9 (ou un emballage diff\u00e9rent), ou, dans certaines circonstances, les utilisateurs peuvent avoir retourn\u00e9 des produits tr\u00e8s utilis\u00e9s.\n\t\t\t\t\t\t\t\t<\/div>\r\n\t\t\t\t\t\t\t\t\t\t\t<\/div>\r\n\t\t\t\t<\/div>\r\n\t\t\t\t\t<\/div><!-- .sina-accordion -->\r\n\t\t\t\t\t\t<\/div>\n\t\t\t\t<\/div>\n\t\t\t\t\t<\/div>\n\t\t<\/div>\n\t\t\t\t<div class=\"elementor-column elementor-col-50 elementor-inner-column elementor-element elementor-element-255ef1fe elementor-invisible\" data-id=\"255ef1fe\" data-element_type=\"column\" data-e-type=\"column\" data-settings=\"{&quot;animation&quot;:&quot;fadeIn&quot;,&quot;animation_delay&quot;:200}\">\n\t\t\t<div class=\"elementor-widget-wrap elementor-element-populated\">\n\t\t\t\t\t\t<div class=\"elementor-element elementor-element-39d650a elementor-widget elementor-widget-sina_accordion\" data-id=\"39d650a\" data-element_type=\"widget\" data-e-type=\"widget\" data-widget_type=\"sina_accordion.default\">\n\t\t\t\t<div class=\"elementor-widget-container\">\n\t\t\t\t\t\t\t<div class=\"sina-accordion\"\r\n\t\tdata-open-first=\"\">\r\n\t\t\t\t\t\t\t<div class=\"sina-accordion-item elementor-repeater-item-bb14b89 \">\r\n\t\t\t\t\t<h4 class=\"sina-accordion-header sina-flex\">\r\n\t\t\t\t\t\t\t\t\t\t\t\tQuelles sont les conditions d'exp\u00e9dition ?\t\t\t\t\t\t\t\t\t\t\t\t\t<span class=\"sina-accordion-icon\">\r\n\t\t\t\t\t\t\t\t<i class=\"icofont icofont-caret-down off\"><\/i>\r\n\t\t\t\t\t\t\t\t<i class=\"eicon-caret-up on\"><\/i>\r\n\t\t\t\t\t\t\t<\/span>\r\n\t\t\t\t\t\t\t\t\t\t\t<\/h4>\r\n\t\t\t\t\t<div class=\"sina-accordion-body\">\r\n\t\t\t\t\t\t\t\t\t\t\t\t\t\t<div class=\"sina-accordion-desc\">\r\n\t\t\t\t\t\t\t\t\tQuelles sont les conditions d'exp\u00e9dition ?\nL'achat de retours sur Amazon implique l'acceptation totale de notre politique d'exp\u00e9dition. Vous le recevrez \u00e0 l'adresse de votre choix (nous vous recommandons d'avoir de l'espace pour placer le chargement et d'ins\u00e9rer facilement la palette), mais vous ne pourrez pas le renvoyer.\nIl est interdit d'effectuer un retour d'un retour. Quel que soit le type de retour que vous choisissez d'acheter, vous ne pouvez le renvoyer que si vous avez re\u00e7u la mauvaise commande.\nPar ailleurs, les frais de port pouvant varier fortement, il vous appartient de lire et d'accepter l'ensemble des conditions, ainsi que le prix de la livraison de votre commande, car vous ne pourrez pr\u00e9tendre \u00e0 aucune r\u00e9clamation pour quelque raison que ce soit pr\u00e9alablement pr\u00e9cis\u00e9e par votre fournisseur.\nNous vous conseillons de ne jamais acheter avant d'avoir examin\u00e9 attentivement les politiques sp\u00e9cifiques de ce site web.\t\t\t\t\t\t\t\t<\/div>\r\n\t\t\t\t\t\t\t\t\t\t\t<\/div>\r\n\t\t\t\t<\/div>\r\n\t\t\t\t\t\t\t<div class=\"sina-accordion-item elementor-repeater-item-1bee4c2 \">\r\n\t\t\t\t\t<h4 class=\"sina-accordion-header sina-flex\">\r\n\t\t\t\t\t\t\t\t\t\t\t\tO\u00f9 exp\u00e9diez-vous vos produits ?\t\t\t\t\t\t\t\t\t\t\t\t\t<span class=\"sina-accordion-icon\">\r\n\t\t\t\t\t\t\t\t<i class=\"icofont icofont-caret-down off\"><\/i>\r\n\t\t\t\t\t\t\t\t<i class=\"eicon-caret-up on\"><\/i>\r\n\t\t\t\t\t\t\t<\/span>\r\n\t\t\t\t\t\t\t\t\t\t\t<\/h4>\r\n\t\t\t\t\t<div class=\"sina-accordion-body\">\r\n\t\t\t\t\t\t\t\t\t\t\t\t\t\t<div class=\"sina-accordion-desc\">\r\n\t\t\t\t\t\t\t\t\tLa zone g\u00e9ographique \u00e0 partir de laquelle tu peux recevoir des retours d'Amazon comprend l'Espagne, la France, l'Allemagne, l'Italie, le Portugal continental et d'autres pays europ\u00e9ens. Nous exp\u00e9dions \u00e9galement vers les \u00eeles Canaries et les \u00eeles Bal\u00e9ares.\t\t\t\t\t\t\t\t<\/div>\r\n\t\t\t\t\t\t\t\t\t\t\t<\/div>\r\n\t\t\t\t<\/div>\r\n\t\t\t\t\t\t\t<div class=\"sina-accordion-item elementor-repeater-item-99e0dc7 \">\r\n\t\t\t\t\t<h4 class=\"sina-accordion-header sina-flex\">\r\n\t\t\t\t\t\t\t\t\t\t\t\tCombien de temps faut-il g\u00e9n\u00e9ralement pour exp\u00e9dier ces produits ?\t\t\t\t\t\t\t\t\t\t\t\t\t<span class=\"sina-accordion-icon\">\r\n\t\t\t\t\t\t\t\t<i class=\"icofont icofont-caret-down off\"><\/i>\r\n\t\t\t\t\t\t\t\t<i class=\"eicon-caret-up on\"><\/i>\r\n\t\t\t\t\t\t\t<\/span>\r\n\t\t\t\t\t\t\t\t\t\t\t<\/h4>\r\n\t\t\t\t\t<div class=\"sina-accordion-body\">\r\n\t\t\t\t\t\t\t\t\t\t\t\t\t\t<div class=\"sina-accordion-desc\">\r\n\t\t\t\t\t\t\t\t\tLe d\u00e9lai de livraison peut varier en fonction de l'endroit o\u00f9 vous vous trouvez, ainsi que des conditions de transport du pays \u00e0 un moment donn\u00e9. Il est g\u00e9n\u00e9ralement compris entre 3 et 7 jours.\t\t\t\t\t\t\t\t<\/div>\r\n\t\t\t\t\t\t\t\t\t\t\t<\/div>\r\n\t\t\t\t<\/div>\r\n\t\t\t\t\t\t\t<div class=\"sina-accordion-item elementor-repeater-item-c341a4e \">\r\n\t\t\t\t\t<h4 class=\"sina-accordion-header sina-flex\">\r\n\t\t\t\t\t\t\t\t\t\t\t\tLes produits peuvent-ils \u00eatre livr\u00e9s non emball\u00e9s ?\t\t\t\t\t\t\t\t\t\t\t\t\t<span class=\"sina-accordion-icon\">\r\n\t\t\t\t\t\t\t\t<i class=\"icofont icofont-caret-down off\"><\/i>\r\n\t\t\t\t\t\t\t\t<i class=\"eicon-caret-up on\"><\/i>\r\n\t\t\t\t\t\t\t<\/span>\r\n\t\t\t\t\t\t\t\t\t\t\t<\/h4>\r\n\t\t\t\t\t<div class=\"sina-accordion-body\">\r\n\t\t\t\t\t\t\t\t\t\t\t\t\t\t<div class=\"sina-accordion-desc\">\r\n\t\t\t\t\t\t\t\t\tLes produits arrivent tels qu'ils ont \u00e9t\u00e9 envoy\u00e9s par la personne qui les a renvoy\u00e9s. Cela signifie qu'ils sont parfois livr\u00e9s sans bo\u00eete, avec une bo\u00eete cass\u00e9e, scell\u00e9e, dans une bo\u00eete diff\u00e9rente de celle du produit original, etc. De m\u00eame, il peut manquer des pi\u00e8ces ou des accessoires, ou le produit peut \u00eatre complet.\t\t\t\t\t\t\t\t<\/div>\r\n\t\t\t\t\t\t\t\t\t\t\t<\/div>\r\n\t\t\t\t<\/div>\r\n\t\t\t\t\t<\/div><!-- .sina-accordion -->\r\n\t\t\t\t\t\t<\/div>\n\t\t\t\t<\/div>\n\t\t\t\t\t<\/div>\n\t\t<\/div>\n\t\t\t\t\t<\/div>\n\t\t<\/section>\n\t\t\t\t\t<\/div>\n\t\t<\/div>\n\t\t\t\t\t<\/div>\n\t\t<\/section>\n\t\t\t\t<\/div>\n\t\t","protected":false},"excerpt":{"rendered":"<p>Vous avez besoin d&rsquo;aide ? Foire aux questions Comment acheter une palette de retours Amazon ? Entrez dans notre section \u00ab\u00a0Shop\u00a0\u00bb, disponible dans le menu sup\u00e9rieur. Consultez le catalogue des palettes et la liste indicative des produits qu&rsquo;elles contiennent, choisissez-en une et effectuez le paiement par l&rsquo;un des moyens disponibles. Nous enverrons ensuite la palette [&hellip;]<\/p>\n","protected":false},"author":2,"featured_media":0,"parent":0,"menu_order":0,"comment_status":"closed","ping_status":"closed","template":"","meta":{"site-sidebar-layout":"no-sidebar","site-content-layout":"page-builder","ast-site-content-layout":"full-width-container","site-content-style":"unboxed","site-sidebar-style":"unboxed","ast-global-header-display":"","ast-banner-title-visibility":"","ast-main-header-display":"","ast-hfb-above-header-display":"","ast-hfb-below-header-display":"","ast-hfb-mobile-header-display":"","site-post-title":"disabled","ast-breadcrumbs-content":"","ast-featured-img":"disabled","footer-sml-layout":"","ast-disable-related-posts":"","theme-transparent-header-meta":"","adv-header-id-meta":"","stick-header-meta":"","header-above-stick-meta":"","header-main-stick-meta":"","header-below-stick-meta":"","astra-migrate-meta-layouts":"default","ast-page-background-enabled":"default","ast-page-background-meta":{"desktop":{"background-color":"var(--ast-global-color-4)","background-image":"","background-repeat":"repeat","background-position":"center center","background-size":"auto","background-attachment":"scroll","background-type":"","background-media":"","overlay-type":"","overlay-color":"","overlay-opacity":"","overlay-gradient":""},"tablet":{"background-color":"","background-image":"","background-repeat":"repeat","background-position":"center center","background-size":"auto","background-attachment":"scroll","background-type":"","background-media":"","overlay-type":"","overlay-color":"","overlay-opacity":"","overlay-gradient":""},"mobile":{"background-color":"","background-image":"","background-repeat":"repeat","background-position":"center center","background-size":"auto","background-attachment":"scroll","background-type":"","background-media":"","overlay-type":"","overlay-color":"","overlay-opacity":"","overlay-gradient":""}},"ast-content-background-meta":{"desktop":{"background-color":"var(--ast-global-color-5)","background-image":"","background-repeat":"repeat","background-position":"center center","background-size":"auto","background-attachment":"scroll","background-type":"","background-media":"","overlay-type":"","overlay-color":"","overlay-opacity":"","overlay-gradient":""},"tablet":{"background-color":"var(--ast-global-color-5)","background-image":"","background-repeat":"repeat","background-position":"center center","background-size":"auto","background-attachment":"scroll","background-type":"","background-media":"","overlay-type":"","overlay-color":"","overlay-opacity":"","overlay-gradient":""},"mobile":{"background-color":"var(--ast-global-color-5)","background-image":"","background-repeat":"repeat","background-position":"center center","background-size":"auto","background-attachment":"scroll","background-type":"","background-media":"","overlay-type":"","overlay-color":"","overlay-opacity":"","overlay-gradient":""}},"footnotes":""},"class_list":["post-36315","page","type-page","status-publish","hentry"],"yoast_head":"<!-- This site is optimized with the Yoast SEO plugin v27.2 - https:\/\/yoast.com\/product\/yoast-seo-wordpress\/ -->\n<title>FAQ - Comprardevoluciones - Tu tienda de Devoluciones de Amazon<\/title>\n<meta name=\"robots\" content=\"index, follow, max-snippet:-1, max-image-preview:large, max-video-preview:-1\" \/>\n<link rel=\"canonical\" href=\"https:\/\/comprardevoluciones.com\/faq\/\" \/>\n<meta property=\"og:locale\" content=\"fr_FR\" \/>\n<meta property=\"og:type\" content=\"article\" \/>\n<meta property=\"og:title\" content=\"FAQ - Comprardevoluciones - Tu tienda de Devoluciones de Amazon\" \/>\n<meta property=\"og:description\" content=\"Vous avez besoin d&rsquo;aide ? Foire aux questions Comment acheter une palette de retours Amazon ? Entrez dans notre section \u00ab\u00a0Shop\u00a0\u00bb, disponible dans le menu sup\u00e9rieur. Consultez le catalogue des palettes et la liste indicative des produits qu&rsquo;elles contiennent, choisissez-en une et effectuez le paiement par l&rsquo;un des moyens disponibles. Nous enverrons ensuite la palette [&hellip;]\" \/>\n<meta property=\"og:url\" content=\"https:\/\/comprardevoluciones.com\/faq\/\" \/>\n<meta property=\"og:site_name\" content=\"Comprardevoluciones - Tu tienda de Devoluciones de Amazon\" \/>\n<meta property=\"article:modified_time\" content=\"2024-11-13T15:40:13+00:00\" \/>\n<meta name=\"twitter:card\" content=\"summary_large_image\" \/>\n<meta name=\"twitter:label1\" content=\"Dur\u00e9e de lecture estim\u00e9e\" \/>\n\t<meta name=\"twitter:data1\" content=\"5 minutes\" \/>\n<script type=\"application\/ld+json\" class=\"yoast-schema-graph\">{\"@context\":\"https:\/\/schema.org\",\"@graph\":[{\"@type\":\"WebPage\",\"@id\":\"https:\/\/comprardevoluciones.com\/faq\/\",\"url\":\"https:\/\/comprardevoluciones.com\/faq\/\",\"name\":\"FAQ - Comprardevoluciones - Tu tienda de Devoluciones de Amazon\",\"isPartOf\":{\"@id\":\"https:\/\/comprardevoluciones.com\/#website\"},\"datePublished\":\"2022-03-17T22:20:51+00:00\",\"dateModified\":\"2024-11-13T15:40:13+00:00\",\"breadcrumb\":{\"@id\":\"https:\/\/comprardevoluciones.com\/faq\/#breadcrumb\"},\"inLanguage\":\"fr-FR\",\"potentialAction\":[{\"@type\":\"ReadAction\",\"target\":[\"https:\/\/comprardevoluciones.com\/faq\/\"]}]},{\"@type\":\"BreadcrumbList\",\"@id\":\"https:\/\/comprardevoluciones.com\/faq\/#breadcrumb\",\"itemListElement\":[{\"@type\":\"ListItem\",\"position\":1,\"name\":\"Portada\",\"item\":\"https:\/\/comprardevoluciones.com\/fr\/\"},{\"@type\":\"ListItem\",\"position\":2,\"name\":\"FAQ\"}]},{\"@type\":\"WebSite\",\"@id\":\"https:\/\/comprardevoluciones.com\/#website\",\"url\":\"https:\/\/comprardevoluciones.com\/\",\"name\":\"Comprardevoluciones - Tu tienda de Devoluciones de Amazon\",\"description\":\"Consigue Stock en buen estado a un precio imbatible\",\"potentialAction\":[{\"@type\":\"SearchAction\",\"target\":{\"@type\":\"EntryPoint\",\"urlTemplate\":\"https:\/\/comprardevoluciones.com\/?s={search_term_string}\"},\"query-input\":{\"@type\":\"PropertyValueSpecification\",\"valueRequired\":true,\"valueName\":\"search_term_string\"}}],\"inLanguage\":\"fr-FR\"}]}<\/script>\n<!-- \/ Yoast SEO plugin. -->","yoast_head_json":{"title":"FAQ - Comprardevoluciones - Tu tienda de Devoluciones de Amazon","robots":{"index":"index","follow":"follow","max-snippet":"max-snippet:-1","max-image-preview":"max-image-preview:large","max-video-preview":"max-video-preview:-1"},"canonical":"https:\/\/comprardevoluciones.com\/faq\/","og_locale":"fr_FR","og_type":"article","og_title":"FAQ - Comprardevoluciones - Tu tienda de Devoluciones de Amazon","og_description":"Vous avez besoin d&rsquo;aide ? Foire aux questions Comment acheter une palette de retours Amazon ? Entrez dans notre section \u00ab\u00a0Shop\u00a0\u00bb, disponible dans le menu sup\u00e9rieur. Consultez le catalogue des palettes et la liste indicative des produits qu&rsquo;elles contiennent, choisissez-en une et effectuez le paiement par l&rsquo;un des moyens disponibles. Nous enverrons ensuite la palette [&hellip;]","og_url":"https:\/\/comprardevoluciones.com\/faq\/","og_site_name":"Comprardevoluciones - Tu tienda de Devoluciones de Amazon","article_modified_time":"2024-11-13T15:40:13+00:00","twitter_card":"summary_large_image","twitter_misc":{"Dur\u00e9e de lecture estim\u00e9e":"5 minutes"},"schema":{"@context":"https:\/\/schema.org","@graph":[{"@type":"WebPage","@id":"https:\/\/comprardevoluciones.com\/faq\/","url":"https:\/\/comprardevoluciones.com\/faq\/","name":"FAQ - Comprardevoluciones - Tu tienda de Devoluciones de Amazon","isPartOf":{"@id":"https:\/\/comprardevoluciones.com\/#website"},"datePublished":"2022-03-17T22:20:51+00:00","dateModified":"2024-11-13T15:40:13+00:00","breadcrumb":{"@id":"https:\/\/comprardevoluciones.com\/faq\/#breadcrumb"},"inLanguage":"fr-FR","potentialAction":[{"@type":"ReadAction","target":["https:\/\/comprardevoluciones.com\/faq\/"]}]},{"@type":"BreadcrumbList","@id":"https:\/\/comprardevoluciones.com\/faq\/#breadcrumb","itemListElement":[{"@type":"ListItem","position":1,"name":"Portada","item":"https:\/\/comprardevoluciones.com\/fr\/"},{"@type":"ListItem","position":2,"name":"FAQ"}]},{"@type":"WebSite","@id":"https:\/\/comprardevoluciones.com\/#website","url":"https:\/\/comprardevoluciones.com\/","name":"Comprardevoluciones - Tu tienda de Devoluciones de Amazon","description":"Consigue Stock en buen estado a un precio imbatible","potentialAction":[{"@type":"SearchAction","target":{"@type":"EntryPoint","urlTemplate":"https:\/\/comprardevoluciones.com\/?s={search_term_string}"},"query-input":{"@type":"PropertyValueSpecification","valueRequired":true,"valueName":"search_term_string"}}],"inLanguage":"fr-FR"}]}},"_links":{"self":[{"href":"https:\/\/comprardevoluciones.com\/fr\/wp-json\/wp\/v2\/pages\/36315","targetHints":{"allow":["GET"]}}],"collection":[{"href":"https:\/\/comprardevoluciones.com\/fr\/wp-json\/wp\/v2\/pages"}],"about":[{"href":"https:\/\/comprardevoluciones.com\/fr\/wp-json\/wp\/v2\/types\/page"}],"author":[{"embeddable":true,"href":"https:\/\/comprardevoluciones.com\/fr\/wp-json\/wp\/v2\/users\/2"}],"replies":[{"embeddable":true,"href":"https:\/\/comprardevoluciones.com\/fr\/wp-json\/wp\/v2\/comments?post=36315"}],"version-history":[{"count":0,"href":"https:\/\/comprardevoluciones.com\/fr\/wp-json\/wp\/v2\/pages\/36315\/revisions"}],"wp:attachment":[{"href":"https:\/\/comprardevoluciones.com\/fr\/wp-json\/wp\/v2\/media?parent=36315"}],"curies":[{"name":"wp","href":"https:\/\/api.w.org\/{rel}","templated":true}]}}