{"id":100423,"date":"2026-02-25T10:59:53","date_gmt":"2026-02-25T09:59:53","guid":{"rendered":"https:\/\/comprardevoluciones.com\/?post_type=product&#038;p=100423"},"modified":"2026-02-25T10:31:37","modified_gmt":"2026-02-25T09:31:37","slug":"dsv25001300","status":"publish","type":"product","link":"https:\/\/comprardevoluciones.com\/fr\/producto\/dsv25001300\/","title":{"rendered":"Pal\u00e9 de Cuidado Personal [31 productos] (DSV25001300)"},"content":{"rendered":"<p>Descripci\u00f3n y valor aproximados<\/p>\n<table>\n<tbody>\n<tr>\n<td><strong>FUENTE<\/strong><\/td>\n<td><strong>PRODUCTO<\/strong><\/td>\n<td><strong>VALOR (\u20ac)<\/strong><\/td>\n<td><strong>PAGAS (\u20ac)<\/strong><\/td>\n<\/tr>\n<tr>\n<td>AMAZON<\/td>\n<td><a class=\"ljoptimizer\" href=\"https:\/\/www.amazon.es\/dp\/B098R1K312?tag=amazon087683-21&amp;th=1\" target=\"_blank\" rel=\"nofollow noopener\">Edicare, Pressoterapia per Casa, Linfodrenaggio, Professionale, Apparecchio Massaggiatore, Gambe e Piedi, Anticellulite, 6 Camere d\u2019aria (Dispositivo e gambali)<\/a><\/td>\n<td>230 \u20ac<\/td>\n<td>58 \u20ac<\/td>\n<\/tr>\n<tr>\n<td>AMAZON<\/td>\n<td><a class=\"ljoptimizer\" href=\"https:\/\/www.amazon.es\/dp\/B07Y8GH4K8?tag=amazon087683-21&amp;th=1\" target=\"_blank\" rel=\"nofollow noopener\">Imetec Scaldasonno Adapto matrimoniale 150 x 160 cm, Basso consumo, Tecnologia brevettata, Riscaldamento rapido, Temperatura personalizzata, 100% cotone, Made in italy, 2 comandi con 6 temperature<\/a><\/td>\n<td>174 \u20ac<\/td>\n<td>44 \u20ac<\/td>\n<\/tr>\n<tr>\n<td>AMAZON<\/td>\n<td><a class=\"ljoptimizer\" href=\"https:\/\/www.amazon.es\/dp\/B0CHSFW66S?tag=amazon087683-21&amp;th=1\" target=\"_blank\" rel=\"nofollow noopener\">Imetec Scaldasonno Adapto Recreo, Matrimoniale 150 x 160 cm, Riscaldamento Rapido, Temperatura Costante e Personalizzata, Tessuto Anallergico Riciclato Lavabile, 2 comandi 6 Temperature, Made in Italy<\/a><\/td>\n<td>165 \u20ac<\/td>\n<td>41 \u20ac<\/td>\n<\/tr>\n<tr>\n<td>AMAZON<\/td>\n<td><a class=\"ljoptimizer\" href=\"https:\/\/www.amazon.es\/dp\/B0CHSFW66S?tag=amazon087683-21&amp;th=1\" target=\"_blank\" rel=\"nofollow noopener\">Imetec Scaldasonno Adapto Recreo, Matrimoniale 150 x 160 cm, Riscaldamento Rapido, Temperatura Costante e Personalizzata, Tessuto Anallergico Riciclato Lavabile, 2 comandi 6 Temperature, Made in Italy<\/a><\/td>\n<td>165 \u20ac<\/td>\n<td>41 \u20ac<\/td>\n<\/tr>\n<tr>\n<td>AMAZON<\/td>\n<td><a class=\"ljoptimizer\" href=\"https:\/\/www.amazon.es\/dp\/B0CHSFW66S?tag=amazon087683-21&amp;th=1\" target=\"_blank\" rel=\"nofollow noopener\">Imetec Scaldasonno Adapto Recreo, Matrimoniale 150 x 160 cm, Riscaldamento Rapido, Temperatura Costante e Personalizzata, Tessuto Anallergico Riciclato Lavabile, 2 comandi 6 Temperature, Made in Italy<\/a><\/td>\n<td>165 \u20ac<\/td>\n<td>41 \u20ac<\/td>\n<\/tr>\n<tr>\n<td>AMAZON<\/td>\n<td><a class=\"ljoptimizer\" href=\"https:\/\/www.amazon.es\/dp\/B0BPZNF4ZM?tag=amazon087683-21&amp;th=1\" target=\"_blank\" rel=\"nofollow noopener\">Cecotec Spazzola Aria Calda Modellatore Lisciatore &#8211; 14 Testine &#8211; Tecnologia Coanda CeramicCare 14in1 AirGlam Blue. 1400W, Motore Digitale, 3 Temperature<\/a><\/td>\n<td>159 \u20ac<\/td>\n<td>40 \u20ac<\/td>\n<\/tr>\n<tr>\n<td>AMAZON<\/td>\n<td><a class=\"ljoptimizer\" href=\"https:\/\/www.amazon.es\/dp\/B01MDM7I1N?tag=amazon087683-21&amp;th=1\" target=\"_blank\" rel=\"nofollow noopener\">Ariete 2945 Multicooker Twist &#8211; Pentola cuocivivande multifunzione con pala mescolatrice &#8211; 30 programmi preimpostati &#8211; 5 Litri &#8211; Ricettario incluso<\/a><\/td>\n<td>145 \u20ac<\/td>\n<td>36 \u20ac<\/td>\n<\/tr>\n<tr>\n<td>AMAZON<\/td>\n<td><a class=\"ljoptimizer\" href=\"https:\/\/www.amazon.es\/dp\/B09YHCL9NR?tag=amazon087683-21&amp;th=1\" target=\"_blank\" rel=\"nofollow noopener\">Mobiclinic\u00ae, Sedia a rotelle di transito, Saturno, Alluminio, Pieghevole, Freno sulle maniglie, Marchio europeo, Poggiapiedi ribaltabile, Braccioli pieghevoli, Leggero, Cintura sicurezza, Ergonomia<\/a><\/td>\n<td>138 \u20ac<\/td>\n<td>34 \u20ac<\/td>\n<\/tr>\n<tr>\n<td>AMAZON<\/td>\n<td><a class=\"ljoptimizer\" href=\"https:\/\/www.amazon.es\/dp\/B09JGNMYHL?tag=amazon087683-21&amp;th=1\" target=\"_blank\" rel=\"nofollow noopener\">e-wiwa Alzawater e alzabidet morbido, 34.6 x 46.3 x 10 cm<\/a><\/td>\n<td>95 \u20ac<\/td>\n<td>24 \u20ac<\/td>\n<\/tr>\n<tr>\n<td>AMAZON<\/td>\n<td><a class=\"ljoptimizer\" href=\"https:\/\/www.amazon.es\/dp\/B09JGNMYHL?tag=amazon087683-21&amp;th=1\" target=\"_blank\" rel=\"nofollow noopener\">e-wiwa Alzawater e alzabidet morbido, 34.6 x 46.3 x 10 cm<\/a><\/td>\n<td>95 \u20ac<\/td>\n<td>24 \u20ac<\/td>\n<\/tr>\n<tr>\n<td>AMAZON<\/td>\n<td><a class=\"ljoptimizer\" href=\"https:\/\/www.amazon.es\/dp\/B07FTSXJH9?tag=amazon087683-21&amp;th=1\" target=\"_blank\" rel=\"nofollow noopener\">Eco by Naty Pannolini per bambini &#8211; Pannolini ecologici a base vegetale, ottimi per la pelle sensibile del bambino e aiutano a evitare le perdite (Taglia 3, 180 unit\u00e0)<\/a><\/td>\n<td>89 \u20ac<\/td>\n<td>22 \u20ac<\/td>\n<\/tr>\n<tr>\n<td>AMAZON<\/td>\n<td><a class=\"ljoptimizer\" href=\"https:\/\/www.amazon.es\/dp\/B07Y8GQMP5?tag=amazon087683-21&amp;th=1\" target=\"_blank\" rel=\"nofollow noopener\">Imetec Scaldasonno Adapto singolo 150 x 80 cm, basso consumo, riscaldamento rapido, temperatura personalizzata, 100% lana e merino, made in italy, tessuto antiscivolo, comando con 6 temperature<\/a><\/td>\n<td>85 \u20ac<\/td>\n<td>21 \u20ac<\/td>\n<\/tr>\n<tr>\n<td>AMAZON<\/td>\n<td><a class=\"ljoptimizer\" href=\"https:\/\/www.amazon.es\/dp\/B07Y8GR1WS?tag=amazon087683-21&amp;th=1\" target=\"_blank\" rel=\"nofollow noopener\">Imetec Scaldasonno Adapto singolo 150 x 80 cm, Basso consumo, Tecnologia brevettata, Riscaldamento rapido, Temperatura personalizzata, 100% cotone, Made in italy, Comando con 6 temperature<\/a><\/td>\n<td>80 \u20ac<\/td>\n<td>20 \u20ac<\/td>\n<\/tr>\n<tr>\n<td>AMAZON<\/td>\n<td><a class=\"ljoptimizer\" href=\"https:\/\/www.amazon.es\/dp\/B07Y8GR1WS?tag=amazon087683-21&amp;th=1\" target=\"_blank\" rel=\"nofollow noopener\">Imetec Scaldasonno Adapto singolo 150 x 80 cm, Basso consumo, Tecnologia brevettata, Riscaldamento rapido, Temperatura personalizzata, 100% cotone, Made in italy, Comando con 6 temperature<\/a><\/td>\n<td>80 \u20ac<\/td>\n<td>20 \u20ac<\/td>\n<\/tr>\n<tr>\n<td>AMAZON<\/td>\n<td><a class=\"ljoptimizer\" href=\"https:\/\/www.amazon.es\/dp\/B07Y8GR1WS?tag=amazon087683-21&amp;th=1\" target=\"_blank\" rel=\"nofollow noopener\">Imetec Scaldasonno Adapto singolo 150 x 80 cm, Basso consumo, Tecnologia brevettata, Riscaldamento rapido, Temperatura personalizzata, 100% cotone, Made in italy, Comando con 6 temperature<\/a><\/td>\n<td>80 \u20ac<\/td>\n<td>20 \u20ac<\/td>\n<\/tr>\n<tr>\n<td>AMAZON<\/td>\n<td><a class=\"ljoptimizer\" href=\"https:\/\/www.amazon.es\/dp\/B0BLCXY3J8?tag=amazon087683-21&amp;th=1\" target=\"_blank\" rel=\"nofollow noopener\">Imetec CaldoPlaid Elegance, Plaid Riscaldabile, Morbida Coperta Elettrica, 180&#215;140 cm, Tessuto Double Face, Risparmio Energetico, Tecnologia Adapto, Rapido Riscaldamento, 6 Temperature, Lavabile<\/a><\/td>\n<td>79 \u20ac<\/td>\n<td>20 \u20ac<\/td>\n<\/tr>\n<tr>\n<td>AMAZON<\/td>\n<td><a class=\"ljoptimizer\" href=\"https:\/\/www.amazon.es\/dp\/B0BLCXY3J8?tag=amazon087683-21&amp;th=1\" target=\"_blank\" rel=\"nofollow noopener\">Imetec CaldoPlaid Elegance, Plaid Riscaldabile, Morbida Coperta Elettrica, 180&#215;140 cm, Tessuto Double Face, Risparmio Energetico, Tecnologia Adapto, Rapido Riscaldamento, 6 Temperature, Lavabile<\/a><\/td>\n<td>79 \u20ac<\/td>\n<td>20 \u20ac<\/td>\n<\/tr>\n<tr>\n<td>AMAZON<\/td>\n<td><a class=\"ljoptimizer\" href=\"https:\/\/www.amazon.es\/dp\/B0056BZZDA?tag=amazon087683-21&amp;th=1\" target=\"_blank\" rel=\"nofollow noopener\">Imetec Scaldasonno Singolo 150&#215;80 cm, Basso Consumo, 50% Lana e Merino, 2 Temperature, Dispositivo Sicurezza Electro Block, Made in Italy<\/a><\/td>\n<td>75 \u20ac<\/td>\n<td>19 \u20ac<\/td>\n<\/tr>\n<tr>\n<td>AMAZON<\/td>\n<td><a class=\"ljoptimizer\" href=\"https:\/\/www.amazon.es\/dp\/B0056BZZDA?tag=amazon087683-21&amp;th=1\" target=\"_blank\" rel=\"nofollow noopener\">Imetec Scaldasonno Singolo 150&#215;80 cm, Basso Consumo, 50% Lana e Merino, 2 Temperature, Dispositivo Sicurezza Electro Block, Made in Italy<\/a><\/td>\n<td>75 \u20ac<\/td>\n<td>19 \u20ac<\/td>\n<\/tr>\n<tr>\n<td>AMAZON<\/td>\n<td><a class=\"ljoptimizer\" href=\"https:\/\/www.amazon.es\/dp\/B0056BZZDA?tag=amazon087683-21&amp;th=1\" target=\"_blank\" rel=\"nofollow noopener\">Imetec Scaldasonno Singolo 150&#215;80 cm, Basso Consumo, 50% Lana e Merino, 2 Temperature, Dispositivo Sicurezza Electro Block, Made in Italy<\/a><\/td>\n<td>75 \u20ac<\/td>\n<td>19 \u20ac<\/td>\n<\/tr>\n<tr>\n<td>AMAZON<\/td>\n<td><a class=\"ljoptimizer\" href=\"https:\/\/www.amazon.es\/dp\/B08J8XJHNM?tag=amazon087683-21&amp;th=1\" target=\"_blank\" rel=\"nofollow noopener\">Imetec CaldoPlaid Velvet Tartan Plaid Riscaldabile, Morbida Coperta Elettrica 160&#215;120 cm, Basso Consumo, Tecnologia Adapto, Dispositivo di Sicurezza, Rapido Riscaldamento, 6 Temperature, Lavabile<\/a><\/td>\n<td>73 \u20ac<\/td>\n<td>18 \u20ac<\/td>\n<\/tr>\n<tr>\n<td>AMAZON<\/td>\n<td><a class=\"ljoptimizer\" href=\"https:\/\/www.amazon.es\/dp\/B00A9269R2?tag=amazon087683-21&amp;th=1\" target=\"_blank\" rel=\"nofollow noopener\">Imetec Scaldasonno Singolo, 150 x 80 cm, Comando 2 Temperature, Tessuto Trapuntato, Lavabile a Mano e in Lavatrice a 30\u00b0C, Made in Italy<\/a><\/td>\n<td>68 \u20ac<\/td>\n<td>17 \u20ac<\/td>\n<\/tr>\n<tr>\n<td>AMAZON<\/td>\n<td><a class=\"ljoptimizer\" href=\"https:\/\/www.amazon.es\/dp\/B00A9269R2?tag=amazon087683-21&amp;th=1\" target=\"_blank\" rel=\"nofollow noopener\">Imetec Scaldasonno Singolo, 150 x 80 cm, Comando 2 Temperature, Tessuto Trapuntato, Lavabile a Mano e in Lavatrice a 30\u00b0C, Made in Italy<\/a><\/td>\n<td>68 \u20ac<\/td>\n<td>17 \u20ac<\/td>\n<\/tr>\n<tr>\n<td>AMAZON<\/td>\n<td><a class=\"ljoptimizer\" href=\"https:\/\/www.amazon.es\/dp\/B00A9269R2?tag=amazon087683-21&amp;th=1\" target=\"_blank\" rel=\"nofollow noopener\">Imetec Scaldasonno Singolo, 150 x 80 cm, Comando 2 Temperature, Tessuto Trapuntato, Lavabile a Mano e in Lavatrice a 30\u00b0C, Made in Italy<\/a><\/td>\n<td>68 \u20ac<\/td>\n<td>17 \u20ac<\/td>\n<\/tr>\n<tr>\n<td>AMAZON<\/td>\n<td><a class=\"ljoptimizer\" href=\"https:\/\/www.amazon.es\/dp\/B00A9269R2?tag=amazon087683-21&amp;th=1\" target=\"_blank\" rel=\"nofollow noopener\">Imetec Scaldasonno Singolo, 150 x 80 cm, Comando 2 Temperature, Tessuto Trapuntato, Lavabile a Mano e in Lavatrice a 30\u00b0C, Made in Italy<\/a><\/td>\n<td>68 \u20ac<\/td>\n<td>17 \u20ac<\/td>\n<\/tr>\n<tr>\n<td>AMAZON<\/td>\n<td><a class=\"ljoptimizer\" href=\"https:\/\/www.amazon.es\/dp\/B0DJ313QDX?tag=amazon087683-21&amp;th=1\" target=\"_blank\" rel=\"nofollow noopener\">Cecotec Fodera Elettrica HeatConfort ThermalUnder Doppio (160 x 140). Coperta Termica con Spegnimento Automatico e 6 Livelli di Temperatura Regolabili per un comfort personalizzato.<\/a><\/td>\n<td>50 \u20ac<\/td>\n<td>12 \u20ac<\/td>\n<\/tr>\n<tr>\n<td>AMAZON<\/td>\n<td><a class=\"ljoptimizer\" href=\"https:\/\/www.amazon.es\/dp\/B016MFI0LW?tag=amazon087683-21&amp;th=1\" target=\"_blank\" rel=\"nofollow noopener\">medisana FS 881 Pediluvio, Rifelssologia piacevole, Pediluvio massaggiante, Vasca per piedi, Massaggiatore per piedi con vibrazione, Fino al numero di scarpe 44<\/a><\/td>\n<td>46 \u20ac<\/td>\n<td>11 \u20ac<\/td>\n<\/tr>\n<tr>\n<td>AMAZON<\/td>\n<td><a class=\"ljoptimizer\" href=\"https:\/\/www.amazon.es\/dp\/B00ESKVN7W?tag=amazon087683-21&amp;th=1\" target=\"_blank\" rel=\"nofollow noopener\">Squatty Potty Originale Bagno Gabinetto Sgabello, 7-Pollice Altezza, Bianco<\/a><\/td>\n<td>35 \u20ac<\/td>\n<td>9 \u20ac<\/td>\n<\/tr>\n<tr>\n<td>AMAZON<\/td>\n<td><a class=\"ljoptimizer\" href=\"https:\/\/www.amazon.es\/dp\/B0BG2YF57W?tag=amazon087683-21&amp;th=1\" target=\"_blank\" rel=\"nofollow noopener\">Mastro Lindo Detersivo Pavimenti Marmo, Liquido Superfici Delicate, 12 Confezioni (10 x 930ml), Profumo Fresco e Delicato, Brillantezza Senza Residui, Ingredienti di Origine Vegetale<\/a><\/td>\n<td>27 \u20ac<\/td>\n<td>7 \u20ac<\/td>\n<\/tr>\n<tr>\n<td>AMAZON<\/td>\n<td><a class=\"ljoptimizer\" href=\"https:\/\/www.amazon.es\/dp\/B09JGMD4RD?tag=amazon087683-21&amp;th=1\" target=\"_blank\" rel=\"nofollow noopener\">e-wiwa Rialzo WC, H10 cm, con sistema di fissaggio laterale, leggero, sanificabile, portata 200 Kg<\/a><\/td>\n<td>23 \u20ac<\/td>\n<td>6 \u20ac<\/td>\n<\/tr>\n<tr>\n<td>AMAZON<\/td>\n<td><a class=\"ljoptimizer\" href=\"https:\/\/www.amazon.es\/dp\/B09JGMD4RD?tag=amazon087683-21&amp;th=1\" target=\"_blank\" rel=\"nofollow noopener\">e-wiwa Rialzo WC, H10 cm, con sistema di fissaggio laterale, leggero, sanificabile, portata 200 Kg<\/a><\/td>\n<td>23 \u20ac<\/td>\n<td>6 \u20ac<\/td>\n<\/tr>\n<\/tbody>\n<\/table>\n","protected":false},"excerpt":{"rendered":"<p>Pal\u00e9 de Cuidado Personal sin revisar procedente de Amazon Devoluciones<\/p>\n<ul>\n<li>N\u00famero de productos: 31<\/li>\n<li>Valor aproximado: 2877.00<\/li>\n<li>Porcentaje que se paga: 21% + IVA<\/li>\n<li>Tiempo de entrega estimado: 3 a 7 d\u00edas<\/li>\n<\/ul>\n<p>*Los precios incluyen IVA<\/p>\n","protected":false},"featured_media":100448,"template":"","meta":{"site-sidebar-layout":"default","site-content-layout":"","ast-site-content-layout":"default","site-content-style":"default","site-sidebar-style":"default","ast-global-header-display":"","ast-banner-title-visibility":"","ast-main-header-display":"","ast-hfb-above-header-display":"","ast-hfb-below-header-display":"","ast-hfb-mobile-header-display":"","site-post-title":"","ast-breadcrumbs-content":"","ast-featured-img":"","footer-sml-layout":"","ast-disable-related-posts":"","theme-transparent-header-meta":"default","adv-header-id-meta":"","stick-header-meta":"","header-above-stick-meta":"","header-main-stick-meta":"","header-below-stick-meta":"","astra-migrate-meta-layouts":"set","ast-page-background-enabled":"default","ast-page-background-meta":{"desktop":{"background-color":"var(--ast-global-color-4)","background-image":"","background-repeat":"repeat","background-position":"center center","background-size":"auto","background-attachment":"scroll","background-type":"","background-media":"","overlay-type":"","overlay-color":"","overlay-opacity":"","overlay-gradient":""},"tablet":{"background-color":"","background-image":"","background-repeat":"repeat","background-position":"center center","background-size":"auto","background-attachment":"scroll","background-type":"","background-media":"","overlay-type":"","overlay-color":"","overlay-opacity":"","overlay-gradient":""},"mobile":{"background-color":"","background-image":"","background-repeat":"repeat","background-position":"center center","background-size":"auto","background-attachment":"scroll","background-type":"","background-media":"","overlay-type":"","overlay-color":"","overlay-opacity":"","overlay-gradient":""}},"ast-content-background-meta":{"desktop":{"background-color":"var(--ast-global-color-5)","background-image":"","background-repeat":"repeat","background-position":"center center","background-size":"auto","background-attachment":"scroll","background-type":"","background-media":"","overlay-type":"","overlay-color":"","overlay-opacity":"","overlay-gradient":""},"tablet":{"background-color":"var(--ast-global-color-5)","background-image":"","background-repeat":"repeat","background-position":"center center","background-size":"auto","background-attachment":"scroll","background-type":"","background-media":"","overlay-type":"","overlay-color":"","overlay-opacity":"","overlay-gradient":""},"mobile":{"background-color":"var(--ast-global-color-5)","background-image":"","background-repeat":"repeat","background-position":"center center","background-size":"auto","background-attachment":"scroll","background-type":"","background-media":"","overlay-type":"","overlay-color":"","overlay-opacity":"","overlay-gradient":""}}},"product_brand":[],"product_cat":[50,65],"product_tag":[],"class_list":{"0":"post-100423","1":"product","2":"type-product","3":"status-publish","4":"has-post-thumbnail","6":"product_cat-cuidado-personal","7":"product_cat-pales","8":"product_shipping_class-pale","9":"desktop-align-left","10":"tablet-align-left","11":"mobile-align-left","13":"first","14":"instock","15":"sale","16":"downloadable","17":"taxable","18":"shipping-taxable","19":"purchasable","20":"product-type-simple"},"yoast_head":"<!-- This site is optimized with the Yoast SEO plugin v27.2 - https:\/\/yoast.com\/product\/yoast-seo-wordpress\/ -->\n<title>Pal\u00e9 de Cuidado Personal [31 productos] (DSV25001300) - Comprardevoluciones - Tu tienda de Devoluciones de Amazon<\/title>\n<meta name=\"robots\" content=\"noindex, follow\" \/>\n<meta property=\"og:locale\" content=\"fr_FR\" \/>\n<meta property=\"og:type\" content=\"article\" \/>\n<meta property=\"og:title\" content=\"Pal\u00e9 de Cuidado Personal [31 productos] (DSV25001300) - Comprardevoluciones - Tu tienda de Devoluciones de Amazon\" \/>\n<meta property=\"og:description\" content=\"Pal\u00e9 de Cuidado Personal sin revisar procedente de Amazon Devoluciones   N\u00famero de productos: 31  Valor aproximado: 2877.00  Porcentaje que se paga: 21% + IVA  Tiempo de entrega estimado: 3 a 7 d\u00edas  *Los precios incluyen IVA\" \/>\n<meta property=\"og:url\" content=\"https:\/\/comprardevoluciones.com\/producto\/dsv25001300\/\" \/>\n<meta property=\"og:site_name\" content=\"Comprardevoluciones - Tu tienda de Devoluciones de Amazon\" \/>\n<meta property=\"og:image\" content=\"https:\/\/comprardevoluciones.com\/wp-content\/uploads\/2025\/02\/DSV25001300.jpg\" \/>\n\t<meta property=\"og:image:width\" content=\"700\" \/>\n\t<meta property=\"og:image:height\" content=\"700\" \/>\n\t<meta property=\"og:image:type\" content=\"image\/jpeg\" \/>\n<meta name=\"twitter:card\" content=\"summary_large_image\" \/>\n<meta name=\"twitter:label1\" content=\"Dur\u00e9e de lecture estim\u00e9e\" \/>\n\t<meta name=\"twitter:data1\" content=\"4 minutes\" \/>\n<script type=\"application\/ld+json\" class=\"yoast-schema-graph\">{\"@context\":\"https:\/\/schema.org\",\"@graph\":[{\"@type\":\"WebPage\",\"@id\":\"https:\/\/comprardevoluciones.com\/producto\/dsv25001300\/\",\"url\":\"https:\/\/comprardevoluciones.com\/producto\/dsv25001300\/\",\"name\":\"Pal\u00e9 de Cuidado Personal [31 productos] (DSV25001300) - Comprardevoluciones - Tu tienda de Devoluciones de Amazon\",\"isPartOf\":{\"@id\":\"https:\/\/comprardevoluciones.com\/#website\"},\"primaryImageOfPage\":{\"@id\":\"https:\/\/comprardevoluciones.com\/producto\/dsv25001300\/#primaryimage\"},\"image\":{\"@id\":\"https:\/\/comprardevoluciones.com\/producto\/dsv25001300\/#primaryimage\"},\"thumbnailUrl\":\"https:\/\/comprardevoluciones.com\/wp-content\/uploads\/2025\/02\/DSV25001300.jpg\",\"datePublished\":\"2026-02-25T09:59:53+00:00\",\"breadcrumb\":{\"@id\":\"https:\/\/comprardevoluciones.com\/producto\/dsv25001300\/#breadcrumb\"},\"inLanguage\":\"fr-FR\",\"potentialAction\":[{\"@type\":\"ReadAction\",\"target\":[\"https:\/\/comprardevoluciones.com\/producto\/dsv25001300\/\"]}]},{\"@type\":\"ImageObject\",\"inLanguage\":\"fr-FR\",\"@id\":\"https:\/\/comprardevoluciones.com\/producto\/dsv25001300\/#primaryimage\",\"url\":\"https:\/\/comprardevoluciones.com\/wp-content\/uploads\/2025\/02\/DSV25001300.jpg\",\"contentUrl\":\"https:\/\/comprardevoluciones.com\/wp-content\/uploads\/2025\/02\/DSV25001300.jpg\",\"width\":700,\"height\":700},{\"@type\":\"BreadcrumbList\",\"@id\":\"https:\/\/comprardevoluciones.com\/producto\/dsv25001300\/#breadcrumb\",\"itemListElement\":[{\"@type\":\"ListItem\",\"position\":1,\"name\":\"Portada\",\"item\":\"https:\/\/comprardevoluciones.com\/fr\/\"},{\"@type\":\"ListItem\",\"position\":2,\"name\":\"Shop\",\"item\":\"https:\/\/comprardevoluciones.com\/fr\/shop\/\"},{\"@type\":\"ListItem\",\"position\":3,\"name\":\"Pal\u00e9 de Cuidado Personal [31 productos] (DSV25001300)\"}]},{\"@type\":\"WebSite\",\"@id\":\"https:\/\/comprardevoluciones.com\/#website\",\"url\":\"https:\/\/comprardevoluciones.com\/\",\"name\":\"Comprardevoluciones - Tu tienda de Devoluciones de Amazon\",\"description\":\"Consigue Stock en buen estado a un precio imbatible\",\"potentialAction\":[{\"@type\":\"SearchAction\",\"target\":{\"@type\":\"EntryPoint\",\"urlTemplate\":\"https:\/\/comprardevoluciones.com\/?s={search_term_string}\"},\"query-input\":{\"@type\":\"PropertyValueSpecification\",\"valueRequired\":true,\"valueName\":\"search_term_string\"}}],\"inLanguage\":\"fr-FR\"}]}<\/script>\n<!-- \/ Yoast SEO plugin. -->","yoast_head_json":{"title":"Pal\u00e9 de Cuidado Personal [31 productos] (DSV25001300) - Comprardevoluciones - Tu tienda de Devoluciones de Amazon","robots":{"index":"noindex","follow":"follow"},"og_locale":"fr_FR","og_type":"article","og_title":"Pal\u00e9 de Cuidado Personal [31 productos] (DSV25001300) - Comprardevoluciones - Tu tienda de Devoluciones de Amazon","og_description":"Pal\u00e9 de Cuidado Personal sin revisar procedente de Amazon Devoluciones   N\u00famero de productos: 31  Valor aproximado: 2877.00  Porcentaje que se paga: 21% + IVA  Tiempo de entrega estimado: 3 a 7 d\u00edas  *Los precios incluyen IVA","og_url":"https:\/\/comprardevoluciones.com\/producto\/dsv25001300\/","og_site_name":"Comprardevoluciones - Tu tienda de Devoluciones de Amazon","og_image":[{"width":700,"height":700,"url":"https:\/\/comprardevoluciones.com\/wp-content\/uploads\/2025\/02\/DSV25001300.jpg","type":"image\/jpeg"}],"twitter_card":"summary_large_image","twitter_misc":{"Dur\u00e9e de lecture estim\u00e9e":"4 minutes"},"schema":{"@context":"https:\/\/schema.org","@graph":[{"@type":"WebPage","@id":"https:\/\/comprardevoluciones.com\/producto\/dsv25001300\/","url":"https:\/\/comprardevoluciones.com\/producto\/dsv25001300\/","name":"Pal\u00e9 de Cuidado Personal [31 productos] (DSV25001300) - Comprardevoluciones - Tu tienda de Devoluciones de Amazon","isPartOf":{"@id":"https:\/\/comprardevoluciones.com\/#website"},"primaryImageOfPage":{"@id":"https:\/\/comprardevoluciones.com\/producto\/dsv25001300\/#primaryimage"},"image":{"@id":"https:\/\/comprardevoluciones.com\/producto\/dsv25001300\/#primaryimage"},"thumbnailUrl":"https:\/\/comprardevoluciones.com\/wp-content\/uploads\/2025\/02\/DSV25001300.jpg","datePublished":"2026-02-25T09:59:53+00:00","breadcrumb":{"@id":"https:\/\/comprardevoluciones.com\/producto\/dsv25001300\/#breadcrumb"},"inLanguage":"fr-FR","potentialAction":[{"@type":"ReadAction","target":["https:\/\/comprardevoluciones.com\/producto\/dsv25001300\/"]}]},{"@type":"ImageObject","inLanguage":"fr-FR","@id":"https:\/\/comprardevoluciones.com\/producto\/dsv25001300\/#primaryimage","url":"https:\/\/comprardevoluciones.com\/wp-content\/uploads\/2025\/02\/DSV25001300.jpg","contentUrl":"https:\/\/comprardevoluciones.com\/wp-content\/uploads\/2025\/02\/DSV25001300.jpg","width":700,"height":700},{"@type":"BreadcrumbList","@id":"https:\/\/comprardevoluciones.com\/producto\/dsv25001300\/#breadcrumb","itemListElement":[{"@type":"ListItem","position":1,"name":"Portada","item":"https:\/\/comprardevoluciones.com\/fr\/"},{"@type":"ListItem","position":2,"name":"Shop","item":"https:\/\/comprardevoluciones.com\/fr\/shop\/"},{"@type":"ListItem","position":3,"name":"Pal\u00e9 de Cuidado Personal [31 productos] (DSV25001300)"}]},{"@type":"WebSite","@id":"https:\/\/comprardevoluciones.com\/#website","url":"https:\/\/comprardevoluciones.com\/","name":"Comprardevoluciones - Tu tienda de Devoluciones de Amazon","description":"Consigue Stock en buen estado a un precio imbatible","potentialAction":[{"@type":"SearchAction","target":{"@type":"EntryPoint","urlTemplate":"https:\/\/comprardevoluciones.com\/?s={search_term_string}"},"query-input":{"@type":"PropertyValueSpecification","valueRequired":true,"valueName":"search_term_string"}}],"inLanguage":"fr-FR"}]}},"_links":{"self":[{"href":"https:\/\/comprardevoluciones.com\/fr\/wp-json\/wp\/v2\/product\/100423","targetHints":{"allow":["GET"]}}],"collection":[{"href":"https:\/\/comprardevoluciones.com\/fr\/wp-json\/wp\/v2\/product"}],"about":[{"href":"https:\/\/comprardevoluciones.com\/fr\/wp-json\/wp\/v2\/types\/product"}],"wp:featuredmedia":[{"embeddable":true,"href":"https:\/\/comprardevoluciones.com\/fr\/wp-json\/wp\/v2\/media\/100448"}],"wp:attachment":[{"href":"https:\/\/comprardevoluciones.com\/fr\/wp-json\/wp\/v2\/media?parent=100423"}],"wp:term":[{"taxonomy":"product_brand","embeddable":true,"href":"https:\/\/comprardevoluciones.com\/fr\/wp-json\/wp\/v2\/product_brand?post=100423"},{"taxonomy":"product_cat","embeddable":true,"href":"https:\/\/comprardevoluciones.com\/fr\/wp-json\/wp\/v2\/product_cat?post=100423"},{"taxonomy":"product_tag","embeddable":true,"href":"https:\/\/comprardevoluciones.com\/fr\/wp-json\/wp\/v2\/product_tag?post=100423"}],"curies":[{"name":"wp","href":"https:\/\/api.w.org\/{rel}","templated":true}]}}