{"id":113519,"date":"2026-02-06T10:59:36","date_gmt":"2026-02-06T09:59:36","guid":{"rendered":"https:\/\/comprardevoluciones.com\/?post_type=product&#038;p=113519"},"modified":"2026-02-13T16:53:04","modified_gmt":"2026-02-13T15:53:04","slug":"sp550199120","status":"publish","type":"product","link":"https:\/\/comprardevoluciones.com\/fr\/producto\/sp550199120\/","title":{"rendered":"Caja de Cuidado Personal [33 productos] (sp550199120)"},"content":{"rendered":"<p>Descripci\u00f3n y valor aproximados<\/p>\n<table>\n<tbody>\n<tr>\n<td><strong>FUENTE<\/strong><\/td>\n<td><strong>PRODUCTO<\/strong><\/td>\n<td><strong>VALOR (\u20ac)<\/strong><\/td>\n<td><strong>PAGAS (\u20ac)<\/strong><\/td>\n<\/tr>\n<tr>\n<td>MARKETPLACES<\/td>\n<td><a class=\"ljoptimizer\" href=\"https:\/\/www.amazon.es\/dp\/B0B5FFRWB8?tag=amazon087683-21&amp;th=1\" target=\"_blank\" rel=\"nofollow noopener\">Oral-B iO 10 Cepillo de Dientes El\u00e9ctrico Negro, con 1 Cabezal y 1 Estuche Cargador de Viaje, Dise\u00f1ado por Braun<\/a><\/td>\n<td>421 \u20ac<\/td>\n<td>105 \u20ac<\/td>\n<\/tr>\n<tr>\n<td>MARKETPLACES<\/td>\n<td><a class=\"ljoptimizer\" href=\"https:\/\/www.amazon.es\/dp\/B07Q3HCSPX?tag=amazon087683-21&amp;th=1\" target=\"_blank\" rel=\"nofollow noopener\">Philips Sonicare ExpertClean 7500 cepillo dental el\u00e9ctrico, con aplicaci\u00f3n, 4 modos de cepillado y 3 niveles de intensidad, sensor de presi\u00f3n, estuche de viaje, negro, modelo HX9631\/16<\/a><\/td>\n<td>202 \u20ac<\/td>\n<td>51 \u20ac<\/td>\n<\/tr>\n<tr>\n<td>MARKETPLACES<\/td>\n<td><a class=\"ljoptimizer\" href=\"https:\/\/www.amazon.es\/dp\/B077ZG9F58?tag=amazon087683-21&amp;th=1\" target=\"_blank\" rel=\"nofollow noopener\">Braun FaceSpa Pro 912 &#8211; Depiladora facial con 3 accesorios, color blanco y bronce<\/a><\/td>\n<td>132 \u20ac<\/td>\n<td>33 \u20ac<\/td>\n<\/tr>\n<tr>\n<td>MARKETPLACES<\/td>\n<td><a class=\"ljoptimizer\" href=\"https:\/\/www.amazon.es\/dp\/B073WG64Y6?tag=amazon087683-21&amp;th=1\" target=\"_blank\" rel=\"nofollow noopener\">Waterpik Irrigador Inal\u00e1mbrico con 3 Posiciones de Control del Agua a Presi\u00f3n con Bater\u00eda Recargable, Eliminaci\u00f3n de Placa Dental \u00f3ptimo para Viajar y para Ba\u00f1os Peque\u00f1os, Azul (WP-563EU)<\/a><\/td>\n<td>129 \u20ac<\/td>\n<td>32 \u20ac<\/td>\n<\/tr>\n<tr>\n<td>MARKETPLACES<\/td>\n<td><a class=\"ljoptimizer\" href=\"https:\/\/www.amazon.es\/dp\/B0BT53RRCH?tag=amazon087683-21&amp;th=1\" target=\"_blank\" rel=\"nofollow noopener\">Braun Series 9 Recortadora de Barba, M\u00e1quina de Cortar Pelo, Cortapelos Hombre Profesional con Accesorios De Barbero Y 180 Minutos De Autonom\u00eda, BT9440<\/a><\/td>\n<td>120 \u20ac<\/td>\n<td>30 \u20ac<\/td>\n<\/tr>\n<tr>\n<td>MARKETPLACES<\/td>\n<td><a class=\"ljoptimizer\" href=\"https:\/\/www.amazon.es\/dp\/B0BS1WCG38?tag=amazon087683-21&amp;th=1\" target=\"_blank\" rel=\"nofollow noopener\">Oral-B Pro 3 3000 Cepillo de Dientes El\u00e9ctrico con Mango Recargable y 3 Cabezales, Dise\u00f1ado por Braun, Regalos Originales para Mujer y Hombre &#8211; Negro<\/a><\/td>\n<td>80 \u20ac<\/td>\n<td>20 \u20ac<\/td>\n<\/tr>\n<tr>\n<td>MARKETPLACES<\/td>\n<td><a class=\"ljoptimizer\" href=\"https:\/\/www.amazon.es\/dp\/B0C6MFXQLP?tag=amazon087683-21&amp;th=1\" target=\"_blank\" rel=\"nofollow noopener\">Oral-B Centro De Salud Bucal Irrigador: Irrigador Dental, 1 Cabezal Oxyjet y 1 Cabezal Water Jet, Regalos Orginales<\/a><\/td>\n<td>70 \u20ac<\/td>\n<td>18 \u20ac<\/td>\n<\/tr>\n<tr>\n<td>MARKETPLACES<\/td>\n<td><a class=\"ljoptimizer\" href=\"https:\/\/www.amazon.es\/dp\/B0743BR42Y?tag=amazon087683-21&amp;th=1\" target=\"_blank\" rel=\"nofollow noopener\">BaByliss AS200E Cepillo de Aire Rotatorio 1000 W, I\u00f3nico, Cepillo de Pelo con 4 Cabezales para Secar, Moldear, Alisar y dar Volumen, 2 Temperaturas M\u00e1s Aire Fr\u00edo, 2 Sentidos de Rotaci\u00f3n<\/a><\/td>\n<td>70 \u20ac<\/td>\n<td>18 \u20ac<\/td>\n<\/tr>\n<tr>\n<td>MARKETPLACES<\/td>\n<td><a class=\"ljoptimizer\" href=\"https:\/\/www.amazon.es\/dp\/B0DCFYVR1Z?tag=amazon087683-21&amp;th=1\" target=\"_blank\" rel=\"nofollow noopener\">Philips OneBlade 360 Aut\u00e9ntico Barbero, afeitadora y recortadora el\u00e9ctrica facial y corporal, 3x 360 cuchillas, 4x peine para barba incipiente (1,2,3,5mm), 1x kit corporal, QP2834\/31<\/a><\/td>\n<td>65 \u20ac<\/td>\n<td>16 \u20ac<\/td>\n<\/tr>\n<tr>\n<td>MARKETPLACES<\/td>\n<td><a class=\"ljoptimizer\" href=\"https:\/\/www.amazon.es\/dp\/B0C6MBPXG7?tag=amazon087683-21&amp;th=1\" target=\"_blank\" rel=\"nofollow noopener\">Oral-B Pro Junior Cepillo De Dientes El\u00e9ctrico, 1 Mango De Star Wars, 2 Cabezales, Dise\u00f1ado Por Braun, Apto Para Ni\u00f1os Mayores De 6 A\u00f1os, Regalos Originales<\/a><\/td>\n<td>62 \u20ac<\/td>\n<td>15 \u20ac<\/td>\n<\/tr>\n<tr>\n<td>MARKETPLACES<\/td>\n<td><a class=\"ljoptimizer\" href=\"https:\/\/www.amazon.es\/dp\/B06XXGZRHF?tag=amazon087683-21&amp;th=1\" target=\"_blank\" rel=\"nofollow noopener\">Rowenta Cepillo Brush Activ Premium Care CF9540 &#8211; Cepillo de Aire movimiento giratorio autom\u00e1tico con dos controles de rotaci\u00f3n, secado simult\u00e1neo, doble emisor de iones, dos ajustes de velocidad<\/a><\/td>\n<td>53 \u20ac<\/td>\n<td>13 \u20ac<\/td>\n<\/tr>\n<tr>\n<td>MARKETPLACES<\/td>\n<td><a class=\"ljoptimizer\" href=\"https:\/\/www.amazon.es\/dp\/B09RPH1148?tag=amazon087683-21&amp;th=1\" target=\"_blank\" rel=\"nofollow noopener\">Remington Cepillo de Aire Keratin Protect &#8211; Moldeador de Pelo, Queratina y Aceite de Almendra, Cepillo Secador, 3 Accesorios, Moldea y da Volumen, Cer\u00e1mica, 1000 W, 2 Temperaturas\/Velocidades &#8211; AS8811<\/a><\/td>\n<td>50 \u20ac<\/td>\n<td>13 \u20ac<\/td>\n<\/tr>\n<tr>\n<td>MARKETPLACES<\/td>\n<td><a class=\"ljoptimizer\" href=\"https:\/\/www.amazon.es\/dp\/B0CHMN5BJS?tag=amazon087683-21&amp;th=1\" target=\"_blank\" rel=\"nofollow noopener\">Philips Serie X3000 Afeitadora El\u00e9ctrica Hombre, M\u00e1quina de Afeitar Barba con Cortapatillas, 27 cuchillas, Cuida la piel, 40min de uso, En Seco y H\u00famedo, Recargable, X3001\/00, Negro<\/a><\/td>\n<td>50 \u20ac<\/td>\n<td>13 \u20ac<\/td>\n<\/tr>\n<tr>\n<td>MARKETPLACES<\/td>\n<td><a class=\"ljoptimizer\" href=\"https:\/\/www.amazon.es\/dp\/B07W864798?tag=amazon087683-21&amp;th=1\" target=\"_blank\" rel=\"nofollow noopener\">BaByliss ST393E Plancha de pelo profesional, i\u00f3nica, placas flotantes extra largas de cer\u00e1mica de titanio, 6 ajustes de 140\u00baC a 235\u00baC, modo intenso y protecci\u00f3n, Color Negro<\/a><\/td>\n<td>50 \u20ac<\/td>\n<td>12 \u20ac<\/td>\n<\/tr>\n<tr>\n<td>MARKETPLACES<\/td>\n<td><a class=\"ljoptimizer\" href=\"https:\/\/www.amazon.es\/dp\/B07W864798?tag=amazon087683-21&amp;th=1\" target=\"_blank\" rel=\"nofollow noopener\">BaByliss ST393E Plancha de pelo profesional, i\u00f3nica, placas flotantes extra largas de cer\u00e1mica de titanio, 6 ajustes de 140\u00baC a 235\u00baC, modo intenso y protecci\u00f3n, Color Negro<\/a><\/td>\n<td>50 \u20ac<\/td>\n<td>12 \u20ac<\/td>\n<\/tr>\n<tr>\n<td>MARKETPLACES<\/td>\n<td><a class=\"ljoptimizer\" href=\"https:\/\/www.amazon.es\/dp\/B0BT542LGB?tag=amazon087683-21&amp;th=1\" target=\"_blank\" rel=\"nofollow noopener\">Braun Recortadora de Barba Series 5, M\u00e1quina Cortar Pelo, M\u00e1quina de afeitar, Cortapelos Hombre con 100 Min Autonom\u00eda, BT5430, Negro<\/a><\/td>\n<td>50 \u20ac<\/td>\n<td>12 \u20ac<\/td>\n<\/tr>\n<tr>\n<td>MARKETPLACES<\/td>\n<td><a class=\"ljoptimizer\" href=\"https:\/\/www.amazon.es\/dp\/B07Y8DPHCL?tag=amazon087683-21&amp;th=1\" target=\"_blank\" rel=\"nofollow noopener\">Imetec Bellissima My Pro P3 3400 &#8211; Secador de pelo con motor profesional AC, 2400W, Tecnolog\u00eda de iones, Rejilla de cer\u00e1mica, Difusor y Concentrador<\/a><\/td>\n<td>49 \u20ac<\/td>\n<td>12 \u20ac<\/td>\n<\/tr>\n<tr>\n<td>MARKETPLACES<\/td>\n<td><a class=\"ljoptimizer\" href=\"https:\/\/www.amazon.es\/dp\/B07W3VJQZD?tag=amazon087683-21&amp;th=1\" target=\"_blank\" rel=\"nofollow noopener\">Bellissima Imetec My Pro GH18 1100, Cepillo moldeador de aire, revestimiento en cer\u00e1mica, 5 accesorios para cabellos lisos y luminosos, ondas suaves o rizos marcados, 1000 W, color blanco, est\u00e1ndar<\/a><\/td>\n<td>46 \u20ac<\/td>\n<td>12 \u20ac<\/td>\n<\/tr>\n<tr>\n<td>MARKETPLACES<\/td>\n<td><a class=\"ljoptimizer\" href=\"https:\/\/www.amazon.es\/dp\/B0C6MD1CZQ?tag=amazon087683-21&amp;th=1\" target=\"_blank\" rel=\"nofollow noopener\">Oral-B Pro Junior Cepillo De Dientes El\u00e9ctrico, 1 Mango Morado, 1 Cabezal, Dise\u00f1ado Por Braun, Apto Para Ni\u00f1os Mayores De 6 A\u00f1os<\/a><\/td>\n<td>44 \u20ac<\/td>\n<td>11 \u20ac<\/td>\n<\/tr>\n<tr>\n<td>MARKETPLACES<\/td>\n<td><a class=\"ljoptimizer\" href=\"https:\/\/www.amazon.es\/dp\/B09RN8Q4CW?tag=amazon087683-21&amp;th=1\" target=\"_blank\" rel=\"nofollow noopener\">Remington Plancha de Pelo Profesional Keratin Therapy Pro, Queratina y Aceite Almendras, Placas Flotantes Extralargas, Cer\u00e1mica, 5 Temperaturas hasta 230\u00b0C, Digital, S8593<\/a><\/td>\n<td>38 \u20ac<\/td>\n<td>10 \u20ac<\/td>\n<\/tr>\n<tr>\n<td>MARKETPLACES<\/td>\n<td><a class=\"ljoptimizer\" href=\"https:\/\/www.amazon.es\/dp\/B0CR4CQDL2?tag=amazon087683-21&amp;th=1\" target=\"_blank\" rel=\"nofollow noopener\">Philips BG3017\/01 Afeitadora Corporal Masculina, Bodygroom Serie 3000, Impermeable, con 1 Peine-gu\u00eda, 50 min de Autonom\u00eda, Gris\/Negro<\/a><\/td>\n<td>34 \u20ac<\/td>\n<td>9 \u20ac<\/td>\n<\/tr>\n<tr>\n<td>MARKETPLACES<\/td>\n<td><a class=\"ljoptimizer\" href=\"https:\/\/www.amazon.es\/dp\/B09RNBCK18?tag=amazon087683-21&amp;th=1\" target=\"_blank\" rel=\"nofollow noopener\">Remington Rizador de Pelo Pearl &#8211; Cer\u00e1mica Avanzada con Perla, Ondulador de Pelo con Barril de 32 mm, Crea Rizos Grandes y Ondas Suaves, Temperatura hasta 210\u00b0C, Digital, Punta Fr\u00eda &#8211; CI9533<\/a><\/td>\n<td>30 \u20ac<\/td>\n<td>8 \u20ac<\/td>\n<\/tr>\n<tr>\n<td>MARKETPLACES<\/td>\n<td><a class=\"ljoptimizer\" href=\"https:\/\/www.amazon.es\/dp\/B01MATD6HC?tag=amazon087683-21&amp;th=1\" target=\"_blank\" rel=\"nofollow noopener\">Wahl 09649-016 &#8211; Colorpro Cordless Clipper &#8211; Eu Pin<\/a><\/td>\n<td>30 \u20ac<\/td>\n<td>8 \u20ac<\/td>\n<\/tr>\n<tr>\n<td>MARKETPLACES<\/td>\n<td><a class=\"ljoptimizer\" href=\"https:\/\/www.amazon.es\/dp\/B073X1YWPF?tag=amazon087683-21&amp;th=1\" target=\"_blank\" rel=\"nofollow noopener\">Irrigador Dental SoWash | Tr\u00edo | Se conecta al grifo | Irrigador Dental sin pilas ni electricidad | 1 cabezal v\u00f3rtice + 1 cabezal Vortice Brush + 1 cabezal hidrochorro | Producto italiano<\/a><\/td>\n<td>29 \u20ac<\/td>\n<td>7 \u20ac<\/td>\n<\/tr>\n<tr>\n<td>MARKETPLACES<\/td>\n<td><a class=\"ljoptimizer\" href=\"https:\/\/www.amazon.es\/dp\/B075JNXWYT?tag=amazon087683-21&amp;th=1\" target=\"_blank\" rel=\"nofollow noopener\">Serie 3000 de Philips, recortador todo en uno Multigroom, 7 en 1, una sola herramienta, moldeado sencillo para rostro y pelo, 11 posiciones de longitud (0,5-16 mm), modelo MG3730\/15<\/a><\/td>\n<td>27 \u20ac<\/td>\n<td>7 \u20ac<\/td>\n<\/tr>\n<tr>\n<td>MARKETPLACES<\/td>\n<td><a class=\"ljoptimizer\" href=\"https:\/\/www.amazon.es\/dp\/B07G7FF9LQ?tag=amazon087683-21&amp;th=1\" target=\"_blank\" rel=\"nofollow noopener\">Remington Rizador de Pelo Pro Spiral Curl, Ondulador de Pelo con Pinza de 19 mm, Crea Rizos Definidos, Cer\u00e1mica con Titanio, Turmalina, Protecci\u00f3n y Brillo, 8 Temperaturas hasta 210\u00b0C, CI5519<\/a><\/td>\n<td>25 \u20ac<\/td>\n<td>6 \u20ac<\/td>\n<\/tr>\n<tr>\n<td>MARKETPLACES<\/td>\n<td><a class=\"ljoptimizer\" href=\"https:\/\/www.amazon.es\/dp\/B07ZRR8LJF?tag=amazon087683-21&amp;th=1\" target=\"_blank\" rel=\"nofollow noopener\">Cecotec Secador de Pelo I\u00f3nico Bamba IoniCare 5200 Aura Black. 2300W, Concentrador y Difusor, Cabello Sin Encrespamiento, Motor DC, Ion Real, Gran Caudal de Aire, 2 Velocidades y 3 Temperaturas<\/a><\/td>\n<td>25 \u20ac<\/td>\n<td>6 \u20ac<\/td>\n<\/tr>\n<tr>\n<td>MARKETPLACES<\/td>\n<td><a class=\"ljoptimizer\" href=\"https:\/\/www.amazon.es\/dp\/B004JQOJ08?tag=amazon087683-21&amp;th=1\" target=\"_blank\" rel=\"nofollow noopener\">Philips Rasierer Ladyshave Wet &amp; Dry HP6341\/00 \u2013 Elektrischer, kabelloser Damenrasierer f\u00fcr Achseln, Beine und Bikinizone zur Anwendung auf nasser oder trockener Haut<\/a><\/td>\n<td>23 \u20ac<\/td>\n<td>6 \u20ac<\/td>\n<\/tr>\n<tr>\n<td>MARKETPLACES<\/td>\n<td><a class=\"ljoptimizer\" href=\"https:\/\/www.amazon.es\/dp\/B015YP75PS?tag=amazon087683-21&amp;th=1\" target=\"_blank\" rel=\"nofollow noopener\">HC 25 de Beurer secador de viaje con funci\u00f3n de iones, potente secador de pelo, para un cabello suave y liso, plegable, para viajes, 1600 vatios, adaptaci\u00f3n de tensi\u00f3n universal 110-120\/220-240 V<\/a><\/td>\n<td>22 \u20ac<\/td>\n<td>5 \u20ac<\/td>\n<\/tr>\n<tr>\n<td>MARKETPLACES<\/td>\n<td><a class=\"ljoptimizer\" href=\"https:\/\/www.amazon.es\/dp\/B0C9LSHM64?tag=amazon087683-21&amp;th=1\" target=\"_blank\" rel=\"nofollow noopener\">KEMEI 2299 Cortapelos profesional para hombres,cortadora de peluquer\u00eda,m\u00e1quina de corte de pelo inal\u00e1mbrica el\u00e9ctrica,cortadora de pelo recargable con hoja en T para familia y barberos,Negro<\/a><\/td>\n<td>22 \u20ac<\/td>\n<td>5 \u20ac<\/td>\n<\/tr>\n<tr>\n<td>MARKETPLACES<\/td>\n<td><a class=\"ljoptimizer\" href=\"https:\/\/www.amazon.es\/dp\/B00E3P0NE6?tag=amazon087683-21&amp;th=1\" target=\"_blank\" rel=\"nofollow noopener\">Medisana AC 850 Masajeador para celulitis para una piel m\u00e1s firme, auto-masaje con 6 rodillos de masaje rotativos y 2 intensidades de masaje, 1a generaci\u00f3n<\/a><\/td>\n<td>18 \u20ac<\/td>\n<td>5 \u20ac<\/td>\n<\/tr>\n<tr>\n<td>MARKETPLACES<\/td>\n<td><a class=\"ljoptimizer\" href=\"https:\/\/www.amazon.es\/dp\/B09XDY4CXN?tag=amazon087683-21&amp;th=1\" target=\"_blank\" rel=\"nofollow noopener\">Hair Clippers for Men Professional, Cordless Barber Clippers for Hair Cutting Beard Trimmer, USB Rechargeable Hair Clippers with LED Display, Electric Hair Trimmer Haircut Kit for Family Kids<\/a><\/td>\n<td>16 \u20ac<\/td>\n<td>4 \u20ac<\/td>\n<\/tr>\n<tr>\n<td>MARKETPLACES<\/td>\n<td><a class=\"ljoptimizer\" href=\"https:\/\/www.amazon.es\/dp\/B07MXS2R8G?tag=amazon087683-21&amp;th=1\" target=\"_blank\" rel=\"nofollow noopener\">Hydas 3003.1.00 Premium &#8211; Inhalador para boca y nariz, color gris<\/a><\/td>\n<td>15 \u20ac<\/td>\n<td>4 \u20ac<\/td>\n<\/tr>\n<\/tbody>\n<\/table>\n","protected":false},"excerpt":{"rendered":"<p>Caja de Cuidado Personal sin revisar procedente de devoluciones de marketplaces<\/p>\n<ul>\n<li>N\u00famero de productos: 33<\/li>\n<li>Valor aproximado: 2147.00<\/li>\n<li>Porcentaje que se paga: 21% + IVA<\/li>\n<li>Tiempo de entrega estimado: 3 a 7 d\u00edas<\/li>\n<\/ul>\n<p>*Los precios incluyen IVA<\/p>\n","protected":false},"featured_media":114048,"template":"","meta":{"site-sidebar-layout":"default","site-content-layout":"","ast-site-content-layout":"default","site-content-style":"default","site-sidebar-style":"default","ast-global-header-display":"","ast-banner-title-visibility":"","ast-main-header-display":"","ast-hfb-above-header-display":"","ast-hfb-below-header-display":"","ast-hfb-mobile-header-display":"","site-post-title":"","ast-breadcrumbs-content":"","ast-featured-img":"","footer-sml-layout":"","ast-disable-related-posts":"","theme-transparent-header-meta":"default","adv-header-id-meta":"","stick-header-meta":"","header-above-stick-meta":"","header-main-stick-meta":"","header-below-stick-meta":"","astra-migrate-meta-layouts":"set","ast-page-background-enabled":"default","ast-page-background-meta":{"desktop":{"background-color":"var(--ast-global-color-4)","background-image":"","background-repeat":"repeat","background-position":"center center","background-size":"auto","background-attachment":"scroll","background-type":"","background-media":"","overlay-type":"","overlay-color":"","overlay-opacity":"","overlay-gradient":""},"tablet":{"background-color":"","background-image":"","background-repeat":"repeat","background-position":"center center","background-size":"auto","background-attachment":"scroll","background-type":"","background-media":"","overlay-type":"","overlay-color":"","overlay-opacity":"","overlay-gradient":""},"mobile":{"background-color":"","background-image":"","background-repeat":"repeat","background-position":"center center","background-size":"auto","background-attachment":"scroll","background-type":"","background-media":"","overlay-type":"","overlay-color":"","overlay-opacity":"","overlay-gradient":""}},"ast-content-background-meta":{"desktop":{"background-color":"var(--ast-global-color-5)","background-image":"","background-repeat":"repeat","background-position":"center center","background-size":"auto","background-attachment":"scroll","background-type":"","background-media":"","overlay-type":"","overlay-color":"","overlay-opacity":"","overlay-gradient":""},"tablet":{"background-color":"var(--ast-global-color-5)","background-image":"","background-repeat":"repeat","background-position":"center center","background-size":"auto","background-attachment":"scroll","background-type":"","background-media":"","overlay-type":"","overlay-color":"","overlay-opacity":"","overlay-gradient":""},"mobile":{"background-color":"var(--ast-global-color-5)","background-image":"","background-repeat":"repeat","background-position":"center center","background-size":"auto","background-attachment":"scroll","background-type":"","background-media":"","overlay-type":"","overlay-color":"","overlay-opacity":"","overlay-gradient":""}}},"product_brand":[],"product_cat":[49,50],"product_tag":[],"class_list":{"0":"post-113519","1":"product","2":"type-product","3":"status-publish","4":"has-post-thumbnail","6":"product_cat-cajas","7":"product_cat-cuidado-personal","8":"product_shipping_class-caja","9":"desktop-align-left","10":"tablet-align-left","11":"mobile-align-left","13":"first","14":"outofstock","15":"sale","16":"downloadable","17":"taxable","18":"shipping-taxable","19":"purchasable","20":"product-type-simple"},"yoast_head":"<!-- This site is optimized with the Yoast SEO plugin v27.2 - https:\/\/yoast.com\/product\/yoast-seo-wordpress\/ -->\n<title>Caja de Cuidado Personal [33 productos] (sp550199120) - Comprardevoluciones - Tu tienda de Devoluciones de Amazon<\/title>\n<meta name=\"robots\" content=\"noindex, follow\" \/>\n<meta property=\"og:locale\" content=\"fr_FR\" \/>\n<meta property=\"og:type\" content=\"article\" \/>\n<meta property=\"og:title\" content=\"Caja de Cuidado Personal [33 productos] (sp550199120) - Comprardevoluciones - Tu tienda de Devoluciones de Amazon\" \/>\n<meta property=\"og:description\" content=\"Caja de Cuidado Personal sin revisar procedente de devoluciones de marketplaces   N\u00famero de productos: 33  Valor aproximado: 2147.00  Porcentaje que se paga: 21% + IVA  Tiempo de entrega estimado: 3 a 7 d\u00edas  *Los precios incluyen IVA\" \/>\n<meta property=\"og:url\" content=\"https:\/\/comprardevoluciones.com\/producto\/sp550199120\/\" \/>\n<meta property=\"og:site_name\" content=\"Comprardevoluciones - Tu tienda de Devoluciones de Amazon\" \/>\n<meta property=\"article:modified_time\" content=\"2026-02-13T15:53:04+00:00\" \/>\n<meta property=\"og:image\" content=\"https:\/\/comprardevoluciones.com\/wp-content\/uploads\/2025\/05\/sp550199120.jpg\" \/>\n\t<meta property=\"og:image:width\" content=\"700\" \/>\n\t<meta property=\"og:image:height\" content=\"700\" \/>\n\t<meta property=\"og:image:type\" content=\"image\/jpeg\" \/>\n<meta name=\"twitter:card\" content=\"summary_large_image\" \/>\n<meta name=\"twitter:label1\" content=\"Dur\u00e9e de lecture estim\u00e9e\" \/>\n\t<meta name=\"twitter:data1\" content=\"5 minutes\" \/>\n<script type=\"application\/ld+json\" class=\"yoast-schema-graph\">{\"@context\":\"https:\/\/schema.org\",\"@graph\":[{\"@type\":\"WebPage\",\"@id\":\"https:\/\/comprardevoluciones.com\/producto\/sp550199120\/\",\"url\":\"https:\/\/comprardevoluciones.com\/producto\/sp550199120\/\",\"name\":\"Caja de Cuidado Personal [33 productos] (sp550199120) - Comprardevoluciones - Tu tienda de Devoluciones de Amazon\",\"isPartOf\":{\"@id\":\"https:\/\/comprardevoluciones.com\/#website\"},\"primaryImageOfPage\":{\"@id\":\"https:\/\/comprardevoluciones.com\/producto\/sp550199120\/#primaryimage\"},\"image\":{\"@id\":\"https:\/\/comprardevoluciones.com\/producto\/sp550199120\/#primaryimage\"},\"thumbnailUrl\":\"https:\/\/comprardevoluciones.com\/wp-content\/uploads\/2025\/05\/sp550199120.jpg\",\"datePublished\":\"2026-02-06T09:59:36+00:00\",\"dateModified\":\"2026-02-13T15:53:04+00:00\",\"breadcrumb\":{\"@id\":\"https:\/\/comprardevoluciones.com\/producto\/sp550199120\/#breadcrumb\"},\"inLanguage\":\"fr-FR\",\"potentialAction\":[{\"@type\":\"ReadAction\",\"target\":[\"https:\/\/comprardevoluciones.com\/producto\/sp550199120\/\"]}]},{\"@type\":\"ImageObject\",\"inLanguage\":\"fr-FR\",\"@id\":\"https:\/\/comprardevoluciones.com\/producto\/sp550199120\/#primaryimage\",\"url\":\"https:\/\/comprardevoluciones.com\/wp-content\/uploads\/2025\/05\/sp550199120.jpg\",\"contentUrl\":\"https:\/\/comprardevoluciones.com\/wp-content\/uploads\/2025\/05\/sp550199120.jpg\",\"width\":700,\"height\":700},{\"@type\":\"BreadcrumbList\",\"@id\":\"https:\/\/comprardevoluciones.com\/producto\/sp550199120\/#breadcrumb\",\"itemListElement\":[{\"@type\":\"ListItem\",\"position\":1,\"name\":\"Portada\",\"item\":\"https:\/\/comprardevoluciones.com\/fr\/\"},{\"@type\":\"ListItem\",\"position\":2,\"name\":\"Shop\",\"item\":\"https:\/\/comprardevoluciones.com\/fr\/shop\/\"},{\"@type\":\"ListItem\",\"position\":3,\"name\":\"Caja de Cuidado Personal [33 productos] (sp550199120)\"}]},{\"@type\":\"WebSite\",\"@id\":\"https:\/\/comprardevoluciones.com\/#website\",\"url\":\"https:\/\/comprardevoluciones.com\/\",\"name\":\"Comprardevoluciones - Tu tienda de Devoluciones de Amazon\",\"description\":\"Consigue Stock en buen estado a un precio imbatible\",\"potentialAction\":[{\"@type\":\"SearchAction\",\"target\":{\"@type\":\"EntryPoint\",\"urlTemplate\":\"https:\/\/comprardevoluciones.com\/?s={search_term_string}\"},\"query-input\":{\"@type\":\"PropertyValueSpecification\",\"valueRequired\":true,\"valueName\":\"search_term_string\"}}],\"inLanguage\":\"fr-FR\"}]}<\/script>\n<!-- \/ Yoast SEO plugin. -->","yoast_head_json":{"title":"Caja de Cuidado Personal [33 productos] (sp550199120) - Comprardevoluciones - Tu tienda de Devoluciones de Amazon","robots":{"index":"noindex","follow":"follow"},"og_locale":"fr_FR","og_type":"article","og_title":"Caja de Cuidado Personal [33 productos] (sp550199120) - Comprardevoluciones - Tu tienda de Devoluciones de Amazon","og_description":"Caja de Cuidado Personal sin revisar procedente de devoluciones de marketplaces   N\u00famero de productos: 33  Valor aproximado: 2147.00  Porcentaje que se paga: 21% + IVA  Tiempo de entrega estimado: 3 a 7 d\u00edas  *Los precios incluyen IVA","og_url":"https:\/\/comprardevoluciones.com\/producto\/sp550199120\/","og_site_name":"Comprardevoluciones - Tu tienda de Devoluciones de Amazon","article_modified_time":"2026-02-13T15:53:04+00:00","og_image":[{"width":700,"height":700,"url":"https:\/\/comprardevoluciones.com\/wp-content\/uploads\/2025\/05\/sp550199120.jpg","type":"image\/jpeg"}],"twitter_card":"summary_large_image","twitter_misc":{"Dur\u00e9e de lecture estim\u00e9e":"5 minutes"},"schema":{"@context":"https:\/\/schema.org","@graph":[{"@type":"WebPage","@id":"https:\/\/comprardevoluciones.com\/producto\/sp550199120\/","url":"https:\/\/comprardevoluciones.com\/producto\/sp550199120\/","name":"Caja de Cuidado Personal [33 productos] (sp550199120) - Comprardevoluciones - Tu tienda de Devoluciones de Amazon","isPartOf":{"@id":"https:\/\/comprardevoluciones.com\/#website"},"primaryImageOfPage":{"@id":"https:\/\/comprardevoluciones.com\/producto\/sp550199120\/#primaryimage"},"image":{"@id":"https:\/\/comprardevoluciones.com\/producto\/sp550199120\/#primaryimage"},"thumbnailUrl":"https:\/\/comprardevoluciones.com\/wp-content\/uploads\/2025\/05\/sp550199120.jpg","datePublished":"2026-02-06T09:59:36+00:00","dateModified":"2026-02-13T15:53:04+00:00","breadcrumb":{"@id":"https:\/\/comprardevoluciones.com\/producto\/sp550199120\/#breadcrumb"},"inLanguage":"fr-FR","potentialAction":[{"@type":"ReadAction","target":["https:\/\/comprardevoluciones.com\/producto\/sp550199120\/"]}]},{"@type":"ImageObject","inLanguage":"fr-FR","@id":"https:\/\/comprardevoluciones.com\/producto\/sp550199120\/#primaryimage","url":"https:\/\/comprardevoluciones.com\/wp-content\/uploads\/2025\/05\/sp550199120.jpg","contentUrl":"https:\/\/comprardevoluciones.com\/wp-content\/uploads\/2025\/05\/sp550199120.jpg","width":700,"height":700},{"@type":"BreadcrumbList","@id":"https:\/\/comprardevoluciones.com\/producto\/sp550199120\/#breadcrumb","itemListElement":[{"@type":"ListItem","position":1,"name":"Portada","item":"https:\/\/comprardevoluciones.com\/fr\/"},{"@type":"ListItem","position":2,"name":"Shop","item":"https:\/\/comprardevoluciones.com\/fr\/shop\/"},{"@type":"ListItem","position":3,"name":"Caja de Cuidado Personal [33 productos] (sp550199120)"}]},{"@type":"WebSite","@id":"https:\/\/comprardevoluciones.com\/#website","url":"https:\/\/comprardevoluciones.com\/","name":"Comprardevoluciones - Tu tienda de Devoluciones de Amazon","description":"Consigue Stock en buen estado a un precio imbatible","potentialAction":[{"@type":"SearchAction","target":{"@type":"EntryPoint","urlTemplate":"https:\/\/comprardevoluciones.com\/?s={search_term_string}"},"query-input":{"@type":"PropertyValueSpecification","valueRequired":true,"valueName":"search_term_string"}}],"inLanguage":"fr-FR"}]}},"_links":{"self":[{"href":"https:\/\/comprardevoluciones.com\/fr\/wp-json\/wp\/v2\/product\/113519","targetHints":{"allow":["GET"]}}],"collection":[{"href":"https:\/\/comprardevoluciones.com\/fr\/wp-json\/wp\/v2\/product"}],"about":[{"href":"https:\/\/comprardevoluciones.com\/fr\/wp-json\/wp\/v2\/types\/product"}],"wp:featuredmedia":[{"embeddable":true,"href":"https:\/\/comprardevoluciones.com\/fr\/wp-json\/wp\/v2\/media\/114048"}],"wp:attachment":[{"href":"https:\/\/comprardevoluciones.com\/fr\/wp-json\/wp\/v2\/media?parent=113519"}],"wp:term":[{"taxonomy":"product_brand","embeddable":true,"href":"https:\/\/comprardevoluciones.com\/fr\/wp-json\/wp\/v2\/product_brand?post=113519"},{"taxonomy":"product_cat","embeddable":true,"href":"https:\/\/comprardevoluciones.com\/fr\/wp-json\/wp\/v2\/product_cat?post=113519"},{"taxonomy":"product_tag","embeddable":true,"href":"https:\/\/comprardevoluciones.com\/fr\/wp-json\/wp\/v2\/product_tag?post=113519"}],"curies":[{"name":"wp","href":"https:\/\/api.w.org\/{rel}","templated":true}]}}