{"id":123836,"date":"2026-03-17T11:24:19","date_gmt":"2026-03-17T10:24:19","guid":{"rendered":"https:\/\/comprardevoluciones.com\/?post_type=product&#038;p=123836"},"modified":"2026-03-13T11:04:41","modified_gmt":"2026-03-13T10:04:41","slug":"sp550506328","status":"publish","type":"product","link":"https:\/\/comprardevoluciones.com\/fr\/producto\/sp550506328\/","title":{"rendered":"Caja de Piscina y Jard\u00edn [26 productos] (sp550506328)"},"content":{"rendered":"<p>Descripci\u00f3n y valor aproximados<\/p>\n<table>\n<tbody>\n<tr>\n<td><strong>FUENTE<\/strong><\/td>\n<td><strong>PRODUCTO<\/strong><\/td>\n<td><strong>VALOR (\u20ac)<\/strong><\/td>\n<td><strong>PAGAS (\u20ac)<\/strong><\/td>\n<\/tr>\n<tr>\n<td>MARKETPLACES<\/td>\n<td><a class=\"ljoptimizer\" href=\"https:\/\/www.amazon.es\/dp\/B00348PV6S?tag=amazon087683-21&amp;th=1\" target=\"_blank\" rel=\"nofollow noopener\">Bluelab TRUNV2 Truncheon Nutrient Meter &#8211; Medidor de TDS &#8211; mide la conductividad en la soluci\u00f3n nutritiva &#8211; sonda de CE extremadamente duradera, completamente herm\u00e9tica<\/a><\/td>\n<td>95 \u20ac<\/td>\n<td>24 \u20ac<\/td>\n<\/tr>\n<tr>\n<td>MARKETPLACES<\/td>\n<td><a class=\"ljoptimizer\" href=\"https:\/\/www.amazon.es\/dp\/B0D48M762W?tag=amazon087683-21&amp;th=1\" target=\"_blank\" rel=\"nofollow noopener\">Hidrolimpiadora sin Cable,45 Bar\/652 PSI Hidrolimpiadora port\u00e1til con bater\u00eda de 2PCS 3.0Ah,Boquilla Ajustable 6 en 1,Manguera de 16.4FT Limpiadora a presi\u00f3n para Coche\/Suelo\/jard\u00edn Limpieza y riego<\/a><\/td>\n<td>50 \u20ac<\/td>\n<td>13 \u20ac<\/td>\n<\/tr>\n<tr>\n<td>MARKETPLACES<\/td>\n<td><a class=\"ljoptimizer\" href=\"https:\/\/www.amazon.es\/dp\/B099JXTDR9?tag=amazon087683-21&amp;th=1\" target=\"_blank\" rel=\"nofollow noopener\">WOLTU Toldo Vela Triangular 5 x 7 x 7 m, protecci\u00f3n Solar HDPE, Transpirable, protecci\u00f3n UV, Kit de Montaje para Toldo<\/a><\/td>\n<td>37 \u20ac<\/td>\n<td>9 \u20ac<\/td>\n<\/tr>\n<tr>\n<td>MARKETPLACES<\/td>\n<td><a class=\"ljoptimizer\" href=\"https:\/\/www.amazon.es\/dp\/B07YPRH834?tag=amazon087683-21&amp;th=1\" target=\"_blank\" rel=\"nofollow noopener\">SUNPOW Pinpointer Detectores de Metales IP68 Impermeable 5-10 Metros Bajo el Agua con 1 Pilas Naranja Port\u00e1til Herramientas para Buscar Oro Plata Monedas para Junior Ni\u00f1o Adultos (Negro)<\/a><\/td>\n<td>28 \u20ac<\/td>\n<td>7 \u20ac<\/td>\n<\/tr>\n<tr>\n<td>MARKETPLACES<\/td>\n<td><a class=\"ljoptimizer\" href=\"https:\/\/www.amazon.es\/dp\/B07SKRCJDC?tag=amazon087683-21&amp;th=1\" target=\"_blank\" rel=\"nofollow noopener\">IK Pulverizador a Presi\u00f3n Profesional 1,5L &#8211; Apto para \u00c1cidos, Disolventes y Qu\u00edmicos Agresivos &#8211; Limpieza y Desinfecci\u00f3n &#8211; Construcci\u00f3n, Industria y Control de plagas &#8211; Multi Pro 2 &#8211; Hecho en Espa\u00f1a<\/a><\/td>\n<td>27 \u20ac<\/td>\n<td>7 \u20ac<\/td>\n<\/tr>\n<tr>\n<td>MARKETPLACES<\/td>\n<td><a class=\"ljoptimizer\" href=\"https:\/\/www.amazon.es\/dp\/B07PDS3HB4?tag=amazon087683-21&amp;th=1\" target=\"_blank\" rel=\"nofollow noopener\">Aqua Control C4099O Programador de Riego para Jard\u00edn, Para todo tipo de Grifos, Apertura a 0 Bar, Color Azul<\/a><\/td>\n<td>24 \u20ac<\/td>\n<td>6 \u20ac<\/td>\n<\/tr>\n<tr>\n<td>MARKETPLACES<\/td>\n<td><a class=\"ljoptimizer\" href=\"https:\/\/www.amazon.es\/dp\/B0BPZCGJ26?tag=amazon087683-21&amp;th=1\" target=\"_blank\" rel=\"nofollow noopener\">Cecotec Mosquito Killer ByeFly 5000 Destroy, Luz Ultravioleta, 20 W, hasta 40 m\u00b2, Protecci\u00f3n 360\u00ba, Cadena para Colgar, Bandeja Extraible.<\/a><\/td>\n<td>23 \u20ac<\/td>\n<td>6 \u20ac<\/td>\n<\/tr>\n<tr>\n<td>MARKETPLACES<\/td>\n<td><a class=\"ljoptimizer\" href=\"https:\/\/www.amazon.es\/dp\/B01CGNZH8I?tag=amazon087683-21&amp;th=1\" target=\"_blank\" rel=\"nofollow noopener\">Aktive 52537 &#8211; Barbacoa de carb\u00f3n 37 cm de diametro, Camping<\/a><\/td>\n<td>22 \u20ac<\/td>\n<td>5 \u20ac<\/td>\n<\/tr>\n<tr>\n<td>MARKETPLACES<\/td>\n<td><a class=\"ljoptimizer\" href=\"https:\/\/www.amazon.es\/dp\/B0DTH9FYVS?tag=amazon087683-21&amp;th=1\" target=\"_blank\" rel=\"nofollow noopener\">Repelente para Gatos, Ahuyentador para Gatos Ultrasonido Repelente para Palomas, P\u00e1jaros, Perros, Ratones, Zorros, IP44 Impermeable<\/a><\/td>\n<td>21 \u20ac<\/td>\n<td>5 \u20ac<\/td>\n<\/tr>\n<tr>\n<td>MARKETPLACES<\/td>\n<td><a class=\"ljoptimizer\" href=\"https:\/\/www.amazon.es\/dp\/B06Y4364JC?tag=amazon087683-21&amp;th=1\" target=\"_blank\" rel=\"nofollow noopener\">S&amp;M 552267 &#8211; Kit Manguera, Accesorios y Soporte, 14 x 17 x 27.5 cm, Color Azul<\/a><\/td>\n<td>20 \u20ac<\/td>\n<td>5 \u20ac<\/td>\n<\/tr>\n<tr>\n<td>MARKETPLACES<\/td>\n<td><a class=\"ljoptimizer\" href=\"https:\/\/www.amazon.es\/dp\/B07XQNPKPB?tag=amazon087683-21&amp;th=1\" target=\"_blank\" rel=\"nofollow noopener\">INTEX 64760 &#8211; Colch\u00f3n hinchable 1 plaza con bomba de pie Fiber-Tech Downy, medidas 76 x 191 x 25 cm<\/a><\/td>\n<td>19 \u20ac<\/td>\n<td>5 \u20ac<\/td>\n<\/tr>\n<tr>\n<td>MARKETPLACES<\/td>\n<td><a class=\"ljoptimizer\" href=\"https:\/\/www.amazon.es\/dp\/B0CKF4RXXK?tag=amazon087683-21&amp;th=1\" target=\"_blank\" rel=\"nofollow noopener\">COMPO BIO Triple Acci\u00f3n, Protecci\u00f3n contra Insectos, Hongos y \u00c1caros, Para Plantas Ornamentales, Hort\u00edcolas y Frutales, Envase pulverizador, 750 ml<\/a><\/td>\n<td>15 \u20ac<\/td>\n<td>4 \u20ac<\/td>\n<\/tr>\n<tr>\n<td>MARKETPLACES<\/td>\n<td><a class=\"ljoptimizer\" href=\"https:\/\/www.amazon.es\/dp\/B0BVBWTJK8?tag=amazon087683-21&amp;th=1\" target=\"_blank\" rel=\"nofollow noopener\">YourCasa\u00ae Cubo de Compost Plegable, 4 L, para residuos org\u00e1nicos cotidianos en la Cocina, Resistente a los olores y Lavables, Cubo de Basura ecol\u00f3gico sostenible con Tapa, Cubo de Basura (Negro)<\/a><\/td>\n<td>15 \u20ac<\/td>\n<td>4 \u20ac<\/td>\n<\/tr>\n<tr>\n<td>MARKETPLACES<\/td>\n<td><a class=\"ljoptimizer\" href=\"https:\/\/www.amazon.es\/dp\/B07PG78M37?tag=amazon087683-21&amp;th=1\" target=\"_blank\" rel=\"nofollow noopener\">Guantes de Horno Dobles, Guantes de Cocina Resistentes al Calor 500\u00b0F Antideslizante Manoplas de Horno Profesional Largo y Grueso Algod\u00f3n Suave Cuero Oven Gloves para Cocina Horneando Barbacoa<\/a><\/td>\n<td>13 \u20ac<\/td>\n<td>3 \u20ac<\/td>\n<\/tr>\n<tr>\n<td>MARKETPLACES<\/td>\n<td><a class=\"ljoptimizer\" href=\"https:\/\/www.amazon.es\/dp\/B083LWHWKC?tag=amazon087683-21&amp;th=1\" target=\"_blank\" rel=\"nofollow noopener\">TEMPO DI SALDI Alimentatore 10 Ampere 12 Volt Per Striscia Led Stabilizzato 220V 120W<\/a><\/td>\n<td>13 \u20ac<\/td>\n<td>3 \u20ac<\/td>\n<\/tr>\n<tr>\n<td>MARKETPLACES<\/td>\n<td><a class=\"ljoptimizer\" href=\"https:\/\/www.amazon.es\/dp\/B08BLGVHBJ?tag=amazon087683-21&amp;th=1\" target=\"_blank\" rel=\"nofollow noopener\">CAUSSADE Raticide Canadien &#8211; Anti Rats &amp; Souris &#8211; Efficacit\u00e9 Radicale &#8211; Lieux tr\u00e8s humides \u2013 App\u00e2ts Blocs &#8211; Pr\u00eat \u00e0 l&#8217;emploi &#8211; Une Ingestion Suffit &#8211; Fabriqu\u00e9 en France &#8211; 15 Blocs &#8211; 300g CARBL300N<\/a><\/td>\n<td>9 \u20ac<\/td>\n<td>2 \u20ac<\/td>\n<\/tr>\n<tr>\n<td>MARKETPLACES<\/td>\n<td><a class=\"ljoptimizer\" href=\"https:\/\/www.amazon.es\/dp\/B08BLGVHBJ?tag=amazon087683-21&amp;th=1\" target=\"_blank\" rel=\"nofollow noopener\">CAUSSADE Raticide Canadien &#8211; Anti Rats &amp; Souris &#8211; Efficacit\u00e9 Radicale &#8211; Lieux tr\u00e8s humides \u2013 App\u00e2ts Blocs &#8211; Pr\u00eat \u00e0 l&#8217;emploi &#8211; Une Ingestion Suffit &#8211; Fabriqu\u00e9 en France &#8211; 15 Blocs &#8211; 300g CARBL300N<\/a><\/td>\n<td>9 \u20ac<\/td>\n<td>2 \u20ac<\/td>\n<\/tr>\n<tr>\n<td>MARKETPLACES<\/td>\n<td><a class=\"ljoptimizer\" href=\"https:\/\/www.amazon.es\/dp\/B08BLGVHBJ?tag=amazon087683-21&amp;th=1\" target=\"_blank\" rel=\"nofollow noopener\">CAUSSADE Raticide Canadien &#8211; Anti Rats &amp; Souris &#8211; Efficacit\u00e9 Radicale &#8211; Lieux tr\u00e8s humides \u2013 App\u00e2ts Blocs &#8211; Pr\u00eat \u00e0 l&#8217;emploi &#8211; Une Ingestion Suffit &#8211; Fabriqu\u00e9 en France &#8211; 15 Blocs &#8211; 300g CARBL300N<\/a><\/td>\n<td>9 \u20ac<\/td>\n<td>2 \u20ac<\/td>\n<\/tr>\n<tr>\n<td>MARKETPLACES<\/td>\n<td><a class=\"ljoptimizer\" href=\"https:\/\/www.amazon.es\/dp\/B08BLGVHBJ?tag=amazon087683-21&amp;th=1\" target=\"_blank\" rel=\"nofollow noopener\">CAUSSADE Raticide Canadien &#8211; Anti Rats &amp; Souris &#8211; Efficacit\u00e9 Radicale &#8211; Lieux tr\u00e8s humides \u2013 App\u00e2ts Blocs &#8211; Pr\u00eat \u00e0 l&#8217;emploi &#8211; Une Ingestion Suffit &#8211; Fabriqu\u00e9 en France &#8211; 15 Blocs &#8211; 300g CARBL300N<\/a><\/td>\n<td>9 \u20ac<\/td>\n<td>2 \u20ac<\/td>\n<\/tr>\n<tr>\n<td>MARKETPLACES<\/td>\n<td><a class=\"ljoptimizer\" href=\"https:\/\/www.amazon.es\/dp\/B08BLGVHBJ?tag=amazon087683-21&amp;th=1\" target=\"_blank\" rel=\"nofollow noopener\">CAUSSADE Raticide Canadien &#8211; Anti Rats &amp; Souris &#8211; Efficacit\u00e9 Radicale &#8211; Lieux tr\u00e8s humides \u2013 App\u00e2ts Blocs &#8211; Pr\u00eat \u00e0 l&#8217;emploi &#8211; Une Ingestion Suffit &#8211; Fabriqu\u00e9 en France &#8211; 15 Blocs &#8211; 300g CARBL300N<\/a><\/td>\n<td>9 \u20ac<\/td>\n<td>2 \u20ac<\/td>\n<\/tr>\n<tr>\n<td>MARKETPLACES<\/td>\n<td><a class=\"ljoptimizer\" href=\"https:\/\/www.amazon.es\/dp\/B08BLGVHBJ?tag=amazon087683-21&amp;th=1\" target=\"_blank\" rel=\"nofollow noopener\">CAUSSADE Raticide Canadien &#8211; Anti Rats &amp; Souris &#8211; Efficacit\u00e9 Radicale &#8211; Lieux tr\u00e8s humides \u2013 App\u00e2ts Blocs &#8211; Pr\u00eat \u00e0 l&#8217;emploi &#8211; Une Ingestion Suffit &#8211; Fabriqu\u00e9 en France &#8211; 15 Blocs &#8211; 300g CARBL300N<\/a><\/td>\n<td>9 \u20ac<\/td>\n<td>2 \u20ac<\/td>\n<\/tr>\n<tr>\n<td>MARKETPLACES<\/td>\n<td><a class=\"ljoptimizer\" href=\"https:\/\/www.amazon.es\/dp\/B08BLGVHBJ?tag=amazon087683-21&amp;th=1\" target=\"_blank\" rel=\"nofollow noopener\">CAUSSADE Raticide Canadien &#8211; Anti Rats &amp; Souris &#8211; Efficacit\u00e9 Radicale &#8211; Lieux tr\u00e8s humides \u2013 App\u00e2ts Blocs &#8211; Pr\u00eat \u00e0 l&#8217;emploi &#8211; Une Ingestion Suffit &#8211; Fabriqu\u00e9 en France &#8211; 15 Blocs &#8211; 300g CARBL300N<\/a><\/td>\n<td>9 \u20ac<\/td>\n<td>2 \u20ac<\/td>\n<\/tr>\n<tr>\n<td>MARKETPLACES<\/td>\n<td><a class=\"ljoptimizer\" href=\"https:\/\/www.amazon.es\/dp\/B08BLGVHBJ?tag=amazon087683-21&amp;th=1\" target=\"_blank\" rel=\"nofollow noopener\">CAUSSADE Raticide Canadien &#8211; Anti Rats &amp; Souris &#8211; Efficacit\u00e9 Radicale &#8211; Lieux tr\u00e8s humides \u2013 App\u00e2ts Blocs &#8211; Pr\u00eat \u00e0 l&#8217;emploi &#8211; Une Ingestion Suffit &#8211; Fabriqu\u00e9 en France &#8211; 15 Blocs &#8211; 300g CARBL300N<\/a><\/td>\n<td>9 \u20ac<\/td>\n<td>2 \u20ac<\/td>\n<\/tr>\n<tr>\n<td>MARKETPLACES<\/td>\n<td><a class=\"ljoptimizer\" href=\"https:\/\/www.amazon.es\/dp\/B07P4JKLCD?tag=amazon087683-21&amp;th=1\" target=\"_blank\" rel=\"nofollow noopener\">elho Selbstbew\u00e4sserungssystem 17 &#8211; Zubeh\u00f6r f\u00fcr Innen &amp; Zubeh\u00f6r &#8211; \u00d8 17.0 x H 15.8 cm &#8211; Schwarz\/Living Schwarz<\/a><\/td>\n<td>7 \u20ac<\/td>\n<td>2 \u20ac<\/td>\n<\/tr>\n<tr>\n<td>MARKETPLACES<\/td>\n<td><a class=\"ljoptimizer\" href=\"https:\/\/www.amazon.es\/dp\/B00O4AXAVS?tag=amazon087683-21&amp;th=1\" target=\"_blank\" rel=\"nofollow noopener\">Voltrega 4 Haken Ref. 700<\/a><\/td>\n<td>3 \u20ac<\/td>\n<td>1 \u20ac<\/td>\n<\/tr>\n<tr>\n<td>MARKETPLACES<\/td>\n<td><a class=\"ljoptimizer\" href=\"https:\/\/www.amazon.es\/dp\/B01L95BF7G?tag=amazon087683-21&amp;th=1\" target=\"_blank\" rel=\"nofollow noopener\">Amazy Piedra para Pizza (38 x 30 x 1,5 cm) + Pala de Bamb\u00fa + Papel Horno Reutilizable + Instrucciones &#8211; DELE a su Pizza el Original Sabor Italiano al Horno de le\u00f1a.<\/a><\/td>\n<td>3 \u20ac<\/td>\n<td>1 \u20ac<\/td>\n<\/tr>\n<\/tbody>\n<\/table>\n","protected":false},"excerpt":{"rendered":"<p>Caja de Piscina y Jard\u00edn sin revisar procedente de devoluciones de marketplaces<\/p>\n<ul>\n<li>N\u00famero de productos: 26<\/li>\n<li>Valor aproximado: 507.00<\/li>\n<li>Porcentaje que se paga: 21% + IVA<\/li>\n<li>Tiempo de entrega estimado: 3 a 7 d\u00edas<\/li>\n<\/ul>\n<p>*Los precios incluyen IVA<\/p>\n","protected":false},"featured_media":123910,"template":"","meta":{"site-sidebar-layout":"default","site-content-layout":"","ast-site-content-layout":"default","site-content-style":"default","site-sidebar-style":"default","ast-global-header-display":"","ast-banner-title-visibility":"","ast-main-header-display":"","ast-hfb-above-header-display":"","ast-hfb-below-header-display":"","ast-hfb-mobile-header-display":"","site-post-title":"","ast-breadcrumbs-content":"","ast-featured-img":"","footer-sml-layout":"","ast-disable-related-posts":"","theme-transparent-header-meta":"default","adv-header-id-meta":"","stick-header-meta":"","header-above-stick-meta":"","header-main-stick-meta":"","header-below-stick-meta":"","astra-migrate-meta-layouts":"set","ast-page-background-enabled":"default","ast-page-background-meta":{"desktop":{"background-color":"var(--ast-global-color-4)","background-image":"","background-repeat":"repeat","background-position":"center center","background-size":"auto","background-attachment":"scroll","background-type":"","background-media":"","overlay-type":"","overlay-color":"","overlay-opacity":"","overlay-gradient":""},"tablet":{"background-color":"","background-image":"","background-repeat":"repeat","background-position":"center center","background-size":"auto","background-attachment":"scroll","background-type":"","background-media":"","overlay-type":"","overlay-color":"","overlay-opacity":"","overlay-gradient":""},"mobile":{"background-color":"","background-image":"","background-repeat":"repeat","background-position":"center center","background-size":"auto","background-attachment":"scroll","background-type":"","background-media":"","overlay-type":"","overlay-color":"","overlay-opacity":"","overlay-gradient":""}},"ast-content-background-meta":{"desktop":{"background-color":"var(--ast-global-color-5)","background-image":"","background-repeat":"repeat","background-position":"center center","background-size":"auto","background-attachment":"scroll","background-type":"","background-media":"","overlay-type":"","overlay-color":"","overlay-opacity":"","overlay-gradient":""},"tablet":{"background-color":"var(--ast-global-color-5)","background-image":"","background-repeat":"repeat","background-position":"center center","background-size":"auto","background-attachment":"scroll","background-type":"","background-media":"","overlay-type":"","overlay-color":"","overlay-opacity":"","overlay-gradient":""},"mobile":{"background-color":"var(--ast-global-color-5)","background-image":"","background-repeat":"repeat","background-position":"center center","background-size":"auto","background-attachment":"scroll","background-type":"","background-media":"","overlay-type":"","overlay-color":"","overlay-opacity":"","overlay-gradient":""}}},"product_brand":[],"product_cat":[49,47],"product_tag":[],"class_list":{"0":"post-123836","1":"product","2":"type-product","3":"status-publish","4":"has-post-thumbnail","6":"product_cat-cajas","7":"product_cat-piscina","8":"desktop-align-left","9":"tablet-align-left","10":"mobile-align-left","12":"first","13":"instock","14":"sale","15":"downloadable","16":"taxable","17":"shipping-taxable","18":"purchasable","19":"product-type-simple"},"yoast_head":"<!-- This site is optimized with the Yoast SEO plugin v27.2 - https:\/\/yoast.com\/product\/yoast-seo-wordpress\/ -->\n<title>Caja de Piscina y Jard\u00edn [26 productos] (sp550506328) - Comprardevoluciones - Tu tienda de Devoluciones de Amazon<\/title>\n<meta name=\"robots\" content=\"noindex, follow\" \/>\n<meta property=\"og:locale\" content=\"fr_FR\" \/>\n<meta property=\"og:type\" content=\"article\" \/>\n<meta property=\"og:title\" content=\"Caja de Piscina y Jard\u00edn [26 productos] (sp550506328) - Comprardevoluciones - Tu tienda de Devoluciones de Amazon\" \/>\n<meta property=\"og:description\" content=\"Caja de Piscina y Jard\u00edn sin revisar procedente de devoluciones de marketplaces   N\u00famero de productos: 26  Valor aproximado: 507.00  Porcentaje que se paga: 21% + IVA  Tiempo de entrega estimado: 3 a 7 d\u00edas  *Los precios incluyen IVA\" \/>\n<meta property=\"og:url\" content=\"https:\/\/comprardevoluciones.com\/producto\/sp550506328\/\" \/>\n<meta property=\"og:site_name\" content=\"Comprardevoluciones - Tu tienda de Devoluciones de Amazon\" \/>\n<meta property=\"og:image\" content=\"https:\/\/comprardevoluciones.com\/wp-content\/uploads\/2025\/06\/sp550506328.jpg\" \/>\n\t<meta property=\"og:image:width\" content=\"700\" \/>\n\t<meta property=\"og:image:height\" content=\"700\" \/>\n\t<meta property=\"og:image:type\" content=\"image\/jpeg\" \/>\n<meta name=\"twitter:card\" content=\"summary_large_image\" \/>\n<meta name=\"twitter:label1\" content=\"Dur\u00e9e de lecture estim\u00e9e\" \/>\n\t<meta name=\"twitter:data1\" content=\"4 minutes\" \/>\n<script type=\"application\/ld+json\" class=\"yoast-schema-graph\">{\"@context\":\"https:\/\/schema.org\",\"@graph\":[{\"@type\":\"WebPage\",\"@id\":\"https:\/\/comprardevoluciones.com\/producto\/sp550506328\/\",\"url\":\"https:\/\/comprardevoluciones.com\/producto\/sp550506328\/\",\"name\":\"Caja de Piscina y Jard\u00edn [26 productos] (sp550506328) - Comprardevoluciones - Tu tienda de Devoluciones de Amazon\",\"isPartOf\":{\"@id\":\"https:\/\/comprardevoluciones.com\/#website\"},\"primaryImageOfPage\":{\"@id\":\"https:\/\/comprardevoluciones.com\/producto\/sp550506328\/#primaryimage\"},\"image\":{\"@id\":\"https:\/\/comprardevoluciones.com\/producto\/sp550506328\/#primaryimage\"},\"thumbnailUrl\":\"https:\/\/comprardevoluciones.com\/wp-content\/uploads\/2025\/06\/sp550506328.jpg\",\"datePublished\":\"2026-03-17T10:24:19+00:00\",\"breadcrumb\":{\"@id\":\"https:\/\/comprardevoluciones.com\/producto\/sp550506328\/#breadcrumb\"},\"inLanguage\":\"fr-FR\",\"potentialAction\":[{\"@type\":\"ReadAction\",\"target\":[\"https:\/\/comprardevoluciones.com\/producto\/sp550506328\/\"]}]},{\"@type\":\"ImageObject\",\"inLanguage\":\"fr-FR\",\"@id\":\"https:\/\/comprardevoluciones.com\/producto\/sp550506328\/#primaryimage\",\"url\":\"https:\/\/comprardevoluciones.com\/wp-content\/uploads\/2025\/06\/sp550506328.jpg\",\"contentUrl\":\"https:\/\/comprardevoluciones.com\/wp-content\/uploads\/2025\/06\/sp550506328.jpg\",\"width\":700,\"height\":700},{\"@type\":\"BreadcrumbList\",\"@id\":\"https:\/\/comprardevoluciones.com\/producto\/sp550506328\/#breadcrumb\",\"itemListElement\":[{\"@type\":\"ListItem\",\"position\":1,\"name\":\"Portada\",\"item\":\"https:\/\/comprardevoluciones.com\/fr\/\"},{\"@type\":\"ListItem\",\"position\":2,\"name\":\"Shop\",\"item\":\"https:\/\/comprardevoluciones.com\/fr\/shop\/\"},{\"@type\":\"ListItem\",\"position\":3,\"name\":\"Caja de Piscina y Jard\u00edn [26 productos] (sp550506328)\"}]},{\"@type\":\"WebSite\",\"@id\":\"https:\/\/comprardevoluciones.com\/#website\",\"url\":\"https:\/\/comprardevoluciones.com\/\",\"name\":\"Comprardevoluciones - Tu tienda de Devoluciones de Amazon\",\"description\":\"Consigue Stock en buen estado a un precio imbatible\",\"potentialAction\":[{\"@type\":\"SearchAction\",\"target\":{\"@type\":\"EntryPoint\",\"urlTemplate\":\"https:\/\/comprardevoluciones.com\/?s={search_term_string}\"},\"query-input\":{\"@type\":\"PropertyValueSpecification\",\"valueRequired\":true,\"valueName\":\"search_term_string\"}}],\"inLanguage\":\"fr-FR\"}]}<\/script>\n<!-- \/ Yoast SEO plugin. -->","yoast_head_json":{"title":"Caja de Piscina y Jard\u00edn [26 productos] (sp550506328) - Comprardevoluciones - Tu tienda de Devoluciones de Amazon","robots":{"index":"noindex","follow":"follow"},"og_locale":"fr_FR","og_type":"article","og_title":"Caja de Piscina y Jard\u00edn [26 productos] (sp550506328) - Comprardevoluciones - Tu tienda de Devoluciones de Amazon","og_description":"Caja de Piscina y Jard\u00edn sin revisar procedente de devoluciones de marketplaces   N\u00famero de productos: 26  Valor aproximado: 507.00  Porcentaje que se paga: 21% + IVA  Tiempo de entrega estimado: 3 a 7 d\u00edas  *Los precios incluyen IVA","og_url":"https:\/\/comprardevoluciones.com\/producto\/sp550506328\/","og_site_name":"Comprardevoluciones - Tu tienda de Devoluciones de Amazon","og_image":[{"width":700,"height":700,"url":"https:\/\/comprardevoluciones.com\/wp-content\/uploads\/2025\/06\/sp550506328.jpg","type":"image\/jpeg"}],"twitter_card":"summary_large_image","twitter_misc":{"Dur\u00e9e de lecture estim\u00e9e":"4 minutes"},"schema":{"@context":"https:\/\/schema.org","@graph":[{"@type":"WebPage","@id":"https:\/\/comprardevoluciones.com\/producto\/sp550506328\/","url":"https:\/\/comprardevoluciones.com\/producto\/sp550506328\/","name":"Caja de Piscina y Jard\u00edn [26 productos] (sp550506328) - Comprardevoluciones - Tu tienda de Devoluciones de Amazon","isPartOf":{"@id":"https:\/\/comprardevoluciones.com\/#website"},"primaryImageOfPage":{"@id":"https:\/\/comprardevoluciones.com\/producto\/sp550506328\/#primaryimage"},"image":{"@id":"https:\/\/comprardevoluciones.com\/producto\/sp550506328\/#primaryimage"},"thumbnailUrl":"https:\/\/comprardevoluciones.com\/wp-content\/uploads\/2025\/06\/sp550506328.jpg","datePublished":"2026-03-17T10:24:19+00:00","breadcrumb":{"@id":"https:\/\/comprardevoluciones.com\/producto\/sp550506328\/#breadcrumb"},"inLanguage":"fr-FR","potentialAction":[{"@type":"ReadAction","target":["https:\/\/comprardevoluciones.com\/producto\/sp550506328\/"]}]},{"@type":"ImageObject","inLanguage":"fr-FR","@id":"https:\/\/comprardevoluciones.com\/producto\/sp550506328\/#primaryimage","url":"https:\/\/comprardevoluciones.com\/wp-content\/uploads\/2025\/06\/sp550506328.jpg","contentUrl":"https:\/\/comprardevoluciones.com\/wp-content\/uploads\/2025\/06\/sp550506328.jpg","width":700,"height":700},{"@type":"BreadcrumbList","@id":"https:\/\/comprardevoluciones.com\/producto\/sp550506328\/#breadcrumb","itemListElement":[{"@type":"ListItem","position":1,"name":"Portada","item":"https:\/\/comprardevoluciones.com\/fr\/"},{"@type":"ListItem","position":2,"name":"Shop","item":"https:\/\/comprardevoluciones.com\/fr\/shop\/"},{"@type":"ListItem","position":3,"name":"Caja de Piscina y Jard\u00edn [26 productos] (sp550506328)"}]},{"@type":"WebSite","@id":"https:\/\/comprardevoluciones.com\/#website","url":"https:\/\/comprardevoluciones.com\/","name":"Comprardevoluciones - Tu tienda de Devoluciones de Amazon","description":"Consigue Stock en buen estado a un precio imbatible","potentialAction":[{"@type":"SearchAction","target":{"@type":"EntryPoint","urlTemplate":"https:\/\/comprardevoluciones.com\/?s={search_term_string}"},"query-input":{"@type":"PropertyValueSpecification","valueRequired":true,"valueName":"search_term_string"}}],"inLanguage":"fr-FR"}]}},"_links":{"self":[{"href":"https:\/\/comprardevoluciones.com\/fr\/wp-json\/wp\/v2\/product\/123836","targetHints":{"allow":["GET"]}}],"collection":[{"href":"https:\/\/comprardevoluciones.com\/fr\/wp-json\/wp\/v2\/product"}],"about":[{"href":"https:\/\/comprardevoluciones.com\/fr\/wp-json\/wp\/v2\/types\/product"}],"wp:featuredmedia":[{"embeddable":true,"href":"https:\/\/comprardevoluciones.com\/fr\/wp-json\/wp\/v2\/media\/123910"}],"wp:attachment":[{"href":"https:\/\/comprardevoluciones.com\/fr\/wp-json\/wp\/v2\/media?parent=123836"}],"wp:term":[{"taxonomy":"product_brand","embeddable":true,"href":"https:\/\/comprardevoluciones.com\/fr\/wp-json\/wp\/v2\/product_brand?post=123836"},{"taxonomy":"product_cat","embeddable":true,"href":"https:\/\/comprardevoluciones.com\/fr\/wp-json\/wp\/v2\/product_cat?post=123836"},{"taxonomy":"product_tag","embeddable":true,"href":"https:\/\/comprardevoluciones.com\/fr\/wp-json\/wp\/v2\/product_tag?post=123836"}],"curies":[{"name":"wp","href":"https:\/\/api.w.org\/{rel}","templated":true}]}}