{"id":138832,"date":"2025-11-03T11:00:13","date_gmt":"2025-11-03T10:00:13","guid":{"rendered":"https:\/\/comprardevoluciones.com\/?post_type=product&#038;p=138832"},"modified":"2025-11-03T10:40:05","modified_gmt":"2025-11-03T09:40:05","slug":"sp550570813","status":"publish","type":"product","link":"https:\/\/comprardevoluciones.com\/fr\/producto\/sp550570813\/","title":{"rendered":"Caja de Herramientas [34 productos] (sp550570813)"},"content":{"rendered":"<p>Descripci\u00f3n y valor aproximados<\/p>\n<table>\n<tbody>\n<tr>\n<td><strong>FUENTE<\/strong><\/td>\n<td><strong>PRODUCTO<\/strong><\/td>\n<td><strong>VALOR (\u20ac)<\/strong><\/td>\n<td><strong>PAGAS (\u20ac)<\/strong><\/td>\n<\/tr>\n<tr>\n<td>MARKETPLACES<\/td>\n<td><a class=\"ljoptimizer\" href=\"https:\/\/www.amazon.es\/dp\/B00EXSMLHA?tag=amazon087683-21&amp;th=1\" target=\"_blank\" rel=\"nofollow noopener\">Grohe 23334000 Mezclador Ba\u00f1o-Ducha Sin Equipo, BauEdge, Cromo, Multicolor, Talla \u00danica<\/a><\/td>\n<td>90 \u20ac<\/td>\n<td>21 \u20ac<\/td>\n<\/tr>\n<tr>\n<td>MARKETPLACES<\/td>\n<td><a class=\"ljoptimizer\" href=\"https:\/\/www.amazon.es\/dp\/B0B5D2PF1V?tag=amazon087683-21&amp;th=1\" target=\"_blank\" rel=\"nofollow noopener\">Einhell Soplador Universal con bater\u00eda GE-UB 18\/250 Li E-Solo Power X-Change (18 V, Velocidad del Aire 250 km\/h, Tubo de 3 Piezas, regulaci\u00f3n de Velocidad electr. con indicador LED, sin bater\u00eda)<\/a><\/td>\n<td>67 \u20ac<\/td>\n<td>15 \u20ac<\/td>\n<\/tr>\n<tr>\n<td>MARKETPLACES<\/td>\n<td><a class=\"ljoptimizer\" href=\"https:\/\/www.amazon.es\/dp\/B01N3AKMMA?tag=amazon087683-21&amp;th=1\" target=\"_blank\" rel=\"nofollow noopener\">Tesa Assa Abloy, TX853035N, Cilindro de Alta Seguridad, TX80, Doble Embrague, Leva Larga, Llave &#8211; Llave, Niquelado, 30 x 35 mm<\/a><\/td>\n<td>59 \u20ac<\/td>\n<td>14 \u20ac<\/td>\n<\/tr>\n<tr>\n<td>MARKETPLACES<\/td>\n<td><a class=\"ljoptimizer\" href=\"https:\/\/www.amazon.es\/dp\/B07Y244S5V?tag=amazon087683-21&amp;th=1\" target=\"_blank\" rel=\"nofollow noopener\">GRIFEMA Berlin &#8211; Termostato Para Columna De Ducha, Grifo De Termost\u00e1tica, Cromo (Exclusivo en Amazon), Plateado<\/a><\/td>\n<td>59 \u20ac<\/td>\n<td>13 \u20ac<\/td>\n<\/tr>\n<tr>\n<td>MARKETPLACES<\/td>\n<td><a class=\"ljoptimizer\" href=\"https:\/\/www.amazon.es\/dp\/B0BY4WKNS3?tag=amazon087683-21&amp;th=1\" target=\"_blank\" rel=\"nofollow noopener\">Ibergrif M11003Y Grifo de Ba\u00f1o Cl\u00e1sico, Mezclador Monomando Lavabo, Grifo de Lavabo para Agua Fr\u00eda y Caliente, Acero Inoxidable, Oro<\/a><\/td>\n<td>37 \u20ac<\/td>\n<td>9 \u20ac<\/td>\n<\/tr>\n<tr>\n<td>MARKETPLACES<\/td>\n<td><a class=\"ljoptimizer\" href=\"https:\/\/www.amazon.es\/dp\/B0DFH6RH42?tag=amazon087683-21&amp;th=1\" target=\"_blank\" rel=\"nofollow noopener\">VPOW Alcoholimetro, Alcohol\u00edmetro Homologado Pantalla Digital LCD Azul, Precisi\u00f3n de Grado Alcoholemia Test, Alcolimetros Personal para Uso Dom\u00e9stico y Profesional &#8211; Gris<\/a><\/td>\n<td>34 \u20ac<\/td>\n<td>8 \u20ac<\/td>\n<\/tr>\n<tr>\n<td>MARKETPLACES<\/td>\n<td><a class=\"ljoptimizer\" href=\"https:\/\/www.amazon.es\/dp\/B00UCMDVLQ?tag=amazon087683-21&amp;th=1\" target=\"_blank\" rel=\"nofollow noopener\">Bruguer Colores del Mundo Pintura para paredes monocapa Alaska Blanco Luminoso Mate 4 L<\/a><\/td>\n<td>31 \u20ac<\/td>\n<td>7 \u20ac<\/td>\n<\/tr>\n<tr>\n<td>MARKETPLACES<\/td>\n<td><a class=\"ljoptimizer\" href=\"https:\/\/www.amazon.es\/dp\/B0B71963VT?tag=amazon087683-21&amp;th=1\" target=\"_blank\" rel=\"nofollow noopener\">VOUNOT Manguera Extensible 15m, Manguera Flexible Jard\u00edn con Pistola Rociadora de 10 Funciones, Conectores de Lat\u00f3n de 1\/2 y 3\/4 Pulgadas Bolsa de Almacenamiento, Negro<\/a><\/td>\n<td>30 \u20ac<\/td>\n<td>7 \u20ac<\/td>\n<\/tr>\n<tr>\n<td>MARKETPLACES<\/td>\n<td><a class=\"ljoptimizer\" href=\"https:\/\/www.amazon.es\/dp\/B00D3DK7QI?tag=amazon087683-21&amp;th=1\" target=\"_blank\" rel=\"nofollow noopener\">NGK 48041 Bobina de encendido<\/a><\/td>\n<td>29 \u20ac<\/td>\n<td>7 \u20ac<\/td>\n<\/tr>\n<tr>\n<td>MARKETPLACES<\/td>\n<td><a class=\"ljoptimizer\" href=\"https:\/\/www.amazon.es\/dp\/B00D3DK7QI?tag=amazon087683-21&amp;th=1\" target=\"_blank\" rel=\"nofollow noopener\">NGK 48041 Bobina de encendido<\/a><\/td>\n<td>29 \u20ac<\/td>\n<td>7 \u20ac<\/td>\n<\/tr>\n<tr>\n<td>MARKETPLACES<\/td>\n<td><a class=\"ljoptimizer\" href=\"https:\/\/www.amazon.es\/dp\/B00F2NMTWW?tag=amazon087683-21&amp;th=1\" target=\"_blank\" rel=\"nofollow noopener\">Bellota 8011-B &#8211; Martillo, bola mec\u00e1nica mango de, madera de haya, 320 gramos<\/a><\/td>\n<td>21 \u20ac<\/td>\n<td>5 \u20ac<\/td>\n<\/tr>\n<tr>\n<td>MARKETPLACES<\/td>\n<td><a class=\"ljoptimizer\" href=\"https:\/\/www.amazon.es\/dp\/B075YVLGDF?tag=amazon087683-21&amp;th=1\" target=\"_blank\" rel=\"nofollow noopener\">Emuca &#8211; Tirador para mueble, pomo para caj\u00f3n, Zamak, Acabado bronce, Set de 25<\/a><\/td>\n<td>20 \u20ac<\/td>\n<td>5 \u20ac<\/td>\n<\/tr>\n<tr>\n<td>MARKETPLACES<\/td>\n<td><a class=\"ljoptimizer\" href=\"https:\/\/www.amazon.es\/dp\/B0BNTL8WZ5?tag=amazon087683-21&amp;th=1\" target=\"_blank\" rel=\"nofollow noopener\">LTIYITL 30CM Manija De Puerta Corredera De Acero Inoxidable, Mango de Puerta De Granero, Moderno, Plata (1 Unidad)<\/a><\/td>\n<td>19 \u20ac<\/td>\n<td>4 \u20ac<\/td>\n<\/tr>\n<tr>\n<td>MARKETPLACES<\/td>\n<td><a class=\"ljoptimizer\" href=\"https:\/\/www.amazon.es\/dp\/B09V9P9CWX?tag=amazon087683-21&amp;th=1\" target=\"_blank\" rel=\"nofollow noopener\">Ventosa de Elevaci\u00f3n 2 piezas Ventosa Doble para Cristal Ventosa de Vac\u00edo Aluminio Ventosa Cristal Profesional Ventosas Elevadoras de Vidrio para Azulejos,Vidrio, M\u00e1rmol, Pisos y M\u00e1s<\/a><\/td>\n<td>19 \u20ac<\/td>\n<td>4 \u20ac<\/td>\n<\/tr>\n<tr>\n<td>MARKETPLACES<\/td>\n<td><a class=\"ljoptimizer\" href=\"https:\/\/www.amazon.es\/dp\/B01N7YF7AG?tag=amazon087683-21&amp;th=1\" target=\"_blank\" rel=\"nofollow noopener\">Tesa Assa Abloy 4219203AI Cerradura Monopunto De Palanca Basculante Para Perfiles met\u00e1licos Inoxidable Entrada 20 mm 2219<\/a><\/td>\n<td>19 \u20ac<\/td>\n<td>4 \u20ac<\/td>\n<\/tr>\n<tr>\n<td>MARKETPLACES<\/td>\n<td><a class=\"ljoptimizer\" href=\"https:\/\/www.amazon.es\/dp\/B09MN5H4N6?tag=amazon087683-21&amp;th=1\" target=\"_blank\" rel=\"nofollow noopener\">Sekey 120 x 210cm Magnet Fliegengitter T\u00fcr Vorhang f\u00fcr Holz, Eisen, Aluminium T\u00fcren und Balkon. Einfache Installation, Wei\u00df<\/a><\/td>\n<td>19 \u20ac<\/td>\n<td>4 \u20ac<\/td>\n<\/tr>\n<tr>\n<td>MARKETPLACES<\/td>\n<td><a class=\"ljoptimizer\" href=\"https:\/\/www.amazon.es\/dp\/B07ZB1QYR9?tag=amazon087683-21&amp;th=1\" target=\"_blank\" rel=\"nofollow noopener\">Stone Banks Manguera de limpieza de tuber\u00edas para K\u00e4rcher K2 K3 K4 K5 K6 K7, Mangueras para K\u00e4rcher Limpiadoras a Presi\u00f3n 6m 180Bar\/18MPa +60\u00b0<\/a><\/td>\n<td>18 \u20ac<\/td>\n<td>4 \u20ac<\/td>\n<\/tr>\n<tr>\n<td>MARKETPLACES<\/td>\n<td><a class=\"ljoptimizer\" href=\"https:\/\/www.amazon.es\/dp\/B0013E10JW?tag=amazon087683-21&amp;th=1\" target=\"_blank\" rel=\"nofollow noopener\">Thetford 301\/321 &#8211; Interruttore a Vuoto 16833<\/a><\/td>\n<td>17 \u20ac<\/td>\n<td>4 \u20ac<\/td>\n<\/tr>\n<tr>\n<td>MARKETPLACES<\/td>\n<td><a class=\"ljoptimizer\" href=\"https:\/\/www.amazon.es\/dp\/B00O0V2IIW?tag=amazon087683-21&amp;th=1\" target=\"_blank\" rel=\"nofollow noopener\">Powerplus Aschefilter POWX305B Aschesauger Filter geeignet f\u00fcr POWX305\/POWX308 Kaminsauger mit austauschbarem Filter, ein Aschefilter als Ersatzteil f\u00fcr Grill und Kaminstaubsauger<\/a><\/td>\n<td>16 \u20ac<\/td>\n<td>4 \u20ac<\/td>\n<\/tr>\n<tr>\n<td>MARKETPLACES<\/td>\n<td><a class=\"ljoptimizer\" href=\"https:\/\/www.amazon.es\/dp\/B081HDD7HN?tag=amazon087683-21&amp;th=1\" target=\"_blank\" rel=\"nofollow noopener\">Ibergrif M34017, Edelstahl Dusche Haltegriff 135\u00b0, Wandhalte-St\u00fctzgriff f\u00fcr das Badezimmer, Bad Haltestange, 40 CM, Chrom<\/a><\/td>\n<td>16 \u20ac<\/td>\n<td>4 \u20ac<\/td>\n<\/tr>\n<tr>\n<td>MARKETPLACES<\/td>\n<td><a class=\"ljoptimizer\" href=\"https:\/\/www.amazon.es\/dp\/B0CSG6Q3N4?tag=amazon087683-21&amp;th=1\" target=\"_blank\" rel=\"nofollow noopener\">TEMPO DI SALDI Tubo da Giardino 15m, Estensibile fino a 22,5 m, con 7 Funzioni per Lavaggio a Tenuta Stagna<\/a><\/td>\n<td>16 \u20ac<\/td>\n<td>4 \u20ac<\/td>\n<\/tr>\n<tr>\n<td>MARKETPLACES<\/td>\n<td><a class=\"ljoptimizer\" href=\"https:\/\/www.amazon.es\/dp\/B07BFFCFPV?tag=amazon087683-21&amp;th=1\" target=\"_blank\" rel=\"nofollow noopener\">Titanlux 01T056234 Esmalte, Verde Caruajes, 750 ml (Paquete de 1)<\/a><\/td>\n<td>16 \u20ac<\/td>\n<td>4 \u20ac<\/td>\n<\/tr>\n<tr>\n<td>MARKETPLACES<\/td>\n<td><a class=\"ljoptimizer\" href=\"https:\/\/www.amazon.es\/dp\/B0DLNJV3XL?tag=amazon087683-21&amp;th=1\" target=\"_blank\" rel=\"nofollow noopener\">Manguera de Jardin Extensible, Mangueras Jardin con Pistola Rociadora de 8 Funciones Manguera Flexible y Ligera para Lavado de Coche, Jard\u00edn, Lavar la Mascota con Bolsa de Almacenamiento<\/a><\/td>\n<td>15 \u20ac<\/td>\n<td>3 \u20ac<\/td>\n<\/tr>\n<tr>\n<td>MARKETPLACES<\/td>\n<td><a class=\"ljoptimizer\" href=\"https:\/\/www.amazon.es\/dp\/B082MDLZ7M?tag=amazon087683-21&amp;th=1\" target=\"_blank\" rel=\"nofollow noopener\">Sekey Cortina Magn\u00e9tica de Puerta a Prueba de Mosquito para Puertas de Madera, Puertas de Hierro, Puertas Met\u00e1licas, Puertas del Balc\u00f3n, Puertas de RV, Cierre Magn\u00e9tico Autom\u00e1tico, 90&#215;210 cm, Marr\u00f3n<\/a><\/td>\n<td>15 \u20ac<\/td>\n<td>3 \u20ac<\/td>\n<\/tr>\n<tr>\n<td>MARKETPLACES<\/td>\n<td><a class=\"ljoptimizer\" href=\"https:\/\/www.amazon.es\/dp\/B00VJR6GQU?tag=amazon087683-21&amp;th=1\" target=\"_blank\" rel=\"nofollow noopener\">UFI Filters 54.201.00 Filtro Aria Abitacolo ai Carboni Attivi Per Auto<\/a><\/td>\n<td>14 \u20ac<\/td>\n<td>3 \u20ac<\/td>\n<\/tr>\n<tr>\n<td>MARKETPLACES<\/td>\n<td><a class=\"ljoptimizer\" href=\"https:\/\/www.amazon.es\/dp\/B0CZ9DVPQ8?tag=amazon087683-21&amp;th=1\" target=\"_blank\" rel=\"nofollow noopener\">STEBRUAM 50 piezas Discos de Lija 150mm de Papeles de Lija 240 Grano 15 agujeros Ideal para 6 Pulgadas Lijadora Exc\u00e9ntrica y Lijadora Orbita<\/a><\/td>\n<td>14 \u20ac<\/td>\n<td>3 \u20ac<\/td>\n<\/tr>\n<tr>\n<td>MARKETPLACES<\/td>\n<td><a class=\"ljoptimizer\" href=\"https:\/\/www.amazon.es\/dp\/B0068JEDZU?tag=amazon087683-21&amp;th=1\" target=\"_blank\" rel=\"nofollow noopener\">BOSCH Luftregulierungsgriff f\u00fcr Bosch-Sauger, 35 mm, f\u00fcr GAS 20 L SFC Professional, 2607002630<\/a><\/td>\n<td>13 \u20ac<\/td>\n<td>3 \u20ac<\/td>\n<\/tr>\n<tr>\n<td>MARKETPLACES<\/td>\n<td><a class=\"ljoptimizer\" href=\"https:\/\/www.amazon.es\/dp\/B08B5Z7MWB?tag=amazon087683-21&amp;th=1\" target=\"_blank\" rel=\"nofollow noopener\">SPTA 16PCS Mini Almohadillas De Pulido Esponja En Forma De Cono Almohadilla De Pulido De Cera Con 2 Placas De Respaldo Para Detallar Encerado y Sellado De Pulido De Autom\u00f3viles (25MM, 15MM)<\/a><\/td>\n<td>12 \u20ac<\/td>\n<td>3 \u20ac<\/td>\n<\/tr>\n<tr>\n<td>MARKETPLACES<\/td>\n<td><a class=\"ljoptimizer\" href=\"https:\/\/www.amazon.es\/dp\/B0BNKKFWR2?tag=amazon087683-21&amp;th=1\" target=\"_blank\" rel=\"nofollow noopener\">HOLKIE Ruedas reemplazo sillas oficina goma 11 x 22 mm para pisos de madera y alfombras Set de 5 Ruedas tipo patineta resistentes para reemplazar alfombrillas de sillas de juego<\/a><\/td>\n<td>12 \u20ac<\/td>\n<td>3 \u20ac<\/td>\n<\/tr>\n<tr>\n<td>MARKETPLACES<\/td>\n<td><a class=\"ljoptimizer\" href=\"https:\/\/www.amazon.es\/dp\/B0BRKM7MV9?tag=amazon087683-21&amp;th=1\" target=\"_blank\" rel=\"nofollow noopener\">IKeelsy Cinta Adhesiva Doble Cara,Cinta Adhesiva Transparente y Cinta Doble Cara Extrafuerte para Posters de Pared,Multiusos Tiras Adhesivas para Colgar Cuadros en el Hogar y la Oficina\uff085Metre\uff09<\/a><\/td>\n<td>11 \u20ac<\/td>\n<td>3 \u20ac<\/td>\n<\/tr>\n<tr>\n<td>MARKETPLACES<\/td>\n<td><a class=\"ljoptimizer\" href=\"https:\/\/www.amazon.es\/dp\/B0CWS2X245?tag=amazon087683-21&amp;th=1\" target=\"_blank\" rel=\"nofollow noopener\">Neum\u00e1ticos cubiertas ruedas patinetes (SpeedWay\/RockWay\/CrossOver, C\u00e1mara aire 10&Prime; reforzada)<\/a><\/td>\n<td>10 \u20ac<\/td>\n<td>2 \u20ac<\/td>\n<\/tr>\n<tr>\n<td>MARKETPLACES<\/td>\n<td><a class=\"ljoptimizer\" href=\"https:\/\/www.amazon.es\/dp\/B07QKVC918?tag=amazon087683-21&amp;th=1\" target=\"_blank\" rel=\"nofollow noopener\">KOTARBAU\u00ae T\u00fcrgriff 72 mm Links Rechts WC Gold T\u00fcrgarnitur T\u00fcrbeschlag T\u00fcrdr\u00fccker T\u00fcrklinke Dr\u00fcckergarnitur Toilettent\u00fcr Zimmert\u00fcr Langschild Alu<\/a><\/td>\n<td>9 \u20ac<\/td>\n<td>2 \u20ac<\/td>\n<\/tr>\n<tr>\n<td>MARKETPLACES<\/td>\n<td><a class=\"ljoptimizer\" href=\"https:\/\/www.amazon.es\/dp\/B0BWNKZ771?tag=amazon087683-21&amp;th=1\" target=\"_blank\" rel=\"nofollow noopener\">SIMON &#8211; Interruptor Conmutador, Serie Simon 10, 230V, Interruptor de Pared Interior, F\u00e1cil de Instalar, Incluye Marco, Tapa y Mecanismo, Color Blanco<\/a><\/td>\n<td>4 \u20ac<\/td>\n<td>1 \u20ac<\/td>\n<\/tr>\n<tr>\n<td>MARKETPLACES<\/td>\n<td><a class=\"ljoptimizer\" href=\"https:\/\/www.amazon.es\/dp\/B0BWNKZ771?tag=amazon087683-21&amp;th=1\" target=\"_blank\" rel=\"nofollow noopener\">SIMON &#8211; Interruptor Conmutador, Serie Simon 10, 230V, Interruptor de Pared Interior, F\u00e1cil de Instalar, Incluye Marco, Tapa y Mecanismo, Color Blanco<\/a><\/td>\n<td>4 \u20ac<\/td>\n<td>1 \u20ac<\/td>\n<\/tr>\n<\/tbody>\n<\/table>\n","protected":false},"excerpt":{"rendered":"<p>Caja de Herramientas sin revisar procedente de devoluciones de marketplaces<\/p>\n<ul>\n<li>N\u00famero de productos: 34<\/li>\n<li>Valor aproximado: 814.00<\/li>\n<li>Porcentaje que se paga: 19% + IVA<\/li>\n<li>Tiempo de entrega estimado: 3 a 7 d\u00edas<\/li>\n<\/ul>\n<p>*Los precios incluyen IVA<\/p>\n","protected":false},"featured_media":139436,"template":"","meta":{"site-sidebar-layout":"default","site-content-layout":"","ast-site-content-layout":"default","site-content-style":"default","site-sidebar-style":"default","ast-global-header-display":"","ast-banner-title-visibility":"","ast-main-header-display":"","ast-hfb-above-header-display":"","ast-hfb-below-header-display":"","ast-hfb-mobile-header-display":"","site-post-title":"","ast-breadcrumbs-content":"","ast-featured-img":"","footer-sml-layout":"","ast-disable-related-posts":"","theme-transparent-header-meta":"default","adv-header-id-meta":"","stick-header-meta":"","header-above-stick-meta":"","header-main-stick-meta":"","header-below-stick-meta":"","astra-migrate-meta-layouts":"set","ast-page-background-enabled":"default","ast-page-background-meta":{"desktop":{"background-color":"var(--ast-global-color-4)","background-image":"","background-repeat":"repeat","background-position":"center center","background-size":"auto","background-attachment":"scroll","background-type":"","background-media":"","overlay-type":"","overlay-color":"","overlay-opacity":"","overlay-gradient":""},"tablet":{"background-color":"","background-image":"","background-repeat":"repeat","background-position":"center center","background-size":"auto","background-attachment":"scroll","background-type":"","background-media":"","overlay-type":"","overlay-color":"","overlay-opacity":"","overlay-gradient":""},"mobile":{"background-color":"","background-image":"","background-repeat":"repeat","background-position":"center center","background-size":"auto","background-attachment":"scroll","background-type":"","background-media":"","overlay-type":"","overlay-color":"","overlay-opacity":"","overlay-gradient":""}},"ast-content-background-meta":{"desktop":{"background-color":"var(--ast-global-color-5)","background-image":"","background-repeat":"repeat","background-position":"center center","background-size":"auto","background-attachment":"scroll","background-type":"","background-media":"","overlay-type":"","overlay-color":"","overlay-opacity":"","overlay-gradient":""},"tablet":{"background-color":"var(--ast-global-color-5)","background-image":"","background-repeat":"repeat","background-position":"center center","background-size":"auto","background-attachment":"scroll","background-type":"","background-media":"","overlay-type":"","overlay-color":"","overlay-opacity":"","overlay-gradient":""},"mobile":{"background-color":"var(--ast-global-color-5)","background-image":"","background-repeat":"repeat","background-position":"center center","background-size":"auto","background-attachment":"scroll","background-type":"","background-media":"","overlay-type":"","overlay-color":"","overlay-opacity":"","overlay-gradient":""}}},"product_brand":[],"product_cat":[49,42],"product_tag":[],"class_list":{"0":"post-138832","1":"product","2":"type-product","3":"status-publish","4":"has-post-thumbnail","6":"product_cat-cajas","7":"product_cat-herramientas","8":"product_shipping_class-caja","9":"desktop-align-left","10":"tablet-align-left","11":"mobile-align-left","13":"first","14":"instock","15":"sale","16":"downloadable","17":"taxable","18":"shipping-taxable","19":"purchasable","20":"product-type-simple"},"yoast_head":"<!-- This site is optimized with the Yoast SEO plugin v27.2 - https:\/\/yoast.com\/product\/yoast-seo-wordpress\/ -->\n<title>Caja de Herramientas [34 productos] (sp550570813) - Comprardevoluciones - Tu tienda de Devoluciones de Amazon<\/title>\n<meta name=\"robots\" content=\"noindex, follow\" \/>\n<meta property=\"og:locale\" content=\"fr_FR\" \/>\n<meta property=\"og:type\" content=\"article\" \/>\n<meta property=\"og:title\" content=\"Caja de Herramientas [34 productos] (sp550570813) - Comprardevoluciones - Tu tienda de Devoluciones de Amazon\" \/>\n<meta property=\"og:description\" content=\"Caja de Herramientas sin revisar procedente de devoluciones de marketplaces   N\u00famero de productos: 34  Valor aproximado: 814.00  Porcentaje que se paga: 19% + IVA  Tiempo de entrega estimado: 3 a 7 d\u00edas  *Los precios incluyen IVA\" \/>\n<meta property=\"og:url\" content=\"https:\/\/comprardevoluciones.com\/producto\/sp550570813\/\" \/>\n<meta property=\"og:site_name\" content=\"Comprardevoluciones - Tu tienda de Devoluciones de Amazon\" \/>\n<meta property=\"og:image\" content=\"https:\/\/comprardevoluciones.com\/wp-content\/uploads\/2025\/10\/sp550570813-1.jpg\" \/>\n\t<meta property=\"og:image:width\" content=\"700\" \/>\n\t<meta property=\"og:image:height\" content=\"700\" \/>\n\t<meta property=\"og:image:type\" content=\"image\/jpeg\" \/>\n<meta name=\"twitter:card\" content=\"summary_large_image\" \/>\n<meta name=\"twitter:label1\" content=\"Dur\u00e9e de lecture estim\u00e9e\" \/>\n\t<meta name=\"twitter:data1\" content=\"4 minutes\" \/>\n<script type=\"application\/ld+json\" class=\"yoast-schema-graph\">{\"@context\":\"https:\/\/schema.org\",\"@graph\":[{\"@type\":\"WebPage\",\"@id\":\"https:\/\/comprardevoluciones.com\/producto\/sp550570813\/\",\"url\":\"https:\/\/comprardevoluciones.com\/producto\/sp550570813\/\",\"name\":\"Caja de Herramientas [34 productos] (sp550570813) - Comprardevoluciones - Tu tienda de Devoluciones de Amazon\",\"isPartOf\":{\"@id\":\"https:\/\/comprardevoluciones.com\/#website\"},\"primaryImageOfPage\":{\"@id\":\"https:\/\/comprardevoluciones.com\/producto\/sp550570813\/#primaryimage\"},\"image\":{\"@id\":\"https:\/\/comprardevoluciones.com\/producto\/sp550570813\/#primaryimage\"},\"thumbnailUrl\":\"https:\/\/comprardevoluciones.com\/wp-content\/uploads\/2025\/10\/sp550570813-1.jpg\",\"datePublished\":\"2025-11-03T10:00:13+00:00\",\"breadcrumb\":{\"@id\":\"https:\/\/comprardevoluciones.com\/producto\/sp550570813\/#breadcrumb\"},\"inLanguage\":\"fr-FR\",\"potentialAction\":[{\"@type\":\"ReadAction\",\"target\":[\"https:\/\/comprardevoluciones.com\/producto\/sp550570813\/\"]}]},{\"@type\":\"ImageObject\",\"inLanguage\":\"fr-FR\",\"@id\":\"https:\/\/comprardevoluciones.com\/producto\/sp550570813\/#primaryimage\",\"url\":\"https:\/\/comprardevoluciones.com\/wp-content\/uploads\/2025\/10\/sp550570813-1.jpg\",\"contentUrl\":\"https:\/\/comprardevoluciones.com\/wp-content\/uploads\/2025\/10\/sp550570813-1.jpg\",\"width\":700,\"height\":700},{\"@type\":\"BreadcrumbList\",\"@id\":\"https:\/\/comprardevoluciones.com\/producto\/sp550570813\/#breadcrumb\",\"itemListElement\":[{\"@type\":\"ListItem\",\"position\":1,\"name\":\"Portada\",\"item\":\"https:\/\/comprardevoluciones.com\/fr\/\"},{\"@type\":\"ListItem\",\"position\":2,\"name\":\"Shop\",\"item\":\"https:\/\/comprardevoluciones.com\/fr\/shop\/\"},{\"@type\":\"ListItem\",\"position\":3,\"name\":\"Caja de Herramientas [34 productos] (sp550570813)\"}]},{\"@type\":\"WebSite\",\"@id\":\"https:\/\/comprardevoluciones.com\/#website\",\"url\":\"https:\/\/comprardevoluciones.com\/\",\"name\":\"Comprardevoluciones - Tu tienda de Devoluciones de Amazon\",\"description\":\"Consigue Stock en buen estado a un precio imbatible\",\"potentialAction\":[{\"@type\":\"SearchAction\",\"target\":{\"@type\":\"EntryPoint\",\"urlTemplate\":\"https:\/\/comprardevoluciones.com\/?s={search_term_string}\"},\"query-input\":{\"@type\":\"PropertyValueSpecification\",\"valueRequired\":true,\"valueName\":\"search_term_string\"}}],\"inLanguage\":\"fr-FR\"}]}<\/script>\n<!-- \/ Yoast SEO plugin. -->","yoast_head_json":{"title":"Caja de Herramientas [34 productos] (sp550570813) - Comprardevoluciones - Tu tienda de Devoluciones de Amazon","robots":{"index":"noindex","follow":"follow"},"og_locale":"fr_FR","og_type":"article","og_title":"Caja de Herramientas [34 productos] (sp550570813) - Comprardevoluciones - Tu tienda de Devoluciones de Amazon","og_description":"Caja de Herramientas sin revisar procedente de devoluciones de marketplaces   N\u00famero de productos: 34  Valor aproximado: 814.00  Porcentaje que se paga: 19% + IVA  Tiempo de entrega estimado: 3 a 7 d\u00edas  *Los precios incluyen IVA","og_url":"https:\/\/comprardevoluciones.com\/producto\/sp550570813\/","og_site_name":"Comprardevoluciones - Tu tienda de Devoluciones de Amazon","og_image":[{"width":700,"height":700,"url":"https:\/\/comprardevoluciones.com\/wp-content\/uploads\/2025\/10\/sp550570813-1.jpg","type":"image\/jpeg"}],"twitter_card":"summary_large_image","twitter_misc":{"Dur\u00e9e de lecture estim\u00e9e":"4 minutes"},"schema":{"@context":"https:\/\/schema.org","@graph":[{"@type":"WebPage","@id":"https:\/\/comprardevoluciones.com\/producto\/sp550570813\/","url":"https:\/\/comprardevoluciones.com\/producto\/sp550570813\/","name":"Caja de Herramientas [34 productos] (sp550570813) - Comprardevoluciones - Tu tienda de Devoluciones de Amazon","isPartOf":{"@id":"https:\/\/comprardevoluciones.com\/#website"},"primaryImageOfPage":{"@id":"https:\/\/comprardevoluciones.com\/producto\/sp550570813\/#primaryimage"},"image":{"@id":"https:\/\/comprardevoluciones.com\/producto\/sp550570813\/#primaryimage"},"thumbnailUrl":"https:\/\/comprardevoluciones.com\/wp-content\/uploads\/2025\/10\/sp550570813-1.jpg","datePublished":"2025-11-03T10:00:13+00:00","breadcrumb":{"@id":"https:\/\/comprardevoluciones.com\/producto\/sp550570813\/#breadcrumb"},"inLanguage":"fr-FR","potentialAction":[{"@type":"ReadAction","target":["https:\/\/comprardevoluciones.com\/producto\/sp550570813\/"]}]},{"@type":"ImageObject","inLanguage":"fr-FR","@id":"https:\/\/comprardevoluciones.com\/producto\/sp550570813\/#primaryimage","url":"https:\/\/comprardevoluciones.com\/wp-content\/uploads\/2025\/10\/sp550570813-1.jpg","contentUrl":"https:\/\/comprardevoluciones.com\/wp-content\/uploads\/2025\/10\/sp550570813-1.jpg","width":700,"height":700},{"@type":"BreadcrumbList","@id":"https:\/\/comprardevoluciones.com\/producto\/sp550570813\/#breadcrumb","itemListElement":[{"@type":"ListItem","position":1,"name":"Portada","item":"https:\/\/comprardevoluciones.com\/fr\/"},{"@type":"ListItem","position":2,"name":"Shop","item":"https:\/\/comprardevoluciones.com\/fr\/shop\/"},{"@type":"ListItem","position":3,"name":"Caja de Herramientas [34 productos] (sp550570813)"}]},{"@type":"WebSite","@id":"https:\/\/comprardevoluciones.com\/#website","url":"https:\/\/comprardevoluciones.com\/","name":"Comprardevoluciones - Tu tienda de Devoluciones de Amazon","description":"Consigue Stock en buen estado a un precio imbatible","potentialAction":[{"@type":"SearchAction","target":{"@type":"EntryPoint","urlTemplate":"https:\/\/comprardevoluciones.com\/?s={search_term_string}"},"query-input":{"@type":"PropertyValueSpecification","valueRequired":true,"valueName":"search_term_string"}}],"inLanguage":"fr-FR"}]}},"_links":{"self":[{"href":"https:\/\/comprardevoluciones.com\/fr\/wp-json\/wp\/v2\/product\/138832","targetHints":{"allow":["GET"]}}],"collection":[{"href":"https:\/\/comprardevoluciones.com\/fr\/wp-json\/wp\/v2\/product"}],"about":[{"href":"https:\/\/comprardevoluciones.com\/fr\/wp-json\/wp\/v2\/types\/product"}],"wp:featuredmedia":[{"embeddable":true,"href":"https:\/\/comprardevoluciones.com\/fr\/wp-json\/wp\/v2\/media\/139436"}],"wp:attachment":[{"href":"https:\/\/comprardevoluciones.com\/fr\/wp-json\/wp\/v2\/media?parent=138832"}],"wp:term":[{"taxonomy":"product_brand","embeddable":true,"href":"https:\/\/comprardevoluciones.com\/fr\/wp-json\/wp\/v2\/product_brand?post=138832"},{"taxonomy":"product_cat","embeddable":true,"href":"https:\/\/comprardevoluciones.com\/fr\/wp-json\/wp\/v2\/product_cat?post=138832"},{"taxonomy":"product_tag","embeddable":true,"href":"https:\/\/comprardevoluciones.com\/fr\/wp-json\/wp\/v2\/product_tag?post=138832"}],"curies":[{"name":"wp","href":"https:\/\/api.w.org\/{rel}","templated":true}]}}