{"id":152864,"date":"2025-12-16T15:36:54","date_gmt":"2025-12-16T14:36:54","guid":{"rendered":"https:\/\/comprardevoluciones.com\/?post_type=product&#038;p=152864"},"modified":"2026-04-16T13:24:23","modified_gmt":"2026-04-16T12:24:23","slug":"sp10212616","status":"publish","type":"product","link":"https:\/\/comprardevoluciones.com\/fr\/producto\/sp10212616\/","title":{"rendered":"Caja de Placas Solares Autoinstalables de Liquidaci\u00f3n [2 productos] (sp10212616)"},"content":{"rendered":"<p>Descripci\u00f3n y valor aproximados<\/p>\n<table style=\"height: 169px;\" width=\"1127\">\n<tbody>\n<tr>\n<td><strong>CANTIDAD<\/strong><\/td>\n<td><strong>PRODUCTO<\/strong><\/td>\n<td><strong>VALOR\/UNIDAD (\u20ac)<\/strong><\/td>\n<td><strong>PAGAS\/UNIDAD (\u20ac)<\/strong><\/td>\n<\/tr>\n<tr>\n<td>1<\/td>\n<td><a class=\"ljoptimizer\" href=\"https:\/\/www.amazon.de\/Parkside-Balkonkraftwerk-PBKW-300-Einsatzbereites\/dp\/B0CX8Z2TRD?tag=amazon087683-21&amp;th=1\" target=\"_blank\" rel=\"nofollow noopener\">PARKSIDE Balkonkraftwerk PBKW 300 A1 Smart es un kit solar de balc\u00f3n con panel, inversor con WLAN y conexi\u00f3n para enchufe dom\u00e9stico, ideal para generar energ\u00eda (hasta ~300 W con m\u00f3dulo\u00a0adicional)<\/a><\/td>\n<td>199 \u20ac<\/td>\n<td>95\u20ac (IVA incluido)<\/td>\n<\/tr>\n<\/tbody>\n<\/table>\n","protected":false},"excerpt":{"rendered":"<p>Caja de Placas Solares Autoinstalables de Liquidaci\u00f3n. Producto nuevo y 100% funcional, con embalaje original, procedente de liquidaciones de Lidl.<\/p>\n<ul>\n<li>N\u00famero de productos: 2<\/li>\n<li>Valor aproximado: 199\u20ac<\/li>\n<li>Porcentaje que se paga: 39% + IVA<\/li>\n<li>Tiempo de entrega estimado: 3 a 7 d\u00edas<\/li>\n<li>El lote incluye 2 placas solares de 160W cada una, inversor 300W, cableado y soportes para instalacion.<\/li>\n<\/ul>\n<p>*Los precios incluyen IVA<\/p>\n","protected":false},"featured_media":152858,"template":"","meta":{"site-sidebar-layout":"default","site-content-layout":"","ast-site-content-layout":"default","site-content-style":"default","site-sidebar-style":"default","ast-global-header-display":"","ast-banner-title-visibility":"","ast-main-header-display":"","ast-hfb-above-header-display":"","ast-hfb-below-header-display":"","ast-hfb-mobile-header-display":"","site-post-title":"","ast-breadcrumbs-content":"","ast-featured-img":"","footer-sml-layout":"","ast-disable-related-posts":"","theme-transparent-header-meta":"default","adv-header-id-meta":"","stick-header-meta":"","header-above-stick-meta":"","header-main-stick-meta":"","header-below-stick-meta":"","astra-migrate-meta-layouts":"set","ast-page-background-enabled":"default","ast-page-background-meta":{"desktop":{"background-color":"var(--ast-global-color-4)","background-image":"","background-repeat":"repeat","background-position":"center center","background-size":"auto","background-attachment":"scroll","background-type":"","background-media":"","overlay-type":"","overlay-color":"","overlay-opacity":"","overlay-gradient":""},"tablet":{"background-color":"","background-image":"","background-repeat":"repeat","background-position":"center center","background-size":"auto","background-attachment":"scroll","background-type":"","background-media":"","overlay-type":"","overlay-color":"","overlay-opacity":"","overlay-gradient":""},"mobile":{"background-color":"","background-image":"","background-repeat":"repeat","background-position":"center center","background-size":"auto","background-attachment":"scroll","background-type":"","background-media":"","overlay-type":"","overlay-color":"","overlay-opacity":"","overlay-gradient":""}},"ast-content-background-meta":{"desktop":{"background-color":"var(--ast-global-color-5)","background-image":"","background-repeat":"repeat","background-position":"center center","background-size":"auto","background-attachment":"scroll","background-type":"","background-media":"","overlay-type":"","overlay-color":"","overlay-opacity":"","overlay-gradient":""},"tablet":{"background-color":"var(--ast-global-color-5)","background-image":"","background-repeat":"repeat","background-position":"center center","background-size":"auto","background-attachment":"scroll","background-type":"","background-media":"","overlay-type":"","overlay-color":"","overlay-opacity":"","overlay-gradient":""},"mobile":{"background-color":"var(--ast-global-color-5)","background-image":"","background-repeat":"repeat","background-position":"center center","background-size":"auto","background-attachment":"scroll","background-type":"","background-media":"","overlay-type":"","overlay-color":"","overlay-opacity":"","overlay-gradient":""}}},"product_brand":[],"product_cat":[49,60,43,220],"product_tag":[],"class_list":{"0":"post-152864","1":"product","2":"type-product","3":"status-publish","4":"has-post-thumbnail","6":"product_cat-cajas","7":"product_cat-destacados","8":"product_cat-hogar","9":"product_cat-liquidaciones","10":"product_shipping_class-caja","11":"desktop-align-left","12":"tablet-align-left","13":"mobile-align-left","15":"first","16":"instock","17":"sale","18":"taxable","19":"shipping-taxable","20":"purchasable","21":"product-type-simple"},"yoast_head":"<!-- This site is optimized with the Yoast SEO plugin v27.2 - https:\/\/yoast.com\/product\/yoast-seo-wordpress\/ -->\n<title>Caja de Placas Solares Autoinstalables de Liquidaci\u00f3n [2 productos] (sp10212616) - Comprardevoluciones - Tu tienda de Devoluciones de Amazon<\/title>\n<meta name=\"robots\" content=\"index, follow, max-snippet:-1, max-image-preview:large, max-video-preview:-1\" \/>\n<link rel=\"canonical\" href=\"https:\/\/comprardevoluciones.com\/producto\/sp10212616\/\" \/>\n<meta property=\"og:locale\" content=\"fr_FR\" \/>\n<meta property=\"og:type\" content=\"article\" \/>\n<meta property=\"og:title\" content=\"Caja de Placas Solares Autoinstalables de Liquidaci\u00f3n [2 productos] (sp10212616) - Comprardevoluciones - Tu tienda de Devoluciones de Amazon\" \/>\n<meta property=\"og:description\" content=\"Caja de Placas Solares Autoinstalables de Liquidaci\u00f3n. Producto nuevo y 100% funcional, con embalaje original, procedente de liquidaciones de Lidl.   N\u00famero de productos: 2  Valor aproximado: 199\u20ac  Porcentaje que se paga: 39% + IVA  Tiempo de entrega estimado: 3 a 7 d\u00edas  El lote incluye 2 placas solares de 160W cada una, inversor 300W, cableado y soportes para instalacion.  *Los precios incluyen IVA\" \/>\n<meta property=\"og:url\" content=\"https:\/\/comprardevoluciones.com\/producto\/sp10212616\/\" \/>\n<meta property=\"og:site_name\" content=\"Comprardevoluciones - Tu tienda de Devoluciones de Amazon\" \/>\n<meta property=\"article:modified_time\" content=\"2026-04-16T12:24:23+00:00\" \/>\n<meta property=\"og:image\" content=\"https:\/\/comprardevoluciones.com\/wp-content\/uploads\/2025\/12\/Placas-solares-3.jpg\" \/>\n\t<meta property=\"og:image:width\" content=\"700\" \/>\n\t<meta property=\"og:image:height\" content=\"700\" \/>\n\t<meta property=\"og:image:type\" content=\"image\/jpeg\" \/>\n<meta name=\"twitter:card\" content=\"summary_large_image\" \/>\n<meta name=\"twitter:label1\" content=\"Dur\u00e9e de lecture estim\u00e9e\" \/>\n\t<meta name=\"twitter:data1\" content=\"1 minute\" \/>\n<script type=\"application\/ld+json\" class=\"yoast-schema-graph\">{\"@context\":\"https:\/\/schema.org\",\"@graph\":[{\"@type\":\"WebPage\",\"@id\":\"https:\/\/comprardevoluciones.com\/producto\/sp10212616\/\",\"url\":\"https:\/\/comprardevoluciones.com\/producto\/sp10212616\/\",\"name\":\"Caja de Placas Solares Autoinstalables de Liquidaci\u00f3n [2 productos] (sp10212616) - Comprardevoluciones - Tu tienda de Devoluciones de Amazon\",\"isPartOf\":{\"@id\":\"https:\/\/comprardevoluciones.com\/#website\"},\"primaryImageOfPage\":{\"@id\":\"https:\/\/comprardevoluciones.com\/producto\/sp10212616\/#primaryimage\"},\"image\":{\"@id\":\"https:\/\/comprardevoluciones.com\/producto\/sp10212616\/#primaryimage\"},\"thumbnailUrl\":\"https:\/\/comprardevoluciones.com\/wp-content\/uploads\/2025\/12\/Placas-solares-3.jpg\",\"datePublished\":\"2025-12-16T14:36:54+00:00\",\"dateModified\":\"2026-04-16T12:24:23+00:00\",\"breadcrumb\":{\"@id\":\"https:\/\/comprardevoluciones.com\/producto\/sp10212616\/#breadcrumb\"},\"inLanguage\":\"fr-FR\",\"potentialAction\":[{\"@type\":\"ReadAction\",\"target\":[\"https:\/\/comprardevoluciones.com\/producto\/sp10212616\/\"]}]},{\"@type\":\"ImageObject\",\"inLanguage\":\"fr-FR\",\"@id\":\"https:\/\/comprardevoluciones.com\/producto\/sp10212616\/#primaryimage\",\"url\":\"https:\/\/comprardevoluciones.com\/wp-content\/uploads\/2025\/12\/Placas-solares-3.jpg\",\"contentUrl\":\"https:\/\/comprardevoluciones.com\/wp-content\/uploads\/2025\/12\/Placas-solares-3.jpg\",\"width\":700,\"height\":700,\"caption\":\"lotes devoluciones amazon\"},{\"@type\":\"BreadcrumbList\",\"@id\":\"https:\/\/comprardevoluciones.com\/producto\/sp10212616\/#breadcrumb\",\"itemListElement\":[{\"@type\":\"ListItem\",\"position\":1,\"name\":\"Portada\",\"item\":\"https:\/\/comprardevoluciones.com\/fr\/\"},{\"@type\":\"ListItem\",\"position\":2,\"name\":\"Shop\",\"item\":\"https:\/\/comprardevoluciones.com\/fr\/shop\/\"},{\"@type\":\"ListItem\",\"position\":3,\"name\":\"Caja de Placas Solares Autoinstalables de Liquidaci\u00f3n [2 productos] (sp10212616)\"}]},{\"@type\":\"WebSite\",\"@id\":\"https:\/\/comprardevoluciones.com\/#website\",\"url\":\"https:\/\/comprardevoluciones.com\/\",\"name\":\"Comprardevoluciones - Tu tienda de Devoluciones de Amazon\",\"description\":\"Consigue Stock en buen estado a un precio imbatible\",\"potentialAction\":[{\"@type\":\"SearchAction\",\"target\":{\"@type\":\"EntryPoint\",\"urlTemplate\":\"https:\/\/comprardevoluciones.com\/?s={search_term_string}\"},\"query-input\":{\"@type\":\"PropertyValueSpecification\",\"valueRequired\":true,\"valueName\":\"search_term_string\"}}],\"inLanguage\":\"fr-FR\"}]}<\/script>\n<!-- \/ Yoast SEO plugin. -->","yoast_head_json":{"title":"Caja de Placas Solares Autoinstalables de Liquidaci\u00f3n [2 productos] (sp10212616) - Comprardevoluciones - Tu tienda de Devoluciones de Amazon","robots":{"index":"index","follow":"follow","max-snippet":"max-snippet:-1","max-image-preview":"max-image-preview:large","max-video-preview":"max-video-preview:-1"},"canonical":"https:\/\/comprardevoluciones.com\/producto\/sp10212616\/","og_locale":"fr_FR","og_type":"article","og_title":"Caja de Placas Solares Autoinstalables de Liquidaci\u00f3n [2 productos] (sp10212616) - Comprardevoluciones - Tu tienda de Devoluciones de Amazon","og_description":"Caja de Placas Solares Autoinstalables de Liquidaci\u00f3n. Producto nuevo y 100% funcional, con embalaje original, procedente de liquidaciones de Lidl.   N\u00famero de productos: 2  Valor aproximado: 199\u20ac  Porcentaje que se paga: 39% + IVA  Tiempo de entrega estimado: 3 a 7 d\u00edas  El lote incluye 2 placas solares de 160W cada una, inversor 300W, cableado y soportes para instalacion.  *Los precios incluyen IVA","og_url":"https:\/\/comprardevoluciones.com\/producto\/sp10212616\/","og_site_name":"Comprardevoluciones - Tu tienda de Devoluciones de Amazon","article_modified_time":"2026-04-16T12:24:23+00:00","og_image":[{"width":700,"height":700,"url":"https:\/\/comprardevoluciones.com\/wp-content\/uploads\/2025\/12\/Placas-solares-3.jpg","type":"image\/jpeg"}],"twitter_card":"summary_large_image","twitter_misc":{"Dur\u00e9e de lecture estim\u00e9e":"1 minute"},"schema":{"@context":"https:\/\/schema.org","@graph":[{"@type":"WebPage","@id":"https:\/\/comprardevoluciones.com\/producto\/sp10212616\/","url":"https:\/\/comprardevoluciones.com\/producto\/sp10212616\/","name":"Caja de Placas Solares Autoinstalables de Liquidaci\u00f3n [2 productos] (sp10212616) - Comprardevoluciones - Tu tienda de Devoluciones de Amazon","isPartOf":{"@id":"https:\/\/comprardevoluciones.com\/#website"},"primaryImageOfPage":{"@id":"https:\/\/comprardevoluciones.com\/producto\/sp10212616\/#primaryimage"},"image":{"@id":"https:\/\/comprardevoluciones.com\/producto\/sp10212616\/#primaryimage"},"thumbnailUrl":"https:\/\/comprardevoluciones.com\/wp-content\/uploads\/2025\/12\/Placas-solares-3.jpg","datePublished":"2025-12-16T14:36:54+00:00","dateModified":"2026-04-16T12:24:23+00:00","breadcrumb":{"@id":"https:\/\/comprardevoluciones.com\/producto\/sp10212616\/#breadcrumb"},"inLanguage":"fr-FR","potentialAction":[{"@type":"ReadAction","target":["https:\/\/comprardevoluciones.com\/producto\/sp10212616\/"]}]},{"@type":"ImageObject","inLanguage":"fr-FR","@id":"https:\/\/comprardevoluciones.com\/producto\/sp10212616\/#primaryimage","url":"https:\/\/comprardevoluciones.com\/wp-content\/uploads\/2025\/12\/Placas-solares-3.jpg","contentUrl":"https:\/\/comprardevoluciones.com\/wp-content\/uploads\/2025\/12\/Placas-solares-3.jpg","width":700,"height":700,"caption":"lotes devoluciones amazon"},{"@type":"BreadcrumbList","@id":"https:\/\/comprardevoluciones.com\/producto\/sp10212616\/#breadcrumb","itemListElement":[{"@type":"ListItem","position":1,"name":"Portada","item":"https:\/\/comprardevoluciones.com\/fr\/"},{"@type":"ListItem","position":2,"name":"Shop","item":"https:\/\/comprardevoluciones.com\/fr\/shop\/"},{"@type":"ListItem","position":3,"name":"Caja de Placas Solares Autoinstalables de Liquidaci\u00f3n [2 productos] (sp10212616)"}]},{"@type":"WebSite","@id":"https:\/\/comprardevoluciones.com\/#website","url":"https:\/\/comprardevoluciones.com\/","name":"Comprardevoluciones - Tu tienda de Devoluciones de Amazon","description":"Consigue Stock en buen estado a un precio imbatible","potentialAction":[{"@type":"SearchAction","target":{"@type":"EntryPoint","urlTemplate":"https:\/\/comprardevoluciones.com\/?s={search_term_string}"},"query-input":{"@type":"PropertyValueSpecification","valueRequired":true,"valueName":"search_term_string"}}],"inLanguage":"fr-FR"}]}},"_links":{"self":[{"href":"https:\/\/comprardevoluciones.com\/fr\/wp-json\/wp\/v2\/product\/152864","targetHints":{"allow":["GET"]}}],"collection":[{"href":"https:\/\/comprardevoluciones.com\/fr\/wp-json\/wp\/v2\/product"}],"about":[{"href":"https:\/\/comprardevoluciones.com\/fr\/wp-json\/wp\/v2\/types\/product"}],"wp:featuredmedia":[{"embeddable":true,"href":"https:\/\/comprardevoluciones.com\/fr\/wp-json\/wp\/v2\/media\/152858"}],"wp:attachment":[{"href":"https:\/\/comprardevoluciones.com\/fr\/wp-json\/wp\/v2\/media?parent=152864"}],"wp:term":[{"taxonomy":"product_brand","embeddable":true,"href":"https:\/\/comprardevoluciones.com\/fr\/wp-json\/wp\/v2\/product_brand?post=152864"},{"taxonomy":"product_cat","embeddable":true,"href":"https:\/\/comprardevoluciones.com\/fr\/wp-json\/wp\/v2\/product_cat?post=152864"},{"taxonomy":"product_tag","embeddable":true,"href":"https:\/\/comprardevoluciones.com\/fr\/wp-json\/wp\/v2\/product_tag?post=152864"}],"curies":[{"name":"wp","href":"https:\/\/api.w.org\/{rel}","templated":true}]}}