{"id":161497,"date":"2026-02-25T10:59:06","date_gmt":"2026-02-25T09:59:06","guid":{"rendered":"https:\/\/comprardevoluciones.com\/?post_type=product&#038;p=161497"},"modified":"2026-03-03T12:51:15","modified_gmt":"2026-03-03T11:51:15","slug":"10223550","status":"publish","type":"product","link":"https:\/\/comprardevoluciones.com\/fr\/producto\/10223550\/","title":{"rendered":"Pal\u00e9 de Beb\u00e9 [21 productos] (10223550)"},"content":{"rendered":"<p>Descripci\u00f3n y valor aproximados<\/p>\n<table>\n<tbody>\n<tr>\n<td><strong>FUENTE<\/strong><\/td>\n<td><strong>PRODUCTO<\/strong><\/td>\n<td><strong>VALOR (\u20ac)<\/strong><\/td>\n<td><strong>PAGAS (\u20ac)<\/strong><\/td>\n<\/tr>\n<tr>\n<td>MARKETPLACES<\/td>\n<td><a class=\"ljoptimizer\" href=\"https:\/\/www.amazon.es\/dp\/B0CL7W4ZPN?tag=amazon087683-21&amp;th=1\" target=\"_blank\" rel=\"nofollow noopener\">BRITAX R\u00d6MER Kindersitz KIDFIX 2 Z-LINE, f\u00fcr Kinder von 100-150 cm (i-Size) mit und ohne ISOFIX, 3,5-12 Jahre, Midnight Grey<\/a><\/td>\n<td>230 \u20ac<\/td>\n<td>76 \u20ac<\/td>\n<\/tr>\n<tr>\n<td>MARKETPLACES<\/td>\n<td><a class=\"ljoptimizer\" href=\"https:\/\/www.amazon.es\/dp\/B0C6KZCY6Z?tag=amazon087683-21&amp;th=1\" target=\"_blank\" rel=\"nofollow noopener\">Chicco Unico EVO I&rsquo;Size Classic, Silla de Coche ISOFIX para Beb\u00e9s y Ni\u00f1os de 40 a 150 cm, Grupo 0123 Desde Reci\u00e9n Nacido hasta 12 A\u00f1os, Giratoria 360\u00ba, Reductor, Ajustable y Protecci\u00f3n Lateral, Negra<\/a><\/td>\n<td>229 \u20ac<\/td>\n<td>76 \u20ac<\/td>\n<\/tr>\n<tr>\n<td>MARKETPLACES<\/td>\n<td><a class=\"ljoptimizer\" href=\"https:\/\/www.amazon.es\/dp\/B0CV7Y2R2K?tag=amazon087683-21&amp;th=1\" target=\"_blank\" rel=\"nofollow noopener\">BabyBj\u00f6rn Sdraietta Bliss, Tessuto, Trapunto a petalo, Antracite<\/a><\/td>\n<td>191 \u20ac<\/td>\n<td>63 \u20ac<\/td>\n<\/tr>\n<tr>\n<td>MARKETPLACES<\/td>\n<td><a class=\"ljoptimizer\" href=\"https:\/\/www.amazon.es\/dp\/B088XC64H6?tag=amazon087683-21&amp;th=1\" target=\"_blank\" rel=\"nofollow noopener\">Maxi-Cosi Lara2, Silla de Paseo Ligera, 0-4 a\u00f1os, 0-22 kg, Silla Paseo Bebe, Silla Paseo Compacta, 3 Reclinaciones, Reclinaci\u00f3n Total, Plegado Autom\u00e1tico, Bandolera, Essential Graphite, 70x50x104cm<\/a><\/td>\n<td>179 \u20ac<\/td>\n<td>59 \u20ac<\/td>\n<\/tr>\n<tr>\n<td>MARKETPLACES<\/td>\n<td><a class=\"ljoptimizer\" href=\"https:\/\/www.amazon.es\/dp\/B0BDC44K8W?tag=amazon087683-21&amp;th=1\" target=\"_blank\" rel=\"nofollow noopener\">Britax R\u00f6mer Kindersitz ADVENTURE PLUS 2, f\u00fcr Kinder von 100-150 cm (i-Size), 3, 5-12 Jahre, Midnight Grey<\/a><\/td>\n<td>129 \u20ac<\/td>\n<td>43 \u20ac<\/td>\n<\/tr>\n<tr>\n<td>MARKETPLACES<\/td>\n<td><a class=\"ljoptimizer\" href=\"https:\/\/www.amazon.es\/dp\/B0CZ47FKZL?tag=amazon087683-21&amp;th=1\" target=\"_blank\" rel=\"nofollow noopener\">Maxi-Cosi Tanza i-Size, Klappbarer Kindersitz, 3,5-12 Jahren, 100\u2013150 cm, 10 Kopfst\u00fctzenpositionen, Tragbarer Reiseautositz, G-CELL Seitenaufprallschutz, Umweltfreundliche Produktion, Full Black<\/a><\/td>\n<td>85 \u20ac<\/td>\n<td>28 \u20ac<\/td>\n<\/tr>\n<tr>\n<td>MARKETPLACES<\/td>\n<td><a class=\"ljoptimizer\" href=\"https:\/\/www.amazon.es\/dp\/B0829K69VZ?tag=amazon087683-21&amp;th=1\" target=\"_blank\" rel=\"nofollow noopener\">kk Kinderkraft Kinderkraft Kinderbett 3 in 1 lOVI, Kinderreisebett, Stubenwagen, Babywiege, Baby Wippe, Zusammenklappbar, Einfach Transport, mit Zubeh\u00f6r, Tasche, Moskitonetz,von Geburt bis 9 kg, Grau<\/a><\/td>\n<td>75 \u20ac<\/td>\n<td>25 \u20ac<\/td>\n<\/tr>\n<tr>\n<td>MARKETPLACES<\/td>\n<td><a class=\"ljoptimizer\" href=\"https:\/\/www.amazon.es\/dp\/B0DYDY6C5Y?tag=amazon087683-21&amp;th=1\" target=\"_blank\" rel=\"nofollow noopener\">KikkaBoo Auto Kindersitz 9-36 kg i-PASS, Kindersitz ab 1 Jahr, Gruppe 1\/2\/3, 76\u2013150 cm (15 Monate &#8211; 12 Jahre), i-Size, 13-fach verstellbare Kopfst\u00fctze, Schwarz<\/a><\/td>\n<td>70 \u20ac<\/td>\n<td>23 \u20ac<\/td>\n<\/tr>\n<tr>\n<td>MARKETPLACES<\/td>\n<td><a class=\"ljoptimizer\" href=\"https:\/\/www.amazon.es\/dp\/B0DSW4NBGG?tag=amazon087683-21&amp;th=1\" target=\"_blank\" rel=\"nofollow noopener\">Safety 1st Barriera Letto Legno 110 cm, Sponda 18 Mesi &#8211; 5 Anni, Sbarra Letto Bambini, Paracolpi Anti Caduta in Legno Certificato FSC, Facile da Piegare e Conservare, Natural Wood<\/a><\/td>\n<td>67 \u20ac<\/td>\n<td>22 \u20ac<\/td>\n<\/tr>\n<tr>\n<td>MARKETPLACES<\/td>\n<td><a class=\"ljoptimizer\" href=\"https:\/\/www.amazon.es\/dp\/B091TXSDRX?tag=amazon087683-21&amp;th=1\" target=\"_blank\" rel=\"nofollow noopener\">LIONELO Roel parque infantil bebe de 6 meses a 15 kg Cubiertas antideslizantes para las patas forma hexagonal bloqueo de plegado LockGuard plegado r\u00e1pido bolsa de transporte<\/a><\/td>\n<td>60 \u20ac<\/td>\n<td>20 \u20ac<\/td>\n<\/tr>\n<tr>\n<td>MARKETPLACES<\/td>\n<td><a class=\"ljoptimizer\" href=\"https:\/\/www.amazon.es\/dp\/B07MPCCDM7?tag=amazon087683-21&amp;th=1\" target=\"_blank\" rel=\"nofollow noopener\">Baby Einstein, Gimansio de Actividades Musical para beb\u00e9s 4en1 Kickin&rsquo; Tunes con Piano, 70+ sonidos, 25+ min de m\u00fasica y luces, arco de juego, 7 juguetes extra\u00edbles, 4 idiomas, desde reci\u00e9n nacido<\/a><\/td>\n<td>60 \u20ac<\/td>\n<td>20 \u20ac<\/td>\n<\/tr>\n<tr>\n<td>MARKETPLACES<\/td>\n<td><a class=\"ljoptimizer\" href=\"https:\/\/www.amazon.es\/dp\/B0C5Y3ZXMN?tag=amazon087683-21&amp;th=1\" target=\"_blank\" rel=\"nofollow noopener\">Kinderkraft FOLDEE Trona Beb\u00e9, ergon\u00f3mica, c\u00f3moda, reclinable, plegable, con altura ajustable, reposapi\u00e9s, bandeja doble desmontable, para ni\u00f1os peque\u00f1os, de 6 meses a 3 a\u00f1os, Gris<\/a><\/td>\n<td>54 \u20ac<\/td>\n<td>18 \u20ac<\/td>\n<\/tr>\n<tr>\n<td>MARKETPLACES<\/td>\n<td><a class=\"ljoptimizer\" href=\"https:\/\/www.amazon.es\/dp\/B0CM41TS29?tag=amazon087683-21&amp;th=1\" target=\"_blank\" rel=\"nofollow noopener\">Kinderkraft Joy 2 Cuna de Viaje 3 en 1 para Beb\u00e9 de hasta 25 kg, Plegado r\u00e1pido y f\u00e1cil, Entrada Lateral, Bolsa de Viaje, Beige<\/a><\/td>\n<td>50 \u20ac<\/td>\n<td>16 \u20ac<\/td>\n<\/tr>\n<tr>\n<td>MARKETPLACES<\/td>\n<td><a class=\"ljoptimizer\" href=\"https:\/\/www.amazon.es\/dp\/B086XSX5KF?tag=amazon087683-21&amp;th=1\" target=\"_blank\" rel=\"nofollow noopener\">Fisher-Price Cebra parlanchina primeros pasos, andador correpasillos beb\u00e9 +6 meses, versi\u00f3n espa\u00f1ol, embalaje reducido GXC34<\/a><\/td>\n<td>40 \u20ac<\/td>\n<td>13 \u20ac<\/td>\n<\/tr>\n<tr>\n<td>MARKETPLACES<\/td>\n<td><a class=\"ljoptimizer\" href=\"https:\/\/www.amazon.es\/dp\/B0DQ7Z3FB6?tag=amazon087683-21&amp;th=1\" target=\"_blank\" rel=\"nofollow noopener\">FANTASK Lauflernwagen Holz, 2-in-1 Baby Walker, Lauflernhilfe mit Multi-Aktivit\u00e4tszentrum &amp; Werkbank, Laufwagen f\u00fcr Kinder ab 1 Jahr Indoor<\/a><\/td>\n<td>39 \u20ac<\/td>\n<td>13 \u20ac<\/td>\n<\/tr>\n<tr>\n<td>MARKETPLACES<\/td>\n<td><a class=\"ljoptimizer\" href=\"https:\/\/www.amazon.es\/dp\/B00O50YUHA?tag=amazon087683-21&amp;th=1\" target=\"_blank\" rel=\"nofollow noopener\">Safety 1st Auto Close, Barrera Seguridad Ni\u00f1os Escalera a Presi\u00f3n, 73\u201380cm (m\u00e1x. 136cm), Valla Seguridad Infantil Autom\u00e1tica, Apertura Una Mano, Sin Tornillos (Sin Taladros), Doble Bloqueo, Blanca<\/a><\/td>\n<td>38 \u20ac<\/td>\n<td>13 \u20ac<\/td>\n<\/tr>\n<tr>\n<td>MARKETPLACES<\/td>\n<td><a class=\"ljoptimizer\" href=\"https:\/\/www.amazon.es\/dp\/B0C4THNWQ6?tag=amazon087683-21&amp;th=1\" target=\"_blank\" rel=\"nofollow noopener\">Jan\u00e9 Barrera de Cama Abatible, Largo 140 cm, Bolsa Transporte, Dise\u00f1o Extra Alto, Transpirable, Gris<\/a><\/td>\n<td>37 \u20ac<\/td>\n<td>12 \u20ac<\/td>\n<\/tr>\n<tr>\n<td>MARKETPLACES<\/td>\n<td><a class=\"ljoptimizer\" href=\"https:\/\/www.amazon.es\/dp\/B07FQMGGZ7?tag=amazon087683-21&amp;th=1\" target=\"_blank\" rel=\"nofollow noopener\">Interbaby Barrera Seguridad Ni\u00f1os Cama Abatible 150 cm | Ni\u00f1os Entre 18 Meses y 5 A\u00f1os | Barandilla Cama Ni\u00f1o de F\u00e1cil Instalaci\u00f3n, Seguridad, Compatible con Camas Nido | Jirafa<\/a><\/td>\n<td>35 \u20ac<\/td>\n<td>12 \u20ac<\/td>\n<\/tr>\n<tr>\n<td>MARKETPLACES<\/td>\n<td><a class=\"ljoptimizer\" href=\"https:\/\/www.amazon.es\/dp\/B089F1WGF3?tag=amazon087683-21&amp;th=1\" target=\"_blank\" rel=\"nofollow noopener\">Suavinex Pack 14 x 60 Toallitas para beb\u00e9 (840 unidades), Dermohidratantes, Aptas para pieles at\u00f3picas, Aptas Reci\u00e9n Nacido, Aptas Manos y Cara, 95% Ingredientes de origen natural, 840 Unidades<\/a><\/td>\n<td>28 \u20ac<\/td>\n<td>9 \u20ac<\/td>\n<\/tr>\n<tr>\n<td>MARKETPLACES<\/td>\n<td><a class=\"ljoptimizer\" href=\"https:\/\/www.amazon.es\/dp\/B00EVR5KN0?tag=amazon087683-21&amp;th=1\" target=\"_blank\" rel=\"nofollow noopener\">Safety 1st Easy Close Extensi\u00f3n Barrera Met\u00e1lica 14cm, Sin Taladros, Extensi\u00f3n Valla Seguridad Infantil, F\u00e1cil Instalar, Extensi\u00f3n Barrera Seguridad Ni\u00f1os Escalera, Ajuste a Presi\u00f3n, Blanco<\/a><\/td>\n<td>18 \u20ac<\/td>\n<td>6 \u20ac<\/td>\n<\/tr>\n<tr>\n<td>MARKETPLACES<\/td>\n<td><a class=\"ljoptimizer\" href=\"https:\/\/www.amazon.es\/dp\/B00EVR5KO4?tag=amazon087683-21&amp;th=1\" target=\"_blank\" rel=\"nofollow noopener\">Safety 1st Easy Close Extensi\u00f3n Barrera Met\u00e1lica 7cm, Sin Taladros, Extensi\u00f3n Valla Seguridad Infantil, F\u00e1cil Instalar, Ampliaci\u00f3n Barrera Seguridad Ni\u00f1os Escalera, Ajuste a Presi\u00f3n, Blanco<\/a><\/td>\n<td>12 \u20ac<\/td>\n<td>4 \u20ac<\/td>\n<\/tr>\n<\/tbody>\n<\/table>\n","protected":false},"excerpt":{"rendered":"<p>Pal\u00e9 de Beb\u00e9 sin revisar procedente de devoluciones de marketplaces<\/p>\n<ul>\n<li>N\u00famero de productos: 21<\/li>\n<li>Valor aproximado: 1726.00<\/li>\n<li>Porcentaje que se paga: 27% + IVA<\/li>\n<li>Tiempo de entrega estimado: 3 a 7 d\u00edas<\/li>\n<\/ul>\n<p>*Los precios incluyen IVA<\/p>\n","protected":false},"featured_media":161634,"template":"","meta":{"site-sidebar-layout":"default","site-content-layout":"","ast-site-content-layout":"default","site-content-style":"default","site-sidebar-style":"default","ast-global-header-display":"","ast-banner-title-visibility":"","ast-main-header-display":"","ast-hfb-above-header-display":"","ast-hfb-below-header-display":"","ast-hfb-mobile-header-display":"","site-post-title":"","ast-breadcrumbs-content":"","ast-featured-img":"","footer-sml-layout":"","ast-disable-related-posts":"","theme-transparent-header-meta":"default","adv-header-id-meta":"","stick-header-meta":"","header-above-stick-meta":"","header-main-stick-meta":"","header-below-stick-meta":"","astra-migrate-meta-layouts":"set","ast-page-background-enabled":"default","ast-page-background-meta":{"desktop":{"background-color":"var(--ast-global-color-4)","background-image":"","background-repeat":"repeat","background-position":"center center","background-size":"auto","background-attachment":"scroll","background-type":"","background-media":"","overlay-type":"","overlay-color":"","overlay-opacity":"","overlay-gradient":""},"tablet":{"background-color":"","background-image":"","background-repeat":"repeat","background-position":"center center","background-size":"auto","background-attachment":"scroll","background-type":"","background-media":"","overlay-type":"","overlay-color":"","overlay-opacity":"","overlay-gradient":""},"mobile":{"background-color":"","background-image":"","background-repeat":"repeat","background-position":"center center","background-size":"auto","background-attachment":"scroll","background-type":"","background-media":"","overlay-type":"","overlay-color":"","overlay-opacity":"","overlay-gradient":""}},"ast-content-background-meta":{"desktop":{"background-color":"var(--ast-global-color-5)","background-image":"","background-repeat":"repeat","background-position":"center center","background-size":"auto","background-attachment":"scroll","background-type":"","background-media":"","overlay-type":"","overlay-color":"","overlay-opacity":"","overlay-gradient":""},"tablet":{"background-color":"var(--ast-global-color-5)","background-image":"","background-repeat":"repeat","background-position":"center center","background-size":"auto","background-attachment":"scroll","background-type":"","background-media":"","overlay-type":"","overlay-color":"","overlay-opacity":"","overlay-gradient":""},"mobile":{"background-color":"var(--ast-global-color-5)","background-image":"","background-repeat":"repeat","background-position":"center center","background-size":"auto","background-attachment":"scroll","background-type":"","background-media":"","overlay-type":"","overlay-color":"","overlay-opacity":"","overlay-gradient":""}}},"product_brand":[],"product_cat":[52,65],"product_tag":[],"class_list":{"0":"post-161497","1":"product","2":"type-product","3":"status-publish","4":"has-post-thumbnail","6":"product_cat-bebe","7":"product_cat-pales","8":"product_shipping_class-pale","9":"desktop-align-left","10":"tablet-align-left","11":"mobile-align-left","13":"first","14":"outofstock","15":"sale","16":"downloadable","17":"taxable","18":"shipping-taxable","19":"purchasable","20":"product-type-simple"},"yoast_head":"<!-- This site is optimized with the Yoast SEO plugin v27.2 - https:\/\/yoast.com\/product\/yoast-seo-wordpress\/ -->\n<title>Pal\u00e9 de Beb\u00e9 [21 productos] (10223550) - Comprardevoluciones - Tu tienda de Devoluciones de Amazon<\/title>\n<meta name=\"robots\" content=\"noindex, follow\" \/>\n<meta property=\"og:locale\" content=\"fr_FR\" \/>\n<meta property=\"og:type\" content=\"article\" \/>\n<meta property=\"og:title\" content=\"Pal\u00e9 de Beb\u00e9 [21 productos] (10223550) - Comprardevoluciones - Tu tienda de Devoluciones de Amazon\" \/>\n<meta property=\"og:description\" content=\"Pal\u00e9 de Beb\u00e9 sin revisar procedente de devoluciones de marketplaces   N\u00famero de productos: 21  Valor aproximado: 1726.00  Porcentaje que se paga: 27% + IVA  Tiempo de entrega estimado: 3 a 7 d\u00edas  *Los precios incluyen IVA\" \/>\n<meta property=\"og:url\" content=\"https:\/\/comprardevoluciones.com\/producto\/10223550\/\" \/>\n<meta property=\"og:site_name\" content=\"Comprardevoluciones - Tu tienda de Devoluciones de Amazon\" \/>\n<meta property=\"article:modified_time\" content=\"2026-03-03T11:51:15+00:00\" \/>\n<meta property=\"og:image\" content=\"https:\/\/comprardevoluciones.com\/wp-content\/uploads\/2026\/02\/10223550.jpg\" \/>\n\t<meta property=\"og:image:width\" content=\"700\" \/>\n\t<meta property=\"og:image:height\" content=\"700\" \/>\n\t<meta property=\"og:image:type\" content=\"image\/jpeg\" \/>\n<meta name=\"twitter:card\" content=\"summary_large_image\" \/>\n<meta name=\"twitter:label1\" content=\"Dur\u00e9e de lecture estim\u00e9e\" \/>\n\t<meta name=\"twitter:data1\" content=\"3 minutes\" \/>\n<script type=\"application\/ld+json\" class=\"yoast-schema-graph\">{\"@context\":\"https:\/\/schema.org\",\"@graph\":[{\"@type\":\"WebPage\",\"@id\":\"https:\/\/comprardevoluciones.com\/producto\/10223550\/\",\"url\":\"https:\/\/comprardevoluciones.com\/producto\/10223550\/\",\"name\":\"Pal\u00e9 de Beb\u00e9 [21 productos] (10223550) - Comprardevoluciones - Tu tienda de Devoluciones de Amazon\",\"isPartOf\":{\"@id\":\"https:\/\/comprardevoluciones.com\/#website\"},\"primaryImageOfPage\":{\"@id\":\"https:\/\/comprardevoluciones.com\/producto\/10223550\/#primaryimage\"},\"image\":{\"@id\":\"https:\/\/comprardevoluciones.com\/producto\/10223550\/#primaryimage\"},\"thumbnailUrl\":\"https:\/\/comprardevoluciones.com\/wp-content\/uploads\/2026\/02\/10223550.jpg\",\"datePublished\":\"2026-02-25T09:59:06+00:00\",\"dateModified\":\"2026-03-03T11:51:15+00:00\",\"breadcrumb\":{\"@id\":\"https:\/\/comprardevoluciones.com\/producto\/10223550\/#breadcrumb\"},\"inLanguage\":\"fr-FR\",\"potentialAction\":[{\"@type\":\"ReadAction\",\"target\":[\"https:\/\/comprardevoluciones.com\/producto\/10223550\/\"]}]},{\"@type\":\"ImageObject\",\"inLanguage\":\"fr-FR\",\"@id\":\"https:\/\/comprardevoluciones.com\/producto\/10223550\/#primaryimage\",\"url\":\"https:\/\/comprardevoluciones.com\/wp-content\/uploads\/2026\/02\/10223550.jpg\",\"contentUrl\":\"https:\/\/comprardevoluciones.com\/wp-content\/uploads\/2026\/02\/10223550.jpg\",\"width\":700,\"height\":700},{\"@type\":\"BreadcrumbList\",\"@id\":\"https:\/\/comprardevoluciones.com\/producto\/10223550\/#breadcrumb\",\"itemListElement\":[{\"@type\":\"ListItem\",\"position\":1,\"name\":\"Portada\",\"item\":\"https:\/\/comprardevoluciones.com\/fr\/\"},{\"@type\":\"ListItem\",\"position\":2,\"name\":\"Shop\",\"item\":\"https:\/\/comprardevoluciones.com\/fr\/shop\/\"},{\"@type\":\"ListItem\",\"position\":3,\"name\":\"Pal\u00e9 de Beb\u00e9 [21 productos] (10223550)\"}]},{\"@type\":\"WebSite\",\"@id\":\"https:\/\/comprardevoluciones.com\/#website\",\"url\":\"https:\/\/comprardevoluciones.com\/\",\"name\":\"Comprardevoluciones - Tu tienda de Devoluciones de Amazon\",\"description\":\"Consigue Stock en buen estado a un precio imbatible\",\"potentialAction\":[{\"@type\":\"SearchAction\",\"target\":{\"@type\":\"EntryPoint\",\"urlTemplate\":\"https:\/\/comprardevoluciones.com\/?s={search_term_string}\"},\"query-input\":{\"@type\":\"PropertyValueSpecification\",\"valueRequired\":true,\"valueName\":\"search_term_string\"}}],\"inLanguage\":\"fr-FR\"}]}<\/script>\n<!-- \/ Yoast SEO plugin. -->","yoast_head_json":{"title":"Pal\u00e9 de Beb\u00e9 [21 productos] (10223550) - Comprardevoluciones - Tu tienda de Devoluciones de Amazon","robots":{"index":"noindex","follow":"follow"},"og_locale":"fr_FR","og_type":"article","og_title":"Pal\u00e9 de Beb\u00e9 [21 productos] (10223550) - Comprardevoluciones - Tu tienda de Devoluciones de Amazon","og_description":"Pal\u00e9 de Beb\u00e9 sin revisar procedente de devoluciones de marketplaces   N\u00famero de productos: 21  Valor aproximado: 1726.00  Porcentaje que se paga: 27% + IVA  Tiempo de entrega estimado: 3 a 7 d\u00edas  *Los precios incluyen IVA","og_url":"https:\/\/comprardevoluciones.com\/producto\/10223550\/","og_site_name":"Comprardevoluciones - Tu tienda de Devoluciones de Amazon","article_modified_time":"2026-03-03T11:51:15+00:00","og_image":[{"width":700,"height":700,"url":"https:\/\/comprardevoluciones.com\/wp-content\/uploads\/2026\/02\/10223550.jpg","type":"image\/jpeg"}],"twitter_card":"summary_large_image","twitter_misc":{"Dur\u00e9e de lecture estim\u00e9e":"3 minutes"},"schema":{"@context":"https:\/\/schema.org","@graph":[{"@type":"WebPage","@id":"https:\/\/comprardevoluciones.com\/producto\/10223550\/","url":"https:\/\/comprardevoluciones.com\/producto\/10223550\/","name":"Pal\u00e9 de Beb\u00e9 [21 productos] (10223550) - Comprardevoluciones - Tu tienda de Devoluciones de Amazon","isPartOf":{"@id":"https:\/\/comprardevoluciones.com\/#website"},"primaryImageOfPage":{"@id":"https:\/\/comprardevoluciones.com\/producto\/10223550\/#primaryimage"},"image":{"@id":"https:\/\/comprardevoluciones.com\/producto\/10223550\/#primaryimage"},"thumbnailUrl":"https:\/\/comprardevoluciones.com\/wp-content\/uploads\/2026\/02\/10223550.jpg","datePublished":"2026-02-25T09:59:06+00:00","dateModified":"2026-03-03T11:51:15+00:00","breadcrumb":{"@id":"https:\/\/comprardevoluciones.com\/producto\/10223550\/#breadcrumb"},"inLanguage":"fr-FR","potentialAction":[{"@type":"ReadAction","target":["https:\/\/comprardevoluciones.com\/producto\/10223550\/"]}]},{"@type":"ImageObject","inLanguage":"fr-FR","@id":"https:\/\/comprardevoluciones.com\/producto\/10223550\/#primaryimage","url":"https:\/\/comprardevoluciones.com\/wp-content\/uploads\/2026\/02\/10223550.jpg","contentUrl":"https:\/\/comprardevoluciones.com\/wp-content\/uploads\/2026\/02\/10223550.jpg","width":700,"height":700},{"@type":"BreadcrumbList","@id":"https:\/\/comprardevoluciones.com\/producto\/10223550\/#breadcrumb","itemListElement":[{"@type":"ListItem","position":1,"name":"Portada","item":"https:\/\/comprardevoluciones.com\/fr\/"},{"@type":"ListItem","position":2,"name":"Shop","item":"https:\/\/comprardevoluciones.com\/fr\/shop\/"},{"@type":"ListItem","position":3,"name":"Pal\u00e9 de Beb\u00e9 [21 productos] (10223550)"}]},{"@type":"WebSite","@id":"https:\/\/comprardevoluciones.com\/#website","url":"https:\/\/comprardevoluciones.com\/","name":"Comprardevoluciones - Tu tienda de Devoluciones de Amazon","description":"Consigue Stock en buen estado a un precio imbatible","potentialAction":[{"@type":"SearchAction","target":{"@type":"EntryPoint","urlTemplate":"https:\/\/comprardevoluciones.com\/?s={search_term_string}"},"query-input":{"@type":"PropertyValueSpecification","valueRequired":true,"valueName":"search_term_string"}}],"inLanguage":"fr-FR"}]}},"_links":{"self":[{"href":"https:\/\/comprardevoluciones.com\/fr\/wp-json\/wp\/v2\/product\/161497","targetHints":{"allow":["GET"]}}],"collection":[{"href":"https:\/\/comprardevoluciones.com\/fr\/wp-json\/wp\/v2\/product"}],"about":[{"href":"https:\/\/comprardevoluciones.com\/fr\/wp-json\/wp\/v2\/types\/product"}],"wp:featuredmedia":[{"embeddable":true,"href":"https:\/\/comprardevoluciones.com\/fr\/wp-json\/wp\/v2\/media\/161634"}],"wp:attachment":[{"href":"https:\/\/comprardevoluciones.com\/fr\/wp-json\/wp\/v2\/media?parent=161497"}],"wp:term":[{"taxonomy":"product_brand","embeddable":true,"href":"https:\/\/comprardevoluciones.com\/fr\/wp-json\/wp\/v2\/product_brand?post=161497"},{"taxonomy":"product_cat","embeddable":true,"href":"https:\/\/comprardevoluciones.com\/fr\/wp-json\/wp\/v2\/product_cat?post=161497"},{"taxonomy":"product_tag","embeddable":true,"href":"https:\/\/comprardevoluciones.com\/fr\/wp-json\/wp\/v2\/product_tag?post=161497"}],"curies":[{"name":"wp","href":"https:\/\/api.w.org\/{rel}","templated":true}]}}