{"id":165828,"date":"2026-04-01T09:30:02","date_gmt":"2026-04-01T08:30:02","guid":{"rendered":"https:\/\/comprardevoluciones.com\/?post_type=product&#038;p=165828"},"modified":"2026-04-01T10:04:15","modified_gmt":"2026-04-01T09:04:15","slug":"10226773","status":"publish","type":"product","link":"https:\/\/comprardevoluciones.com\/fr\/producto\/10226773\/","title":{"rendered":"Pal\u00e9 de Herramientas [35 productos] (10226773)"},"content":{"rendered":"<p>Descripci\u00f3n y valor aproximados<\/p>\n<table>\n<tbody>\n<tr>\n<td><strong>FUENTE<\/strong><\/td>\n<td><strong>PRODUCTO<\/strong><\/td>\n<td><strong>VALOR (\u20ac)<\/strong><\/td>\n<td><strong>PAGAS (\u20ac)<\/strong><\/td>\n<\/tr>\n<tr>\n<td>MARKETPLACES<\/td>\n<td><a class=\"ljoptimizer\" href=\"https:\/\/www.amazon.es\/dp\/B09MD5XY39?tag=amazon087683-21&amp;th=1\" target=\"_blank\" rel=\"nofollow noopener\">K\u00e4rcher, Aspirador en Seco y H\u00famedo WD 6 P S V-30\/6\/22\/T, Filtro cartucho, 1300 W, Manguera aspiraci\u00f3n 2 m y almacenamiento manguera, Funci\u00f3n soplado, Yellow\/Black, Dep\u00f3sito 30 l<\/a><\/td>\n<td>278 \u20ac<\/td>\n<td>64 \u20ac<\/td>\n<\/tr>\n<tr>\n<td>MARKETPLACES<\/td>\n<td><a class=\"ljoptimizer\" href=\"https:\/\/www.amazon.es\/dp\/B0034JU2QG?tag=amazon087683-21&amp;th=1\" target=\"_blank\" rel=\"nofollow noopener\">BLANCO LINUS-S 512402 Grifer\u00eda de cocina, cromo<\/a><\/td>\n<td>229 \u20ac<\/td>\n<td>53 \u20ac<\/td>\n<\/tr>\n<tr>\n<td>MARKETPLACES<\/td>\n<td><a class=\"ljoptimizer\" href=\"https:\/\/www.amazon.es\/dp\/B0FL2VXN1G?tag=amazon087683-21&amp;th=1\" target=\"_blank\" rel=\"nofollow noopener\">GROHE Dice Mezclador de Lavabo XL Cuerpo Liso para Lavabos Exentos (Cartucho Cer\u00e1mico 28 mm, Ahorro de Agua, Conexiones 3\/8&Prime;, F\u00e1cil de Instalar QuickTool Incluido), Negro Mate, 1018922430<\/a><\/td>\n<td>206 \u20ac<\/td>\n<td>47 \u20ac<\/td>\n<\/tr>\n<tr>\n<td>MARKETPLACES<\/td>\n<td><a class=\"ljoptimizer\" href=\"https:\/\/www.amazon.es\/dp\/B002ECVO52?tag=amazon087683-21&amp;th=1\" target=\"_blank\" rel=\"nofollow noopener\">Aktobis Ventilador axial profesional WDH-SHT28 con carcasa met\u00e1lica y una circulaci\u00f3n de aire m\u00e1xima de 2.800 m3\/h<\/a><\/td>\n<td>163 \u20ac<\/td>\n<td>38 \u20ac<\/td>\n<\/tr>\n<tr>\n<td>MARKETPLACES<\/td>\n<td><a class=\"ljoptimizer\" href=\"https:\/\/www.amazon.es\/dp\/B0D9YBQXH9?tag=amazon087683-21&amp;th=1\" target=\"_blank\" rel=\"nofollow noopener\">VEVOR Calentador de Toallas 25 L con Pantalla LED y Columnas Calefactoras en Parte Inferior Calentador de Toallas Inteligente con Temporizador Ajustable para Ba\u00f1o, Manta y Pijama, Apagado Autom\u00e1tico<\/a><\/td>\n<td>136 \u20ac<\/td>\n<td>31 \u20ac<\/td>\n<\/tr>\n<tr>\n<td>MARKETPLACES<\/td>\n<td><a class=\"ljoptimizer\" href=\"https:\/\/www.amazon.es\/dp\/B07RBXNGW6?tag=amazon087683-21&amp;th=1\" target=\"_blank\" rel=\"nofollow noopener\">BREMER SITZBEZ\u00dcGE Cortinas a medida, protecci\u00f3n solar, compatibles con Mercedes Vito Viano W639, distancia entre ejes corta 2003 \u2013 2014, en gris, accesorios para camping, accesorios para autocaravana,<\/a><\/td>\n<td>129 \u20ac<\/td>\n<td>30 \u20ac<\/td>\n<\/tr>\n<tr>\n<td>MARKETPLACES<\/td>\n<td><a class=\"ljoptimizer\" href=\"https:\/\/www.amazon.es\/dp\/B09JGNMYHL?tag=amazon087683-21&amp;th=1\" target=\"_blank\" rel=\"nofollow noopener\">Diadema suave y elevadora de agua e-wiwa, 34,6 x 46,3 x 10 cm<\/a><\/td>\n<td>128 \u20ac<\/td>\n<td>30 \u20ac<\/td>\n<\/tr>\n<tr>\n<td>MARKETPLACES<\/td>\n<td><a class=\"ljoptimizer\" href=\"https:\/\/www.amazon.es\/dp\/B0DX73F4VX?tag=amazon087683-21&amp;th=1\" target=\"_blank\" rel=\"nofollow noopener\">Aire Acondicionado Portatil Silencioso, 3 en 1 Enfriador de Aire Evaporativo Sin Tubo Exterior, 6L Tanque Agua, 3 Velocidades Viento, Temporizador 1-15H, Control Remoto 8M, Oscilaci\u00f3n, Hogar Oficin<\/a><\/td>\n<td>105 \u20ac<\/td>\n<td>24 \u20ac<\/td>\n<\/tr>\n<tr>\n<td>MARKETPLACES<\/td>\n<td><a class=\"ljoptimizer\" href=\"https:\/\/www.amazon.es\/dp\/B07MYZXMX5?tag=amazon087683-21&amp;th=1\" target=\"_blank\" rel=\"nofollow noopener\">Bremer SITZBEZ\u00dcGE Fundas de Asiento para piloto compatibles con Autocaravana, Camper Ducato, Conductor y Pasajero 828, Juego de Fundas en Beige\/Negro<\/a><\/td>\n<td>96 \u20ac<\/td>\n<td>22 \u20ac<\/td>\n<\/tr>\n<tr>\n<td>MARKETPLACES<\/td>\n<td><a class=\"ljoptimizer\" href=\"https:\/\/www.amazon.es\/dp\/B00IUPKTFS?tag=amazon087683-21&amp;th=1\" target=\"_blank\" rel=\"nofollow noopener\">HENDI Sart\u00e9n el\u00e9ctrica multiusos, paellera cazuela olla plancha, de fiestas, revestimiento antiadherente, termostato, con tapa, interior: \u00f855cm profundidad: 6cm, 230V, 1600W, \u00f8620x(H)190mm, aluminio<\/a><\/td>\n<td>91 \u20ac<\/td>\n<td>21 \u20ac<\/td>\n<\/tr>\n<tr>\n<td>MARKETPLACES<\/td>\n<td><a class=\"ljoptimizer\" href=\"https:\/\/www.amazon.es\/dp\/B0F1TGQSB2?tag=amazon087683-21&amp;th=1\" target=\"_blank\" rel=\"nofollow noopener\">3-H Puntales Extensibles Reforzados 4 Piezas, 115-290cm Puntal Telescopico Extensible Acero Robusto Carga 50KG Puntales de Obra Ajustable Puntal Expansion Telescopico para Techo Construcci\u00f3n Obras<\/a><\/td>\n<td>90 \u20ac<\/td>\n<td>21 \u20ac<\/td>\n<\/tr>\n<tr>\n<td>MARKETPLACES<\/td>\n<td><a class=\"ljoptimizer\" href=\"https:\/\/www.amazon.es\/dp\/B0CHJBHHBL?tag=amazon087683-21&amp;th=1\" target=\"_blank\" rel=\"nofollow noopener\">VEVOR Cortador de Verduras de Multifunci\u00f3n Profesional Manual con 4 Cuchillas de Acero Inoxidable 12,7\/6,4\/9,5 mm y 6 Cuchillas de Repuesto para Rebanar Palitos de Frutas Restaurante de Cocina<\/a><\/td>\n<td>84 \u20ac<\/td>\n<td>19 \u20ac<\/td>\n<\/tr>\n<tr>\n<td>MARKETPLACES<\/td>\n<td><a class=\"ljoptimizer\" href=\"https:\/\/www.amazon.es\/dp\/B09Q3LPC7G?tag=amazon087683-21&amp;th=1\" target=\"_blank\" rel=\"nofollow noopener\">Sch\u00fctte 81001-A Bamb\u00fa S\u00f3lido Tapa Sostenible Madera Fabricado Adecuado para Todos los Est\u00e1ndares Carga M\u00e1xima Asiento Inodoro 150kg<\/a><\/td>\n<td>83 \u20ac<\/td>\n<td>19 \u20ac<\/td>\n<\/tr>\n<tr>\n<td>MARKETPLACES<\/td>\n<td><a class=\"ljoptimizer\" href=\"https:\/\/www.amazon.es\/dp\/B0C6TCZKW5?tag=amazon087683-21&amp;th=1\" target=\"_blank\" rel=\"nofollow noopener\">VEVOR Carrete de Manguera Retr\u00e1ctil Giratorio de 180\u00b0 Carrete Autom\u00e1tico de Manguera Montado en Pared Manguera Enrollable Autom\u00e1tica 25 m x 12 mm para Regar C\u00e9sped Jard\u00edn, Lavar Auto, Ba\u00f1ar Mascota<\/a><\/td>\n<td>64 \u20ac<\/td>\n<td>15 \u20ac<\/td>\n<\/tr>\n<tr>\n<td>MARKETPLACES<\/td>\n<td><a class=\"ljoptimizer\" href=\"https:\/\/www.amazon.es\/dp\/B07XNXJWYB?tag=amazon087683-21&amp;th=1\" target=\"_blank\" rel=\"nofollow noopener\">GRIFEMA G4010B-2 Grifo de Cocina Osmosis con 2 Salidas, Grifos Cocina Fregadero Giratorio a 360\u00b0, Lat\u00f3n, Negro [Exclusivo en Amazon]<\/a><\/td>\n<td>63 \u20ac<\/td>\n<td>14 \u20ac<\/td>\n<\/tr>\n<tr>\n<td>MARKETPLACES<\/td>\n<td><a class=\"ljoptimizer\" href=\"https:\/\/www.amazon.es\/dp\/B08CZTK7G1?tag=amazon087683-21&amp;th=1\" target=\"_blank\" rel=\"nofollow noopener\">EMUCA &#8211; Cubos de Basura bajo Fregadero con fijaci\u00f3n Inferior para Cocina, 2 contenedores de Reciclaje extraibles, Capacidad Total 30L (2 x 15 L), Acero y pl\u00e1stico, Gris Antracita.<\/a><\/td>\n<td>48 \u20ac<\/td>\n<td>11 \u20ac<\/td>\n<\/tr>\n<tr>\n<td>MARKETPLACES<\/td>\n<td><a class=\"ljoptimizer\" href=\"https:\/\/www.amazon.es\/dp\/B01NAIDEE6?tag=amazon087683-21&amp;th=1\" target=\"_blank\" rel=\"nofollow noopener\">Oregon 584145 Caballete de Acero para Cortar Madera, Plegable y Ajustable, Capacidad para Troncos de 27 cm<\/a><\/td>\n<td>48 \u20ac<\/td>\n<td>11 \u20ac<\/td>\n<\/tr>\n<tr>\n<td>MARKETPLACES<\/td>\n<td><a class=\"ljoptimizer\" href=\"https:\/\/www.amazon.es\/dp\/B09L9DHF3B?tag=amazon087683-21&amp;th=1\" target=\"_blank\" rel=\"nofollow noopener\">BAIKAL Lavabo sobre Encimera | Cuadrado | Blanco Brillo | Cer\u00e1mica | 46 x 36 x 12 cm | Con orificio para grifo | Lavabo Ba\u00f1o | Env\u00edo con Embalaje Reforzado<\/a><\/td>\n<td>43 \u20ac<\/td>\n<td>10 \u20ac<\/td>\n<\/tr>\n<tr>\n<td>MARKETPLACES<\/td>\n<td><a class=\"ljoptimizer\" href=\"https:\/\/www.amazon.es\/dp\/B0FSRB4HX2?tag=amazon087683-21&amp;th=1\" target=\"_blank\" rel=\"nofollow noopener\">VEVOR Pierre \u00e0 pizza rectangulaire en cordi\u00e9rite 50,8 x 35,5 cm, pierre de cuisson extra large avec pelle en aluminium, r\u00e9sistante \u00e0 la chaleur, \u00e9paisseur 1,5 cm, pour four, cuisson du pain, barbecue<\/a><\/td>\n<td>41 \u20ac<\/td>\n<td>10 \u20ac<\/td>\n<\/tr>\n<tr>\n<td>MARKETPLACES<\/td>\n<td><a class=\"ljoptimizer\" href=\"https:\/\/www.amazon.es\/dp\/B082JCJY1X?tag=amazon087683-21&amp;th=1\" target=\"_blank\" rel=\"nofollow noopener\">Schellenberg 66283 Aislamiento t\u00e9rmico de la caja de la persiana, consta de 2 partes con 25 mm de espesor 100 x 50 cm<\/a><\/td>\n<td>41 \u20ac<\/td>\n<td>9 \u20ac<\/td>\n<\/tr>\n<tr>\n<td>MARKETPLACES<\/td>\n<td><a class=\"ljoptimizer\" href=\"https:\/\/www.amazon.es\/dp\/B00PLSIHBK?tag=amazon087683-21&amp;th=1\" target=\"_blank\" rel=\"nofollow noopener\">wolfcraft Soporte de taladro con columna redonda y mordaza &#8211; 3406301-160x230x500 mm Herramienta multilateral<\/a><\/td>\n<td>40 \u20ac<\/td>\n<td>9 \u20ac<\/td>\n<\/tr>\n<tr>\n<td>MARKETPLACES<\/td>\n<td><a class=\"ljoptimizer\" href=\"https:\/\/www.amazon.es\/dp\/B0BY9G7TXZ?tag=amazon087683-21&amp;th=1\" target=\"_blank\" rel=\"nofollow noopener\">Schellenberg 50813 Mosquitera ventana corredera 75 x 100-193 cm, antracita<\/a><\/td>\n<td>35 \u20ac<\/td>\n<td>8 \u20ac<\/td>\n<\/tr>\n<tr>\n<td>MARKETPLACES<\/td>\n<td><a class=\"ljoptimizer\" href=\"https:\/\/www.amazon.es\/dp\/B093WP8F1J?tag=amazon087683-21&amp;th=1\" target=\"_blank\" rel=\"nofollow noopener\">Toallero electrico ba\u00f1o \u2013 radiador toallero el\u00e9ctrico Acero Inoxidable, Pulido Espejo, Serie Milano, montado en Pared 800&#215;400 mm, Negro Mate<\/a><\/td>\n<td>34 \u20ac<\/td>\n<td>8 \u20ac<\/td>\n<\/tr>\n<tr>\n<td>MARKETPLACES<\/td>\n<td><a class=\"ljoptimizer\" href=\"https:\/\/www.amazon.es\/dp\/B00FBEJ43Y?tag=amazon087683-21&amp;th=1\" target=\"_blank\" rel=\"nofollow noopener\">Ariston &#8211; Kit de Salida de Humos Horizontal para Calderas Ariston, Accesorio para Caldera con Instalaci\u00f3n Horizontal, Codo de 90\u00ba y Diametro de 100 mm y de 60 mm &#8211; Fabricado para Instalaci\u00f3n en Espa\u00f1a<\/a><\/td>\n<td>32 \u20ac<\/td>\n<td>7 \u20ac<\/td>\n<\/tr>\n<tr>\n<td>MARKETPLACES<\/td>\n<td><a class=\"ljoptimizer\" href=\"https:\/\/www.amazon.es\/dp\/B09S5XKVDF?tag=amazon087683-21&amp;th=1\" target=\"_blank\" rel=\"nofollow noopener\">Hella 9XW 358 164-211 Easy Set Upgrade Balai d&rsquo;Essuie-Glace &#8211; Setup5345 &#8211; Balai d&rsquo;Essuie-Glace Plat &#8211; pour V\u00e9hicules avec Direction \u00e0 Gauche &#8211; avant &#8211; Kit<\/a><\/td>\n<td>28 \u20ac<\/td>\n<td>6 \u20ac<\/td>\n<\/tr>\n<tr>\n<td>MARKETPLACES<\/td>\n<td><a class=\"ljoptimizer\" href=\"https:\/\/www.amazon.es\/dp\/B0B3RBJRC6?tag=amazon087683-21&amp;th=1\" target=\"_blank\" rel=\"nofollow noopener\">Ibergrif M41002 Tapa wc, Asiento de Inodoro de Cierre Suave en Forma de O con Liberaci\u00f3n R\u00e1pida para una F\u00e1cil Limpieza, Blanco<\/a><\/td>\n<td>24 \u20ac<\/td>\n<td>6 \u20ac<\/td>\n<\/tr>\n<tr>\n<td>MARKETPLACES<\/td>\n<td><a class=\"ljoptimizer\" href=\"https:\/\/www.amazon.es\/dp\/B0B3RBJRC6?tag=amazon087683-21&amp;th=1\" target=\"_blank\" rel=\"nofollow noopener\">Ibergrif M41002 Tapa wc, Asiento de Inodoro de Cierre Suave en Forma de O con Liberaci\u00f3n R\u00e1pida para una F\u00e1cil Limpieza, Blanco<\/a><\/td>\n<td>24 \u20ac<\/td>\n<td>6 \u20ac<\/td>\n<\/tr>\n<tr>\n<td>MARKETPLACES<\/td>\n<td><a class=\"ljoptimizer\" href=\"https:\/\/www.amazon.es\/dp\/B00FZWPO5Y?tag=amazon087683-21&amp;th=1\" target=\"_blank\" rel=\"nofollow noopener\">Bosch Aerotwin A863S Limpiaparabrisas Frontal &#8211; Set de Escobillas de Recambio para una Mayor Seguridad en la Conducci\u00f3n, con Adaptador Premontado, 65cm\/45cm<\/a><\/td>\n<td>24 \u20ac<\/td>\n<td>5 \u20ac<\/td>\n<\/tr>\n<tr>\n<td>MARKETPLACES<\/td>\n<td><a class=\"ljoptimizer\" href=\"https:\/\/www.amazon.es\/dp\/B002G41TGW?tag=amazon087683-21&amp;th=1\" target=\"_blank\" rel=\"nofollow noopener\">Escobilla limpiaparabrisas Bosch Aerotwin A922S, Longitud: 500mm\/500mm \u2013 1 juego para el parabrisas (frontal)<\/a><\/td>\n<td>22 \u20ac<\/td>\n<td>5 \u20ac<\/td>\n<\/tr>\n<tr>\n<td>MARKETPLACES<\/td>\n<td><a class=\"ljoptimizer\" href=\"https:\/\/www.amazon.es\/dp\/B07Z7HT8BS?tag=amazon087683-21&amp;th=1\" target=\"_blank\" rel=\"nofollow noopener\">VALEO Silencio escobilla limpiaparabrisas VF960 577960 Front Length: 600mm\/450mm Set of 2 escobilla limpiaparabrisass<\/a><\/td>\n<td>19 \u20ac<\/td>\n<td>4 \u20ac<\/td>\n<\/tr>\n<tr>\n<td>MARKETPLACES<\/td>\n<td><a class=\"ljoptimizer\" href=\"https:\/\/www.amazon.es\/dp\/B0FPWJYGBB?tag=amazon087683-21&amp;th=1\" target=\"_blank\" rel=\"nofollow noopener\">TOPALL Tijeras de Podar Electricas, 40MM Tijeras de Podar Bateria con Palo Telesc\u00f3picas \u2013 Hasta 5M de Alcance, Profesionales Podadora Electrica con 2x4000mAh | 800W Motor Sin Escobillas | Pantalla LCD<\/a><\/td>\n<td>16 \u20ac<\/td>\n<td>4 \u20ac<\/td>\n<\/tr>\n<tr>\n<td>MARKETPLACES<\/td>\n<td><a class=\"ljoptimizer\" href=\"https:\/\/www.amazon.es\/dp\/B009XRNNZ0?tag=amazon087683-21&amp;th=1\" target=\"_blank\" rel=\"nofollow noopener\">S SUMEX Mat8500 Soporte Matr\u00edcula ABS Euroclip, Color Negro<\/a><\/td>\n<td>11 \u20ac<\/td>\n<td>3 \u20ac<\/td>\n<\/tr>\n<tr>\n<td>MARKETPLACES<\/td>\n<td><a class=\"ljoptimizer\" href=\"https:\/\/www.amazon.es\/dp\/B08C72BTKT?tag=amazon087683-21&amp;th=1\" target=\"_blank\" rel=\"nofollow noopener\">A.S. Cr\u00e9ation Tapetenkleister f\u00fcr Vliestapeten &#8211; hochwertiger Kleister f\u00fcr 5-7 Rollen Vliestapete &#8211; sehr ergiebig &#8211; hervorragende Klebekraft &#8211; trocknet fleckenfrei aus &#8211; 200 g P\u00e4ckchen<\/a><\/td>\n<td>7 \u20ac<\/td>\n<td>2 \u20ac<\/td>\n<\/tr>\n<tr>\n<td>MARKETPLACES<\/td>\n<td><a class=\"ljoptimizer\" href=\"https:\/\/www.amazon.es\/dp\/B08XNZCLTD?tag=amazon087683-21&amp;th=1\" target=\"_blank\" rel=\"nofollow noopener\">d-c-fix M\u00f6bel-Klebefolie Sage Green, 67,5 cm x 2 m &#8211; abwaschbare und selbstklebende Deko-Folie f\u00fcr K\u00fcche, Schrank, Tisch &amp; Fensterbank &#8211; modern &amp; nachhaltig<\/a><\/td>\n<td>7 \u20ac<\/td>\n<td>2 \u20ac<\/td>\n<\/tr>\n<tr>\n<td>MARKETPLACES<\/td>\n<td><a class=\"ljoptimizer\" href=\"https:\/\/www.amazon.es\/dp\/B08XNZCLTD?tag=amazon087683-21&amp;th=1\" target=\"_blank\" rel=\"nofollow noopener\">d-c-fix M\u00f6bel-Klebefolie Sage Green, 67,5 cm x 2 m &#8211; abwaschbare und selbstklebende Deko-Folie f\u00fcr K\u00fcche, Schrank, Tisch &amp; Fensterbank &#8211; modern &amp; nachhaltig<\/a><\/td>\n<td>7 \u20ac<\/td>\n<td>2 \u20ac<\/td>\n<\/tr>\n<\/tbody>\n<\/table>\n","protected":false},"excerpt":{"rendered":"<p>Pal\u00e9 de Herramientas sin revisar procedente de devoluciones de marketplaces<\/p>\n<ul>\n<li>N\u00famero de productos: 35<\/li>\n<li>Valor aproximado: 2496.00<\/li>\n<li>Porcentaje que se paga: 19% + IVA<\/li>\n<li>Tiempo de entrega estimado: 3 a 7 d\u00edas<\/li>\n<\/ul>\n<p>*Los precios incluyen IVA<\/p>\n","protected":false},"featured_media":166353,"template":"","meta":{"site-sidebar-layout":"default","site-content-layout":"","ast-site-content-layout":"default","site-content-style":"default","site-sidebar-style":"default","ast-global-header-display":"","ast-banner-title-visibility":"","ast-main-header-display":"","ast-hfb-above-header-display":"","ast-hfb-below-header-display":"","ast-hfb-mobile-header-display":"","site-post-title":"","ast-breadcrumbs-content":"","ast-featured-img":"","footer-sml-layout":"","ast-disable-related-posts":"","theme-transparent-header-meta":"default","adv-header-id-meta":"","stick-header-meta":"","header-above-stick-meta":"","header-main-stick-meta":"","header-below-stick-meta":"","astra-migrate-meta-layouts":"set","ast-page-background-enabled":"default","ast-page-background-meta":{"desktop":{"background-color":"var(--ast-global-color-4)","background-image":"","background-repeat":"repeat","background-position":"center center","background-size":"auto","background-attachment":"scroll","background-type":"","background-media":"","overlay-type":"","overlay-color":"","overlay-opacity":"","overlay-gradient":""},"tablet":{"background-color":"","background-image":"","background-repeat":"repeat","background-position":"center center","background-size":"auto","background-attachment":"scroll","background-type":"","background-media":"","overlay-type":"","overlay-color":"","overlay-opacity":"","overlay-gradient":""},"mobile":{"background-color":"","background-image":"","background-repeat":"repeat","background-position":"center center","background-size":"auto","background-attachment":"scroll","background-type":"","background-media":"","overlay-type":"","overlay-color":"","overlay-opacity":"","overlay-gradient":""}},"ast-content-background-meta":{"desktop":{"background-color":"var(--ast-global-color-5)","background-image":"","background-repeat":"repeat","background-position":"center center","background-size":"auto","background-attachment":"scroll","background-type":"","background-media":"","overlay-type":"","overlay-color":"","overlay-opacity":"","overlay-gradient":""},"tablet":{"background-color":"var(--ast-global-color-5)","background-image":"","background-repeat":"repeat","background-position":"center center","background-size":"auto","background-attachment":"scroll","background-type":"","background-media":"","overlay-type":"","overlay-color":"","overlay-opacity":"","overlay-gradient":""},"mobile":{"background-color":"var(--ast-global-color-5)","background-image":"","background-repeat":"repeat","background-position":"center center","background-size":"auto","background-attachment":"scroll","background-type":"","background-media":"","overlay-type":"","overlay-color":"","overlay-opacity":"","overlay-gradient":""}}},"product_brand":[],"product_cat":[42,65],"product_tag":[],"class_list":{"0":"post-165828","1":"product","2":"type-product","3":"status-publish","4":"has-post-thumbnail","6":"product_cat-herramientas","7":"product_cat-pales","8":"product_shipping_class-pale","9":"desktop-align-left","10":"tablet-align-left","11":"mobile-align-left","13":"first","14":"instock","15":"sale","16":"downloadable","17":"taxable","18":"shipping-taxable","19":"purchasable","20":"product-type-simple"},"yoast_head":"<!-- This site is optimized with the Yoast SEO plugin v27.2 - https:\/\/yoast.com\/product\/yoast-seo-wordpress\/ -->\n<title>Pal\u00e9 de Herramientas [35 productos] (10226773) - Comprardevoluciones - Tu tienda de Devoluciones de Amazon<\/title>\n<meta name=\"robots\" content=\"noindex, follow\" \/>\n<meta property=\"og:locale\" content=\"fr_FR\" \/>\n<meta property=\"og:type\" content=\"article\" \/>\n<meta property=\"og:title\" content=\"Pal\u00e9 de Herramientas [35 productos] (10226773) - Comprardevoluciones - Tu tienda de Devoluciones de Amazon\" \/>\n<meta property=\"og:description\" content=\"Pal\u00e9 de Herramientas sin revisar procedente de devoluciones de marketplaces   N\u00famero de productos: 35  Valor aproximado: 2496.00  Porcentaje que se paga: 19% + IVA  Tiempo de entrega estimado: 3 a 7 d\u00edas  *Los precios incluyen IVA\" \/>\n<meta property=\"og:url\" content=\"https:\/\/comprardevoluciones.com\/producto\/10226773\/\" \/>\n<meta property=\"og:site_name\" content=\"Comprardevoluciones - Tu tienda de Devoluciones de Amazon\" \/>\n<meta property=\"article:modified_time\" content=\"2026-04-01T09:04:15+00:00\" \/>\n<meta property=\"og:image\" content=\"https:\/\/comprardevoluciones.com\/wp-content\/uploads\/2026\/03\/10226773.jpg\" \/>\n\t<meta property=\"og:image:width\" content=\"700\" \/>\n\t<meta property=\"og:image:height\" content=\"700\" \/>\n\t<meta property=\"og:image:type\" content=\"image\/jpeg\" \/>\n<meta name=\"twitter:card\" content=\"summary_large_image\" \/>\n<meta name=\"twitter:label1\" content=\"Dur\u00e9e de lecture estim\u00e9e\" \/>\n\t<meta name=\"twitter:data1\" content=\"5 minutes\" \/>\n<script type=\"application\/ld+json\" class=\"yoast-schema-graph\">{\"@context\":\"https:\/\/schema.org\",\"@graph\":[{\"@type\":\"WebPage\",\"@id\":\"https:\/\/comprardevoluciones.com\/producto\/10226773\/\",\"url\":\"https:\/\/comprardevoluciones.com\/producto\/10226773\/\",\"name\":\"Pal\u00e9 de Herramientas [35 productos] (10226773) - Comprardevoluciones - Tu tienda de Devoluciones de Amazon\",\"isPartOf\":{\"@id\":\"https:\/\/comprardevoluciones.com\/#website\"},\"primaryImageOfPage\":{\"@id\":\"https:\/\/comprardevoluciones.com\/producto\/10226773\/#primaryimage\"},\"image\":{\"@id\":\"https:\/\/comprardevoluciones.com\/producto\/10226773\/#primaryimage\"},\"thumbnailUrl\":\"https:\/\/comprardevoluciones.com\/wp-content\/uploads\/2026\/03\/10226773.jpg\",\"datePublished\":\"2026-04-01T08:30:02+00:00\",\"dateModified\":\"2026-04-01T09:04:15+00:00\",\"breadcrumb\":{\"@id\":\"https:\/\/comprardevoluciones.com\/producto\/10226773\/#breadcrumb\"},\"inLanguage\":\"fr-FR\",\"potentialAction\":[{\"@type\":\"ReadAction\",\"target\":[\"https:\/\/comprardevoluciones.com\/producto\/10226773\/\"]}]},{\"@type\":\"ImageObject\",\"inLanguage\":\"fr-FR\",\"@id\":\"https:\/\/comprardevoluciones.com\/producto\/10226773\/#primaryimage\",\"url\":\"https:\/\/comprardevoluciones.com\/wp-content\/uploads\/2026\/03\/10226773.jpg\",\"contentUrl\":\"https:\/\/comprardevoluciones.com\/wp-content\/uploads\/2026\/03\/10226773.jpg\",\"width\":700,\"height\":700},{\"@type\":\"BreadcrumbList\",\"@id\":\"https:\/\/comprardevoluciones.com\/producto\/10226773\/#breadcrumb\",\"itemListElement\":[{\"@type\":\"ListItem\",\"position\":1,\"name\":\"Portada\",\"item\":\"https:\/\/comprardevoluciones.com\/fr\/\"},{\"@type\":\"ListItem\",\"position\":2,\"name\":\"Shop\",\"item\":\"https:\/\/comprardevoluciones.com\/fr\/shop\/\"},{\"@type\":\"ListItem\",\"position\":3,\"name\":\"Pal\u00e9 de Herramientas [35 productos] (10226773)\"}]},{\"@type\":\"WebSite\",\"@id\":\"https:\/\/comprardevoluciones.com\/#website\",\"url\":\"https:\/\/comprardevoluciones.com\/\",\"name\":\"Comprardevoluciones - Tu tienda de Devoluciones de Amazon\",\"description\":\"Consigue Stock en buen estado a un precio imbatible\",\"potentialAction\":[{\"@type\":\"SearchAction\",\"target\":{\"@type\":\"EntryPoint\",\"urlTemplate\":\"https:\/\/comprardevoluciones.com\/?s={search_term_string}\"},\"query-input\":{\"@type\":\"PropertyValueSpecification\",\"valueRequired\":true,\"valueName\":\"search_term_string\"}}],\"inLanguage\":\"fr-FR\"}]}<\/script>\n<!-- \/ Yoast SEO plugin. -->","yoast_head_json":{"title":"Pal\u00e9 de Herramientas [35 productos] (10226773) - Comprardevoluciones - Tu tienda de Devoluciones de Amazon","robots":{"index":"noindex","follow":"follow"},"og_locale":"fr_FR","og_type":"article","og_title":"Pal\u00e9 de Herramientas [35 productos] (10226773) - Comprardevoluciones - Tu tienda de Devoluciones de Amazon","og_description":"Pal\u00e9 de Herramientas sin revisar procedente de devoluciones de marketplaces   N\u00famero de productos: 35  Valor aproximado: 2496.00  Porcentaje que se paga: 19% + IVA  Tiempo de entrega estimado: 3 a 7 d\u00edas  *Los precios incluyen IVA","og_url":"https:\/\/comprardevoluciones.com\/producto\/10226773\/","og_site_name":"Comprardevoluciones - Tu tienda de Devoluciones de Amazon","article_modified_time":"2026-04-01T09:04:15+00:00","og_image":[{"width":700,"height":700,"url":"https:\/\/comprardevoluciones.com\/wp-content\/uploads\/2026\/03\/10226773.jpg","type":"image\/jpeg"}],"twitter_card":"summary_large_image","twitter_misc":{"Dur\u00e9e de lecture estim\u00e9e":"5 minutes"},"schema":{"@context":"https:\/\/schema.org","@graph":[{"@type":"WebPage","@id":"https:\/\/comprardevoluciones.com\/producto\/10226773\/","url":"https:\/\/comprardevoluciones.com\/producto\/10226773\/","name":"Pal\u00e9 de Herramientas [35 productos] (10226773) - Comprardevoluciones - Tu tienda de Devoluciones de Amazon","isPartOf":{"@id":"https:\/\/comprardevoluciones.com\/#website"},"primaryImageOfPage":{"@id":"https:\/\/comprardevoluciones.com\/producto\/10226773\/#primaryimage"},"image":{"@id":"https:\/\/comprardevoluciones.com\/producto\/10226773\/#primaryimage"},"thumbnailUrl":"https:\/\/comprardevoluciones.com\/wp-content\/uploads\/2026\/03\/10226773.jpg","datePublished":"2026-04-01T08:30:02+00:00","dateModified":"2026-04-01T09:04:15+00:00","breadcrumb":{"@id":"https:\/\/comprardevoluciones.com\/producto\/10226773\/#breadcrumb"},"inLanguage":"fr-FR","potentialAction":[{"@type":"ReadAction","target":["https:\/\/comprardevoluciones.com\/producto\/10226773\/"]}]},{"@type":"ImageObject","inLanguage":"fr-FR","@id":"https:\/\/comprardevoluciones.com\/producto\/10226773\/#primaryimage","url":"https:\/\/comprardevoluciones.com\/wp-content\/uploads\/2026\/03\/10226773.jpg","contentUrl":"https:\/\/comprardevoluciones.com\/wp-content\/uploads\/2026\/03\/10226773.jpg","width":700,"height":700},{"@type":"BreadcrumbList","@id":"https:\/\/comprardevoluciones.com\/producto\/10226773\/#breadcrumb","itemListElement":[{"@type":"ListItem","position":1,"name":"Portada","item":"https:\/\/comprardevoluciones.com\/fr\/"},{"@type":"ListItem","position":2,"name":"Shop","item":"https:\/\/comprardevoluciones.com\/fr\/shop\/"},{"@type":"ListItem","position":3,"name":"Pal\u00e9 de Herramientas [35 productos] (10226773)"}]},{"@type":"WebSite","@id":"https:\/\/comprardevoluciones.com\/#website","url":"https:\/\/comprardevoluciones.com\/","name":"Comprardevoluciones - Tu tienda de Devoluciones de Amazon","description":"Consigue Stock en buen estado a un precio imbatible","potentialAction":[{"@type":"SearchAction","target":{"@type":"EntryPoint","urlTemplate":"https:\/\/comprardevoluciones.com\/?s={search_term_string}"},"query-input":{"@type":"PropertyValueSpecification","valueRequired":true,"valueName":"search_term_string"}}],"inLanguage":"fr-FR"}]}},"_links":{"self":[{"href":"https:\/\/comprardevoluciones.com\/fr\/wp-json\/wp\/v2\/product\/165828","targetHints":{"allow":["GET"]}}],"collection":[{"href":"https:\/\/comprardevoluciones.com\/fr\/wp-json\/wp\/v2\/product"}],"about":[{"href":"https:\/\/comprardevoluciones.com\/fr\/wp-json\/wp\/v2\/types\/product"}],"wp:featuredmedia":[{"embeddable":true,"href":"https:\/\/comprardevoluciones.com\/fr\/wp-json\/wp\/v2\/media\/166353"}],"wp:attachment":[{"href":"https:\/\/comprardevoluciones.com\/fr\/wp-json\/wp\/v2\/media?parent=165828"}],"wp:term":[{"taxonomy":"product_brand","embeddable":true,"href":"https:\/\/comprardevoluciones.com\/fr\/wp-json\/wp\/v2\/product_brand?post=165828"},{"taxonomy":"product_cat","embeddable":true,"href":"https:\/\/comprardevoluciones.com\/fr\/wp-json\/wp\/v2\/product_cat?post=165828"},{"taxonomy":"product_tag","embeddable":true,"href":"https:\/\/comprardevoluciones.com\/fr\/wp-json\/wp\/v2\/product_tag?post=165828"}],"curies":[{"name":"wp","href":"https:\/\/api.w.org\/{rel}","templated":true}]}}