{"id":167153,"date":"2026-04-02T16:00:45","date_gmt":"2026-04-02T15:00:45","guid":{"rendered":"https:\/\/comprardevoluciones.com\/?post_type=product&#038;p=167153"},"modified":"2026-04-02T19:40:17","modified_gmt":"2026-04-02T18:40:17","slug":"10227027","status":"publish","type":"product","link":"https:\/\/comprardevoluciones.com\/fr\/producto\/10227027\/","title":{"rendered":"Pal\u00e9 de Cuidado Personal [27 productos] (10227027)"},"content":{"rendered":"<p>Descripci\u00f3n y valor aproximados<\/p>\n<table>\n<tbody>\n<tr>\n<td><strong>FUENTE<\/strong><\/td>\n<td><strong>PRODUCTO<\/strong><\/td>\n<td><strong>VALOR (\u20ac)<\/strong><\/td>\n<td><strong>PAGAS (\u20ac)<\/strong><\/td>\n<\/tr>\n<tr>\n<td>MARKETPLACES<\/td>\n<td><a class=\"ljoptimizer\" href=\"https:\/\/www.amazon.es\/dp\/B09PNS3DL2?tag=amazon087683-21&amp;th=1\" target=\"_blank\" rel=\"nofollow noopener\">Shark Aspiradora sin cable, hasta 60 min de autonom\u00eda, tecnolog\u00eda Anti Hair Wrap y cabezal DuoClean flexible, con boquilla estrecha y cepillo multisuperficie, negro\/cobre IZ300EU<\/a><\/td>\n<td>276 \u20ac<\/td>\n<td>69 \u20ac<\/td>\n<\/tr>\n<tr>\n<td>MARKETPLACES<\/td>\n<td><a class=\"ljoptimizer\" href=\"https:\/\/www.amazon.es\/dp\/B0FKT2BDVQ?tag=amazon087683-21&amp;th=1\" target=\"_blank\" rel=\"nofollow noopener\">Cecotec Plancha de Pelo con Aire con 6 Accesorios AirLisse 6i1n Elite.112000RPM, Flujo de Aire 13m\/s, Funci\u00f3n Plasma, Motor Brushless, Cepillo Convencional Incluido, Estuche de Cuero<\/a><\/td>\n<td>253 \u20ac<\/td>\n<td>63 \u20ac<\/td>\n<\/tr>\n<tr>\n<td>MARKETPLACES<\/td>\n<td><a class=\"ljoptimizer\" href=\"https:\/\/www.amazon.es\/dp\/B0F6VBHTJ2?tag=amazon087683-21&amp;th=1\" target=\"_blank\" rel=\"nofollow noopener\">Cecotec Robot Aspirador y Friegasuelos con Base Autovaciado Conga 9590 Spin Revolution Ultra Power Home. 10000Pa, Navegaci\u00f3n L\u00e1ser, 240mins Autonom\u00eda, Mopas, Cepillo de Silicona y Mascotas, App<\/a><\/td>\n<td>225 \u20ac<\/td>\n<td>56 \u20ac<\/td>\n<\/tr>\n<tr>\n<td>MARKETPLACES<\/td>\n<td><a class=\"ljoptimizer\" href=\"https:\/\/www.amazon.es\/dp\/B08N6FMZZY?tag=amazon087683-21&amp;th=1\" target=\"_blank\" rel=\"nofollow noopener\">Comfier Colchoneta de Masaje Cuerpo Completo con calefacci\u00f3n, Masajeador de Espalda con Almohada de Masaje Shiatsu Desmontable para el Cuello, 10 Motores vibradores, 4 Almohadillas t\u00e9rmicas<\/a><\/td>\n<td>173 \u20ac<\/td>\n<td>43 \u20ac<\/td>\n<\/tr>\n<tr>\n<td>MARKETPLACES<\/td>\n<td><a class=\"ljoptimizer\" href=\"https:\/\/www.amazon.es\/dp\/B07PNHGL87?tag=amazon087683-21&amp;th=1\" target=\"_blank\" rel=\"nofollow noopener\">RENPHO Massagesitzauflage, Shiatsu Massageauflage R\u00fcckenmassageger\u00e4t mit DREI Massagezonen W\u00e4rmefunktion Massagematte mit Vibrationsmassage, Tiefenmassage Rollmassage f\u00fcr Nacken<\/a><\/td>\n<td>170 \u20ac<\/td>\n<td>43 \u20ac<\/td>\n<\/tr>\n<tr>\n<td>MARKETPLACES<\/td>\n<td><a class=\"ljoptimizer\" href=\"https:\/\/www.amazon.es\/dp\/B0FKT1S8CQ?tag=amazon087683-21&amp;th=1\" target=\"_blank\" rel=\"nofollow noopener\">Cecotec Moldeador de Pelo 14 Cabezales AirGlam 14in1 Flex Black. 1400W, 110000RPM, Pantalla, Tecnolog\u00eda Coanda, Motor Brushless, Funci\u00f3n Rotativa y Revestimiento Cer\u00e1mica y Queratina<\/a><\/td>\n<td>169 \u20ac<\/td>\n<td>42 \u20ac<\/td>\n<\/tr>\n<tr>\n<td>MARKETPLACES<\/td>\n<td><a class=\"ljoptimizer\" href=\"https:\/\/www.amazon.es\/dp\/B004N3CACQ?tag=amazon087683-21&amp;th=1\" target=\"_blank\" rel=\"nofollow noopener\">Medisana MCN Fundas de asiento de masaje Shiatsu, Masaje de espalda y cuello, Incluye funci\u00f3n de calor, 3 intensidades, Masaje localizado con funci\u00f3n de luz roja, Id\u00f3neo para el hogar y la oficina<\/a><\/td>\n<td>142 \u20ac<\/td>\n<td>35 \u20ac<\/td>\n<\/tr>\n<tr>\n<td>MARKETPLACES<\/td>\n<td><a class=\"ljoptimizer\" href=\"https:\/\/www.amazon.es\/dp\/B09X5SY78K?tag=amazon087683-21&amp;th=1\" target=\"_blank\" rel=\"nofollow noopener\">Mobiclinic\u00ae, Andador Plegable, Carro de la Compra con Asiento, Coliseo, Monomando, Acero, Gran Cesta, Respaldo y Acolchado, Sistema Frenado, Ruedas 360\u00ba, Cuadros<\/a><\/td>\n<td>108 \u20ac<\/td>\n<td>27 \u20ac<\/td>\n<\/tr>\n<tr>\n<td>MARKETPLACES<\/td>\n<td><a class=\"ljoptimizer\" href=\"https:\/\/www.amazon.es\/dp\/B0B9SYVNVB?tag=amazon087683-21&amp;th=1\" target=\"_blank\" rel=\"nofollow noopener\">DAGA Manta t\u00e9rmica el\u00e9ctrica de Sof\u00e1 Relax Suave XL, Tecnolog\u00eda Intellisense, Tejido Ultrasuave, Multi-Temporizador, 6 Niveles de Temperatura, 140&#215;180 cm<\/a><\/td>\n<td>105 \u20ac<\/td>\n<td>26 \u20ac<\/td>\n<\/tr>\n<tr>\n<td>MARKETPLACES<\/td>\n<td><a class=\"ljoptimizer\" href=\"https:\/\/www.amazon.es\/dp\/B09YLYMRMV?tag=amazon087683-21&amp;th=1\" target=\"_blank\" rel=\"nofollow noopener\">Mobiclinic, Masajeador de pies, Vibraci\u00f3n 10 niveles velocidad, 5 programas, Temporizador, Y piernas con, Vibrolegs, Control remoto panel led, Vibfit<\/a><\/td>\n<td>99 \u20ac<\/td>\n<td>25 \u20ac<\/td>\n<\/tr>\n<tr>\n<td>MARKETPLACES<\/td>\n<td><a class=\"ljoptimizer\" href=\"https:\/\/www.amazon.es\/dp\/B0CXTQG1NT?tag=amazon087683-21&amp;th=1\" target=\"_blank\" rel=\"nofollow noopener\">Cecotec Cepillo de Aire Secador Moldeador Alisador Multifunci\u00f3n 8 Cabezales CeramicCare AirGlam Champagne. 1400W, Tecnolog\u00eda Coanda, 3 Velocidades, 3 Temperaturas, Control Inteligente Calor, 110000rpm<\/a><\/td>\n<td>80 \u20ac<\/td>\n<td>20 \u20ac<\/td>\n<\/tr>\n<tr>\n<td>MARKETPLACES<\/td>\n<td><a class=\"ljoptimizer\" href=\"https:\/\/www.amazon.es\/dp\/B0CXTQG1NT?tag=amazon087683-21&amp;th=1\" target=\"_blank\" rel=\"nofollow noopener\">Cecotec Cepillo de Aire Secador Moldeador Alisador Multifunci\u00f3n 8 Cabezales CeramicCare AirGlam Champagne. 1400W, Tecnolog\u00eda Coanda, 3 Velocidades, 3 Temperaturas, Control Inteligente Calor, 110000rpm<\/a><\/td>\n<td>80 \u20ac<\/td>\n<td>20 \u20ac<\/td>\n<\/tr>\n<tr>\n<td>MARKETPLACES<\/td>\n<td><a class=\"ljoptimizer\" href=\"https:\/\/www.amazon.es\/dp\/B0FKTNJNYK?tag=amazon087683-21&amp;th=1\" target=\"_blank\" rel=\"nofollow noopener\">Cecotec Manta El\u00e9ctrica 200x180cm HeatConfort Noa (200 x 180). 130W, 10 Niveles de Temperatura Ajustables, Controlador LCD Extra\u00edble, Temporizador con Apagado Autom\u00e1tico, PTC+ Tecnolog\u00eda NTC<\/a><\/td>\n<td>80 \u20ac<\/td>\n<td>20 \u20ac<\/td>\n<\/tr>\n<tr>\n<td>MARKETPLACES<\/td>\n<td><a class=\"ljoptimizer\" href=\"https:\/\/www.amazon.es\/dp\/B0CXTQG1NT?tag=amazon087683-21&amp;th=1\" target=\"_blank\" rel=\"nofollow noopener\">Cecotec Cepillo de Aire Secador Moldeador Alisador Multifunci\u00f3n 8 Cabezales CeramicCare AirGlam Champagne. 1400W, Tecnolog\u00eda Coanda, 3 Velocidades, 3 Temperaturas, Control Inteligente Calor, 110000rpm<\/a><\/td>\n<td>80 \u20ac<\/td>\n<td>20 \u20ac<\/td>\n<\/tr>\n<tr>\n<td>MARKETPLACES<\/td>\n<td><a class=\"ljoptimizer\" href=\"https:\/\/www.amazon.es\/dp\/B0B9SVXGY3?tag=amazon087683-21&amp;th=1\" target=\"_blank\" rel=\"nofollow noopener\">DAGA Manta t\u00e9rmica el\u00e9ctrica de Sof\u00e1 Relax Suave Plus, Tecnolog\u00eda Intellisense, Tejido Ultrasuave y Grandes Bolsillos, Multi-Temporizador, 6 Niveles de Temperatura, 150&#215;110 cm<\/a><\/td>\n<td>79 \u20ac<\/td>\n<td>20 \u20ac<\/td>\n<\/tr>\n<tr>\n<td>MARKETPLACES<\/td>\n<td><a class=\"ljoptimizer\" href=\"https:\/\/www.amazon.es\/dp\/B0D4J4FDBM?tag=amazon087683-21&amp;th=1\" target=\"_blank\" rel=\"nofollow noopener\">Alzador wc adulto &#8211; elevador wc, adaptador wc mayores, elevador wc adulto, elevador para el wc, adaptador wc adultos, elevador wc con reposabrazos, alza para wc adultos &#8211; Cabe en cualquier inodoro<\/a><\/td>\n<td>75 \u20ac<\/td>\n<td>19 \u20ac<\/td>\n<\/tr>\n<tr>\n<td>MARKETPLACES<\/td>\n<td><a class=\"ljoptimizer\" href=\"https:\/\/www.amazon.es\/dp\/B09S5RZD4Z?tag=amazon087683-21&amp;th=1\" target=\"_blank\" rel=\"nofollow noopener\">Beurer HD 150 XXL Heizdecke, elektrische W\u00e4rmedecke mit Abschaltautomatik, 200 x 150 cm, 6 Temperaturstufen, maschinenwaschbar, Kuscheldecke, taupe<\/a><\/td>\n<td>75 \u20ac<\/td>\n<td>19 \u20ac<\/td>\n<\/tr>\n<tr>\n<td>MARKETPLACES<\/td>\n<td><a class=\"ljoptimizer\" href=\"https:\/\/www.amazon.es\/dp\/B01M6TJO7K?tag=amazon087683-21&amp;th=1\" target=\"_blank\" rel=\"nofollow noopener\">medisana FS 883 Spa para pies con masaje de reflexolog\u00eda podal &#8211; ba\u00f1o de pies el\u00e9ctrico, funci\u00f3n calefacci\u00f3n de agua, masaje de vibraci\u00f3n, accesorios de pedicura, con masaje y calentador<\/a><\/td>\n<td>65 \u20ac<\/td>\n<td>16 \u20ac<\/td>\n<\/tr>\n<tr>\n<td>MARKETPLACES<\/td>\n<td><a class=\"ljoptimizer\" href=\"https:\/\/www.amazon.es\/dp\/B07RJTLC2K?tag=amazon087683-21&amp;th=1\" target=\"_blank\" rel=\"nofollow noopener\">MoliCare Mobile Pa\u00f1ales para Adultos con Incontinencia Severa, Ropa Interior Absorbente para Hombres y Mujeres, talla XL, 14 unidades, Pack de 4<\/a><\/td>\n<td>62 \u20ac<\/td>\n<td>16 \u20ac<\/td>\n<\/tr>\n<tr>\n<td>MARKETPLACES<\/td>\n<td><a class=\"ljoptimizer\" href=\"https:\/\/www.amazon.es\/dp\/B0716Q11L4?tag=amazon087683-21&amp;th=1\" target=\"_blank\" rel=\"nofollow noopener\">Mobiclinic\u00ae, Andador Plegable, Ajustable, Resistente, Em\u00e9rita, Acero, Empu\u00f1aduras Ergon\u00f3micas, Ligero, con Asiento y 2 Ruedas, Azul<\/a><\/td>\n<td>52 \u20ac<\/td>\n<td>13 \u20ac<\/td>\n<\/tr>\n<tr>\n<td>MARKETPLACES<\/td>\n<td><a class=\"ljoptimizer\" href=\"https:\/\/www.amazon.es\/dp\/B0716Q11L4?tag=amazon087683-21&amp;th=1\" target=\"_blank\" rel=\"nofollow noopener\">Mobiclinic\u00ae, Andador Plegable, Ajustable, Resistente, Em\u00e9rita, Acero, Empu\u00f1aduras Ergon\u00f3micas, Ligero, con Asiento y 2 Ruedas, Azul<\/a><\/td>\n<td>52 \u20ac<\/td>\n<td>13 \u20ac<\/td>\n<\/tr>\n<tr>\n<td>MARKETPLACES<\/td>\n<td><a class=\"ljoptimizer\" href=\"https:\/\/www.amazon.es\/dp\/B0BPYXJY78?tag=amazon087683-21&amp;th=1\" target=\"_blank\" rel=\"nofollow noopener\">Cecotec Cepillo de Aire 6 En 1 Ceramiccare 6In1 Gyro, Potencia de 1100W, 6 Cabezales, Rizo Autom\u00e1tico, Cable 360\u00ba, Cer\u00e1mica, Dise\u00f1o Multifuncional, Peinados R\u00e1pidos, Sin Frizz, Estilo Profesional<\/a><\/td>\n<td>52 \u20ac<\/td>\n<td>13 \u20ac<\/td>\n<\/tr>\n<tr>\n<td>MARKETPLACES<\/td>\n<td><a class=\"ljoptimizer\" href=\"https:\/\/www.amazon.es\/dp\/B0B7B5CD72?tag=amazon087683-21&amp;th=1\" target=\"_blank\" rel=\"nofollow noopener\">PEPE Mobility Muletas Ni\u00f1o Regulables Aluminio (x2 uds), Colores, Ortop\u00e9dicas para Caminar, Peque\u00f1as Infantiles Pedi\u00e1tricas &#8211; Fabricado en Europa<\/a><\/td>\n<td>40 \u20ac<\/td>\n<td>10 \u20ac<\/td>\n<\/tr>\n<tr>\n<td>MARKETPLACES<\/td>\n<td><a class=\"ljoptimizer\" href=\"https:\/\/www.amazon.es\/dp\/B071R4T8TY?tag=amazon087683-21&amp;th=1\" target=\"_blank\" rel=\"nofollow noopener\">Mobiclinic, Silla de ba\u00f1o, Marisma, Taburete Ducha, Marca espa\u00f1ola, Asiento en u, Ortop\u00e9dica, Altura Regulable, con Respaldo, Conteras Antideslizantes, para Personas Mayores, Movilidad Reducida<\/a><\/td>\n<td>39 \u20ac<\/td>\n<td>10 \u20ac<\/td>\n<\/tr>\n<tr>\n<td>MARKETPLACES<\/td>\n<td><a class=\"ljoptimizer\" href=\"https:\/\/www.amazon.es\/dp\/B06ZZDYPGQ?tag=amazon087683-21&amp;th=1\" target=\"_blank\" rel=\"nofollow noopener\">Mobiclinic\u00ae, Taburete Ba\u00f1o, Altura Regulable, San Ferm\u00edn, Asiento en U, Conteras Antideslizantes, Ligero, MAX. 100 Kg, Aluminio, Blanco<\/a><\/td>\n<td>31 \u20ac<\/td>\n<td>8 \u20ac<\/td>\n<\/tr>\n<tr>\n<td>MARKETPLACES<\/td>\n<td><a class=\"ljoptimizer\" href=\"https:\/\/www.amazon.es\/dp\/B095Z3KHPH?tag=amazon087683-21&amp;th=1\" target=\"_blank\" rel=\"nofollow noopener\">PEPE Mobility Elevador WC Adulto con Tapa, 10 cm de Altura, Alzador WC Ortop\u00e9dico, F\u00e1cil Instalaci\u00f3n y Seguro<\/a><\/td>\n<td>27 \u20ac<\/td>\n<td>7 \u20ac<\/td>\n<\/tr>\n<tr>\n<td>MARKETPLACES<\/td>\n<td><a class=\"ljoptimizer\" href=\"https:\/\/www.amazon.es\/dp\/B0BQ1M214W?tag=amazon087683-21&amp;th=1\" target=\"_blank\" rel=\"nofollow noopener\">Cecotec B\u00e1scula de Ba\u00f1o Digital con APP Surface Precision Smart Healthy. Cristal Templado, Bluetooth, Medici\u00f3n de Bioimpedancia con 10 Par\u00e1metros, Pantalla LCD, Peso M\u00e1ximo 180Kg, 310x310mm<\/a><\/td>\n<td>19 \u20ac<\/td>\n<td>5 \u20ac<\/td>\n<\/tr>\n<\/tbody>\n<\/table>\n","protected":false},"excerpt":{"rendered":"<p>Pal\u00e9 de Cuidado Personal sin revisar procedente de devoluciones de marketplaces<\/p>\n<ul>\n<li>N\u00famero de productos: 27<\/li>\n<li>Valor aproximado: 2708.00<\/li>\n<li>Porcentaje que se paga: 21% + IVA<\/li>\n<li>Tiempo de entrega estimado: 3 a 7 d\u00edas<\/li>\n<\/ul>\n<p>*Los precios incluyen IVA<\/p>\n","protected":false},"featured_media":167307,"template":"","meta":{"site-sidebar-layout":"default","site-content-layout":"","ast-site-content-layout":"default","site-content-style":"default","site-sidebar-style":"default","ast-global-header-display":"","ast-banner-title-visibility":"","ast-main-header-display":"","ast-hfb-above-header-display":"","ast-hfb-below-header-display":"","ast-hfb-mobile-header-display":"","site-post-title":"","ast-breadcrumbs-content":"","ast-featured-img":"","footer-sml-layout":"","ast-disable-related-posts":"","theme-transparent-header-meta":"default","adv-header-id-meta":"","stick-header-meta":"","header-above-stick-meta":"","header-main-stick-meta":"","header-below-stick-meta":"","astra-migrate-meta-layouts":"set","ast-page-background-enabled":"default","ast-page-background-meta":{"desktop":{"background-color":"var(--ast-global-color-4)","background-image":"","background-repeat":"repeat","background-position":"center center","background-size":"auto","background-attachment":"scroll","background-type":"","background-media":"","overlay-type":"","overlay-color":"","overlay-opacity":"","overlay-gradient":""},"tablet":{"background-color":"","background-image":"","background-repeat":"repeat","background-position":"center center","background-size":"auto","background-attachment":"scroll","background-type":"","background-media":"","overlay-type":"","overlay-color":"","overlay-opacity":"","overlay-gradient":""},"mobile":{"background-color":"","background-image":"","background-repeat":"repeat","background-position":"center center","background-size":"auto","background-attachment":"scroll","background-type":"","background-media":"","overlay-type":"","overlay-color":"","overlay-opacity":"","overlay-gradient":""}},"ast-content-background-meta":{"desktop":{"background-color":"var(--ast-global-color-5)","background-image":"","background-repeat":"repeat","background-position":"center center","background-size":"auto","background-attachment":"scroll","background-type":"","background-media":"","overlay-type":"","overlay-color":"","overlay-opacity":"","overlay-gradient":""},"tablet":{"background-color":"var(--ast-global-color-5)","background-image":"","background-repeat":"repeat","background-position":"center center","background-size":"auto","background-attachment":"scroll","background-type":"","background-media":"","overlay-type":"","overlay-color":"","overlay-opacity":"","overlay-gradient":""},"mobile":{"background-color":"var(--ast-global-color-5)","background-image":"","background-repeat":"repeat","background-position":"center center","background-size":"auto","background-attachment":"scroll","background-type":"","background-media":"","overlay-type":"","overlay-color":"","overlay-opacity":"","overlay-gradient":""}}},"product_brand":[],"product_cat":[50,65],"product_tag":[],"class_list":{"0":"post-167153","1":"product","2":"type-product","3":"status-publish","4":"has-post-thumbnail","6":"product_cat-cuidado-personal","7":"product_cat-pales","8":"product_shipping_class-pale","9":"desktop-align-left","10":"tablet-align-left","11":"mobile-align-left","13":"first","14":"instock","15":"sale","16":"downloadable","17":"taxable","18":"shipping-taxable","19":"purchasable","20":"product-type-simple"},"yoast_head":"<!-- This site is optimized with the Yoast SEO plugin v27.2 - https:\/\/yoast.com\/product\/yoast-seo-wordpress\/ -->\n<title>Pal\u00e9 de Cuidado Personal [27 productos] (10227027) - Comprardevoluciones - Tu tienda de Devoluciones de Amazon<\/title>\n<meta name=\"robots\" content=\"noindex, follow\" \/>\n<meta property=\"og:locale\" content=\"fr_FR\" \/>\n<meta property=\"og:type\" content=\"article\" \/>\n<meta property=\"og:title\" content=\"Pal\u00e9 de Cuidado Personal [27 productos] (10227027) - Comprardevoluciones - Tu tienda de Devoluciones de Amazon\" \/>\n<meta property=\"og:description\" content=\"Pal\u00e9 de Cuidado Personal sin revisar procedente de devoluciones de marketplaces   N\u00famero de productos: 27  Valor aproximado: 2708.00  Porcentaje que se paga: 21% + IVA  Tiempo de entrega estimado: 3 a 7 d\u00edas  *Los precios incluyen IVA\" \/>\n<meta property=\"og:url\" content=\"https:\/\/comprardevoluciones.com\/producto\/10227027\/\" \/>\n<meta property=\"og:site_name\" content=\"Comprardevoluciones - Tu tienda de Devoluciones de Amazon\" \/>\n<meta property=\"article:modified_time\" content=\"2026-04-02T18:40:17+00:00\" \/>\n<meta property=\"og:image\" content=\"https:\/\/comprardevoluciones.com\/wp-content\/uploads\/2026\/03\/10227027.jpg\" \/>\n\t<meta property=\"og:image:width\" content=\"700\" \/>\n\t<meta property=\"og:image:height\" content=\"700\" \/>\n\t<meta property=\"og:image:type\" content=\"image\/jpeg\" \/>\n<meta name=\"twitter:card\" content=\"summary_large_image\" \/>\n<meta name=\"twitter:label1\" content=\"Dur\u00e9e de lecture estim\u00e9e\" \/>\n\t<meta name=\"twitter:data1\" content=\"4 minutes\" \/>\n<script type=\"application\/ld+json\" class=\"yoast-schema-graph\">{\"@context\":\"https:\/\/schema.org\",\"@graph\":[{\"@type\":\"WebPage\",\"@id\":\"https:\/\/comprardevoluciones.com\/producto\/10227027\/\",\"url\":\"https:\/\/comprardevoluciones.com\/producto\/10227027\/\",\"name\":\"Pal\u00e9 de Cuidado Personal [27 productos] (10227027) - Comprardevoluciones - Tu tienda de Devoluciones de Amazon\",\"isPartOf\":{\"@id\":\"https:\/\/comprardevoluciones.com\/#website\"},\"primaryImageOfPage\":{\"@id\":\"https:\/\/comprardevoluciones.com\/producto\/10227027\/#primaryimage\"},\"image\":{\"@id\":\"https:\/\/comprardevoluciones.com\/producto\/10227027\/#primaryimage\"},\"thumbnailUrl\":\"https:\/\/comprardevoluciones.com\/wp-content\/uploads\/2026\/03\/10227027.jpg\",\"datePublished\":\"2026-04-02T15:00:45+00:00\",\"dateModified\":\"2026-04-02T18:40:17+00:00\",\"breadcrumb\":{\"@id\":\"https:\/\/comprardevoluciones.com\/producto\/10227027\/#breadcrumb\"},\"inLanguage\":\"fr-FR\",\"potentialAction\":[{\"@type\":\"ReadAction\",\"target\":[\"https:\/\/comprardevoluciones.com\/producto\/10227027\/\"]}]},{\"@type\":\"ImageObject\",\"inLanguage\":\"fr-FR\",\"@id\":\"https:\/\/comprardevoluciones.com\/producto\/10227027\/#primaryimage\",\"url\":\"https:\/\/comprardevoluciones.com\/wp-content\/uploads\/2026\/03\/10227027.jpg\",\"contentUrl\":\"https:\/\/comprardevoluciones.com\/wp-content\/uploads\/2026\/03\/10227027.jpg\",\"width\":700,\"height\":700},{\"@type\":\"BreadcrumbList\",\"@id\":\"https:\/\/comprardevoluciones.com\/producto\/10227027\/#breadcrumb\",\"itemListElement\":[{\"@type\":\"ListItem\",\"position\":1,\"name\":\"Portada\",\"item\":\"https:\/\/comprardevoluciones.com\/fr\/\"},{\"@type\":\"ListItem\",\"position\":2,\"name\":\"Shop\",\"item\":\"https:\/\/comprardevoluciones.com\/fr\/shop\/\"},{\"@type\":\"ListItem\",\"position\":3,\"name\":\"Pal\u00e9 de Cuidado Personal [27 productos] (10227027)\"}]},{\"@type\":\"WebSite\",\"@id\":\"https:\/\/comprardevoluciones.com\/#website\",\"url\":\"https:\/\/comprardevoluciones.com\/\",\"name\":\"Comprardevoluciones - Tu tienda de Devoluciones de Amazon\",\"description\":\"Consigue Stock en buen estado a un precio imbatible\",\"potentialAction\":[{\"@type\":\"SearchAction\",\"target\":{\"@type\":\"EntryPoint\",\"urlTemplate\":\"https:\/\/comprardevoluciones.com\/?s={search_term_string}\"},\"query-input\":{\"@type\":\"PropertyValueSpecification\",\"valueRequired\":true,\"valueName\":\"search_term_string\"}}],\"inLanguage\":\"fr-FR\"}]}<\/script>\n<!-- \/ Yoast SEO plugin. -->","yoast_head_json":{"title":"Pal\u00e9 de Cuidado Personal [27 productos] (10227027) - Comprardevoluciones - Tu tienda de Devoluciones de Amazon","robots":{"index":"noindex","follow":"follow"},"og_locale":"fr_FR","og_type":"article","og_title":"Pal\u00e9 de Cuidado Personal [27 productos] (10227027) - Comprardevoluciones - Tu tienda de Devoluciones de Amazon","og_description":"Pal\u00e9 de Cuidado Personal sin revisar procedente de devoluciones de marketplaces   N\u00famero de productos: 27  Valor aproximado: 2708.00  Porcentaje que se paga: 21% + IVA  Tiempo de entrega estimado: 3 a 7 d\u00edas  *Los precios incluyen IVA","og_url":"https:\/\/comprardevoluciones.com\/producto\/10227027\/","og_site_name":"Comprardevoluciones - Tu tienda de Devoluciones de Amazon","article_modified_time":"2026-04-02T18:40:17+00:00","og_image":[{"width":700,"height":700,"url":"https:\/\/comprardevoluciones.com\/wp-content\/uploads\/2026\/03\/10227027.jpg","type":"image\/jpeg"}],"twitter_card":"summary_large_image","twitter_misc":{"Dur\u00e9e de lecture estim\u00e9e":"4 minutes"},"schema":{"@context":"https:\/\/schema.org","@graph":[{"@type":"WebPage","@id":"https:\/\/comprardevoluciones.com\/producto\/10227027\/","url":"https:\/\/comprardevoluciones.com\/producto\/10227027\/","name":"Pal\u00e9 de Cuidado Personal [27 productos] (10227027) - Comprardevoluciones - Tu tienda de Devoluciones de Amazon","isPartOf":{"@id":"https:\/\/comprardevoluciones.com\/#website"},"primaryImageOfPage":{"@id":"https:\/\/comprardevoluciones.com\/producto\/10227027\/#primaryimage"},"image":{"@id":"https:\/\/comprardevoluciones.com\/producto\/10227027\/#primaryimage"},"thumbnailUrl":"https:\/\/comprardevoluciones.com\/wp-content\/uploads\/2026\/03\/10227027.jpg","datePublished":"2026-04-02T15:00:45+00:00","dateModified":"2026-04-02T18:40:17+00:00","breadcrumb":{"@id":"https:\/\/comprardevoluciones.com\/producto\/10227027\/#breadcrumb"},"inLanguage":"fr-FR","potentialAction":[{"@type":"ReadAction","target":["https:\/\/comprardevoluciones.com\/producto\/10227027\/"]}]},{"@type":"ImageObject","inLanguage":"fr-FR","@id":"https:\/\/comprardevoluciones.com\/producto\/10227027\/#primaryimage","url":"https:\/\/comprardevoluciones.com\/wp-content\/uploads\/2026\/03\/10227027.jpg","contentUrl":"https:\/\/comprardevoluciones.com\/wp-content\/uploads\/2026\/03\/10227027.jpg","width":700,"height":700},{"@type":"BreadcrumbList","@id":"https:\/\/comprardevoluciones.com\/producto\/10227027\/#breadcrumb","itemListElement":[{"@type":"ListItem","position":1,"name":"Portada","item":"https:\/\/comprardevoluciones.com\/fr\/"},{"@type":"ListItem","position":2,"name":"Shop","item":"https:\/\/comprardevoluciones.com\/fr\/shop\/"},{"@type":"ListItem","position":3,"name":"Pal\u00e9 de Cuidado Personal [27 productos] (10227027)"}]},{"@type":"WebSite","@id":"https:\/\/comprardevoluciones.com\/#website","url":"https:\/\/comprardevoluciones.com\/","name":"Comprardevoluciones - Tu tienda de Devoluciones de Amazon","description":"Consigue Stock en buen estado a un precio imbatible","potentialAction":[{"@type":"SearchAction","target":{"@type":"EntryPoint","urlTemplate":"https:\/\/comprardevoluciones.com\/?s={search_term_string}"},"query-input":{"@type":"PropertyValueSpecification","valueRequired":true,"valueName":"search_term_string"}}],"inLanguage":"fr-FR"}]}},"_links":{"self":[{"href":"https:\/\/comprardevoluciones.com\/fr\/wp-json\/wp\/v2\/product\/167153","targetHints":{"allow":["GET"]}}],"collection":[{"href":"https:\/\/comprardevoluciones.com\/fr\/wp-json\/wp\/v2\/product"}],"about":[{"href":"https:\/\/comprardevoluciones.com\/fr\/wp-json\/wp\/v2\/types\/product"}],"wp:featuredmedia":[{"embeddable":true,"href":"https:\/\/comprardevoluciones.com\/fr\/wp-json\/wp\/v2\/media\/167307"}],"wp:attachment":[{"href":"https:\/\/comprardevoluciones.com\/fr\/wp-json\/wp\/v2\/media?parent=167153"}],"wp:term":[{"taxonomy":"product_brand","embeddable":true,"href":"https:\/\/comprardevoluciones.com\/fr\/wp-json\/wp\/v2\/product_brand?post=167153"},{"taxonomy":"product_cat","embeddable":true,"href":"https:\/\/comprardevoluciones.com\/fr\/wp-json\/wp\/v2\/product_cat?post=167153"},{"taxonomy":"product_tag","embeddable":true,"href":"https:\/\/comprardevoluciones.com\/fr\/wp-json\/wp\/v2\/product_tag?post=167153"}],"curies":[{"name":"wp","href":"https:\/\/api.w.org\/{rel}","templated":true}]}}