{"id":175888,"date":"2026-04-17T10:00:34","date_gmt":"2026-04-17T09:00:34","guid":{"rendered":"https:\/\/comprardevoluciones.com\/?post_type=product&#038;p=175888"},"modified":"2026-04-17T08:40:13","modified_gmt":"2026-04-17T07:40:13","slug":"10224416","status":"publish","type":"product","link":"https:\/\/comprardevoluciones.com\/fr\/producto\/10224416\/","title":{"rendered":"Pal\u00e9 de Electrodom\u00e9sticos [24 productos] (10224416)"},"content":{"rendered":"<p>Descripci\u00f3n y valor aproximados<\/p>\n<table>\n<tbody>\n<tr>\n<td><strong>FUENTE<\/strong><\/td>\n<td><strong>PRODUCTO<\/strong><\/td>\n<td><strong>VALOR (\u20ac)<\/strong><\/td>\n<td><strong>PAGAS (\u20ac)<\/strong><\/td>\n<\/tr>\n<tr>\n<td>MARKETPLACES<\/td>\n<td><a class=\"ljoptimizer\" href=\"https:\/\/www.amazon.es\/dp\/B0DV9RYFHY?tag=amazon087683-21&amp;th=1\" target=\"_blank\" rel=\"nofollow noopener\">iRobot Roomba\u00ae 205 DustCompactor Combo Robotstofuiger met Dweilfunctie &#8211; Vuilcompactor &#8211; Zonder zak &#8211; 7000Pa &#8211; ClearView LiDAR &#8211; Schoonmaak- en vermijdzones &#8211; 4 Zuigniveaus &#8211; Objectdetectie<\/a><\/td>\n<td>475 \u20ac<\/td>\n<td>109 \u20ac<\/td>\n<\/tr>\n<tr>\n<td>MARKETPLACES<\/td>\n<td><a class=\"ljoptimizer\" href=\"https:\/\/www.amazon.es\/dp\/B0CNS3LHJ4?tag=amazon087683-21&amp;th=1\" target=\"_blank\" rel=\"nofollow noopener\">Cecotec Cafetera Superautom\u00e1tica Cremmaet Compactccino Black Rose, 19 bares, Tanque de leche, Sistema Thermoblock, 5 niveles de molienda, Dep\u00f3sito 150g caf\u00e9<\/a><\/td>\n<td>412 \u20ac<\/td>\n<td>95 \u20ac<\/td>\n<\/tr>\n<tr>\n<td>MARKETPLACES<\/td>\n<td><a class=\"ljoptimizer\" href=\"https:\/\/www.amazon.es\/dp\/B0BQ1P5CB8?tag=amazon087683-21&amp;th=1\" target=\"_blank\" rel=\"nofollow noopener\">Cecotec Cafetera Express Barista Power Espresso 20 Barista. 2250W, 20 Bares, Manometro y 2 Thermoblocks, Dep\u00f3sito de Caf\u00e9 en Grano, Molinillo con 20 Niveles, Vaporizador<\/a><\/td>\n<td>269 \u20ac<\/td>\n<td>62 \u20ac<\/td>\n<\/tr>\n<tr>\n<td>MARKETPLACES<\/td>\n<td><a class=\"ljoptimizer\" href=\"https:\/\/www.amazon.es\/dp\/B0DW4M17LC?tag=amazon087683-21&amp;th=1\" target=\"_blank\" rel=\"nofollow noopener\">Cecotec Robot Aspirador y Friegasuelos Conga 7690 Immortal MAX M. 5000Pa, Tecnolog\u00eda de Navegaci\u00f3n L\u00e1ser, Autonom\u00eda 220mins, Cepillo Central Silicona, Mopa de Fregado, 1 Cepillo Lateral, Control App<\/a><\/td>\n<td>223 \u20ac<\/td>\n<td>51 \u20ac<\/td>\n<\/tr>\n<tr>\n<td>MARKETPLACES<\/td>\n<td><a class=\"ljoptimizer\" href=\"https:\/\/www.amazon.es\/dp\/B08TM5D275?tag=amazon087683-21&amp;th=1\" target=\"_blank\" rel=\"nofollow noopener\">Philips Essential Conectada Airfryer XL, 6.2L, Freidora sin Aceite, Wi-Fi, Tecnolog\u00eda Rapid Air, 13 Funciones, Pantalla T\u00e1ctil, HomeID App, Negro (HD9280\/90)<\/a><\/td>\n<td>207 \u20ac<\/td>\n<td>48 \u20ac<\/td>\n<\/tr>\n<tr>\n<td>MARKETPLACES<\/td>\n<td><a class=\"ljoptimizer\" href=\"https:\/\/www.amazon.es\/dp\/B0D73WKNTT?tag=amazon087683-21&amp;th=1\" target=\"_blank\" rel=\"nofollow noopener\">XIAOMI Robot Vacuum S20 &#8211; Robot Aspirador y fregasuelos con Sistema Inteligente de navegaci\u00f3n l\u00e1ser (LDS), succi\u00f3n de 5000 Pa, rutas de Limpieza en Zigzag, Blanco (Versi\u00f3n ES)<\/a><\/td>\n<td>188 \u20ac<\/td>\n<td>43 \u20ac<\/td>\n<\/tr>\n<tr>\n<td>MARKETPLACES<\/td>\n<td><a class=\"ljoptimizer\" href=\"https:\/\/www.amazon.es\/dp\/B07F4FC1MS?tag=amazon087683-21&amp;th=1\" target=\"_blank\" rel=\"nofollow noopener\">Rowenta Intense Comfort Hot &#8211; Calefactor bajo consumo cer\u00e1mico de torre, silencioso, 3 potencias regulables hasta 2400 W, funci\u00f3n Eco, funci\u00f3n auto y manual, incluye mando a distancia, SO9420<\/a><\/td>\n<td>165 \u20ac<\/td>\n<td>38 \u20ac<\/td>\n<\/tr>\n<tr>\n<td>MARKETPLACES<\/td>\n<td><a class=\"ljoptimizer\" href=\"https:\/\/www.amazon.es\/dp\/B0D94RJBBG?tag=amazon087683-21&amp;th=1\" target=\"_blank\" rel=\"nofollow noopener\">Hoover HP1 Aspiradora Compacta Potente para Suelos Duros, Delicados y Alfombras, Boquillas para Parquet y Mascotas, Filtro de Polvo EPA, Capacidad 2L, Accesorios Integrados, Radio de 8,2m [HP120PET]<\/a><\/td>\n<td>159 \u20ac<\/td>\n<td>37 \u20ac<\/td>\n<\/tr>\n<tr>\n<td>MARKETPLACES<\/td>\n<td><a class=\"ljoptimizer\" href=\"https:\/\/www.amazon.es\/dp\/B0CY4LST7F?tag=amazon087683-21&amp;th=1\" target=\"_blank\" rel=\"nofollow noopener\">LEVOIT Aspiradora sin Cable, Antienredos para Mascotas, Autonom\u00eda de 12-50min, 4 en 1 Aspirador con Bater\u00eda Extra\u00edble, 99,9% de Filtraci\u00f3n, Aspiradora Escoba para Alfombras, Suelos Duros, Coches<\/a><\/td>\n<td>157 \u20ac<\/td>\n<td>36 \u20ac<\/td>\n<\/tr>\n<tr>\n<td>MARKETPLACES<\/td>\n<td><a class=\"ljoptimizer\" href=\"https:\/\/www.amazon.es\/dp\/B0DZ2B8K59?tag=amazon087683-21&amp;th=1\" target=\"_blank\" rel=\"nofollow noopener\">CONOPUPlus 12L\/d\u00eda Deshumidificador, Drenaje Continuo, Deshumidificaci\u00f3n Auto, Modo de Sue\u00f1o, 24HTimer ENC\/APAG, Deshumidificadors Bajo Consumo, Brind\u00e1ndote una Experiencia C\u00f3moda y Seca<\/a><\/td>\n<td>150 \u20ac<\/td>\n<td>34 \u20ac<\/td>\n<\/tr>\n<tr>\n<td>MARKETPLACES<\/td>\n<td><a class=\"ljoptimizer\" href=\"https:\/\/www.amazon.es\/dp\/B09XXQP91L?tag=amazon087683-21&amp;th=1\" target=\"_blank\" rel=\"nofollow noopener\">G3 Ferrari G10153 Rost\u00f2 45 &#8211; Horno el\u00e9ctrico ventilado, 45 litros, 300\u00ba C, metal<\/a><\/td>\n<td>150 \u20ac<\/td>\n<td>34 \u20ac<\/td>\n<\/tr>\n<tr>\n<td>MARKETPLACES<\/td>\n<td><a class=\"ljoptimizer\" href=\"https:\/\/www.amazon.es\/dp\/B09SHRZ28W?tag=amazon087683-21&amp;th=1\" target=\"_blank\" rel=\"nofollow noopener\">Ariete 1380 Cafetera de metal, compatible con caf\u00e9 en polvo y monodosis ESE, 1300 W, capacidad 1,1 L, 15 bar de presi\u00f3n, filtro \u00bd tazas, dispositivo capuchino, plata<\/a><\/td>\n<td>114 \u20ac<\/td>\n<td>26 \u20ac<\/td>\n<\/tr>\n<tr>\n<td>MARKETPLACES<\/td>\n<td><a class=\"ljoptimizer\" href=\"https:\/\/www.amazon.es\/dp\/B0CWV9LST4?tag=amazon087683-21&amp;th=1\" target=\"_blank\" rel=\"nofollow noopener\">XIAOMI Robot Vacuum E5 &#8211; Robot Aspirador con Funci\u00f3n de aspiraci\u00f3n y fregado en uno, succi\u00f3n de 2000 Pa, Planificaci\u00f3n Inteligente de rutas, Blanco (Versi\u00f3n ES)<\/a><\/td>\n<td>102 \u20ac<\/td>\n<td>24 \u20ac<\/td>\n<\/tr>\n<tr>\n<td>MARKETPLACES<\/td>\n<td><a class=\"ljoptimizer\" href=\"https:\/\/www.amazon.es\/dp\/B0BPZ3KG1C?tag=amazon087683-21&amp;th=1\" target=\"_blank\" rel=\"nofollow noopener\">Cecotec Robot Aspirador con Navegaci\u00f3n Girosc\u00f3pica Conga 999 Map X-Treme. Motor de Succi\u00f3n 2000Pa, 2 Cepillos Laterales, 2 Mopas de Fregado, Autonom\u00eda 120 mins, Control con App y Mando<\/a><\/td>\n<td>99 \u20ac<\/td>\n<td>23 \u20ac<\/td>\n<\/tr>\n<tr>\n<td>MARKETPLACES<\/td>\n<td><a class=\"ljoptimizer\" href=\"https:\/\/www.amazon.es\/dp\/B0DLKJYQCK?tag=amazon087683-21&amp;th=1\" target=\"_blank\" rel=\"nofollow noopener\">KASANOVA 1 LT4 GREEN DIGITALE HEISSLUFTFRITTEUSE, Polypropylen Eisen Elektronische Komponenten<\/a><\/td>\n<td>93 \u20ac<\/td>\n<td>21 \u20ac<\/td>\n<\/tr>\n<tr>\n<td>MARKETPLACES<\/td>\n<td><a class=\"ljoptimizer\" href=\"https:\/\/www.amazon.es\/dp\/B0BQ1KNVB7?tag=amazon087683-21&amp;th=1\" target=\"_blank\" rel=\"nofollow noopener\">Cecotec Aspirador Vertical sin Cable Ultraligero Scoba 2100 Jalisco. 210 W y 20 kPa de Poder de Succi\u00f3n, Motor Digital Brusless, Autonom\u00eda 40 mins, Tubo y Cepillo Jalisco motorizado, 2 Accesorios<\/a><\/td>\n<td>92 \u20ac<\/td>\n<td>21 \u20ac<\/td>\n<\/tr>\n<tr>\n<td>MARKETPLACES<\/td>\n<td><a class=\"ljoptimizer\" href=\"https:\/\/www.amazon.es\/dp\/B0DGLTKS18?tag=amazon087683-21&amp;th=1\" target=\"_blank\" rel=\"nofollow noopener\">Di4 SteamClean Multi 12 ProMax Limpiador Vapor Multifunci\u00f3n 12 en 1, 1500W, Elimina 99,9% de Virus y Bacterias, Vaporeta Limpieza Hogar ECO sin Detergentes, Limpiador Tapiceria, Limpia Sofas<\/a><\/td>\n<td>65 \u20ac<\/td>\n<td>15 \u20ac<\/td>\n<\/tr>\n<tr>\n<td>MARKETPLACES<\/td>\n<td><a class=\"ljoptimizer\" href=\"https:\/\/www.amazon.es\/dp\/B0968KM23S?tag=amazon087683-21&amp;th=1\" target=\"_blank\" rel=\"nofollow noopener\">Rejilla de ventilaci\u00f3n KRATKI Air | Rejilla de Aire Caliente 9 x 100 cm | Negro | Rejilla de Escape para ventilaci\u00f3n de chimeneas | Entrada de Aire en un \u00e1ngulo de 45 Grados<\/a><\/td>\n<td>65 \u20ac<\/td>\n<td>15 \u20ac<\/td>\n<\/tr>\n<tr>\n<td>MARKETPLACES<\/td>\n<td><a class=\"ljoptimizer\" href=\"https:\/\/www.amazon.es\/dp\/B09HKXL6BM?tag=amazon087683-21&amp;th=1\" target=\"_blank\" rel=\"nofollow noopener\">Cecotec Radiador El\u00e9ctrico de Aceite ReadyWarm 7000 Space. 7 M\u00f3dulos, Bajo Consumo, 1500 W, 3 Niveles, Recogecables, Sistema de Seguridad, Ruedas, 15 m2<\/a><\/td>\n<td>61 \u20ac<\/td>\n<td>14 \u20ac<\/td>\n<\/tr>\n<tr>\n<td>MARKETPLACES<\/td>\n<td><a class=\"ljoptimizer\" href=\"https:\/\/www.amazon.es\/dp\/B00SBCZDDI?tag=amazon087683-21&amp;th=1\" target=\"_blank\" rel=\"nofollow noopener\">NEWLUX &#8211; Robot de Cocina Multifunci\u00f3n 5L SmartChef V50 con Cubeta Antiadherente, Programable 24H, 9 Funciones y 8 Men\u00fas autom\u00e1ticos. Mantiene Caliente 24H, Negro<\/a><\/td>\n<td>60 \u20ac<\/td>\n<td>14 \u20ac<\/td>\n<\/tr>\n<tr>\n<td>MARKETPLACES<\/td>\n<td><a class=\"ljoptimizer\" href=\"https:\/\/www.amazon.es\/dp\/B0BQ1JSZSN?tag=amazon087683-21&amp;th=1\" target=\"_blank\" rel=\"nofollow noopener\">Cecotec Horno de sobremesa Bake&amp;Toast 2300 White, 23 L, 1500 W, 3 modos de calor, Temporizador 60min, Temperatura regulable hasta 230\u00baC, Bandeja recogemigas.<\/a><\/td>\n<td>59 \u20ac<\/td>\n<td>14 \u20ac<\/td>\n<\/tr>\n<tr>\n<td>MARKETPLACES<\/td>\n<td><a class=\"ljoptimizer\" href=\"https:\/\/www.amazon.es\/dp\/B08H223S16?tag=amazon087683-21&amp;th=1\" target=\"_blank\" rel=\"nofollow noopener\">Princess Table Chef XXL Classic, Revestimiento Antiadherente de Doble Capa, 2500 W, Superficie de 60 x 36 cm, Asas Fr\u00edas al Tacto, Temperatura Regulable, Para Entre 4 y 6 Personas, Color Negro, 102325<\/a><\/td>\n<td>49 \u20ac<\/td>\n<td>11 \u20ac<\/td>\n<\/tr>\n<tr>\n<td>MARKETPLACES<\/td>\n<td><a class=\"ljoptimizer\" href=\"https:\/\/www.amazon.es\/dp\/B085DMQ7VZ?tag=amazon087683-21&amp;th=1\" target=\"_blank\" rel=\"nofollow noopener\">Cecotec Aspirador Vertical Conga Thunderbrush 560. 2 en 1, 600 W, Tecnolog\u00eda cicl\u00f3nica, Filtro de Alta eficiencia, Radio de acci\u00f3n 6 Metros, Incluye 2 Accesorios<\/a><\/td>\n<td>36 \u20ac<\/td>\n<td>8 \u20ac<\/td>\n<\/tr>\n<tr>\n<td>MARKETPLACES<\/td>\n<td><a class=\"ljoptimizer\" href=\"https:\/\/www.amazon.es\/dp\/B085DMQ7VZ?tag=amazon087683-21&amp;th=1\" target=\"_blank\" rel=\"nofollow noopener\">Cecotec Aspirador Vertical Conga Thunderbrush 560. 2 en 1, 600 W, Tecnolog\u00eda cicl\u00f3nica, Filtro de Alta eficiencia, Radio de acci\u00f3n 6 Metros, Incluye 2 Accesorios<\/a><\/td>\n<td>36 \u20ac<\/td>\n<td>8 \u20ac<\/td>\n<\/tr>\n<\/tbody>\n<\/table>\n","protected":false},"excerpt":{"rendered":"<p>Pal\u00e9 de Electrodom\u00e9sticos sin revisar procedente de devoluciones de marketplaces<\/p>\n<ul>\n<li>N\u00famero de productos: 24<\/li>\n<li>Valor aproximado: 3486.00<\/li>\n<li>Porcentaje que se paga: 19% + IVA<\/li>\n<li>Tiempo de entrega estimado: 3 a 7 d\u00edas<\/li>\n<\/ul>\n<p>*Los precios incluyen IVA<\/p>\n","protected":false},"featured_media":175421,"template":"","meta":{"site-sidebar-layout":"default","site-content-layout":"","ast-site-content-layout":"default","site-content-style":"default","site-sidebar-style":"default","ast-global-header-display":"","ast-banner-title-visibility":"","ast-main-header-display":"","ast-hfb-above-header-display":"","ast-hfb-below-header-display":"","ast-hfb-mobile-header-display":"","site-post-title":"","ast-breadcrumbs-content":"","ast-featured-img":"","footer-sml-layout":"","ast-disable-related-posts":"","theme-transparent-header-meta":"default","adv-header-id-meta":"","stick-header-meta":"","header-above-stick-meta":"","header-main-stick-meta":"","header-below-stick-meta":"","astra-migrate-meta-layouts":"set","ast-page-background-enabled":"default","ast-page-background-meta":{"desktop":{"background-color":"var(--ast-global-color-4)","background-image":"","background-repeat":"repeat","background-position":"center center","background-size":"auto","background-attachment":"scroll","background-type":"","background-media":"","overlay-type":"","overlay-color":"","overlay-opacity":"","overlay-gradient":""},"tablet":{"background-color":"","background-image":"","background-repeat":"repeat","background-position":"center center","background-size":"auto","background-attachment":"scroll","background-type":"","background-media":"","overlay-type":"","overlay-color":"","overlay-opacity":"","overlay-gradient":""},"mobile":{"background-color":"","background-image":"","background-repeat":"repeat","background-position":"center center","background-size":"auto","background-attachment":"scroll","background-type":"","background-media":"","overlay-type":"","overlay-color":"","overlay-opacity":"","overlay-gradient":""}},"ast-content-background-meta":{"desktop":{"background-color":"var(--ast-global-color-5)","background-image":"","background-repeat":"repeat","background-position":"center center","background-size":"auto","background-attachment":"scroll","background-type":"","background-media":"","overlay-type":"","overlay-color":"","overlay-opacity":"","overlay-gradient":""},"tablet":{"background-color":"var(--ast-global-color-5)","background-image":"","background-repeat":"repeat","background-position":"center center","background-size":"auto","background-attachment":"scroll","background-type":"","background-media":"","overlay-type":"","overlay-color":"","overlay-opacity":"","overlay-gradient":""},"mobile":{"background-color":"var(--ast-global-color-5)","background-image":"","background-repeat":"repeat","background-position":"center center","background-size":"auto","background-attachment":"scroll","background-type":"","background-media":"","overlay-type":"","overlay-color":"","overlay-opacity":"","overlay-gradient":""}}},"product_brand":[],"product_cat":[51,65],"product_tag":[],"class_list":{"0":"post-175888","1":"product","2":"type-product","3":"status-publish","4":"has-post-thumbnail","6":"product_cat-electrodomesticos","7":"product_cat-pales","8":"product_shipping_class-pale","9":"desktop-align-left","10":"tablet-align-left","11":"mobile-align-left","13":"first","14":"instock","15":"sale","16":"downloadable","17":"taxable","18":"shipping-taxable","19":"purchasable","20":"product-type-simple"},"yoast_head":"<!-- This site is optimized with the Yoast SEO plugin v27.2 - https:\/\/yoast.com\/product\/yoast-seo-wordpress\/ -->\n<title>Pal\u00e9 de Electrodom\u00e9sticos [24 productos] (10224416) - Comprardevoluciones - Tu tienda de Devoluciones de Amazon<\/title>\n<meta name=\"robots\" content=\"noindex, follow\" \/>\n<meta property=\"og:locale\" content=\"fr_FR\" \/>\n<meta property=\"og:type\" content=\"article\" \/>\n<meta property=\"og:title\" content=\"Pal\u00e9 de Electrodom\u00e9sticos [24 productos] (10224416) - Comprardevoluciones - Tu tienda de Devoluciones de Amazon\" \/>\n<meta property=\"og:description\" content=\"Pal\u00e9 de Electrodom\u00e9sticos sin revisar procedente de devoluciones de marketplaces   N\u00famero de productos: 24  Valor aproximado: 3486.00  Porcentaje que se paga: 19% + IVA  Tiempo de entrega estimado: 3 a 7 d\u00edas  *Los precios incluyen IVA\" \/>\n<meta property=\"og:url\" content=\"https:\/\/comprardevoluciones.com\/producto\/10224416\/\" \/>\n<meta property=\"og:site_name\" content=\"Comprardevoluciones - Tu tienda de Devoluciones de Amazon\" \/>\n<meta property=\"og:image\" content=\"https:\/\/comprardevoluciones.com\/wp-content\/uploads\/2026\/03\/10224416.jpg\" \/>\n\t<meta property=\"og:image:width\" content=\"700\" \/>\n\t<meta property=\"og:image:height\" content=\"700\" \/>\n\t<meta property=\"og:image:type\" content=\"image\/jpeg\" \/>\n<meta name=\"twitter:card\" content=\"summary_large_image\" \/>\n<meta name=\"twitter:label1\" content=\"Dur\u00e9e de lecture estim\u00e9e\" \/>\n\t<meta name=\"twitter:data1\" content=\"4 minutes\" \/>\n<script type=\"application\/ld+json\" class=\"yoast-schema-graph\">{\"@context\":\"https:\/\/schema.org\",\"@graph\":[{\"@type\":\"WebPage\",\"@id\":\"https:\/\/comprardevoluciones.com\/producto\/10224416\/\",\"url\":\"https:\/\/comprardevoluciones.com\/producto\/10224416\/\",\"name\":\"Pal\u00e9 de Electrodom\u00e9sticos [24 productos] (10224416) - Comprardevoluciones - Tu tienda de Devoluciones de Amazon\",\"isPartOf\":{\"@id\":\"https:\/\/comprardevoluciones.com\/#website\"},\"primaryImageOfPage\":{\"@id\":\"https:\/\/comprardevoluciones.com\/producto\/10224416\/#primaryimage\"},\"image\":{\"@id\":\"https:\/\/comprardevoluciones.com\/producto\/10224416\/#primaryimage\"},\"thumbnailUrl\":\"https:\/\/comprardevoluciones.com\/wp-content\/uploads\/2026\/03\/10224416.jpg\",\"datePublished\":\"2026-04-17T09:00:34+00:00\",\"breadcrumb\":{\"@id\":\"https:\/\/comprardevoluciones.com\/producto\/10224416\/#breadcrumb\"},\"inLanguage\":\"fr-FR\",\"potentialAction\":[{\"@type\":\"ReadAction\",\"target\":[\"https:\/\/comprardevoluciones.com\/producto\/10224416\/\"]}]},{\"@type\":\"ImageObject\",\"inLanguage\":\"fr-FR\",\"@id\":\"https:\/\/comprardevoluciones.com\/producto\/10224416\/#primaryimage\",\"url\":\"https:\/\/comprardevoluciones.com\/wp-content\/uploads\/2026\/03\/10224416.jpg\",\"contentUrl\":\"https:\/\/comprardevoluciones.com\/wp-content\/uploads\/2026\/03\/10224416.jpg\",\"width\":700,\"height\":700},{\"@type\":\"BreadcrumbList\",\"@id\":\"https:\/\/comprardevoluciones.com\/producto\/10224416\/#breadcrumb\",\"itemListElement\":[{\"@type\":\"ListItem\",\"position\":1,\"name\":\"Portada\",\"item\":\"https:\/\/comprardevoluciones.com\/fr\/\"},{\"@type\":\"ListItem\",\"position\":2,\"name\":\"Shop\",\"item\":\"https:\/\/comprardevoluciones.com\/fr\/shop\/\"},{\"@type\":\"ListItem\",\"position\":3,\"name\":\"Pal\u00e9 de Electrodom\u00e9sticos [24 productos] (10224416)\"}]},{\"@type\":\"WebSite\",\"@id\":\"https:\/\/comprardevoluciones.com\/#website\",\"url\":\"https:\/\/comprardevoluciones.com\/\",\"name\":\"Comprardevoluciones - Tu tienda de Devoluciones de Amazon\",\"description\":\"Consigue Stock en buen estado a un precio imbatible\",\"potentialAction\":[{\"@type\":\"SearchAction\",\"target\":{\"@type\":\"EntryPoint\",\"urlTemplate\":\"https:\/\/comprardevoluciones.com\/?s={search_term_string}\"},\"query-input\":{\"@type\":\"PropertyValueSpecification\",\"valueRequired\":true,\"valueName\":\"search_term_string\"}}],\"inLanguage\":\"fr-FR\"}]}<\/script>\n<!-- \/ Yoast SEO plugin. -->","yoast_head_json":{"title":"Pal\u00e9 de Electrodom\u00e9sticos [24 productos] (10224416) - Comprardevoluciones - Tu tienda de Devoluciones de Amazon","robots":{"index":"noindex","follow":"follow"},"og_locale":"fr_FR","og_type":"article","og_title":"Pal\u00e9 de Electrodom\u00e9sticos [24 productos] (10224416) - Comprardevoluciones - Tu tienda de Devoluciones de Amazon","og_description":"Pal\u00e9 de Electrodom\u00e9sticos sin revisar procedente de devoluciones de marketplaces   N\u00famero de productos: 24  Valor aproximado: 3486.00  Porcentaje que se paga: 19% + IVA  Tiempo de entrega estimado: 3 a 7 d\u00edas  *Los precios incluyen IVA","og_url":"https:\/\/comprardevoluciones.com\/producto\/10224416\/","og_site_name":"Comprardevoluciones - Tu tienda de Devoluciones de Amazon","og_image":[{"width":700,"height":700,"url":"https:\/\/comprardevoluciones.com\/wp-content\/uploads\/2026\/03\/10224416.jpg","type":"image\/jpeg"}],"twitter_card":"summary_large_image","twitter_misc":{"Dur\u00e9e de lecture estim\u00e9e":"4 minutes"},"schema":{"@context":"https:\/\/schema.org","@graph":[{"@type":"WebPage","@id":"https:\/\/comprardevoluciones.com\/producto\/10224416\/","url":"https:\/\/comprardevoluciones.com\/producto\/10224416\/","name":"Pal\u00e9 de Electrodom\u00e9sticos [24 productos] (10224416) - Comprardevoluciones - Tu tienda de Devoluciones de Amazon","isPartOf":{"@id":"https:\/\/comprardevoluciones.com\/#website"},"primaryImageOfPage":{"@id":"https:\/\/comprardevoluciones.com\/producto\/10224416\/#primaryimage"},"image":{"@id":"https:\/\/comprardevoluciones.com\/producto\/10224416\/#primaryimage"},"thumbnailUrl":"https:\/\/comprardevoluciones.com\/wp-content\/uploads\/2026\/03\/10224416.jpg","datePublished":"2026-04-17T09:00:34+00:00","breadcrumb":{"@id":"https:\/\/comprardevoluciones.com\/producto\/10224416\/#breadcrumb"},"inLanguage":"fr-FR","potentialAction":[{"@type":"ReadAction","target":["https:\/\/comprardevoluciones.com\/producto\/10224416\/"]}]},{"@type":"ImageObject","inLanguage":"fr-FR","@id":"https:\/\/comprardevoluciones.com\/producto\/10224416\/#primaryimage","url":"https:\/\/comprardevoluciones.com\/wp-content\/uploads\/2026\/03\/10224416.jpg","contentUrl":"https:\/\/comprardevoluciones.com\/wp-content\/uploads\/2026\/03\/10224416.jpg","width":700,"height":700},{"@type":"BreadcrumbList","@id":"https:\/\/comprardevoluciones.com\/producto\/10224416\/#breadcrumb","itemListElement":[{"@type":"ListItem","position":1,"name":"Portada","item":"https:\/\/comprardevoluciones.com\/fr\/"},{"@type":"ListItem","position":2,"name":"Shop","item":"https:\/\/comprardevoluciones.com\/fr\/shop\/"},{"@type":"ListItem","position":3,"name":"Pal\u00e9 de Electrodom\u00e9sticos [24 productos] (10224416)"}]},{"@type":"WebSite","@id":"https:\/\/comprardevoluciones.com\/#website","url":"https:\/\/comprardevoluciones.com\/","name":"Comprardevoluciones - Tu tienda de Devoluciones de Amazon","description":"Consigue Stock en buen estado a un precio imbatible","potentialAction":[{"@type":"SearchAction","target":{"@type":"EntryPoint","urlTemplate":"https:\/\/comprardevoluciones.com\/?s={search_term_string}"},"query-input":{"@type":"PropertyValueSpecification","valueRequired":true,"valueName":"search_term_string"}}],"inLanguage":"fr-FR"}]}},"_links":{"self":[{"href":"https:\/\/comprardevoluciones.com\/fr\/wp-json\/wp\/v2\/product\/175888","targetHints":{"allow":["GET"]}}],"collection":[{"href":"https:\/\/comprardevoluciones.com\/fr\/wp-json\/wp\/v2\/product"}],"about":[{"href":"https:\/\/comprardevoluciones.com\/fr\/wp-json\/wp\/v2\/types\/product"}],"wp:featuredmedia":[{"embeddable":true,"href":"https:\/\/comprardevoluciones.com\/fr\/wp-json\/wp\/v2\/media\/175421"}],"wp:attachment":[{"href":"https:\/\/comprardevoluciones.com\/fr\/wp-json\/wp\/v2\/media?parent=175888"}],"wp:term":[{"taxonomy":"product_brand","embeddable":true,"href":"https:\/\/comprardevoluciones.com\/fr\/wp-json\/wp\/v2\/product_brand?post=175888"},{"taxonomy":"product_cat","embeddable":true,"href":"https:\/\/comprardevoluciones.com\/fr\/wp-json\/wp\/v2\/product_cat?post=175888"},{"taxonomy":"product_tag","embeddable":true,"href":"https:\/\/comprardevoluciones.com\/fr\/wp-json\/wp\/v2\/product_tag?post=175888"}],"curies":[{"name":"wp","href":"https:\/\/api.w.org\/{rel}","templated":true}]}}