{"id":176105,"date":"2026-04-03T10:00:40","date_gmt":"2026-04-03T09:00:40","guid":{"rendered":"https:\/\/comprardevoluciones.com\/?post_type=product&#038;p=176105"},"modified":"2026-04-03T10:49:06","modified_gmt":"2026-04-03T09:49:06","slug":"sp200431292","status":"publish","type":"product","link":"https:\/\/comprardevoluciones.com\/fr\/producto\/sp200431292\/","title":{"rendered":"Caja de Hogar [30 productos] (sp200431292)"},"content":{"rendered":"<p>Descripci\u00f3n y valor aproximados<\/p>\n<table>\n<tbody>\n<tr>\n<td><strong>FUENTE<\/strong><\/td>\n<td><strong>PRODUCTO<\/strong><\/td>\n<td><strong>VALOR (\u20ac)<\/strong><\/td>\n<td><strong>PAGAS (\u20ac)<\/strong><\/td>\n<\/tr>\n<tr>\n<td>MARKETPLACES<\/td>\n<td><a class=\"ljoptimizer\" href=\"https:\/\/www.amazon.es\/dp\/B0DWX1NZVP?tag=amazon087683-21&amp;th=1\" target=\"_blank\" rel=\"nofollow noopener\">1,8 m x 0,8 m arco de boda, soporte para globos, arco de fondo, marco de metal, juego de soporte para bodas, cumplea\u00f1os, fiestas, graduaciones, aniversarios, celebraciones, decoraci\u00f3n de fondo de<\/a><\/td>\n<td>46\u20ac<\/td>\n<td>7\u20ac<\/td>\n<\/tr>\n<tr>\n<td>MARKETPLACES<\/td>\n<td><a class=\"ljoptimizer\" href=\"https:\/\/www.amazon.es\/dp\/B097Q4WS29?tag=amazon087683-21&amp;th=1\" target=\"_blank\" rel=\"nofollow noopener\">Regulador de baja presi\u00f3n de 2 niveles, 50 mbar, incluye llave de cilindro de gas para barbacoa GLP y calefacci\u00f3n con man\u00f3metro para indicaci\u00f3n de gas residual y control de fugas<\/a><\/td>\n<td>45\u20ac<\/td>\n<td>7\u20ac<\/td>\n<\/tr>\n<tr>\n<td>MARKETPLACES<\/td>\n<td><a class=\"ljoptimizer\" href=\"https:\/\/www.amazon.es\/dp\/B0D33LYH3P?tag=amazon087683-21&amp;th=1\" target=\"_blank\" rel=\"nofollow noopener\">Mesita de Noche de Pared, Cajonera, Estante Colgando para Dormitorios, Mesa de Pared Delgada con Estante de Almacenamiento, Blanco. Tama\u00f1o: W35 x H30 x D31,6 cm<\/a><\/td>\n<td>39\u20ac<\/td>\n<td>6\u20ac<\/td>\n<\/tr>\n<tr>\n<td>MARKETPLACES<\/td>\n<td><a class=\"ljoptimizer\" href=\"https:\/\/www.amazon.es\/dp\/B0B8P8SMRN?tag=amazon087683-21&amp;th=1\" target=\"_blank\" rel=\"nofollow noopener\">Intex 64116 Dura-Beam Standard Pillow Rest Mid-Rise Colch\u00f3n Hinchable Individual, 99 x 191 x 30 cm<\/a><\/td>\n<td>35\u20ac<\/td>\n<td>6\u20ac<\/td>\n<\/tr>\n<tr>\n<td>MARKETPLACES<\/td>\n<td><a class=\"ljoptimizer\" href=\"https:\/\/www.amazon.es\/dp\/B0CFFRTV2J?tag=amazon087683-21&amp;th=1\" target=\"_blank\" rel=\"nofollow noopener\">Uposao Soporte de 3 niveles para plantas, soporte de metal para macetas, estante para macetas, organizador de almacenamiento para interiores y exteriores, balc\u00f3n, jard\u00edn<\/a><\/td>\n<td>33\u20ac<\/td>\n<td>5\u20ac<\/td>\n<\/tr>\n<tr>\n<td>MARKETPLACES<\/td>\n<td><a class=\"ljoptimizer\" href=\"https:\/\/www.amazon.es\/dp\/B085WJZTD6?tag=amazon087683-21&amp;th=1\" target=\"_blank\" rel=\"nofollow noopener\">Hama I Estaci\u00f3n meterol\u00f3gica Interior Exterior con pantalla digital (Estaci\u00f3n meteorol\u00f3gica wifi \u00ab\u00a0Touch\u00a0\u00bb, DCF, Term\u00f3metro, Higr\u00f3metro, Reloj, Calendario, Alarma) Negro<\/a><\/td>\n<td>31\u20ac<\/td>\n<td>5\u20ac<\/td>\n<\/tr>\n<tr>\n<td>MARKETPLACES<\/td>\n<td><a class=\"ljoptimizer\" href=\"https:\/\/www.amazon.es\/dp\/B09X62TGHT?tag=amazon087683-21&amp;th=1\" target=\"_blank\" rel=\"nofollow noopener\">CULTIVEA\u00ae Kit de Bons\u00e1i Premium- Jardiner\u00eda y Decoraci\u00f3n- Huerto interior -Plantas naturales- Hilo, Fertilizante, Herramientas, Tijeras Redondas, Tijeras Peque\u00f1as para Bons\u00e1i &#8211; Idea Original de Regalo<\/a><\/td>\n<td>30\u20ac<\/td>\n<td>5\u20ac<\/td>\n<\/tr>\n<tr>\n<td>MARKETPLACES<\/td>\n<td><a class=\"ljoptimizer\" href=\"https:\/\/www.amazon.es\/dp\/B0F5PWKH7D?tag=amazon087683-21&amp;th=1\" target=\"_blank\" rel=\"nofollow noopener\">Ystyle Fundas Sillas de Comedor Pack 6 Extensible, Fundas Sillas El\u00e1stico Universal Ajustables, S\u00faper Suave C\u00f3modo Antiara\u00f1azos para Banquetes Hogar Restaurante Hotel, Caqui<\/a><\/td>\n<td>29\u20ac<\/td>\n<td>5\u20ac<\/td>\n<\/tr>\n<tr>\n<td>MARKETPLACES<\/td>\n<td><a class=\"ljoptimizer\" href=\"https:\/\/www.amazon.es\/dp\/B0G5CXBTLG?tag=amazon087683-21&amp;th=1\" target=\"_blank\" rel=\"nofollow noopener\">IMEX EL ZORRO \u2013 Juego 4 Patas Somier Sin Ruedas | 35&#215;3,5 cm | Metal Resistente con Acabado Gris | Rosca Est\u00e1ndar Universal | Compatibles con Somieres de Cama (Paquete de 2)<\/a><\/td>\n<td>28\u20ac<\/td>\n<td>4\u20ac<\/td>\n<\/tr>\n<tr>\n<td>MARKETPLACES<\/td>\n<td><a class=\"ljoptimizer\" href=\"https:\/\/www.amazon.es\/dp\/B07XQTRZZF?tag=amazon087683-21&amp;th=1\" target=\"_blank\" rel=\"nofollow noopener\">INTEX Colch\u00f3n Inflable con Hinchador Integrado Fiber-Tech Downy<\/a><\/td>\n<td>28\u20ac<\/td>\n<td>4\u20ac<\/td>\n<\/tr>\n<tr>\n<td>MARKETPLACES<\/td>\n<td><a class=\"ljoptimizer\" href=\"https:\/\/www.amazon.es\/dp\/B0F7G2BJ3N?tag=amazon087683-21&amp;th=1\" target=\"_blank\" rel=\"nofollow noopener\">Sosoport Cubierta de Refrigerador Vertical Protectora Oxford para Electrodom\u00e9sticos Funda para Refrigerador para Heladera [Clase de eficiencia energ\u00e9tica A]<\/a><\/td>\n<td>27\u20ac<\/td>\n<td>4\u20ac<\/td>\n<\/tr>\n<tr>\n<td>MARKETPLACES<\/td>\n<td><a class=\"ljoptimizer\" href=\"https:\/\/www.amazon.es\/dp\/B09K38J555?tag=amazon087683-21&amp;th=1\" target=\"_blank\" rel=\"nofollow noopener\">HENG FENG Toldo Vela de Sombra Rectangular 2.5x3m, PES 160 g\/m\u00b2 Impermeable, 95% Bloqueo UV, para Exterior en Terraza, Jard\u00edn, Patio &#8211; Incluye Cuerda de Fijaci\u00f3n &#8211; Color Arena<\/a><\/td>\n<td>26\u20ac<\/td>\n<td>4\u20ac<\/td>\n<\/tr>\n<tr>\n<td>MARKETPLACES<\/td>\n<td><a class=\"ljoptimizer\" href=\"https:\/\/www.amazon.es\/dp\/B0FN7WGGDF?tag=amazon087683-21&amp;th=1\" target=\"_blank\" rel=\"nofollow noopener\">Mini Taburete Plegable Ligero Taburete de Camping Plegable con Bolsa de Almacenamient para Viajes Senderismo Jard\u00edn Pesca Barbacoa Playa Capacidad de Carga 120 kg<\/a><\/td>\n<td>25\u20ac<\/td>\n<td>4\u20ac<\/td>\n<\/tr>\n<tr>\n<td>MARKETPLACES<\/td>\n<td><a class=\"ljoptimizer\" href=\"https:\/\/www.amazon.es\/dp\/1580115470?tag=amazon087683-21&amp;th=1\" target=\"_blank\" rel=\"nofollow noopener\">Char-Broil&rsquo;s Grill Yourself Skinny (Grilling)<\/a><\/td>\n<td>24\u20ac<\/td>\n<td>4\u20ac<\/td>\n<\/tr>\n<tr>\n<td>MARKETPLACES<\/td>\n<td><a class=\"ljoptimizer\" href=\"https:\/\/www.amazon.es\/dp\/B0DPFVSQPC?tag=amazon087683-21&amp;th=1\" target=\"_blank\" rel=\"nofollow noopener\">Juego de Bloques de Construcci\u00f3n, Juego de Bloques de Construcci\u00f3n de Flores, Bloques de Construcci\u00f3n de Ramo, Ramo de Bloques de Construcci\u00f3n con C\u00fapula Antipolvo, 547 PCS (Rosa Roja) (Rose)<\/a><\/td>\n<td>20\u20ac<\/td>\n<td>3\u20ac<\/td>\n<\/tr>\n<tr>\n<td>MARKETPLACES<\/td>\n<td><a class=\"ljoptimizer\" href=\"https:\/\/www.amazon.es\/dp\/B0BWY1TS1V?tag=amazon087683-21&amp;th=1\" target=\"_blank\" rel=\"nofollow noopener\">VASAGLE Estantes de Pared, Estantes Flotantes, Juego de 3, 2 Formas de Montaje, 30\/35\/40 cm, Estantes Decorativos, para Sal\u00f3n, Ba\u00f1o, Cocina, Roble y Negro LWS033B11<\/a><\/td>\n<td>17\u20ac<\/td>\n<td>3\u20ac<\/td>\n<\/tr>\n<tr>\n<td>MARKETPLACES<\/td>\n<td><a class=\"ljoptimizer\" href=\"https:\/\/www.amazon.es\/dp\/B08XMSLB37?tag=amazon087683-21&amp;th=1\" target=\"_blank\" rel=\"nofollow noopener\">S&amp;M 591013 \u2013 Kit est\u00e1ndar para bombona de Gas butano: regulador + Tubo de Goma (1,5 Metros) + 2 Abrazaderas de Seguridad | para cocinas, Calentadores, barbacoas, hornillos, Estufas y paelleros<\/a><\/td>\n<td>16\u20ac<\/td>\n<td>3\u20ac<\/td>\n<\/tr>\n<tr>\n<td>MARKETPLACES<\/td>\n<td><a class=\"ljoptimizer\" href=\"https:\/\/www.amazon.es\/dp\/B0DX1JX624?tag=amazon087683-21&amp;th=1\" target=\"_blank\" rel=\"nofollow noopener\">COOK CONCEPT &#8211; KA0644 Caja de Pan con Tapa Transparente y Bandeja de Madera &#8211; Dise\u00f1o Elegante para Conservaci\u00f3n de Panes y Boller\u00eda &#8211; 403 x 97 x 121 cm &#8211; Transparente Negro<\/a><\/td>\n<td>16\u20ac<\/td>\n<td>3\u20ac<\/td>\n<\/tr>\n<tr>\n<td>MARKETPLACES<\/td>\n<td><a class=\"ljoptimizer\" href=\"https:\/\/www.amazon.es\/dp\/B01HM44EYY?tag=amazon087683-21&amp;th=1\" target=\"_blank\" rel=\"nofollow noopener\">HENG FENG Toldo Vela de Sombra Rectangular 2.5x3m, PES 160 g\/m\u00b2 Impermeable, 95% Bloqueo UV, para Exterior en Terraza, Jard\u00edn, Patio &#8211; Incluye Cuerda de Fijaci\u00f3n &#8211; Color Arena<\/a><\/td>\n<td>14\u20ac<\/td>\n<td>2\u20ac<\/td>\n<\/tr>\n<tr>\n<td>MARKETPLACES<\/td>\n<td><a class=\"ljoptimizer\" href=\"https:\/\/www.amazon.es\/dp\/B0CTQJC1BK?tag=amazon087683-21&amp;th=1\" target=\"_blank\" rel=\"nofollow noopener\">ESPA LEADER Interruptor de Flotador Tipo Boya, Controlador de Nivel Autom\u00e1tico para Aguas Limpias en Torres de Agua, Dep\u00f3sitos o Piscinas, Grado Estanqueidad IP-68, 5 m de Cable<\/a><\/td>\n<td>14\u20ac<\/td>\n<td>2\u20ac<\/td>\n<\/tr>\n<tr>\n<td>MARKETPLACES<\/td>\n<td><a class=\"ljoptimizer\" href=\"https:\/\/www.amazon.es\/dp\/B0FDB42BM4?tag=amazon087683-21&amp;th=1\" target=\"_blank\" rel=\"nofollow noopener\">Reemplazo de espejo retrovisor derecho con calefacci\u00f3n y placa posterior para Transit Tourneo Connect 2019-2024<\/a><\/td>\n<td>13\u20ac<\/td>\n<td>2\u20ac<\/td>\n<\/tr>\n<tr>\n<td>MARKETPLACES<\/td>\n<td><a class=\"ljoptimizer\" href=\"https:\/\/www.amazon.es\/dp\/B0D7D4B4RM?tag=amazon087683-21&amp;th=1\" target=\"_blank\" rel=\"nofollow noopener\">Aro para Tartas, 3 Piezas Anillos para Tartas de Acero Inoxidable, Forma de Cuadrado Moldes Reposteria \u00d8 10\/15\/20cm, Aro de Pasteler\u00eda Molde de Pastel para Mousse Postre Tartas<\/a><\/td>\n<td>13\u20ac<\/td>\n<td>2\u20ac<\/td>\n<\/tr>\n<tr>\n<td>MARKETPLACES<\/td>\n<td><a class=\"ljoptimizer\" href=\"https:\/\/www.amazon.es\/dp\/B0DZNX2L35?tag=amazon087683-21&amp;th=1\" target=\"_blank\" rel=\"nofollow noopener\">SWISSINNO Trampa para Ratones SuperCat \u2013 2 Ratoneras Reutilizables \u2013 Profesional con Cebo Integrado de Crema de Cacahuete \u2013 Trampa Mec\u00e1nica de Resorte para Uso Interior y Exterior (Paquete de 2)<\/a><\/td>\n<td>12\u20ac<\/td>\n<td>2\u20ac<\/td>\n<\/tr>\n<tr>\n<td>MARKETPLACES<\/td>\n<td><a class=\"ljoptimizer\" href=\"https:\/\/www.amazon.es\/dp\/B0DZNX2L35?tag=amazon087683-21&amp;th=1\" target=\"_blank\" rel=\"nofollow noopener\">SWISSINNO Trampa para Ratones SuperCat \u2013 2 Ratoneras Reutilizables \u2013 Profesional con Cebo Integrado de Crema de Cacahuete \u2013 Trampa Mec\u00e1nica de Resorte para Uso Interior y Exterior (Paquete de 2)<\/a><\/td>\n<td>12\u20ac<\/td>\n<td>2\u20ac<\/td>\n<\/tr>\n<tr>\n<td>MARKETPLACES<\/td>\n<td><a class=\"ljoptimizer\" href=\"https:\/\/www.amazon.es\/dp\/B0843BGRLZ?tag=amazon087683-21&amp;th=1\" target=\"_blank\" rel=\"nofollow noopener\">SDTEK Cable de Carga Tipo C extralargo de 3 Metros Compatible con Samsung S10, Note 10, Huawei, Sony, Moto, Nintendo Switch y m\u00e1s<\/a><\/td>\n<td>11\u20ac<\/td>\n<td>2\u20ac<\/td>\n<\/tr>\n<tr>\n<td>MARKETPLACES<\/td>\n<td><a class=\"ljoptimizer\" href=\"https:\/\/www.amazon.es\/dp\/B0DG91N5J2?tag=amazon087683-21&amp;th=1\" target=\"_blank\" rel=\"nofollow noopener\">4 Piezas Patas para Muebles 12 cm Regulables Negro Patas para Mesas, Mesillas, Mueble Ba\u00f1o, Estanter\u00edas, Dise\u00f1o: Cuadrado, Tornillos incluidos (Negro, 12cm)<\/a><\/td>\n<td>11\u20ac<\/td>\n<td>2\u20ac<\/td>\n<\/tr>\n<tr>\n<td>MARKETPLACES<\/td>\n<td><a class=\"ljoptimizer\" href=\"https:\/\/www.amazon.es\/dp\/B0CDYQ9VYH?tag=amazon087683-21&amp;th=1\" target=\"_blank\" rel=\"nofollow noopener\">BESTWAY Inflador Manual Air Hammer 18,5&#215;11,2&#215;37 cm Negro<\/a><\/td>\n<td>10\u20ac<\/td>\n<td>2\u20ac<\/td>\n<\/tr>\n<tr>\n<td>MARKETPLACES<\/td>\n<td><a class=\"ljoptimizer\" href=\"https:\/\/www.amazon.es\/dp\/B0FVMH3W3Z?tag=amazon087683-21&amp;th=1\" target=\"_blank\" rel=\"nofollow noopener\">Banderas de regalo para exteriores, lazos festivos de Navidad, acebo, Navidad, banderas decorativas rojas para exteriores, resistentes a la decoloraci\u00f3n, decoraci\u00f3n para jard\u00edn, entrada, casa, patio<\/a><\/td>\n<td>9\u20ac<\/td>\n<td>1\u20ac<\/td>\n<\/tr>\n<tr>\n<td>MARKETPLACES<\/td>\n<td><a class=\"ljoptimizer\" href=\"https:\/\/www.amazon.es\/dp\/B0FF9SNTT1?tag=amazon087683-21&amp;th=1\" target=\"_blank\" rel=\"nofollow noopener\">Pancarta de Cumplea\u00f1os Colgante Decoraci\u00f3n de Fiesta con Elegante para Festivo<\/a><\/td>\n<td>9\u20ac<\/td>\n<td>1\u20ac<\/td>\n<\/tr>\n<tr>\n<td>MARKETPLACES<\/td>\n<td><a class=\"ljoptimizer\" href=\"https:\/\/www.amazon.es\/dp\/B00R825MH4?tag=amazon087683-21&amp;th=1\" target=\"_blank\" rel=\"nofollow noopener\">Intex Zwemband opblaasbaar truckband 114 cm (56268)<\/a><\/td>\n<td>8\u20ac<\/td>\n<td>1\u20ac<\/td>\n<\/tr>\n<\/tbody>\n<\/table>\n","protected":false},"excerpt":{"rendered":"<p>Caja de Hogar sin revisar procedente de devoluciones de marketplaces<\/p>\n<ul>\n<li>N\u00famero de productos: 30<\/li>\n<li>Valor aproximado: 651.00<\/li>\n<li>Porcentaje que se paga: 13% + IVA<\/li>\n<li>Tiempo de entrega estimado: 3 a 7 d\u00edas<\/li>\n<\/ul>\n<p>*Los precios incluyen IVA<\/p>\n","protected":false},"featured_media":176246,"template":"","meta":{"site-sidebar-layout":"default","site-content-layout":"","ast-site-content-layout":"default","site-content-style":"default","site-sidebar-style":"default","ast-global-header-display":"","ast-banner-title-visibility":"","ast-main-header-display":"","ast-hfb-above-header-display":"","ast-hfb-below-header-display":"","ast-hfb-mobile-header-display":"","site-post-title":"","ast-breadcrumbs-content":"","ast-featured-img":"","footer-sml-layout":"","ast-disable-related-posts":"","theme-transparent-header-meta":"default","adv-header-id-meta":"","stick-header-meta":"","header-above-stick-meta":"","header-main-stick-meta":"","header-below-stick-meta":"","astra-migrate-meta-layouts":"set","ast-page-background-enabled":"default","ast-page-background-meta":{"desktop":{"background-color":"var(--ast-global-color-4)","background-image":"","background-repeat":"repeat","background-position":"center center","background-size":"auto","background-attachment":"scroll","background-type":"","background-media":"","overlay-type":"","overlay-color":"","overlay-opacity":"","overlay-gradient":""},"tablet":{"background-color":"","background-image":"","background-repeat":"repeat","background-position":"center center","background-size":"auto","background-attachment":"scroll","background-type":"","background-media":"","overlay-type":"","overlay-color":"","overlay-opacity":"","overlay-gradient":""},"mobile":{"background-color":"","background-image":"","background-repeat":"repeat","background-position":"center center","background-size":"auto","background-attachment":"scroll","background-type":"","background-media":"","overlay-type":"","overlay-color":"","overlay-opacity":"","overlay-gradient":""}},"ast-content-background-meta":{"desktop":{"background-color":"var(--ast-global-color-5)","background-image":"","background-repeat":"repeat","background-position":"center center","background-size":"auto","background-attachment":"scroll","background-type":"","background-media":"","overlay-type":"","overlay-color":"","overlay-opacity":"","overlay-gradient":""},"tablet":{"background-color":"var(--ast-global-color-5)","background-image":"","background-repeat":"repeat","background-position":"center center","background-size":"auto","background-attachment":"scroll","background-type":"","background-media":"","overlay-type":"","overlay-color":"","overlay-opacity":"","overlay-gradient":""},"mobile":{"background-color":"var(--ast-global-color-5)","background-image":"","background-repeat":"repeat","background-position":"center center","background-size":"auto","background-attachment":"scroll","background-type":"","background-media":"","overlay-type":"","overlay-color":"","overlay-opacity":"","overlay-gradient":""}}},"product_brand":[],"product_cat":[49,43],"product_tag":[],"class_list":{"0":"post-176105","1":"product","2":"type-product","3":"status-publish","4":"has-post-thumbnail","6":"product_cat-cajas","7":"product_cat-hogar","8":"desktop-align-left","9":"tablet-align-left","10":"mobile-align-left","12":"first","13":"outofstock","14":"sale","15":"downloadable","16":"taxable","17":"shipping-taxable","18":"purchasable","19":"product-type-simple"},"yoast_head":"<!-- This site is optimized with the Yoast SEO plugin v27.2 - https:\/\/yoast.com\/product\/yoast-seo-wordpress\/ -->\n<title>Caja de Hogar [30 productos] (sp200431292) - Comprardevoluciones - Tu tienda de Devoluciones de Amazon<\/title>\n<meta name=\"robots\" content=\"noindex, follow\" \/>\n<meta property=\"og:locale\" content=\"fr_FR\" \/>\n<meta property=\"og:type\" content=\"article\" \/>\n<meta property=\"og:title\" content=\"Caja de Hogar [30 productos] (sp200431292) - Comprardevoluciones - Tu tienda de Devoluciones de Amazon\" \/>\n<meta property=\"og:description\" content=\"Caja de Hogar sin revisar procedente de devoluciones de marketplaces   N\u00famero de productos: 30  Valor aproximado: 651.00  Porcentaje que se paga: 13% + IVA  Tiempo de entrega estimado: 3 a 7 d\u00edas  *Los precios incluyen IVA\" \/>\n<meta property=\"og:url\" content=\"https:\/\/comprardevoluciones.com\/producto\/sp200431292\/\" \/>\n<meta property=\"og:site_name\" content=\"Comprardevoluciones - Tu tienda de Devoluciones de Amazon\" \/>\n<meta property=\"article:modified_time\" content=\"2026-04-03T09:49:06+00:00\" \/>\n<meta property=\"og:image\" content=\"https:\/\/comprardevoluciones.com\/wp-content\/uploads\/2026\/03\/sp200431292.jpg\" \/>\n\t<meta property=\"og:image:width\" content=\"700\" \/>\n\t<meta property=\"og:image:height\" content=\"700\" \/>\n\t<meta property=\"og:image:type\" content=\"image\/jpeg\" \/>\n<meta name=\"twitter:card\" content=\"summary_large_image\" \/>\n<meta name=\"twitter:label1\" content=\"Dur\u00e9e de lecture estim\u00e9e\" \/>\n\t<meta name=\"twitter:data1\" content=\"4 minutes\" \/>\n<script type=\"application\/ld+json\" class=\"yoast-schema-graph\">{\"@context\":\"https:\/\/schema.org\",\"@graph\":[{\"@type\":\"WebPage\",\"@id\":\"https:\/\/comprardevoluciones.com\/producto\/sp200431292\/\",\"url\":\"https:\/\/comprardevoluciones.com\/producto\/sp200431292\/\",\"name\":\"Caja de Hogar [30 productos] (sp200431292) - Comprardevoluciones - Tu tienda de Devoluciones de Amazon\",\"isPartOf\":{\"@id\":\"https:\/\/comprardevoluciones.com\/#website\"},\"primaryImageOfPage\":{\"@id\":\"https:\/\/comprardevoluciones.com\/producto\/sp200431292\/#primaryimage\"},\"image\":{\"@id\":\"https:\/\/comprardevoluciones.com\/producto\/sp200431292\/#primaryimage\"},\"thumbnailUrl\":\"https:\/\/comprardevoluciones.com\/wp-content\/uploads\/2026\/03\/sp200431292.jpg\",\"datePublished\":\"2026-04-03T09:00:40+00:00\",\"dateModified\":\"2026-04-03T09:49:06+00:00\",\"breadcrumb\":{\"@id\":\"https:\/\/comprardevoluciones.com\/producto\/sp200431292\/#breadcrumb\"},\"inLanguage\":\"fr-FR\",\"potentialAction\":[{\"@type\":\"ReadAction\",\"target\":[\"https:\/\/comprardevoluciones.com\/producto\/sp200431292\/\"]}]},{\"@type\":\"ImageObject\",\"inLanguage\":\"fr-FR\",\"@id\":\"https:\/\/comprardevoluciones.com\/producto\/sp200431292\/#primaryimage\",\"url\":\"https:\/\/comprardevoluciones.com\/wp-content\/uploads\/2026\/03\/sp200431292.jpg\",\"contentUrl\":\"https:\/\/comprardevoluciones.com\/wp-content\/uploads\/2026\/03\/sp200431292.jpg\",\"width\":700,\"height\":700},{\"@type\":\"BreadcrumbList\",\"@id\":\"https:\/\/comprardevoluciones.com\/producto\/sp200431292\/#breadcrumb\",\"itemListElement\":[{\"@type\":\"ListItem\",\"position\":1,\"name\":\"Portada\",\"item\":\"https:\/\/comprardevoluciones.com\/fr\/\"},{\"@type\":\"ListItem\",\"position\":2,\"name\":\"Shop\",\"item\":\"https:\/\/comprardevoluciones.com\/fr\/shop\/\"},{\"@type\":\"ListItem\",\"position\":3,\"name\":\"Caja de Hogar [30 productos] (sp200431292)\"}]},{\"@type\":\"WebSite\",\"@id\":\"https:\/\/comprardevoluciones.com\/#website\",\"url\":\"https:\/\/comprardevoluciones.com\/\",\"name\":\"Comprardevoluciones - Tu tienda de Devoluciones de Amazon\",\"description\":\"Consigue Stock en buen estado a un precio imbatible\",\"potentialAction\":[{\"@type\":\"SearchAction\",\"target\":{\"@type\":\"EntryPoint\",\"urlTemplate\":\"https:\/\/comprardevoluciones.com\/?s={search_term_string}\"},\"query-input\":{\"@type\":\"PropertyValueSpecification\",\"valueRequired\":true,\"valueName\":\"search_term_string\"}}],\"inLanguage\":\"fr-FR\"}]}<\/script>\n<!-- \/ Yoast SEO plugin. -->","yoast_head_json":{"title":"Caja de Hogar [30 productos] (sp200431292) - Comprardevoluciones - Tu tienda de Devoluciones de Amazon","robots":{"index":"noindex","follow":"follow"},"og_locale":"fr_FR","og_type":"article","og_title":"Caja de Hogar [30 productos] (sp200431292) - Comprardevoluciones - Tu tienda de Devoluciones de Amazon","og_description":"Caja de Hogar sin revisar procedente de devoluciones de marketplaces   N\u00famero de productos: 30  Valor aproximado: 651.00  Porcentaje que se paga: 13% + IVA  Tiempo de entrega estimado: 3 a 7 d\u00edas  *Los precios incluyen IVA","og_url":"https:\/\/comprardevoluciones.com\/producto\/sp200431292\/","og_site_name":"Comprardevoluciones - Tu tienda de Devoluciones de Amazon","article_modified_time":"2026-04-03T09:49:06+00:00","og_image":[{"width":700,"height":700,"url":"https:\/\/comprardevoluciones.com\/wp-content\/uploads\/2026\/03\/sp200431292.jpg","type":"image\/jpeg"}],"twitter_card":"summary_large_image","twitter_misc":{"Dur\u00e9e de lecture estim\u00e9e":"4 minutes"},"schema":{"@context":"https:\/\/schema.org","@graph":[{"@type":"WebPage","@id":"https:\/\/comprardevoluciones.com\/producto\/sp200431292\/","url":"https:\/\/comprardevoluciones.com\/producto\/sp200431292\/","name":"Caja de Hogar [30 productos] (sp200431292) - Comprardevoluciones - Tu tienda de Devoluciones de Amazon","isPartOf":{"@id":"https:\/\/comprardevoluciones.com\/#website"},"primaryImageOfPage":{"@id":"https:\/\/comprardevoluciones.com\/producto\/sp200431292\/#primaryimage"},"image":{"@id":"https:\/\/comprardevoluciones.com\/producto\/sp200431292\/#primaryimage"},"thumbnailUrl":"https:\/\/comprardevoluciones.com\/wp-content\/uploads\/2026\/03\/sp200431292.jpg","datePublished":"2026-04-03T09:00:40+00:00","dateModified":"2026-04-03T09:49:06+00:00","breadcrumb":{"@id":"https:\/\/comprardevoluciones.com\/producto\/sp200431292\/#breadcrumb"},"inLanguage":"fr-FR","potentialAction":[{"@type":"ReadAction","target":["https:\/\/comprardevoluciones.com\/producto\/sp200431292\/"]}]},{"@type":"ImageObject","inLanguage":"fr-FR","@id":"https:\/\/comprardevoluciones.com\/producto\/sp200431292\/#primaryimage","url":"https:\/\/comprardevoluciones.com\/wp-content\/uploads\/2026\/03\/sp200431292.jpg","contentUrl":"https:\/\/comprardevoluciones.com\/wp-content\/uploads\/2026\/03\/sp200431292.jpg","width":700,"height":700},{"@type":"BreadcrumbList","@id":"https:\/\/comprardevoluciones.com\/producto\/sp200431292\/#breadcrumb","itemListElement":[{"@type":"ListItem","position":1,"name":"Portada","item":"https:\/\/comprardevoluciones.com\/fr\/"},{"@type":"ListItem","position":2,"name":"Shop","item":"https:\/\/comprardevoluciones.com\/fr\/shop\/"},{"@type":"ListItem","position":3,"name":"Caja de Hogar [30 productos] (sp200431292)"}]},{"@type":"WebSite","@id":"https:\/\/comprardevoluciones.com\/#website","url":"https:\/\/comprardevoluciones.com\/","name":"Comprardevoluciones - Tu tienda de Devoluciones de Amazon","description":"Consigue Stock en buen estado a un precio imbatible","potentialAction":[{"@type":"SearchAction","target":{"@type":"EntryPoint","urlTemplate":"https:\/\/comprardevoluciones.com\/?s={search_term_string}"},"query-input":{"@type":"PropertyValueSpecification","valueRequired":true,"valueName":"search_term_string"}}],"inLanguage":"fr-FR"}]}},"_links":{"self":[{"href":"https:\/\/comprardevoluciones.com\/fr\/wp-json\/wp\/v2\/product\/176105","targetHints":{"allow":["GET"]}}],"collection":[{"href":"https:\/\/comprardevoluciones.com\/fr\/wp-json\/wp\/v2\/product"}],"about":[{"href":"https:\/\/comprardevoluciones.com\/fr\/wp-json\/wp\/v2\/types\/product"}],"wp:featuredmedia":[{"embeddable":true,"href":"https:\/\/comprardevoluciones.com\/fr\/wp-json\/wp\/v2\/media\/176246"}],"wp:attachment":[{"href":"https:\/\/comprardevoluciones.com\/fr\/wp-json\/wp\/v2\/media?parent=176105"}],"wp:term":[{"taxonomy":"product_brand","embeddable":true,"href":"https:\/\/comprardevoluciones.com\/fr\/wp-json\/wp\/v2\/product_brand?post=176105"},{"taxonomy":"product_cat","embeddable":true,"href":"https:\/\/comprardevoluciones.com\/fr\/wp-json\/wp\/v2\/product_cat?post=176105"},{"taxonomy":"product_tag","embeddable":true,"href":"https:\/\/comprardevoluciones.com\/fr\/wp-json\/wp\/v2\/product_tag?post=176105"}],"curies":[{"name":"wp","href":"https:\/\/api.w.org\/{rel}","templated":true}]}}