{"id":177114,"date":"2026-04-17T10:00:54","date_gmt":"2026-04-17T09:00:54","guid":{"rendered":"https:\/\/comprardevoluciones.com\/?post_type=product&#038;p=177114"},"modified":"2026-04-17T15:13:33","modified_gmt":"2026-04-17T14:13:33","slug":"spw84m7330k","status":"publish","type":"product","link":"https:\/\/comprardevoluciones.com\/fr\/producto\/spw84m7330k\/","title":{"rendered":"Caja de Electrodom\u00e9sticos [10 productos] (spW84m7330K)"},"content":{"rendered":"<p>Descripci\u00f3n y valor aproximados<\/p>\n<table>\n<tbody>\n<tr>\n<td><strong>FUENTE<\/strong><\/td>\n<td><strong>PRODUCTO<\/strong><\/td>\n<td><strong>VALOR (\u20ac)<\/strong><\/td>\n<td><strong>PAGAS (\u20ac)<\/strong><\/td>\n<\/tr>\n<tr>\n<td>MARKETPLACES<\/td>\n<td><a class=\"ljoptimizer\" href=\"https:\/\/www.amazon.es\/dp\/B0DZ2B8K59?tag=amazon087683-21&amp;th=1\" target=\"_blank\" rel=\"nofollow noopener\">CONOPUPlus 12L\/d\u00eda Deshumidificador, Drenaje Continuo, Deshumidificaci\u00f3n Auto, Modo de Sue\u00f1o, 24HTimer ENC\/APAG, Deshumidificadors Bajo Consumo, Brind\u00e1ndote una Experiencia C\u00f3moda y Seca<\/a><\/td>\n<td>150 \u20ac<\/td>\n<td>37 \u20ac<\/td>\n<\/tr>\n<tr>\n<td>MARKETPLACES<\/td>\n<td><a class=\"ljoptimizer\" href=\"https:\/\/www.amazon.es\/dp\/B0DZ2B8K59?tag=amazon087683-21&amp;th=1\" target=\"_blank\" rel=\"nofollow noopener\">CONOPUPlus 12L\/d\u00eda Deshumidificador, Drenaje Continuo, Deshumidificaci\u00f3n Auto, Modo de Sue\u00f1o, 24HTimer ENC\/APAG, Deshumidificadors Bajo Consumo, Brind\u00e1ndote una Experiencia C\u00f3moda y Seca<\/a><\/td>\n<td>150 \u20ac<\/td>\n<td>37 \u20ac<\/td>\n<\/tr>\n<tr>\n<td>MARKETPLACES<\/td>\n<td><a class=\"ljoptimizer\" href=\"https:\/\/www.amazon.es\/dp\/B08TJ1Z1NP?tag=amazon087683-21&amp;th=1\" target=\"_blank\" rel=\"nofollow noopener\">Philips Serie 5000 Plancha de Vapor, 2400W de Potencia, 45g\/min, Golpe de Vapor 180g, Vapor Vertical, Suela SteamGlide Plus, Negro\/P\u00farpura (DST5030\/80)<\/a><\/td>\n<td>54 \u20ac<\/td>\n<td>14 \u20ac<\/td>\n<\/tr>\n<tr>\n<td>MARKETPLACES<\/td>\n<td><a class=\"ljoptimizer\" href=\"https:\/\/www.amazon.es\/dp\/B000IYGH28?tag=amazon087683-21&amp;th=1\" target=\"_blank\" rel=\"nofollow noopener\">Bosch MFQ3530, Blanco, 220 &#8211; Batidora<\/a><\/td>\n<td>43 \u20ac<\/td>\n<td>11 \u20ac<\/td>\n<\/tr>\n<tr>\n<td>MARKETPLACES<\/td>\n<td><a class=\"ljoptimizer\" href=\"https:\/\/www.amazon.es\/dp\/B09C8G8SBR?tag=amazon087683-21&amp;th=1\" target=\"_blank\" rel=\"nofollow noopener\">Philips Plancha de Vapor Serie 3000-2000W de Potencia, Golpe de Vapor de 140g, Vapor Continuo de 30 g\/min, Suela Cer\u00e1mica Antiadherente, Dep\u00f3sito de Agua de 300ml, Sistema Antigoteo (DST3010\/30)<\/a><\/td>\n<td>39 \u20ac<\/td>\n<td>10 \u20ac<\/td>\n<\/tr>\n<tr>\n<td>MARKETPLACES<\/td>\n<td><a class=\"ljoptimizer\" href=\"https:\/\/www.amazon.es\/dp\/B00M8YHBGM?tag=amazon087683-21&amp;th=1\" target=\"_blank\" rel=\"nofollow noopener\">Russell Hobbs Tostadora Colours Plus &#8211; 1 Ranura Larga y Ancha, Tostador para 2 Rebanadas, Bandeja Recogemigas, Calientapanecillos, Funci\u00f3n Cancelar y Descongelar, Acero Inoxidable, Rojo &#8211; 21391-56<\/a><\/td>\n<td>33 \u20ac<\/td>\n<td>8 \u20ac<\/td>\n<\/tr>\n<tr>\n<td>MARKETPLACES<\/td>\n<td><a class=\"ljoptimizer\" href=\"https:\/\/www.amazon.es\/dp\/B0FKB884VZ?tag=amazon087683-21&amp;th=1\" target=\"_blank\" rel=\"nofollow noopener\">Cecotec Aspiradora de Mano sin Cable Motor BLDC Conga Rockstar Micro Hand. 80W, Potencia de Succi\u00f3n 12kPa, Funci\u00f3n de Aspirado y Soplado, 2 Modos, Autonom\u00eda 25mins, Kit de Accesorios<\/a><\/td>\n<td>27 \u20ac<\/td>\n<td>7 \u20ac<\/td>\n<\/tr>\n<tr>\n<td>MARKETPLACES<\/td>\n<td><a class=\"ljoptimizer\" href=\"https:\/\/www.amazon.es\/dp\/B0DCBQZMH3?tag=amazon087683-21&amp;th=1\" target=\"_blank\" rel=\"nofollow noopener\">Sour Lemon Alfombra de sal\u00f3n de 60 x 120 cm, para dormitorio y pasillo, lavable, antideslizante, mullida, suave, moderna, para suelo, al lado de los ni\u00f1os,<\/a><\/td>\n<td>20 \u20ac<\/td>\n<td>5 \u20ac<\/td>\n<\/tr>\n<tr>\n<td>MARKETPLACES<\/td>\n<td><a class=\"ljoptimizer\" href=\"https:\/\/www.amazon.es\/dp\/B0CBKXNG25?tag=amazon087683-21&amp;th=1\" target=\"_blank\" rel=\"nofollow noopener\">Bestron Mini waffle per waffle classiche, piccolo waffle con rivestimento antiaderente, per compleanni per bambini, feste di famiglia, Pasqua o Natale, 550 Watt, colore:blu<\/a><\/td>\n<td>15 \u20ac<\/td>\n<td>4 \u20ac<\/td>\n<\/tr>\n<tr>\n<td>MARKETPLACES<\/td>\n<td><a class=\"ljoptimizer\" href=\"https:\/\/www.amazon.es\/dp\/B0D2RD8ZND?tag=amazon087683-21&amp;th=1\" target=\"_blank\" rel=\"nofollow noopener\">VEGREM Soplador de Aire para PC y Aspirador 2 en 1, 3 Velocidades, 110.000 RPM, 4000 mAh, con Boquillas, Cepillo de Limpieza de Teclado y Cable de Carga USB,Aire Comprimido Limpieza PC, Coches, Sof\u00e1s<\/a><\/td>\n<td>14 \u20ac<\/td>\n<td>4 \u20ac<\/td>\n<\/tr>\n<\/tbody>\n<\/table>\n","protected":false},"excerpt":{"rendered":"<p>Caja de Electrodom\u00e9sticos sin revisar procedente de devoluciones de marketplaces<\/p>\n<ul>\n<li>N\u00famero de productos: 10<\/li>\n<li>Valor aproximado: 545.00<\/li>\n<li>Porcentaje que se paga: 21% + IVA<\/li>\n<li>Tiempo de entrega estimado: 3 a 7 d\u00edas<\/li>\n<\/ul>\n<p>*Los precios incluyen IVA<\/p>\n","protected":false},"featured_media":177237,"template":"","meta":{"site-sidebar-layout":"default","site-content-layout":"","ast-site-content-layout":"default","site-content-style":"default","site-sidebar-style":"default","ast-global-header-display":"","ast-banner-title-visibility":"","ast-main-header-display":"","ast-hfb-above-header-display":"","ast-hfb-below-header-display":"","ast-hfb-mobile-header-display":"","site-post-title":"","ast-breadcrumbs-content":"","ast-featured-img":"","footer-sml-layout":"","ast-disable-related-posts":"","theme-transparent-header-meta":"default","adv-header-id-meta":"","stick-header-meta":"","header-above-stick-meta":"","header-main-stick-meta":"","header-below-stick-meta":"","astra-migrate-meta-layouts":"set","ast-page-background-enabled":"default","ast-page-background-meta":{"desktop":{"background-color":"var(--ast-global-color-4)","background-image":"","background-repeat":"repeat","background-position":"center center","background-size":"auto","background-attachment":"scroll","background-type":"","background-media":"","overlay-type":"","overlay-color":"","overlay-opacity":"","overlay-gradient":""},"tablet":{"background-color":"","background-image":"","background-repeat":"repeat","background-position":"center center","background-size":"auto","background-attachment":"scroll","background-type":"","background-media":"","overlay-type":"","overlay-color":"","overlay-opacity":"","overlay-gradient":""},"mobile":{"background-color":"","background-image":"","background-repeat":"repeat","background-position":"center center","background-size":"auto","background-attachment":"scroll","background-type":"","background-media":"","overlay-type":"","overlay-color":"","overlay-opacity":"","overlay-gradient":""}},"ast-content-background-meta":{"desktop":{"background-color":"var(--ast-global-color-5)","background-image":"","background-repeat":"repeat","background-position":"center center","background-size":"auto","background-attachment":"scroll","background-type":"","background-media":"","overlay-type":"","overlay-color":"","overlay-opacity":"","overlay-gradient":""},"tablet":{"background-color":"var(--ast-global-color-5)","background-image":"","background-repeat":"repeat","background-position":"center center","background-size":"auto","background-attachment":"scroll","background-type":"","background-media":"","overlay-type":"","overlay-color":"","overlay-opacity":"","overlay-gradient":""},"mobile":{"background-color":"var(--ast-global-color-5)","background-image":"","background-repeat":"repeat","background-position":"center center","background-size":"auto","background-attachment":"scroll","background-type":"","background-media":"","overlay-type":"","overlay-color":"","overlay-opacity":"","overlay-gradient":""}}},"product_brand":[],"product_cat":[49,51],"product_tag":[],"class_list":{"0":"post-177114","1":"product","2":"type-product","3":"status-publish","4":"has-post-thumbnail","6":"product_cat-cajas","7":"product_cat-electrodomesticos","8":"product_shipping_class-caja","9":"desktop-align-left","10":"tablet-align-left","11":"mobile-align-left","13":"first","14":"outofstock","15":"sale","16":"downloadable","17":"taxable","18":"shipping-taxable","19":"purchasable","20":"product-type-simple"},"yoast_head":"<!-- This site is optimized with the Yoast SEO plugin v27.2 - https:\/\/yoast.com\/product\/yoast-seo-wordpress\/ -->\n<title>Caja de Electrodom\u00e9sticos [10 productos] (spW84m7330K) - Comprardevoluciones - Tu tienda de Devoluciones de Amazon<\/title>\n<meta name=\"robots\" content=\"noindex, follow\" \/>\n<meta property=\"og:locale\" content=\"fr_FR\" \/>\n<meta property=\"og:type\" content=\"article\" \/>\n<meta property=\"og:title\" content=\"Caja de Electrodom\u00e9sticos [10 productos] (spW84m7330K) - Comprardevoluciones - Tu tienda de Devoluciones de Amazon\" \/>\n<meta property=\"og:description\" content=\"Caja de Electrodom\u00e9sticos sin revisar procedente de devoluciones de marketplaces   N\u00famero de productos: 10  Valor aproximado: 545.00  Porcentaje que se paga: 21% + IVA  Tiempo de entrega estimado: 3 a 7 d\u00edas  *Los precios incluyen IVA\" \/>\n<meta property=\"og:url\" content=\"https:\/\/comprardevoluciones.com\/producto\/spw84m7330k\/\" \/>\n<meta property=\"og:site_name\" content=\"Comprardevoluciones - Tu tienda de Devoluciones de Amazon\" \/>\n<meta property=\"article:modified_time\" content=\"2026-04-17T14:13:33+00:00\" \/>\n<meta property=\"og:image\" content=\"https:\/\/comprardevoluciones.com\/wp-content\/uploads\/2026\/04\/spW84m7330K.jpg\" \/>\n\t<meta property=\"og:image:width\" content=\"700\" \/>\n\t<meta property=\"og:image:height\" content=\"700\" \/>\n\t<meta property=\"og:image:type\" content=\"image\/jpeg\" \/>\n<meta name=\"twitter:card\" content=\"summary_large_image\" \/>\n<meta name=\"twitter:label1\" content=\"Dur\u00e9e de lecture estim\u00e9e\" \/>\n\t<meta name=\"twitter:data1\" content=\"2 minutes\" \/>\n<script type=\"application\/ld+json\" class=\"yoast-schema-graph\">{\"@context\":\"https:\/\/schema.org\",\"@graph\":[{\"@type\":\"WebPage\",\"@id\":\"https:\/\/comprardevoluciones.com\/producto\/spw84m7330k\/\",\"url\":\"https:\/\/comprardevoluciones.com\/producto\/spw84m7330k\/\",\"name\":\"Caja de Electrodom\u00e9sticos [10 productos] (spW84m7330K) - Comprardevoluciones - Tu tienda de Devoluciones de Amazon\",\"isPartOf\":{\"@id\":\"https:\/\/comprardevoluciones.com\/#website\"},\"primaryImageOfPage\":{\"@id\":\"https:\/\/comprardevoluciones.com\/producto\/spw84m7330k\/#primaryimage\"},\"image\":{\"@id\":\"https:\/\/comprardevoluciones.com\/producto\/spw84m7330k\/#primaryimage\"},\"thumbnailUrl\":\"https:\/\/comprardevoluciones.com\/wp-content\/uploads\/2026\/04\/spW84m7330K.jpg\",\"datePublished\":\"2026-04-17T09:00:54+00:00\",\"dateModified\":\"2026-04-17T14:13:33+00:00\",\"breadcrumb\":{\"@id\":\"https:\/\/comprardevoluciones.com\/producto\/spw84m7330k\/#breadcrumb\"},\"inLanguage\":\"fr-FR\",\"potentialAction\":[{\"@type\":\"ReadAction\",\"target\":[\"https:\/\/comprardevoluciones.com\/producto\/spw84m7330k\/\"]}]},{\"@type\":\"ImageObject\",\"inLanguage\":\"fr-FR\",\"@id\":\"https:\/\/comprardevoluciones.com\/producto\/spw84m7330k\/#primaryimage\",\"url\":\"https:\/\/comprardevoluciones.com\/wp-content\/uploads\/2026\/04\/spW84m7330K.jpg\",\"contentUrl\":\"https:\/\/comprardevoluciones.com\/wp-content\/uploads\/2026\/04\/spW84m7330K.jpg\",\"width\":700,\"height\":700},{\"@type\":\"BreadcrumbList\",\"@id\":\"https:\/\/comprardevoluciones.com\/producto\/spw84m7330k\/#breadcrumb\",\"itemListElement\":[{\"@type\":\"ListItem\",\"position\":1,\"name\":\"Portada\",\"item\":\"https:\/\/comprardevoluciones.com\/fr\/\"},{\"@type\":\"ListItem\",\"position\":2,\"name\":\"Shop\",\"item\":\"https:\/\/comprardevoluciones.com\/fr\/shop\/\"},{\"@type\":\"ListItem\",\"position\":3,\"name\":\"Caja de Electrodom\u00e9sticos [10 productos] (spW84m7330K)\"}]},{\"@type\":\"WebSite\",\"@id\":\"https:\/\/comprardevoluciones.com\/#website\",\"url\":\"https:\/\/comprardevoluciones.com\/\",\"name\":\"Comprardevoluciones - Tu tienda de Devoluciones de Amazon\",\"description\":\"Consigue Stock en buen estado a un precio imbatible\",\"potentialAction\":[{\"@type\":\"SearchAction\",\"target\":{\"@type\":\"EntryPoint\",\"urlTemplate\":\"https:\/\/comprardevoluciones.com\/?s={search_term_string}\"},\"query-input\":{\"@type\":\"PropertyValueSpecification\",\"valueRequired\":true,\"valueName\":\"search_term_string\"}}],\"inLanguage\":\"fr-FR\"}]}<\/script>\n<!-- \/ Yoast SEO plugin. -->","yoast_head_json":{"title":"Caja de Electrodom\u00e9sticos [10 productos] (spW84m7330K) - Comprardevoluciones - Tu tienda de Devoluciones de Amazon","robots":{"index":"noindex","follow":"follow"},"og_locale":"fr_FR","og_type":"article","og_title":"Caja de Electrodom\u00e9sticos [10 productos] (spW84m7330K) - Comprardevoluciones - Tu tienda de Devoluciones de Amazon","og_description":"Caja de Electrodom\u00e9sticos sin revisar procedente de devoluciones de marketplaces   N\u00famero de productos: 10  Valor aproximado: 545.00  Porcentaje que se paga: 21% + IVA  Tiempo de entrega estimado: 3 a 7 d\u00edas  *Los precios incluyen IVA","og_url":"https:\/\/comprardevoluciones.com\/producto\/spw84m7330k\/","og_site_name":"Comprardevoluciones - Tu tienda de Devoluciones de Amazon","article_modified_time":"2026-04-17T14:13:33+00:00","og_image":[{"width":700,"height":700,"url":"https:\/\/comprardevoluciones.com\/wp-content\/uploads\/2026\/04\/spW84m7330K.jpg","type":"image\/jpeg"}],"twitter_card":"summary_large_image","twitter_misc":{"Dur\u00e9e de lecture estim\u00e9e":"2 minutes"},"schema":{"@context":"https:\/\/schema.org","@graph":[{"@type":"WebPage","@id":"https:\/\/comprardevoluciones.com\/producto\/spw84m7330k\/","url":"https:\/\/comprardevoluciones.com\/producto\/spw84m7330k\/","name":"Caja de Electrodom\u00e9sticos [10 productos] (spW84m7330K) - Comprardevoluciones - Tu tienda de Devoluciones de Amazon","isPartOf":{"@id":"https:\/\/comprardevoluciones.com\/#website"},"primaryImageOfPage":{"@id":"https:\/\/comprardevoluciones.com\/producto\/spw84m7330k\/#primaryimage"},"image":{"@id":"https:\/\/comprardevoluciones.com\/producto\/spw84m7330k\/#primaryimage"},"thumbnailUrl":"https:\/\/comprardevoluciones.com\/wp-content\/uploads\/2026\/04\/spW84m7330K.jpg","datePublished":"2026-04-17T09:00:54+00:00","dateModified":"2026-04-17T14:13:33+00:00","breadcrumb":{"@id":"https:\/\/comprardevoluciones.com\/producto\/spw84m7330k\/#breadcrumb"},"inLanguage":"fr-FR","potentialAction":[{"@type":"ReadAction","target":["https:\/\/comprardevoluciones.com\/producto\/spw84m7330k\/"]}]},{"@type":"ImageObject","inLanguage":"fr-FR","@id":"https:\/\/comprardevoluciones.com\/producto\/spw84m7330k\/#primaryimage","url":"https:\/\/comprardevoluciones.com\/wp-content\/uploads\/2026\/04\/spW84m7330K.jpg","contentUrl":"https:\/\/comprardevoluciones.com\/wp-content\/uploads\/2026\/04\/spW84m7330K.jpg","width":700,"height":700},{"@type":"BreadcrumbList","@id":"https:\/\/comprardevoluciones.com\/producto\/spw84m7330k\/#breadcrumb","itemListElement":[{"@type":"ListItem","position":1,"name":"Portada","item":"https:\/\/comprardevoluciones.com\/fr\/"},{"@type":"ListItem","position":2,"name":"Shop","item":"https:\/\/comprardevoluciones.com\/fr\/shop\/"},{"@type":"ListItem","position":3,"name":"Caja de Electrodom\u00e9sticos [10 productos] (spW84m7330K)"}]},{"@type":"WebSite","@id":"https:\/\/comprardevoluciones.com\/#website","url":"https:\/\/comprardevoluciones.com\/","name":"Comprardevoluciones - Tu tienda de Devoluciones de Amazon","description":"Consigue Stock en buen estado a un precio imbatible","potentialAction":[{"@type":"SearchAction","target":{"@type":"EntryPoint","urlTemplate":"https:\/\/comprardevoluciones.com\/?s={search_term_string}"},"query-input":{"@type":"PropertyValueSpecification","valueRequired":true,"valueName":"search_term_string"}}],"inLanguage":"fr-FR"}]}},"_links":{"self":[{"href":"https:\/\/comprardevoluciones.com\/fr\/wp-json\/wp\/v2\/product\/177114","targetHints":{"allow":["GET"]}}],"collection":[{"href":"https:\/\/comprardevoluciones.com\/fr\/wp-json\/wp\/v2\/product"}],"about":[{"href":"https:\/\/comprardevoluciones.com\/fr\/wp-json\/wp\/v2\/types\/product"}],"wp:featuredmedia":[{"embeddable":true,"href":"https:\/\/comprardevoluciones.com\/fr\/wp-json\/wp\/v2\/media\/177237"}],"wp:attachment":[{"href":"https:\/\/comprardevoluciones.com\/fr\/wp-json\/wp\/v2\/media?parent=177114"}],"wp:term":[{"taxonomy":"product_brand","embeddable":true,"href":"https:\/\/comprardevoluciones.com\/fr\/wp-json\/wp\/v2\/product_brand?post=177114"},{"taxonomy":"product_cat","embeddable":true,"href":"https:\/\/comprardevoluciones.com\/fr\/wp-json\/wp\/v2\/product_cat?post=177114"},{"taxonomy":"product_tag","embeddable":true,"href":"https:\/\/comprardevoluciones.com\/fr\/wp-json\/wp\/v2\/product_tag?post=177114"}],"curies":[{"name":"wp","href":"https:\/\/api.w.org\/{rel}","templated":true}]}}