{"id":178978,"date":"2026-05-06T10:00:00","date_gmt":"2026-05-06T09:00:00","guid":{"rendered":"https:\/\/comprardevoluciones.com\/?post_type=product&#038;p=178978"},"modified":"2026-05-06T09:29:38","modified_gmt":"2026-05-06T08:29:38","slug":"10224921","status":"publish","type":"product","link":"https:\/\/comprardevoluciones.com\/fr\/producto\/10224921\/","title":{"rendered":"Pal\u00e9 de Hogar [26 productos] (10224921)"},"content":{"rendered":"<p>Descripci\u00f3n y valor aproximados<\/p>\n<table>\n<tbody>\n<tr>\n<td><strong>FUENTE<\/strong><\/td>\n<td><strong>PRODUCTO<\/strong><\/td>\n<td><strong>VALOR (\u20ac)<\/strong><\/td>\n<td><strong>PAGAS (\u20ac)<\/strong><\/td>\n<\/tr>\n<tr>\n<td>MARKETPLACES<\/td>\n<td><a class=\"ljoptimizer\" href=\"https:\/\/www.amazon.es\/dp\/B003YFHXVM?tag=amazon087683-21&amp;th=1\" target=\"_blank\" rel=\"nofollow noopener\">LINEA by b\u00f6hmerwald Comfort &#8211; Edred\u00f3n de plum\u00f3n Suave y Normal, 135 x 200 cm, 90% plum\u00f3n y 10% Pluma de Clase 1, Apto para al\u00e9rgicos, Lavable a 60 \u00b0C, Fabricado en Alemania<\/a><\/td>\n<td>130 \u20ac<\/td>\n<td>26 \u20ac<\/td>\n<\/tr>\n<tr>\n<td>MARKETPLACES<\/td>\n<td><a class=\"ljoptimizer\" href=\"https:\/\/www.amazon.es\/dp\/B0CQGGDYJW?tag=amazon087683-21&amp;th=1\" target=\"_blank\" rel=\"nofollow noopener\">FAVERTI\u00ae Funda Super El\u00e1stica Chaise Longue Brazo Largo Izquierdo (Visto de Frente) | Modelo NOVELE | Gris Claro | Protector de Calidad de Tejido Jacquard Tacto algod\u00f3n<\/a><\/td>\n<td>126 \u20ac<\/td>\n<td>25 \u20ac<\/td>\n<\/tr>\n<tr>\n<td>MARKETPLACES<\/td>\n<td><a class=\"ljoptimizer\" href=\"https:\/\/www.amazon.es\/dp\/B09TBDKC5T?tag=amazon087683-21&amp;th=1\" target=\"_blank\" rel=\"nofollow noopener\">Tefal Ingenio Easy On &#8211; Juego de 3 Sartenes 22\/24\/26 cm + 2 Cazos 16\/18 cm + Wok 26 cm + Mango extra\u00edble + 3 Accesorios No apto inducci\u00f3n, antiadherentes, Thermo-signal<\/a><\/td>\n<td>119 \u20ac<\/td>\n<td>24 \u20ac<\/td>\n<\/tr>\n<tr>\n<td>MARKETPLACES<\/td>\n<td><a class=\"ljoptimizer\" href=\"https:\/\/www.amazon.es\/dp\/B09TBHKP96?tag=amazon087683-21&amp;th=1\" target=\"_blank\" rel=\"nofollow noopener\">Tefal Ingenio Easy On &#8211; Juego de 3 Sartenes 22\/24\/26 cm + 2 Cazos 16\/18 cm + Mango extra\u00edble + 4 Accesorios, No apto inducci\u00f3n, antiadherentes, apto lavavajillas y horno<\/a><\/td>\n<td>105 \u20ac<\/td>\n<td>21 \u20ac<\/td>\n<\/tr>\n<tr>\n<td>MARKETPLACES<\/td>\n<td><a class=\"ljoptimizer\" href=\"https:\/\/www.amazon.es\/dp\/B0BDZ3WWB7?tag=amazon087683-21&amp;th=1\" target=\"_blank\" rel=\"nofollow noopener\">NOFFA Almohadas de Lectura &#8211; Almohada de Cu\u00f1a de Espuma Viscoel\u00e1stica Apoyo de Espalda Mientras se Trabajar o Viendo la Televisi\u00f3n &#8211; Grandes Coj\u00edn de Respaldo para Cama\/Sof\u00e1\/Suelo &#8211; Versi\u00f3n m\u00e1s Ancha<\/a><\/td>\n<td>101 \u20ac<\/td>\n<td>20 \u20ac<\/td>\n<\/tr>\n<tr>\n<td>MARKETPLACES<\/td>\n<td><a class=\"ljoptimizer\" href=\"https:\/\/www.amazon.es\/dp\/B0FVFFSWJV?tag=amazon087683-21&amp;th=1\" target=\"_blank\" rel=\"nofollow noopener\">Gimars Reversible Asiento Perro Coche Felpa Larga&amp;Corta Coj\u00edn Asiento para Perros Peque\u00f1os\/Medianos hasta 16kg, Desmontable Lavable Antislip Transportin Perro Coche con 15cm Espuma Egg-Crate 28D, S<\/a><\/td>\n<td>75 \u20ac<\/td>\n<td>15 \u20ac<\/td>\n<\/tr>\n<tr>\n<td>MARKETPLACES<\/td>\n<td><a class=\"ljoptimizer\" href=\"https:\/\/www.amazon.es\/dp\/B00GLO7SN6?tag=amazon087683-21&amp;th=1\" target=\"_blank\" rel=\"nofollow noopener\">PIKOLIN Home &#8211; Edred\u00f3n N\u00f3rdico de Fibra Invierno 400gr, Aloe Vera, Dermoprotector y Transpirable, para Piel Sensible, Relleno Cama 150 (240 x 220 cm)<\/a><\/td>\n<td>62 \u20ac<\/td>\n<td>12 \u20ac<\/td>\n<\/tr>\n<tr>\n<td>MARKETPLACES<\/td>\n<td><a class=\"ljoptimizer\" href=\"https:\/\/www.amazon.es\/dp\/B0DN1VX6MH?tag=amazon087683-21&amp;th=1\" target=\"_blank\" rel=\"nofollow noopener\">COZY KISS Escalera para Perros Peque\u00f1os 50 cm de Ancho, Escalera para Mascotas para Cama Sof\u00e1 con Funda Lavable, Escalera para Gatos de Espuma de Alta Densidad (Caqui, 75x50x60cm, 5)<\/a><\/td>\n<td>61 \u20ac<\/td>\n<td>12 \u20ac<\/td>\n<\/tr>\n<tr>\n<td>MARKETPLACES<\/td>\n<td><a class=\"ljoptimizer\" href=\"https:\/\/www.amazon.es\/dp\/B0D7Q26TLK?tag=amazon087683-21&amp;th=1\" target=\"_blank\" rel=\"nofollow noopener\">ALLSOPETS Parque para Perros y Gatos Plegable, Jaula para Perros y Gatos, Recinto Port\u00e1til con Bolso de Mano para Uso en Interior, Exterior, Viajes y Camping (Pata Negra, XL)<\/a><\/td>\n<td>57 \u20ac<\/td>\n<td>11 \u20ac<\/td>\n<\/tr>\n<tr>\n<td>MARKETPLACES<\/td>\n<td><a class=\"ljoptimizer\" href=\"https:\/\/www.amazon.es\/dp\/B017LTUBJ2?tag=amazon087683-21&amp;th=1\" target=\"_blank\" rel=\"nofollow noopener\">LACOR &#8211; 60485 &#8211; Tabla Corte Rubber Wood 53&#215;3,5&#215;4 cm<\/a><\/td>\n<td>54 \u20ac<\/td>\n<td>11 \u20ac<\/td>\n<\/tr>\n<tr>\n<td>MARKETPLACES<\/td>\n<td><a class=\"ljoptimizer\" href=\"https:\/\/www.amazon.es\/dp\/B08Z89BXCM?tag=amazon087683-21&amp;th=1\" target=\"_blank\" rel=\"nofollow noopener\">WENKO Asiento de inodoro con termoestable, negro, 0 x 46 x 39 cm<\/a><\/td>\n<td>50 \u20ac<\/td>\n<td>10 \u20ac<\/td>\n<\/tr>\n<tr>\n<td>MARKETPLACES<\/td>\n<td><a class=\"ljoptimizer\" href=\"https:\/\/www.amazon.es\/dp\/B07L3PSKRT?tag=amazon087683-21&amp;th=1\" target=\"_blank\" rel=\"nofollow noopener\">SHANNA Almohada de Embarazo, Almohada de Cuerpo Completo con Forma de U Grande, Sleep Confort Almohada con Funda de Terciopelo Reemplazable y Lavable para Dormir y Alimentar, 70 x 145 cm Gris<\/a><\/td>\n<td>43 \u20ac<\/td>\n<td>9 \u20ac<\/td>\n<\/tr>\n<tr>\n<td>MARKETPLACES<\/td>\n<td><a class=\"ljoptimizer\" href=\"https:\/\/www.amazon.es\/dp\/B003IX0CN6?tag=amazon087683-21&amp;th=1\" target=\"_blank\" rel=\"nofollow noopener\">WENKO Secura Einstiegshilfe f\u00fcr die Badewanne, Belastbar mit bis zu 150 kg, Strapazierf\u00e4higes Aluminium\/Kunststoff, 23 x 52 x 22,5-39 cm, Wei\u00df<\/a><\/td>\n<td>42 \u20ac<\/td>\n<td>8 \u20ac<\/td>\n<\/tr>\n<tr>\n<td>MARKETPLACES<\/td>\n<td><a class=\"ljoptimizer\" href=\"https:\/\/www.amazon.es\/dp\/B0D6BJJTSG?tag=amazon087683-21&amp;th=1\" target=\"_blank\" rel=\"nofollow noopener\">EHEYCIGA Cama Perro Grande 89x56x16cm, Colchon Perro Grandes Impermeable Lavable con Espuma Viscoel\u00e1stica, Sof\u00e1 Perro Desmontable, Negro<\/a><\/td>\n<td>41 \u20ac<\/td>\n<td>8 \u20ac<\/td>\n<\/tr>\n<tr>\n<td>MARKETPLACES<\/td>\n<td><a class=\"ljoptimizer\" href=\"https:\/\/www.amazon.es\/dp\/B0788QD5P7?tag=amazon087683-21&amp;th=1\" target=\"_blank\" rel=\"nofollow noopener\">Todocama &#8211; Almohada viscoel\u00e1stica, 150 cm n\u00facleo Compacto. Doble Funda con Cremallera. Tejido Aloe Vera. Termorregulable adaptabilidad al Cuello.<\/a><\/td>\n<td>40 \u20ac<\/td>\n<td>8 \u20ac<\/td>\n<\/tr>\n<tr>\n<td>MARKETPLACES<\/td>\n<td><a class=\"ljoptimizer\" href=\"https:\/\/www.amazon.es\/dp\/B0DH4HZKRD?tag=amazon087683-21&amp;th=1\" target=\"_blank\" rel=\"nofollow noopener\">Amazon Basics Cama-sof\u00e1 de Perro, Goma, sal\u00f3n, Cubierta extra\u00edble, Gris, 76 x 51 x 16 cm (L x W x H)<\/a><\/td>\n<td>35 \u20ac<\/td>\n<td>7 \u20ac<\/td>\n<\/tr>\n<tr>\n<td>MARKETPLACES<\/td>\n<td><a class=\"ljoptimizer\" href=\"https:\/\/www.amazon.es\/dp\/B0G65Q5H1H?tag=amazon087683-21&amp;th=1\" target=\"_blank\" rel=\"nofollow noopener\">PORTENTUM Tendedero Vertical Plegable 14 cm \u2013 5 Niveles y 58 Ganchos para Perchas \u2013 hasta 40 kg \u2013 Tenderete 24 Barras de Secado de Acero Inoxidable \u2013 Interior y Exterior \u2013 Ruedas giratorias con Freno<\/a><\/td>\n<td>34 \u20ac<\/td>\n<td>7 \u20ac<\/td>\n<\/tr>\n<tr>\n<td>MARKETPLACES<\/td>\n<td><a class=\"ljoptimizer\" href=\"https:\/\/www.amazon.es\/dp\/B08JTXCV9H?tag=amazon087683-21&amp;th=1\" target=\"_blank\" rel=\"nofollow noopener\">MAXIJIN 3 Piezas m\u00e1s Nuevas Fundas de sof\u00e1 Jacquard para 2 plazas el\u00e1stico Antideslizante Funda de Asiento de Amor para Perros Protector el\u00e1stico para Muebles (2 plazas, Caqui)<\/a><\/td>\n<td>29 \u20ac<\/td>\n<td>6 \u20ac<\/td>\n<\/tr>\n<tr>\n<td>MARKETPLACES<\/td>\n<td><a class=\"ljoptimizer\" href=\"https:\/\/www.amazon.es\/dp\/B074VG27QX?tag=amazon087683-21&amp;th=1\" target=\"_blank\" rel=\"nofollow noopener\">Tatay Cubo de Basura Cocina con Pedal 25L | Interior y Exterior | Para Bolsas de 30L | Pl\u00e1stico Resistente Libre de BPA | 33,5x31x42 cm, Gris Metalizado<\/a><\/td>\n<td>25 \u20ac<\/td>\n<td>5 \u20ac<\/td>\n<\/tr>\n<tr>\n<td>MARKETPLACES<\/td>\n<td><a class=\"ljoptimizer\" href=\"https:\/\/www.amazon.es\/dp\/B00F2JM4PI?tag=amazon087683-21&amp;th=1\" target=\"_blank\" rel=\"nofollow noopener\">Karlie Flugzeugbox Nomad L: 51 cm B: 33.5 cm H: 33 cm XS &lt; 5,00 kg<\/a><\/td>\n<td>24 \u20ac<\/td>\n<td>5 \u20ac<\/td>\n<\/tr>\n<tr>\n<td>MARKETPLACES<\/td>\n<td><a class=\"ljoptimizer\" href=\"https:\/\/www.amazon.es\/dp\/B0DBFB1MPT?tag=amazon087683-21&amp;th=1\" target=\"_blank\" rel=\"nofollow noopener\">Orange Wave Almohada de Plumas 80&#215;80 cm \u2013 Almohada de Lujo, Funda Algod\u00f3n, Transpirable y Confort de Colecci\u00f3n Hotelera, Certificada RDS y Oeko-Tex<\/a><\/td>\n<td>24 \u20ac<\/td>\n<td>5 \u20ac<\/td>\n<\/tr>\n<tr>\n<td>MARKETPLACES<\/td>\n<td><a class=\"ljoptimizer\" href=\"https:\/\/www.amazon.es\/dp\/B0DP3ZP9VJ?tag=amazon087683-21&amp;th=1\" target=\"_blank\" rel=\"nofollow noopener\">Amazon Basics: Soporte para empapadores de adiestramiento para Perros, Cierre Seguro, extragrueso y Antideslizante, pl\u00e1stico Reciclado, 61 cm, S, Blanco y Antracita<\/a><\/td>\n<td>22 \u20ac<\/td>\n<td>4 \u20ac<\/td>\n<\/tr>\n<tr>\n<td>MARKETPLACES<\/td>\n<td><a class=\"ljoptimizer\" href=\"https:\/\/www.amazon.es\/dp\/B0G65BHBMZ?tag=amazon087683-21&amp;th=1\" target=\"_blank\" rel=\"nofollow noopener\">PORTENTUM Perchero burro ropa resistente de acero \u2013 hasta 35 kg \u2013 Organizador con doble barra y zapatero \u2013 Percheros de pie con pies antideslizantes \u2013 Tapas anti-ca\u00edda para perchas \u2013 Montaje r\u00e1pido<\/a><\/td>\n<td>22 \u20ac<\/td>\n<td>4 \u20ac<\/td>\n<\/tr>\n<tr>\n<td>MARKETPLACES<\/td>\n<td><a class=\"ljoptimizer\" href=\"https:\/\/www.amazon.es\/dp\/B0G1SHVWQW?tag=amazon087683-21&amp;th=1\" target=\"_blank\" rel=\"nofollow noopener\">AKTIVE MAX Home Mesa Auxiliar de Madera, 40&#215;40 cm, Peso m\u00e1ximo soportado 5 kg, Efecto Roble, Estructura met\u00e1lica Negra, Patas en Cruz, Decoraci\u00f3n sal\u00f3n, Comedor, Cocina (18505)<\/a><\/td>\n<td>20 \u20ac<\/td>\n<td>4 \u20ac<\/td>\n<\/tr>\n<tr>\n<td>MARKETPLACES<\/td>\n<td><a class=\"ljoptimizer\" href=\"https:\/\/www.amazon.es\/dp\/B0G1SHVWQW?tag=amazon087683-21&amp;th=1\" target=\"_blank\" rel=\"nofollow noopener\">AKTIVE MAX Home Mesa Auxiliar de Madera, 40&#215;40 cm, Peso m\u00e1ximo soportado 5 kg, Efecto Roble, Estructura met\u00e1lica Negra, Patas en Cruz, Decoraci\u00f3n sal\u00f3n, Comedor, Cocina (18505)<\/a><\/td>\n<td>20 \u20ac<\/td>\n<td>4 \u20ac<\/td>\n<\/tr>\n<tr>\n<td>MARKETPLACES<\/td>\n<td><a class=\"ljoptimizer\" href=\"https:\/\/www.amazon.es\/dp\/B018RU35JW?tag=amazon087683-21&amp;th=1\" target=\"_blank\" rel=\"nofollow noopener\">SONGMICS Marco de Fotos Collage para 10 Fotos de 10 x 15 cm, Hecho de Tableros MDF, Montaje en Pared, para Galer\u00eda de Fotos, Requiere Ensamblaje, Blanco RPF21W<\/a><\/td>\n<td>19 \u20ac<\/td>\n<td>4 \u20ac<\/td>\n<\/tr>\n<\/tbody>\n<\/table>\n","protected":false},"excerpt":{"rendered":"<p>Pal\u00e9 de Hogar sin revisar procedente de devoluciones de marketplaces<\/p>\n<ul>\n<li>N\u00famero de productos: 26<\/li>\n<li>Valor aproximado: 1380.00<\/li>\n<li>Porcentaje que se paga: 16% + IVA<\/li>\n<li>Tiempo de entrega estimado: 3 a 7 d\u00edas<\/li>\n<\/ul>\n<p>*Los precios incluyen IVA<\/p>\n","protected":false},"featured_media":177319,"template":"","meta":{"site-sidebar-layout":"default","site-content-layout":"","ast-site-content-layout":"default","site-content-style":"default","site-sidebar-style":"default","ast-global-header-display":"","ast-banner-title-visibility":"","ast-main-header-display":"","ast-hfb-above-header-display":"","ast-hfb-below-header-display":"","ast-hfb-mobile-header-display":"","site-post-title":"","ast-breadcrumbs-content":"","ast-featured-img":"","footer-sml-layout":"","ast-disable-related-posts":"","theme-transparent-header-meta":"default","adv-header-id-meta":"","stick-header-meta":"","header-above-stick-meta":"","header-main-stick-meta":"","header-below-stick-meta":"","astra-migrate-meta-layouts":"set","ast-page-background-enabled":"default","ast-page-background-meta":{"desktop":{"background-color":"var(--ast-global-color-4)","background-image":"","background-repeat":"repeat","background-position":"center center","background-size":"auto","background-attachment":"scroll","background-type":"","background-media":"","overlay-type":"","overlay-color":"","overlay-opacity":"","overlay-gradient":""},"tablet":{"background-color":"","background-image":"","background-repeat":"repeat","background-position":"center center","background-size":"auto","background-attachment":"scroll","background-type":"","background-media":"","overlay-type":"","overlay-color":"","overlay-opacity":"","overlay-gradient":""},"mobile":{"background-color":"","background-image":"","background-repeat":"repeat","background-position":"center center","background-size":"auto","background-attachment":"scroll","background-type":"","background-media":"","overlay-type":"","overlay-color":"","overlay-opacity":"","overlay-gradient":""}},"ast-content-background-meta":{"desktop":{"background-color":"var(--ast-global-color-5)","background-image":"","background-repeat":"repeat","background-position":"center center","background-size":"auto","background-attachment":"scroll","background-type":"","background-media":"","overlay-type":"","overlay-color":"","overlay-opacity":"","overlay-gradient":""},"tablet":{"background-color":"var(--ast-global-color-5)","background-image":"","background-repeat":"repeat","background-position":"center center","background-size":"auto","background-attachment":"scroll","background-type":"","background-media":"","overlay-type":"","overlay-color":"","overlay-opacity":"","overlay-gradient":""},"mobile":{"background-color":"var(--ast-global-color-5)","background-image":"","background-repeat":"repeat","background-position":"center center","background-size":"auto","background-attachment":"scroll","background-type":"","background-media":"","overlay-type":"","overlay-color":"","overlay-opacity":"","overlay-gradient":""}}},"product_brand":[],"product_cat":[43,65],"product_tag":[],"class_list":{"0":"post-178978","1":"product","2":"type-product","3":"status-publish","4":"has-post-thumbnail","6":"product_cat-hogar","7":"product_cat-pales","8":"product_shipping_class-pale","9":"desktop-align-left","10":"tablet-align-left","11":"mobile-align-left","13":"first","14":"instock","15":"sale","16":"downloadable","17":"taxable","18":"shipping-taxable","19":"purchasable","20":"product-type-simple"},"yoast_head":"<!-- This site is optimized with the Yoast SEO plugin v27.5 - https:\/\/yoast.com\/product\/yoast-seo-wordpress\/ -->\n<title>Pal\u00e9 de Hogar [26 productos] (10224921) - Comprardevoluciones - Tu tienda de Devoluciones de Amazon<\/title>\n<meta name=\"robots\" content=\"noindex, follow\" \/>\n<meta property=\"og:locale\" content=\"fr_FR\" \/>\n<meta property=\"og:type\" content=\"article\" \/>\n<meta property=\"og:title\" content=\"Pal\u00e9 de Hogar [26 productos] (10224921) - Comprardevoluciones - Tu tienda de Devoluciones de Amazon\" \/>\n<meta property=\"og:description\" content=\"Pal\u00e9 de Hogar sin revisar procedente de devoluciones de marketplaces   N\u00famero de productos: 26  Valor aproximado: 1380.00  Porcentaje que se paga: 16% + IVA  Tiempo de entrega estimado: 3 a 7 d\u00edas  *Los precios incluyen IVA\" \/>\n<meta property=\"og:url\" content=\"https:\/\/comprardevoluciones.com\/producto\/10224921\/\" \/>\n<meta property=\"og:site_name\" content=\"Comprardevoluciones - Tu tienda de Devoluciones de Amazon\" \/>\n<meta property=\"og:image\" content=\"https:\/\/comprardevoluciones.com\/wp-content\/uploads\/2026\/04\/10224921.jpg\" \/>\n\t<meta property=\"og:image:width\" content=\"700\" \/>\n\t<meta property=\"og:image:height\" content=\"700\" \/>\n\t<meta property=\"og:image:type\" content=\"image\/jpeg\" \/>\n<meta name=\"twitter:card\" content=\"summary_large_image\" \/>\n<meta name=\"twitter:label1\" content=\"Dur\u00e9e de lecture estim\u00e9e\" \/>\n\t<meta name=\"twitter:data1\" content=\"4 minutes\" \/>\n<script type=\"application\/ld+json\" class=\"yoast-schema-graph\">{\"@context\":\"https:\\\/\\\/schema.org\",\"@graph\":[{\"@type\":\"WebPage\",\"@id\":\"https:\\\/\\\/comprardevoluciones.com\\\/producto\\\/10224921\\\/\",\"url\":\"https:\\\/\\\/comprardevoluciones.com\\\/producto\\\/10224921\\\/\",\"name\":\"Pal\u00e9 de Hogar [26 productos] (10224921) - Comprardevoluciones - Tu tienda de Devoluciones de Amazon\",\"isPartOf\":{\"@id\":\"https:\\\/\\\/comprardevoluciones.com\\\/#website\"},\"primaryImageOfPage\":{\"@id\":\"https:\\\/\\\/comprardevoluciones.com\\\/producto\\\/10224921\\\/#primaryimage\"},\"image\":{\"@id\":\"https:\\\/\\\/comprardevoluciones.com\\\/producto\\\/10224921\\\/#primaryimage\"},\"thumbnailUrl\":\"https:\\\/\\\/comprardevoluciones.com\\\/wp-content\\\/uploads\\\/2026\\\/04\\\/10224921.jpg\",\"datePublished\":\"2026-05-06T09:00:00+00:00\",\"breadcrumb\":{\"@id\":\"https:\\\/\\\/comprardevoluciones.com\\\/producto\\\/10224921\\\/#breadcrumb\"},\"inLanguage\":\"fr-FR\",\"potentialAction\":[{\"@type\":\"ReadAction\",\"target\":[\"https:\\\/\\\/comprardevoluciones.com\\\/producto\\\/10224921\\\/\"]}]},{\"@type\":\"ImageObject\",\"inLanguage\":\"fr-FR\",\"@id\":\"https:\\\/\\\/comprardevoluciones.com\\\/producto\\\/10224921\\\/#primaryimage\",\"url\":\"https:\\\/\\\/comprardevoluciones.com\\\/wp-content\\\/uploads\\\/2026\\\/04\\\/10224921.jpg\",\"contentUrl\":\"https:\\\/\\\/comprardevoluciones.com\\\/wp-content\\\/uploads\\\/2026\\\/04\\\/10224921.jpg\",\"width\":700,\"height\":700},{\"@type\":\"BreadcrumbList\",\"@id\":\"https:\\\/\\\/comprardevoluciones.com\\\/producto\\\/10224921\\\/#breadcrumb\",\"itemListElement\":[{\"@type\":\"ListItem\",\"position\":1,\"name\":\"Portada\",\"item\":\"https:\\\/\\\/comprardevoluciones.com\\\/fr\\\/\"},{\"@type\":\"ListItem\",\"position\":2,\"name\":\"Shop\",\"item\":\"https:\\\/\\\/comprardevoluciones.com\\\/fr\\\/shop\\\/\"},{\"@type\":\"ListItem\",\"position\":3,\"name\":\"Pal\u00e9 de Hogar [26 productos] (10224921)\"}]},{\"@type\":\"WebSite\",\"@id\":\"https:\\\/\\\/comprardevoluciones.com\\\/#website\",\"url\":\"https:\\\/\\\/comprardevoluciones.com\\\/\",\"name\":\"Comprardevoluciones - Tu tienda de Devoluciones de Amazon\",\"description\":\"Consigue Stock en buen estado a un precio imbatible\",\"potentialAction\":[{\"@type\":\"SearchAction\",\"target\":{\"@type\":\"EntryPoint\",\"urlTemplate\":\"https:\\\/\\\/comprardevoluciones.com\\\/?s={search_term_string}\"},\"query-input\":{\"@type\":\"PropertyValueSpecification\",\"valueRequired\":true,\"valueName\":\"search_term_string\"}}],\"inLanguage\":\"fr-FR\"}]}<\/script>\n<!-- \/ Yoast SEO plugin. -->","yoast_head_json":{"title":"Pal\u00e9 de Hogar [26 productos] (10224921) - Comprardevoluciones - Tu tienda de Devoluciones de Amazon","robots":{"index":"noindex","follow":"follow"},"og_locale":"fr_FR","og_type":"article","og_title":"Pal\u00e9 de Hogar [26 productos] (10224921) - Comprardevoluciones - Tu tienda de Devoluciones de Amazon","og_description":"Pal\u00e9 de Hogar sin revisar procedente de devoluciones de marketplaces   N\u00famero de productos: 26  Valor aproximado: 1380.00  Porcentaje que se paga: 16% + IVA  Tiempo de entrega estimado: 3 a 7 d\u00edas  *Los precios incluyen IVA","og_url":"https:\/\/comprardevoluciones.com\/producto\/10224921\/","og_site_name":"Comprardevoluciones - Tu tienda de Devoluciones de Amazon","og_image":[{"width":700,"height":700,"url":"https:\/\/comprardevoluciones.com\/wp-content\/uploads\/2026\/04\/10224921.jpg","type":"image\/jpeg"}],"twitter_card":"summary_large_image","twitter_misc":{"Dur\u00e9e de lecture estim\u00e9e":"4 minutes"},"schema":{"@context":"https:\/\/schema.org","@graph":[{"@type":"WebPage","@id":"https:\/\/comprardevoluciones.com\/producto\/10224921\/","url":"https:\/\/comprardevoluciones.com\/producto\/10224921\/","name":"Pal\u00e9 de Hogar [26 productos] (10224921) - Comprardevoluciones - Tu tienda de Devoluciones de Amazon","isPartOf":{"@id":"https:\/\/comprardevoluciones.com\/#website"},"primaryImageOfPage":{"@id":"https:\/\/comprardevoluciones.com\/producto\/10224921\/#primaryimage"},"image":{"@id":"https:\/\/comprardevoluciones.com\/producto\/10224921\/#primaryimage"},"thumbnailUrl":"https:\/\/comprardevoluciones.com\/wp-content\/uploads\/2026\/04\/10224921.jpg","datePublished":"2026-05-06T09:00:00+00:00","breadcrumb":{"@id":"https:\/\/comprardevoluciones.com\/producto\/10224921\/#breadcrumb"},"inLanguage":"fr-FR","potentialAction":[{"@type":"ReadAction","target":["https:\/\/comprardevoluciones.com\/producto\/10224921\/"]}]},{"@type":"ImageObject","inLanguage":"fr-FR","@id":"https:\/\/comprardevoluciones.com\/producto\/10224921\/#primaryimage","url":"https:\/\/comprardevoluciones.com\/wp-content\/uploads\/2026\/04\/10224921.jpg","contentUrl":"https:\/\/comprardevoluciones.com\/wp-content\/uploads\/2026\/04\/10224921.jpg","width":700,"height":700},{"@type":"BreadcrumbList","@id":"https:\/\/comprardevoluciones.com\/producto\/10224921\/#breadcrumb","itemListElement":[{"@type":"ListItem","position":1,"name":"Portada","item":"https:\/\/comprardevoluciones.com\/fr\/"},{"@type":"ListItem","position":2,"name":"Shop","item":"https:\/\/comprardevoluciones.com\/fr\/shop\/"},{"@type":"ListItem","position":3,"name":"Pal\u00e9 de Hogar [26 productos] (10224921)"}]},{"@type":"WebSite","@id":"https:\/\/comprardevoluciones.com\/#website","url":"https:\/\/comprardevoluciones.com\/","name":"Comprardevoluciones - Tu tienda de Devoluciones de Amazon","description":"Consigue Stock en buen estado a un precio imbatible","potentialAction":[{"@type":"SearchAction","target":{"@type":"EntryPoint","urlTemplate":"https:\/\/comprardevoluciones.com\/?s={search_term_string}"},"query-input":{"@type":"PropertyValueSpecification","valueRequired":true,"valueName":"search_term_string"}}],"inLanguage":"fr-FR"}]}},"_links":{"self":[{"href":"https:\/\/comprardevoluciones.com\/fr\/wp-json\/wp\/v2\/product\/178978","targetHints":{"allow":["GET"]}}],"collection":[{"href":"https:\/\/comprardevoluciones.com\/fr\/wp-json\/wp\/v2\/product"}],"about":[{"href":"https:\/\/comprardevoluciones.com\/fr\/wp-json\/wp\/v2\/types\/product"}],"wp:featuredmedia":[{"embeddable":true,"href":"https:\/\/comprardevoluciones.com\/fr\/wp-json\/wp\/v2\/media\/177319"}],"wp:attachment":[{"href":"https:\/\/comprardevoluciones.com\/fr\/wp-json\/wp\/v2\/media?parent=178978"}],"wp:term":[{"taxonomy":"product_brand","embeddable":true,"href":"https:\/\/comprardevoluciones.com\/fr\/wp-json\/wp\/v2\/product_brand?post=178978"},{"taxonomy":"product_cat","embeddable":true,"href":"https:\/\/comprardevoluciones.com\/fr\/wp-json\/wp\/v2\/product_cat?post=178978"},{"taxonomy":"product_tag","embeddable":true,"href":"https:\/\/comprardevoluciones.com\/fr\/wp-json\/wp\/v2\/product_tag?post=178978"}],"curies":[{"name":"wp","href":"https:\/\/api.w.org\/{rel}","templated":true}]}}