{"id":179215,"date":"2026-04-15T10:00:22","date_gmt":"2026-04-15T09:00:22","guid":{"rendered":"https:\/\/comprardevoluciones.com\/?post_type=product&#038;p=179215"},"modified":"2026-04-15T19:42:37","modified_gmt":"2026-04-15T18:42:37","slug":"spw84m7332w","status":"publish","type":"product","link":"https:\/\/comprardevoluciones.com\/fr\/producto\/spw84m7332w\/","title":{"rendered":"Caja de Hogar [35 productos] (spW84m7332W)"},"content":{"rendered":"<p>Descripci\u00f3n y valor aproximados<\/p>\n<table>\n<tbody>\n<tr>\n<td><strong>FUENTE<\/strong><\/td>\n<td><strong>PRODUCTO<\/strong><\/td>\n<td><strong>VALOR (\u20ac)<\/strong><\/td>\n<td><strong>PAGAS (\u20ac)<\/strong><\/td>\n<\/tr>\n<tr>\n<td>MARKETPLACES<\/td>\n<td><a class=\"ljoptimizer\" href=\"https:\/\/www.amazon.es\/dp\/B06Y45M5SV?tag=amazon087683-21&amp;th=1\" target=\"_blank\" rel=\"nofollow noopener\">JBL CRISTALPROFI e902 greenline &#8211; Filtro externo para acuarios de 90 a 300 litros<\/a><\/td>\n<td>120 \u20ac<\/td>\n<td>24 \u20ac<\/td>\n<\/tr>\n<tr>\n<td>MARKETPLACES<\/td>\n<td><a class=\"ljoptimizer\" href=\"https:\/\/www.amazon.es\/dp\/B0D7Q4612G?tag=amazon087683-21&amp;th=1\" target=\"_blank\" rel=\"nofollow noopener\">Arn\u00e9s para perros OneTigris SKYEWALKER, arn\u00e9s ajustable con 2 asas para elevaci\u00f3n y rehabilitaci\u00f3n, adecuado para perros medianos y grandes, negro, XL<\/a><\/td>\n<td>62 \u20ac<\/td>\n<td>12 \u20ac<\/td>\n<\/tr>\n<tr>\n<td>MARKETPLACES<\/td>\n<td><a class=\"ljoptimizer\" href=\"https:\/\/www.amazon.es\/dp\/B0FCSCB9FT?tag=amazon087683-21&amp;th=1\" target=\"_blank\" rel=\"nofollow noopener\">Tefal Duetto On &#8211; Sart\u00e9n de 24 cm, Acero inoxidable, Cocci\u00f3n r\u00e1pida y uniforme, Apto inducci\u00f3n, Mango ergon\u00f3mico, 10 a\u00f1os de garant\u00eda, Resultados crujientes<\/a><\/td>\n<td>35 \u20ac<\/td>\n<td>7 \u20ac<\/td>\n<\/tr>\n<tr>\n<td>MARKETPLACES<\/td>\n<td><a class=\"ljoptimizer\" href=\"https:\/\/www.amazon.es\/dp\/B0FPCLL5KS?tag=amazon087683-21&amp;th=1\" target=\"_blank\" rel=\"nofollow noopener\">Ehomfory Almohada Cervicales y Cuello, Transpirable Almohada Cervical de Espuma Viscoel\u00e1stica, 2 en 1 Almohada Ergon\u00f3mica para Dormir de Lado, Boca Arriba y Boca Abajo<\/a><\/td>\n<td>33 \u20ac<\/td>\n<td>7 \u20ac<\/td>\n<\/tr>\n<tr>\n<td>MARKETPLACES<\/td>\n<td><a class=\"ljoptimizer\" href=\"https:\/\/www.amazon.es\/dp\/B0D6YCZ5J3?tag=amazon087683-21&amp;th=1\" target=\"_blank\" rel=\"nofollow noopener\">Klighten Lampara Espejo Ba\u00f1o Led 40cm, 12W 1100 Lumen, IP44 Luz Espejo Ba\u00f1o, Aplique Espejo Ba\u00f1o Aluminio Moderno, 60 LEDs, Blanco C\u00e1lido 3000K, Nero<\/a><\/td>\n<td>32 \u20ac<\/td>\n<td>6 \u20ac<\/td>\n<\/tr>\n<tr>\n<td>MARKETPLACES<\/td>\n<td><a class=\"ljoptimizer\" href=\"https:\/\/www.amazon.es\/dp\/B09MD8P293?tag=amazon087683-21&amp;th=1\" target=\"_blank\" rel=\"nofollow noopener\">Top Towel &#8211; Elegant &#8211; Albornoz Mujer y Hombre 100% Algod\u00f3n, 500 g\/m\u00b2 &#8211; Opci\u00f3n con Capucha o Sin Capucha &#8211; Suave y Absorbente para Ducha, Spa y Piscina<\/a><\/td>\n<td>32 \u20ac<\/td>\n<td>6 \u20ac<\/td>\n<\/tr>\n<tr>\n<td>MARKETPLACES<\/td>\n<td><a class=\"ljoptimizer\" href=\"https:\/\/www.amazon.es\/dp\/B0788QX3J1?tag=amazon087683-21&amp;th=1\" target=\"_blank\" rel=\"nofollow noopener\">Todocama &#8211; Almohada viscoel\u00e1stica, 105 cm n\u00facleo Compacto. Doble Funda con Cremallera. Tejido Aloe Vera. Termorregulable adaptabilidad al Cuello.<\/a><\/td>\n<td>31 \u20ac<\/td>\n<td>6 \u20ac<\/td>\n<\/tr>\n<tr>\n<td>MARKETPLACES<\/td>\n<td><a class=\"ljoptimizer\" href=\"https:\/\/www.amazon.es\/dp\/B0BM4NHZVY?tag=amazon087683-21&amp;th=1\" target=\"_blank\" rel=\"nofollow noopener\">Paladone Luz de ne\u00f3n LED Barbie &#8211; Producto oficial, luz rosa independiente o montada en la pared, accesorios y decoraci\u00f3n para habitaci\u00f3n de maquillaje<\/a><\/td>\n<td>24 \u20ac<\/td>\n<td>5 \u20ac<\/td>\n<\/tr>\n<tr>\n<td>MARKETPLACES<\/td>\n<td><a class=\"ljoptimizer\" href=\"https:\/\/www.amazon.es\/dp\/B002MXOFTK?tag=amazon087683-21&amp;th=1\" target=\"_blank\" rel=\"nofollow noopener\">EGLO Spiegellampe Sticker, Wandleuchte, Spiegelleuchte aus Metall und opal-mattem Glas, Badezimmer Lampe in Chrom, Wei\u00df, Feuchtraumleuchte, IP44, E14 Fassung<\/a><\/td>\n<td>20 \u20ac<\/td>\n<td>4 \u20ac<\/td>\n<\/tr>\n<tr>\n<td>MARKETPLACES<\/td>\n<td><a class=\"ljoptimizer\" href=\"https:\/\/www.amazon.es\/dp\/B09HPY7FHT?tag=amazon087683-21&amp;th=1\" target=\"_blank\" rel=\"nofollow noopener\">xunfu Quemador de Incienso de Reflujo, Cascada de Cer\u00e1Mica con 60 Conos Incienso y 1 Coj\u00edN, para Aromaterapia y Decoraci\u00f3N del Hogar, Azul Grande Nuevo<\/a><\/td>\n<td>19 \u20ac<\/td>\n<td>4 \u20ac<\/td>\n<\/tr>\n<tr>\n<td>MARKETPLACES<\/td>\n<td><a class=\"ljoptimizer\" href=\"https:\/\/www.amazon.es\/dp\/B0CWXWZTTB?tag=amazon087683-21&amp;th=1\" target=\"_blank\" rel=\"nofollow noopener\">HOVVIDA Tira LED 30M, 30 LED\/Metro, 2x15M, 24V RGB Luces, 900 LED, APP y Mando a distancia, Modo de M\u00fasica, LED para Habitaci\u00f3n, Sala, Cocina, Dormitorio, Bar, Fiesta<\/a><\/td>\n<td>19 \u20ac<\/td>\n<td>4 \u20ac<\/td>\n<\/tr>\n<tr>\n<td>MARKETPLACES<\/td>\n<td><a class=\"ljoptimizer\" href=\"https:\/\/www.amazon.es\/dp\/B086KC7BLC?tag=amazon087683-21&amp;th=1\" target=\"_blank\" rel=\"nofollow noopener\">kela Seau \u00e0 cosm\u00e9tique rouge 3l, poubelle \u00e0 p\u00e9dale en m\u00e9tal pour la salle de bains, poubelle de salle de bains avec seau int\u00e9rieur et anse, MONACO, rouge framboise mat<\/a><\/td>\n<td>17 \u20ac<\/td>\n<td>3 \u20ac<\/td>\n<\/tr>\n<tr>\n<td>MARKETPLACES<\/td>\n<td><a class=\"ljoptimizer\" href=\"https:\/\/www.amazon.es\/dp\/B01CYWO58E?tag=amazon087683-21&amp;th=1\" target=\"_blank\" rel=\"nofollow noopener\">3 Claveles Tijera electricista protectora, Rojo, 15 cm &#8211; 6&Prime;<\/a><\/td>\n<td>16 \u20ac<\/td>\n<td>3 \u20ac<\/td>\n<\/tr>\n<tr>\n<td>MARKETPLACES<\/td>\n<td><a class=\"ljoptimizer\" href=\"https:\/\/www.amazon.es\/dp\/B0DFMBP2BJ?tag=amazon087683-21&amp;th=1\" target=\"_blank\" rel=\"nofollow noopener\">Fuente para Gatos Acero Inoxidable 12 Filtro: 6 Filtros de Carb\u00f3n + 6 Filtros de Espuma &#8211; Filtraci\u00f3n M\u00faltiple &#8211; Purificaci\u00f3n de la Calidad del Agua &#8211; Adecuado para GIOTOHUN 2.2L Bebedero Gatos<\/a><\/td>\n<td>15 \u20ac<\/td>\n<td>3 \u20ac<\/td>\n<\/tr>\n<tr>\n<td>MARKETPLACES<\/td>\n<td><a class=\"ljoptimizer\" href=\"https:\/\/www.amazon.es\/dp\/B09HHH1YM8?tag=amazon087683-21&amp;th=1\" target=\"_blank\" rel=\"nofollow noopener\">Allstar WC-Garnitur Olinda, Toilettenb\u00fcrstenhalter in konischer Form, B\u00fcrstenhalter in mattiertem Finish, hergestellt aus Keramik, inkl. Toilettenb\u00fcrste in Schwarz, Ma\u00dfe (B\/T x H): \u00d8 9,5 x 40 cm, Wei\u00df<\/a><\/td>\n<td>15 \u20ac<\/td>\n<td>3 \u20ac<\/td>\n<\/tr>\n<tr>\n<td>MARKETPLACES<\/td>\n<td><a class=\"ljoptimizer\" href=\"https:\/\/www.amazon.es\/dp\/B0C2ZSKT65?tag=amazon087683-21&amp;th=1\" target=\"_blank\" rel=\"nofollow noopener\">Russell Hobbs RH02852EU7 Sart\u00e9n para tortitas antiadherente &#8211; apta para placas de inducci\u00f3n, cocine comida saludable sin o con poco aceite, mango c\u00f3modo, Metallic Marble, aluminio forjado, 25 cm<\/a><\/td>\n<td>15 \u20ac<\/td>\n<td>3 \u20ac<\/td>\n<\/tr>\n<tr>\n<td>MARKETPLACES<\/td>\n<td><a class=\"ljoptimizer\" href=\"https:\/\/www.amazon.es\/dp\/B0044R87K0?tag=amazon087683-21&amp;th=1\" target=\"_blank\" rel=\"nofollow noopener\">Arcos Ausbeinmesser mit Nitrum Edelstahlklinge 16 cm &#8211; Professionelles Messer zum Schneiden von Knochen und Fleisch &#8211; Ergonomischer Griff aus Polypropylen, Schwarz, Serie Maitre<\/a><\/td>\n<td>15 \u20ac<\/td>\n<td>3 \u20ac<\/td>\n<\/tr>\n<tr>\n<td>MARKETPLACES<\/td>\n<td><a class=\"ljoptimizer\" href=\"https:\/\/www.amazon.es\/dp\/B0CFHP371V?tag=amazon087683-21&amp;th=1\" target=\"_blank\" rel=\"nofollow noopener\">Soporte para cepillos de dientes para ba\u00f1o, 2 cabezales, organizador de contador, soporte para pinceles de maquillaje y utensilios de cocina y ba\u00f1o (verde)<\/a><\/td>\n<td>14 \u20ac<\/td>\n<td>3 \u20ac<\/td>\n<\/tr>\n<tr>\n<td>MARKETPLACES<\/td>\n<td><a class=\"ljoptimizer\" href=\"https:\/\/www.amazon.es\/dp\/B09JPG69N4?tag=amazon087683-21&amp;th=1\" target=\"_blank\" rel=\"nofollow noopener\">Tatay Papelera Ba\u00f1o Pedal 3L | Apertura Higi\u00e9nica y Sin Contacto | Cierre Amortiguado y Silencioso | Interior Extra\u00edble para F\u00e1cil Limpieza | Dise\u00f1o Funcional | 19&#215;21,8&#215;22,1 cm \u2013 Modelo Nordic &#8211; Azul<\/a><\/td>\n<td>14 \u20ac<\/td>\n<td>3 \u20ac<\/td>\n<\/tr>\n<tr>\n<td>MARKETPLACES<\/td>\n<td><a class=\"ljoptimizer\" href=\"https:\/\/www.amazon.es\/dp\/B09WLDJFG7?tag=amazon087683-21&amp;th=1\" target=\"_blank\" rel=\"nofollow noopener\">Cecotec Cafetera Italiana Mokclassic 600 Red. Cafetera de Aluminio, Para toda Cocina, 6 Tazas de Caf\u00e9, Junta de Silicona, Mango Ergon\u00f3mico y Termorresistente, Filtro y V\u00e1lcula de Acero Inoxidable<\/a><\/td>\n<td>13 \u20ac<\/td>\n<td>3 \u20ac<\/td>\n<\/tr>\n<tr>\n<td>MARKETPLACES<\/td>\n<td><a class=\"ljoptimizer\" href=\"https:\/\/www.amazon.es\/dp\/B079JRSWW8?tag=amazon087683-21&amp;th=1\" target=\"_blank\" rel=\"nofollow noopener\">douceur d&rsquo;Int\u00e9rieur Absolu \u00d6senvorhang, Mikrofaser, einfarbig, Polyester, Polyester, senf, 140 cm x 260 cm<\/a><\/td>\n<td>13 \u20ac<\/td>\n<td>3 \u20ac<\/td>\n<\/tr>\n<tr>\n<td>MARKETPLACES<\/td>\n<td><a class=\"ljoptimizer\" href=\"https:\/\/www.amazon.es\/dp\/B0F28ZKG5L?tag=amazon087683-21&amp;th=1\" target=\"_blank\" rel=\"nofollow noopener\">WUMIUER Juego de ropa de cama de 200 x 200 cm, 2 piezas, dise\u00f1o de mariposas, color blanco, azul, multicolor, funda n\u00f3rdica de 200 x 200 cm y 1 funda de almohada de 80 x 80 cm con cremallera, para<\/a><\/td>\n<td>13 \u20ac<\/td>\n<td>3 \u20ac<\/td>\n<\/tr>\n<tr>\n<td>MARKETPLACES<\/td>\n<td><a class=\"ljoptimizer\" href=\"https:\/\/www.amazon.es\/dp\/B0D4HLMXZ2?tag=amazon087683-21&amp;th=1\" target=\"_blank\" rel=\"nofollow noopener\">Blendura \u00d6lspr\u00fcher, 2 in 1 \u00d6l spr\u00fchflasche 470ml \u00f6lspr\u00fcher f\u00fcr Speise\u00f6l, Oil Sprayer K\u00f6nnen \u00d6lspray und Gie\u00dfen, \u00f6lspray zum K\u00fcche, Kochen, Grillen, Hei\u00dfluftfritteuse, Salat, Backen<\/a><\/td>\n<td>10 \u20ac<\/td>\n<td>2 \u20ac<\/td>\n<\/tr>\n<tr>\n<td>MARKETPLACES<\/td>\n<td><a class=\"ljoptimizer\" href=\"https:\/\/www.amazon.es\/dp\/B000WFI8N4?tag=amazon087683-21&amp;th=1\" target=\"_blank\" rel=\"nofollow noopener\">Trixie Poste de repuesto para rascar, para gatos, Beige , 9\/40 cm<\/a><\/td>\n<td>10 \u20ac<\/td>\n<td>2 \u20ac<\/td>\n<\/tr>\n<tr>\n<td>MARKETPLACES<\/td>\n<td><a class=\"ljoptimizer\" href=\"https:\/\/www.amazon.es\/dp\/B004HFX1CS?tag=amazon087683-21&amp;th=1\" target=\"_blank\" rel=\"nofollow noopener\">sera siporax mini Professional 1.000 ml (270 g) | biologisches Filtermedium f\u00fcr kleine &amp; Nano-Aquarien | hochpor\u00f6ses Sinterglas f\u00fcr stabile Wasserwerte<\/a><\/td>\n<td>10 \u20ac<\/td>\n<td>2 \u20ac<\/td>\n<\/tr>\n<tr>\n<td>MARKETPLACES<\/td>\n<td><a class=\"ljoptimizer\" href=\"https:\/\/www.amazon.es\/dp\/B000WFI8N4?tag=amazon087683-21&amp;th=1\" target=\"_blank\" rel=\"nofollow noopener\">TRIXIE Stamm f\u00fcr Kratzb\u00e4ume &#8211; Natur \u00f8 9 \u00d7 40 cm<\/a><\/td>\n<td>8 \u20ac<\/td>\n<td>2 \u20ac<\/td>\n<\/tr>\n<tr>\n<td>MARKETPLACES<\/td>\n<td><a class=\"ljoptimizer\" href=\"https:\/\/www.amazon.es\/dp\/B0B7QDVS92?tag=amazon087683-21&amp;th=1\" target=\"_blank\" rel=\"nofollow noopener\">Stor Tazza per Bambini con Grafica Disney Stitch da 350 ml, senza BPA, adatta al microonde, e non va in lavastoviglie<\/a><\/td>\n<td>7 \u20ac<\/td>\n<td>1 \u20ac<\/td>\n<\/tr>\n<tr>\n<td>MARKETPLACES<\/td>\n<td><a class=\"ljoptimizer\" href=\"https:\/\/www.amazon.es\/dp\/B0BGM799C9?tag=amazon087683-21&amp;th=1\" target=\"_blank\" rel=\"nofollow noopener\">EGLO E14 LED Lampe dimmbar, Gl\u00fchbirne Milky in Tropfenform, 7,5 Watt (entspricht 60 Watt), 806 Lumen, Leuchtmittel Tropfen warmwei\u00df, 3000 K, Gl\u00fchlampe P45, \u00d8 4,6 cm<\/a><\/td>\n<td>6 \u20ac<\/td>\n<td>1 \u20ac<\/td>\n<\/tr>\n<tr>\n<td>MARKETPLACES<\/td>\n<td><a class=\"ljoptimizer\" href=\"https:\/\/www.amazon.es\/dp\/B07QMRP786?tag=amazon087683-21&amp;th=1\" target=\"_blank\" rel=\"nofollow noopener\">dekora &#8211; Figura Decorativa per Prima Comunione &#8211; Bambina con Catechismo &#8211; Realizzata in Resina &#8211; Decorazione per Torte &#8211; 13 cm Altezza &#8211; Design Originale e Dettagliato &#8211; Adatta al Contatto Alimentare<\/a><\/td>\n<td>6 \u20ac<\/td>\n<td>1 \u20ac<\/td>\n<\/tr>\n<tr>\n<td>MARKETPLACES<\/td>\n<td><a class=\"ljoptimizer\" href=\"https:\/\/www.amazon.es\/dp\/B08L8GJZQ1?tag=amazon087683-21&amp;th=1\" target=\"_blank\" rel=\"nofollow noopener\">ARQUIVET Junior Poulet avec Carottes, Pois et Huile de Saumon 400 g &#8211; Bo\u00eete de Nourriture Humide pour Chiens Chiots &#8211; Toutes Les Races &#8211; Alimentation Naturelle Canine<\/a><\/td>\n<td>5 \u20ac<\/td>\n<td>1 \u20ac<\/td>\n<\/tr>\n<tr>\n<td>MARKETPLACES<\/td>\n<td><a class=\"ljoptimizer\" href=\"https:\/\/www.amazon.es\/dp\/B007F9JA00?tag=amazon087683-21&amp;th=1\" target=\"_blank\" rel=\"nofollow noopener\">Simple Solution Removedor de Manchas y Olores de Mascotas para Pisos Duros, Limpiador de Doble Acci\u00f3n para Pisos Duros Sellados &#8211; 750ml<\/a><\/td>\n<td>5 \u20ac<\/td>\n<td>1 \u20ac<\/td>\n<\/tr>\n<tr>\n<td>MARKETPLACES<\/td>\n<td><a class=\"ljoptimizer\" href=\"https:\/\/www.amazon.es\/dp\/B0BLWCWFKN?tag=amazon087683-21&amp;th=1\" target=\"_blank\" rel=\"nofollow noopener\">ZEFAL Sense Soft 65 No Mud Bidon Velo &#8211; Gourde VTT Avec Protection De La Tetine &#8211; Bidon Eau Sport Sans BPA &#8211; Noir Fume, 650ml<\/a><\/td>\n<td>4 \u20ac<\/td>\n<td>1 \u20ac<\/td>\n<\/tr>\n<tr>\n<td>MARKETPLACES<\/td>\n<td><a class=\"ljoptimizer\" href=\"https:\/\/www.amazon.es\/dp\/B017DLDM3A?tag=amazon087683-21&amp;th=1\" target=\"_blank\" rel=\"nofollow noopener\">Arcos Serie Latina, Cuchillo Mondador, Hoja de 65 mm, Mango Madera<\/a><\/td>\n<td>3 \u20ac<\/td>\n<td>1 \u20ac<\/td>\n<\/tr>\n<tr>\n<td>MARKETPLACES<\/td>\n<td><a class=\"ljoptimizer\" href=\"https:\/\/www.amazon.es\/dp\/B017DLDM3A?tag=amazon087683-21&amp;th=1\" target=\"_blank\" rel=\"nofollow noopener\">Arcos Serie Latina, Cuchillo Mondador, Hoja de 65 mm, Mango Madera<\/a><\/td>\n<td>3 \u20ac<\/td>\n<td>1 \u20ac<\/td>\n<\/tr>\n<tr>\n<td>MARKETPLACES<\/td>\n<td><a class=\"ljoptimizer\" href=\"https:\/\/www.amazon.es\/dp\/B017DLDM3A?tag=amazon087683-21&amp;th=1\" target=\"_blank\" rel=\"nofollow noopener\">Arcos Serie Latina, Cuchillo Mondador, Hoja de 65 mm, Mango Madera<\/a><\/td>\n<td>3 \u20ac<\/td>\n<td>1 \u20ac<\/td>\n<\/tr>\n<\/tbody>\n<\/table>\n","protected":false},"excerpt":{"rendered":"<p>Caja de Hogar sin revisar procedente de devoluciones de marketplaces<\/p>\n<ul>\n<li>N\u00famero de productos: 35<\/li>\n<li>Valor aproximado: 667.00<\/li>\n<li>Porcentaje que se paga: 16% + IVA<\/li>\n<li>Tiempo de entrega estimado: 3 a 7 d\u00edas<\/li>\n<\/ul>\n<p>*Los precios incluyen IVA<\/p>\n","protected":false},"featured_media":178267,"template":"","meta":{"site-sidebar-layout":"default","site-content-layout":"","ast-site-content-layout":"default","site-content-style":"default","site-sidebar-style":"default","ast-global-header-display":"","ast-banner-title-visibility":"","ast-main-header-display":"","ast-hfb-above-header-display":"","ast-hfb-below-header-display":"","ast-hfb-mobile-header-display":"","site-post-title":"","ast-breadcrumbs-content":"","ast-featured-img":"","footer-sml-layout":"","ast-disable-related-posts":"","theme-transparent-header-meta":"default","adv-header-id-meta":"","stick-header-meta":"","header-above-stick-meta":"","header-main-stick-meta":"","header-below-stick-meta":"","astra-migrate-meta-layouts":"set","ast-page-background-enabled":"default","ast-page-background-meta":{"desktop":{"background-color":"var(--ast-global-color-4)","background-image":"","background-repeat":"repeat","background-position":"center center","background-size":"auto","background-attachment":"scroll","background-type":"","background-media":"","overlay-type":"","overlay-color":"","overlay-opacity":"","overlay-gradient":""},"tablet":{"background-color":"","background-image":"","background-repeat":"repeat","background-position":"center center","background-size":"auto","background-attachment":"scroll","background-type":"","background-media":"","overlay-type":"","overlay-color":"","overlay-opacity":"","overlay-gradient":""},"mobile":{"background-color":"","background-image":"","background-repeat":"repeat","background-position":"center center","background-size":"auto","background-attachment":"scroll","background-type":"","background-media":"","overlay-type":"","overlay-color":"","overlay-opacity":"","overlay-gradient":""}},"ast-content-background-meta":{"desktop":{"background-color":"var(--ast-global-color-5)","background-image":"","background-repeat":"repeat","background-position":"center center","background-size":"auto","background-attachment":"scroll","background-type":"","background-media":"","overlay-type":"","overlay-color":"","overlay-opacity":"","overlay-gradient":""},"tablet":{"background-color":"var(--ast-global-color-5)","background-image":"","background-repeat":"repeat","background-position":"center center","background-size":"auto","background-attachment":"scroll","background-type":"","background-media":"","overlay-type":"","overlay-color":"","overlay-opacity":"","overlay-gradient":""},"mobile":{"background-color":"var(--ast-global-color-5)","background-image":"","background-repeat":"repeat","background-position":"center center","background-size":"auto","background-attachment":"scroll","background-type":"","background-media":"","overlay-type":"","overlay-color":"","overlay-opacity":"","overlay-gradient":""}}},"product_brand":[],"product_cat":[49,43],"product_tag":[],"class_list":{"0":"post-179215","1":"product","2":"type-product","3":"status-publish","4":"has-post-thumbnail","6":"product_cat-cajas","7":"product_cat-hogar","8":"desktop-align-left","9":"tablet-align-left","10":"mobile-align-left","12":"first","13":"outofstock","14":"sale","15":"downloadable","16":"taxable","17":"shipping-taxable","18":"purchasable","19":"product-type-simple"},"yoast_head":"<!-- This site is optimized with the Yoast SEO plugin v27.2 - https:\/\/yoast.com\/product\/yoast-seo-wordpress\/ -->\n<title>Caja de Hogar [35 productos] (spW84m7332W) - Comprardevoluciones - Tu tienda de Devoluciones de Amazon<\/title>\n<meta name=\"robots\" content=\"noindex, follow\" \/>\n<meta property=\"og:locale\" content=\"fr_FR\" \/>\n<meta property=\"og:type\" content=\"article\" \/>\n<meta property=\"og:title\" content=\"Caja de Hogar [35 productos] (spW84m7332W) - Comprardevoluciones - Tu tienda de Devoluciones de Amazon\" \/>\n<meta property=\"og:description\" content=\"Caja de Hogar sin revisar procedente de devoluciones de marketplaces   N\u00famero de productos: 35  Valor aproximado: 667.00  Porcentaje que se paga: 16% + IVA  Tiempo de entrega estimado: 3 a 7 d\u00edas  *Los precios incluyen IVA\" \/>\n<meta property=\"og:url\" content=\"https:\/\/comprardevoluciones.com\/producto\/spw84m7332w\/\" \/>\n<meta property=\"og:site_name\" content=\"Comprardevoluciones - Tu tienda de Devoluciones de Amazon\" \/>\n<meta property=\"article:modified_time\" content=\"2026-04-15T18:42:37+00:00\" \/>\n<meta property=\"og:image\" content=\"https:\/\/comprardevoluciones.com\/wp-content\/uploads\/2026\/04\/spW84m7332W.jpg\" \/>\n\t<meta property=\"og:image:width\" content=\"700\" \/>\n\t<meta property=\"og:image:height\" content=\"700\" \/>\n\t<meta property=\"og:image:type\" content=\"image\/jpeg\" \/>\n<meta name=\"twitter:card\" content=\"summary_large_image\" \/>\n<meta name=\"twitter:label1\" content=\"Dur\u00e9e de lecture estim\u00e9e\" \/>\n\t<meta name=\"twitter:data1\" content=\"5 minutes\" \/>\n<script type=\"application\/ld+json\" class=\"yoast-schema-graph\">{\"@context\":\"https:\/\/schema.org\",\"@graph\":[{\"@type\":\"WebPage\",\"@id\":\"https:\/\/comprardevoluciones.com\/producto\/spw84m7332w\/\",\"url\":\"https:\/\/comprardevoluciones.com\/producto\/spw84m7332w\/\",\"name\":\"Caja de Hogar [35 productos] (spW84m7332W) - Comprardevoluciones - Tu tienda de Devoluciones de Amazon\",\"isPartOf\":{\"@id\":\"https:\/\/comprardevoluciones.com\/#website\"},\"primaryImageOfPage\":{\"@id\":\"https:\/\/comprardevoluciones.com\/producto\/spw84m7332w\/#primaryimage\"},\"image\":{\"@id\":\"https:\/\/comprardevoluciones.com\/producto\/spw84m7332w\/#primaryimage\"},\"thumbnailUrl\":\"https:\/\/comprardevoluciones.com\/wp-content\/uploads\/2026\/04\/spW84m7332W.jpg\",\"datePublished\":\"2026-04-15T09:00:22+00:00\",\"dateModified\":\"2026-04-15T18:42:37+00:00\",\"breadcrumb\":{\"@id\":\"https:\/\/comprardevoluciones.com\/producto\/spw84m7332w\/#breadcrumb\"},\"inLanguage\":\"fr-FR\",\"potentialAction\":[{\"@type\":\"ReadAction\",\"target\":[\"https:\/\/comprardevoluciones.com\/producto\/spw84m7332w\/\"]}]},{\"@type\":\"ImageObject\",\"inLanguage\":\"fr-FR\",\"@id\":\"https:\/\/comprardevoluciones.com\/producto\/spw84m7332w\/#primaryimage\",\"url\":\"https:\/\/comprardevoluciones.com\/wp-content\/uploads\/2026\/04\/spW84m7332W.jpg\",\"contentUrl\":\"https:\/\/comprardevoluciones.com\/wp-content\/uploads\/2026\/04\/spW84m7332W.jpg\",\"width\":700,\"height\":700},{\"@type\":\"BreadcrumbList\",\"@id\":\"https:\/\/comprardevoluciones.com\/producto\/spw84m7332w\/#breadcrumb\",\"itemListElement\":[{\"@type\":\"ListItem\",\"position\":1,\"name\":\"Portada\",\"item\":\"https:\/\/comprardevoluciones.com\/fr\/\"},{\"@type\":\"ListItem\",\"position\":2,\"name\":\"Shop\",\"item\":\"https:\/\/comprardevoluciones.com\/fr\/shop\/\"},{\"@type\":\"ListItem\",\"position\":3,\"name\":\"Caja de Hogar [35 productos] (spW84m7332W)\"}]},{\"@type\":\"WebSite\",\"@id\":\"https:\/\/comprardevoluciones.com\/#website\",\"url\":\"https:\/\/comprardevoluciones.com\/\",\"name\":\"Comprardevoluciones - Tu tienda de Devoluciones de Amazon\",\"description\":\"Consigue Stock en buen estado a un precio imbatible\",\"potentialAction\":[{\"@type\":\"SearchAction\",\"target\":{\"@type\":\"EntryPoint\",\"urlTemplate\":\"https:\/\/comprardevoluciones.com\/?s={search_term_string}\"},\"query-input\":{\"@type\":\"PropertyValueSpecification\",\"valueRequired\":true,\"valueName\":\"search_term_string\"}}],\"inLanguage\":\"fr-FR\"}]}<\/script>\n<!-- \/ Yoast SEO plugin. -->","yoast_head_json":{"title":"Caja de Hogar [35 productos] (spW84m7332W) - Comprardevoluciones - Tu tienda de Devoluciones de Amazon","robots":{"index":"noindex","follow":"follow"},"og_locale":"fr_FR","og_type":"article","og_title":"Caja de Hogar [35 productos] (spW84m7332W) - Comprardevoluciones - Tu tienda de Devoluciones de Amazon","og_description":"Caja de Hogar sin revisar procedente de devoluciones de marketplaces   N\u00famero de productos: 35  Valor aproximado: 667.00  Porcentaje que se paga: 16% + IVA  Tiempo de entrega estimado: 3 a 7 d\u00edas  *Los precios incluyen IVA","og_url":"https:\/\/comprardevoluciones.com\/producto\/spw84m7332w\/","og_site_name":"Comprardevoluciones - Tu tienda de Devoluciones de Amazon","article_modified_time":"2026-04-15T18:42:37+00:00","og_image":[{"width":700,"height":700,"url":"https:\/\/comprardevoluciones.com\/wp-content\/uploads\/2026\/04\/spW84m7332W.jpg","type":"image\/jpeg"}],"twitter_card":"summary_large_image","twitter_misc":{"Dur\u00e9e de lecture estim\u00e9e":"5 minutes"},"schema":{"@context":"https:\/\/schema.org","@graph":[{"@type":"WebPage","@id":"https:\/\/comprardevoluciones.com\/producto\/spw84m7332w\/","url":"https:\/\/comprardevoluciones.com\/producto\/spw84m7332w\/","name":"Caja de Hogar [35 productos] (spW84m7332W) - Comprardevoluciones - Tu tienda de Devoluciones de Amazon","isPartOf":{"@id":"https:\/\/comprardevoluciones.com\/#website"},"primaryImageOfPage":{"@id":"https:\/\/comprardevoluciones.com\/producto\/spw84m7332w\/#primaryimage"},"image":{"@id":"https:\/\/comprardevoluciones.com\/producto\/spw84m7332w\/#primaryimage"},"thumbnailUrl":"https:\/\/comprardevoluciones.com\/wp-content\/uploads\/2026\/04\/spW84m7332W.jpg","datePublished":"2026-04-15T09:00:22+00:00","dateModified":"2026-04-15T18:42:37+00:00","breadcrumb":{"@id":"https:\/\/comprardevoluciones.com\/producto\/spw84m7332w\/#breadcrumb"},"inLanguage":"fr-FR","potentialAction":[{"@type":"ReadAction","target":["https:\/\/comprardevoluciones.com\/producto\/spw84m7332w\/"]}]},{"@type":"ImageObject","inLanguage":"fr-FR","@id":"https:\/\/comprardevoluciones.com\/producto\/spw84m7332w\/#primaryimage","url":"https:\/\/comprardevoluciones.com\/wp-content\/uploads\/2026\/04\/spW84m7332W.jpg","contentUrl":"https:\/\/comprardevoluciones.com\/wp-content\/uploads\/2026\/04\/spW84m7332W.jpg","width":700,"height":700},{"@type":"BreadcrumbList","@id":"https:\/\/comprardevoluciones.com\/producto\/spw84m7332w\/#breadcrumb","itemListElement":[{"@type":"ListItem","position":1,"name":"Portada","item":"https:\/\/comprardevoluciones.com\/fr\/"},{"@type":"ListItem","position":2,"name":"Shop","item":"https:\/\/comprardevoluciones.com\/fr\/shop\/"},{"@type":"ListItem","position":3,"name":"Caja de Hogar [35 productos] (spW84m7332W)"}]},{"@type":"WebSite","@id":"https:\/\/comprardevoluciones.com\/#website","url":"https:\/\/comprardevoluciones.com\/","name":"Comprardevoluciones - Tu tienda de Devoluciones de Amazon","description":"Consigue Stock en buen estado a un precio imbatible","potentialAction":[{"@type":"SearchAction","target":{"@type":"EntryPoint","urlTemplate":"https:\/\/comprardevoluciones.com\/?s={search_term_string}"},"query-input":{"@type":"PropertyValueSpecification","valueRequired":true,"valueName":"search_term_string"}}],"inLanguage":"fr-FR"}]}},"_links":{"self":[{"href":"https:\/\/comprardevoluciones.com\/fr\/wp-json\/wp\/v2\/product\/179215","targetHints":{"allow":["GET"]}}],"collection":[{"href":"https:\/\/comprardevoluciones.com\/fr\/wp-json\/wp\/v2\/product"}],"about":[{"href":"https:\/\/comprardevoluciones.com\/fr\/wp-json\/wp\/v2\/types\/product"}],"wp:featuredmedia":[{"embeddable":true,"href":"https:\/\/comprardevoluciones.com\/fr\/wp-json\/wp\/v2\/media\/178267"}],"wp:attachment":[{"href":"https:\/\/comprardevoluciones.com\/fr\/wp-json\/wp\/v2\/media?parent=179215"}],"wp:term":[{"taxonomy":"product_brand","embeddable":true,"href":"https:\/\/comprardevoluciones.com\/fr\/wp-json\/wp\/v2\/product_brand?post=179215"},{"taxonomy":"product_cat","embeddable":true,"href":"https:\/\/comprardevoluciones.com\/fr\/wp-json\/wp\/v2\/product_cat?post=179215"},{"taxonomy":"product_tag","embeddable":true,"href":"https:\/\/comprardevoluciones.com\/fr\/wp-json\/wp\/v2\/product_tag?post=179215"}],"curies":[{"name":"wp","href":"https:\/\/api.w.org\/{rel}","templated":true}]}}