{"id":181855,"date":"2026-05-02T10:00:57","date_gmt":"2026-05-02T09:00:57","guid":{"rendered":"https:\/\/comprardevoluciones.com\/?post_type=product&#038;p=181855"},"modified":"2026-05-02T10:22:27","modified_gmt":"2026-05-02T09:22:27","slug":"sp515623890","status":"publish","type":"product","link":"https:\/\/comprardevoluciones.com\/fr\/producto\/sp515623890\/","title":{"rendered":"Caja de Electrodom\u00e9sticos [11 productos] (sp515623890)"},"content":{"rendered":"<p>Descripci\u00f3n y valor aproximados<\/p>\n<table>\n<tbody>\n<tr>\n<td><strong>FUENTE<\/strong><\/td>\n<td><strong>PRODUCTO<\/strong><\/td>\n<td><strong>VALOR (\u20ac)<\/strong><\/td>\n<td><strong>PAGAS (\u20ac)<\/strong><\/td>\n<\/tr>\n<tr>\n<td>MARKETPLACES<\/td>\n<td><a class=\"ljoptimizer\" href=\"https:\/\/www.amazon.es\/dp\/B084BGSGHP?tag=amazon087683-21&amp;th=1\" target=\"_blank\" rel=\"nofollow noopener\">Rowenta Turbosteam VR8322 Centro de planchado 6.5bares, golpe vapor 370g\/m, suela MiscroSteam 400, bloqueo para transportar con una mano, sistema antical, modo Eco, dep\u00f3sito agua 1.7L,Negro<\/a><\/td>\n<td>170 \u20ac<\/td>\n<td>42 \u20ac<\/td>\n<\/tr>\n<tr>\n<td>MARKETPLACES<\/td>\n<td><a class=\"ljoptimizer\" href=\"https:\/\/www.amazon.es\/dp\/B01I4RUB72?tag=amazon087683-21&amp;th=1\" target=\"_blank\" rel=\"nofollow noopener\">Breville DuraCeramic Sandwichera de tama\u00f1o mediano con revestimiento | Planchas lisas | Acero Inoxidable, Gris [VST071X]<\/a><\/td>\n<td>110 \u20ac<\/td>\n<td>27 \u20ac<\/td>\n<\/tr>\n<tr>\n<td>MARKETPLACES<\/td>\n<td><a class=\"ljoptimizer\" href=\"https:\/\/www.amazon.es\/dp\/B07H164SKK?tag=amazon087683-21&amp;th=1\" target=\"_blank\" rel=\"nofollow noopener\">Taurus Supreme Mix &#8211; Batidora de Vaso, 1200 W y Cuchillas de Acero Inoxidable de 6 Filos, Multicolor<\/a><\/td>\n<td>76 \u20ac<\/td>\n<td>19 \u20ac<\/td>\n<\/tr>\n<tr>\n<td>MARKETPLACES<\/td>\n<td><a class=\"ljoptimizer\" href=\"https:\/\/www.amazon.es\/dp\/B00U0AEL7I?tag=amazon087683-21&amp;th=1\" target=\"_blank\" rel=\"nofollow noopener\">SEVERIN Cafetera express, cafetera peque\u00f1a para 4 tazas de expreso, cafetera el\u00e9ctrica con espumador de leche para caf\u00e9s especiales, ideal para solteros, negro, KA 5978<\/a><\/td>\n<td>60 \u20ac<\/td>\n<td>15 \u20ac<\/td>\n<\/tr>\n<tr>\n<td>MARKETPLACES<\/td>\n<td><a class=\"ljoptimizer\" href=\"https:\/\/www.amazon.es\/dp\/B071ZMPZ75?tag=amazon087683-21&amp;th=1\" target=\"_blank\" rel=\"nofollow noopener\">Filtro de Polifosfatos con Piedras de 1&Prime;. Incluye Cartucho de Polifosfatos, Porta Filtro, Soporte de Porta Filtro para pared y Llave de Porta Filtro. F\u00e1cil Instalaci\u00f3n y Mantenimiento. Bbagua.<\/a><\/td>\n<td>46 \u20ac<\/td>\n<td>11 \u20ac<\/td>\n<\/tr>\n<tr>\n<td>MARKETPLACES<\/td>\n<td><a class=\"ljoptimizer\" href=\"https:\/\/www.amazon.es\/dp\/B00IOKXHQC?tag=amazon087683-21&amp;th=1\" target=\"_blank\" rel=\"nofollow noopener\">Russell Hobbs Hervidor de Agua El\u00e9ctrico con control de temperaturas digital [25\u00ba-100\u00ba C, apto para papillas de beb\u00e9s y leche de f\u00f3rmula] temperatura precisa (1,7l, 2200W, maniente el calor) 21150-70<\/a><\/td>\n<td>45 \u20ac<\/td>\n<td>11 \u20ac<\/td>\n<\/tr>\n<tr>\n<td>MARKETPLACES<\/td>\n<td><a class=\"ljoptimizer\" href=\"https:\/\/www.amazon.es\/dp\/B00OLZ1QHG?tag=amazon087683-21&amp;th=1\" target=\"_blank\" rel=\"nofollow noopener\">Princess 162810 Stone Grill Party \u2013 Raclette y parrilla para 4 personas<\/a><\/td>\n<td>36 \u20ac<\/td>\n<td>9 \u20ac<\/td>\n<\/tr>\n<tr>\n<td>MARKETPLACES<\/td>\n<td><a class=\"ljoptimizer\" href=\"https:\/\/www.amazon.es\/dp\/B08H4GQZYF?tag=amazon087683-21&amp;th=1\" target=\"_blank\" rel=\"nofollow noopener\">BRITOR planche \u00e0 d\u00e9couper r\u00e9cipient bambou, grande planche a decouper avec rainures pour jus, planche \u00e0 d\u00e9couper avec plateaux pour le stockage des aliments, le transport et le nettoyage<\/a><\/td>\n<td>32 \u20ac<\/td>\n<td>8 \u20ac<\/td>\n<\/tr>\n<tr>\n<td>MARKETPLACES<\/td>\n<td><a class=\"ljoptimizer\" href=\"https:\/\/www.amazon.es\/dp\/B077SQ2R41?tag=amazon087683-21&amp;th=1\" target=\"_blank\" rel=\"nofollow noopener\">Cecotec Picadora El\u00e9ctrica 1000 Multifuncion (Pica, Tritura, Pulveriza, Trocea), Cuchillas Recubrimiento Titanio Desmontables, Capacidad 1l, Vidrio Resistente, Vaso de Cristal Titanglass, 400 W<\/a><\/td>\n<td>30 \u20ac<\/td>\n<td>7 \u20ac<\/td>\n<\/tr>\n<tr>\n<td>MARKETPLACES<\/td>\n<td><a class=\"ljoptimizer\" href=\"https:\/\/www.amazon.es\/dp\/B07LFDSRFR?tag=amazon087683-21&amp;th=1\" target=\"_blank\" rel=\"nofollow noopener\">Cecotec Humidificador Ultras\u00f3nico y Difusor de Aromas con Temporizador Pure Aroma 150 Yang. Capacidad 150 ml, Temporizador 3 Horas, 7 Colores led, Funci\u00f3n aromaterapia, Ultra silencioso<\/a><\/td>\n<td>20 \u20ac<\/td>\n<td>5 \u20ac<\/td>\n<\/tr>\n<tr>\n<td>MARKETPLACES<\/td>\n<td><a class=\"ljoptimizer\" href=\"https:\/\/www.amazon.es\/dp\/B0C6TRJQ46?tag=amazon087683-21&amp;th=1\" target=\"_blank\" rel=\"nofollow noopener\">Tiastar Gofrera Mini, \u200e550\uff37 Waffle Maker, Gofrera Peque\u00f1a Para Gofres, Antiadherente, Mango Cool Touch, Dise\u00f1o Compacto, Temperatura Autom\u00e1tica, Rosado<\/a><\/td>\n<td>17 \u20ac<\/td>\n<td>4 \u20ac<\/td>\n<\/tr>\n<\/tbody>\n<\/table>\n","protected":false},"excerpt":{"rendered":"<p>Caja de Electrodom\u00e9sticos sin revisar procedente de devoluciones de marketplaces<\/p>\n<ul>\n<li>N\u00famero de productos: 11<\/li>\n<li>Valor aproximado: 642.00<\/li>\n<li>Porcentaje que se paga: 21% + IVA<\/li>\n<li>Tiempo de entrega estimado: 3 a 7 d\u00edas<\/li>\n<\/ul>\n<p>*Los precios incluyen IVA<\/p>\n","protected":false},"featured_media":181273,"template":"","meta":{"site-sidebar-layout":"default","site-content-layout":"","ast-site-content-layout":"default","site-content-style":"default","site-sidebar-style":"default","ast-global-header-display":"","ast-banner-title-visibility":"","ast-main-header-display":"","ast-hfb-above-header-display":"","ast-hfb-below-header-display":"","ast-hfb-mobile-header-display":"","site-post-title":"","ast-breadcrumbs-content":"","ast-featured-img":"","footer-sml-layout":"","ast-disable-related-posts":"","theme-transparent-header-meta":"default","adv-header-id-meta":"","stick-header-meta":"","header-above-stick-meta":"","header-main-stick-meta":"","header-below-stick-meta":"","astra-migrate-meta-layouts":"set","ast-page-background-enabled":"default","ast-page-background-meta":{"desktop":{"background-color":"var(--ast-global-color-4)","background-image":"","background-repeat":"repeat","background-position":"center center","background-size":"auto","background-attachment":"scroll","background-type":"","background-media":"","overlay-type":"","overlay-color":"","overlay-opacity":"","overlay-gradient":""},"tablet":{"background-color":"","background-image":"","background-repeat":"repeat","background-position":"center center","background-size":"auto","background-attachment":"scroll","background-type":"","background-media":"","overlay-type":"","overlay-color":"","overlay-opacity":"","overlay-gradient":""},"mobile":{"background-color":"","background-image":"","background-repeat":"repeat","background-position":"center center","background-size":"auto","background-attachment":"scroll","background-type":"","background-media":"","overlay-type":"","overlay-color":"","overlay-opacity":"","overlay-gradient":""}},"ast-content-background-meta":{"desktop":{"background-color":"var(--ast-global-color-5)","background-image":"","background-repeat":"repeat","background-position":"center center","background-size":"auto","background-attachment":"scroll","background-type":"","background-media":"","overlay-type":"","overlay-color":"","overlay-opacity":"","overlay-gradient":""},"tablet":{"background-color":"var(--ast-global-color-5)","background-image":"","background-repeat":"repeat","background-position":"center center","background-size":"auto","background-attachment":"scroll","background-type":"","background-media":"","overlay-type":"","overlay-color":"","overlay-opacity":"","overlay-gradient":""},"mobile":{"background-color":"var(--ast-global-color-5)","background-image":"","background-repeat":"repeat","background-position":"center center","background-size":"auto","background-attachment":"scroll","background-type":"","background-media":"","overlay-type":"","overlay-color":"","overlay-opacity":"","overlay-gradient":""}}},"product_brand":[],"product_cat":[49,51],"product_tag":[],"class_list":{"0":"post-181855","1":"product","2":"type-product","3":"status-publish","4":"has-post-thumbnail","6":"product_cat-cajas","7":"product_cat-electrodomesticos","8":"product_shipping_class-caja","9":"desktop-align-left","10":"tablet-align-left","11":"mobile-align-left","13":"first","14":"instock","15":"sale","16":"downloadable","17":"taxable","18":"shipping-taxable","19":"purchasable","20":"product-type-simple"},"yoast_head":"<!-- This site is optimized with the Yoast SEO plugin v27.5 - https:\/\/yoast.com\/product\/yoast-seo-wordpress\/ -->\n<title>Caja de Electrodom\u00e9sticos [11 productos] (sp515623890) - Comprardevoluciones - Tu tienda de Devoluciones de Amazon<\/title>\n<meta name=\"robots\" content=\"noindex, follow\" \/>\n<meta property=\"og:locale\" content=\"fr_FR\" \/>\n<meta property=\"og:type\" content=\"article\" \/>\n<meta property=\"og:title\" content=\"Caja de Electrodom\u00e9sticos [11 productos] (sp515623890) - Comprardevoluciones - Tu tienda de Devoluciones de Amazon\" \/>\n<meta property=\"og:description\" content=\"Caja de Electrodom\u00e9sticos sin revisar procedente de devoluciones de marketplaces   N\u00famero de productos: 11  Valor aproximado: 642.00  Porcentaje que se paga: 21% + IVA  Tiempo de entrega estimado: 3 a 7 d\u00edas  *Los precios incluyen IVA\" \/>\n<meta property=\"og:url\" content=\"https:\/\/comprardevoluciones.com\/producto\/sp515623890\/\" \/>\n<meta property=\"og:site_name\" content=\"Comprardevoluciones - Tu tienda de Devoluciones de Amazon\" \/>\n<meta property=\"article:modified_time\" content=\"2026-05-02T09:22:27+00:00\" \/>\n<meta property=\"og:image\" content=\"https:\/\/comprardevoluciones.com\/wp-content\/uploads\/2026\/04\/sp515623890.jpg\" \/>\n\t<meta property=\"og:image:width\" content=\"700\" \/>\n\t<meta property=\"og:image:height\" content=\"700\" \/>\n\t<meta property=\"og:image:type\" content=\"image\/jpeg\" \/>\n<meta name=\"twitter:card\" content=\"summary_large_image\" \/>\n<meta name=\"twitter:label1\" content=\"Dur\u00e9e de lecture estim\u00e9e\" \/>\n\t<meta name=\"twitter:data1\" content=\"2 minutes\" \/>\n<script type=\"application\/ld+json\" class=\"yoast-schema-graph\">{\"@context\":\"https:\\\/\\\/schema.org\",\"@graph\":[{\"@type\":\"WebPage\",\"@id\":\"https:\\\/\\\/comprardevoluciones.com\\\/producto\\\/sp515623890\\\/\",\"url\":\"https:\\\/\\\/comprardevoluciones.com\\\/producto\\\/sp515623890\\\/\",\"name\":\"Caja de Electrodom\u00e9sticos [11 productos] (sp515623890) - Comprardevoluciones - Tu tienda de Devoluciones de Amazon\",\"isPartOf\":{\"@id\":\"https:\\\/\\\/comprardevoluciones.com\\\/#website\"},\"primaryImageOfPage\":{\"@id\":\"https:\\\/\\\/comprardevoluciones.com\\\/producto\\\/sp515623890\\\/#primaryimage\"},\"image\":{\"@id\":\"https:\\\/\\\/comprardevoluciones.com\\\/producto\\\/sp515623890\\\/#primaryimage\"},\"thumbnailUrl\":\"https:\\\/\\\/comprardevoluciones.com\\\/wp-content\\\/uploads\\\/2026\\\/04\\\/sp515623890.jpg\",\"datePublished\":\"2026-05-02T09:00:57+00:00\",\"dateModified\":\"2026-05-02T09:22:27+00:00\",\"breadcrumb\":{\"@id\":\"https:\\\/\\\/comprardevoluciones.com\\\/producto\\\/sp515623890\\\/#breadcrumb\"},\"inLanguage\":\"fr-FR\",\"potentialAction\":[{\"@type\":\"ReadAction\",\"target\":[\"https:\\\/\\\/comprardevoluciones.com\\\/producto\\\/sp515623890\\\/\"]}]},{\"@type\":\"ImageObject\",\"inLanguage\":\"fr-FR\",\"@id\":\"https:\\\/\\\/comprardevoluciones.com\\\/producto\\\/sp515623890\\\/#primaryimage\",\"url\":\"https:\\\/\\\/comprardevoluciones.com\\\/wp-content\\\/uploads\\\/2026\\\/04\\\/sp515623890.jpg\",\"contentUrl\":\"https:\\\/\\\/comprardevoluciones.com\\\/wp-content\\\/uploads\\\/2026\\\/04\\\/sp515623890.jpg\",\"width\":700,\"height\":700},{\"@type\":\"BreadcrumbList\",\"@id\":\"https:\\\/\\\/comprardevoluciones.com\\\/producto\\\/sp515623890\\\/#breadcrumb\",\"itemListElement\":[{\"@type\":\"ListItem\",\"position\":1,\"name\":\"Portada\",\"item\":\"https:\\\/\\\/comprardevoluciones.com\\\/fr\\\/\"},{\"@type\":\"ListItem\",\"position\":2,\"name\":\"Shop\",\"item\":\"https:\\\/\\\/comprardevoluciones.com\\\/fr\\\/shop\\\/\"},{\"@type\":\"ListItem\",\"position\":3,\"name\":\"Caja de Electrodom\u00e9sticos [11 productos] (sp515623890)\"}]},{\"@type\":\"WebSite\",\"@id\":\"https:\\\/\\\/comprardevoluciones.com\\\/#website\",\"url\":\"https:\\\/\\\/comprardevoluciones.com\\\/\",\"name\":\"Comprardevoluciones - Tu tienda de Devoluciones de Amazon\",\"description\":\"Consigue Stock en buen estado a un precio imbatible\",\"potentialAction\":[{\"@type\":\"SearchAction\",\"target\":{\"@type\":\"EntryPoint\",\"urlTemplate\":\"https:\\\/\\\/comprardevoluciones.com\\\/?s={search_term_string}\"},\"query-input\":{\"@type\":\"PropertyValueSpecification\",\"valueRequired\":true,\"valueName\":\"search_term_string\"}}],\"inLanguage\":\"fr-FR\"}]}<\/script>\n<!-- \/ Yoast SEO plugin. -->","yoast_head_json":{"title":"Caja de Electrodom\u00e9sticos [11 productos] (sp515623890) - Comprardevoluciones - Tu tienda de Devoluciones de Amazon","robots":{"index":"noindex","follow":"follow"},"og_locale":"fr_FR","og_type":"article","og_title":"Caja de Electrodom\u00e9sticos [11 productos] (sp515623890) - Comprardevoluciones - Tu tienda de Devoluciones de Amazon","og_description":"Caja de Electrodom\u00e9sticos sin revisar procedente de devoluciones de marketplaces   N\u00famero de productos: 11  Valor aproximado: 642.00  Porcentaje que se paga: 21% + IVA  Tiempo de entrega estimado: 3 a 7 d\u00edas  *Los precios incluyen IVA","og_url":"https:\/\/comprardevoluciones.com\/producto\/sp515623890\/","og_site_name":"Comprardevoluciones - Tu tienda de Devoluciones de Amazon","article_modified_time":"2026-05-02T09:22:27+00:00","og_image":[{"width":700,"height":700,"url":"https:\/\/comprardevoluciones.com\/wp-content\/uploads\/2026\/04\/sp515623890.jpg","type":"image\/jpeg"}],"twitter_card":"summary_large_image","twitter_misc":{"Dur\u00e9e de lecture estim\u00e9e":"2 minutes"},"schema":{"@context":"https:\/\/schema.org","@graph":[{"@type":"WebPage","@id":"https:\/\/comprardevoluciones.com\/producto\/sp515623890\/","url":"https:\/\/comprardevoluciones.com\/producto\/sp515623890\/","name":"Caja de Electrodom\u00e9sticos [11 productos] (sp515623890) - Comprardevoluciones - Tu tienda de Devoluciones de Amazon","isPartOf":{"@id":"https:\/\/comprardevoluciones.com\/#website"},"primaryImageOfPage":{"@id":"https:\/\/comprardevoluciones.com\/producto\/sp515623890\/#primaryimage"},"image":{"@id":"https:\/\/comprardevoluciones.com\/producto\/sp515623890\/#primaryimage"},"thumbnailUrl":"https:\/\/comprardevoluciones.com\/wp-content\/uploads\/2026\/04\/sp515623890.jpg","datePublished":"2026-05-02T09:00:57+00:00","dateModified":"2026-05-02T09:22:27+00:00","breadcrumb":{"@id":"https:\/\/comprardevoluciones.com\/producto\/sp515623890\/#breadcrumb"},"inLanguage":"fr-FR","potentialAction":[{"@type":"ReadAction","target":["https:\/\/comprardevoluciones.com\/producto\/sp515623890\/"]}]},{"@type":"ImageObject","inLanguage":"fr-FR","@id":"https:\/\/comprardevoluciones.com\/producto\/sp515623890\/#primaryimage","url":"https:\/\/comprardevoluciones.com\/wp-content\/uploads\/2026\/04\/sp515623890.jpg","contentUrl":"https:\/\/comprardevoluciones.com\/wp-content\/uploads\/2026\/04\/sp515623890.jpg","width":700,"height":700},{"@type":"BreadcrumbList","@id":"https:\/\/comprardevoluciones.com\/producto\/sp515623890\/#breadcrumb","itemListElement":[{"@type":"ListItem","position":1,"name":"Portada","item":"https:\/\/comprardevoluciones.com\/fr\/"},{"@type":"ListItem","position":2,"name":"Shop","item":"https:\/\/comprardevoluciones.com\/fr\/shop\/"},{"@type":"ListItem","position":3,"name":"Caja de Electrodom\u00e9sticos [11 productos] (sp515623890)"}]},{"@type":"WebSite","@id":"https:\/\/comprardevoluciones.com\/#website","url":"https:\/\/comprardevoluciones.com\/","name":"Comprardevoluciones - Tu tienda de Devoluciones de Amazon","description":"Consigue Stock en buen estado a un precio imbatible","potentialAction":[{"@type":"SearchAction","target":{"@type":"EntryPoint","urlTemplate":"https:\/\/comprardevoluciones.com\/?s={search_term_string}"},"query-input":{"@type":"PropertyValueSpecification","valueRequired":true,"valueName":"search_term_string"}}],"inLanguage":"fr-FR"}]}},"_links":{"self":[{"href":"https:\/\/comprardevoluciones.com\/fr\/wp-json\/wp\/v2\/product\/181855","targetHints":{"allow":["GET"]}}],"collection":[{"href":"https:\/\/comprardevoluciones.com\/fr\/wp-json\/wp\/v2\/product"}],"about":[{"href":"https:\/\/comprardevoluciones.com\/fr\/wp-json\/wp\/v2\/types\/product"}],"wp:featuredmedia":[{"embeddable":true,"href":"https:\/\/comprardevoluciones.com\/fr\/wp-json\/wp\/v2\/media\/181273"}],"wp:attachment":[{"href":"https:\/\/comprardevoluciones.com\/fr\/wp-json\/wp\/v2\/media?parent=181855"}],"wp:term":[{"taxonomy":"product_brand","embeddable":true,"href":"https:\/\/comprardevoluciones.com\/fr\/wp-json\/wp\/v2\/product_brand?post=181855"},{"taxonomy":"product_cat","embeddable":true,"href":"https:\/\/comprardevoluciones.com\/fr\/wp-json\/wp\/v2\/product_cat?post=181855"},{"taxonomy":"product_tag","embeddable":true,"href":"https:\/\/comprardevoluciones.com\/fr\/wp-json\/wp\/v2\/product_tag?post=181855"}],"curies":[{"name":"wp","href":"https:\/\/api.w.org\/{rel}","templated":true}]}}