{"id":87485,"date":"2026-04-15T09:59:26","date_gmt":"2026-04-15T08:59:26","guid":{"rendered":"https:\/\/comprardevoluciones.com\/?post_type=product&#038;p=87485"},"modified":"2026-04-15T08:42:33","modified_gmt":"2026-04-15T07:42:33","slug":"sp515237520","status":"publish","type":"product","link":"https:\/\/comprardevoluciones.com\/fr\/producto\/sp515237520\/","title":{"rendered":"Caja de Hogar [29 productos] (sp515237520)"},"content":{"rendered":"<p>Descripci\u00f3n y valor aproximados<\/p>\n<table>\n<tbody>\n<tr>\n<td><strong>FUENTE<\/strong><\/td>\n<td><strong>PRODUCTO<\/strong><\/td>\n<td><strong>VALOR (\u20ac)<\/strong><\/td>\n<td><strong>PAGAS (\u20ac)<\/strong><\/td>\n<\/tr>\n<tr>\n<td>AMAZON<\/td>\n<td><a class=\"ljoptimizer\" href=\"https:\/\/www.amazon.es\/dp\/B0CBPMJVT7?tag=amazon087683-21&amp;th=1\" target=\"_blank\" rel=\"nofollow noopener\">Refoss Termostato Calefacci\u00f3n WiFi, Termostato Inteligente para Caldera de Gas, Termostato Digital de Pared Compatible con Apple HomeKit, Alexa, Google Home, Programable, Control Remoto y por Voz<\/a><\/td>\n<td>62 \u20ac<\/td>\n<td>12 \u20ac<\/td>\n<\/tr>\n<tr>\n<td>AMAZON<\/td>\n<td><a class=\"ljoptimizer\" href=\"https:\/\/www.amazon.es\/dp\/B09S8RZB94?tag=amazon087683-21&amp;th=1\" target=\"_blank\" rel=\"nofollow noopener\">HydraPak UltraFlask Speed &#8211; Paquete de 2 botellas de agua plegables de 500 ml, para chalecos de hidrataci\u00f3n y paquetes de correr, con tapa f\u00e1cil de abrir (500 ml\/17 onzas), color azul Malibu<\/a><\/td>\n<td>49 \u20ac<\/td>\n<td>10 \u20ac<\/td>\n<\/tr>\n<tr>\n<td>AMAZON<\/td>\n<td><a class=\"ljoptimizer\" href=\"https:\/\/www.amazon.es\/dp\/B00BMJ4BLM?tag=amazon087683-21&amp;th=1\" target=\"_blank\" rel=\"nofollow noopener\">PetSafe Staywell Deluxe &#8211; Puerta para Gatos, Gatera con Sistema de Bloqueo de 4 Posiciones &#8211; Collar con Llave Magn\u00e9tica &#8211; F\u00e1cil de Instalar &#8211; Acabado en Madera<\/a><\/td>\n<td>47 \u20ac<\/td>\n<td>9 \u20ac<\/td>\n<\/tr>\n<tr>\n<td>AMAZON<\/td>\n<td><a class=\"ljoptimizer\" href=\"https:\/\/www.amazon.es\/dp\/B0B3DFRV29?tag=amazon087683-21&amp;th=1\" target=\"_blank\" rel=\"nofollow noopener\">Lydevo Funda para Sof\u00e1 Chaise Longue 2 Piezas Funda Cubre Sof\u00e1 de Sof\u00e1 Rinconera Forma de L Reversible con 2 Fundas de Almohada El\u00e1sticas Protector para Sof\u00e1 Esquinero Derecho Izquierda,Linea Blanca<\/a><\/td>\n<td>34 \u20ac<\/td>\n<td>7 \u20ac<\/td>\n<\/tr>\n<tr>\n<td>AMAZON<\/td>\n<td><a class=\"ljoptimizer\" href=\"https:\/\/www.amazon.es\/dp\/B073XR3S5X?tag=amazon087683-21&amp;th=1\" target=\"_blank\" rel=\"nofollow noopener\">Martina Home Mejico &#8211; Funda de sof\u00e1 el\u00e1stica, Beige, 3 Plazas, 180 a 240 cm de ancho<\/a><\/td>\n<td>30 \u20ac<\/td>\n<td>6 \u20ac<\/td>\n<\/tr>\n<tr>\n<td>AMAZON<\/td>\n<td><a class=\"ljoptimizer\" href=\"https:\/\/www.amazon.es\/dp\/B01LLGWCWU?tag=amazon087683-21&amp;th=1\" target=\"_blank\" rel=\"nofollow noopener\">KitchenCraft Living Nostalgia Hervidor de Agua, Silbante, Inducci\u00f3n, Metal, 1,3 Litros, Crema<\/a><\/td>\n<td>27 \u20ac<\/td>\n<td>5 \u20ac<\/td>\n<\/tr>\n<tr>\n<td>AMAZON<\/td>\n<td><a class=\"ljoptimizer\" href=\"https:\/\/www.amazon.es\/dp\/B0B1CGJ5H1?tag=amazon087683-21&amp;th=1\" target=\"_blank\" rel=\"nofollow noopener\">M Ledme &#8211; Foco Proyector LED Napoli 100W, 12.000 lumen, IP65 Regulable, Color Luz fr\u00ed\u00ada (6000k), Iluminaci\u00f3n exterior, De uso para jard\u00ed\u00adn, patios, parking, hotel, naves etc.<\/a><\/td>\n<td>25 \u20ac<\/td>\n<td>5 \u20ac<\/td>\n<\/tr>\n<tr>\n<td>AMAZON<\/td>\n<td><a class=\"ljoptimizer\" href=\"https:\/\/www.amazon.es\/dp\/B0051UROB2?tag=amazon087683-21&amp;th=1\" target=\"_blank\" rel=\"nofollow noopener\">BOOMER BALL &#8211; Fast unzerst\u00ed\u00b6rbarer Hundeball, schwimmt auf dem Wasser, Ideal f\u00ed\u00bcr bewegungsfreudige und energiegeladene Hunde, robustes &amp; langlebiges Hundespielzeug (Gr\u00ed\u00b6\u00ed\u0178e 20cm, Blau oder Rot)<\/a><\/td>\n<td>23 \u20ac<\/td>\n<td>5 \u20ac<\/td>\n<\/tr>\n<tr>\n<td>AMAZON<\/td>\n<td><a class=\"ljoptimizer\" href=\"https:\/\/www.amazon.es\/dp\/B075SYM2DJ?tag=amazon087683-21&amp;th=1\" target=\"_blank\" rel=\"nofollow noopener\">CANDLE-LITE \u00e2\u20ac\u201c Pajona \u00e2\u20ac\u201c L\u00e1mpara arom\u00e1tica el\u00e9ctrica con luz, Mossel, Color Blanco, 11,5 x 11,5 x 13,5 cm<\/a><\/td>\n<td>23 \u20ac<\/td>\n<td>5 \u20ac<\/td>\n<\/tr>\n<tr>\n<td>AMAZON<\/td>\n<td><a class=\"ljoptimizer\" href=\"https:\/\/www.amazon.es\/dp\/B07ZCY9XZ9?tag=amazon087683-21&amp;th=1\" target=\"_blank\" rel=\"nofollow noopener\">SLATOR L\u00e1mpara Escritorio LED, Flexo de Escritorio (Cuidado Ocular, Puerto USB, 5 Modos,10 Niveles de Brillo,Temporizador de 30\/60min, Funci\u00f3n de Memoria)<\/a><\/td>\n<td>22 \u20ac<\/td>\n<td>4 \u20ac<\/td>\n<\/tr>\n<tr>\n<td>AMAZON<\/td>\n<td><a class=\"ljoptimizer\" href=\"https:\/\/www.amazon.es\/dp\/B08FC41YSH?tag=amazon087683-21&amp;th=1\" target=\"_blank\" rel=\"nofollow noopener\">Philips Water AWP3703\/10 Sistema de Filtraci\u00f3n de agua para Grifo, Filtro de agua On Tap, Tecnolog\u00ed\u00ada de Microfiltraci\u00f3n X-Guard, Color Blanco, 1000 l<\/a><\/td>\n<td>21 \u20ac<\/td>\n<td>4 \u20ac<\/td>\n<\/tr>\n<tr>\n<td>AMAZON<\/td>\n<td><a class=\"ljoptimizer\" href=\"https:\/\/www.amazon.es\/dp\/B0CJM8WPSF?tag=amazon087683-21&amp;th=1\" target=\"_blank\" rel=\"nofollow noopener\">Dreamzie Cubre colchon 90&#215;190 \/200 Acolchado &#8211; Solapa de hasta 40 cm con Goma El\u00e1stica en el Contorno &#8211; Protector colchon 90&#215;190 \/200 &#8211; Oeko Tex y Transpirable &#8211; No Impermeable<\/a><\/td>\n<td>20 \u20ac<\/td>\n<td>4 \u20ac<\/td>\n<\/tr>\n<tr>\n<td>AMAZON<\/td>\n<td><a class=\"ljoptimizer\" href=\"https:\/\/www.amazon.es\/dp\/B01E1GS2AI?tag=amazon087683-21&amp;th=1\" target=\"_blank\" rel=\"nofollow noopener\">Jata CAX106 &#8211; Cafetera Italiana Inducci\u00f3n, Capacidad 6 Tazas, Apta para Todo Tipo de Cocinas, Cuerpo Acero Inoxidable<\/a><\/td>\n<td>20 \u20ac<\/td>\n<td>4 \u20ac<\/td>\n<\/tr>\n<tr>\n<td>AMAZON<\/td>\n<td><a class=\"ljoptimizer\" href=\"https:\/\/www.amazon.es\/dp\/B08C4TN77X?tag=amazon087683-21&amp;th=1\" target=\"_blank\" rel=\"nofollow noopener\">PRENDELUZ &#8211; LAMPARA PL LED 4 PIN 2G11 180\u00c2\u00ba 230V directa a red 20W<\/a><\/td>\n<td>18 \u20ac<\/td>\n<td>4 \u20ac<\/td>\n<\/tr>\n<tr>\n<td>AMAZON<\/td>\n<td><a class=\"ljoptimizer\" href=\"https:\/\/www.amazon.es\/dp\/B001Q8WLIE?tag=amazon087683-21&amp;th=1\" target=\"_blank\" rel=\"nofollow noopener\">Westmark Ensaladera, Capacidad: 5 litros, \u00ed\u00b8 26 cm, Pl\u00e1stico, Sin BPA, Fortuna, Color: transparente\/Rojo, 243222E2<\/a><\/td>\n<td>18 \u20ac<\/td>\n<td>4 \u20ac<\/td>\n<\/tr>\n<tr>\n<td>AMAZON<\/td>\n<td><a class=\"ljoptimizer\" href=\"https:\/\/www.amazon.es\/dp\/B00LTT20TK?tag=amazon087683-21&amp;th=1\" target=\"_blank\" rel=\"nofollow noopener\">BRA Sarten Aluminio Fundido Prior 22 Cm Induccion<\/a><\/td>\n<td>18 \u20ac<\/td>\n<td>4 \u20ac<\/td>\n<\/tr>\n<tr>\n<td>AMAZON<\/td>\n<td><a class=\"ljoptimizer\" href=\"https:\/\/www.amazon.es\/dp\/B00NABTG60?tag=amazon087683-21&amp;th=1\" target=\"_blank\" rel=\"nofollow noopener\">Amazon Basics Bolsas para excrementos de perro con dispensador y clip para correa, Sin fragancia, 600 Unidad, 40 Paquetes de 15<\/a><\/td>\n<td>16 \u20ac<\/td>\n<td>3 \u20ac<\/td>\n<\/tr>\n<tr>\n<td>AMAZON<\/td>\n<td><a class=\"ljoptimizer\" href=\"https:\/\/www.amazon.es\/dp\/B09NQBRFGT?tag=amazon087683-21&amp;th=1\" target=\"_blank\" rel=\"nofollow noopener\">Poligino Fundas N\u00f3rdicas Cama 180 Microfibra Juego de Funda de Edred\u00f3n 260&#215;240 cm, 2 Fundas de Almohada 50 x 80 cm Gris Oscuro<\/a><\/td>\n<td>16 \u20ac<\/td>\n<td>3 \u20ac<\/td>\n<\/tr>\n<tr>\n<td>AMAZON<\/td>\n<td><a class=\"ljoptimizer\" href=\"https:\/\/www.amazon.es\/dp\/B0CK4YTBV4?tag=amazon087683-21&amp;th=1\" target=\"_blank\" rel=\"nofollow noopener\">Rotho Maloja Aufbewahrungsbox 12 l, Kunststoff, weiss, 12 (39.5 x 26.5 x 17.7 cm)<\/a><\/td>\n<td>15 \u20ac<\/td>\n<td>3 \u20ac<\/td>\n<\/tr>\n<tr>\n<td>AMAZON<\/td>\n<td><a class=\"ljoptimizer\" href=\"https:\/\/www.amazon.es\/dp\/B083F4C5XL?tag=amazon087683-21&amp;th=1\" target=\"_blank\" rel=\"nofollow noopener\">Ibergrif, Duschabzieher mit Halter, Duschwischer mit Wandaufh\u00ed\u00a4nger ohne Bohren, Fensterabzieher mit Halterung, Abzieher Dusche Edelstahl f\u00ed\u00bcr Badezimmer, K\u00ed\u00bcche,Spiegel, Fenster und Auto Glas Reinigung<\/a><\/td>\n<td>14 \u20ac<\/td>\n<td>3 \u20ac<\/td>\n<\/tr>\n<tr>\n<td>AMAZON<\/td>\n<td><a class=\"ljoptimizer\" href=\"https:\/\/www.amazon.es\/dp\/B0C1MPDSD8?tag=amazon087683-21&amp;th=1\" target=\"_blank\" rel=\"nofollow noopener\">Fortalecedor de Dedos, Ejercitador de Dedos, Estirador de Dedos, Entrenador de Fuerza de Agarre de Mano Multifunci\u00f3n, Banda de Resistencia de Dedos, Ejercitador de Dedos<\/a><\/td>\n<td>14 \u20ac<\/td>\n<td>3 \u20ac<\/td>\n<\/tr>\n<tr>\n<td>AMAZON<\/td>\n<td><a class=\"ljoptimizer\" href=\"https:\/\/www.amazon.es\/dp\/B084W5NT59?tag=amazon087683-21&amp;th=1\" target=\"_blank\" rel=\"nofollow noopener\">Lacor 62163 Cafetera Francesa, Prensa Caf\u00e9, Cafetera Prensa con \u00ed\u2030mbolo, Jarra Francesa para Caf\u00e9 de Filtro, Wood, 0.35 l<\/a><\/td>\n<td>13 \u20ac<\/td>\n<td>3 \u20ac<\/td>\n<\/tr>\n<tr>\n<td>AMAZON<\/td>\n<td><a class=\"ljoptimizer\" href=\"https:\/\/www.amazon.es\/dp\/B004OHUU6O?tag=amazon087683-21&amp;th=1\" target=\"_blank\" rel=\"nofollow noopener\">IDC Color &amp; Gray gumierte Leine, 20 mm x 3 m mit Schlaufe, Schwarz-Grau<\/a><\/td>\n<td>13 \u20ac<\/td>\n<td>3 \u20ac<\/td>\n<\/tr>\n<tr>\n<td>AMAZON<\/td>\n<td><a class=\"ljoptimizer\" href=\"https:\/\/www.amazon.es\/dp\/B0CDXBN9LC?tag=amazon087683-21&amp;th=1\" target=\"_blank\" rel=\"nofollow noopener\">BRILONER &#8211; L\u00e1mpara de espejo LED ba\u00f1o, l\u00e1mpara de espejo 2 en 1 montaje, l\u00e1mpara de armario, l\u00e1mpara de pared, IP44, color de luz blanco neutro, 6W, negro, 40 cm<\/a><\/td>\n<td>11 \u20ac<\/td>\n<td>2 \u20ac<\/td>\n<\/tr>\n<tr>\n<td>AMAZON<\/td>\n<td><a class=\"ljoptimizer\" href=\"https:\/\/www.amazon.es\/dp\/B008KO2E4S?tag=amazon087683-21&amp;th=1\" target=\"_blank\" rel=\"nofollow noopener\">Monix Vitro Noir | Cafetera Italiana de Aluminio 6 Tazas, Apta para Todo Tipo de cocinas Salvo inducci\u00f3n, Color Negro, 6 Cups<\/a><\/td>\n<td>9 \u20ac<\/td>\n<td>2 \u20ac<\/td>\n<\/tr>\n<tr>\n<td>AMAZON<\/td>\n<td><a class=\"ljoptimizer\" href=\"https:\/\/www.amazon.es\/dp\/B0DBLH5L5T?tag=amazon087683-21&amp;th=1\" target=\"_blank\" rel=\"nofollow noopener\">24 bolas de Navidad para \u00e1rbol de Navidad, irrompibles, decoraci\u00f3n para \u00e1rbol de Navidad, bolas colgantes para decoraci\u00f3n de fiestas de bodas (dorado, 6 cm)<\/a><\/td>\n<td>9 \u20ac<\/td>\n<td>2 \u20ac<\/td>\n<\/tr>\n<tr>\n<td>AMAZON<\/td>\n<td><a class=\"ljoptimizer\" href=\"https:\/\/www.amazon.es\/dp\/B07ZYWG246?tag=amazon087683-21&amp;th=1\" target=\"_blank\" rel=\"nofollow noopener\">LEDGLE Bombilla de Calor Infrarroja de Cer\u00e1mica con Emisor de Calor Compacto Bombilla de L\u00e1mpara con Bombilla de Pl\u00e1stico E27, Negro (150W)<\/a><\/td>\n<td>7 \u20ac<\/td>\n<td>2 \u20ac<\/td>\n<\/tr>\n<tr>\n<td>AMAZON<\/td>\n<td><a class=\"ljoptimizer\" href=\"https:\/\/www.amazon.es\/dp\/B07H5N365J?tag=amazon087683-21&amp;th=1\" target=\"_blank\" rel=\"nofollow noopener\">Tiras LED, Luces Habitaci\u00f3n 10 Metros, Bonve pet Tira LED RGB, Bluetooth Musical con IR Control Remoto 40 Teclas y APP, 16 Milliones de Colores, Luz para Decoraci\u00f3n TV Cocina Fiesta<\/a><\/td>\n<td>5 \u20ac<\/td>\n<td>1 \u20ac<\/td>\n<\/tr>\n<tr>\n<td>AMAZON<\/td>\n<td><a class=\"ljoptimizer\" href=\"https:\/\/www.amazon.es\/dp\/B07SKHPXY8?tag=amazon087683-21&amp;th=1\" target=\"_blank\" rel=\"nofollow noopener\">Rmeet Velo Nupcial y Bride to be Faja Banda,Velo de Novia Blanco con Peine + Oro Bride to be Insignia Liga Banda Hen Do Party Accessories para Decoraci\u00f3n Fiesta de Noche de Ducha<\/a><\/td>\n<td>4 \u20ac<\/td>\n<td>1 \u20ac<\/td>\n<\/tr>\n<\/tbody>\n<\/table>\n","protected":false},"excerpt":{"rendered":"<p>Caja de Hogar sin revisar procedente de Amazon Devoluciones<\/p>\n<ul>\n<li>N\u00famero de productos: 29<\/li>\n<li>Valor aproximado: 603.00<\/li>\n<li>Porcentaje que se paga: 16% + IVA<\/li>\n<li>Tiempo de entrega estimado: 3 a 7 d\u00edas<\/li>\n<\/ul>\n<p>*Los precios incluyen IVA<\/p>\n","protected":false},"featured_media":87605,"template":"","meta":{"site-sidebar-layout":"default","site-content-layout":"","ast-site-content-layout":"default","site-content-style":"default","site-sidebar-style":"default","ast-global-header-display":"","ast-banner-title-visibility":"","ast-main-header-display":"","ast-hfb-above-header-display":"","ast-hfb-below-header-display":"","ast-hfb-mobile-header-display":"","site-post-title":"","ast-breadcrumbs-content":"","ast-featured-img":"","footer-sml-layout":"","ast-disable-related-posts":"","theme-transparent-header-meta":"default","adv-header-id-meta":"","stick-header-meta":"","header-above-stick-meta":"","header-main-stick-meta":"","header-below-stick-meta":"","astra-migrate-meta-layouts":"set","ast-page-background-enabled":"default","ast-page-background-meta":{"desktop":{"background-color":"var(--ast-global-color-4)","background-image":"","background-repeat":"repeat","background-position":"center center","background-size":"auto","background-attachment":"scroll","background-type":"","background-media":"","overlay-type":"","overlay-color":"","overlay-opacity":"","overlay-gradient":""},"tablet":{"background-color":"","background-image":"","background-repeat":"repeat","background-position":"center center","background-size":"auto","background-attachment":"scroll","background-type":"","background-media":"","overlay-type":"","overlay-color":"","overlay-opacity":"","overlay-gradient":""},"mobile":{"background-color":"","background-image":"","background-repeat":"repeat","background-position":"center center","background-size":"auto","background-attachment":"scroll","background-type":"","background-media":"","overlay-type":"","overlay-color":"","overlay-opacity":"","overlay-gradient":""}},"ast-content-background-meta":{"desktop":{"background-color":"var(--ast-global-color-5)","background-image":"","background-repeat":"repeat","background-position":"center center","background-size":"auto","background-attachment":"scroll","background-type":"","background-media":"","overlay-type":"","overlay-color":"","overlay-opacity":"","overlay-gradient":""},"tablet":{"background-color":"var(--ast-global-color-5)","background-image":"","background-repeat":"repeat","background-position":"center center","background-size":"auto","background-attachment":"scroll","background-type":"","background-media":"","overlay-type":"","overlay-color":"","overlay-opacity":"","overlay-gradient":""},"mobile":{"background-color":"var(--ast-global-color-5)","background-image":"","background-repeat":"repeat","background-position":"center center","background-size":"auto","background-attachment":"scroll","background-type":"","background-media":"","overlay-type":"","overlay-color":"","overlay-opacity":"","overlay-gradient":""}}},"product_brand":[],"product_cat":[49,43],"product_tag":[],"class_list":{"0":"post-87485","1":"product","2":"type-product","3":"status-publish","4":"has-post-thumbnail","6":"product_cat-cajas","7":"product_cat-hogar","8":"desktop-align-left","9":"tablet-align-left","10":"mobile-align-left","12":"first","13":"instock","14":"sale","15":"downloadable","16":"taxable","17":"shipping-taxable","18":"purchasable","19":"product-type-simple"},"yoast_head":"<!-- This site is optimized with the Yoast SEO plugin v27.2 - https:\/\/yoast.com\/product\/yoast-seo-wordpress\/ -->\n<title>Caja de Hogar [29 productos] (sp515237520) - Comprardevoluciones - Tu tienda de Devoluciones de Amazon<\/title>\n<meta name=\"robots\" content=\"noindex, follow\" \/>\n<meta property=\"og:locale\" content=\"fr_FR\" \/>\n<meta property=\"og:type\" content=\"article\" \/>\n<meta property=\"og:title\" content=\"Caja de Hogar [29 productos] (sp515237520) - Comprardevoluciones - Tu tienda de Devoluciones de Amazon\" \/>\n<meta property=\"og:description\" content=\"Caja de Hogar sin revisar procedente de Amazon Devoluciones   N\u00famero de productos: 29  Valor aproximado: 603.00  Porcentaje que se paga: 16% + IVA  Tiempo de entrega estimado: 3 a 7 d\u00edas  *Los precios incluyen IVA\" \/>\n<meta property=\"og:url\" content=\"https:\/\/comprardevoluciones.com\/producto\/sp515237520\/\" \/>\n<meta property=\"og:site_name\" content=\"Comprardevoluciones - Tu tienda de Devoluciones de Amazon\" \/>\n<meta property=\"og:image\" content=\"https:\/\/comprardevoluciones.com\/wp-content\/uploads\/2024\/12\/sp515237520.jpg\" \/>\n\t<meta property=\"og:image:width\" content=\"700\" \/>\n\t<meta property=\"og:image:height\" content=\"700\" \/>\n\t<meta property=\"og:image:type\" content=\"image\/jpeg\" \/>\n<meta name=\"twitter:card\" content=\"summary_large_image\" \/>\n<meta name=\"twitter:label1\" content=\"Dur\u00e9e de lecture estim\u00e9e\" \/>\n\t<meta name=\"twitter:data1\" content=\"4 minutes\" \/>\n<script type=\"application\/ld+json\" class=\"yoast-schema-graph\">{\"@context\":\"https:\/\/schema.org\",\"@graph\":[{\"@type\":\"WebPage\",\"@id\":\"https:\/\/comprardevoluciones.com\/producto\/sp515237520\/\",\"url\":\"https:\/\/comprardevoluciones.com\/producto\/sp515237520\/\",\"name\":\"Caja de Hogar [29 productos] (sp515237520) - Comprardevoluciones - Tu tienda de Devoluciones de Amazon\",\"isPartOf\":{\"@id\":\"https:\/\/comprardevoluciones.com\/#website\"},\"primaryImageOfPage\":{\"@id\":\"https:\/\/comprardevoluciones.com\/producto\/sp515237520\/#primaryimage\"},\"image\":{\"@id\":\"https:\/\/comprardevoluciones.com\/producto\/sp515237520\/#primaryimage\"},\"thumbnailUrl\":\"https:\/\/comprardevoluciones.com\/wp-content\/uploads\/2024\/12\/sp515237520.jpg\",\"datePublished\":\"2026-04-15T08:59:26+00:00\",\"breadcrumb\":{\"@id\":\"https:\/\/comprardevoluciones.com\/producto\/sp515237520\/#breadcrumb\"},\"inLanguage\":\"fr-FR\",\"potentialAction\":[{\"@type\":\"ReadAction\",\"target\":[\"https:\/\/comprardevoluciones.com\/producto\/sp515237520\/\"]}]},{\"@type\":\"ImageObject\",\"inLanguage\":\"fr-FR\",\"@id\":\"https:\/\/comprardevoluciones.com\/producto\/sp515237520\/#primaryimage\",\"url\":\"https:\/\/comprardevoluciones.com\/wp-content\/uploads\/2024\/12\/sp515237520.jpg\",\"contentUrl\":\"https:\/\/comprardevoluciones.com\/wp-content\/uploads\/2024\/12\/sp515237520.jpg\",\"width\":700,\"height\":700},{\"@type\":\"BreadcrumbList\",\"@id\":\"https:\/\/comprardevoluciones.com\/producto\/sp515237520\/#breadcrumb\",\"itemListElement\":[{\"@type\":\"ListItem\",\"position\":1,\"name\":\"Portada\",\"item\":\"https:\/\/comprardevoluciones.com\/fr\/\"},{\"@type\":\"ListItem\",\"position\":2,\"name\":\"Shop\",\"item\":\"https:\/\/comprardevoluciones.com\/fr\/shop\/\"},{\"@type\":\"ListItem\",\"position\":3,\"name\":\"Caja de Hogar [29 productos] (sp515237520)\"}]},{\"@type\":\"WebSite\",\"@id\":\"https:\/\/comprardevoluciones.com\/#website\",\"url\":\"https:\/\/comprardevoluciones.com\/\",\"name\":\"Comprardevoluciones - Tu tienda de Devoluciones de Amazon\",\"description\":\"Consigue Stock en buen estado a un precio imbatible\",\"potentialAction\":[{\"@type\":\"SearchAction\",\"target\":{\"@type\":\"EntryPoint\",\"urlTemplate\":\"https:\/\/comprardevoluciones.com\/?s={search_term_string}\"},\"query-input\":{\"@type\":\"PropertyValueSpecification\",\"valueRequired\":true,\"valueName\":\"search_term_string\"}}],\"inLanguage\":\"fr-FR\"}]}<\/script>\n<!-- \/ Yoast SEO plugin. -->","yoast_head_json":{"title":"Caja de Hogar [29 productos] (sp515237520) - Comprardevoluciones - Tu tienda de Devoluciones de Amazon","robots":{"index":"noindex","follow":"follow"},"og_locale":"fr_FR","og_type":"article","og_title":"Caja de Hogar [29 productos] (sp515237520) - Comprardevoluciones - Tu tienda de Devoluciones de Amazon","og_description":"Caja de Hogar sin revisar procedente de Amazon Devoluciones   N\u00famero de productos: 29  Valor aproximado: 603.00  Porcentaje que se paga: 16% + IVA  Tiempo de entrega estimado: 3 a 7 d\u00edas  *Los precios incluyen IVA","og_url":"https:\/\/comprardevoluciones.com\/producto\/sp515237520\/","og_site_name":"Comprardevoluciones - Tu tienda de Devoluciones de Amazon","og_image":[{"width":700,"height":700,"url":"https:\/\/comprardevoluciones.com\/wp-content\/uploads\/2024\/12\/sp515237520.jpg","type":"image\/jpeg"}],"twitter_card":"summary_large_image","twitter_misc":{"Dur\u00e9e de lecture estim\u00e9e":"4 minutes"},"schema":{"@context":"https:\/\/schema.org","@graph":[{"@type":"WebPage","@id":"https:\/\/comprardevoluciones.com\/producto\/sp515237520\/","url":"https:\/\/comprardevoluciones.com\/producto\/sp515237520\/","name":"Caja de Hogar [29 productos] (sp515237520) - Comprardevoluciones - Tu tienda de Devoluciones de Amazon","isPartOf":{"@id":"https:\/\/comprardevoluciones.com\/#website"},"primaryImageOfPage":{"@id":"https:\/\/comprardevoluciones.com\/producto\/sp515237520\/#primaryimage"},"image":{"@id":"https:\/\/comprardevoluciones.com\/producto\/sp515237520\/#primaryimage"},"thumbnailUrl":"https:\/\/comprardevoluciones.com\/wp-content\/uploads\/2024\/12\/sp515237520.jpg","datePublished":"2026-04-15T08:59:26+00:00","breadcrumb":{"@id":"https:\/\/comprardevoluciones.com\/producto\/sp515237520\/#breadcrumb"},"inLanguage":"fr-FR","potentialAction":[{"@type":"ReadAction","target":["https:\/\/comprardevoluciones.com\/producto\/sp515237520\/"]}]},{"@type":"ImageObject","inLanguage":"fr-FR","@id":"https:\/\/comprardevoluciones.com\/producto\/sp515237520\/#primaryimage","url":"https:\/\/comprardevoluciones.com\/wp-content\/uploads\/2024\/12\/sp515237520.jpg","contentUrl":"https:\/\/comprardevoluciones.com\/wp-content\/uploads\/2024\/12\/sp515237520.jpg","width":700,"height":700},{"@type":"BreadcrumbList","@id":"https:\/\/comprardevoluciones.com\/producto\/sp515237520\/#breadcrumb","itemListElement":[{"@type":"ListItem","position":1,"name":"Portada","item":"https:\/\/comprardevoluciones.com\/fr\/"},{"@type":"ListItem","position":2,"name":"Shop","item":"https:\/\/comprardevoluciones.com\/fr\/shop\/"},{"@type":"ListItem","position":3,"name":"Caja de Hogar [29 productos] (sp515237520)"}]},{"@type":"WebSite","@id":"https:\/\/comprardevoluciones.com\/#website","url":"https:\/\/comprardevoluciones.com\/","name":"Comprardevoluciones - Tu tienda de Devoluciones de Amazon","description":"Consigue Stock en buen estado a un precio imbatible","potentialAction":[{"@type":"SearchAction","target":{"@type":"EntryPoint","urlTemplate":"https:\/\/comprardevoluciones.com\/?s={search_term_string}"},"query-input":{"@type":"PropertyValueSpecification","valueRequired":true,"valueName":"search_term_string"}}],"inLanguage":"fr-FR"}]}},"_links":{"self":[{"href":"https:\/\/comprardevoluciones.com\/fr\/wp-json\/wp\/v2\/product\/87485","targetHints":{"allow":["GET"]}}],"collection":[{"href":"https:\/\/comprardevoluciones.com\/fr\/wp-json\/wp\/v2\/product"}],"about":[{"href":"https:\/\/comprardevoluciones.com\/fr\/wp-json\/wp\/v2\/types\/product"}],"wp:featuredmedia":[{"embeddable":true,"href":"https:\/\/comprardevoluciones.com\/fr\/wp-json\/wp\/v2\/media\/87605"}],"wp:attachment":[{"href":"https:\/\/comprardevoluciones.com\/fr\/wp-json\/wp\/v2\/media?parent=87485"}],"wp:term":[{"taxonomy":"product_brand","embeddable":true,"href":"https:\/\/comprardevoluciones.com\/fr\/wp-json\/wp\/v2\/product_brand?post=87485"},{"taxonomy":"product_cat","embeddable":true,"href":"https:\/\/comprardevoluciones.com\/fr\/wp-json\/wp\/v2\/product_cat?post=87485"},{"taxonomy":"product_tag","embeddable":true,"href":"https:\/\/comprardevoluciones.com\/fr\/wp-json\/wp\/v2\/product_tag?post=87485"}],"curies":[{"name":"wp","href":"https:\/\/api.w.org\/{rel}","templated":true}]}}