{"id":87552,"date":"2026-03-23T11:00:01","date_gmt":"2026-03-23T10:00:01","guid":{"rendered":"https:\/\/comprardevoluciones.com\/?post_type=product&#038;p=87552"},"modified":"2026-04-05T22:55:05","modified_gmt":"2026-04-05T21:55:05","slug":"spind12kojy","status":"publish","type":"product","link":"https:\/\/comprardevoluciones.com\/fr\/producto\/spind12kojy\/","title":{"rendered":"Caja de Hogar [27 productos] (spInD12kOjY)"},"content":{"rendered":"<p>Descripci\u00f3n y valor aproximados<\/p>\n<table>\n<tbody>\n<tr>\n<td><strong>FUENTE<\/strong><\/td>\n<td><strong>PRODUCTO<\/strong><\/td>\n<td><strong>VALOR (\u20ac)<\/strong><\/td>\n<td><strong>PAGAS (\u20ac)<\/strong><\/td>\n<\/tr>\n<tr>\n<td>AMAZON<\/td>\n<td><a class=\"ljoptimizer\" href=\"https:\/\/www.amazon.es\/dp\/B0788R82T5?tag=amazon087683-21&amp;th=1\" target=\"_blank\" rel=\"nofollow noopener\">Todocama &#8211; Almohada viscoel\u00e1stica, 135 cm n\u00facleo Compacto. Doble Funda con Cremallera. Tejido Aloe Vera. Termorregulable adaptabilidad al Cuello.<\/a><\/td>\n<td>35 \u20ac<\/td>\n<td>7 \u20ac<\/td>\n<\/tr>\n<tr>\n<td>AMAZON<\/td>\n<td><a class=\"ljoptimizer\" href=\"https:\/\/www.amazon.es\/dp\/B08R7WBM1R?tag=amazon087683-21&amp;th=1\" target=\"_blank\" rel=\"nofollow noopener\">OrtoPrime Pack 2 Empapadores Cama Adultos Lavables 135cm con Alas &#8211; Empapadores Bebe Absorbentes 3,15 litros m2 &#8211; Empapador Cama Hogares Hospitales y Geri\u00e1tricos M\u00e1s de 200 Lavados<\/a><\/td>\n<td>34 \u20ac<\/td>\n<td>7 \u20ac<\/td>\n<\/tr>\n<tr>\n<td>AMAZON<\/td>\n<td><a class=\"ljoptimizer\" href=\"https:\/\/www.amazon.es\/dp\/B08CD9PP83?tag=amazon087683-21&amp;th=1\" target=\"_blank\" rel=\"nofollow noopener\">Granbest &#8211; Funda de sof\u00e1 de Alta Elasticidad, dise\u00f1o Moderno, Jacquard, el\u00e1stica, para el sal\u00f3n, para Perros y Mascotas (4 plazas, Beige)<\/a><\/td>\n<td>31 \u20ac<\/td>\n<td>6 \u20ac<\/td>\n<\/tr>\n<tr>\n<td>AMAZON<\/td>\n<td><a class=\"ljoptimizer\" href=\"https:\/\/www.amazon.es\/dp\/B0B2WMXW25?tag=amazon087683-21&amp;th=1\" target=\"_blank\" rel=\"nofollow noopener\">Trixie Impermeables &#8211; Impermeable Vimy, L, 55 cm, Rojo<\/a><\/td>\n<td>31 \u20ac<\/td>\n<td>6 \u20ac<\/td>\n<\/tr>\n<tr>\n<td>AMAZON<\/td>\n<td><a class=\"ljoptimizer\" href=\"https:\/\/www.amazon.es\/dp\/B09Q91F78T?tag=amazon087683-21&amp;th=1\" target=\"_blank\" rel=\"nofollow noopener\">Belum 0120-102 Tischdecke, harzbeschichtet, kariert, Gr\u00ed\u00b6\u00ed\u0178e: 100 x 140 cm, fleckenabweisende Tischdecke, Vichy-Rosa, Tischdecke aus 100% Bio-Baumwolle<\/a><\/td>\n<td>28 \u20ac<\/td>\n<td>6 \u20ac<\/td>\n<\/tr>\n<tr>\n<td>AMAZON<\/td>\n<td><a class=\"ljoptimizer\" href=\"https:\/\/www.amazon.es\/dp\/B0788QD657?tag=amazon087683-21&amp;th=1\" target=\"_blank\" rel=\"nofollow noopener\">Todocama &#8211; Almohada viscoel\u00e1stica, 70 cm n\u00facleo Compacto. Doble Funda con Cremallera. Tejido Aloe Vera. Termorregulable adaptabilidad al Cuello.<\/a><\/td>\n<td>26 \u20ac<\/td>\n<td>5 \u20ac<\/td>\n<\/tr>\n<tr>\n<td>AMAZON<\/td>\n<td><a class=\"ljoptimizer\" href=\"https:\/\/www.amazon.es\/dp\/B09RZTKQPN?tag=amazon087683-21&amp;th=1\" target=\"_blank\" rel=\"nofollow noopener\">Cecotec Utensilios de Cocina de Silicona Polka Excellence Force. Set de 9 piezas Negro, Recubierto Soft touch y Mango efecto Madera. Materiales: Silicona, Nylon y PP, Incluye Holder Polka<\/a><\/td>\n<td>26 \u20ac<\/td>\n<td>5 \u20ac<\/td>\n<\/tr>\n<tr>\n<td>AMAZON<\/td>\n<td><a class=\"ljoptimizer\" href=\"https:\/\/www.amazon.es\/dp\/B002CRXZH4?tag=amazon087683-21&amp;th=1\" target=\"_blank\" rel=\"nofollow noopener\">L\u00e9ku\u00e9 Estuche De Vapor con bandeja, silicona platino Rojo, 3-4 personas (1400 ml)<\/a><\/td>\n<td>25 \u20ac<\/td>\n<td>5 \u20ac<\/td>\n<\/tr>\n<tr>\n<td>AMAZON<\/td>\n<td><a class=\"ljoptimizer\" href=\"https:\/\/www.amazon.es\/dp\/B01GVK0PXY?tag=amazon087683-21&amp;th=1\" target=\"_blank\" rel=\"nofollow noopener\">axentia Pattumiera a pedale in acciaio inox spazzolato opaco, cestino rotondo bagno, cucina, con coperchio e inserto in plastica, ca. 3 l, argento\/nero<\/a><\/td>\n<td>24 \u20ac<\/td>\n<td>5 \u20ac<\/td>\n<\/tr>\n<tr>\n<td>AMAZON<\/td>\n<td><a class=\"ljoptimizer\" href=\"https:\/\/www.amazon.es\/dp\/B005SA849G?tag=amazon087683-21&amp;th=1\" target=\"_blank\" rel=\"nofollow noopener\">L\u00e9ku\u00e9 Estuche Vapor hondo silicona platino, Verde, 1-2 personas<\/a><\/td>\n<td>20 \u20ac<\/td>\n<td>4 \u20ac<\/td>\n<\/tr>\n<tr>\n<td>AMAZON<\/td>\n<td><a class=\"ljoptimizer\" href=\"https:\/\/www.amazon.es\/dp\/B071J6N2T1?tag=amazon087683-21&amp;th=1\" target=\"_blank\" rel=\"nofollow noopener\">Premier Housewares Teekanne, Roter Dolomit, 1300ml, Rot<\/a><\/td>\n<td>19 \u20ac<\/td>\n<td>4 \u20ac<\/td>\n<\/tr>\n<tr>\n<td>AMAZON<\/td>\n<td><a class=\"ljoptimizer\" href=\"https:\/\/www.amazon.es\/dp\/B077VM684H?tag=amazon087683-21&amp;th=1\" target=\"_blank\" rel=\"nofollow noopener\">Oxo Good Grips Container-Rectangle Short 1.6 L Contenedor Pop 5,7 l para Alimentos para Mascotas y Mucho m\u00e1s, Inoxidable, 1, 6 L<\/a><\/td>\n<td>16 \u20ac<\/td>\n<td>3 \u20ac<\/td>\n<\/tr>\n<tr>\n<td>AMAZON<\/td>\n<td><a class=\"ljoptimizer\" href=\"https:\/\/www.amazon.es\/dp\/B077VM684H?tag=amazon087683-21&amp;th=1\" target=\"_blank\" rel=\"nofollow noopener\">Oxo Good Grips Container-Rectangle Short 1.6 L Contenedor Pop 5,7 l para Alimentos para Mascotas y Mucho m\u00e1s, Inoxidable, 1, 6 L<\/a><\/td>\n<td>16 \u20ac<\/td>\n<td>3 \u20ac<\/td>\n<\/tr>\n<tr>\n<td>AMAZON<\/td>\n<td><a class=\"ljoptimizer\" href=\"https:\/\/www.amazon.es\/dp\/B0C9MN64PH?tag=amazon087683-21&amp;th=1\" target=\"_blank\" rel=\"nofollow noopener\">Kindergeschirr Mickey Kids 3teilig PP<\/a><\/td>\n<td>15 \u20ac<\/td>\n<td>3 \u20ac<\/td>\n<\/tr>\n<tr>\n<td>AMAZON<\/td>\n<td><a class=\"ljoptimizer\" href=\"https:\/\/www.amazon.es\/dp\/B004ZC3BDC?tag=amazon087683-21&amp;th=1\" target=\"_blank\" rel=\"nofollow noopener\">Rayher Troqueladora: c\u00ed\u00adrculo, Surtido, \u00ed\u00b8 6,35 cm, (2 1\/2&Prime;)<\/a><\/td>\n<td>15 \u20ac<\/td>\n<td>3 \u20ac<\/td>\n<\/tr>\n<tr>\n<td>AMAZON<\/td>\n<td><a class=\"ljoptimizer\" href=\"https:\/\/www.amazon.es\/dp\/B07HS5FTVF?tag=amazon087683-21&amp;th=1\" target=\"_blank\" rel=\"nofollow noopener\">OOTB 78\/8286 &#8211; Taza, cer\u00e1mica, color negro y blanco<\/a><\/td>\n<td>14 \u20ac<\/td>\n<td>3 \u20ac<\/td>\n<\/tr>\n<tr>\n<td>AMAZON<\/td>\n<td><a class=\"ljoptimizer\" href=\"https:\/\/www.amazon.es\/dp\/B0BQ34NNGZ?tag=amazon087683-21&amp;th=1\" target=\"_blank\" rel=\"nofollow noopener\">Disfraz Mascota Ropa de Halloween Perro Gato Cosplay Traje de Fiesta Divertida Ropa para Perros para Halloween, Navidad, S<\/a><\/td>\n<td>14 \u20ac<\/td>\n<td>3 \u20ac<\/td>\n<\/tr>\n<tr>\n<td>AMAZON<\/td>\n<td><a class=\"ljoptimizer\" href=\"https:\/\/www.amazon.es\/dp\/B07K9M5X8X?tag=amazon087683-21&amp;th=1\" target=\"_blank\" rel=\"nofollow noopener\">Valia Home\u00c2\u00ae Mantel con Recubrimiento de tefl\u00f3n para Uso Interior y Exterior en 6 dise\u00f1os | Mantel Lavable Que repele el Agua y la Suciedad Gracias al Efecto Loto | 140 x 200 cm Gris<\/a><\/td>\n<td>14 \u20ac<\/td>\n<td>3 \u20ac<\/td>\n<\/tr>\n<tr>\n<td>AMAZON<\/td>\n<td><a class=\"ljoptimizer\" href=\"https:\/\/www.amazon.es\/dp\/B08CJZ28TB?tag=amazon087683-21&amp;th=1\" target=\"_blank\" rel=\"nofollow noopener\">Cricut Permanent Vinyl &#8211; Shimmer Gold<\/a><\/td>\n<td>13 \u20ac<\/td>\n<td>3 \u20ac<\/td>\n<\/tr>\n<tr>\n<td>AMAZON<\/td>\n<td><a class=\"ljoptimizer\" href=\"https:\/\/www.amazon.es\/dp\/B08PL4426W?tag=amazon087683-21&amp;th=1\" target=\"_blank\" rel=\"nofollow noopener\">Todocama &#8211; Protector de colch\u00f3n\/Cubre colch\u00f3n Ajustable, de Rizo, Impermeable y Transpirable. (Todas Las Medidas Disponibles). (Cama 80 x 190\/200 cm)<\/a><\/td>\n<td>13 \u20ac<\/td>\n<td>3 \u20ac<\/td>\n<\/tr>\n<tr>\n<td>AMAZON<\/td>\n<td><a class=\"ljoptimizer\" href=\"https:\/\/www.amazon.es\/dp\/B09YH7M3V2?tag=amazon087683-21&amp;th=1\" target=\"_blank\" rel=\"nofollow noopener\">Woaboy Cortinas Salon Modernas Cortinas Cortas para Ventanas 2 Piezas 140x175cm Cortinas Dormitorio Visillos Transl\u00facida Poli\u00e9ster con Anillas Beige<\/a><\/td>\n<td>13 \u20ac<\/td>\n<td>3 \u20ac<\/td>\n<\/tr>\n<tr>\n<td>AMAZON<\/td>\n<td><a class=\"ljoptimizer\" href=\"https:\/\/www.amazon.es\/dp\/B007JU1KDA?tag=amazon087683-21&amp;th=1\" target=\"_blank\" rel=\"nofollow noopener\">Wenko Dispensador de lavavajillas Festival Gris Soft-Touch Superficie Gris<\/a><\/td>\n<td>13 \u20ac<\/td>\n<td>3 \u20ac<\/td>\n<\/tr>\n<tr>\n<td>AMAZON<\/td>\n<td><a class=\"ljoptimizer\" href=\"https:\/\/www.amazon.es\/dp\/B0C96GH9S3?tag=amazon087683-21&amp;th=1\" target=\"_blank\" rel=\"nofollow noopener\">KollyKolla Botella Termica, 500ml, Botella Agua Acero Inoxidable, Termo Sin BPA, Cantimplora Termica Reutilizable, Water Bottle con Pared Doble Aislamiento, para Ni\u00f1os, Adultos, Deporte, Oficina<\/a><\/td>\n<td>10 \u20ac<\/td>\n<td>2 \u20ac<\/td>\n<\/tr>\n<tr>\n<td>AMAZON<\/td>\n<td><a class=\"ljoptimizer\" href=\"https:\/\/www.amazon.es\/dp\/B0CN367CVC?tag=amazon087683-21&amp;th=1\" target=\"_blank\" rel=\"nofollow noopener\">JATA HOGAR HACC4539 &#8211; Pulverizador Aceite Spray de Cristal con Bomba. 150 ml de Capacidad. Rellenable. Libre de BPA. Ideal para Freidora Aire. Apto para todo tipo de l\u00ed\u00adquidos<\/a><\/td>\n<td>10 \u20ac<\/td>\n<td>2 \u20ac<\/td>\n<\/tr>\n<tr>\n<td>AMAZON<\/td>\n<td><a class=\"ljoptimizer\" href=\"https:\/\/www.amazon.es\/dp\/B004QN525K?tag=amazon087683-21&amp;th=1\" target=\"_blank\" rel=\"nofollow noopener\">Colourworks Set de Cortadores Forma de Circulo Surtido, Melamina, Multicolor, 2 cm<\/a><\/td>\n<td>7 \u20ac<\/td>\n<td>1 \u20ac<\/td>\n<\/tr>\n<tr>\n<td>AMAZON<\/td>\n<td><a class=\"ljoptimizer\" href=\"https:\/\/www.amazon.es\/dp\/B0CYT19C12?tag=amazon087683-21&amp;th=1\" target=\"_blank\" rel=\"nofollow noopener\">Pack de 2 expositores metacrilato, soporte metacrilato, Puede colocar etiquetas de precios, tarjetas de men\u00fa, anuncios y fotograf\u00ed\u00adas(21 x 30 cm) &#8211; Ideal para oficinas y restaurantes<\/a><\/td>\n<td>6 \u20ac<\/td>\n<td>1 \u20ac<\/td>\n<\/tr>\n<tr>\n<td>AMAZON<\/td>\n<td><a class=\"ljoptimizer\" href=\"https:\/\/www.amazon.es\/dp\/B09JP1VXNN?tag=amazon087683-21&amp;th=1\" target=\"_blank\" rel=\"nofollow noopener\">PIQIUQIU Vendas de Yeso 10 Piezas 5 x 300 cm Venda de escayola para Modelado Vendaje para Hacer moldes del Cuerpo Cara Arte Creativo<\/a><\/td>\n<td>6 \u20ac<\/td>\n<td>1 \u20ac<\/td>\n<\/tr>\n<\/tbody>\n<\/table>\n","protected":false},"excerpt":{"rendered":"<p>Caja de Hogar sin revisar procedente de Amazon Devoluciones<\/p>\n<ul>\n<li>N\u00famero de productos: 27<\/li>\n<li>Valor aproximado: 494.00<\/li>\n<li>Porcentaje que se paga: 16% + IVA<\/li>\n<li>Tiempo de entrega estimado: 3 a 7 d\u00edas<\/li>\n<\/ul>\n<p>*Los precios incluyen IVA<\/p>\n","protected":false},"featured_media":88007,"template":"","meta":{"site-sidebar-layout":"default","site-content-layout":"","ast-site-content-layout":"default","site-content-style":"default","site-sidebar-style":"default","ast-global-header-display":"","ast-banner-title-visibility":"","ast-main-header-display":"","ast-hfb-above-header-display":"","ast-hfb-below-header-display":"","ast-hfb-mobile-header-display":"","site-post-title":"","ast-breadcrumbs-content":"","ast-featured-img":"","footer-sml-layout":"","ast-disable-related-posts":"","theme-transparent-header-meta":"default","adv-header-id-meta":"","stick-header-meta":"","header-above-stick-meta":"","header-main-stick-meta":"","header-below-stick-meta":"","astra-migrate-meta-layouts":"set","ast-page-background-enabled":"default","ast-page-background-meta":{"desktop":{"background-color":"var(--ast-global-color-4)","background-image":"","background-repeat":"repeat","background-position":"center center","background-size":"auto","background-attachment":"scroll","background-type":"","background-media":"","overlay-type":"","overlay-color":"","overlay-opacity":"","overlay-gradient":""},"tablet":{"background-color":"","background-image":"","background-repeat":"repeat","background-position":"center center","background-size":"auto","background-attachment":"scroll","background-type":"","background-media":"","overlay-type":"","overlay-color":"","overlay-opacity":"","overlay-gradient":""},"mobile":{"background-color":"","background-image":"","background-repeat":"repeat","background-position":"center center","background-size":"auto","background-attachment":"scroll","background-type":"","background-media":"","overlay-type":"","overlay-color":"","overlay-opacity":"","overlay-gradient":""}},"ast-content-background-meta":{"desktop":{"background-color":"var(--ast-global-color-5)","background-image":"","background-repeat":"repeat","background-position":"center center","background-size":"auto","background-attachment":"scroll","background-type":"","background-media":"","overlay-type":"","overlay-color":"","overlay-opacity":"","overlay-gradient":""},"tablet":{"background-color":"var(--ast-global-color-5)","background-image":"","background-repeat":"repeat","background-position":"center center","background-size":"auto","background-attachment":"scroll","background-type":"","background-media":"","overlay-type":"","overlay-color":"","overlay-opacity":"","overlay-gradient":""},"mobile":{"background-color":"var(--ast-global-color-5)","background-image":"","background-repeat":"repeat","background-position":"center center","background-size":"auto","background-attachment":"scroll","background-type":"","background-media":"","overlay-type":"","overlay-color":"","overlay-opacity":"","overlay-gradient":""}}},"product_brand":[],"product_cat":[49,43],"product_tag":[],"class_list":{"0":"post-87552","1":"product","2":"type-product","3":"status-publish","4":"has-post-thumbnail","6":"product_cat-cajas","7":"product_cat-hogar","8":"desktop-align-left","9":"tablet-align-left","10":"mobile-align-left","12":"first","13":"outofstock","14":"sale","15":"downloadable","16":"taxable","17":"shipping-taxable","18":"purchasable","19":"product-type-simple"},"yoast_head":"<!-- This site is optimized with the Yoast SEO plugin v27.2 - https:\/\/yoast.com\/product\/yoast-seo-wordpress\/ -->\n<title>Caja de Hogar [27 productos] (spInD12kOjY) - Comprardevoluciones - Tu tienda de Devoluciones de Amazon<\/title>\n<meta name=\"robots\" content=\"noindex, follow\" \/>\n<meta property=\"og:locale\" content=\"fr_FR\" \/>\n<meta property=\"og:type\" content=\"article\" \/>\n<meta property=\"og:title\" content=\"Caja de Hogar [27 productos] (spInD12kOjY) - Comprardevoluciones - Tu tienda de Devoluciones de Amazon\" \/>\n<meta property=\"og:description\" content=\"Caja de Hogar sin revisar procedente de Amazon Devoluciones   N\u00famero de productos: 27  Valor aproximado: 494.00  Porcentaje que se paga: 16% + IVA  Tiempo de entrega estimado: 3 a 7 d\u00edas  *Los precios incluyen IVA\" \/>\n<meta property=\"og:url\" content=\"https:\/\/comprardevoluciones.com\/producto\/spind12kojy\/\" \/>\n<meta property=\"og:site_name\" content=\"Comprardevoluciones - Tu tienda de Devoluciones de Amazon\" \/>\n<meta property=\"article:modified_time\" content=\"2026-04-05T21:55:05+00:00\" \/>\n<meta property=\"og:image\" content=\"https:\/\/comprardevoluciones.com\/wp-content\/uploads\/2024\/12\/spInD12kOjY.jpg\" \/>\n\t<meta property=\"og:image:width\" content=\"700\" \/>\n\t<meta property=\"og:image:height\" content=\"700\" \/>\n\t<meta property=\"og:image:type\" content=\"image\/jpeg\" \/>\n<meta name=\"twitter:card\" content=\"summary_large_image\" \/>\n<meta name=\"twitter:label1\" content=\"Dur\u00e9e de lecture estim\u00e9e\" \/>\n\t<meta name=\"twitter:data1\" content=\"4 minutes\" \/>\n<script type=\"application\/ld+json\" class=\"yoast-schema-graph\">{\"@context\":\"https:\/\/schema.org\",\"@graph\":[{\"@type\":\"WebPage\",\"@id\":\"https:\/\/comprardevoluciones.com\/producto\/spind12kojy\/\",\"url\":\"https:\/\/comprardevoluciones.com\/producto\/spind12kojy\/\",\"name\":\"Caja de Hogar [27 productos] (spInD12kOjY) - Comprardevoluciones - Tu tienda de Devoluciones de Amazon\",\"isPartOf\":{\"@id\":\"https:\/\/comprardevoluciones.com\/#website\"},\"primaryImageOfPage\":{\"@id\":\"https:\/\/comprardevoluciones.com\/producto\/spind12kojy\/#primaryimage\"},\"image\":{\"@id\":\"https:\/\/comprardevoluciones.com\/producto\/spind12kojy\/#primaryimage\"},\"thumbnailUrl\":\"https:\/\/comprardevoluciones.com\/wp-content\/uploads\/2024\/12\/spInD12kOjY.jpg\",\"datePublished\":\"2026-03-23T10:00:01+00:00\",\"dateModified\":\"2026-04-05T21:55:05+00:00\",\"breadcrumb\":{\"@id\":\"https:\/\/comprardevoluciones.com\/producto\/spind12kojy\/#breadcrumb\"},\"inLanguage\":\"fr-FR\",\"potentialAction\":[{\"@type\":\"ReadAction\",\"target\":[\"https:\/\/comprardevoluciones.com\/producto\/spind12kojy\/\"]}]},{\"@type\":\"ImageObject\",\"inLanguage\":\"fr-FR\",\"@id\":\"https:\/\/comprardevoluciones.com\/producto\/spind12kojy\/#primaryimage\",\"url\":\"https:\/\/comprardevoluciones.com\/wp-content\/uploads\/2024\/12\/spInD12kOjY.jpg\",\"contentUrl\":\"https:\/\/comprardevoluciones.com\/wp-content\/uploads\/2024\/12\/spInD12kOjY.jpg\",\"width\":700,\"height\":700},{\"@type\":\"BreadcrumbList\",\"@id\":\"https:\/\/comprardevoluciones.com\/producto\/spind12kojy\/#breadcrumb\",\"itemListElement\":[{\"@type\":\"ListItem\",\"position\":1,\"name\":\"Portada\",\"item\":\"https:\/\/comprardevoluciones.com\/fr\/\"},{\"@type\":\"ListItem\",\"position\":2,\"name\":\"Shop\",\"item\":\"https:\/\/comprardevoluciones.com\/fr\/shop\/\"},{\"@type\":\"ListItem\",\"position\":3,\"name\":\"Caja de Hogar [27 productos] (spInD12kOjY)\"}]},{\"@type\":\"WebSite\",\"@id\":\"https:\/\/comprardevoluciones.com\/#website\",\"url\":\"https:\/\/comprardevoluciones.com\/\",\"name\":\"Comprardevoluciones - Tu tienda de Devoluciones de Amazon\",\"description\":\"Consigue Stock en buen estado a un precio imbatible\",\"potentialAction\":[{\"@type\":\"SearchAction\",\"target\":{\"@type\":\"EntryPoint\",\"urlTemplate\":\"https:\/\/comprardevoluciones.com\/?s={search_term_string}\"},\"query-input\":{\"@type\":\"PropertyValueSpecification\",\"valueRequired\":true,\"valueName\":\"search_term_string\"}}],\"inLanguage\":\"fr-FR\"}]}<\/script>\n<!-- \/ Yoast SEO plugin. -->","yoast_head_json":{"title":"Caja de Hogar [27 productos] (spInD12kOjY) - Comprardevoluciones - Tu tienda de Devoluciones de Amazon","robots":{"index":"noindex","follow":"follow"},"og_locale":"fr_FR","og_type":"article","og_title":"Caja de Hogar [27 productos] (spInD12kOjY) - Comprardevoluciones - Tu tienda de Devoluciones de Amazon","og_description":"Caja de Hogar sin revisar procedente de Amazon Devoluciones   N\u00famero de productos: 27  Valor aproximado: 494.00  Porcentaje que se paga: 16% + IVA  Tiempo de entrega estimado: 3 a 7 d\u00edas  *Los precios incluyen IVA","og_url":"https:\/\/comprardevoluciones.com\/producto\/spind12kojy\/","og_site_name":"Comprardevoluciones - Tu tienda de Devoluciones de Amazon","article_modified_time":"2026-04-05T21:55:05+00:00","og_image":[{"width":700,"height":700,"url":"https:\/\/comprardevoluciones.com\/wp-content\/uploads\/2024\/12\/spInD12kOjY.jpg","type":"image\/jpeg"}],"twitter_card":"summary_large_image","twitter_misc":{"Dur\u00e9e de lecture estim\u00e9e":"4 minutes"},"schema":{"@context":"https:\/\/schema.org","@graph":[{"@type":"WebPage","@id":"https:\/\/comprardevoluciones.com\/producto\/spind12kojy\/","url":"https:\/\/comprardevoluciones.com\/producto\/spind12kojy\/","name":"Caja de Hogar [27 productos] (spInD12kOjY) - Comprardevoluciones - Tu tienda de Devoluciones de Amazon","isPartOf":{"@id":"https:\/\/comprardevoluciones.com\/#website"},"primaryImageOfPage":{"@id":"https:\/\/comprardevoluciones.com\/producto\/spind12kojy\/#primaryimage"},"image":{"@id":"https:\/\/comprardevoluciones.com\/producto\/spind12kojy\/#primaryimage"},"thumbnailUrl":"https:\/\/comprardevoluciones.com\/wp-content\/uploads\/2024\/12\/spInD12kOjY.jpg","datePublished":"2026-03-23T10:00:01+00:00","dateModified":"2026-04-05T21:55:05+00:00","breadcrumb":{"@id":"https:\/\/comprardevoluciones.com\/producto\/spind12kojy\/#breadcrumb"},"inLanguage":"fr-FR","potentialAction":[{"@type":"ReadAction","target":["https:\/\/comprardevoluciones.com\/producto\/spind12kojy\/"]}]},{"@type":"ImageObject","inLanguage":"fr-FR","@id":"https:\/\/comprardevoluciones.com\/producto\/spind12kojy\/#primaryimage","url":"https:\/\/comprardevoluciones.com\/wp-content\/uploads\/2024\/12\/spInD12kOjY.jpg","contentUrl":"https:\/\/comprardevoluciones.com\/wp-content\/uploads\/2024\/12\/spInD12kOjY.jpg","width":700,"height":700},{"@type":"BreadcrumbList","@id":"https:\/\/comprardevoluciones.com\/producto\/spind12kojy\/#breadcrumb","itemListElement":[{"@type":"ListItem","position":1,"name":"Portada","item":"https:\/\/comprardevoluciones.com\/fr\/"},{"@type":"ListItem","position":2,"name":"Shop","item":"https:\/\/comprardevoluciones.com\/fr\/shop\/"},{"@type":"ListItem","position":3,"name":"Caja de Hogar [27 productos] (spInD12kOjY)"}]},{"@type":"WebSite","@id":"https:\/\/comprardevoluciones.com\/#website","url":"https:\/\/comprardevoluciones.com\/","name":"Comprardevoluciones - Tu tienda de Devoluciones de Amazon","description":"Consigue Stock en buen estado a un precio imbatible","potentialAction":[{"@type":"SearchAction","target":{"@type":"EntryPoint","urlTemplate":"https:\/\/comprardevoluciones.com\/?s={search_term_string}"},"query-input":{"@type":"PropertyValueSpecification","valueRequired":true,"valueName":"search_term_string"}}],"inLanguage":"fr-FR"}]}},"_links":{"self":[{"href":"https:\/\/comprardevoluciones.com\/fr\/wp-json\/wp\/v2\/product\/87552","targetHints":{"allow":["GET"]}}],"collection":[{"href":"https:\/\/comprardevoluciones.com\/fr\/wp-json\/wp\/v2\/product"}],"about":[{"href":"https:\/\/comprardevoluciones.com\/fr\/wp-json\/wp\/v2\/types\/product"}],"wp:featuredmedia":[{"embeddable":true,"href":"https:\/\/comprardevoluciones.com\/fr\/wp-json\/wp\/v2\/media\/88007"}],"wp:attachment":[{"href":"https:\/\/comprardevoluciones.com\/fr\/wp-json\/wp\/v2\/media?parent=87552"}],"wp:term":[{"taxonomy":"product_brand","embeddable":true,"href":"https:\/\/comprardevoluciones.com\/fr\/wp-json\/wp\/v2\/product_brand?post=87552"},{"taxonomy":"product_cat","embeddable":true,"href":"https:\/\/comprardevoluciones.com\/fr\/wp-json\/wp\/v2\/product_cat?post=87552"},{"taxonomy":"product_tag","embeddable":true,"href":"https:\/\/comprardevoluciones.com\/fr\/wp-json\/wp\/v2\/product_tag?post=87552"}],"curies":[{"name":"wp","href":"https:\/\/api.w.org\/{rel}","templated":true}]}}