{"id":37175,"date":"2022-03-17T23:20:51","date_gmt":"2022-03-17T22:20:51","guid":{"rendered":"https:\/\/comprardevoluciones.com\/domande-frequenti\/"},"modified":"2024-11-13T16:44:44","modified_gmt":"2024-11-13T15:44:44","slug":"domande-frequenti","status":"publish","type":"page","link":"https:\/\/comprardevoluciones.com\/it\/domande-frequenti\/","title":{"rendered":"Domande Frequenti"},"content":{"rendered":"\t\t<div data-elementor-type=\"wp-page\" data-elementor-id=\"37175\" class=\"elementor elementor-37175 elementor-275\" data-elementor-post-type=\"page\">\n\t\t\t\t\t\t<section class=\"elementor-section elementor-top-section elementor-element elementor-element-2e4e89d3 elementor-section-content-middle elementor-section-boxed elementor-section-height-default elementor-section-height-default\" data-id=\"2e4e89d3\" data-element_type=\"section\" data-e-type=\"section\" data-settings=\"{&quot;background_background&quot;:&quot;classic&quot;}\">\n\t\t\t\t\t\t\t<div class=\"elementor-background-overlay\"><\/div>\n\t\t\t\t\t\t\t<div class=\"elementor-container elementor-column-gap-wide\">\n\t\t\t\t\t<div class=\"elementor-column elementor-col-100 elementor-top-column elementor-element elementor-element-58a8f30b\" data-id=\"58a8f30b\" data-element_type=\"column\" data-e-type=\"column\">\n\t\t\t<div class=\"elementor-widget-wrap elementor-element-populated\">\n\t\t\t\t\t\t<div class=\"elementor-element elementor-element-4da65af5 elementor-invisible elementor-widget elementor-widget-heading\" data-id=\"4da65af5\" data-element_type=\"widget\" data-e-type=\"widget\" data-settings=\"{&quot;_animation&quot;:&quot;fadeIn&quot;,&quot;_animation_delay&quot;:50}\" data-widget_type=\"heading.default\">\n\t\t\t\t<div class=\"elementor-widget-container\">\n\t\t\t\t\t<h2 class=\"elementor-heading-title elementor-size-default\">Hai bisogno di aiuto?<\/h2>\t\t\t\t<\/div>\n\t\t\t\t<\/div>\n\t\t\t\t<div class=\"elementor-element elementor-element-1473d0be elementor-invisible elementor-widget elementor-widget-heading\" data-id=\"1473d0be\" data-element_type=\"widget\" data-e-type=\"widget\" data-settings=\"{&quot;_animation&quot;:&quot;fadeIn&quot;,&quot;_animation_delay&quot;:100}\" data-widget_type=\"heading.default\">\n\t\t\t\t<div class=\"elementor-widget-container\">\n\t\t\t\t\t<h2 class=\"elementor-heading-title elementor-size-default\">Domande frequenti<\/h2>\t\t\t\t<\/div>\n\t\t\t\t<\/div>\n\t\t\t\t<section class=\"elementor-section elementor-inner-section elementor-element elementor-element-4d8c1391 elementor-section-boxed elementor-section-height-default elementor-section-height-default\" data-id=\"4d8c1391\" data-element_type=\"section\" data-e-type=\"section\">\n\t\t\t\t\t\t<div class=\"elementor-container elementor-column-gap-default\">\n\t\t\t\t\t<div class=\"elementor-column elementor-col-50 elementor-inner-column elementor-element elementor-element-48ea7b74 elementor-invisible\" data-id=\"48ea7b74\" data-element_type=\"column\" data-e-type=\"column\" data-settings=\"{&quot;animation&quot;:&quot;fadeIn&quot;,&quot;animation_delay&quot;:100}\">\n\t\t\t<div class=\"elementor-widget-wrap elementor-element-populated\">\n\t\t\t\t\t\t<div class=\"elementor-element elementor-element-bf3e59b elementor-widget elementor-widget-sina_accordion\" data-id=\"bf3e59b\" data-element_type=\"widget\" data-e-type=\"widget\" data-widget_type=\"sina_accordion.default\">\n\t\t\t\t<div class=\"elementor-widget-container\">\n\t\t\t\t\t\t\t<div class=\"sina-accordion\"\r\n\t\tdata-open-first=\"\">\r\n\t\t\t\t\t\t\t<div class=\"sina-accordion-item elementor-repeater-item-bb14b89 \">\r\n\t\t\t\t\t<h4 class=\"sina-accordion-header sina-flex\">\r\n\t\t\t\t\t\t\t\t\t\t\t\tCome acquistare un pallet dai resi di Amazon?\t\t\t\t\t\t\t\t\t\t\t\t\t<span class=\"sina-accordion-icon\">\r\n\t\t\t\t\t\t\t\t<i class=\"icofont icofont-caret-down off\"><\/i>\r\n\t\t\t\t\t\t\t\t<i class=\"eicon-caret-up on\"><\/i>\r\n\t\t\t\t\t\t\t<\/span>\r\n\t\t\t\t\t\t\t\t\t\t\t<\/h4>\r\n\t\t\t\t\t<div class=\"sina-accordion-body\">\r\n\t\t\t\t\t\t\t\t\t\t\t\t\t\t<div class=\"sina-accordion-desc\">\r\n\t\t\t\t\t\t\t\t\tEntra nella sezione \"Negozio\", disponibile nel menu in alto. Dai un'occhiata al catalogo dei pallet e all'elenco indicativo dei prodotti che contengono, scegline uno ed effettua il pagamento con uno dei metodi disponibili.<br><br>Spediremo il pallet all'indirizzo da te indicato in Spagna (isole comprese) e nel Portogallo continentale.\n\t\t\t\t\t\t\t\t<\/div>\r\n\t\t\t\t\t\t\t\t\t\t\t<\/div>\r\n\t\t\t\t<\/div>\r\n\t\t\t\t\t\t\t<div class=\"sina-accordion-item elementor-repeater-item-521106a \">\r\n\t\t\t\t\t<h4 class=\"sina-accordion-header sina-flex\">\r\n\t\t\t\t\t\t\t\t\t\t\t\tPossono essere restituiti una volta acquistati?\t\t\t\t\t\t\t\t\t\t\t\t\t<span class=\"sina-accordion-icon\">\r\n\t\t\t\t\t\t\t\t<i class=\"icofont icofont-caret-down off\"><\/i>\r\n\t\t\t\t\t\t\t\t<i class=\"eicon-caret-up on\"><\/i>\r\n\t\t\t\t\t\t\t<\/span>\r\n\t\t\t\t\t\t\t\t\t\t\t<\/h4>\r\n\t\t\t\t\t<div class=\"sina-accordion-body\">\r\n\t\t\t\t\t\t\t\t\t\t\t\t\t\t<div class=\"sina-accordion-desc\">\r\n\t\t\t\t\t\t\t\t\tI prodotti sono resi da altri utenti che non sono stati recensiti da comprardevoluciones.com. Quando il cliente effettua un acquisto su questo sito web, accetta lo stato in cui si trovano, poich\u00e9 non sarebbe possibile per noi controllare se i prodotti arrivano con la stessa integrit\u00e0 con cui sono stati inviati.\n\nL'utente pu\u00f2 esercitare il diritto di recesso nei seguenti due casi: \n\nIl cliente non ha aperto il lotto o non ha rimosso la pellicola nera con cui comprardevoluciones.com lo spedisce: in questo caso, il cliente pu\u00f2 restituire il lotto entro 14 giorni di calendario dal ricevimento, ma deve sostenere le spese di spedizione e restituzione.\nIn caso di errore nella spedizione o di arrivo di un pallet o di un lotto errato, anche in questo caso il cliente avr\u00e0 14 giorni di calendario dal ricevimento per segnalarlo, e comprardevoluciones.com che si far\u00e0 carico delle spese di spedizione per restituire il prodotto al nostro magazzino; oppure se il pallet arriva danneggiato durante il trasporto e il cliente lo controlla e lo segnala al momento della consegna.\t\t\t\t\t\t\t\t<\/div>\r\n\t\t\t\t\t\t\t\t\t\t\t<\/div>\r\n\t\t\t\t<\/div>\r\n\t\t\t\t\t\t\t<div class=\"sina-accordion-item elementor-repeater-item-008c4b1 \">\r\n\t\t\t\t\t<h4 class=\"sina-accordion-header sina-flex\">\r\n\t\t\t\t\t\t\t\t\t\t\t\tChe tipo di prodotti di ritorno sono in vendita?\t\t\t\t\t\t\t\t\t\t\t\t\t<span class=\"sina-accordion-icon\">\r\n\t\t\t\t\t\t\t\t<i class=\"icofont icofont-caret-down off\"><\/i>\r\n\t\t\t\t\t\t\t\t<i class=\"eicon-caret-up on\"><\/i>\r\n\t\t\t\t\t\t\t<\/span>\r\n\t\t\t\t\t\t\t\t\t\t\t<\/h4>\r\n\t\t\t\t\t<div class=\"sina-accordion-body\">\r\n\t\t\t\t\t\t\t\t\t\t\t\t\t\t<div class=\"sina-accordion-desc\">\r\n\t\t\t\t\t\t\t\t\tI prodotti restituiti, sia in mystery box che in pallet, possono rispondere a tante categorie quanti sono i reparti del catalogo Amazon (libri, vestiti, scarpe, neonati, automobili, accessori, elettrodomestici, mobili, salute, bellezza, gioielli, casa, ufficio, feste, sport, animali domestici, regali, giocattoli, ecc.\nI bancali venduti su questo sito web sono non aperti e quindi non classificati. Insieme a ogni pallet forniamo un elenco dei prodotti inclusi, anche se potrebbero esserci delle piccole variazioni in quanto la merce non \u00e8 catalogata dal nostro team.\t\t\t\t\t\t\t\t<\/div>\r\n\t\t\t\t\t\t\t\t\t\t\t<\/div>\r\n\t\t\t\t<\/div>\r\n\t\t\t\t\t<\/div><!-- .sina-accordion -->\r\n\t\t\t\t\t\t<\/div>\n\t\t\t\t<\/div>\n\t\t\t\t<div class=\"elementor-element elementor-element-7156bf0 elementor-widget elementor-widget-sina_accordion\" data-id=\"7156bf0\" data-element_type=\"widget\" data-e-type=\"widget\" data-widget_type=\"sina_accordion.default\">\n\t\t\t\t<div class=\"elementor-widget-container\">\n\t\t\t\t\t\t\t<div class=\"sina-accordion\"\r\n\t\tdata-open-first=\"\">\r\n\t\t\t\t\t\t\t<div class=\"sina-accordion-item elementor-repeater-item-bb14b89 \">\r\n\t\t\t\t\t<h4 class=\"sina-accordion-header sina-flex\">\r\n\t\t\t\t\t\t\t\t\t\t\t\tCome arrivano i prodotti e in che stato sono?\t\t\t\t\t\t\t\t\t\t\t\t\t<span class=\"sina-accordion-icon\">\r\n\t\t\t\t\t\t\t\t<i class=\"icofont icofont-caret-down off\"><\/i>\r\n\t\t\t\t\t\t\t\t<i class=\"eicon-caret-up on\"><\/i>\r\n\t\t\t\t\t\t\t<\/span>\r\n\t\t\t\t\t\t\t\t\t\t\t<\/h4>\r\n\t\t\t\t\t<div class=\"sina-accordion-body\">\r\n\t\t\t\t\t\t\t\t\t\t\t\t\t\t<div class=\"sina-accordion-desc\">\r\n\t\t\t\t\t\t\t\t\tPer rispondere a questa domanda, torniamo al cuore del fenomeno: i resi. Perch\u00e9 i clienti di Amazon restituiscono i loro acquisti? <br><br>Ci sono molti motivi diversi per cui un cliente pu\u00f2 restituire un prodotto: a volte \u00e8 a causa di un danno al prodotto, ma in molte altre occasioni, le persone restituiscono i prodotti perch\u00e9 hanno semplicemente ricevuto l'articolo sbagliato, altri sostengono che l'aspetto \u00e8 diverso da quello che hanno visto sulla piattaforma digitale. Altre persone restituiscono il prodotto perch\u00e9 era un regalo e alla persona che lo ha ricevuto non piaceva, o semplicemente perch\u00e9 non andava bene alla persona che lo avrebbe indossato (questo \u00e8 molto comune nei resi di abbigliamento).<br><br> Alcuni prodotti possono danneggiarsi o rovinarsi.\nAlcuni prodotti possono arrivare danneggiati. Ma devi tenere presente che quando fai un acquisto, una delle condizioni che accetti \u00e8 quella di mantenere il prodotto nello stato in cui si trova e non c'\u00e8 alcuna garanzia. Questo \u00e8 uno dei motivi per cui puoi ottenere uno sconto tra il 50 e il 90% sul prezzo reale dei lotti.<br>.\nD'altra parte, la merce di Comprardevoluciones non viene controllata, ma ogni lotto mostra un elenco dei prodotti che contiene, ma non il suo stato, poich\u00e9 non lo conosciamo. La guida al contenuto di ogni lotto \u00e8 indicativa e pu\u00f2 subire lievi modifiche.\t\t\t\t\t\t\t\t<\/div>\r\n\t\t\t\t\t\t\t\t\t\t\t<\/div>\r\n\t\t\t\t<\/div>\r\n\t\t\t\t\t<\/div><!-- .sina-accordion -->\r\n\t\t\t\t\t\t<\/div>\n\t\t\t\t<\/div>\n\t\t\t\t\t<\/div>\n\t\t<\/div>\n\t\t\t\t<div class=\"elementor-column elementor-col-50 elementor-inner-column elementor-element elementor-element-255ef1fe elementor-invisible\" data-id=\"255ef1fe\" data-element_type=\"column\" data-e-type=\"column\" data-settings=\"{&quot;animation&quot;:&quot;fadeIn&quot;,&quot;animation_delay&quot;:200}\">\n\t\t\t<div class=\"elementor-widget-wrap elementor-element-populated\">\n\t\t\t\t\t\t<div class=\"elementor-element elementor-element-39d650a elementor-widget elementor-widget-sina_accordion\" data-id=\"39d650a\" data-element_type=\"widget\" data-e-type=\"widget\" data-widget_type=\"sina_accordion.default\">\n\t\t\t\t<div class=\"elementor-widget-container\">\n\t\t\t\t\t\t\t<div class=\"sina-accordion\"\r\n\t\tdata-open-first=\"\">\r\n\t\t\t\t\t\t\t<div class=\"sina-accordion-item elementor-repeater-item-bb14b89 \">\r\n\t\t\t\t\t<h4 class=\"sina-accordion-header sina-flex\">\r\n\t\t\t\t\t\t\t\t\t\t\t\tQuali sono le condizioni di spedizione?\t\t\t\t\t\t\t\t\t\t\t\t\t<span class=\"sina-accordion-icon\">\r\n\t\t\t\t\t\t\t\t<i class=\"icofont icofont-caret-down off\"><\/i>\r\n\t\t\t\t\t\t\t\t<i class=\"eicon-caret-up on\"><\/i>\r\n\t\t\t\t\t\t\t<\/span>\r\n\t\t\t\t\t\t\t\t\t\t\t<\/h4>\r\n\t\t\t\t\t<div class=\"sina-accordion-body\">\r\n\t\t\t\t\t\t\t\t\t\t\t\t\t\t<div class=\"sina-accordion-desc\">\r\n\t\t\t\t\t\t\t\t\tL'acquisto di un reso su Amazon implica la piena accettazione della nostra politica di spedizione. Lo riceverai all'indirizzo di tua scelta (ti consigliamo di avere spazio per posizionare il carico e di inserire facilmente il pallet), ma non potrai restituirlo.\n\u00c8 vietato effettuare un reso di un reso. Indipendentemente dal tipo di reso che scegli di acquistare, non puoi restituirlo a meno che tu non abbia ricevuto un ordine sbagliato.\nInoltre, i costi di spedizione possono variare notevolmente; \u00e8 tua responsabilit\u00e0 leggere e accettare tutte le condizioni, cos\u00ec come il prezzo per la consegna del tuo ordine, in quanto non potrai reclamare per nessun motivo precedentemente specificato dal tuo fornitore.\nTi consigliamo di non acquistare mai prima di aver controllato attentamente le politiche specifiche di questo sito web.\t\t\t\t\t\t\t\t<\/div>\r\n\t\t\t\t\t\t\t\t\t\t\t<\/div>\r\n\t\t\t\t<\/div>\r\n\t\t\t\t\t\t\t<div class=\"sina-accordion-item elementor-repeater-item-1bee4c2 \">\r\n\t\t\t\t\t<h4 class=\"sina-accordion-header sina-flex\">\r\n\t\t\t\t\t\t\t\t\t\t\t\tDove si effettuano le spedizioni?\t\t\t\t\t\t\t\t\t\t\t\t\t<span class=\"sina-accordion-icon\">\r\n\t\t\t\t\t\t\t\t<i class=\"icofont icofont-caret-down off\"><\/i>\r\n\t\t\t\t\t\t\t\t<i class=\"eicon-caret-up on\"><\/i>\r\n\t\t\t\t\t\t\t<\/span>\r\n\t\t\t\t\t\t\t\t\t\t\t<\/h4>\r\n\t\t\t\t\t<div class=\"sina-accordion-body\">\r\n\t\t\t\t\t\t\t\t\t\t\t\t\t\t<div class=\"sina-accordion-desc\">\r\n\t\t\t\t\t\t\t\t\tL'area geografica da cui \u00e8 possibile ricevere resi da Amazon comprende Spagna, Francia, Germania, Italia, Portogallo continentale e altri paesi europei. Effettuiamo spedizioni anche nelle Isole Canarie e nelle Isole Baleari.\t\t\t\t\t\t\t\t<\/div>\r\n\t\t\t\t\t\t\t\t\t\t\t<\/div>\r\n\t\t\t\t<\/div>\r\n\t\t\t\t\t\t\t<div class=\"sina-accordion-item elementor-repeater-item-99e0dc7 \">\r\n\t\t\t\t\t<h4 class=\"sina-accordion-header sina-flex\">\r\n\t\t\t\t\t\t\t\t\t\t\t\tQuanto tempo ci vuole di solito per spedire questi prodotti?\t\t\t\t\t\t\t\t\t\t\t\t\t<span class=\"sina-accordion-icon\">\r\n\t\t\t\t\t\t\t\t<i class=\"icofont icofont-caret-down off\"><\/i>\r\n\t\t\t\t\t\t\t\t<i class=\"eicon-caret-up on\"><\/i>\r\n\t\t\t\t\t\t\t<\/span>\r\n\t\t\t\t\t\t\t\t\t\t\t<\/h4>\r\n\t\t\t\t\t<div class=\"sina-accordion-body\">\r\n\t\t\t\t\t\t\t\t\t\t\t\t\t\t<div class=\"sina-accordion-desc\">\r\n\t\t\t\t\t\t\t\t\tI tempi di consegna possono variare a seconda del luogo in cui ti trovi e delle condizioni di trasporto del paese in un determinato momento. Di solito vanno dai 3 ai 7 giorni.\t\t\t\t\t\t\t\t<\/div>\r\n\t\t\t\t\t\t\t\t\t\t\t<\/div>\r\n\t\t\t\t<\/div>\r\n\t\t\t\t\t\t\t<div class=\"sina-accordion-item elementor-repeater-item-c341a4e \">\r\n\t\t\t\t\t<h4 class=\"sina-accordion-header sina-flex\">\r\n\t\t\t\t\t\t\t\t\t\t\t\tI prodotti possono arrivare senza scatola?\t\t\t\t\t\t\t\t\t\t\t\t\t<span class=\"sina-accordion-icon\">\r\n\t\t\t\t\t\t\t\t<i class=\"icofont icofont-caret-down off\"><\/i>\r\n\t\t\t\t\t\t\t\t<i class=\"eicon-caret-up on\"><\/i>\r\n\t\t\t\t\t\t\t<\/span>\r\n\t\t\t\t\t\t\t\t\t\t\t<\/h4>\r\n\t\t\t\t\t<div class=\"sina-accordion-body\">\r\n\t\t\t\t\t\t\t\t\t\t\t\t\t\t<div class=\"sina-accordion-desc\">\r\n\t\t\t\t\t\t\t\t\tI prodotti arrivano cos\u00ec come sono stati inviati dalla persona che li ha restituiti. Ci\u00f2 significa che a volte arrivano senza scatola, con una scatola rotta, sigillata, in una scatola diversa da quella del prodotto originale, ecc. Inoltre, \u00e8 possibile che manchino parti o accessori o che siano completi.\t\t\t\t\t\t\t\t<\/div>\r\n\t\t\t\t\t\t\t\t\t\t\t<\/div>\r\n\t\t\t\t<\/div>\r\n\t\t\t\t\t<\/div><!-- .sina-accordion -->\r\n\t\t\t\t\t\t<\/div>\n\t\t\t\t<\/div>\n\t\t\t\t\t<\/div>\n\t\t<\/div>\n\t\t\t\t\t<\/div>\n\t\t<\/section>\n\t\t\t\t\t<\/div>\n\t\t<\/div>\n\t\t\t\t\t<\/div>\n\t\t<\/section>\n\t\t\t\t<\/div>\n\t\t","protected":false},"excerpt":{"rendered":"<p>Hai bisogno di aiuto? Domande frequenti Come acquistare un pallet dai resi di Amazon? Entra nella sezione &#8220;Negozio&#8221;, disponibile nel menu in alto. Dai un&#8217;occhiata al catalogo dei pallet e all&#8217;elenco indicativo dei prodotti che contengono, scegline uno ed effettua il pagamento con uno dei metodi disponibili. Spediremo il pallet all&#8217;indirizzo da te indicato in [&hellip;]<\/p>\n","protected":false},"author":2,"featured_media":0,"parent":0,"menu_order":0,"comment_status":"closed","ping_status":"closed","template":"","meta":{"site-sidebar-layout":"no-sidebar","site-content-layout":"page-builder","ast-site-content-layout":"full-width-container","site-content-style":"unboxed","site-sidebar-style":"unboxed","ast-global-header-display":"","ast-banner-title-visibility":"","ast-main-header-display":"","ast-hfb-above-header-display":"","ast-hfb-below-header-display":"","ast-hfb-mobile-header-display":"","site-post-title":"disabled","ast-breadcrumbs-content":"","ast-featured-img":"disabled","footer-sml-layout":"","ast-disable-related-posts":"","theme-transparent-header-meta":"","adv-header-id-meta":"","stick-header-meta":"","header-above-stick-meta":"","header-main-stick-meta":"","header-below-stick-meta":"","astra-migrate-meta-layouts":"default","ast-page-background-enabled":"default","ast-page-background-meta":{"desktop":{"background-color":"var(--ast-global-color-4)","background-image":"","background-repeat":"repeat","background-position":"center center","background-size":"auto","background-attachment":"scroll","background-type":"","background-media":"","overlay-type":"","overlay-color":"","overlay-opacity":"","overlay-gradient":""},"tablet":{"background-color":"","background-image":"","background-repeat":"repeat","background-position":"center center","background-size":"auto","background-attachment":"scroll","background-type":"","background-media":"","overlay-type":"","overlay-color":"","overlay-opacity":"","overlay-gradient":""},"mobile":{"background-color":"","background-image":"","background-repeat":"repeat","background-position":"center center","background-size":"auto","background-attachment":"scroll","background-type":"","background-media":"","overlay-type":"","overlay-color":"","overlay-opacity":"","overlay-gradient":""}},"ast-content-background-meta":{"desktop":{"background-color":"var(--ast-global-color-5)","background-image":"","background-repeat":"repeat","background-position":"center center","background-size":"auto","background-attachment":"scroll","background-type":"","background-media":"","overlay-type":"","overlay-color":"","overlay-opacity":"","overlay-gradient":""},"tablet":{"background-color":"var(--ast-global-color-5)","background-image":"","background-repeat":"repeat","background-position":"center center","background-size":"auto","background-attachment":"scroll","background-type":"","background-media":"","overlay-type":"","overlay-color":"","overlay-opacity":"","overlay-gradient":""},"mobile":{"background-color":"var(--ast-global-color-5)","background-image":"","background-repeat":"repeat","background-position":"center center","background-size":"auto","background-attachment":"scroll","background-type":"","background-media":"","overlay-type":"","overlay-color":"","overlay-opacity":"","overlay-gradient":""}},"footnotes":""},"class_list":["post-37175","page","type-page","status-publish","hentry"],"yoast_head":"<!-- This site is optimized with the Yoast SEO plugin v27.2 - https:\/\/yoast.com\/product\/yoast-seo-wordpress\/ -->\n<title>Domande Frequenti - Comprardevoluciones - Tu tienda de Devoluciones de Amazon<\/title>\n<meta name=\"robots\" content=\"index, follow, max-snippet:-1, max-image-preview:large, max-video-preview:-1\" \/>\n<link rel=\"canonical\" href=\"https:\/\/comprardevoluciones.com\/faq\/\" \/>\n<meta property=\"og:locale\" content=\"it_IT\" \/>\n<meta property=\"og:type\" content=\"article\" \/>\n<meta property=\"og:title\" content=\"Domande Frequenti - Comprardevoluciones - Tu tienda de Devoluciones de Amazon\" \/>\n<meta property=\"og:description\" content=\"Hai bisogno di aiuto? Domande frequenti Come acquistare un pallet dai resi di Amazon? Entra nella sezione &#8220;Negozio&#8221;, disponibile nel menu in alto. Dai un&#8217;occhiata al catalogo dei pallet e all&#8217;elenco indicativo dei prodotti che contengono, scegline uno ed effettua il pagamento con uno dei metodi disponibili. Spediremo il pallet all&#8217;indirizzo da te indicato in [&hellip;]\" \/>\n<meta property=\"og:url\" content=\"https:\/\/comprardevoluciones.com\/faq\/\" \/>\n<meta property=\"og:site_name\" content=\"Comprardevoluciones - Tu tienda de Devoluciones de Amazon\" \/>\n<meta property=\"article:modified_time\" content=\"2024-11-13T15:44:44+00:00\" \/>\n<meta name=\"twitter:card\" content=\"summary_large_image\" \/>\n<meta name=\"twitter:label1\" content=\"Tempo di lettura stimato\" \/>\n\t<meta name=\"twitter:data1\" content=\"5 minuti\" \/>\n<script type=\"application\/ld+json\" class=\"yoast-schema-graph\">{\"@context\":\"https:\/\/schema.org\",\"@graph\":[{\"@type\":\"WebPage\",\"@id\":\"https:\/\/comprardevoluciones.com\/faq\/\",\"url\":\"https:\/\/comprardevoluciones.com\/faq\/\",\"name\":\"Domande Frequenti - Comprardevoluciones - Tu tienda de Devoluciones de Amazon\",\"isPartOf\":{\"@id\":\"https:\/\/comprardevoluciones.com\/#website\"},\"datePublished\":\"2022-03-17T22:20:51+00:00\",\"dateModified\":\"2024-11-13T15:44:44+00:00\",\"breadcrumb\":{\"@id\":\"https:\/\/comprardevoluciones.com\/faq\/#breadcrumb\"},\"inLanguage\":\"it-IT\",\"potentialAction\":[{\"@type\":\"ReadAction\",\"target\":[\"https:\/\/comprardevoluciones.com\/faq\/\"]}]},{\"@type\":\"BreadcrumbList\",\"@id\":\"https:\/\/comprardevoluciones.com\/faq\/#breadcrumb\",\"itemListElement\":[{\"@type\":\"ListItem\",\"position\":1,\"name\":\"Portada\",\"item\":\"https:\/\/comprardevoluciones.com\/it\/\"},{\"@type\":\"ListItem\",\"position\":2,\"name\":\"Domande Frequenti\"}]},{\"@type\":\"WebSite\",\"@id\":\"https:\/\/comprardevoluciones.com\/#website\",\"url\":\"https:\/\/comprardevoluciones.com\/\",\"name\":\"Comprardevoluciones - Tu tienda de Devoluciones de Amazon\",\"description\":\"Consigue Stock en buen estado a un precio imbatible\",\"potentialAction\":[{\"@type\":\"SearchAction\",\"target\":{\"@type\":\"EntryPoint\",\"urlTemplate\":\"https:\/\/comprardevoluciones.com\/?s={search_term_string}\"},\"query-input\":{\"@type\":\"PropertyValueSpecification\",\"valueRequired\":true,\"valueName\":\"search_term_string\"}}],\"inLanguage\":\"it-IT\"}]}<\/script>\n<!-- \/ Yoast SEO plugin. -->","yoast_head_json":{"title":"Domande Frequenti - Comprardevoluciones - Tu tienda de Devoluciones de Amazon","robots":{"index":"index","follow":"follow","max-snippet":"max-snippet:-1","max-image-preview":"max-image-preview:large","max-video-preview":"max-video-preview:-1"},"canonical":"https:\/\/comprardevoluciones.com\/faq\/","og_locale":"it_IT","og_type":"article","og_title":"Domande Frequenti - Comprardevoluciones - Tu tienda de Devoluciones de Amazon","og_description":"Hai bisogno di aiuto? Domande frequenti Come acquistare un pallet dai resi di Amazon? Entra nella sezione &#8220;Negozio&#8221;, disponibile nel menu in alto. Dai un&#8217;occhiata al catalogo dei pallet e all&#8217;elenco indicativo dei prodotti che contengono, scegline uno ed effettua il pagamento con uno dei metodi disponibili. Spediremo il pallet all&#8217;indirizzo da te indicato in [&hellip;]","og_url":"https:\/\/comprardevoluciones.com\/faq\/","og_site_name":"Comprardevoluciones - Tu tienda de Devoluciones de Amazon","article_modified_time":"2024-11-13T15:44:44+00:00","twitter_card":"summary_large_image","twitter_misc":{"Tempo di lettura stimato":"5 minuti"},"schema":{"@context":"https:\/\/schema.org","@graph":[{"@type":"WebPage","@id":"https:\/\/comprardevoluciones.com\/faq\/","url":"https:\/\/comprardevoluciones.com\/faq\/","name":"Domande Frequenti - Comprardevoluciones - Tu tienda de Devoluciones de Amazon","isPartOf":{"@id":"https:\/\/comprardevoluciones.com\/#website"},"datePublished":"2022-03-17T22:20:51+00:00","dateModified":"2024-11-13T15:44:44+00:00","breadcrumb":{"@id":"https:\/\/comprardevoluciones.com\/faq\/#breadcrumb"},"inLanguage":"it-IT","potentialAction":[{"@type":"ReadAction","target":["https:\/\/comprardevoluciones.com\/faq\/"]}]},{"@type":"BreadcrumbList","@id":"https:\/\/comprardevoluciones.com\/faq\/#breadcrumb","itemListElement":[{"@type":"ListItem","position":1,"name":"Portada","item":"https:\/\/comprardevoluciones.com\/it\/"},{"@type":"ListItem","position":2,"name":"Domande Frequenti"}]},{"@type":"WebSite","@id":"https:\/\/comprardevoluciones.com\/#website","url":"https:\/\/comprardevoluciones.com\/","name":"Comprardevoluciones - Tu tienda de Devoluciones de Amazon","description":"Consigue Stock en buen estado a un precio imbatible","potentialAction":[{"@type":"SearchAction","target":{"@type":"EntryPoint","urlTemplate":"https:\/\/comprardevoluciones.com\/?s={search_term_string}"},"query-input":{"@type":"PropertyValueSpecification","valueRequired":true,"valueName":"search_term_string"}}],"inLanguage":"it-IT"}]}},"_links":{"self":[{"href":"https:\/\/comprardevoluciones.com\/it\/wp-json\/wp\/v2\/pages\/37175","targetHints":{"allow":["GET"]}}],"collection":[{"href":"https:\/\/comprardevoluciones.com\/it\/wp-json\/wp\/v2\/pages"}],"about":[{"href":"https:\/\/comprardevoluciones.com\/it\/wp-json\/wp\/v2\/types\/page"}],"author":[{"embeddable":true,"href":"https:\/\/comprardevoluciones.com\/it\/wp-json\/wp\/v2\/users\/2"}],"replies":[{"embeddable":true,"href":"https:\/\/comprardevoluciones.com\/it\/wp-json\/wp\/v2\/comments?post=37175"}],"version-history":[{"count":0,"href":"https:\/\/comprardevoluciones.com\/it\/wp-json\/wp\/v2\/pages\/37175\/revisions"}],"wp:attachment":[{"href":"https:\/\/comprardevoluciones.com\/it\/wp-json\/wp\/v2\/media?parent=37175"}],"curies":[{"name":"wp","href":"https:\/\/api.w.org\/{rel}","templated":true}]}}