{"id":107308,"date":"2026-02-20T11:01:29","date_gmt":"2026-02-20T10:01:29","guid":{"rendered":"https:\/\/comprardevoluciones.com\/?post_type=product&#038;p=107308"},"modified":"2026-02-20T11:01:21","modified_gmt":"2026-02-20T10:01:21","slug":"sp550407410","status":"publish","type":"product","link":"https:\/\/comprardevoluciones.com\/it\/producto\/sp550407410\/","title":{"rendered":"Caja de Hogar [38 productos] (sp550407410)"},"content":{"rendered":"<p>Descripci\u00f3n y valor aproximados<\/p>\n<table>\n<tbody>\n<tr>\n<td><strong>FUENTE<\/strong><\/td>\n<td><strong>PRODUCTO<\/strong><\/td>\n<td><strong>VALOR (\u20ac)<\/strong><\/td>\n<td><strong>PAGAS (\u20ac)<\/strong><\/td>\n<\/tr>\n<tr>\n<td>AMAZON<\/td>\n<td><a class=\"ljoptimizer\" href=\"https:\/\/www.amazon.es\/dp\/B0CXTCXH9G?tag=amazon087683-21&amp;th=1\" target=\"_blank\" rel=\"nofollow noopener\">Comely Lamparas de Techo, Modernas Plafon LED 60W 6750LM, Dise\u00f1o Forma de Flor Lampara de Techo Para Dormitorio Salon Comedor Ba\u00f1o Cocina Pasillo, Luz Blanca C\u00e1lida 3000K, Di\u00e1metro 60cm, Blanco<\/a><\/td>\n<td>50 \u20ac<\/td>\n<td>10 \u20ac<\/td>\n<\/tr>\n<tr>\n<td>AMAZON<\/td>\n<td><a class=\"ljoptimizer\" href=\"https:\/\/www.amazon.es\/dp\/B07XVJYTJG?tag=amazon087683-21&amp;th=1\" target=\"_blank\" rel=\"nofollow noopener\">Arduino MKR WAN 1310 [ABX00029] &#8211; Placa de desarrollo con LoRa, ideal para proyectos IoT de largo alcance, automatizaci\u00f3n y aplicaciones conectadas con microcontrolador ARM Cortex-M0+ y Arduino IDE.<\/a><\/td>\n<td>48 \u20ac<\/td>\n<td>10 \u20ac<\/td>\n<\/tr>\n<tr>\n<td>AMAZON<\/td>\n<td><a class=\"ljoptimizer\" href=\"https:\/\/www.amazon.es\/dp\/B0CGV6FM76?tag=amazon087683-21&amp;th=1\" target=\"_blank\" rel=\"nofollow noopener\">BRITA ON TAP V incl. 1 x filtro de agua para grifo V (4 meses) &#8211; reduce cloro, PFAS, peque\u00f1as part\u00edculas y metales &#8211; El embalaje puede variar<\/a><\/td>\n<td>45 \u20ac<\/td>\n<td>9 \u20ac<\/td>\n<\/tr>\n<tr>\n<td>AMAZON<\/td>\n<td><a class=\"ljoptimizer\" href=\"https:\/\/www.amazon.es\/dp\/B0C7CVVQ1P?tag=amazon087683-21&amp;th=1\" target=\"_blank\" rel=\"nofollow noopener\">BRITA ON TAP V Sistema de filtro de agua, incluye 1 cartucho: agua sostenible y de buen sabor directo del grifo, reduce micropart\u00edculas, PFAS, metales y sustancias que afectan el sabor.<\/a><\/td>\n<td>35 \u20ac<\/td>\n<td>7 \u20ac<\/td>\n<\/tr>\n<tr>\n<td>AMAZON<\/td>\n<td><a class=\"ljoptimizer\" href=\"https:\/\/www.amazon.es\/dp\/B08NPBZCC3?tag=amazon087683-21&amp;th=1\" target=\"_blank\" rel=\"nofollow noopener\">Relaxdays Abocardador para Tubos de 5-16 mm, con Cortatubos y Malet\u00edn, Tuber\u00edas de Cobre y Aluminio, Pateado\/Negro\/Rojo<\/a><\/td>\n<td>33 \u20ac<\/td>\n<td>7 \u20ac<\/td>\n<\/tr>\n<tr>\n<td>AMAZON<\/td>\n<td><a class=\"ljoptimizer\" href=\"https:\/\/www.amazon.es\/dp\/B07DNPLKBF?tag=amazon087683-21&amp;th=1\" target=\"_blank\" rel=\"nofollow noopener\">KPCB Mini M\u00e1quina de Coser con Kit de Costura y Gran Mesa de Costura, F\u00e1cil de Usar y Pr\u00e1ctica (Instrucci\u00f3n en Espa\u00f1ol)<\/a><\/td>\n<td>33 \u20ac<\/td>\n<td>7 \u20ac<\/td>\n<\/tr>\n<tr>\n<td>AMAZON<\/td>\n<td><a class=\"ljoptimizer\" href=\"https:\/\/www.amazon.es\/dp\/B00C3BNL00?tag=amazon087683-21&amp;th=1\" target=\"_blank\" rel=\"nofollow noopener\">BWT &#8211; Pack 6 Filtros con magnesio &#8211; Formula Antigua<\/a><\/td>\n<td>32 \u20ac<\/td>\n<td>6 \u20ac<\/td>\n<\/tr>\n<tr>\n<td>AMAZON<\/td>\n<td><a class=\"ljoptimizer\" href=\"https:\/\/www.amazon.es\/dp\/B0B7H8WS3Q?tag=amazon087683-21&amp;th=1\" target=\"_blank\" rel=\"nofollow noopener\">Letrero de ne\u00f3n con m\u00fasica en vivo, letras LED, Luz para barra de cerveza, decoraci\u00f3n de pared del dormitorio y fiesta (rosa azul) &#8211; Acr\u00edlico<\/a><\/td>\n<td>31 \u20ac<\/td>\n<td>6 \u20ac<\/td>\n<\/tr>\n<tr>\n<td>AMAZON<\/td>\n<td><a class=\"ljoptimizer\" href=\"https:\/\/www.amazon.es\/dp\/B00C6UVT7U?tag=amazon087683-21&amp;th=1\" target=\"_blank\" rel=\"nofollow noopener\">Rubie&#8217;S &#8211; Disfraz de superh\u00e9roe Oficial de Rubie s DC Comic Robin Teen Titans para Mujer, Talla L, seg\u00fan se Indica, L UK Halloween Halloween<\/a><\/td>\n<td>29 \u20ac<\/td>\n<td>6 \u20ac<\/td>\n<\/tr>\n<tr>\n<td>AMAZON<\/td>\n<td><a class=\"ljoptimizer\" href=\"https:\/\/www.amazon.es\/dp\/B008PFD6K8?tag=amazon087683-21&amp;th=1\" target=\"_blank\" rel=\"nofollow noopener\">KUHN RIKON, Pelador de tomate en sierra Swiss Cruz, Acero inoxidable<\/a><\/td>\n<td>27 \u20ac<\/td>\n<td>5 \u20ac<\/td>\n<\/tr>\n<tr>\n<td>AMAZON<\/td>\n<td><a class=\"ljoptimizer\" href=\"https:\/\/www.amazon.es\/dp\/B09R51N64C?tag=amazon087683-21&amp;th=1\" target=\"_blank\" rel=\"nofollow noopener\">furn. Colony Palm &#8211; Juego de Funda de edred\u00f3n, Color Rosa, tama\u00f1o King<\/a><\/td>\n<td>27 \u20ac<\/td>\n<td>5 \u20ac<\/td>\n<\/tr>\n<tr>\n<td>AMAZON<\/td>\n<td><a class=\"ljoptimizer\" href=\"https:\/\/www.amazon.es\/dp\/B00C6UVZ5Q?tag=amazon087683-21&amp;th=1\" target=\"_blank\" rel=\"nofollow noopener\">Rubie&#8217;S &#8211; Disfraz Oficial de Rubie s DC Comic Robin Teen Titans para Perro, Regalo de superh\u00e9roe, Talla XL, Multicolor, XL, Halloween del Reino Unido<\/a><\/td>\n<td>26 \u20ac<\/td>\n<td>5 \u20ac<\/td>\n<\/tr>\n<tr>\n<td>AMAZON<\/td>\n<td><a class=\"ljoptimizer\" href=\"https:\/\/www.amazon.es\/dp\/B0CJYCT35M?tag=amazon087683-21&amp;th=1\" target=\"_blank\" rel=\"nofollow noopener\">Zassenhaus WESTERLAND Deep Forest &#8211; Molinillo de pimienta (madera de haya lacada, con mecanismo de molienda de cer\u00e1mica de alto rendimiento, 12 cm, di\u00e1metro de 5,4 cm)<\/a><\/td>\n<td>26 \u20ac<\/td>\n<td>5 \u20ac<\/td>\n<\/tr>\n<tr>\n<td>AMAZON<\/td>\n<td><a class=\"ljoptimizer\" href=\"https:\/\/www.amazon.es\/dp\/B08FC41YSH?tag=amazon087683-21&amp;th=1\" target=\"_blank\" rel=\"nofollow noopener\">Filtro Philips Water Ontap AWP3703\/10 MICROFILTRACI\u00d3N, capacidad de filtraci\u00f3n 1000 L<\/a><\/td>\n<td>26 \u20ac<\/td>\n<td>5 \u20ac<\/td>\n<\/tr>\n<tr>\n<td>AMAZON<\/td>\n<td><a class=\"ljoptimizer\" href=\"https:\/\/www.amazon.es\/dp\/B085Y2YKW2?tag=amazon087683-21&amp;th=1\" target=\"_blank\" rel=\"nofollow noopener\">Cartucho de filtro de agua para ducha Philips, elimina el cloro y las impurezas, capacidad de filtrado: 50.000 L<\/a><\/td>\n<td>25 \u20ac<\/td>\n<td>5 \u20ac<\/td>\n<\/tr>\n<tr>\n<td>AMAZON<\/td>\n<td><a class=\"ljoptimizer\" href=\"https:\/\/www.amazon.es\/dp\/B07B55V4DG?tag=amazon087683-21&amp;th=1\" target=\"_blank\" rel=\"nofollow noopener\">IDesign 44252EU Cubo de basura peque\u00f1o con pedal de pl\u00e1stico y metal, cubo de basura con tapa y pedal para cocina y ba\u00f1o, blanco, 14,10 x 30,10 x 27,50 cm<\/a><\/td>\n<td>23 \u20ac<\/td>\n<td>5 \u20ac<\/td>\n<\/tr>\n<tr>\n<td>AMAZON<\/td>\n<td><a class=\"ljoptimizer\" href=\"https:\/\/www.amazon.es\/dp\/B083GCMQ45?tag=amazon087683-21&amp;th=1\" target=\"_blank\" rel=\"nofollow noopener\">KitchenCraft B\u00e1scula Digital de Cocina Doble Plataforma, Taylor Pro Est\u00e1ndar Profesional, Precisi\u00f3n y Funci\u00f3n de Tara, Acero Inoxidable Cepillado, Capacidad 5kg Negro\/Plateado<\/a><\/td>\n<td>22 \u20ac<\/td>\n<td>4 \u20ac<\/td>\n<\/tr>\n<tr>\n<td>AMAZON<\/td>\n<td><a class=\"ljoptimizer\" href=\"https:\/\/www.amazon.es\/dp\/B0CPSGL1C4?tag=amazon087683-21&amp;th=1\" target=\"_blank\" rel=\"nofollow noopener\">Repuesto de Accesorios Kit para Xiaomi Roborock S7 MaxV Ultra S7 Pro Ultra Aspiradora, 6 Bolsas de Polvo, 2 Cepillos Principales, 6 Cepillos Laterales, 4 Hepa-Filtros, 4 Pa\u00f1os<\/a><\/td>\n<td>21 \u20ac<\/td>\n<td>4 \u20ac<\/td>\n<\/tr>\n<tr>\n<td>AMAZON<\/td>\n<td><a class=\"ljoptimizer\" href=\"https:\/\/www.amazon.es\/dp\/B00101GDIG?tag=amazon087683-21&amp;th=1\" target=\"_blank\" rel=\"nofollow noopener\">EXO TERRA Bombilla Bajo Consumo UVB 150 Compacto Repti, 25 W (10.0), 1 Unidad (Paquete de 1)<\/a><\/td>\n<td>21 \u20ac<\/td>\n<td>4 \u20ac<\/td>\n<\/tr>\n<tr>\n<td>AMAZON<\/td>\n<td><a class=\"ljoptimizer\" href=\"https:\/\/www.amazon.es\/dp\/B00101GDIG?tag=amazon087683-21&amp;th=1\" target=\"_blank\" rel=\"nofollow noopener\">EXO TERRA Bombilla Bajo Consumo UVB 150 Compacto Repti, 25 W (10.0), 1 Unidad (Paquete de 1)<\/a><\/td>\n<td>21 \u20ac<\/td>\n<td>4 \u20ac<\/td>\n<\/tr>\n<tr>\n<td>AMAZON<\/td>\n<td><a class=\"ljoptimizer\" href=\"https:\/\/www.amazon.es\/dp\/B07PBNX7J5?tag=amazon087683-21&amp;th=1\" target=\"_blank\" rel=\"nofollow noopener\">BONNYCO Luz Nocturna Infantil Ping\u00fcino con Control Remoto y T\u00e1ctil 16 Colores Luz Bebe Nocturna con Temporizador | Lampara Quitamiedos Infantil Silicona 100% Segura, Regalos para Ni\u00f1os Ni\u00f1as<\/a><\/td>\n<td>20 \u20ac<\/td>\n<td>4 \u20ac<\/td>\n<\/tr>\n<tr>\n<td>AMAZON<\/td>\n<td><a class=\"ljoptimizer\" href=\"https:\/\/www.amazon.es\/dp\/B07YGZYLG8?tag=amazon087683-21&amp;th=1\" target=\"_blank\" rel=\"nofollow noopener\">Joseph Joseph Multi-Grip, Mandolina de cocina, Cortador de verduras manual ajustable con agarre de precisi\u00f3n y tres grosores de corte, Verde<\/a><\/td>\n<td>20 \u20ac<\/td>\n<td>4 \u20ac<\/td>\n<\/tr>\n<tr>\n<td>AMAZON<\/td>\n<td><a class=\"ljoptimizer\" href=\"https:\/\/www.amazon.es\/dp\/B001AC5DUO?tag=amazon087683-21&amp;th=1\" target=\"_blank\" rel=\"nofollow noopener\">L\u00e9ku\u00e9 Estuche de vapor, Sin bandeja, silicona platino Rojo, 1-2 personas, 650 ml<\/a><\/td>\n<td>20 \u20ac<\/td>\n<td>4 \u20ac<\/td>\n<\/tr>\n<tr>\n<td>AMAZON<\/td>\n<td><a class=\"ljoptimizer\" href=\"https:\/\/www.amazon.es\/dp\/B09G75RV6M?tag=amazon087683-21&amp;th=1\" target=\"_blank\" rel=\"nofollow noopener\">Edipets, Correa Perro Extensible, Retr\u00e1ctil, 5 Metros, Incluye Dispensador de Bolsas, Cinta Flexible para Adiestramiento y Paseo, para Perros Peque\u00f1os, Medianos y Grandes (Rosa, 5 Metros)<\/a><\/td>\n<td>19 \u20ac<\/td>\n<td>4 \u20ac<\/td>\n<\/tr>\n<tr>\n<td>AMAZON<\/td>\n<td><a class=\"ljoptimizer\" href=\"https:\/\/www.amazon.es\/dp\/B099WLGX5Q?tag=amazon087683-21&amp;th=1\" target=\"_blank\" rel=\"nofollow noopener\">Navaris Reloj de mesa anal\u00f3gico &#8211; Reloj cl\u00e1sico de madera silencioso &#8211; Decorativo para sobremesa mesilla de noche sal\u00f3n &#8211; Marr\u00f3n oscuro y blanco<\/a><\/td>\n<td>18 \u20ac<\/td>\n<td>4 \u20ac<\/td>\n<\/tr>\n<tr>\n<td>AMAZON<\/td>\n<td><a class=\"ljoptimizer\" href=\"https:\/\/www.amazon.es\/dp\/B0BMFXLKVW?tag=amazon087683-21&amp;th=1\" target=\"_blank\" rel=\"nofollow noopener\">Fundas para sillas 6 Piezas Fundas de Sillas de Comedor El\u00e1stico Jacquard Cubiertas de Silla Funda de Silla el\u00e1stica Fundas Sillas para Decoraci\u00f3n de Fiesta (Vis\u00f3n, 6 Piezas)-M<\/a><\/td>\n<td>17 \u20ac<\/td>\n<td>3 \u20ac<\/td>\n<\/tr>\n<tr>\n<td>AMAZON<\/td>\n<td><a class=\"ljoptimizer\" href=\"https:\/\/www.amazon.es\/dp\/B09G723G6Z?tag=amazon087683-21&amp;th=1\" target=\"_blank\" rel=\"nofollow noopener\">Edipets, Correa Perro Extensible, Retr\u00e1ctil, 5 y 8 Metros, Cinta Flexible para Adiestramiento y Paseo, para Perros Peque\u00f1os, Medianos y Grandes (Rojo, 5 Metros)<\/a><\/td>\n<td>17 \u20ac<\/td>\n<td>3 \u20ac<\/td>\n<\/tr>\n<tr>\n<td>AMAZON<\/td>\n<td><a class=\"ljoptimizer\" href=\"https:\/\/www.amazon.es\/dp\/B01N05OZ0M?tag=amazon087683-21&amp;th=1\" target=\"_blank\" rel=\"nofollow noopener\">lionto Cama para Perros con coj\u00edn Reversible y Base Antideslizante, coj\u00edn para Mascotas con Entrada Baja para Perros y Gatos, 50&#215;37 cm, coj\u00edn para Perros Acogedor, marr\u00f3n\/Beige<\/a><\/td>\n<td>17 \u20ac<\/td>\n<td>3 \u20ac<\/td>\n<\/tr>\n<tr>\n<td>AMAZON<\/td>\n<td><a class=\"ljoptimizer\" href=\"https:\/\/www.amazon.es\/dp\/B00B81RHGK?tag=amazon087683-21&amp;th=1\" target=\"_blank\" rel=\"nofollow noopener\">Vileda Funda para Tabla de Planchar 172217 Premium 2 en 1, se Adapta a Tablas de 110, 130 x 30 y 45 cm<\/a><\/td>\n<td>17 \u20ac<\/td>\n<td>3 \u20ac<\/td>\n<\/tr>\n<tr>\n<td>AMAZON<\/td>\n<td><a class=\"ljoptimizer\" href=\"https:\/\/www.amazon.es\/dp\/B00B81RHGK?tag=amazon087683-21&amp;th=1\" target=\"_blank\" rel=\"nofollow noopener\">Vileda Funda para Tabla de Planchar 172217 Premium 2 en 1, se Adapta a Tablas de 110, 130 x 30 y 45 cm<\/a><\/td>\n<td>17 \u20ac<\/td>\n<td>3 \u20ac<\/td>\n<\/tr>\n<tr>\n<td>AMAZON<\/td>\n<td><a class=\"ljoptimizer\" href=\"https:\/\/www.amazon.es\/dp\/B0DBD7L996?tag=amazon087683-21&amp;th=1\" target=\"_blank\" rel=\"nofollow noopener\">Dixmas Velas de Navidad LED 20 unidades con mando a distancia y pilas, velas LED con funci\u00f3n de temporizador, sin llama, velas inal\u00e1mbricas<\/a><\/td>\n<td>16 \u20ac<\/td>\n<td>3 \u20ac<\/td>\n<\/tr>\n<tr>\n<td>AMAZON<\/td>\n<td><a class=\"ljoptimizer\" href=\"https:\/\/www.amazon.es\/dp\/B0CG96W1JF?tag=amazon087683-21&amp;th=1\" target=\"_blank\" rel=\"nofollow noopener\">Album fotos perros &#8211; Album de fotos 13x20cm (Photo album) Album fotos bolsillos: 304 | Albumes de fotos Tapa dura (22&#215;28,3 cm)<\/a><\/td>\n<td>16 \u20ac<\/td>\n<td>3 \u20ac<\/td>\n<\/tr>\n<tr>\n<td>AMAZON<\/td>\n<td><a class=\"ljoptimizer\" href=\"https:\/\/www.amazon.es\/dp\/B003XLJDCE?tag=amazon087683-21&amp;th=1\" target=\"_blank\" rel=\"nofollow noopener\">Mikki Bota Protectora para Perros y Cachorros, Ayuda a Mantener Las Patas lesionadas secas y limpias, Talla 3<\/a><\/td>\n<td>15 \u20ac<\/td>\n<td>3 \u20ac<\/td>\n<\/tr>\n<tr>\n<td>AMAZON<\/td>\n<td><a class=\"ljoptimizer\" href=\"https:\/\/www.amazon.es\/dp\/B008KO2E98?tag=amazon087683-21&amp;th=1\" target=\"_blank\" rel=\"nofollow noopener\">Monix Vitro Noir Cafetera Italiana 9 Tazas Negra<\/a><\/td>\n<td>12 \u20ac<\/td>\n<td>2 \u20ac<\/td>\n<\/tr>\n<tr>\n<td>AMAZON<\/td>\n<td><a class=\"ljoptimizer\" href=\"https:\/\/www.amazon.es\/dp\/B0DCBY1TB2?tag=amazon087683-21&amp;th=1\" target=\"_blank\" rel=\"nofollow noopener\">GIFTMARKET \u2013 Reloj Despertador anal\u00f3gico silencioso. Despertador de mesilla Verde. Reloj Despertador de Doble Campana con luz Nocturna. Sin Tic-TAC. 11,7 cm x 16 cm<\/a><\/td>\n<td>12 \u20ac<\/td>\n<td>2 \u20ac<\/td>\n<\/tr>\n<tr>\n<td>AMAZON<\/td>\n<td><a class=\"ljoptimizer\" href=\"https:\/\/www.amazon.es\/dp\/B008KO2DH6?tag=amazon087683-21&amp;th=1\" target=\"_blank\" rel=\"nofollow noopener\">Monix M620009 Vitro Express | Cafetera de Aluminio 9 Tazas, Apta para Todo Tipo de cocinas Excepto inducci\u00f3n, 1000 W, 9 Cups, Plata<\/a><\/td>\n<td>11 \u20ac<\/td>\n<td>2 \u20ac<\/td>\n<\/tr>\n<tr>\n<td>AMAZON<\/td>\n<td><a class=\"ljoptimizer\" href=\"https:\/\/www.amazon.es\/dp\/B0CJRNLC68?tag=amazon087683-21&amp;th=1\" target=\"_blank\" rel=\"nofollow noopener\">JPstraps \u2013 Guata Acolchado por Metros (160cm Ancho, 50 gr\/m\u00b2) &#8211; Napa de Microfibra 100% Poli\u00e9ster para Tapicer\u00eda, Prendas, Cojines y Edredones (Blanco 50 gr\/m\u00b2, 200cm x 160cm)<\/a><\/td>\n<td>8 \u20ac<\/td>\n<td>2 \u20ac<\/td>\n<\/tr>\n<tr>\n<td>AMAZON<\/td>\n<td><a class=\"ljoptimizer\" href=\"https:\/\/www.amazon.es\/dp\/B09N1Q3MBC?tag=amazon087683-21&amp;th=1\" target=\"_blank\" rel=\"nofollow noopener\">Huayao Cool Brand &#8211; Paquete de 50 calcoman\u00edas para laptop, computadora, monopat\u00edn, botellas de agua, coche, adolescentes<\/a><\/td>\n<td>7 \u20ac<\/td>\n<td>1 \u20ac<\/td>\n<\/tr>\n<\/tbody>\n<\/table>\n","protected":false},"excerpt":{"rendered":"<p>Caja de Hogar sin revisar procedente de Amazon Devoluciones<\/p>\n<ul>\n<li>N\u00famero de productos: 38<\/li>\n<li>Valor aproximado: 880.00<\/li>\n<li>Porcentaje que se paga: 16% + IVA<\/li>\n<li>Tiempo de entrega estimado: 3 a 7 d\u00edas<\/li>\n<\/ul>\n<p>*Los precios incluyen IVA<\/p>\n","protected":false},"featured_media":106938,"template":"","meta":{"site-sidebar-layout":"default","site-content-layout":"","ast-site-content-layout":"default","site-content-style":"default","site-sidebar-style":"default","ast-global-header-display":"","ast-banner-title-visibility":"","ast-main-header-display":"","ast-hfb-above-header-display":"","ast-hfb-below-header-display":"","ast-hfb-mobile-header-display":"","site-post-title":"","ast-breadcrumbs-content":"","ast-featured-img":"","footer-sml-layout":"","ast-disable-related-posts":"","theme-transparent-header-meta":"default","adv-header-id-meta":"","stick-header-meta":"","header-above-stick-meta":"","header-main-stick-meta":"","header-below-stick-meta":"","astra-migrate-meta-layouts":"set","ast-page-background-enabled":"default","ast-page-background-meta":{"desktop":{"background-color":"var(--ast-global-color-4)","background-image":"","background-repeat":"repeat","background-position":"center center","background-size":"auto","background-attachment":"scroll","background-type":"","background-media":"","overlay-type":"","overlay-color":"","overlay-opacity":"","overlay-gradient":""},"tablet":{"background-color":"","background-image":"","background-repeat":"repeat","background-position":"center center","background-size":"auto","background-attachment":"scroll","background-type":"","background-media":"","overlay-type":"","overlay-color":"","overlay-opacity":"","overlay-gradient":""},"mobile":{"background-color":"","background-image":"","background-repeat":"repeat","background-position":"center center","background-size":"auto","background-attachment":"scroll","background-type":"","background-media":"","overlay-type":"","overlay-color":"","overlay-opacity":"","overlay-gradient":""}},"ast-content-background-meta":{"desktop":{"background-color":"var(--ast-global-color-5)","background-image":"","background-repeat":"repeat","background-position":"center center","background-size":"auto","background-attachment":"scroll","background-type":"","background-media":"","overlay-type":"","overlay-color":"","overlay-opacity":"","overlay-gradient":""},"tablet":{"background-color":"var(--ast-global-color-5)","background-image":"","background-repeat":"repeat","background-position":"center center","background-size":"auto","background-attachment":"scroll","background-type":"","background-media":"","overlay-type":"","overlay-color":"","overlay-opacity":"","overlay-gradient":""},"mobile":{"background-color":"var(--ast-global-color-5)","background-image":"","background-repeat":"repeat","background-position":"center center","background-size":"auto","background-attachment":"scroll","background-type":"","background-media":"","overlay-type":"","overlay-color":"","overlay-opacity":"","overlay-gradient":""}}},"product_brand":[],"product_cat":[49,43],"product_tag":[],"class_list":{"0":"post-107308","1":"product","2":"type-product","3":"status-publish","4":"has-post-thumbnail","6":"product_cat-cajas","7":"product_cat-hogar","8":"desktop-align-left","9":"tablet-align-left","10":"mobile-align-left","12":"first","13":"instock","14":"sale","15":"downloadable","16":"taxable","17":"shipping-taxable","18":"purchasable","19":"product-type-simple"},"yoast_head":"<!-- This site is optimized with the Yoast SEO plugin v27.2 - https:\/\/yoast.com\/product\/yoast-seo-wordpress\/ -->\n<title>Caja de Hogar [38 productos] (sp550407410) - Comprardevoluciones - Tu tienda de Devoluciones de Amazon<\/title>\n<meta name=\"robots\" content=\"noindex, follow\" \/>\n<meta property=\"og:locale\" content=\"it_IT\" \/>\n<meta property=\"og:type\" content=\"article\" \/>\n<meta property=\"og:title\" content=\"Caja de Hogar [38 productos] (sp550407410) - Comprardevoluciones - Tu tienda de Devoluciones de Amazon\" \/>\n<meta property=\"og:description\" content=\"Caja de Hogar sin revisar procedente de Amazon Devoluciones   N\u00famero de productos: 38  Valor aproximado: 880.00  Porcentaje que se paga: 16% + IVA  Tiempo de entrega estimado: 3 a 7 d\u00edas  *Los precios incluyen IVA\" \/>\n<meta property=\"og:url\" content=\"https:\/\/comprardevoluciones.com\/producto\/sp550407410\/\" \/>\n<meta property=\"og:site_name\" content=\"Comprardevoluciones - Tu tienda de Devoluciones de Amazon\" \/>\n<meta property=\"og:image\" content=\"https:\/\/comprardevoluciones.com\/wp-content\/uploads\/2025\/04\/sp550407410.jpg\" \/>\n\t<meta property=\"og:image:width\" content=\"700\" \/>\n\t<meta property=\"og:image:height\" content=\"700\" \/>\n\t<meta property=\"og:image:type\" content=\"image\/jpeg\" \/>\n<meta name=\"twitter:card\" content=\"summary_large_image\" \/>\n<meta name=\"twitter:label1\" content=\"Tempo di lettura stimato\" \/>\n\t<meta name=\"twitter:data1\" content=\"5 minuti\" \/>\n<script type=\"application\/ld+json\" class=\"yoast-schema-graph\">{\"@context\":\"https:\/\/schema.org\",\"@graph\":[{\"@type\":\"WebPage\",\"@id\":\"https:\/\/comprardevoluciones.com\/producto\/sp550407410\/\",\"url\":\"https:\/\/comprardevoluciones.com\/producto\/sp550407410\/\",\"name\":\"Caja de Hogar [38 productos] (sp550407410) - Comprardevoluciones - Tu tienda de Devoluciones de Amazon\",\"isPartOf\":{\"@id\":\"https:\/\/comprardevoluciones.com\/#website\"},\"primaryImageOfPage\":{\"@id\":\"https:\/\/comprardevoluciones.com\/producto\/sp550407410\/#primaryimage\"},\"image\":{\"@id\":\"https:\/\/comprardevoluciones.com\/producto\/sp550407410\/#primaryimage\"},\"thumbnailUrl\":\"https:\/\/comprardevoluciones.com\/wp-content\/uploads\/2025\/04\/sp550407410.jpg\",\"datePublished\":\"2026-02-20T10:01:29+00:00\",\"breadcrumb\":{\"@id\":\"https:\/\/comprardevoluciones.com\/producto\/sp550407410\/#breadcrumb\"},\"inLanguage\":\"it-IT\",\"potentialAction\":[{\"@type\":\"ReadAction\",\"target\":[\"https:\/\/comprardevoluciones.com\/producto\/sp550407410\/\"]}]},{\"@type\":\"ImageObject\",\"inLanguage\":\"it-IT\",\"@id\":\"https:\/\/comprardevoluciones.com\/producto\/sp550407410\/#primaryimage\",\"url\":\"https:\/\/comprardevoluciones.com\/wp-content\/uploads\/2025\/04\/sp550407410.jpg\",\"contentUrl\":\"https:\/\/comprardevoluciones.com\/wp-content\/uploads\/2025\/04\/sp550407410.jpg\",\"width\":700,\"height\":700},{\"@type\":\"BreadcrumbList\",\"@id\":\"https:\/\/comprardevoluciones.com\/producto\/sp550407410\/#breadcrumb\",\"itemListElement\":[{\"@type\":\"ListItem\",\"position\":1,\"name\":\"Portada\",\"item\":\"https:\/\/comprardevoluciones.com\/it\/\"},{\"@type\":\"ListItem\",\"position\":2,\"name\":\"Negozio\",\"item\":\"https:\/\/comprardevoluciones.com\/it\/negozio\/\"},{\"@type\":\"ListItem\",\"position\":3,\"name\":\"Caja de Hogar [38 productos] (sp550407410)\"}]},{\"@type\":\"WebSite\",\"@id\":\"https:\/\/comprardevoluciones.com\/#website\",\"url\":\"https:\/\/comprardevoluciones.com\/\",\"name\":\"Comprardevoluciones - Tu tienda de Devoluciones de Amazon\",\"description\":\"Consigue Stock en buen estado a un precio imbatible\",\"potentialAction\":[{\"@type\":\"SearchAction\",\"target\":{\"@type\":\"EntryPoint\",\"urlTemplate\":\"https:\/\/comprardevoluciones.com\/?s={search_term_string}\"},\"query-input\":{\"@type\":\"PropertyValueSpecification\",\"valueRequired\":true,\"valueName\":\"search_term_string\"}}],\"inLanguage\":\"it-IT\"}]}<\/script>\n<!-- \/ Yoast SEO plugin. -->","yoast_head_json":{"title":"Caja de Hogar [38 productos] (sp550407410) - Comprardevoluciones - Tu tienda de Devoluciones de Amazon","robots":{"index":"noindex","follow":"follow"},"og_locale":"it_IT","og_type":"article","og_title":"Caja de Hogar [38 productos] (sp550407410) - Comprardevoluciones - Tu tienda de Devoluciones de Amazon","og_description":"Caja de Hogar sin revisar procedente de Amazon Devoluciones   N\u00famero de productos: 38  Valor aproximado: 880.00  Porcentaje que se paga: 16% + IVA  Tiempo de entrega estimado: 3 a 7 d\u00edas  *Los precios incluyen IVA","og_url":"https:\/\/comprardevoluciones.com\/producto\/sp550407410\/","og_site_name":"Comprardevoluciones - Tu tienda de Devoluciones de Amazon","og_image":[{"width":700,"height":700,"url":"https:\/\/comprardevoluciones.com\/wp-content\/uploads\/2025\/04\/sp550407410.jpg","type":"image\/jpeg"}],"twitter_card":"summary_large_image","twitter_misc":{"Tempo di lettura stimato":"5 minuti"},"schema":{"@context":"https:\/\/schema.org","@graph":[{"@type":"WebPage","@id":"https:\/\/comprardevoluciones.com\/producto\/sp550407410\/","url":"https:\/\/comprardevoluciones.com\/producto\/sp550407410\/","name":"Caja de Hogar [38 productos] (sp550407410) - Comprardevoluciones - Tu tienda de Devoluciones de Amazon","isPartOf":{"@id":"https:\/\/comprardevoluciones.com\/#website"},"primaryImageOfPage":{"@id":"https:\/\/comprardevoluciones.com\/producto\/sp550407410\/#primaryimage"},"image":{"@id":"https:\/\/comprardevoluciones.com\/producto\/sp550407410\/#primaryimage"},"thumbnailUrl":"https:\/\/comprardevoluciones.com\/wp-content\/uploads\/2025\/04\/sp550407410.jpg","datePublished":"2026-02-20T10:01:29+00:00","breadcrumb":{"@id":"https:\/\/comprardevoluciones.com\/producto\/sp550407410\/#breadcrumb"},"inLanguage":"it-IT","potentialAction":[{"@type":"ReadAction","target":["https:\/\/comprardevoluciones.com\/producto\/sp550407410\/"]}]},{"@type":"ImageObject","inLanguage":"it-IT","@id":"https:\/\/comprardevoluciones.com\/producto\/sp550407410\/#primaryimage","url":"https:\/\/comprardevoluciones.com\/wp-content\/uploads\/2025\/04\/sp550407410.jpg","contentUrl":"https:\/\/comprardevoluciones.com\/wp-content\/uploads\/2025\/04\/sp550407410.jpg","width":700,"height":700},{"@type":"BreadcrumbList","@id":"https:\/\/comprardevoluciones.com\/producto\/sp550407410\/#breadcrumb","itemListElement":[{"@type":"ListItem","position":1,"name":"Portada","item":"https:\/\/comprardevoluciones.com\/it\/"},{"@type":"ListItem","position":2,"name":"Negozio","item":"https:\/\/comprardevoluciones.com\/it\/negozio\/"},{"@type":"ListItem","position":3,"name":"Caja de Hogar [38 productos] (sp550407410)"}]},{"@type":"WebSite","@id":"https:\/\/comprardevoluciones.com\/#website","url":"https:\/\/comprardevoluciones.com\/","name":"Comprardevoluciones - Tu tienda de Devoluciones de Amazon","description":"Consigue Stock en buen estado a un precio imbatible","potentialAction":[{"@type":"SearchAction","target":{"@type":"EntryPoint","urlTemplate":"https:\/\/comprardevoluciones.com\/?s={search_term_string}"},"query-input":{"@type":"PropertyValueSpecification","valueRequired":true,"valueName":"search_term_string"}}],"inLanguage":"it-IT"}]}},"_links":{"self":[{"href":"https:\/\/comprardevoluciones.com\/it\/wp-json\/wp\/v2\/product\/107308","targetHints":{"allow":["GET"]}}],"collection":[{"href":"https:\/\/comprardevoluciones.com\/it\/wp-json\/wp\/v2\/product"}],"about":[{"href":"https:\/\/comprardevoluciones.com\/it\/wp-json\/wp\/v2\/types\/product"}],"wp:featuredmedia":[{"embeddable":true,"href":"https:\/\/comprardevoluciones.com\/it\/wp-json\/wp\/v2\/media\/106938"}],"wp:attachment":[{"href":"https:\/\/comprardevoluciones.com\/it\/wp-json\/wp\/v2\/media?parent=107308"}],"wp:term":[{"taxonomy":"product_brand","embeddable":true,"href":"https:\/\/comprardevoluciones.com\/it\/wp-json\/wp\/v2\/product_brand?post=107308"},{"taxonomy":"product_cat","embeddable":true,"href":"https:\/\/comprardevoluciones.com\/it\/wp-json\/wp\/v2\/product_cat?post=107308"},{"taxonomy":"product_tag","embeddable":true,"href":"https:\/\/comprardevoluciones.com\/it\/wp-json\/wp\/v2\/product_tag?post=107308"}],"curies":[{"name":"wp","href":"https:\/\/api.w.org\/{rel}","templated":true}]}}