{"id":154541,"date":"2026-01-13T14:00:44","date_gmt":"2026-01-13T13:00:44","guid":{"rendered":"https:\/\/comprardevoluciones.com\/?post_type=product&#038;p=154541"},"modified":"2026-02-25T19:48:29","modified_gmt":"2026-02-25T18:48:29","slug":"10220038","status":"publish","type":"product","link":"https:\/\/comprardevoluciones.com\/it\/producto\/10220038\/","title":{"rendered":"Pal\u00e9 de Mascota [17 productos] (10220038)"},"content":{"rendered":"<p>Descripci\u00f3n y valor aproximados<\/p>\n<table>\n<tbody>\n<tr>\n<td><strong>FUENTE<\/strong><\/td>\n<td><strong>PRODUCTO<\/strong><\/td>\n<td><strong>VALOR (\u20ac)<\/strong><\/td>\n<td><strong>PAGAS (\u20ac)<\/strong><\/td>\n<\/tr>\n<tr>\n<td>MARKETPLACES<\/td>\n<td><a class=\"ljoptimizer\" href=\"https:\/\/www.amazon.es\/dp\/B0BQ1GDZDT?tag=amazon087683-21&amp;th=1\" target=\"_blank\" rel=\"nofollow noopener\">Cecotec Comedero Dispensador Autom\u00e1tico para Mascotas con Control WiFi, C\u00e1mara, Grabadora de Voz Pumba 6000 Purrfect Meal Smart Vision. 6L, Control de Porciones, Alarma, Cuenco de Acero INOX<\/a><\/td>\n<td>65 \u20ac<\/td>\n<td>13 \u20ac<\/td>\n<\/tr>\n<tr>\n<td>MARKETPLACES<\/td>\n<td><a class=\"ljoptimizer\" href=\"https:\/\/www.amazon.es\/dp\/B0D2QLZ8KY?tag=amazon087683-21&amp;th=1\" target=\"_blank\" rel=\"nofollow noopener\">YSTELLAA Impermeable Funda Sofa Chaise Long 3 Plazas, Cubre Sofa Chaise Longue Izquierdo\/Derecho Universal Reversible, Anti Gato Y Perro Mascota, Protector Antimanchas Y Resistente, Azul Clearwater<\/a><\/td>\n<td>46 \u20ac<\/td>\n<td>9 \u20ac<\/td>\n<\/tr>\n<tr>\n<td>MARKETPLACES<\/td>\n<td><a class=\"ljoptimizer\" href=\"https:\/\/www.amazon.es\/dp\/B093C33MQ5?tag=amazon087683-21&amp;th=1\" target=\"_blank\" rel=\"nofollow noopener\">WMF Patrulla Canina &#8211; Vajilla para ni\u00f1os 6 piezas incluye plato, cuenco y cuberter\u00eda (tenedor, cuchillo de mesa, cuchara y cuchara peque\u00f1a) WMF Kids infantil Acero Inoxidable Cromargan<\/a><\/td>\n<td>37 \u20ac<\/td>\n<td>7 \u20ac<\/td>\n<\/tr>\n<tr>\n<td>MARKETPLACES<\/td>\n<td><a class=\"ljoptimizer\" href=\"https:\/\/www.amazon.es\/dp\/B0D1FTQ18D?tag=amazon087683-21&amp;th=1\" target=\"_blank\" rel=\"nofollow noopener\">Asiento de Coche para Perros 2 en 1, Asiento Elevador de Mascotas con Cintur\u00f3n de Seguridad Estable, Antideslizante, para Perros peque\u00f1os y medianos,Gris Azul<\/a><\/td>\n<td>30 \u20ac<\/td>\n<td>6 \u20ac<\/td>\n<\/tr>\n<tr>\n<td>MARKETPLACES<\/td>\n<td><a class=\"ljoptimizer\" href=\"https:\/\/www.amazon.es\/dp\/B0D5CP4312?tag=amazon087683-21&amp;th=1\" target=\"_blank\" rel=\"nofollow noopener\">Fuloon Fundas para Sillas, Pack de 6 Fundas Sillas Comedor Impermeable,Fundas Protectoras para Sillas Elasticas,Funda Asiento Silla Desmontables Lavables<\/a><\/td>\n<td>27 \u20ac<\/td>\n<td>5 \u20ac<\/td>\n<\/tr>\n<tr>\n<td>MARKETPLACES<\/td>\n<td><a class=\"ljoptimizer\" href=\"https:\/\/www.amazon.es\/dp\/B0B53BN8PN?tag=amazon087683-21&amp;th=1\" target=\"_blank\" rel=\"nofollow noopener\">Hppbody Coj\u00edn de Asiento con Respaldo de coccix antiescarchas ergon\u00f3micas para aliviar el Dolor de Espalda, Cojines de sillas de Oficina, Coche, coj\u00edn Asiento de Suelo (Rosa, 45 x 45 cm)<\/a><\/td>\n<td>24 \u20ac<\/td>\n<td>5 \u20ac<\/td>\n<\/tr>\n<tr>\n<td>MARKETPLACES<\/td>\n<td><a class=\"ljoptimizer\" href=\"https:\/\/www.amazon.es\/dp\/B0B67HL266?tag=amazon087683-21&amp;th=1\" target=\"_blank\" rel=\"nofollow noopener\">Catherine Lansfield Cove &#8211; Juego de Funda de edred\u00f3n Reversible con Funda de Almohada, dise\u00f1o a Rayas, Color Gris Plateado<\/a><\/td>\n<td>20 \u20ac<\/td>\n<td>4 \u20ac<\/td>\n<\/tr>\n<tr>\n<td>MARKETPLACES<\/td>\n<td><a class=\"ljoptimizer\" href=\"https:\/\/www.amazon.es\/dp\/B0FFT8PWX7?tag=amazon087683-21&amp;th=1\" target=\"_blank\" rel=\"nofollow noopener\">Grsta Termo Cafe 20oz, Vaso Termico, Taza Termica para Llevar, Cuerda Removible, Taza de Caf\u00e9 Reutilizables, Antifugas, Vaso Termico Cafe para Caf\u00e9 Fr\u00edo y Caliente, Leche y T\u00e9<\/a><\/td>\n<td>16 \u20ac<\/td>\n<td>3 \u20ac<\/td>\n<\/tr>\n<tr>\n<td>MARKETPLACES<\/td>\n<td><a class=\"ljoptimizer\" href=\"https:\/\/www.amazon.es\/dp\/B07TXZJ9M4?tag=amazon087683-21&amp;th=1\" target=\"_blank\" rel=\"nofollow noopener\">SAVEL &#8211; Funda de colch\u00f3n el\u00e1stica de algod\u00f3n 60&#215;120 cm | Cubre colch\u00f3n con Cremallera | Protector de colch\u00f3n Transpirable y Ajustable | Blanco<\/a><\/td>\n<td>16 \u20ac<\/td>\n<td>3 \u20ac<\/td>\n<\/tr>\n<tr>\n<td>MARKETPLACES<\/td>\n<td><a class=\"ljoptimizer\" href=\"https:\/\/www.amazon.es\/dp\/B08GY7286R?tag=amazon087683-21&amp;th=1\" target=\"_blank\" rel=\"nofollow noopener\">Beper P203TFO001, Borsa acqua calda elettrica, \u200eNero, 7.5 x 25 x 16 cm<\/a><\/td>\n<td>14 \u20ac<\/td>\n<td>3 \u20ac<\/td>\n<\/tr>\n<tr>\n<td>MARKETPLACES<\/td>\n<td><a class=\"ljoptimizer\" href=\"https:\/\/www.amazon.es\/dp\/B0922BJT4N?tag=amazon087683-21&amp;th=1\" target=\"_blank\" rel=\"nofollow noopener\">Funda de Silla de 6 Piezas Funda de Comedor para un Ajuste Universal \u2013 Cubierta de Elastano Fundas de Silla extra\u00edble Muy f\u00e1cil de Limpiar y Duradero-B (Paquete de 6, Crema Blanca)-B<\/a><\/td>\n<td>14 \u20ac<\/td>\n<td>3 \u20ac<\/td>\n<\/tr>\n<tr>\n<td>MARKETPLACES<\/td>\n<td><a class=\"ljoptimizer\" href=\"https:\/\/www.amazon.es\/dp\/B07DWCKHS4?tag=amazon087683-21&amp;th=1\" target=\"_blank\" rel=\"nofollow noopener\">Pawaca &#8211; Juego de pluma estilogr\u00e1fica y tinta natural hecho a mano, dise\u00f1o de plumas antiguas, juego de pluma de caligraf\u00eda con cuaderno<\/a><\/td>\n<td>12 \u20ac<\/td>\n<td>2 \u20ac<\/td>\n<\/tr>\n<tr>\n<td>MARKETPLACES<\/td>\n<td><a class=\"ljoptimizer\" href=\"https:\/\/www.amazon.es\/dp\/B09BP1KNS9?tag=amazon087683-21&amp;th=1\" target=\"_blank\" rel=\"nofollow noopener\">BEL AIR HOME &#8211; Sobremuro Exterior AMBIENTE &#8211; Bola de Policarbonato de 25 cm y Portal\u00e1mparas E-27 &#8211; Negro para Bombillas LED &#8211; Altura 37 cm &#8211; Iluminaci\u00f3n de Calidad y Respetuosa con el Medio Ambiente<\/a><\/td>\n<td>12 \u20ac<\/td>\n<td>2 \u20ac<\/td>\n<\/tr>\n<tr>\n<td>MARKETPLACES<\/td>\n<td><a class=\"ljoptimizer\" href=\"https:\/\/www.amazon.es\/dp\/B01LYOF6IM?tag=amazon087683-21&amp;th=1\" target=\"_blank\" rel=\"nofollow noopener\">Beldray Poubelle \u00e0 P\u00e9dale Pour Salle de Bain, 3L, Mini Ronde Avec Couvercle \u00e0 Fermeture Douce, Pour Cosm\u00e9tiques, Design Modern, Finition Blanc, LA038098WHTAEU7<\/a><\/td>\n<td>11 \u20ac<\/td>\n<td>2 \u20ac<\/td>\n<\/tr>\n<tr>\n<td>MARKETPLACES<\/td>\n<td><a class=\"ljoptimizer\" href=\"https:\/\/www.amazon.es\/dp\/B06X9NQ8GX?tag=amazon087683-21&amp;th=1\" target=\"_blank\" rel=\"nofollow noopener\">Amazon Basics Digitale K\u00fcchenwaage mit LCD-Anzeige (mit Batterien), Edelstahl, BPA-frei, Wiegt bis zu 11 Pfund, Schwarz<\/a><\/td>\n<td>9 \u20ac<\/td>\n<td>2 \u20ac<\/td>\n<\/tr>\n<tr>\n<td>MARKETPLACES<\/td>\n<td><a class=\"ljoptimizer\" href=\"https:\/\/www.amazon.es\/dp\/B0CPM8C3X9?tag=amazon087683-21&amp;th=1\" target=\"_blank\" rel=\"nofollow noopener\">GRIFEMA GD101-1 Luce Notturna per Bambini 3 Livelli di Luminosit\u00e0 Regolabili, Luce Notturna con Sensore di Luce per Cameretta, Bagno, Corridoio, Cucina, Scale, 2700K Bianco Caldo<\/a><\/td>\n<td>7 \u20ac<\/td>\n<td>1 \u20ac<\/td>\n<\/tr>\n<tr>\n<td>MARKETPLACES<\/td>\n<td><a class=\"ljoptimizer\" href=\"https:\/\/www.amazon.es\/dp\/B004GO9M50?tag=amazon087683-21&amp;th=1\" target=\"_blank\" rel=\"nofollow noopener\">patisse 10076 Minuteur Oeuf<\/a><\/td>\n<td>7 \u20ac<\/td>\n<td>1 \u20ac<\/td>\n<\/tr>\n<\/tbody>\n<\/table>\n","protected":false},"excerpt":{"rendered":"<p>Pal\u00e9 de Mascota sin revisar procedente de devoluciones de marketplaces<\/p>\n<ul>\n<li>N\u00famero de productos: 17<\/li>\n<li>Valor aproximado: 367.00<\/li>\n<li>Porcentaje que se paga: 16% + IVA<\/li>\n<li>Tiempo de entrega estimado: 3 a 7 d\u00edas<\/li>\n<\/ul>\n<p>*Los precios incluyen IVA<\/p>\n","protected":false},"featured_media":154673,"template":"","meta":{"site-sidebar-layout":"default","site-content-layout":"","ast-site-content-layout":"default","site-content-style":"default","site-sidebar-style":"default","ast-global-header-display":"","ast-banner-title-visibility":"","ast-main-header-display":"","ast-hfb-above-header-display":"","ast-hfb-below-header-display":"","ast-hfb-mobile-header-display":"","site-post-title":"","ast-breadcrumbs-content":"","ast-featured-img":"","footer-sml-layout":"","ast-disable-related-posts":"","theme-transparent-header-meta":"default","adv-header-id-meta":"","stick-header-meta":"","header-above-stick-meta":"","header-main-stick-meta":"","header-below-stick-meta":"","astra-migrate-meta-layouts":"set","ast-page-background-enabled":"default","ast-page-background-meta":{"desktop":{"background-color":"var(--ast-global-color-4)","background-image":"","background-repeat":"repeat","background-position":"center center","background-size":"auto","background-attachment":"scroll","background-type":"","background-media":"","overlay-type":"","overlay-color":"","overlay-opacity":"","overlay-gradient":""},"tablet":{"background-color":"","background-image":"","background-repeat":"repeat","background-position":"center center","background-size":"auto","background-attachment":"scroll","background-type":"","background-media":"","overlay-type":"","overlay-color":"","overlay-opacity":"","overlay-gradient":""},"mobile":{"background-color":"","background-image":"","background-repeat":"repeat","background-position":"center center","background-size":"auto","background-attachment":"scroll","background-type":"","background-media":"","overlay-type":"","overlay-color":"","overlay-opacity":"","overlay-gradient":""}},"ast-content-background-meta":{"desktop":{"background-color":"var(--ast-global-color-5)","background-image":"","background-repeat":"repeat","background-position":"center center","background-size":"auto","background-attachment":"scroll","background-type":"","background-media":"","overlay-type":"","overlay-color":"","overlay-opacity":"","overlay-gradient":""},"tablet":{"background-color":"var(--ast-global-color-5)","background-image":"","background-repeat":"repeat","background-position":"center center","background-size":"auto","background-attachment":"scroll","background-type":"","background-media":"","overlay-type":"","overlay-color":"","overlay-opacity":"","overlay-gradient":""},"mobile":{"background-color":"var(--ast-global-color-5)","background-image":"","background-repeat":"repeat","background-position":"center center","background-size":"auto","background-attachment":"scroll","background-type":"","background-media":"","overlay-type":"","overlay-color":"","overlay-opacity":"","overlay-gradient":""}}},"product_brand":[],"product_cat":[55,65],"product_tag":[],"class_list":{"0":"post-154541","1":"product","2":"type-product","3":"status-publish","4":"has-post-thumbnail","6":"product_cat-mascotas","7":"product_cat-pales","8":"product_shipping_class-pale","9":"desktop-align-left","10":"tablet-align-left","11":"mobile-align-left","13":"first","14":"outofstock","15":"sale","16":"downloadable","17":"taxable","18":"shipping-taxable","19":"purchasable","20":"product-type-simple"},"yoast_head":"<!-- This site is optimized with the Yoast SEO plugin v27.2 - https:\/\/yoast.com\/product\/yoast-seo-wordpress\/ -->\n<title>Pal\u00e9 de Mascota [17 productos] (10220038) - Comprardevoluciones - Tu tienda de Devoluciones de Amazon<\/title>\n<meta name=\"robots\" content=\"noindex, follow\" \/>\n<meta property=\"og:locale\" content=\"it_IT\" \/>\n<meta property=\"og:type\" content=\"article\" \/>\n<meta property=\"og:title\" content=\"Pal\u00e9 de Mascota [17 productos] (10220038) - Comprardevoluciones - Tu tienda de Devoluciones de Amazon\" \/>\n<meta property=\"og:description\" content=\"Pal\u00e9 de Mascota sin revisar procedente de devoluciones de marketplaces   N\u00famero de productos: 17  Valor aproximado: 367.00  Porcentaje que se paga: 16% + IVA  Tiempo de entrega estimado: 3 a 7 d\u00edas  *Los precios incluyen IVA\" \/>\n<meta property=\"og:url\" content=\"https:\/\/comprardevoluciones.com\/producto\/10220038\/\" \/>\n<meta property=\"og:site_name\" content=\"Comprardevoluciones - Tu tienda de Devoluciones de Amazon\" \/>\n<meta property=\"article:modified_time\" content=\"2026-02-25T18:48:29+00:00\" \/>\n<meta property=\"og:image\" content=\"https:\/\/comprardevoluciones.com\/wp-content\/uploads\/2026\/01\/10220038.jpg\" \/>\n\t<meta property=\"og:image:width\" content=\"700\" \/>\n\t<meta property=\"og:image:height\" content=\"700\" \/>\n\t<meta property=\"og:image:type\" content=\"image\/jpeg\" \/>\n<meta name=\"twitter:card\" content=\"summary_large_image\" \/>\n<meta name=\"twitter:label1\" content=\"Tempo di lettura stimato\" \/>\n\t<meta name=\"twitter:data1\" content=\"3 minuti\" \/>\n<script type=\"application\/ld+json\" class=\"yoast-schema-graph\">{\"@context\":\"https:\/\/schema.org\",\"@graph\":[{\"@type\":\"WebPage\",\"@id\":\"https:\/\/comprardevoluciones.com\/producto\/10220038\/\",\"url\":\"https:\/\/comprardevoluciones.com\/producto\/10220038\/\",\"name\":\"Pal\u00e9 de Mascota [17 productos] (10220038) - Comprardevoluciones - Tu tienda de Devoluciones de Amazon\",\"isPartOf\":{\"@id\":\"https:\/\/comprardevoluciones.com\/#website\"},\"primaryImageOfPage\":{\"@id\":\"https:\/\/comprardevoluciones.com\/producto\/10220038\/#primaryimage\"},\"image\":{\"@id\":\"https:\/\/comprardevoluciones.com\/producto\/10220038\/#primaryimage\"},\"thumbnailUrl\":\"https:\/\/comprardevoluciones.com\/wp-content\/uploads\/2026\/01\/10220038.jpg\",\"datePublished\":\"2026-01-13T13:00:44+00:00\",\"dateModified\":\"2026-02-25T18:48:29+00:00\",\"breadcrumb\":{\"@id\":\"https:\/\/comprardevoluciones.com\/producto\/10220038\/#breadcrumb\"},\"inLanguage\":\"it-IT\",\"potentialAction\":[{\"@type\":\"ReadAction\",\"target\":[\"https:\/\/comprardevoluciones.com\/producto\/10220038\/\"]}]},{\"@type\":\"ImageObject\",\"inLanguage\":\"it-IT\",\"@id\":\"https:\/\/comprardevoluciones.com\/producto\/10220038\/#primaryimage\",\"url\":\"https:\/\/comprardevoluciones.com\/wp-content\/uploads\/2026\/01\/10220038.jpg\",\"contentUrl\":\"https:\/\/comprardevoluciones.com\/wp-content\/uploads\/2026\/01\/10220038.jpg\",\"width\":700,\"height\":700},{\"@type\":\"BreadcrumbList\",\"@id\":\"https:\/\/comprardevoluciones.com\/producto\/10220038\/#breadcrumb\",\"itemListElement\":[{\"@type\":\"ListItem\",\"position\":1,\"name\":\"Portada\",\"item\":\"https:\/\/comprardevoluciones.com\/it\/\"},{\"@type\":\"ListItem\",\"position\":2,\"name\":\"Negozio\",\"item\":\"https:\/\/comprardevoluciones.com\/it\/negozio\/\"},{\"@type\":\"ListItem\",\"position\":3,\"name\":\"Pal\u00e9 de Mascota [17 productos] (10220038)\"}]},{\"@type\":\"WebSite\",\"@id\":\"https:\/\/comprardevoluciones.com\/#website\",\"url\":\"https:\/\/comprardevoluciones.com\/\",\"name\":\"Comprardevoluciones - Tu tienda de Devoluciones de Amazon\",\"description\":\"Consigue Stock en buen estado a un precio imbatible\",\"potentialAction\":[{\"@type\":\"SearchAction\",\"target\":{\"@type\":\"EntryPoint\",\"urlTemplate\":\"https:\/\/comprardevoluciones.com\/?s={search_term_string}\"},\"query-input\":{\"@type\":\"PropertyValueSpecification\",\"valueRequired\":true,\"valueName\":\"search_term_string\"}}],\"inLanguage\":\"it-IT\"}]}<\/script>\n<!-- \/ Yoast SEO plugin. -->","yoast_head_json":{"title":"Pal\u00e9 de Mascota [17 productos] (10220038) - Comprardevoluciones - Tu tienda de Devoluciones de Amazon","robots":{"index":"noindex","follow":"follow"},"og_locale":"it_IT","og_type":"article","og_title":"Pal\u00e9 de Mascota [17 productos] (10220038) - Comprardevoluciones - Tu tienda de Devoluciones de Amazon","og_description":"Pal\u00e9 de Mascota sin revisar procedente de devoluciones de marketplaces   N\u00famero de productos: 17  Valor aproximado: 367.00  Porcentaje que se paga: 16% + IVA  Tiempo de entrega estimado: 3 a 7 d\u00edas  *Los precios incluyen IVA","og_url":"https:\/\/comprardevoluciones.com\/producto\/10220038\/","og_site_name":"Comprardevoluciones - Tu tienda de Devoluciones de Amazon","article_modified_time":"2026-02-25T18:48:29+00:00","og_image":[{"width":700,"height":700,"url":"https:\/\/comprardevoluciones.com\/wp-content\/uploads\/2026\/01\/10220038.jpg","type":"image\/jpeg"}],"twitter_card":"summary_large_image","twitter_misc":{"Tempo di lettura stimato":"3 minuti"},"schema":{"@context":"https:\/\/schema.org","@graph":[{"@type":"WebPage","@id":"https:\/\/comprardevoluciones.com\/producto\/10220038\/","url":"https:\/\/comprardevoluciones.com\/producto\/10220038\/","name":"Pal\u00e9 de Mascota [17 productos] (10220038) - Comprardevoluciones - Tu tienda de Devoluciones de Amazon","isPartOf":{"@id":"https:\/\/comprardevoluciones.com\/#website"},"primaryImageOfPage":{"@id":"https:\/\/comprardevoluciones.com\/producto\/10220038\/#primaryimage"},"image":{"@id":"https:\/\/comprardevoluciones.com\/producto\/10220038\/#primaryimage"},"thumbnailUrl":"https:\/\/comprardevoluciones.com\/wp-content\/uploads\/2026\/01\/10220038.jpg","datePublished":"2026-01-13T13:00:44+00:00","dateModified":"2026-02-25T18:48:29+00:00","breadcrumb":{"@id":"https:\/\/comprardevoluciones.com\/producto\/10220038\/#breadcrumb"},"inLanguage":"it-IT","potentialAction":[{"@type":"ReadAction","target":["https:\/\/comprardevoluciones.com\/producto\/10220038\/"]}]},{"@type":"ImageObject","inLanguage":"it-IT","@id":"https:\/\/comprardevoluciones.com\/producto\/10220038\/#primaryimage","url":"https:\/\/comprardevoluciones.com\/wp-content\/uploads\/2026\/01\/10220038.jpg","contentUrl":"https:\/\/comprardevoluciones.com\/wp-content\/uploads\/2026\/01\/10220038.jpg","width":700,"height":700},{"@type":"BreadcrumbList","@id":"https:\/\/comprardevoluciones.com\/producto\/10220038\/#breadcrumb","itemListElement":[{"@type":"ListItem","position":1,"name":"Portada","item":"https:\/\/comprardevoluciones.com\/it\/"},{"@type":"ListItem","position":2,"name":"Negozio","item":"https:\/\/comprardevoluciones.com\/it\/negozio\/"},{"@type":"ListItem","position":3,"name":"Pal\u00e9 de Mascota [17 productos] (10220038)"}]},{"@type":"WebSite","@id":"https:\/\/comprardevoluciones.com\/#website","url":"https:\/\/comprardevoluciones.com\/","name":"Comprardevoluciones - Tu tienda de Devoluciones de Amazon","description":"Consigue Stock en buen estado a un precio imbatible","potentialAction":[{"@type":"SearchAction","target":{"@type":"EntryPoint","urlTemplate":"https:\/\/comprardevoluciones.com\/?s={search_term_string}"},"query-input":{"@type":"PropertyValueSpecification","valueRequired":true,"valueName":"search_term_string"}}],"inLanguage":"it-IT"}]}},"_links":{"self":[{"href":"https:\/\/comprardevoluciones.com\/it\/wp-json\/wp\/v2\/product\/154541","targetHints":{"allow":["GET"]}}],"collection":[{"href":"https:\/\/comprardevoluciones.com\/it\/wp-json\/wp\/v2\/product"}],"about":[{"href":"https:\/\/comprardevoluciones.com\/it\/wp-json\/wp\/v2\/types\/product"}],"wp:featuredmedia":[{"embeddable":true,"href":"https:\/\/comprardevoluciones.com\/it\/wp-json\/wp\/v2\/media\/154673"}],"wp:attachment":[{"href":"https:\/\/comprardevoluciones.com\/it\/wp-json\/wp\/v2\/media?parent=154541"}],"wp:term":[{"taxonomy":"product_brand","embeddable":true,"href":"https:\/\/comprardevoluciones.com\/it\/wp-json\/wp\/v2\/product_brand?post=154541"},{"taxonomy":"product_cat","embeddable":true,"href":"https:\/\/comprardevoluciones.com\/it\/wp-json\/wp\/v2\/product_cat?post=154541"},{"taxonomy":"product_tag","embeddable":true,"href":"https:\/\/comprardevoluciones.com\/it\/wp-json\/wp\/v2\/product_tag?post=154541"}],"curies":[{"name":"wp","href":"https:\/\/api.w.org\/{rel}","templated":true}]}}